{"id":148,"date":"2024-10-09T15:24:09","date_gmt":"2024-10-09T18:24:09","guid":{"rendered":"https:\/\/propesp.uepa.br\/ppgeeca\/?page_id=148"},"modified":"2025-09-03T14:48:27","modified_gmt":"2025-09-03T17:48:27","slug":"objetivos","status":"publish","type":"page","link":"https:\/\/propesp.uepa.br\/ppgeeca\/objetivos\/","title":{"rendered":"Objetivos"},"content":{"rendered":"\n<p style=\"margin-right:var(--wp--preset--spacing--30);margin-left:var(--wp--preset--spacing--30);font-size:21px\"><mark style=\"background-color:rgba(0, 0, 0, 0);color:#000000\" class=\"has-inline-color\"><strong>I. <\/strong>Contribuir para a melhoria da pr\u00e1tica profissional do professor de Ci\u00eancias Naturais das diversas regi\u00f5es do estado do Par\u00e1, possibilitando a forma\u00e7\u00e3o da autonomia intelectual e sociocultural.<\/mark><\/p>\n\n\n\n<p style=\"margin-right:var(--wp--preset--spacing--30);margin-left:var(--wp--preset--spacing--30);font-size:21px\"><mark style=\"background-color:rgba(0, 0, 0, 0);color:#000000\" class=\"has-inline-color\"><strong>II.&nbsp;<\/strong>Capacitar professores para pr\u00e1tica de novos procedimentos did\u00e1ticos e atualizar em conte\u00fados recentes para atuar segundo as suas necessidades nacional, regional e local, na perspectiva do professor-pesquisador de sua pr\u00f3pria pr\u00e1tica profissional, voltado ao desenvolvimento de propostas inovadoras de ensino e pesquisas interdisciplinares, as quais contribuam significativamente para o processo ensino e aprendizagem nos n\u00edveis educativo fundamental e m\u00e9dio.<\/mark><\/p>\n\n\n\n<p style=\"margin-right:var(--wp--preset--spacing--30);margin-left:var(--wp--preset--spacing--30);font-size:21px\"><mark style=\"background-color:rgba(0, 0, 0, 0);color:#000000\" class=\"has-inline-color\"><strong>III.<\/strong>&nbsp;Transferir diferentes metodologias e tecnologias atuais, que fundamentam o processo de ensino e aprendizagem de ci\u00eancias, atrav\u00e9s de ferramentas para o desenvolvimento das pr\u00e1xis educativas no ensino de ci\u00eancias, ou seja, sobre \u00e0s necessidades educativas, cient\u00edficas e sociais para aplica\u00e7\u00e3o no mundo do trabalho.<\/mark><\/p>\n\n\n\n<p style=\"margin-right:var(--wp--preset--spacing--30);margin-left:var(--wp--preset--spacing--30);font-size:21px\"><mark style=\"background-color:rgba(0, 0, 0, 0);color:#000000\" class=\"has-inline-color\"><strong>IV.&nbsp;<\/strong>Integrar o Programa na din\u00e2mica da Universidade, marcando sua presen\u00e7a cr\u00edtica e transformadora da realidade da Regi\u00e3o Norte.<\/mark><\/p>\n\n\n\n<p style=\"margin-right:var(--wp--preset--spacing--30);margin-left:var(--wp--preset--spacing--30);font-size:21px\"><mark style=\"background-color:rgba(0, 0, 0, 0);color:#000000\" class=\"has-inline-color\"><strong>V.&nbsp;<\/strong>Manter contato e colaborar com centros de pesquisa nacionais e estrangeiros que atuam no \u00e2mbito da Educa\u00e7\u00e3o e Ensino de Ci\u00eancias Naturais.<\/mark><\/p>\n\n\n\n<p style=\"margin-right:var(--wp--preset--spacing--30);margin-left:var(--wp--preset--spacing--30);font-size:21px\"><mark style=\"background-color:rgba(0, 0, 0, 0);color:#000000\" class=\"has-inline-color\"><strong>VI.<\/strong>\u00a0Conferir os graus de Mestre Profissional em Educa\u00e7\u00e3o e Ensino de Ci\u00eancias Naturais, mediante o cumprimento das exig\u00eancias did\u00e1tico-cient\u00edficas do Programa.<\/mark><\/p>\n","protected":false},"excerpt":{"rendered":"<p>I. Contribuir para a melhoria da pr\u00e1tica profissional do professor de Ci\u00eancias Naturais das diversas regi\u00f5es do estado do Par\u00e1, possibilitando a forma\u00e7\u00e3o da autonomia intelectual e sociocultural. II.&nbsp;Capacitar professores para pr\u00e1tica de novos procedimentos did\u00e1ticos e atualizar em conte\u00fados recentes para atuar segundo as suas necessidades nacional, regional e local, na perspectiva do professor-pesquisador [&hellip;]<\/p>\n","protected":false},"author":1,"featured_media":0,"parent":0,"menu_order":0,"comment_status":"closed","ping_status":"closed","template":"","meta":{"_uag_custom_page_level_css":"","site-sidebar-layout":"default","site-content-layout":"","ast-site-content-layout":"","site-content-style":"default","site-sidebar-style":"default","ast-global-header-display":"","ast-banner-title-visibility":"","ast-main-header-display":"","ast-hfb-above-header-display":"","ast-hfb-below-header-display":"","ast-hfb-mobile-header-display":"","site-post-title":"","ast-breadcrumbs-content":"","ast-featured-img":"","footer-sml-layout":"","theme-transparent-header-meta":"","adv-header-id-meta":"","stick-header-meta":"","header-above-stick-meta":"","header-main-stick-meta":"","header-below-stick-meta":"","astra-migrate-meta-layouts":"default","ast-page-background-enabled":"default","ast-page-background-meta":{"desktop":{"background-color":"var(--ast-global-color-4)","background-image":"","background-repeat":"repeat","background-position":"center center","background-size":"auto","background-attachment":"scroll","background-type":"","background-media":"","overlay-type":"","overlay-color":"","overlay-opacity":"","overlay-gradient":""},"tablet":{"background-color":"","background-image":"","background-repeat":"repeat","background-position":"center center","background-size":"auto","background-attachment":"scroll","background-type":"","background-media":"","overlay-type":"","overlay-color":"","overlay-opacity":"","overlay-gradient":""},"mobile":{"background-color":"","background-image":"","background-repeat":"repeat","background-position":"center center","background-size":"auto","background-attachment":"scroll","background-type":"","background-media":"","overlay-type":"","overlay-color":"","overlay-opacity":"","overlay-gradient":""}},"ast-content-background-meta":{"desktop":{"background-color":"var(--ast-global-color-5)","background-image":"","background-repeat":"repeat","background-position":"center center","background-size":"auto","background-attachment":"scroll","background-type":"","background-media":"","overlay-type":"","overlay-color":"","overlay-opacity":"","overlay-gradient":""},"tablet":{"background-color":"var(--ast-global-color-5)","background-image":"","background-repeat":"repeat","background-position":"center center","background-size":"auto","background-attachment":"scroll","background-type":"","background-media":"","overlay-type":"","overlay-color":"","overlay-opacity":"","overlay-gradient":""},"mobile":{"background-color":"var(--ast-global-color-5)","background-image":"","background-repeat":"repeat","background-position":"center center","background-size":"auto","background-attachment":"scroll","background-type":"","background-media":"","overlay-type":"","overlay-color":"","overlay-opacity":"","overlay-gradient":""}},"footnotes":""},"class_list":["post-148","page","type-page","status-publish","hentry"],"uagb_featured_image_src":{"full":false,"thumbnail":false,"medium":false,"medium_large":false,"large":false,"1536x1536":false,"2048x2048":false},"uagb_author_info":{"display_name":"adminsites@uepa.br","author_link":"https:\/\/propesp.uepa.br\/ppgeeca\/author\/adminsitesuepa-br\/"},"uagb_comment_info":0,"uagb_excerpt":"I. Contribuir para a melhoria da pr\u00e1tica profissional do professor de Ci\u00eancias Naturais das diversas regi\u00f5es do estado do Par\u00e1, possibilitando a forma\u00e7\u00e3o da autonomia intelectual e sociocultural. II.&nbsp;Capacitar professores para pr\u00e1tica de novos procedimentos did\u00e1ticos e atualizar em conte\u00fados recentes para atuar segundo as suas necessidades nacional, regional e local, na perspectiva do professor-pesquisador&hellip;","_links":{"self":[{"href":"https:\/\/propesp.uepa.br\/ppgeeca\/wp-json\/wp\/v2\/pages\/148","targetHints":{"allow":["GET"]}}],"collection":[{"href":"https:\/\/propesp.uepa.br\/ppgeeca\/wp-json\/wp\/v2\/pages"}],"about":[{"href":"https:\/\/propesp.uepa.br\/ppgeeca\/wp-json\/wp\/v2\/types\/page"}],"author":[{"embeddable":true,"href":"https:\/\/propesp.uepa.br\/ppgeeca\/wp-json\/wp\/v2\/users\/1"}],"replies":[{"embeddable":true,"href":"https:\/\/propesp.uepa.br\/ppgeeca\/wp-json\/wp\/v2\/comments?post=148"}],"version-history":[{"count":32,"href":"https:\/\/propesp.uepa.br\/ppgeeca\/wp-json\/wp\/v2\/pages\/148\/revisions"}],"predecessor-version":[{"id":5349,"href":"https:\/\/propesp.uepa.br\/ppgeeca\/wp-json\/wp\/v2\/pages\/148\/revisions\/5349"}],"wp:attachment":[{"href":"https:\/\/propesp.uepa.br\/ppgeeca\/wp-json\/wp\/v2\/media?parent=148"}],"curies":[{"name":"wp","href":"https:\/\/api.w.org\/{rel}","templated":true}]}}