{"id":158,"date":"2024-10-09T15:25:36","date_gmt":"2024-10-09T18:25:36","guid":{"rendered":"https:\/\/propesp.uepa.br\/ppgeeca\/?page_id=158"},"modified":"2025-08-19T15:17:01","modified_gmt":"2025-08-19T18:17:01","slug":"linhas-de-pesquisa","status":"publish","type":"page","link":"https:\/\/propesp.uepa.br\/ppgeeca\/linhas-de-pesquisa\/","title":{"rendered":"Linhas de Pesquisa"},"content":{"rendered":"\n<h4 class=\"wp-block-heading has-text-align-left has-text-color has-link-color wp-elements-078198cfd14eaa33c6293d83a11e0cb6\" style=\"color:#386d04;padding-top:0;padding-right:0;padding-bottom:0;padding-left:0\">LINHA DE PESQUISA 1<\/h4>\n\n\n\n<div class=\"wp-block-uagb-separator uagb-block-e4c5f384\"><div class=\"wp-block-uagb-separator__inner\" style=\"--my-background-image:\"><\/div><\/div>\n\n\n\n<p><\/p>\n\n\n\n<p class=\"has-text-align-center has-black-color has-text-color has-link-color wp-elements-0ce4ec8ab0b3c7d1b344a264844778ca\" style=\"margin-top:var(--wp--preset--spacing--20);margin-right:0;margin-bottom:var(--wp--preset--spacing--20);margin-left:0;font-size:21px\"><strong>Forma\u00e7\u00e3o de Professores de Ci\u00eancias e Processo de Ensino e Aprendizagem em Diversos Contextos Amaz\u00f4nicos<\/strong><\/p>\n\n\n\n<p><\/p>\n\n\n\n<p class=\"has-black-color has-text-color has-link-color wp-elements-a2ac2faabb568c01a3df3bab167f85d3\" style=\"font-size:21px\"><strong>Descri\u00e7\u00e3o:<\/strong>\u00a0Esta linha de pesquisa abrange projetos de pesquisa e desenvolvimento de processos ou produtos educacionais voltados para a forma\u00e7\u00e3o de professores de Ci\u00eancias da Educa\u00e7\u00e3o B\u00e1sica em espa\u00e7os formais e n\u00e3o formais. Consideram-se, neste contexto, as perspectivas curriculares para o ensino e a aprendizagem de Ci\u00eancias, bem como as pr\u00e1ticas pedag\u00f3gicas voltadas \u00e0 constru\u00e7\u00e3o de saberes nos processos de desenvolvimento profissional, incluindo a pesquisa sobre a pr\u00f3pria pr\u00e1tica.<\/p>\n\n\n\n<h5 class=\"wp-block-heading\" style=\"margin-top:20px;font-size:21px\">\u00c1reas de Interesse<\/h5>\n\n\n\n<ul style=\"font-size:21px\" class=\"wp-block-list has-black-color has-text-color has-link-color wp-elements-cff8412d979b62b5818182581a8fbf3b\">\n<li class=\"has-black-color has-text-color has-link-color wp-elements-e42275366b88a1fbfa64cc90d65d1758\">Desenvolvimento de produtos e processos formativos baseados em abordagens da Hist\u00f3ria da Ci\u00eancia e suas inter-rela\u00e7\u00f5es epistemol\u00f3gicas com a Natureza da Ci\u00eancia aplicadas ao ensino;<\/li>\n\n\n\n<li class=\"has-black-color has-text-color has-link-color wp-elements-77324c50a22cff364b27a62952916a78\">Produ\u00e7\u00e3o e avalia\u00e7\u00e3o de recursos did\u00e1ticos que subsidiem a pr\u00e1tica docente e a media\u00e7\u00e3o do processo de ensino e aprendizagem em espa\u00e7os formais e n\u00e3o formais;<\/li>\n\n\n\n<li class=\"has-black-color has-text-color has-link-color wp-elements-be03357bfe662582840edd3214e535d0\">Constru\u00e7\u00e3o de habilidades argumentativas e capacidades de resolver problemas em aulas de Ci\u00eancias Naturais;<\/li>\n\n\n\n<li class=\"has-black-color has-text-color has-link-color wp-elements-486dd8195400d9c96f5b6303c922e6c7\">Cria\u00e7\u00e3o e utiliza\u00e7\u00e3o de espa\u00e7os e recursos de divulga\u00e7\u00e3o cient\u00edfica para o ensino de Ci\u00eancias Naturais;<\/li>\n\n\n\n<li class=\"has-black-color has-text-color has-link-color wp-elements-b2338e9c416492ef0bfb870538b3dc05\">Estudo dos saberes docentes e pr\u00e1ticas reflexivas no \u00e2mbito da atua\u00e7\u00e3o pedag\u00f3gica de professores em espa\u00e7os formais e n\u00e3o formais;<\/li>\n\n\n\n<li class=\"has-black-color has-text-color has-link-color wp-elements-81285c0d13f3e09eead53caa3ddec7af\">Estudo de temas contempor\u00e2neos, transversais e diversidade na forma\u00e7\u00e3o de professores de Ci\u00eancias Naturais;<\/li>\n\n\n\n<li class=\"has-black-color has-text-color has-link-color wp-elements-93936c734627deb678dd487e8aa951be\">Discuss\u00e3o e elabora\u00e7\u00e3o de propostas de forma\u00e7\u00e3o continuada para professores voltadas ao ensino de Astronomia;<\/li>\n\n\n\n<li class=\"has-black-color has-text-color has-link-color wp-elements-0f3fd2ef188be2e0f7b72f18c7dbf50f\">Desenvolvimento de modelos e m\u00e9todos de avalia\u00e7\u00e3o da aprendizagem aplicados aos contextos educacionais da Amaz\u00f4nia.<\/li>\n<\/ul>\n\n\n\n<div class=\"wp-block-uagb-separator uagb-block-f9366fef\"><div class=\"wp-block-uagb-separator__inner\" style=\"--my-background-image:\"><\/div><\/div>\n\n\n\n<p><\/p>\n\n\n\n<h4 class=\"wp-block-heading has-text-align-left has-text-color has-link-color wp-elements-0c00cd410f8e52d9d5d74da908b6bea0\" style=\"color:#386d04;padding-top:0;padding-right:0;padding-bottom:0;padding-left:0\">LINHA DE PESQUISA 2<\/h4>\n\n\n\n<div class=\"wp-block-uagb-separator uagb-block-52caeecb\"><div class=\"wp-block-uagb-separator__inner\" style=\"--my-background-image:\"><\/div><\/div>\n\n\n\n<p><\/p>\n\n\n\n<p class=\"has-text-align-center has-black-color has-text-color has-link-color wp-elements-2d5dfc2303c45bc5f295adcb8b644477\" style=\"margin-top:var(--wp--preset--spacing--20);margin-right:0;margin-bottom:var(--wp--preset--spacing--20);margin-left:0;font-size:21px\"><strong>Estrat\u00e9gias Educativas para o Ensino de Ci\u00eancias Naturais na Amaz\u00f4nia<\/strong><\/p>\n\n\n\n<p><\/p>\n\n\n\n<p class=\"has-black-color has-text-color has-link-color wp-elements-c27a5ffcceb1056054ac0f492ad37df4\" style=\"font-size:21px\"><strong>Descri\u00e7\u00e3o:<\/strong>\u00a0Esta linha de pesquisa investiga, produz, avalia e implementa estrat\u00e9gias did\u00e1tico-pedag\u00f3gicas fundamentadas em teorias e metodologias que visam promover o ensino de Ci\u00eancias Naturais por meio da resolu\u00e7\u00e3o de problemas educacionais. As metodologias e os recursos educacionais desenvolvidos ou estudados s\u00e3o aplicados em contextos reais de ensino e aprendizagem, buscando avaliar sua efic\u00e1cia como ferramentas de apoio \u00e0 pr\u00e1tica docente e \u00e0 constru\u00e7\u00e3o do conhecimento pelos alunos. <\/p>\n\n\n\n<h5 class=\"wp-block-heading has-black-color has-text-color has-link-color wp-elements-25bdaea1c87ebe1085a24c3942c801c2\" style=\"margin-top:20px;font-size:21px\">\u00c1reas de Interesse<\/h5>\n\n\n\n<ul class=\"wp-block-list has-black-color has-text-color has-link-color wp-elements-2de8d6d460e961606b66d11fab2e6777\">\n<li style=\"font-size:21px\">Desenvolvimento de pr\u00e1ticas e experimentos com enfoque nos recursos e produtos naturais da Amaz\u00f4nia;<\/li>\n\n\n\n<li style=\"font-size:21px\">Desenvolvimento de metodologias ativas, como a aprendizagem baseada em projetos ou problemas, entre outras, para a promo\u00e7\u00e3o da educa\u00e7\u00e3o em Ci\u00eancias;<\/li>\n\n\n\n<li style=\"font-size:21px\">Gera\u00e7\u00e3o de produtos educacionais contextualizados, adequando-os aos curr\u00edculos escolares de diferentes contextos socioambientais presentes na Amaz\u00f4nia;<\/li>\n\n\n\n<li style=\"font-size:21px\">Elabora\u00e7\u00e3o e valida\u00e7\u00e3o de propostas did\u00e1ticas que estimulem o car\u00e1ter investigativo e a autonomia do aluno durante o processo de constru\u00e7\u00e3o do conhecimento em Ci\u00eancias Naturais;<\/li>\n\n\n\n<li style=\"font-size:21px\">Produ\u00e7\u00e3o de materiais did\u00e1ticos para o ensino de Ci\u00eancias, considerando o contexto socioambiental amaz\u00f4nico (sequ\u00eancias did\u00e1ticas, experimentos, entre outros), com enfoque interdisciplinar;<\/li>\n\n\n\n<li style=\"font-size:21px\">Desenvolvimento de metodologias com enfoque em Tecnologias da Informa\u00e7\u00e3o e Comunica\u00e7\u00e3o para a educa\u00e7\u00e3o em Ci\u00eancias;<\/li>\n<\/ul>\n","protected":false},"excerpt":{"rendered":"<p>LINHA DE PESQUISA 1 Forma\u00e7\u00e3o de Professores de Ci\u00eancias e Processo de Ensino e Aprendizagem em Diversos Contextos Amaz\u00f4nicos Descri\u00e7\u00e3o:\u00a0Esta linha de pesquisa abrange projetos de pesquisa e desenvolvimento de processos ou produtos educacionais voltados para a forma\u00e7\u00e3o de professores de Ci\u00eancias da Educa\u00e7\u00e3o B\u00e1sica em espa\u00e7os formais e n\u00e3o formais. Consideram-se, neste contexto, as [&hellip;]<\/p>\n","protected":false},"author":1,"featured_media":0,"parent":0,"menu_order":0,"comment_status":"closed","ping_status":"closed","template":"","meta":{"_uag_custom_page_level_css":"","site-sidebar-layout":"default","site-content-layout":"","ast-site-content-layout":"","site-content-style":"default","site-sidebar-style":"default","ast-global-header-display":"","ast-banner-title-visibility":"","ast-main-header-display":"","ast-hfb-above-header-display":"","ast-hfb-below-header-display":"","ast-hfb-mobile-header-display":"","site-post-title":"","ast-breadcrumbs-content":"","ast-featured-img":"","footer-sml-layout":"","theme-transparent-header-meta":"","adv-header-id-meta":"","stick-header-meta":"","header-above-stick-meta":"","header-main-stick-meta":"","header-below-stick-meta":"","astra-migrate-meta-layouts":"default","ast-page-background-enabled":"default","ast-page-background-meta":{"desktop":{"background-color":"var(--ast-global-color-4)","background-image":"","background-repeat":"repeat","background-position":"center center","background-size":"auto","background-attachment":"scroll","background-type":"","background-media":"","overlay-type":"","overlay-color":"","overlay-opacity":"","overlay-gradient":""},"tablet":{"background-color":"","background-image":"","background-repeat":"repeat","background-position":"center center","background-size":"auto","background-attachment":"scroll","background-type":"","background-media":"","overlay-type":"","overlay-color":"","overlay-opacity":"","overlay-gradient":""},"mobile":{"background-color":"","background-image":"","background-repeat":"repeat","background-position":"center center","background-size":"auto","background-attachment":"scroll","background-type":"","background-media":"","overlay-type":"","overlay-color":"","overlay-opacity":"","overlay-gradient":""}},"ast-content-background-meta":{"desktop":{"background-color":"var(--ast-global-color-5)","background-image":"","background-repeat":"repeat","background-position":"center center","background-size":"auto","background-attachment":"scroll","background-type":"","background-media":"","overlay-type":"","overlay-color":"","overlay-opacity":"","overlay-gradient":""},"tablet":{"background-color":"var(--ast-global-color-5)","background-image":"","background-repeat":"repeat","background-position":"center center","background-size":"auto","background-attachment":"scroll","background-type":"","background-media":"","overlay-type":"","overlay-color":"","overlay-opacity":"","overlay-gradient":""},"mobile":{"background-color":"var(--ast-global-color-5)","background-image":"","background-repeat":"repeat","background-position":"center center","background-size":"auto","background-attachment":"scroll","background-type":"","background-media":"","overlay-type":"","overlay-color":"","overlay-opacity":"","overlay-gradient":""}},"footnotes":""},"class_list":["post-158","page","type-page","status-publish","hentry"],"uagb_featured_image_src":{"full":false,"thumbnail":false,"medium":false,"medium_large":false,"large":false,"1536x1536":false,"2048x2048":false},"uagb_author_info":{"display_name":"adminsites@uepa.br","author_link":"https:\/\/propesp.uepa.br\/ppgeeca\/author\/adminsitesuepa-br\/"},"uagb_comment_info":0,"uagb_excerpt":"LINHA DE PESQUISA 1 Forma\u00e7\u00e3o de Professores de Ci\u00eancias e Processo de Ensino e Aprendizagem em Diversos Contextos Amaz\u00f4nicos Descri\u00e7\u00e3o:\u00a0Esta linha de pesquisa abrange projetos de pesquisa e desenvolvimento de processos ou produtos educacionais voltados para a forma\u00e7\u00e3o de professores de Ci\u00eancias da Educa\u00e7\u00e3o B\u00e1sica em espa\u00e7os formais e n\u00e3o formais. Consideram-se, neste contexto, as&hellip;","_links":{"self":[{"href":"https:\/\/propesp.uepa.br\/ppgeeca\/wp-json\/wp\/v2\/pages\/158","targetHints":{"allow":["GET"]}}],"collection":[{"href":"https:\/\/propesp.uepa.br\/ppgeeca\/wp-json\/wp\/v2\/pages"}],"about":[{"href":"https:\/\/propesp.uepa.br\/ppgeeca\/wp-json\/wp\/v2\/types\/page"}],"author":[{"embeddable":true,"href":"https:\/\/propesp.uepa.br\/ppgeeca\/wp-json\/wp\/v2\/users\/1"}],"replies":[{"embeddable":true,"href":"https:\/\/propesp.uepa.br\/ppgeeca\/wp-json\/wp\/v2\/comments?post=158"}],"version-history":[{"count":52,"href":"https:\/\/propesp.uepa.br\/ppgeeca\/wp-json\/wp\/v2\/pages\/158\/revisions"}],"predecessor-version":[{"id":5253,"href":"https:\/\/propesp.uepa.br\/ppgeeca\/wp-json\/wp\/v2\/pages\/158\/revisions\/5253"}],"wp:attachment":[{"href":"https:\/\/propesp.uepa.br\/ppgeeca\/wp-json\/wp\/v2\/media?parent=158"}],"curies":[{"name":"wp","href":"https:\/\/api.w.org\/{rel}","templated":true}]}}