{"id":160,"date":"2024-10-09T15:25:49","date_gmt":"2024-10-09T18:25:49","guid":{"rendered":"https:\/\/propesp.uepa.br\/ppgeeca\/?page_id=160"},"modified":"2025-08-19T15:10:47","modified_gmt":"2025-08-19T18:10:47","slug":"area-de-concentracao","status":"publish","type":"page","link":"https:\/\/propesp.uepa.br\/ppgeeca\/area-de-concentracao\/","title":{"rendered":"\u00c1rea de Concentra\u00e7\u00e3o"},"content":{"rendered":"\n<h5 class=\"wp-block-heading has-text-align-center\" style=\"margin-right:var(--wp--preset--spacing--30);margin-left:var(--wp--preset--spacing--30);font-size:21px\">Ensino, Aprendizagem e Forma\u00e7\u00e3o de Professores de Ci\u00eancias na Amaz\u00f4nia<\/h5>\n\n\n\n<p style=\"margin-right:var(--wp--preset--spacing--30);margin-left:var(--wp--preset--spacing--30);font-size:21px\"><strong>Descri\u00e7\u00e3o:<\/strong>\u00a0uma \u00e1rea voltada \u00e0 produ\u00e7\u00e3o de conhecimento e desenvolvimento de estrat\u00e9gias metodol\u00f3gicas e tecnol\u00f3gicas, que visam uma melhoria da educa\u00e7\u00e3o brasileira. Esta \u00e1rea de concentra\u00e7\u00e3o compreende reflex\u00e3o e a\u00e7\u00e3o sobre o processo de ensino e aprendizagem em Ci\u00eancias Naturais, assim como, a forma\u00e7\u00e3o de professores nas perspectivas das pr\u00e1ticas, teorias e epistemologias em diferentes ambientes de ensino e aprendizagem do contexto amaz\u00f4nico. Com esses empreendimentos busca-se ampliar e aprofundar a forma\u00e7\u00e3o de profissionais do ensino de Ci\u00eancias Naturais, habilitando-os para atuar na Educa\u00e7\u00e3o B\u00e1sica, de forma inovadora, interdisciplinar e contextualizada com o contexto educacional da Amaz\u00f4nia, e atrelando as quest\u00f5es da educa\u00e7\u00e3o nacional e internacional. Os estudos estabelecidos ter\u00e3o por refer\u00eancia as rela\u00e7\u00f5es sociopol\u00edticas e culturais na constitui\u00e7\u00e3o da doc\u00eancia e suas implica\u00e7\u00f5es, a fim de promover a an\u00e1lise e desenvolvimento de recursos e estrat\u00e9gias que permitam a melhoria dos processos de ensino e de aprendizagem nos contextos da sala de aula, voltados para a resolu\u00e7\u00e3o de problemas vinculados ao ensino na Regi\u00e3o Amaz\u00f4nica, capacitando os docentes para atuar de acordo com a diversidade regional e ao mesmo atualizando os conte\u00fados disciplinares de \u00e1rea de atua\u00e7\u00e3o.<\/p>\n","protected":false},"excerpt":{"rendered":"<p>Ensino, Aprendizagem e Forma\u00e7\u00e3o de Professores de Ci\u00eancias na Amaz\u00f4nia Descri\u00e7\u00e3o:\u00a0uma \u00e1rea voltada \u00e0 produ\u00e7\u00e3o de conhecimento e desenvolvimento de estrat\u00e9gias metodol\u00f3gicas e tecnol\u00f3gicas, que visam uma melhoria da educa\u00e7\u00e3o brasileira. Esta \u00e1rea de concentra\u00e7\u00e3o compreende reflex\u00e3o e a\u00e7\u00e3o sobre o processo de ensino e aprendizagem em Ci\u00eancias Naturais, assim como, a forma\u00e7\u00e3o de professores [&hellip;]<\/p>\n","protected":false},"author":1,"featured_media":0,"parent":0,"menu_order":0,"comment_status":"closed","ping_status":"closed","template":"","meta":{"_uag_custom_page_level_css":"","site-sidebar-layout":"default","site-content-layout":"","ast-site-content-layout":"","site-content-style":"default","site-sidebar-style":"default","ast-global-header-display":"","ast-banner-title-visibility":"","ast-main-header-display":"","ast-hfb-above-header-display":"","ast-hfb-below-header-display":"","ast-hfb-mobile-header-display":"","site-post-title":"","ast-breadcrumbs-content":"","ast-featured-img":"","footer-sml-layout":"","theme-transparent-header-meta":"","adv-header-id-meta":"","stick-header-meta":"","header-above-stick-meta":"","header-main-stick-meta":"","header-below-stick-meta":"","astra-migrate-meta-layouts":"default","ast-page-background-enabled":"default","ast-page-background-meta":{"desktop":{"background-color":"var(--ast-global-color-4)","background-image":"","background-repeat":"repeat","background-position":"center center","background-size":"auto","background-attachment":"scroll","background-type":"","background-media":"","overlay-type":"","overlay-color":"","overlay-opacity":"","overlay-gradient":""},"tablet":{"background-color":"","background-image":"","background-repeat":"repeat","background-position":"center center","background-size":"auto","background-attachment":"scroll","background-type":"","background-media":"","overlay-type":"","overlay-color":"","overlay-opacity":"","overlay-gradient":""},"mobile":{"background-color":"","background-image":"","background-repeat":"repeat","background-position":"center center","background-size":"auto","background-attachment":"scroll","background-type":"","background-media":"","overlay-type":"","overlay-color":"","overlay-opacity":"","overlay-gradient":""}},"ast-content-background-meta":{"desktop":{"background-color":"var(--ast-global-color-5)","background-image":"","background-repeat":"repeat","background-position":"center center","background-size":"auto","background-attachment":"scroll","background-type":"","background-media":"","overlay-type":"","overlay-color":"","overlay-opacity":"","overlay-gradient":""},"tablet":{"background-color":"var(--ast-global-color-5)","background-image":"","background-repeat":"repeat","background-position":"center center","background-size":"auto","background-attachment":"scroll","background-type":"","background-media":"","overlay-type":"","overlay-color":"","overlay-opacity":"","overlay-gradient":""},"mobile":{"background-color":"var(--ast-global-color-5)","background-image":"","background-repeat":"repeat","background-position":"center center","background-size":"auto","background-attachment":"scroll","background-type":"","background-media":"","overlay-type":"","overlay-color":"","overlay-opacity":"","overlay-gradient":""}},"footnotes":""},"class_list":["post-160","page","type-page","status-publish","hentry"],"uagb_featured_image_src":{"full":false,"thumbnail":false,"medium":false,"medium_large":false,"large":false,"1536x1536":false,"2048x2048":false},"uagb_author_info":{"display_name":"adminsites@uepa.br","author_link":"https:\/\/propesp.uepa.br\/ppgeeca\/author\/adminsitesuepa-br\/"},"uagb_comment_info":0,"uagb_excerpt":"Ensino, Aprendizagem e Forma\u00e7\u00e3o de Professores de Ci\u00eancias na Amaz\u00f4nia Descri\u00e7\u00e3o:\u00a0uma \u00e1rea voltada \u00e0 produ\u00e7\u00e3o de conhecimento e desenvolvimento de estrat\u00e9gias metodol\u00f3gicas e tecnol\u00f3gicas, que visam uma melhoria da educa\u00e7\u00e3o brasileira. Esta \u00e1rea de concentra\u00e7\u00e3o compreende reflex\u00e3o e a\u00e7\u00e3o sobre o processo de ensino e aprendizagem em Ci\u00eancias Naturais, assim como, a forma\u00e7\u00e3o de professores&hellip;","_links":{"self":[{"href":"https:\/\/propesp.uepa.br\/ppgeeca\/wp-json\/wp\/v2\/pages\/160","targetHints":{"allow":["GET"]}}],"collection":[{"href":"https:\/\/propesp.uepa.br\/ppgeeca\/wp-json\/wp\/v2\/pages"}],"about":[{"href":"https:\/\/propesp.uepa.br\/ppgeeca\/wp-json\/wp\/v2\/types\/page"}],"author":[{"embeddable":true,"href":"https:\/\/propesp.uepa.br\/ppgeeca\/wp-json\/wp\/v2\/users\/1"}],"replies":[{"embeddable":true,"href":"https:\/\/propesp.uepa.br\/ppgeeca\/wp-json\/wp\/v2\/comments?post=160"}],"version-history":[{"count":8,"href":"https:\/\/propesp.uepa.br\/ppgeeca\/wp-json\/wp\/v2\/pages\/160\/revisions"}],"predecessor-version":[{"id":5247,"href":"https:\/\/propesp.uepa.br\/ppgeeca\/wp-json\/wp\/v2\/pages\/160\/revisions\/5247"}],"wp:attachment":[{"href":"https:\/\/propesp.uepa.br\/ppgeeca\/wp-json\/wp\/v2\/media?parent=160"}],"curies":[{"name":"wp","href":"https:\/\/api.w.org\/{rel}","templated":true}]}}