{"id":217,"date":"2024-10-09T16:14:30","date_gmt":"2024-10-09T19:14:30","guid":{"rendered":"https:\/\/propesp.uepa.br\/ppgeeca\/?page_id=217"},"modified":"2025-12-03T09:46:40","modified_gmt":"2025-12-03T12:46:40","slug":"downloads","status":"publish","type":"page","link":"https:\/\/propesp.uepa.br\/ppgeeca\/downloads\/","title":{"rendered":"Downloads"},"content":{"rendered":"\n<h4 class=\"wp-block-heading has-text-align-left has-text-color has-link-color wp-elements-b7998404f068aaa7dee8d563c2c33ddf\" style=\"color:#386d04;font-size:25px\">BRAS\u00c3O INSTITUCIONAL<\/h4>\n\n\n\n<div class=\"wp-block-uagb-separator uagb-block-3f813f65\"><div class=\"wp-block-uagb-separator__inner\" style=\"--my-background-image:\"><\/div><\/div>\n\n\n\n<div class=\"wp-block-uagb-container uagb-block-22d43e25 alignfull uagb-is-root-container\"><div class=\"uagb-container-inner-blocks-wrap\">\n<div class=\"wp-block-uagb-container uagb-block-75108ed9 alignfull uagb-is-root-container\"><div class=\"uagb-container-inner-blocks-wrap\">\n<div class=\"wp-block-uagb-image uagb-block-4babd1e4 wp-block-uagb-image--layout-default wp-block-uagb-image--effect-static wp-block-uagb-image--align-none\"><figure class=\"wp-block-uagb-image__figure\"><img decoding=\"async\" srcset=\"https:\/\/propesp.uepa.br\/ppgeeca\/wp-content\/uploads\/2025\/07\/1-1024x1024.png ,https:\/\/propesp.uepa.br\/ppgeeca\/wp-content\/uploads\/2025\/07\/1-scaled.png 780w, https:\/\/propesp.uepa.br\/ppgeeca\/wp-content\/uploads\/2025\/07\/1-scaled.png 360w\" sizes=\"auto, (max-width: 480px) 150px\" src=\"https:\/\/propesp.uepa.br\/ppgeeca\/wp-content\/uploads\/2025\/07\/1-1024x1024.png\" alt=\"\" class=\"uag-image-3819\" width=\"500\" height=\"500\" title=\"1\" loading=\"lazy\" role=\"img\"\/><\/figure><\/div>\n<\/div><\/div>\n\n\n\n<div class=\"wp-block-uagb-container uagb-block-793c8c89 alignfull uagb-is-root-container\"><div class=\"uagb-container-inner-blocks-wrap\">\n<p class=\"has-ast-global-color-8-color has-text-color has-link-color wp-elements-2b1ee8425e658298038a4641bba30e0f\" style=\"font-size:21px\">Criado por Marc\u00edlio Renaux, o Bras\u00e3o d\u2019Armas da Universidade do Estado do Par\u00e1 \u00e9 constitu\u00eddo por um escudo na classifica\u00e7\u00e3o her\u00e1ldica portuguesa com base em Arco de Plena Cintra, com frisos dourados. Na pe\u00e7a central, tr\u00eas colunas de arquitetura D\u00f3rica representam os tr\u00eas Reinos da Natureza e as \u00e1reas de Ensino, Pesquisa e Extens\u00e3o, sustentando a marca da Institui\u00e7\u00e3o. No topo, as tr\u00eas \u00e1reas do Conhecimento e da F\u00e9 s\u00e3o representadas por tochas com ramos de mangueira pelos lados, \u00e1rvore abundante em nossa regi\u00e3o.<\/p>\n\n\n\n<h6 class=\"wp-block-heading has-link-color wp-elements-71393b9a40d54836f2f16565b6b6f5eb\" style=\"margin-bottom:0px;font-size:21px\"><strong><strong><a href=\"https:\/\/propesp.uepa.br\/ppgeeca\/wp-content\/uploads\/2024\/10\/Brasao-UEPA-1.zip\">Bras\u00e3o da UEPA \u2013 Diversas vers\u00f5es<\/a><\/strong><\/strong><\/h6>\n<\/div><\/div>\n<\/div><\/div>\n\n\n\n<h4 class=\"wp-block-heading has-text-align-left has-text-color has-link-color wp-elements-04021f2e05597377bdf9cad8718ee8b8\" style=\"color:#386d04;font-size:25px\">MARCA DA UEPA<\/h4>\n\n\n\n<div class=\"wp-block-uagb-separator uagb-block-fd0b4f0e\"><div class=\"wp-block-uagb-separator__inner\" style=\"--my-background-image:\"><\/div><\/div>\n\n\n\n<div class=\"wp-block-uagb-container uagb-block-ed4c5f25 alignfull uagb-is-root-container\"><div class=\"uagb-container-inner-blocks-wrap\">\n<div class=\"wp-block-uagb-container uagb-block-9a614a42 alignfull uagb-is-root-container\"><div class=\"uagb-container-inner-blocks-wrap\">\n<div class=\"wp-block-uagb-image uagb-block-35d9fe54 wp-block-uagb-image--layout-default wp-block-uagb-image--effect-static wp-block-uagb-image--align-none\"><figure class=\"wp-block-uagb-image__figure\"><img decoding=\"async\" srcset=\"https:\/\/propesp.uepa.br\/ppgeeca\/wp-content\/uploads\/2025\/07\/2-1024x1024.png ,https:\/\/propesp.uepa.br\/ppgeeca\/wp-content\/uploads\/2025\/07\/2-scaled.png 780w, https:\/\/propesp.uepa.br\/ppgeeca\/wp-content\/uploads\/2025\/07\/2-scaled.png 360w\" sizes=\"auto, (max-width: 480px) 150px\" src=\"https:\/\/propesp.uepa.br\/ppgeeca\/wp-content\/uploads\/2025\/07\/2-1024x1024.png\" alt=\"\" class=\"uag-image-3820\" width=\"500\" height=\"500\" title=\"2\" loading=\"lazy\" role=\"img\"\/><\/figure><\/div>\n<\/div><\/div>\n\n\n\n<div class=\"wp-block-uagb-container uagb-block-6ab311fd alignfull uagb-is-root-container\"><div class=\"uagb-container-inner-blocks-wrap\">\n<p class=\"has-ast-global-color-8-color has-text-color has-link-color wp-elements-4ed8c32e32f0b4353f34625271bef331\" style=\"font-size:21px\">A marca da Universidade do Estado do Par\u00e1 (UEPA), criada por Vera Sarti, \u00e9 uma representa\u00e7\u00e3o visual da import\u00e2ncia da Institui\u00e7\u00e3o para o estado.<\/p>\n\n\n\n<h6 class=\"wp-block-heading has-ast-global-color-8-color has-text-color has-link-color wp-elements-6d1e71ab22c582ae79830d557c029802\" style=\"margin-bottom:0px;font-size:21px\"><strong><strong><strong><a href=\"https:\/\/propesp.uepa.br\/ppgeeca\/wp-content\/uploads\/2024\/10\/Logo-UEPA.zip\">Logo da UEPA \u2013 diversas vers\u00f5es<\/a><\/strong><\/strong><\/strong><\/h6>\n<\/div><\/div>\n<\/div><\/div>\n\n\n\n<h4 class=\"wp-block-heading has-text-align-left has-text-color has-link-color wp-elements-609098aaa1a7b672301f2212235a8906\" style=\"color:#386d04;font-size:25px\">MARCA DO CCPPA<\/h4>\n\n\n\n<div class=\"wp-block-uagb-separator uagb-block-ef74f96d\"><div class=\"wp-block-uagb-separator__inner\" style=\"--my-background-image:\"><\/div><\/div>\n\n\n\n<div class=\"wp-block-uagb-container uagb-block-1d12b811 alignfull uagb-is-root-container\"><div class=\"uagb-container-inner-blocks-wrap\">\n<div class=\"wp-block-uagb-container uagb-block-24e7ed77 alignfull uagb-is-root-container\"><div class=\"uagb-container-inner-blocks-wrap\">\n<div class=\"wp-block-uagb-container uagb-block-bc3a6e1e alignfull uagb-is-root-container\"><div class=\"uagb-container-inner-blocks-wrap\">\n<div class=\"wp-block-uagb-image uagb-block-91a3f748 wp-block-uagb-image--layout-default wp-block-uagb-image--effect-static wp-block-uagb-image--align-none\"><figure class=\"wp-block-uagb-image__figure\"><img decoding=\"async\" srcset=\"https:\/\/propesp.uepa.br\/ppgeeca\/wp-content\/uploads\/2025\/07\/4-1024x1024.png ,https:\/\/propesp.uepa.br\/ppgeeca\/wp-content\/uploads\/2025\/07\/4-scaled.png 780w, https:\/\/propesp.uepa.br\/ppgeeca\/wp-content\/uploads\/2025\/07\/4-scaled.png 360w\" sizes=\"auto, (max-width: 480px) 150px\" src=\"https:\/\/propesp.uepa.br\/ppgeeca\/wp-content\/uploads\/2025\/07\/4-1024x1024.png\" alt=\"\" class=\"uag-image-3821\" width=\"500\" height=\"500\" title=\"4\" loading=\"lazy\" role=\"img\"\/><\/figure><\/div>\n<\/div><\/div>\n\n\n\n<div class=\"wp-block-uagb-container uagb-block-010558c1 alignfull uagb-is-root-container\"><div class=\"uagb-container-inner-blocks-wrap\">\n<p class=\"has-ast-global-color-8-color has-text-color has-link-color wp-elements-cfec4a1c250677d2bba0de1e61fe5dba\" style=\"font-size:21px\">A marca do Centro de Ci\u00eancias e Planet\u00e1rio do Par\u00e1 (CCPPA) \u00e9 uma representa\u00e7\u00e3o visual de integra\u00e7\u00e3o dos conhecimentos cient\u00edficos ligados a Astronomia, Qu\u00edmica, F\u00edsica, Biologia, Matem\u00e1tica e Geologia.<\/p>\n\n\n\n<h6 class=\"wp-block-heading has-ast-global-color-8-color has-text-color has-link-color wp-elements-9839da9a7d8c400d46c2a5928d1b08ff\" style=\"margin-bottom:0px;font-size:21px\"><strong><strong><strong><a href=\"https:\/\/propesp.uepa.br\/ppgeeca\/wp-content\/uploads\/2024\/10\/Logo-CCPPA.zip\">Logo do CCPPA \u2013 Diversas vers\u00f5es<\/a><\/strong><\/strong><\/strong><\/h6>\n<\/div><\/div>\n<\/div><\/div>\n<\/div><\/div>\n\n\n\n<h4 class=\"wp-block-heading has-text-align-left has-text-color has-link-color wp-elements-eebd4a8f4b84b9680b3df69e3a897330\" style=\"color:#386d04;font-size:25px\">MARCA DO PPGEECA<\/h4>\n\n\n\n<div class=\"wp-block-uagb-separator uagb-block-c416591d\"><div class=\"wp-block-uagb-separator__inner\" style=\"--my-background-image:\"><\/div><\/div>\n\n\n\n<div class=\"wp-block-uagb-container uagb-block-7df78dd9 alignfull uagb-is-root-container\"><div class=\"uagb-container-inner-blocks-wrap\">\n<div class=\"wp-block-uagb-container uagb-block-91921631 alignfull uagb-is-root-container\"><div class=\"uagb-container-inner-blocks-wrap\">\n<div class=\"wp-block-uagb-container uagb-block-a8feacc3 alignfull uagb-is-root-container\"><div class=\"uagb-container-inner-blocks-wrap\">\n<div class=\"wp-block-uagb-image uagb-block-1772d623 wp-block-uagb-image--layout-default wp-block-uagb-image--effect-static wp-block-uagb-image--align-none\"><figure class=\"wp-block-uagb-image__figure\"><img decoding=\"async\" srcset=\"https:\/\/propesp.uepa.br\/ppgeeca\/wp-content\/uploads\/2025\/07\/3-1024x1024.png ,https:\/\/propesp.uepa.br\/ppgeeca\/wp-content\/uploads\/2025\/07\/3-scaled.png 780w, https:\/\/propesp.uepa.br\/ppgeeca\/wp-content\/uploads\/2025\/07\/3-scaled.png 360w\" sizes=\"auto, (max-width: 480px) 150px\" src=\"https:\/\/propesp.uepa.br\/ppgeeca\/wp-content\/uploads\/2025\/07\/3-1024x1024.png\" alt=\"\" class=\"uag-image-3822\" width=\"500\" height=\"500\" title=\"3\" loading=\"lazy\" role=\"img\"\/><\/figure><\/div>\n<\/div><\/div>\n\n\n\n<div class=\"wp-block-uagb-container uagb-block-97f9b169 alignfull uagb-is-root-container\"><div class=\"uagb-container-inner-blocks-wrap\">\n<p class=\"has-ast-global-color-8-color has-text-color has-link-color wp-elements-d5e2d61303065605ebcfbd85d48363cb\" style=\"font-size:21px\">A marca do Programa de P\u00f3s-Gradua\u00e7\u00e3o em Educa\u00e7\u00e3o e Ensino de Ci\u00eancias na Amaz\u00f4nia (PPGEECA), criada por Jos\u00e9 Diogo Reis, \u00e9 um representa\u00e7\u00e3o visual correspondente \u00e0s palavras-chave contidas na nomenclatura do programa: Educa\u00e7\u00e3o (o livro na base da \u00e1rvore), Ensino de Ci\u00eancias (a estrutura at\u00f4mica idealizada na copa da \u00e1rvore) e Amaz\u00f4nia (a \u00e1rvore como um todo).<\/p>\n\n\n\n<h6 class=\"wp-block-heading has-ast-global-color-8-color has-text-color has-link-color has-ast-global-color-7-color wp-elements-1917e274193fed20ab0eb2890b389bc4\" style=\"font-size:21px\"><a href=\"https:\/\/propesp.uepa.br\/ppgeeca\/wp-content\/uploads\/2025\/07\/Logo-PPGEECA-4.zip\"><strong><strong><strong>Logo do PPGEECA \u2013 Diversas vers\u00f5es<\/strong><\/strong><\/strong><br><\/a><strong><a href=\"https:\/\/propesp.uepa.br\/ppgeeca\/wp-content\/uploads\/2025\/07\/Modelo-de-Slide-1.pptx\"><strong><strong><strong>Modelo de Slide 1<\/strong><\/strong><\/strong><\/a><a href=\"https:\/\/propesp.uepa.br\/ppgeeca\/wp-content\/uploads\/2024\/10\/Logo-GEPEECA.zip\"><br><\/a><a href=\"https:\/\/propesp.uepa.br\/ppgeeca\/wp-content\/uploads\/2025\/07\/Modelo-de-Slide-2.pptx\"><strong><strong><strong><strong>Modelo de Slide <\/strong><\/strong><\/strong><\/strong><\/a><\/strong>2<strong><strong><a href=\"https:\/\/propesp.uepa.br\/ppgeeca\/wp-content\/uploads\/2024\/10\/Logo-GEPEECA.zip\"><br><\/a><strong><a href=\"https:\/\/propesp.uepa.br\/ppgeeca\/wp-content\/uploads\/2025\/07\/Template_Anteprojeto.docx\"><strong><strong><strong>Modelo de Anteprojeto de Pesquisa<\/strong><\/strong><\/strong><\/a><a href=\"https:\/\/propesp.uepa.br\/ppgeeca\/wp-content\/uploads\/2024\/10\/Logo-GEPEECA.zip\"><br><\/a><strong><strong><strong><strong><a href=\"https:\/\/propesp.uepa.br\/ppgeeca\/wp-content\/uploads\/2024\/10\/2.6-Apendice-A-%E2%80%93-Template-Oficial-para-a-Qualificacao.docx\">Modelo de Qualifica\u00e7\u00e3o<\/a><\/strong><\/strong><\/strong><a href=\"https:\/\/propesp.uepa.br\/ppgeeca\/wp-content\/uploads\/2024\/10\/Logo-GEPEECA.zip\"><br><\/a><strong><strong><strong><strong><a href=\"https:\/\/propesp.uepa.br\/ppgeeca\/wp-content\/uploads\/2024\/10\/3.14-Apendice-A-%E2%80%93-Template-Oficial-para-a-Dissertacao.docx\">Modelo de Disserta\u00e7\u00e3o<\/a><\/strong><\/strong><\/strong><a href=\"https:\/\/propesp.uepa.br\/ppgeeca\/wp-content\/uploads\/2024\/10\/Logo-GEPEECA.zip\"><br><\/a><a href=\"https:\/\/propesp.uepa.br\/ppgeeca\/wp-content\/uploads\/2025\/07\/Template-de-projeto-para-envio-ao-CEP_PPGEECA-2_versao-atualizado.docx\"><strong>Modelo de Projeto para Envio ao Comit\u00ea de \u00c9tica em Pesquisa (CEP)<\/strong><\/a><\/strong><\/strong><\/strong><\/strong><\/strong><\/h6>\n<\/div><\/div>\n<\/div><\/div>\n<\/div><\/div>\n\n\n\n<h4 class=\"wp-block-heading has-text-align-left has-text-color has-link-color wp-elements-caf3452b3807ccfdead491e1c01f291a\" style=\"color:#386d04;font-size:25px\">MARCA DO CTENF<\/h4>\n\n\n\n<div class=\"wp-block-uagb-separator uagb-block-1804daff\"><div class=\"wp-block-uagb-separator__inner\" style=\"--my-background-image:\"><\/div><\/div>\n\n\n\n<div class=\"wp-block-uagb-container uagb-block-923773e8 alignfull uagb-is-root-container\"><div class=\"uagb-container-inner-blocks-wrap\">\n<div class=\"wp-block-uagb-container uagb-block-544b3cc7 alignfull uagb-is-root-container\"><div class=\"uagb-container-inner-blocks-wrap\">\n<div class=\"wp-block-uagb-image uagb-block-134ec080 wp-block-uagb-image--layout-default wp-block-uagb-image--effect-static wp-block-uagb-image--align-none\"><figure class=\"wp-block-uagb-image__figure\"><img decoding=\"async\" srcset=\"https:\/\/propesp.uepa.br\/ppgeeca\/wp-content\/uploads\/2025\/07\/5-1024x1024.png ,https:\/\/propesp.uepa.br\/ppgeeca\/wp-content\/uploads\/2025\/07\/5-scaled.png 780w, https:\/\/propesp.uepa.br\/ppgeeca\/wp-content\/uploads\/2025\/07\/5-scaled.png 360w\" sizes=\"auto, (max-width: 480px) 150px\" src=\"https:\/\/propesp.uepa.br\/ppgeeca\/wp-content\/uploads\/2025\/07\/5-1024x1024.png\" alt=\"\" class=\"uag-image-3823\" width=\"500\" height=\"500\" title=\"5\" loading=\"lazy\" role=\"img\"\/><\/figure><\/div>\n<\/div><\/div>\n\n\n\n<div class=\"wp-block-uagb-container uagb-block-f053bdd7 alignfull uagb-is-root-container\"><div class=\"uagb-container-inner-blocks-wrap\">\n<p class=\"has-ast-global-color-8-color has-text-color has-link-color wp-elements-32cd1c31dea28b44c1dbb3e3ad15bbc4\" style=\"font-size:21px\">A marca do Grupo de Pesquisa em Ci\u00eancia, Tecnologia, Meio Ambiente e Educa\u00e7\u00e3o N\u00e3o-Formal (CTENF) \u00e9 uma representa\u00e7\u00e3o visual de elementos relacionados \u00e0 educa\u00e7\u00e3o cient\u00edfica-tecnol\u00f3gica-ambiental.<\/p>\n\n\n\n<h6 class=\"wp-block-heading has-link-color wp-elements-9d49a2a23b93d2a1db04c4b4070e8c92\" style=\"margin-bottom:0px;font-size:21px\"><strong><strong><strong><a href=\"https:\/\/propesp.uepa.br\/ppgeeca\/wp-content\/uploads\/2024\/10\/Logo-CTENF.zip\">Logo do CTENF \u2013 Diversas vers\u00f5es<\/a><\/strong><\/strong><\/strong><\/h6>\n<\/div><\/div>\n<\/div><\/div>\n\n\n\n<h4 class=\"wp-block-heading has-text-align-left has-text-color has-link-color wp-elements-4f31a2a5c10fdf49929346646e52a667\" style=\"color:#386d04;font-size:25px\">MARCA DO GEPEECA<\/h4>\n\n\n\n<div class=\"wp-block-uagb-separator uagb-block-bf7e30e0\"><div class=\"wp-block-uagb-separator__inner\" style=\"--my-background-image:\"><\/div><\/div>\n\n\n\n<div class=\"wp-block-uagb-container uagb-block-303e7147 alignfull uagb-is-root-container\"><div class=\"uagb-container-inner-blocks-wrap\">\n<div class=\"wp-block-uagb-container uagb-block-8c900cd1 alignfull uagb-is-root-container\"><div class=\"uagb-container-inner-blocks-wrap\">\n<div class=\"wp-block-uagb-image uagb-block-643e1141 wp-block-uagb-image--layout-default wp-block-uagb-image--effect-static wp-block-uagb-image--align-none\"><figure class=\"wp-block-uagb-image__figure\"><img decoding=\"async\" srcset=\"https:\/\/propesp.uepa.br\/ppgeeca\/wp-content\/uploads\/2025\/07\/6-1024x1024.png ,https:\/\/propesp.uepa.br\/ppgeeca\/wp-content\/uploads\/2025\/07\/6-scaled.png 780w, https:\/\/propesp.uepa.br\/ppgeeca\/wp-content\/uploads\/2025\/07\/6-scaled.png 360w\" sizes=\"auto, (max-width: 480px) 150px\" src=\"https:\/\/propesp.uepa.br\/ppgeeca\/wp-content\/uploads\/2025\/07\/6-1024x1024.png\" alt=\"\" class=\"uag-image-3824\" width=\"500\" height=\"500\" title=\"6\" loading=\"lazy\" role=\"img\"\/><\/figure><\/div>\n<\/div><\/div>\n\n\n\n<div class=\"wp-block-uagb-container uagb-block-2ba9b1c1 alignfull uagb-is-root-container\"><div class=\"uagb-container-inner-blocks-wrap\">\n<p class=\"has-ast-global-color-8-color has-text-color has-link-color wp-elements-b4da8bb743e9e9babbd6531e50f43504\" style=\"font-size:21px\">A marca do Grupo de Estudo e Pesquisa em Educa\u00e7\u00e3o e Ensino de Ci\u00eancias em Contextos Amaz\u00f4nicos (GEPEECA), criada por Jos\u00e9 Diogo Reis, Luely Oliveira e Priscyla Santiago, \u00e9 uma representa\u00e7\u00e3o simb\u00f3lica da cultura amaz\u00f4nica com elementos ligados a educa\u00e7\u00e3o e ensino de Ci\u00eancias.<\/p>\n\n\n\n<h6 class=\"wp-block-heading has-link-color wp-elements-df7e8e62136178bf9886fdb7503fc8f6\" style=\"margin-bottom:0px;font-size:21px\"><a href=\"https:\/\/propesp.uepa.br\/ppgeeca\/wp-content\/uploads\/2024\/10\/Logo-GEPEECA.zip\"><strong><strong><strong>Logo do GEPEECA \u2013 Diversas vers\u00f5es<\/strong><\/strong><\/strong><br><\/a><strong><a href=\"https:\/\/propesp.uepa.br\/ppgeeca\/wp-content\/uploads\/2024\/10\/Slide_GEPEECA.pptx\">Modelo de Slide<\/a><\/strong><\/h6>\n<\/div><\/div>\n<\/div><\/div>\n","protected":false},"excerpt":{"rendered":"<p>BRAS\u00c3O INSTITUCIONAL Criado por Marc\u00edlio Renaux, o Bras\u00e3o d\u2019Armas da Universidade do Estado do Par\u00e1 \u00e9 constitu\u00eddo por um escudo na classifica\u00e7\u00e3o her\u00e1ldica portuguesa com base em Arco de Plena Cintra, com frisos dourados. Na pe\u00e7a central, tr\u00eas colunas de arquitetura D\u00f3rica representam os tr\u00eas Reinos da Natureza e as \u00e1reas de Ensino, Pesquisa e [&hellip;]<\/p>\n","protected":false},"author":1,"featured_media":0,"parent":0,"menu_order":0,"comment_status":"closed","ping_status":"closed","template":"","meta":{"_uag_custom_page_level_css":"","site-sidebar-layout":"default","site-content-layout":"","ast-site-content-layout":"","site-content-style":"default","site-sidebar-style":"default","ast-global-header-display":"","ast-banner-title-visibility":"","ast-main-header-display":"","ast-hfb-above-header-display":"","ast-hfb-below-header-display":"","ast-hfb-mobile-header-display":"","site-post-title":"","ast-breadcrumbs-content":"","ast-featured-img":"","footer-sml-layout":"","theme-transparent-header-meta":"","adv-header-id-meta":"","stick-header-meta":"","header-above-stick-meta":"","header-main-stick-meta":"","header-below-stick-meta":"","astra-migrate-meta-layouts":"default","ast-page-background-enabled":"default","ast-page-background-meta":{"desktop":{"background-color":"var(--ast-global-color-4)","background-image":"","background-repeat":"repeat","background-position":"center center","background-size":"auto","background-attachment":"scroll","background-type":"","background-media":"","overlay-type":"","overlay-color":"","overlay-opacity":"","overlay-gradient":""},"tablet":{"background-color":"","background-image":"","background-repeat":"repeat","background-position":"center center","background-size":"auto","background-attachment":"scroll","background-type":"","background-media":"","overlay-type":"","overlay-color":"","overlay-opacity":"","overlay-gradient":""},"mobile":{"background-color":"","background-image":"","background-repeat":"repeat","background-position":"center center","background-size":"auto","background-attachment":"scroll","background-type":"","background-media":"","overlay-type":"","overlay-color":"","overlay-opacity":"","overlay-gradient":""}},"ast-content-background-meta":{"desktop":{"background-color":"var(--ast-global-color-5)","background-image":"","background-repeat":"repeat","background-position":"center center","background-size":"auto","background-attachment":"scroll","background-type":"","background-media":"","overlay-type":"","overlay-color":"","overlay-opacity":"","overlay-gradient":""},"tablet":{"background-color":"var(--ast-global-color-5)","background-image":"","background-repeat":"repeat","background-position":"center center","background-size":"auto","background-attachment":"scroll","background-type":"","background-media":"","overlay-type":"","overlay-color":"","overlay-opacity":"","overlay-gradient":""},"mobile":{"background-color":"var(--ast-global-color-5)","background-image":"","background-repeat":"repeat","background-position":"center center","background-size":"auto","background-attachment":"scroll","background-type":"","background-media":"","overlay-type":"","overlay-color":"","overlay-opacity":"","overlay-gradient":""}},"footnotes":""},"class_list":["post-217","page","type-page","status-publish","hentry"],"uagb_featured_image_src":{"full":false,"thumbnail":false,"medium":false,"medium_large":false,"large":false,"1536x1536":false,"2048x2048":false},"uagb_author_info":{"display_name":"adminsites@uepa.br","author_link":"https:\/\/propesp.uepa.br\/ppgeeca\/author\/adminsitesuepa-br\/"},"uagb_comment_info":0,"uagb_excerpt":"BRAS\u00c3O INSTITUCIONAL Criado por Marc\u00edlio Renaux, o Bras\u00e3o d\u2019Armas da Universidade do Estado do Par\u00e1 \u00e9 constitu\u00eddo por um escudo na classifica\u00e7\u00e3o her\u00e1ldica portuguesa com base em Arco de Plena Cintra, com frisos dourados. Na pe\u00e7a central, tr\u00eas colunas de arquitetura D\u00f3rica representam os tr\u00eas Reinos da Natureza e as \u00e1reas de Ensino, Pesquisa e&hellip;","_links":{"self":[{"href":"https:\/\/propesp.uepa.br\/ppgeeca\/wp-json\/wp\/v2\/pages\/217","targetHints":{"allow":["GET"]}}],"collection":[{"href":"https:\/\/propesp.uepa.br\/ppgeeca\/wp-json\/wp\/v2\/pages"}],"about":[{"href":"https:\/\/propesp.uepa.br\/ppgeeca\/wp-json\/wp\/v2\/types\/page"}],"author":[{"embeddable":true,"href":"https:\/\/propesp.uepa.br\/ppgeeca\/wp-json\/wp\/v2\/users\/1"}],"replies":[{"embeddable":true,"href":"https:\/\/propesp.uepa.br\/ppgeeca\/wp-json\/wp\/v2\/comments?post=217"}],"version-history":[{"count":61,"href":"https:\/\/propesp.uepa.br\/ppgeeca\/wp-json\/wp\/v2\/pages\/217\/revisions"}],"predecessor-version":[{"id":5511,"href":"https:\/\/propesp.uepa.br\/ppgeeca\/wp-json\/wp\/v2\/pages\/217\/revisions\/5511"}],"wp:attachment":[{"href":"https:\/\/propesp.uepa.br\/ppgeeca\/wp-json\/wp\/v2\/media?parent=217"}],"curies":[{"name":"wp","href":"https:\/\/api.w.org\/{rel}","templated":true}]}}