{"id":231,"date":"2024-10-09T16:27:19","date_gmt":"2024-10-09T19:27:19","guid":{"rendered":"https:\/\/propesp.uepa.br\/ppgeeca\/?page_id=231"},"modified":"2025-09-08T17:00:00","modified_gmt":"2025-09-08T20:00:00","slug":"voce-no-ppgeeca","status":"publish","type":"page","link":"https:\/\/propesp.uepa.br\/ppgeeca\/voce-no-ppgeeca\/","title":{"rendered":"Voc\u00ea no PPGEECA"},"content":{"rendered":"\n<p class=\"has-ast-global-color-7-color has-text-color has-link-color wp-elements-69c81f14acac292800a06fcf28469923\" style=\"font-size:21px\">Este formul\u00e1rio tem como objetivo facilitar o envio de conte\u00fados por docentes, discentes e egressos para publica\u00e7\u00e3o no site e Instagram do PPGEECA.<\/p>\n\n\n\n<p class=\"has-ast-global-color-7-color has-text-color has-link-color wp-elements-51daa8e9e772315abfa10eb84f5c17f1\" style=\"font-size:21px\">Destacamos que o conte\u00fado enviado passar\u00e1 por an\u00e1lise e revis\u00e3o e, quando necess\u00e1rio, ser\u00e3o realizadas corre\u00e7\u00f5es e adequa\u00e7\u00f5es para tornar o texto mais claro e coeso para leitores na web.<\/p>\n\n\n\n<p class=\"has-ast-global-color-7-color has-text-color has-link-color wp-elements-991a242a00ac82c69a8adc3078abe959\" style=\"font-size:21px\">Contribua com not\u00edcias para que nosso site e Instagram se mantenham atualizados e com conte\u00fado de qualidade.<\/p>\n\n\n\n<p class=\"has-ast-global-color-7-color has-text-color has-link-color wp-elements-94649b971c67b3e162a14d2baf60c28c\" style=\"font-size:21px\">Neste formul\u00e1rio, ser\u00e1 necess\u00e1rio incluir o seu e-mail institucional. Este passo \u00e9 importante para voc\u00ea ter acesso ao conte\u00fado do formul\u00e1rio e tamb\u00e9m para o caso de precisarmos obter informa\u00e7\u00f5es ou tirar d\u00favidas, assim como envi\u00e1-lo uma c\u00f3pia da not\u00edcia que foi publicada.<\/p>\n\n\n\n<div class=\"wp-block-uagb-container uagb-block-1c8dc260 alignfull uagb-is-root-container\"><div class=\"uagb-container-inner-blocks-wrap\">\n<div class=\"wp-block-uagb-container uagb-block-97fcedab\">\n<div class=\"wp-block-uagb-buttons uagb-buttons__outer-wrap uagb-btn__default-btn uagb-btn-tablet__default-btn uagb-btn-mobile__default-btn uagb-block-bca10d00\"><div class=\"uagb-buttons__wrap uagb-buttons-layout-wrap \">\n<div class=\"wp-block-uagb-buttons-child uagb-buttons__outer-wrap uagb-block-8d0473e0 wp-block-button\"><div class=\"uagb-button__wrapper\"><a class=\"uagb-buttons-repeater wp-block-button__link\" aria-label=\"\" href=\"https:\/\/forms.gle\/f6CpGB3DVk3fjLUf6\" rel=\"follow noopener\" target=\"_self\" role=\"button\"><div class=\"uagb-button__link\">CIQUE AQUI E TENHA ACESSO AO FORMUL\u00c1RIO<\/div><\/a><\/div><\/div>\n<\/div><\/div>\n<\/div>\n<\/div><\/div>\n\n\n\n<h4 class=\"wp-block-heading has-text-align-left has-text-color has-link-color wp-elements-53d72989a048a7caac42a6f6069545a6\" style=\"color:#386d04\"><strong>202<\/strong>5<\/h4>\n\n\n\n<div class=\"wp-block-uagb-separator uagb-block-2a0625af\"><div class=\"wp-block-uagb-separator__inner\" style=\"--my-background-image:\"><\/div><\/div>\n\n\n\n<p><\/p>\n\n\n\n<div class=\"wp-block-uagb-container uagb-block-a154a4c3 default uagb-is-root-container\">\n<div class=\"wp-block-uagb-call-to-action uagb-block-ff764599 wp-block-button\"><div class=\"uagb-cta__wrap\"><h3 class=\"uagb-cta__title\">Mestrandas e egressa representaram o PPGEECA em eventos internacionais da REDEPEL<\/h3><\/div><div class=\"uagb-cta__buttons\"><a href=\"https:\/\/propesp.uepa.br\/ppgeeca\/mestrandas-e-egressa-do-ppgeeca-participam-de-eventos-internacionais-da-redepel-na-colombia\/\" class=\"uagb-cta__button-link-wrapper wp-block-button__link\" target=\"_blank\" rel=\"noopener noreferrer\">Saiba Mais<\/a><\/div><\/div>\n\n\n\n<div class=\"wp-block-uagb-call-to-action uagb-block-baac7f0c wp-block-button\"><div class=\"uagb-cta__wrap\"><h3 class=\"uagb-cta__title\">Apoiado pelo PPGEECA, projeto <em>Escape Room<\/em> Pedag\u00f3gico \u201cEntre Folhas e F\u00f3rmulas: O Desafio da Floresta\u201d ganha destaque na m\u00eddia regional<\/h3><\/div><div class=\"uagb-cta__buttons\"><a href=\"https:\/\/propesp.uepa.br\/ppgeeca\/ensino-de-quimica\/\" class=\"uagb-cta__button-link-wrapper wp-block-button__link\" target=\"_blank\" rel=\"noopener noreferrer\">Saiba Mais<\/a><\/div><\/div>\n\n\n\n<div class=\"wp-block-uagb-call-to-action uagb-block-0217bcf5 wp-block-button\"><div class=\"uagb-cta__wrap\"><h3 class=\"uagb-cta__title\">Egresso do PPGEECA organiza curso de extens\u00e3o sobre \u201cMetodologias Ativas e Tecnologias Digitais\u201d com participa\u00e7\u00e3o do Prof. Dr. Jose Moran<\/h3><\/div><div class=\"uagb-cta__buttons\"><a href=\"https:\/\/propesp.uepa.br\/ppgeeca\/egresso-do-ppgeeca-organiza-curso-de-extensao-sobre-metodologias-ativas-e-tecnologias-digitais-com-participacao-do-prof-dr-jose-manuel-moran\/\" class=\"uagb-cta__button-link-wrapper wp-block-button__link\" target=\"_blank\" rel=\"noopener noreferrer\">Saiba Mais<\/a><\/div><\/div>\n\n\n\n<div class=\"wp-block-uagb-call-to-action uagb-block-5d3226a3 wp-block-button\"><div class=\"uagb-cta__wrap\"><h3 class=\"uagb-cta__title\">Egressos do PPGEECA far\u00e3o exposi\u00e7\u00e3o de produtos educacionais na 28\u00aa Feira Pan-Amaz\u00f4nica do Livro e das Multivozes<\/h3><\/div><div class=\"uagb-cta__buttons\"><a href=\"https:\/\/propesp.uepa.br\/ppgeeca\/egressos-do-ppgeeca-farao-exposicao-de-produtos-educacionais-na-28a-feira-pan-amazonica-do-livro-e-das-multivozes\/\" class=\"uagb-cta__button-link-wrapper wp-block-button__link\" target=\"_blank\" rel=\"noopener noreferrer\">Saiba Mais<\/a><\/div><\/div>\n\n\n\n<div class=\"wp-block-uagb-call-to-action uagb-block-b461b64a wp-block-button\"><div class=\"uagb-cta__wrap\"><h3 class=\"uagb-cta__title\">Inova\u00e7\u00e3o no ensino de Ci\u00eancias: Estrat\u00e9gias l\u00fadicas de mestrandos do PPGEECA ganham destaque no Jalequim Level 6<\/h3><\/div><div class=\"uagb-cta__buttons\"><a href=\"https:\/\/propesp.uepa.br\/ppgeeca\/jalequim\/\" class=\"uagb-cta__button-link-wrapper wp-block-button__link\" target=\"_blank\" rel=\"noopener noreferrer\">Saiba Mais<\/a><\/div><\/div>\n\n\n\n<div class=\"wp-block-uagb-call-to-action uagb-block-d9d3171f wp-block-button\"><div class=\"uagb-cta__wrap\"><h3 class=\"uagb-cta__title\">Parceiro do PPGEECA, PPGECM da Universidade Federal do Paran\u00e1 (UFPR) abre 37 vagas para o curso de doutorado<\/h3><\/div><div class=\"uagb-cta__buttons\"><a href=\"https:\/\/propesp.uepa.br\/ppgeeca\/ola-mundo\/\" class=\"uagb-cta__button-link-wrapper wp-block-button__link\" target=\"_blank\" rel=\"noopener noreferrer\">Saiba Mais<\/a><\/div><\/div>\n\n\n\n<div class=\"wp-block-uagb-call-to-action uagb-block-7c5bd028 wp-block-button\"><div class=\"uagb-cta__wrap\"><h3 class=\"uagb-cta__title\">Mestranda do PPGEECA ministra palestra sobre materiais paradid\u00e1ticos para o ensino de Ci\u00eancias em uma turma do PARFOR<\/h3><\/div><div class=\"uagb-cta__buttons\"><a href=\"https:\/\/propesp.uepa.br\/ppgeeca\/carrosel-de-noticias\/\" class=\"uagb-cta__button-link-wrapper wp-block-button__link\" target=\"_blank\" rel=\"noopener noreferrer\">Saiba Mais<\/a><\/div><\/div>\n<\/div>\n","protected":false},"excerpt":{"rendered":"<p>Este formul\u00e1rio tem como objetivo facilitar o envio de conte\u00fados por docentes, discentes e egressos para publica\u00e7\u00e3o no site e Instagram do PPGEECA. Destacamos que o conte\u00fado enviado passar\u00e1 por an\u00e1lise e revis\u00e3o e, quando necess\u00e1rio, ser\u00e3o realizadas corre\u00e7\u00f5es e adequa\u00e7\u00f5es para tornar o texto mais claro e coeso para leitores na web. Contribua com [&hellip;]<\/p>\n","protected":false},"author":1,"featured_media":0,"parent":0,"menu_order":0,"comment_status":"closed","ping_status":"closed","template":"","meta":{"_uag_custom_page_level_css":"","site-sidebar-layout":"default","site-content-layout":"","ast-site-content-layout":"","site-content-style":"default","site-sidebar-style":"default","ast-global-header-display":"","ast-banner-title-visibility":"","ast-main-header-display":"","ast-hfb-above-header-display":"","ast-hfb-below-header-display":"","ast-hfb-mobile-header-display":"","site-post-title":"","ast-breadcrumbs-content":"","ast-featured-img":"","footer-sml-layout":"","theme-transparent-header-meta":"","adv-header-id-meta":"","stick-header-meta":"","header-above-stick-meta":"","header-main-stick-meta":"","header-below-stick-meta":"","astra-migrate-meta-layouts":"default","ast-page-background-enabled":"default","ast-page-background-meta":{"desktop":{"background-color":"var(--ast-global-color-4)","background-image":"","background-repeat":"repeat","background-position":"center center","background-size":"auto","background-attachment":"scroll","background-type":"","background-media":"","overlay-type":"","overlay-color":"","overlay-opacity":"","overlay-gradient":""},"tablet":{"background-color":"","background-image":"","background-repeat":"repeat","background-position":"center center","background-size":"auto","background-attachment":"scroll","background-type":"","background-media":"","overlay-type":"","overlay-color":"","overlay-opacity":"","overlay-gradient":""},"mobile":{"background-color":"","background-image":"","background-repeat":"repeat","background-position":"center center","background-size":"auto","background-attachment":"scroll","background-type":"","background-media":"","overlay-type":"","overlay-color":"","overlay-opacity":"","overlay-gradient":""}},"ast-content-background-meta":{"desktop":{"background-color":"var(--ast-global-color-5)","background-image":"","background-repeat":"repeat","background-position":"center center","background-size":"auto","background-attachment":"scroll","background-type":"","background-media":"","overlay-type":"","overlay-color":"","overlay-opacity":"","overlay-gradient":""},"tablet":{"background-color":"var(--ast-global-color-5)","background-image":"","background-repeat":"repeat","background-position":"center center","background-size":"auto","background-attachment":"scroll","background-type":"","background-media":"","overlay-type":"","overlay-color":"","overlay-opacity":"","overlay-gradient":""},"mobile":{"background-color":"var(--ast-global-color-5)","background-image":"","background-repeat":"repeat","background-position":"center center","background-size":"auto","background-attachment":"scroll","background-type":"","background-media":"","overlay-type":"","overlay-color":"","overlay-opacity":"","overlay-gradient":""}},"footnotes":""},"class_list":["post-231","page","type-page","status-publish","hentry"],"uagb_featured_image_src":{"full":false,"thumbnail":false,"medium":false,"medium_large":false,"large":false,"1536x1536":false,"2048x2048":false},"uagb_author_info":{"display_name":"adminsites@uepa.br","author_link":"https:\/\/propesp.uepa.br\/ppgeeca\/author\/adminsitesuepa-br\/"},"uagb_comment_info":0,"uagb_excerpt":"Este formul\u00e1rio tem como objetivo facilitar o envio de conte\u00fados por docentes, discentes e egressos para publica\u00e7\u00e3o no site e Instagram do PPGEECA. Destacamos que o conte\u00fado enviado passar\u00e1 por an\u00e1lise e revis\u00e3o e, quando necess\u00e1rio, ser\u00e3o realizadas corre\u00e7\u00f5es e adequa\u00e7\u00f5es para tornar o texto mais claro e coeso para leitores na web. Contribua com&hellip;","_links":{"self":[{"href":"https:\/\/propesp.uepa.br\/ppgeeca\/wp-json\/wp\/v2\/pages\/231","targetHints":{"allow":["GET"]}}],"collection":[{"href":"https:\/\/propesp.uepa.br\/ppgeeca\/wp-json\/wp\/v2\/pages"}],"about":[{"href":"https:\/\/propesp.uepa.br\/ppgeeca\/wp-json\/wp\/v2\/types\/page"}],"author":[{"embeddable":true,"href":"https:\/\/propesp.uepa.br\/ppgeeca\/wp-json\/wp\/v2\/users\/1"}],"replies":[{"embeddable":true,"href":"https:\/\/propesp.uepa.br\/ppgeeca\/wp-json\/wp\/v2\/comments?post=231"}],"version-history":[{"count":19,"href":"https:\/\/propesp.uepa.br\/ppgeeca\/wp-json\/wp\/v2\/pages\/231\/revisions"}],"predecessor-version":[{"id":5368,"href":"https:\/\/propesp.uepa.br\/ppgeeca\/wp-json\/wp\/v2\/pages\/231\/revisions\/5368"}],"wp:attachment":[{"href":"https:\/\/propesp.uepa.br\/ppgeeca\/wp-json\/wp\/v2\/media?parent=231"}],"curies":[{"name":"wp","href":"https:\/\/api.w.org\/{rel}","templated":true}]}}