{"id":2914,"date":"2025-03-18T15:58:13","date_gmt":"2025-03-18T18:58:13","guid":{"rendered":"https:\/\/propesp.uepa.br\/ppgeeca\/?page_id=2914"},"modified":"2025-07-23T14:34:04","modified_gmt":"2025-07-23T17:34:04","slug":"aluno-especial-2024-2","status":"publish","type":"page","link":"https:\/\/propesp.uepa.br\/ppgeeca\/aluno-especial-2024-2\/","title":{"rendered":"Aluno Especial 2024"},"content":{"rendered":"\n<p class=\"has-ast-global-color-7-color has-text-color has-link-color wp-elements-0b067b653bb25fecd027998e7c5db6bf\" style=\"font-size:21px\">O Programa de P\u00f3s-Gradua\u00e7\u00e3o em Educa\u00e7\u00e3o e Ensino de Ci\u00eancias na Amaz\u00f4nia (PPGEECA) do Centro de Ci\u00eancias Sociais e Educa\u00e7\u00e3o (CCSE) torna p\u00fablica a sele\u00e7\u00e3o para cursar disciplina isolada, sem v\u00ednculo com o PPGEECA, como aluno especial.<\/p>\n\n\n\n<p class=\"has-ast-global-color-7-color has-text-color has-link-color wp-elements-b2def363a3a8e826e4ff8b4625213a99\" style=\"font-size:21px\">Para requerer a inscri\u00e7\u00e3o, o candidato precisa enviar a documenta\u00e7\u00e3o necess\u00e1ria para o e-mail&nbsp;<strong>ppgeeca.uepa@gmail.com<\/strong>, no per\u00edodo de&nbsp;<strong>17\/06 a 28\/06\/2024<\/strong>.<\/p>\n\n\n\n<p class=\"has-ast-global-color-7-color has-text-color has-link-color wp-elements-4c4a034d86cc8777c64459e6ac29fbc9\" style=\"font-size:21px\">O edital, na \u00edntegra, est\u00e1 dispon\u00edvel no site:&nbsp;<a href=\"https:\/\/propesp.uepa.br\/ppgeeca\"><strong>https:\/\/propesp.uepa.br\/ppgeeca<\/strong><\/a><\/p>\n\n\n\n<p class=\"has-text-align-center has-black-color has-text-color has-link-color wp-elements-5425e9ce932e49a1e02aa0b1a9479489\" style=\"font-size:21px\">Bel\u00e9m, 14 de junho de 2024.<strong><br>RONILSON FREITAS DE SOUZA<br>Coordenador do PPGEECA\/UEPA<\/strong><\/p>\n\n\n\n<div class=\"wp-block-uagb-container uagb-block-a154a4c3 default uagb-is-root-container\">\n<div class=\"wp-block-uagb-call-to-action uagb-block-081d1d72 wp-block-button\"><div class=\"uagb-cta__wrap\"><h3 class=\"uagb-cta__title\"><strong>Chamada 2024 para Alunos Especiais \u2013 2\u00ba Semestre de 2024<\/strong><\/h3><\/div><div class=\"uagb-cta__buttons\"><a href=\"https:\/\/propesp.uepa.br\/ppgeeca\/wp-content\/uploads\/2025\/03\/Chamada-para-aluno-cursa-disciplina-isolada-_ppgeeca.pdf\" class=\"uagb-cta__button-link-wrapper wp-block-button__link\" target=\"_blank\" rel=\"noopener noreferrer\">Saiba Mais<\/a><\/div><\/div>\n\n\n\n<div class=\"wp-block-uagb-call-to-action uagb-block-5f0a6777 wp-block-button\"><div class=\"uagb-cta__wrap\"><h3 class=\"uagb-cta__title\">Template edit\u00e1vel do Anexo I \u2013 Formul\u00e1rio de Solicita\u00e7\u00e3o de Inscri\u00e7\u00e3o em Disciplina (Aluno Especial)<\/h3><\/div><div class=\"uagb-cta__buttons\"><a href=\"https:\/\/propesp.uepa.br\/ppgeeca\/wp-content\/uploads\/2025\/03\/Anexo-1.docx\" class=\"uagb-cta__button-link-wrapper wp-block-button__link\" target=\"_blank\" rel=\"noopener noreferrer\">Saiba Mais<\/a><\/div><\/div>\n\n\n\n<div class=\"wp-block-uagb-call-to-action uagb-block-e635dd40 wp-block-button\"><div class=\"uagb-cta__wrap\"><h3 class=\"uagb-cta__title\">Errata I <\/h3><\/div><div class=\"uagb-cta__buttons\"><a href=\"https:\/\/propesp.uepa.br\/ppgeeca\/wp-content\/uploads\/2025\/03\/I-ERRATA.pdf\" class=\"uagb-cta__button-link-wrapper wp-block-button__link\" target=\"_blank\" rel=\"noopener noreferrer\">Saiba Mais<\/a><\/div><\/div>\n\n\n\n<div class=\"wp-block-uagb-call-to-action uagb-block-08a64568 wp-block-button\"><div class=\"uagb-cta__wrap\"><h3 class=\"uagb-cta__title\">Homologa\u00e7\u00e3o de Inscri\u00e7\u00f5es<\/h3><\/div><div class=\"uagb-cta__buttons\"><a href=\"https:\/\/propesp.uepa.br\/ppgeeca\/wp-content\/uploads\/2025\/03\/Homologacao-de-inscricoes.pdf\" class=\"uagb-cta__button-link-wrapper wp-block-button__link\" target=\"_blank\" rel=\"noopener noreferrer\">Saiba Mais<\/a><\/div><\/div>\n\n\n\n<div class=\"wp-block-uagb-call-to-action uagb-block-9415f294 wp-block-button\"><div class=\"uagb-cta__wrap\"><h3 class=\"uagb-cta__title\">Resultado Final<\/h3><\/div><div class=\"uagb-cta__buttons\"><a href=\"https:\/\/propesp.uepa.br\/ppgeeca\/wp-content\/uploads\/2025\/03\/Resultado-Final_Chamada-para-aluno-cursa-disciplina-isolada-_ppgeeca.pdf\" class=\"uagb-cta__button-link-wrapper wp-block-button__link\" target=\"_blank\" rel=\"noopener noreferrer\">Saiba Mais<\/a><\/div><\/div>\n<\/div>\n\n\n\n<p><\/p>\n","protected":false},"excerpt":{"rendered":"<p>O Programa de P\u00f3s-Gradua\u00e7\u00e3o em Educa\u00e7\u00e3o e Ensino de Ci\u00eancias na Amaz\u00f4nia (PPGEECA) do Centro de Ci\u00eancias Sociais e Educa\u00e7\u00e3o (CCSE) torna p\u00fablica a sele\u00e7\u00e3o para cursar disciplina isolada, sem v\u00ednculo com o PPGEECA, como aluno especial. Para requerer a inscri\u00e7\u00e3o, o candidato precisa enviar a documenta\u00e7\u00e3o necess\u00e1ria para o e-mail&nbsp;ppgeeca.uepa@gmail.com, no per\u00edodo de&nbsp;17\/06 a [&hellip;]<\/p>\n","protected":false},"author":1,"featured_media":0,"parent":0,"menu_order":0,"comment_status":"closed","ping_status":"closed","template":"","meta":{"_uag_custom_page_level_css":"","site-sidebar-layout":"default","site-content-layout":"","ast-site-content-layout":"","site-content-style":"default","site-sidebar-style":"default","ast-global-header-display":"","ast-banner-title-visibility":"","ast-main-header-display":"","ast-hfb-above-header-display":"","ast-hfb-below-header-display":"","ast-hfb-mobile-header-display":"","site-post-title":"","ast-breadcrumbs-content":"","ast-featured-img":"","footer-sml-layout":"","theme-transparent-header-meta":"","adv-header-id-meta":"","stick-header-meta":"","header-above-stick-meta":"","header-main-stick-meta":"","header-below-stick-meta":"","astra-migrate-meta-layouts":"default","ast-page-background-enabled":"default","ast-page-background-meta":{"desktop":{"background-color":"var(--ast-global-color-4)","background-image":"","background-repeat":"repeat","background-position":"center center","background-size":"auto","background-attachment":"scroll","background-type":"","background-media":"","overlay-type":"","overlay-color":"","overlay-opacity":"","overlay-gradient":""},"tablet":{"background-color":"","background-image":"","background-repeat":"repeat","background-position":"center center","background-size":"auto","background-attachment":"scroll","background-type":"","background-media":"","overlay-type":"","overlay-color":"","overlay-opacity":"","overlay-gradient":""},"mobile":{"background-color":"","background-image":"","background-repeat":"repeat","background-position":"center center","background-size":"auto","background-attachment":"scroll","background-type":"","background-media":"","overlay-type":"","overlay-color":"","overlay-opacity":"","overlay-gradient":""}},"ast-content-background-meta":{"desktop":{"background-color":"var(--ast-global-color-5)","background-image":"","background-repeat":"repeat","background-position":"center center","background-size":"auto","background-attachment":"scroll","background-type":"","background-media":"","overlay-type":"","overlay-color":"","overlay-opacity":"","overlay-gradient":""},"tablet":{"background-color":"var(--ast-global-color-5)","background-image":"","background-repeat":"repeat","background-position":"center center","background-size":"auto","background-attachment":"scroll","background-type":"","background-media":"","overlay-type":"","overlay-color":"","overlay-opacity":"","overlay-gradient":""},"mobile":{"background-color":"var(--ast-global-color-5)","background-image":"","background-repeat":"repeat","background-position":"center center","background-size":"auto","background-attachment":"scroll","background-type":"","background-media":"","overlay-type":"","overlay-color":"","overlay-opacity":"","overlay-gradient":""}},"footnotes":""},"class_list":["post-2914","page","type-page","status-publish","hentry"],"uagb_featured_image_src":{"full":false,"thumbnail":false,"medium":false,"medium_large":false,"large":false,"1536x1536":false,"2048x2048":false},"uagb_author_info":{"display_name":"adminsites@uepa.br","author_link":"https:\/\/propesp.uepa.br\/ppgeeca\/author\/adminsitesuepa-br\/"},"uagb_comment_info":0,"uagb_excerpt":"O Programa de P\u00f3s-Gradua\u00e7\u00e3o em Educa\u00e7\u00e3o e Ensino de Ci\u00eancias na Amaz\u00f4nia (PPGEECA) do Centro de Ci\u00eancias Sociais e Educa\u00e7\u00e3o (CCSE) torna p\u00fablica a sele\u00e7\u00e3o para cursar disciplina isolada, sem v\u00ednculo com o PPGEECA, como aluno especial. Para requerer a inscri\u00e7\u00e3o, o candidato precisa enviar a documenta\u00e7\u00e3o necess\u00e1ria para o e-mail&nbsp;ppgeeca.uepa@gmail.com, no per\u00edodo de&nbsp;17\/06 a&hellip;","_links":{"self":[{"href":"https:\/\/propesp.uepa.br\/ppgeeca\/wp-json\/wp\/v2\/pages\/2914","targetHints":{"allow":["GET"]}}],"collection":[{"href":"https:\/\/propesp.uepa.br\/ppgeeca\/wp-json\/wp\/v2\/pages"}],"about":[{"href":"https:\/\/propesp.uepa.br\/ppgeeca\/wp-json\/wp\/v2\/types\/page"}],"author":[{"embeddable":true,"href":"https:\/\/propesp.uepa.br\/ppgeeca\/wp-json\/wp\/v2\/users\/1"}],"replies":[{"embeddable":true,"href":"https:\/\/propesp.uepa.br\/ppgeeca\/wp-json\/wp\/v2\/comments?post=2914"}],"version-history":[{"count":17,"href":"https:\/\/propesp.uepa.br\/ppgeeca\/wp-json\/wp\/v2\/pages\/2914\/revisions"}],"predecessor-version":[{"id":4098,"href":"https:\/\/propesp.uepa.br\/ppgeeca\/wp-json\/wp\/v2\/pages\/2914\/revisions\/4098"}],"wp:attachment":[{"href":"https:\/\/propesp.uepa.br\/ppgeeca\/wp-json\/wp\/v2\/media?parent=2914"}],"curies":[{"name":"wp","href":"https:\/\/api.w.org\/{rel}","templated":true}]}}