{"id":2932,"date":"2025-03-18T16:54:54","date_gmt":"2025-03-18T19:54:54","guid":{"rendered":"https:\/\/propesp.uepa.br\/ppgeeca\/?page_id=2932"},"modified":"2025-07-22T14:16:01","modified_gmt":"2025-07-22T17:16:01","slug":"chamada-interna-no02-2024","status":"publish","type":"page","link":"https:\/\/propesp.uepa.br\/ppgeeca\/chamada-interna-no02-2024\/","title":{"rendered":"Chamada Interna N\u00ba02\/2024"},"content":{"rendered":"\n<p style=\"margin-right:var(--wp--preset--spacing--30);margin-left:var(--wp--preset--spacing--30);font-size:21px\"><mark style=\"background-color:rgba(0, 0, 0, 0);color:#000000\" class=\"has-inline-color\">A Comiss\u00e3o eleitoral institu\u00edda para elei\u00e7\u00e3o de Coordena\u00e7\u00e3o Geral e Coordena\u00e7\u00e3o adjunta do PPGEECA\/UEPA, convoca seus docentes credenciados, T\u00e9cnicos administrativos e discentes regularmente matriculados para elegerem o Coordenador(a) e Coordenador(a) adjunto(a) para o quadri\u00eanio janeiro\/2025 a dezembro\/2028.<\/mark><\/p>\n\n\n\n<p style=\"margin-right:var(--wp--preset--spacing--30);margin-left:var(--wp--preset--spacing--30);font-size:21px\"><mark style=\"background-color:rgba(0, 0, 0, 0);color:#000000\" class=\"has-inline-color\">O pleito ser\u00e1 realizado no dia 19 de dezembro de 2024.<\/mark><\/p>\n\n\n\n<p class=\"has-text-align-center\" style=\"font-size:21px\"><mark style=\"background-color:rgba(0, 0, 0, 0);color:#000000\" class=\"has-inline-color\">Bel\u00e9m, 03 de dezembro de 2024.<strong><br>Comiss\u00e3o eleitoral do PPGEECA<\/strong><\/mark><\/p>\n\n\n\n<div class=\"wp-block-uagb-container uagb-block-a154a4c3 default uagb-is-root-container\">\n<div class=\"wp-block-uagb-call-to-action uagb-block-081d1d72 wp-block-button\"><div class=\"uagb-cta__wrap\"><h3 class=\"uagb-cta__title\">Convoca\u00e7\u00e3o para Elei\u00e7\u00e3o de Coordenador(a) e Coordenador(a) Adjunto(a) do Programa de P\u00f3s-gradua\u00e7\u00e3o em Educa\u00e7\u00e3o e Ensino de Ci\u00eancias na Amaz\u00f4nia (PPGEECA)<\/h3><\/div><div class=\"uagb-cta__buttons\"><a href=\"https:\/\/propesp.uepa.br\/ppgeeca\/wp-content\/uploads\/2025\/03\/03_12_2024_CHAMADA-eleicao_PPGEECA_2024.pdf\" class=\"uagb-cta__button-link-wrapper wp-block-button__link\" target=\"_blank\" rel=\"noopener noreferrer\">Saiba Mais<\/a><\/div><\/div>\n\n\n\n<div class=\"wp-block-uagb-call-to-action uagb-block-5f0a6777 wp-block-button\"><div class=\"uagb-cta__wrap\"><h3 class=\"uagb-cta__title\">Resultado Parcial da Homologa\u00e7\u00e3o da(s) Chapa(s) para Concorrer nas Elei\u00e7\u00f5es para Coordena\u00e7\u00e3o e Vice-coordena\u00e7\u00e3o do PPGEECA<\/h3><\/div><div class=\"uagb-cta__buttons\"><a href=\"https:\/\/propesp.uepa.br\/ppgeeca\/wp-content\/uploads\/2025\/03\/RESULTADO-PARCIAL-DA-HOMOLOGACAO-PPGEECA-1.pdf\" class=\"uagb-cta__button-link-wrapper wp-block-button__link\" target=\"_blank\" rel=\"noopener noreferrer\">Saiba Mais<\/a><\/div><\/div>\n\n\n\n<div class=\"wp-block-uagb-call-to-action uagb-block-e635dd40 wp-block-button\"><div class=\"uagb-cta__wrap\"><h3 class=\"uagb-cta__title\">Resultado Final da Homologa\u00e7\u00e3o da(a) Chapa(s) Inscrita(s)<\/h3><\/div><div class=\"uagb-cta__buttons\"><a href=\"https:\/\/propesp.uepa.br\/ppgeeca\/wp-content\/uploads\/2025\/03\/RESULTADO-FINAL-DA-HOMOLOGACAO-PPGEECA-1.pdf\" class=\"uagb-cta__button-link-wrapper wp-block-button__link\" target=\"_blank\" rel=\"noopener noreferrer\">Saiba Mais<\/a><\/div><\/div>\n<\/div>\n","protected":false},"excerpt":{"rendered":"<p>A Comiss\u00e3o eleitoral institu\u00edda para elei\u00e7\u00e3o de Coordena\u00e7\u00e3o Geral e Coordena\u00e7\u00e3o adjunta do PPGEECA\/UEPA, convoca seus docentes credenciados, T\u00e9cnicos administrativos e discentes regularmente matriculados para elegerem o Coordenador(a) e Coordenador(a) adjunto(a) para o quadri\u00eanio janeiro\/2025 a dezembro\/2028. O pleito ser\u00e1 realizado no dia 19 de dezembro de 2024. Bel\u00e9m, 03 de dezembro de 2024.Comiss\u00e3o eleitoral [&hellip;]<\/p>\n","protected":false},"author":1,"featured_media":0,"parent":0,"menu_order":0,"comment_status":"closed","ping_status":"closed","template":"","meta":{"_uag_custom_page_level_css":"","site-sidebar-layout":"default","site-content-layout":"","ast-site-content-layout":"","site-content-style":"default","site-sidebar-style":"default","ast-global-header-display":"","ast-banner-title-visibility":"","ast-main-header-display":"","ast-hfb-above-header-display":"","ast-hfb-below-header-display":"","ast-hfb-mobile-header-display":"","site-post-title":"","ast-breadcrumbs-content":"","ast-featured-img":"","footer-sml-layout":"","theme-transparent-header-meta":"","adv-header-id-meta":"","stick-header-meta":"","header-above-stick-meta":"","header-main-stick-meta":"","header-below-stick-meta":"","astra-migrate-meta-layouts":"default","ast-page-background-enabled":"default","ast-page-background-meta":{"desktop":{"background-color":"var(--ast-global-color-4)","background-image":"","background-repeat":"repeat","background-position":"center center","background-size":"auto","background-attachment":"scroll","background-type":"","background-media":"","overlay-type":"","overlay-color":"","overlay-opacity":"","overlay-gradient":""},"tablet":{"background-color":"","background-image":"","background-repeat":"repeat","background-position":"center center","background-size":"auto","background-attachment":"scroll","background-type":"","background-media":"","overlay-type":"","overlay-color":"","overlay-opacity":"","overlay-gradient":""},"mobile":{"background-color":"","background-image":"","background-repeat":"repeat","background-position":"center center","background-size":"auto","background-attachment":"scroll","background-type":"","background-media":"","overlay-type":"","overlay-color":"","overlay-opacity":"","overlay-gradient":""}},"ast-content-background-meta":{"desktop":{"background-color":"var(--ast-global-color-5)","background-image":"","background-repeat":"repeat","background-position":"center center","background-size":"auto","background-attachment":"scroll","background-type":"","background-media":"","overlay-type":"","overlay-color":"","overlay-opacity":"","overlay-gradient":""},"tablet":{"background-color":"var(--ast-global-color-5)","background-image":"","background-repeat":"repeat","background-position":"center center","background-size":"auto","background-attachment":"scroll","background-type":"","background-media":"","overlay-type":"","overlay-color":"","overlay-opacity":"","overlay-gradient":""},"mobile":{"background-color":"var(--ast-global-color-5)","background-image":"","background-repeat":"repeat","background-position":"center center","background-size":"auto","background-attachment":"scroll","background-type":"","background-media":"","overlay-type":"","overlay-color":"","overlay-opacity":"","overlay-gradient":""}},"footnotes":""},"class_list":["post-2932","page","type-page","status-publish","hentry"],"uagb_featured_image_src":{"full":false,"thumbnail":false,"medium":false,"medium_large":false,"large":false,"1536x1536":false,"2048x2048":false},"uagb_author_info":{"display_name":"adminsites@uepa.br","author_link":"https:\/\/propesp.uepa.br\/ppgeeca\/author\/adminsitesuepa-br\/"},"uagb_comment_info":0,"uagb_excerpt":"A Comiss\u00e3o eleitoral institu\u00edda para elei\u00e7\u00e3o de Coordena\u00e7\u00e3o Geral e Coordena\u00e7\u00e3o adjunta do PPGEECA\/UEPA, convoca seus docentes credenciados, T\u00e9cnicos administrativos e discentes regularmente matriculados para elegerem o Coordenador(a) e Coordenador(a) adjunto(a) para o quadri\u00eanio janeiro\/2025 a dezembro\/2028. O pleito ser\u00e1 realizado no dia 19 de dezembro de 2024. Bel\u00e9m, 03 de dezembro de 2024.Comiss\u00e3o eleitoral&hellip;","_links":{"self":[{"href":"https:\/\/propesp.uepa.br\/ppgeeca\/wp-json\/wp\/v2\/pages\/2932","targetHints":{"allow":["GET"]}}],"collection":[{"href":"https:\/\/propesp.uepa.br\/ppgeeca\/wp-json\/wp\/v2\/pages"}],"about":[{"href":"https:\/\/propesp.uepa.br\/ppgeeca\/wp-json\/wp\/v2\/types\/page"}],"author":[{"embeddable":true,"href":"https:\/\/propesp.uepa.br\/ppgeeca\/wp-json\/wp\/v2\/users\/1"}],"replies":[{"embeddable":true,"href":"https:\/\/propesp.uepa.br\/ppgeeca\/wp-json\/wp\/v2\/comments?post=2932"}],"version-history":[{"count":12,"href":"https:\/\/propesp.uepa.br\/ppgeeca\/wp-json\/wp\/v2\/pages\/2932\/revisions"}],"predecessor-version":[{"id":3966,"href":"https:\/\/propesp.uepa.br\/ppgeeca\/wp-json\/wp\/v2\/pages\/2932\/revisions\/3966"}],"wp:attachment":[{"href":"https:\/\/propesp.uepa.br\/ppgeeca\/wp-json\/wp\/v2\/media?parent=2932"}],"curies":[{"name":"wp","href":"https:\/\/api.w.org\/{rel}","templated":true}]}}