{"id":312,"date":"2024-10-10T14:40:54","date_gmt":"2024-10-10T17:40:54","guid":{"rendered":"https:\/\/propesp.uepa.br\/ppgeeca\/?page_id=312"},"modified":"2025-08-05T15:10:57","modified_gmt":"2025-08-05T18:10:57","slug":"turma-2022-p1","status":"publish","type":"page","link":"https:\/\/propesp.uepa.br\/ppgeeca\/turma-2022-p1\/","title":{"rendered":"Turma 2020"},"content":{"rendered":"\n<div class=\"wp-block-media-text is-stacked-on-mobile\" style=\"grid-template-columns:18% auto\"><figure class=\"wp-block-media-text__media\"><img loading=\"lazy\" decoding=\"async\" width=\"211\" height=\"300\" src=\"https:\/\/propesp.uepa.br\/ppgeeca\/wp-content\/uploads\/2024\/10\/PE-Tatiana-PPGEECA-1-211x300-1.png\" alt=\"\" class=\"wp-image-1301 size-full\"\/><\/figure><div class=\"wp-block-media-text__content\"><div class=\"sdm_download_item \"><div class=\"sdm_download_item_top\"><div class=\"sdm_download_thumbnail\"><\/div><div class=\"sdm_download_title\">Produto Educacional<\/div><\/div><div style=\"clear:both;\"><\/div><div class=\"sdm_download_description\"><p><strong>Processo formativo para professores de Ci\u00eancias na Amaz\u00f4nia: Saberes e trocas sobre o processo de ensino-aprendizagem de alunos surdos<\/strong><\/p>\n<p>Tatiana de Paula Monteiro Gomes<br \/>\nBianca Venturieri<\/p>\n<\/div><div class=\"sdm_download_link\"><span class=\"sdm_download_button\"><a href=\"https:\/\/propesp.uepa.br\/ppgeeca\/?sdm_process_download=1&#038;download_id=4650\" class=\"sdm_download green\" title=\"Produto Educacional\" target=\"_blank\">Baixar agora!<\/a><\/span><span class=\"sdm_download_item_count\"><span class=\"sdm_item_count_number\">123<\/span><span class=\"sdm_item_count_string\"> Downloads<\/span><\/span><\/div><\/div><div class=\"sdm_clear_float\"><\/div><\/div><\/div>\n\n\n\n<p><\/p>\n\n\n\n<div class=\"wp-block-media-text is-stacked-on-mobile\" style=\"grid-template-columns:18% auto\"><figure class=\"wp-block-media-text__media\"><img loading=\"lazy\" decoding=\"async\" width=\"211\" height=\"300\" src=\"https:\/\/propesp.uepa.br\/ppgeeca\/wp-content\/uploads\/2024\/10\/PE-Luiz-Claudio-211x300-1.png\" alt=\"\" class=\"wp-image-1302 size-full\"\/><\/figure><div class=\"wp-block-media-text__content\"><div class=\"sdm_download_item \"><div class=\"sdm_download_item_top\"><div class=\"sdm_download_thumbnail\"><\/div><div class=\"sdm_download_title\">Produto Educacional<\/div><\/div><div style=\"clear:both;\"><\/div><div class=\"sdm_download_description\"><p><strong>Oficinas de ensino de Ci\u00eancias e Rob\u00f3tica Educacional no contexto amaz\u00f4nico<\/strong><\/p>\n<p>Luiz Claudio Ferreira de Souza<br \/>\nJos\u00e9 Fernando Pereira Leal<\/p>\n<\/div><div class=\"sdm_download_link\"><span class=\"sdm_download_button\"><a href=\"https:\/\/propesp.uepa.br\/ppgeeca\/?sdm_process_download=1&#038;download_id=4654\" class=\"sdm_download green\" title=\"Produto Educacional\" target=\"_blank\">Baixar agora!<\/a><\/span><span class=\"sdm_download_item_count\"><span class=\"sdm_item_count_number\">139<\/span><span class=\"sdm_item_count_string\"> Downloads<\/span><\/span><\/div><\/div><div class=\"sdm_clear_float\"><\/div>\n\n\n<div class=\"wp-block-uagb-image uagb-block-cc29b495 wp-block-uagb-image--layout-default wp-block-uagb-image--effect-static wp-block-uagb-image--align-none\"><figure class=\"wp-block-uagb-image__figure\"><\/figure><\/div>\n<\/div><\/div>\n\n\n\n<p><\/p>\n\n\n\n<div class=\"wp-block-media-text is-stacked-on-mobile\" style=\"grid-template-columns:18% auto\"><figure class=\"wp-block-media-text__media\"><img loading=\"lazy\" decoding=\"async\" width=\"212\" height=\"300\" src=\"https:\/\/propesp.uepa.br\/ppgeeca\/wp-content\/uploads\/2024\/10\/PE-Vanja-1-212x300-1.png\" alt=\"\" class=\"wp-image-1105 size-full\"\/><\/figure><div class=\"wp-block-media-text__content\"><div class=\"sdm_download_item \"><div class=\"sdm_download_item_top\"><div class=\"sdm_download_thumbnail\"><\/div><div class=\"sdm_download_title\">Produto Educacional<\/div><\/div><div style=\"clear:both;\"><\/div><div class=\"sdm_download_description\"><p><strong>Processo formativo: Tecnologias digitais de informa\u00e7\u00e3o e comunica\u00e7\u00e3o para pr\u00e1ticas pedag\u00f3gicas de professores de Ci\u00eancias no contexto amaz\u00f4nico<\/strong><\/p>\n<p>Vanja Vago de Vilhena<br \/>\nLuely Oliveira da Silva<\/p>\n<\/div><div class=\"sdm_download_link\"><span class=\"sdm_download_button\"><a href=\"https:\/\/propesp.uepa.br\/ppgeeca\/?sdm_process_download=1&#038;download_id=4663\" class=\"sdm_download green\" title=\"Produto Educacional\" target=\"_blank\">Baixar agora!<\/a><\/span><span class=\"sdm_download_item_count\"><span class=\"sdm_item_count_number\">114<\/span><span class=\"sdm_item_count_string\"> Downloads<\/span><\/span><\/div><\/div><div class=\"sdm_clear_float\"><\/div>\n\n\n<div class=\"wp-block-uagb-image uagb-block-5e2ebae5 wp-block-uagb-image--layout-default wp-block-uagb-image--effect-static wp-block-uagb-image--align-none\"><figure class=\"wp-block-uagb-image__figure\"><\/figure><\/div>\n<\/div><\/div>\n\n\n\n<p><\/p>\n\n\n\n<div class=\"wp-block-media-text is-stacked-on-mobile\" style=\"grid-template-columns:18% auto\"><figure class=\"wp-block-media-text__media\"><img loading=\"lazy\" decoding=\"async\" width=\"211\" height=\"300\" src=\"https:\/\/propesp.uepa.br\/ppgeeca\/wp-content\/uploads\/2024\/10\/PE-Paloma-211x300-1.png\" alt=\"\" class=\"wp-image-1100 size-full\"\/><\/figure><div class=\"wp-block-media-text__content\"><div class=\"sdm_download_item \"><div class=\"sdm_download_item_top\"><div class=\"sdm_download_thumbnail\"><\/div><div class=\"sdm_download_title\">Produto Educacional<\/div><\/div><div style=\"clear:both;\"><\/div><div class=\"sdm_download_description\"><p><strong>Guia did\u00e1tico: Uma proposta de sequ\u00eancia did\u00e1tica para o ensino de reprodu\u00e7\u00e3o humana no contexto marajoara<\/strong><\/p>\n<p>Paloma Barboza dos Santos<br \/>\nAlcindo da Silva Martins Junior<\/p>\n<\/div><div class=\"sdm_download_link\"><span class=\"sdm_download_button\"><a href=\"https:\/\/propesp.uepa.br\/ppgeeca\/?sdm_process_download=1&#038;download_id=4667\" class=\"sdm_download green\" title=\"Produto Educacional\" target=\"_blank\">Baixar agora!<\/a><\/span><span class=\"sdm_download_item_count\"><span class=\"sdm_item_count_number\">121<\/span><span class=\"sdm_item_count_string\"> Downloads<\/span><\/span><\/div><\/div><div class=\"sdm_clear_float\"><\/div>\n\n\n<div class=\"wp-block-uagb-image uagb-block-db848331 wp-block-uagb-image--layout-default wp-block-uagb-image--effect-static wp-block-uagb-image--align-none\"><figure class=\"wp-block-uagb-image__figure\"><\/figure><\/div>\n<\/div><\/div>\n\n\n\n<p><\/p>\n\n\n\n<div class=\"wp-block-media-text is-stacked-on-mobile\" style=\"grid-template-columns:18% auto\"><figure class=\"wp-block-media-text__media\"><img loading=\"lazy\" decoding=\"async\" width=\"211\" height=\"300\" src=\"https:\/\/propesp.uepa.br\/ppgeeca\/wp-content\/uploads\/2024\/10\/PE-Ruth-1-211x300-1.png\" alt=\"\" class=\"wp-image-1101 size-full\"\/><\/figure><div class=\"wp-block-media-text__content\"><div class=\"sdm_download_item \"><div class=\"sdm_download_item_top\"><div class=\"sdm_download_thumbnail\"><\/div><div class=\"sdm_download_title\">Produto Educacional<\/div><\/div><div style=\"clear:both;\"><\/div><div class=\"sdm_download_description\"><p><strong>Guia de orienta\u00e7\u00e3o did\u00e1tica sobre compostagem de res\u00edduos org\u00e2nicos<\/strong><\/p>\n<p>Ruth Helem Dias de Vilhena<br \/>\nPriscyla Cristinny Santiago da Luz<\/p>\n<\/div><div class=\"sdm_download_link\"><span class=\"sdm_download_button\"><a href=\"https:\/\/propesp.uepa.br\/ppgeeca\/?sdm_process_download=1&#038;download_id=4695\" class=\"sdm_download green\" title=\"Produto Educacional\" target=\"_blank\">Baixar agora!<\/a><\/span><span class=\"sdm_download_item_count\"><span class=\"sdm_item_count_number\">110<\/span><span class=\"sdm_item_count_string\"> Downloads<\/span><\/span><\/div><\/div><div class=\"sdm_clear_float\"><\/div>\n\n\n<div class=\"wp-block-uagb-image uagb-block-ecd345f9 wp-block-uagb-image--layout-default wp-block-uagb-image--effect-static wp-block-uagb-image--align-none\"><figure class=\"wp-block-uagb-image__figure\"><\/figure><\/div>\n<\/div><\/div>\n\n\n\n<p><\/p>\n\n\n\n<div class=\"wp-block-media-text is-stacked-on-mobile\" style=\"grid-template-columns:18% auto\"><figure class=\"wp-block-media-text__media\"><img loading=\"lazy\" decoding=\"async\" width=\"212\" height=\"300\" src=\"https:\/\/propesp.uepa.br\/ppgeeca\/wp-content\/uploads\/2024\/10\/PE-Tiago-1-212x300-1.png\" alt=\"\" class=\"wp-image-1104 size-full\"\/><\/figure><div class=\"wp-block-media-text__content\"><div class=\"sdm_download_item \"><div class=\"sdm_download_item_top\"><div class=\"sdm_download_thumbnail\"><\/div><div class=\"sdm_download_title\">Produto Educacional<\/div><\/div><div style=\"clear:both;\"><\/div><div class=\"sdm_download_description\"><p><strong>Forma\u00e7\u00e3o continuada colaborativa: (Re)pensando e compartilhando pr\u00e1ticas educativas por meio de sequ\u00eancias did\u00e1ticas investigativas em ensino de Ci\u00eancias<\/strong><\/p>\n<p>Pedro Tiago Pereira Leite<br \/>\nIn\u00eas Trevisan<\/p>\n<\/div><div class=\"sdm_download_link\"><span class=\"sdm_download_button\"><a href=\"https:\/\/propesp.uepa.br\/ppgeeca\/?sdm_process_download=1&#038;download_id=4699\" class=\"sdm_download green\" title=\"Produto Educacional\" target=\"_blank\">Baixar agora!<\/a><\/span><span class=\"sdm_download_item_count\"><span class=\"sdm_item_count_number\">100<\/span><span class=\"sdm_item_count_string\"> Downloads<\/span><\/span><\/div><\/div><div class=\"sdm_clear_float\"><\/div>\n\n\n<div class=\"wp-block-uagb-image uagb-block-34a5bdf9 wp-block-uagb-image--layout-default wp-block-uagb-image--effect-static wp-block-uagb-image--align-none\"><figure class=\"wp-block-uagb-image__figure\"><\/figure><\/div>\n<\/div><\/div>\n\n\n\n<p><\/p>\n\n\n\n<div class=\"wp-block-media-text is-stacked-on-mobile\" style=\"grid-template-columns:18% auto\"><figure class=\"wp-block-media-text__media\"><img loading=\"lazy\" decoding=\"async\" width=\"212\" height=\"300\" src=\"https:\/\/propesp.uepa.br\/ppgeeca\/wp-content\/uploads\/2024\/10\/PE-Mayara-1-212x300-1.png\" alt=\"\" class=\"wp-image-1099 size-full\"\/><\/figure><div class=\"wp-block-media-text__content\"><div class=\"sdm_download_item \"><div class=\"sdm_download_item_top\"><div class=\"sdm_download_thumbnail\"><\/div><div class=\"sdm_download_title\">Produto Educacional<\/div><\/div><div style=\"clear:both;\"><\/div><div class=\"sdm_download_description\"><p><strong>Kit did\u00e1tico Geneticbio<\/strong><\/p>\n<p>Mayara Ferreira Costa<br \/>\nSinaida Maria Vasconcelos<\/p>\n<\/div><div class=\"sdm_download_link\"><span class=\"sdm_download_button\"><a href=\"https:\/\/propesp.uepa.br\/ppgeeca\/?sdm_process_download=1&#038;download_id=4704\" class=\"sdm_download green\" title=\"Produto Educacional\" target=\"_blank\">Baixar agora!<\/a><\/span><span class=\"sdm_download_item_count\"><span class=\"sdm_item_count_number\">110<\/span><span class=\"sdm_item_count_string\"> Downloads<\/span><\/span><\/div><\/div><div class=\"sdm_clear_float\"><\/div>\n\n\n<div class=\"wp-block-uagb-image uagb-block-4523549d wp-block-uagb-image--layout-default wp-block-uagb-image--effect-static wp-block-uagb-image--align-none\"><figure class=\"wp-block-uagb-image__figure\"><\/figure><\/div>\n<\/div><\/div>\n\n\n\n<p><\/p>\n\n\n\n<div class=\"wp-block-media-text is-stacked-on-mobile\" style=\"grid-template-columns:18% auto\"><figure class=\"wp-block-media-text__media\"><img loading=\"lazy\" decoding=\"async\" width=\"212\" height=\"300\" src=\"https:\/\/propesp.uepa.br\/ppgeeca\/wp-content\/uploads\/2024\/10\/PE-ADRIANA-1-212x300-1.png\" alt=\"\" class=\"wp-image-1089 size-full\"\/><\/figure><div class=\"wp-block-media-text__content\"><div class=\"sdm_download_item \"><div class=\"sdm_download_item_top\"><div class=\"sdm_download_thumbnail\"><\/div><div class=\"sdm_download_title\">Produto Educacional<\/div><\/div><div style=\"clear:both;\"><\/div><div class=\"sdm_download_description\"><p><strong>Vou te contar como ensinamos Qu\u00edmica Org\u00e2nica para alunos com defici\u00eancia visual: Guia de orienta\u00e7\u00f5es did\u00e1ticas<\/strong><\/p>\n<p>Adriana Maria Queiroz da Silva Lima<br \/>\nRonilson Freitas de Souza<\/p>\n<\/div><div class=\"sdm_download_link\"><span class=\"sdm_download_button\"><a href=\"https:\/\/propesp.uepa.br\/ppgeeca\/?sdm_process_download=1&#038;download_id=4709\" class=\"sdm_download green\" title=\"Produto Educacional\" target=\"_blank\">Baixar agora!<\/a><\/span><span class=\"sdm_download_item_count\"><span class=\"sdm_item_count_number\">118<\/span><span class=\"sdm_item_count_string\"> Downloads<\/span><\/span><\/div><\/div><div class=\"sdm_clear_float\"><\/div>\n\n\n<div class=\"wp-block-uagb-image uagb-block-3581c06d wp-block-uagb-image--layout-default wp-block-uagb-image--effect-static wp-block-uagb-image--align-none\"><figure class=\"wp-block-uagb-image__figure\"><\/figure><\/div>\n<\/div><\/div>\n\n\n\n<p><\/p>\n\n\n\n<div class=\"wp-block-media-text is-stacked-on-mobile\" style=\"grid-template-columns:18% auto\"><figure class=\"wp-block-media-text__media\"><img loading=\"lazy\" decoding=\"async\" width=\"211\" height=\"300\" src=\"https:\/\/propesp.uepa.br\/ppgeeca\/wp-content\/uploads\/2024\/10\/PE-Kleberson-211x300-1.png\" alt=\"\" class=\"wp-image-1096 size-full\"\/><\/figure><div class=\"wp-block-media-text__content\"><div class=\"sdm_download_item \"><div class=\"sdm_download_item_top\"><div class=\"sdm_download_thumbnail\"><\/div><div class=\"sdm_download_title\">Produto Educacional<\/div><\/div><div style=\"clear:both;\"><\/div><div class=\"sdm_download_description\"><p><strong>Oficina de ensino de Ci\u00eancias por investiga\u00e7\u00e3o no contexto amaz\u00f4nico<\/strong><\/p>\n<p>Kleberson Almeida de Albuquerque<br \/>\nDanielle Rodrigues Monteiro da Costa<\/p>\n<\/div><div class=\"sdm_download_link\"><span class=\"sdm_download_button\"><a href=\"https:\/\/propesp.uepa.br\/ppgeeca\/?sdm_process_download=1&#038;download_id=4713\" class=\"sdm_download green\" title=\"Produto Educacional\" target=\"_blank\">Baixar agora!<\/a><\/span><span class=\"sdm_download_item_count\"><span class=\"sdm_item_count_number\">128<\/span><span class=\"sdm_item_count_string\"> Downloads<\/span><\/span><\/div><\/div><div class=\"sdm_clear_float\"><\/div>\n\n\n<div class=\"wp-block-uagb-image uagb-block-9e0ec710 wp-block-uagb-image--layout-default wp-block-uagb-image--effect-static wp-block-uagb-image--align-none\"><figure class=\"wp-block-uagb-image__figure\"><\/figure><\/div>\n<\/div><\/div>\n\n\n\n<p><\/p>\n\n\n\n<div class=\"wp-block-media-text is-stacked-on-mobile\" style=\"grid-template-columns:18% auto\"><figure class=\"wp-block-media-text__media\"><img loading=\"lazy\" decoding=\"async\" width=\"300\" height=\"212\" src=\"https:\/\/propesp.uepa.br\/ppgeeca\/wp-content\/uploads\/2024\/10\/PE-Thays-300x212-1.png\" alt=\"\" class=\"wp-image-1103 size-full\"\/><\/figure><div class=\"wp-block-media-text__content\"><div class=\"sdm_download_item \"><div class=\"sdm_download_item_top\"><div class=\"sdm_download_thumbnail\"><\/div><div class=\"sdm_download_title\">Produto Educacional<\/div><\/div><div style=\"clear:both;\"><\/div><div class=\"sdm_download_description\"><p><strong>Curso de forma\u00e7\u00e3o continuada para professores(as) de escolas multisseriadas: Ensino de Ci\u00eancias baseado na teoria da aprendizagem significativa<\/strong><\/p>\n<p>Thays Maria das Neves Caldeira<br \/>\nJacirene Vasconcelos de Albuquerque<\/p>\n<\/div><div class=\"sdm_download_link\"><span class=\"sdm_download_button\"><a href=\"https:\/\/propesp.uepa.br\/ppgeeca\/?sdm_process_download=1&#038;download_id=4657\" class=\"sdm_download green\" title=\"Produto Educacional\" target=\"_blank\">Baixar agora!<\/a><\/span><span class=\"sdm_download_item_count\"><span class=\"sdm_item_count_number\">124<\/span><span class=\"sdm_item_count_string\"> Downloads<\/span><\/span><\/div><\/div><div class=\"sdm_clear_float\"><\/div>\n\n\n<div class=\"wp-block-uagb-image uagb-block-b0fa7532 wp-block-uagb-image--layout-default wp-block-uagb-image--effect-static wp-block-uagb-image--align-none\"><figure class=\"wp-block-uagb-image__figure\"><\/figure><\/div>\n<\/div><\/div>\n","protected":false},"excerpt":{"rendered":"","protected":false},"author":1,"featured_media":0,"parent":0,"menu_order":0,"comment_status":"closed","ping_status":"closed","template":"","meta":{"_uag_custom_page_level_css":"","site-sidebar-layout":"default","site-content-layout":"","ast-site-content-layout":"","site-content-style":"default","site-sidebar-style":"default","ast-global-header-display":"","ast-banner-title-visibility":"","ast-main-header-display":"","ast-hfb-above-header-display":"","ast-hfb-below-header-display":"","ast-hfb-mobile-header-display":"","site-post-title":"","ast-breadcrumbs-content":"","ast-featured-img":"","footer-sml-layout":"","theme-transparent-header-meta":"","adv-header-id-meta":"","stick-header-meta":"","header-above-stick-meta":"","header-main-stick-meta":"","header-below-stick-meta":"","astra-migrate-meta-layouts":"default","ast-page-background-enabled":"default","ast-page-background-meta":{"desktop":{"background-color":"var(--ast-global-color-4)","background-image":"","background-repeat":"repeat","background-position":"center center","background-size":"auto","background-attachment":"scroll","background-type":"","background-media":"","overlay-type":"","overlay-color":"","overlay-opacity":"","overlay-gradient":""},"tablet":{"background-color":"","background-image":"","background-repeat":"repeat","background-position":"center center","background-size":"auto","background-attachment":"scroll","background-type":"","background-media":"","overlay-type":"","overlay-color":"","overlay-opacity":"","overlay-gradient":""},"mobile":{"background-color":"","background-image":"","background-repeat":"repeat","background-position":"center center","background-size":"auto","background-attachment":"scroll","background-type":"","background-media":"","overlay-type":"","overlay-color":"","overlay-opacity":"","overlay-gradient":""}},"ast-content-background-meta":{"desktop":{"background-color":"var(--ast-global-color-5)","background-image":"","background-repeat":"repeat","background-position":"center center","background-size":"auto","background-attachment":"scroll","background-type":"","background-media":"","overlay-type":"","overlay-color":"","overlay-opacity":"","overlay-gradient":""},"tablet":{"background-color":"var(--ast-global-color-5)","background-image":"","background-repeat":"repeat","background-position":"center center","background-size":"auto","background-attachment":"scroll","background-type":"","background-media":"","overlay-type":"","overlay-color":"","overlay-opacity":"","overlay-gradient":""},"mobile":{"background-color":"var(--ast-global-color-5)","background-image":"","background-repeat":"repeat","background-position":"center center","background-size":"auto","background-attachment":"scroll","background-type":"","background-media":"","overlay-type":"","overlay-color":"","overlay-opacity":"","overlay-gradient":""}},"footnotes":""},"class_list":["post-312","page","type-page","status-publish","hentry"],"uagb_featured_image_src":{"full":false,"thumbnail":false,"medium":false,"medium_large":false,"large":false,"1536x1536":false,"2048x2048":false},"uagb_author_info":{"display_name":"adminsites@uepa.br","author_link":"https:\/\/propesp.uepa.br\/ppgeeca\/author\/adminsitesuepa-br\/"},"uagb_comment_info":0,"uagb_excerpt":null,"_links":{"self":[{"href":"https:\/\/propesp.uepa.br\/ppgeeca\/wp-json\/wp\/v2\/pages\/312","targetHints":{"allow":["GET"]}}],"collection":[{"href":"https:\/\/propesp.uepa.br\/ppgeeca\/wp-json\/wp\/v2\/pages"}],"about":[{"href":"https:\/\/propesp.uepa.br\/ppgeeca\/wp-json\/wp\/v2\/types\/page"}],"author":[{"embeddable":true,"href":"https:\/\/propesp.uepa.br\/ppgeeca\/wp-json\/wp\/v2\/users\/1"}],"replies":[{"embeddable":true,"href":"https:\/\/propesp.uepa.br\/ppgeeca\/wp-json\/wp\/v2\/comments?post=312"}],"version-history":[{"count":96,"href":"https:\/\/propesp.uepa.br\/ppgeeca\/wp-json\/wp\/v2\/pages\/312\/revisions"}],"predecessor-version":[{"id":4734,"href":"https:\/\/propesp.uepa.br\/ppgeeca\/wp-json\/wp\/v2\/pages\/312\/revisions\/4734"}],"wp:attachment":[{"href":"https:\/\/propesp.uepa.br\/ppgeeca\/wp-json\/wp\/v2\/media?parent=312"}],"curies":[{"name":"wp","href":"https:\/\/api.w.org\/{rel}","templated":true}]}}