{"id":314,"date":"2024-10-10T14:41:20","date_gmt":"2024-10-10T17:41:20","guid":{"rendered":"https:\/\/propesp.uepa.br\/ppgeeca\/?page_id=314"},"modified":"2025-08-07T13:59:14","modified_gmt":"2025-08-07T16:59:14","slug":"turma-2021-p1","status":"publish","type":"page","link":"https:\/\/propesp.uepa.br\/ppgeeca\/turma-2021-p1\/","title":{"rendered":"Turma 2021"},"content":{"rendered":"\n<div class=\"wp-block-media-text is-stacked-on-mobile\" style=\"grid-template-columns:18% auto\"><figure class=\"wp-block-media-text__media\"><img loading=\"lazy\" decoding=\"async\" width=\"211\" height=\"300\" src=\"https:\/\/propesp.uepa.br\/ppgeeca\/wp-content\/uploads\/2024\/10\/PE-Deivison-1-211x300-1.png\" alt=\"\" class=\"wp-image-1091 size-full\"\/><\/figure><div class=\"wp-block-media-text__content\"><div class=\"sdm_download_item \"><div class=\"sdm_download_item_top\"><div class=\"sdm_download_thumbnail\"><\/div><div class=\"sdm_download_title\">Produto Educacional<\/div><\/div><div style=\"clear:both;\"><\/div><div class=\"sdm_download_description\"><p><strong>Interven\u00e7\u00e3o did\u00e1tica no ensino de Ci\u00eancias por meio da aprendizagem baseada na resolu\u00e7\u00e3o de problemas com a tem\u00e1tica \u201cimpactos ambientais causados por agrot\u00f3xicos<\/strong><\/p>\n<p>Deivison Ferreira Oliveira<br \/>\nJos\u00e9 Fernando Pereira Leal<\/p>\n<\/div><div class=\"sdm_download_link\"><span class=\"sdm_download_button\"><a href=\"https:\/\/propesp.uepa.br\/ppgeeca\/?sdm_process_download=1&#038;download_id=4788\" class=\"sdm_download green\" title=\"Produto Educacional\" target=\"_blank\">Baixar agora!<\/a><\/span><span class=\"sdm_download_item_count\"><span class=\"sdm_item_count_number\">103<\/span><span class=\"sdm_item_count_string\"> Downloads<\/span><\/span><\/div><\/div><div class=\"sdm_clear_float\"><\/div><\/div><\/div>\n\n\n\n<p><\/p>\n\n\n\n<div class=\"wp-block-media-text is-stacked-on-mobile\" style=\"grid-template-columns:18% auto\"><figure class=\"wp-block-media-text__media\"><img loading=\"lazy\" decoding=\"async\" width=\"211\" height=\"300\" src=\"https:\/\/propesp.uepa.br\/ppgeeca\/wp-content\/uploads\/2024\/10\/PE-Silvana-211x300-1.png\" alt=\"\" class=\"wp-image-1102 size-full\"\/><\/figure><div class=\"wp-block-media-text__content\"><div class=\"sdm_download_item \"><div class=\"sdm_download_item_top\"><div class=\"sdm_download_thumbnail\"><\/div><div class=\"sdm_download_title\">Produto Educacional<\/div><\/div><div style=\"clear:both;\"><\/div><div class=\"sdm_download_description\"><p><strong>Oficina de ensino por investiga\u00e7\u00e3o com foco na alfabetiza\u00e7\u00e3o cient\u00edfica<\/strong><\/p>\n<p>Silvana de Sousa Pantoja<br \/>\nDanielle Rodrigues Monteiro da Costa<\/p>\n<\/div><div class=\"sdm_download_link\"><span class=\"sdm_download_button\"><a href=\"https:\/\/propesp.uepa.br\/ppgeeca\/?sdm_process_download=1&#038;download_id=4789\" class=\"sdm_download green\" title=\"Produto Educacional\" target=\"_blank\">Baixar agora!<\/a><\/span><span class=\"sdm_download_item_count\"><span class=\"sdm_item_count_number\">106<\/span><span class=\"sdm_item_count_string\"> Downloads<\/span><\/span><\/div><\/div><div class=\"sdm_clear_float\"><\/div><\/div><\/div>\n\n\n\n<p><\/p>\n\n\n\n<div class=\"wp-block-media-text is-stacked-on-mobile\" style=\"grid-template-columns:18% auto\"><figure class=\"wp-block-media-text__media\"><img loading=\"lazy\" decoding=\"async\" width=\"211\" height=\"300\" src=\"https:\/\/propesp.uepa.br\/ppgeeca\/wp-content\/uploads\/2024\/10\/PE-Carla-Edicao-Final-211x300-1.png\" alt=\"\" class=\"wp-image-1090 size-full\"\/><\/figure><div class=\"wp-block-media-text__content\"><div class=\"sdm_download_item \"><div class=\"sdm_download_item_top\"><div class=\"sdm_download_thumbnail\"><\/div><div class=\"sdm_download_title\">Produto Educacional<\/div><\/div><div style=\"clear:both;\"><\/div><div class=\"sdm_download_description\"><p><strong>O Caranguejo U\u00e7arino em: Uma Viagem pelos manguezais de Primavera\/PA<\/strong><\/p>\n<p>Carla Caroline Rocha Sarmento<br \/>\nPriscyla Cristinny Santiago da Luz<br \/>\nAlcindo da Silva Martins Junior<\/p>\n<\/div><div class=\"sdm_download_link\"><span class=\"sdm_download_button\"><a href=\"https:\/\/propesp.uepa.br\/ppgeeca\/?sdm_process_download=1&#038;download_id=4793\" class=\"sdm_download green\" title=\"Produto Educacional\" target=\"_blank\">Baixar agora!<\/a><\/span><span class=\"sdm_download_item_count\"><span class=\"sdm_item_count_number\">117<\/span><span class=\"sdm_item_count_string\"> Downloads<\/span><\/span><\/div><\/div><div class=\"sdm_clear_float\"><\/div><\/div><\/div>\n\n\n\n<p><\/p>\n\n\n\n<div class=\"wp-block-media-text is-stacked-on-mobile\" style=\"grid-template-columns:18% auto\"><figure class=\"wp-block-media-text__media\"><img loading=\"lazy\" decoding=\"async\" width=\"214\" height=\"300\" src=\"https:\/\/propesp.uepa.br\/ppgeeca\/wp-content\/uploads\/2024\/10\/PE-Luciana-Gama-digital-final-1_page-0001-214x300-1.jpg\" alt=\"\" class=\"wp-image-1097 size-full\"\/><\/figure><div class=\"wp-block-media-text__content\"><div class=\"sdm_download_item \"><div class=\"sdm_download_item_top\"><div class=\"sdm_download_thumbnail\"><\/div><div class=\"sdm_download_title\">Produto Educacional<\/div><\/div><div style=\"clear:both;\"><\/div><div class=\"sdm_download_description\"><p><strong>Curso de forma\u00e7\u00e3o continuada no contexto amaz\u00f4nico: O uso da investiga\u00e7\u00e3o-a\u00e7\u00e3o no entrela\u00e7amento entre criar, experimentar e refletir<\/strong><\/p>\n<p>Luciana Larissa Gama de Oliveira<br \/>\nLuely Oliveira da Silva<\/p>\n<\/div><div class=\"sdm_download_link\"><span class=\"sdm_download_button\"><a href=\"https:\/\/propesp.uepa.br\/ppgeeca\/?sdm_process_download=1&#038;download_id=4794\" class=\"sdm_download green\" title=\"Produto Educacional\" target=\"_blank\">Baixar agora!<\/a><\/span><span class=\"sdm_download_item_count\"><span class=\"sdm_item_count_number\">108<\/span><span class=\"sdm_item_count_string\"> Downloads<\/span><\/span><\/div><\/div><div class=\"sdm_clear_float\"><\/div><\/div><\/div>\n\n\n\n<p><\/p>\n\n\n\n<div class=\"wp-block-media-text is-stacked-on-mobile\" style=\"grid-template-columns:18% auto\"><figure class=\"wp-block-media-text__media\"><img loading=\"lazy\" decoding=\"async\" width=\"211\" height=\"300\" src=\"https:\/\/propesp.uepa.br\/ppgeeca\/wp-content\/uploads\/2024\/10\/PE-Karolina-1-211x300-1.png\" alt=\"\" class=\"wp-image-1095 size-full\"\/><\/figure><div class=\"wp-block-media-text__content\"><div class=\"sdm_download_item \"><div class=\"sdm_download_item_top\"><div class=\"sdm_download_thumbnail\"><\/div><div class=\"sdm_download_title\">Produto Educacional<\/div><\/div><div style=\"clear:both;\"><\/div><div class=\"sdm_download_description\"><p><strong>Curso sobre metodologias ativas com enfoque na aprendizagem baseada em problemas utilizando a contextualiza\u00e7\u00e3o regional<\/strong><\/p>\n<p>Karolina Ribeiro dos Santos<br \/>\nDanielle Rodrigues Monteiro da Costa<\/p>\n<\/div><div class=\"sdm_download_link\"><span class=\"sdm_download_button\"><a href=\"https:\/\/propesp.uepa.br\/ppgeeca\/?sdm_process_download=1&#038;download_id=4800\" class=\"sdm_download green\" title=\"Produto Educacional\" target=\"_blank\">Baixar agora!<\/a><\/span><span class=\"sdm_download_item_count\"><span class=\"sdm_item_count_number\">114<\/span><span class=\"sdm_item_count_string\"> Downloads<\/span><\/span><\/div><\/div><div class=\"sdm_clear_float\"><\/div><\/div><\/div>\n\n\n\n<p><\/p>\n\n\n\n<div class=\"wp-block-media-text is-stacked-on-mobile\" style=\"grid-template-columns:18% auto\"><figure class=\"wp-block-media-text__media\"><img loading=\"lazy\" decoding=\"async\" width=\"212\" height=\"300\" src=\"https:\/\/propesp.uepa.br\/ppgeeca\/wp-content\/uploads\/2024\/10\/PE-Mayanna-1-212x300-1.png\" alt=\"\" class=\"wp-image-1098 size-full\"\/><\/figure><div class=\"wp-block-media-text__content\"><div class=\"sdm_download_item \"><div class=\"sdm_download_item_top\"><div class=\"sdm_download_thumbnail\"><\/div><div class=\"sdm_download_title\">Produto Educacional<\/div><\/div><div style=\"clear:both;\"><\/div><div class=\"sdm_download_description\"><p><strong>Ensinando e aprendendo Bot\u00e2nica com plantas aliment\u00edcias n\u00e3o convencionais<\/strong><\/p>\n<p>Mayanna Igreja dos Santos<br \/>\nAlcindo da Silva Martins Junior<\/p>\n<\/div><div class=\"sdm_download_link\"><span class=\"sdm_download_button\"><a href=\"https:\/\/propesp.uepa.br\/ppgeeca\/?sdm_process_download=1&#038;download_id=4807\" class=\"sdm_download green\" title=\"Produto Educacional\" target=\"_blank\">Baixar agora!<\/a><\/span><span class=\"sdm_download_item_count\"><span class=\"sdm_item_count_number\">119<\/span><span class=\"sdm_item_count_string\"> Downloads<\/span><\/span><\/div><\/div><div class=\"sdm_clear_float\"><\/div><\/div><\/div>\n\n\n\n<p><\/p>\n\n\n\n<div class=\"wp-block-media-text is-stacked-on-mobile\" style=\"grid-template-columns:18% auto\"><figure class=\"wp-block-media-text__media\"><img loading=\"lazy\" decoding=\"async\" width=\"212\" height=\"300\" src=\"https:\/\/propesp.uepa.br\/ppgeeca\/wp-content\/uploads\/2024\/10\/Bruno-Maues-da-Silva-Priscyla-Cristinny-Santiago-da-Luz-212x300-1.png\" alt=\"\" class=\"wp-image-1083 size-full\"\/><\/figure><div class=\"wp-block-media-text__content\"><div class=\"sdm_download_item \"><div class=\"sdm_download_item_top\"><div class=\"sdm_download_thumbnail\"><\/div><div class=\"sdm_download_title\">Produto Educacional<\/div><\/div><div style=\"clear:both;\"><\/div><div class=\"sdm_download_description\"><p><strong>Cartilha educativa socioambiental: Saberes e pr\u00e1ticas da comunidade pesqueira do distrito de Vila de Beja em Abaetetuba-Par\u00e1 como estrat\u00e9gia did\u00e1tica para o ensino de Ci\u00eancias<\/strong><\/p>\n<p>Bruno Mau\u00e9s da Silva<br \/>\nPriscyla Cristinny Santiago da Luz<\/p>\n<\/div><div class=\"sdm_download_link\"><span class=\"sdm_download_button\"><a href=\"https:\/\/propesp.uepa.br\/ppgeeca\/?sdm_process_download=1&#038;download_id=4808\" class=\"sdm_download green\" title=\"Produto Educacional\" target=\"_blank\">Baixar agora!<\/a><\/span><span class=\"sdm_download_item_count\"><span class=\"sdm_item_count_number\">106<\/span><span class=\"sdm_item_count_string\"> Downloads<\/span><\/span><\/div><\/div><div class=\"sdm_clear_float\"><\/div><\/div><\/div>\n\n\n\n<p><\/p>\n\n\n\n<div class=\"wp-block-media-text is-stacked-on-mobile\" style=\"grid-template-columns:18% auto\"><figure class=\"wp-block-media-text__media\"><img loading=\"lazy\" decoding=\"async\" width=\"211\" height=\"300\" src=\"https:\/\/propesp.uepa.br\/ppgeeca\/wp-content\/uploads\/2024\/10\/PE-Fabiana-211x300-1.png\" alt=\"\" class=\"wp-image-1092 size-full\"\/><\/figure><div class=\"wp-block-media-text__content\"><div class=\"sdm_download_item \"><div class=\"sdm_download_item_top\"><div class=\"sdm_download_thumbnail\"><\/div><div class=\"sdm_download_title\">Produto Educacional<\/div><\/div><div style=\"clear:both;\"><\/div><div class=\"sdm_download_description\"><p><strong>Atividades pr\u00e1ticas no ensino de Ci\u00eancias por meio da metodologia de projetos com a tem\u00e1tica \u201cqualidade da \u00e1gua\u201d<\/strong><\/p>\n<p>Maria Fabiana Sousa Rosa<br \/>\nRonilson Freitas de Souza<\/p>\n<\/div><div class=\"sdm_download_link\"><span class=\"sdm_download_button\"><a href=\"https:\/\/propesp.uepa.br\/ppgeeca\/?sdm_process_download=1&#038;download_id=4813\" class=\"sdm_download green\" title=\"Produto Educacional\" target=\"_blank\">Baixar agora!<\/a><\/span><span class=\"sdm_download_item_count\"><span class=\"sdm_item_count_number\">115<\/span><span class=\"sdm_item_count_string\"> Downloads<\/span><\/span><\/div><\/div><div class=\"sdm_clear_float\"><\/div><\/div><\/div>\n\n\n\n<p><\/p>\n\n\n\n<div class=\"wp-block-media-text is-stacked-on-mobile\" style=\"grid-template-columns:18% auto\"><figure class=\"wp-block-media-text__media\"><img loading=\"lazy\" decoding=\"async\" width=\"232\" height=\"300\" src=\"https:\/\/propesp.uepa.br\/ppgeeca\/wp-content\/uploads\/2024\/10\/Cover-232x300-1.png\" alt=\"\" class=\"wp-image-1086 size-full\"\/><\/figure><div class=\"wp-block-media-text__content\"><div class=\"sdm_download_item \"><div class=\"sdm_download_item_top\"><div class=\"sdm_download_thumbnail\"><\/div><div class=\"sdm_download_title\">Produto Educacional<\/div><\/div><div style=\"clear:both;\"><\/div><div class=\"sdm_download_description\"><p><strong>Curso de forma\u00e7\u00e3o continuada colaborativa: Di\u00e1logos sobre aspectos socioemocionais e culturais no ensino de Ci\u00eancias na Amaz\u00f4nia Paraense<\/strong><\/p>\n<p>Ana Paula Ara\u00fajo Silva dos Santos<br \/>\nBianca Venturieri<\/p>\n<\/div><div class=\"sdm_download_link\"><span class=\"sdm_download_button\"><a href=\"https:\/\/propesp.uepa.br\/ppgeeca\/?sdm_process_download=1&#038;download_id=4814\" class=\"sdm_download green\" title=\"Produto Educacional\" target=\"_blank\">Baixar agora!<\/a><\/span><span class=\"sdm_download_item_count\"><span class=\"sdm_item_count_number\">104<\/span><span class=\"sdm_item_count_string\"> Downloads<\/span><\/span><\/div><\/div><div class=\"sdm_clear_float\"><\/div><\/div><\/div>\n\n\n\n<p><\/p>\n\n\n\n<div class=\"wp-block-media-text is-stacked-on-mobile\" style=\"grid-template-columns:18% auto\"><figure class=\"wp-block-media-text__media\"><img loading=\"lazy\" decoding=\"async\" width=\"300\" height=\"212\" src=\"https:\/\/propesp.uepa.br\/ppgeeca\/wp-content\/uploads\/2024\/10\/PE-JOSIANE-Defesa-300x212-1.png\" alt=\"\" class=\"wp-image-1094 size-full\"\/><\/figure><div class=\"wp-block-media-text__content\"><div class=\"sdm_download_item \"><div class=\"sdm_download_item_top\"><div class=\"sdm_download_thumbnail\"><\/div><div class=\"sdm_download_title\">Produto Educacional<\/div><\/div><div style=\"clear:both;\"><\/div><div class=\"sdm_download_description\"><p><strong>Forma\u00e7\u00e3o continuada sobre educa\u00e7\u00e3o n\u00e3o sexista no ensino de Ci\u00eancias: Construindo caminhos e saberes com professores(as) da educa\u00e7\u00e3o b\u00e1sica<\/strong><\/p>\n<p>Josiane Maria de Souza Cavalcante<br \/>\nJacirene Vasconcelos de Albuquerque<\/p>\n<\/div><div class=\"sdm_download_link\"><span class=\"sdm_download_button\"><a href=\"https:\/\/propesp.uepa.br\/ppgeeca\/?sdm_process_download=1&#038;download_id=4801\" class=\"sdm_download green\" title=\"Produto Educacional\" target=\"_blank\">Baixar agora!<\/a><\/span><span class=\"sdm_download_item_count\"><span class=\"sdm_item_count_number\">117<\/span><span class=\"sdm_item_count_string\"> Downloads<\/span><\/span><\/div><\/div><div class=\"sdm_clear_float\"><\/div><\/div><\/div>\n","protected":false},"excerpt":{"rendered":"","protected":false},"author":1,"featured_media":0,"parent":0,"menu_order":0,"comment_status":"closed","ping_status":"closed","template":"","meta":{"_uag_custom_page_level_css":"","site-sidebar-layout":"default","site-content-layout":"","ast-site-content-layout":"","site-content-style":"default","site-sidebar-style":"default","ast-global-header-display":"","ast-banner-title-visibility":"","ast-main-header-display":"","ast-hfb-above-header-display":"","ast-hfb-below-header-display":"","ast-hfb-mobile-header-display":"","site-post-title":"","ast-breadcrumbs-content":"","ast-featured-img":"","footer-sml-layout":"","theme-transparent-header-meta":"","adv-header-id-meta":"","stick-header-meta":"","header-above-stick-meta":"","header-main-stick-meta":"","header-below-stick-meta":"","astra-migrate-meta-layouts":"default","ast-page-background-enabled":"default","ast-page-background-meta":{"desktop":{"background-color":"var(--ast-global-color-4)","background-image":"","background-repeat":"repeat","background-position":"center center","background-size":"auto","background-attachment":"scroll","background-type":"","background-media":"","overlay-type":"","overlay-color":"","overlay-opacity":"","overlay-gradient":""},"tablet":{"background-color":"","background-image":"","background-repeat":"repeat","background-position":"center center","background-size":"auto","background-attachment":"scroll","background-type":"","background-media":"","overlay-type":"","overlay-color":"","overlay-opacity":"","overlay-gradient":""},"mobile":{"background-color":"","background-image":"","background-repeat":"repeat","background-position":"center center","background-size":"auto","background-attachment":"scroll","background-type":"","background-media":"","overlay-type":"","overlay-color":"","overlay-opacity":"","overlay-gradient":""}},"ast-content-background-meta":{"desktop":{"background-color":"var(--ast-global-color-5)","background-image":"","background-repeat":"repeat","background-position":"center center","background-size":"auto","background-attachment":"scroll","background-type":"","background-media":"","overlay-type":"","overlay-color":"","overlay-opacity":"","overlay-gradient":""},"tablet":{"background-color":"var(--ast-global-color-5)","background-image":"","background-repeat":"repeat","background-position":"center center","background-size":"auto","background-attachment":"scroll","background-type":"","background-media":"","overlay-type":"","overlay-color":"","overlay-opacity":"","overlay-gradient":""},"mobile":{"background-color":"var(--ast-global-color-5)","background-image":"","background-repeat":"repeat","background-position":"center center","background-size":"auto","background-attachment":"scroll","background-type":"","background-media":"","overlay-type":"","overlay-color":"","overlay-opacity":"","overlay-gradient":""}},"footnotes":""},"class_list":["post-314","page","type-page","status-publish","hentry"],"uagb_featured_image_src":{"full":false,"thumbnail":false,"medium":false,"medium_large":false,"large":false,"1536x1536":false,"2048x2048":false},"uagb_author_info":{"display_name":"adminsites@uepa.br","author_link":"https:\/\/propesp.uepa.br\/ppgeeca\/author\/adminsitesuepa-br\/"},"uagb_comment_info":0,"uagb_excerpt":null,"_links":{"self":[{"href":"https:\/\/propesp.uepa.br\/ppgeeca\/wp-json\/wp\/v2\/pages\/314","targetHints":{"allow":["GET"]}}],"collection":[{"href":"https:\/\/propesp.uepa.br\/ppgeeca\/wp-json\/wp\/v2\/pages"}],"about":[{"href":"https:\/\/propesp.uepa.br\/ppgeeca\/wp-json\/wp\/v2\/types\/page"}],"author":[{"embeddable":true,"href":"https:\/\/propesp.uepa.br\/ppgeeca\/wp-json\/wp\/v2\/users\/1"}],"replies":[{"embeddable":true,"href":"https:\/\/propesp.uepa.br\/ppgeeca\/wp-json\/wp\/v2\/comments?post=314"}],"version-history":[{"count":34,"href":"https:\/\/propesp.uepa.br\/ppgeeca\/wp-json\/wp\/v2\/pages\/314\/revisions"}],"predecessor-version":[{"id":4850,"href":"https:\/\/propesp.uepa.br\/ppgeeca\/wp-json\/wp\/v2\/pages\/314\/revisions\/4850"}],"wp:attachment":[{"href":"https:\/\/propesp.uepa.br\/ppgeeca\/wp-json\/wp\/v2\/media?parent=314"}],"curies":[{"name":"wp","href":"https:\/\/api.w.org\/{rel}","templated":true}]}}