{"id":4670,"date":"2025-08-05T14:15:22","date_gmt":"2025-08-05T17:15:22","guid":{"rendered":"https:\/\/propesp.uepa.br\/ppgeeca\/?page_id=4670"},"modified":"2025-08-05T17:25:50","modified_gmt":"2025-08-05T20:25:50","slug":"turma-2020","status":"publish","type":"page","link":"https:\/\/propesp.uepa.br\/ppgeeca\/turma-2020\/","title":{"rendered":"Turma 2020"},"content":{"rendered":"\n<div class=\"wp-block-media-text is-stacked-on-mobile\" style=\"grid-template-columns:18% auto\"><figure class=\"wp-block-media-text__media\"><img loading=\"lazy\" decoding=\"async\" width=\"212\" height=\"300\" src=\"https:\/\/propesp.uepa.br\/ppgeeca\/wp-content\/uploads\/2024\/10\/tatiana-foto.png\" alt=\"\" class=\"wp-image-1317 size-full\"\/><\/figure><div class=\"wp-block-media-text__content\"><div class=\"sdm_download_item \"><div class=\"sdm_download_item_top\"><div class=\"sdm_download_thumbnail\"><\/div><div class=\"sdm_download_title\">Disserta\u00e7\u00e3o<\/div><\/div><div style=\"clear:both;\"><\/div><div class=\"sdm_download_description\"><p><strong>A forma\u00e7\u00e3o continuada de professores de Ci\u00eancias na Amaz\u00f4nia: A educa\u00e7\u00e3o de surdos em foco<\/strong><\/p>\n<p>Tatiana de Paula Monteiro Gomes<br \/>\nProfa. Dra. Bianca Venturieri &#8211; Orientadora<\/p>\n<\/div><div class=\"sdm_download_link\"><span class=\"sdm_download_button\"><a href=\"https:\/\/propesp.uepa.br\/ppgeeca\/?sdm_process_download=1&#038;download_id=4676\" class=\"sdm_download green\" title=\"Disserta\u00e7\u00e3o\" target=\"_blank\">Baixar agora!<\/a><\/span><span class=\"sdm_download_item_count\"><span class=\"sdm_item_count_number\">145<\/span><span class=\"sdm_item_count_string\"> Downloads<\/span><\/span><\/div><\/div><div class=\"sdm_clear_float\"><\/div><\/div><\/div>\n\n\n\n<p><\/p>\n\n\n\n<div class=\"wp-block-media-text is-stacked-on-mobile\" style=\"grid-template-columns:18% auto\"><figure class=\"wp-block-media-text__media\"><img loading=\"lazy\" decoding=\"async\" width=\"212\" height=\"300\" src=\"https:\/\/propesp.uepa.br\/ppgeeca\/wp-content\/uploads\/2024\/10\/luiz-foto.png\" alt=\"\" class=\"wp-image-1318 size-full\"\/><\/figure><div class=\"wp-block-media-text__content\"><div class=\"sdm_download_item \"><div class=\"sdm_download_item_top\"><div class=\"sdm_download_thumbnail\"><\/div><div class=\"sdm_download_title\">Disserta\u00e7\u00e3o<\/div><\/div><div style=\"clear:both;\"><\/div><div class=\"sdm_download_description\"><p><strong>Rob\u00f3tica educacional como estrat\u00e9gia de ensino de Ci\u00eancias no contexto amaz\u00f4nico<\/strong><\/p>\n<p>Luiz Claudio Ferreira de Souza<br \/>\nProf. Dr. Jos\u00e9 Fernando Pereira Leal &#8211; Orientador<\/p>\n<\/div><div class=\"sdm_download_link\"><span class=\"sdm_download_button\"><a href=\"https:\/\/propesp.uepa.br\/ppgeeca\/?sdm_process_download=1&#038;download_id=4679\" class=\"sdm_download green\" title=\"Disserta\u00e7\u00e3o\" target=\"_blank\">Baixar agora!<\/a><\/span><span class=\"sdm_download_item_count\"><span class=\"sdm_item_count_number\">121<\/span><span class=\"sdm_item_count_string\"> Downloads<\/span><\/span><\/div><\/div><div class=\"sdm_clear_float\"><\/div><\/div><\/div>\n\n\n\n<p><\/p>\n\n\n\n<div class=\"wp-block-media-text is-stacked-on-mobile\" style=\"grid-template-columns:18% auto\"><figure class=\"wp-block-media-text__media\"><img loading=\"lazy\" decoding=\"async\" width=\"212\" height=\"300\" src=\"https:\/\/propesp.uepa.br\/ppgeeca\/wp-content\/uploads\/2024\/10\/vanja-foto.jpg\" alt=\"\" class=\"wp-image-1320 size-full\"\/><\/figure><div class=\"wp-block-media-text__content\"><div class=\"sdm_download_item \"><div class=\"sdm_download_item_top\"><div class=\"sdm_download_thumbnail\"><\/div><div class=\"sdm_download_title\">Disserta\u00e7\u00e3o<\/div><\/div><div style=\"clear:both;\"><\/div><div class=\"sdm_download_description\"><p><strong>As tecnologias digitais de informa\u00e7\u00e3o e comunica\u00e7\u00e3o na forma\u00e7\u00e3o continuada de professores de Ci\u00eancias: Processo formativo usando as tecnologias para aprendizagem e conhecimento no contexto amaz\u00f4nico<\/strong><\/p>\n<p>Vanja Vago de Vilhena<br \/>\nProfa. Dra. Luely Oliveira da Silva &#8211; Orientadora<\/p>\n<\/div><div class=\"sdm_download_link\"><span class=\"sdm_download_button\"><a href=\"https:\/\/propesp.uepa.br\/ppgeeca\/?sdm_process_download=1&#038;download_id=4687\" class=\"sdm_download green\" title=\"Disserta\u00e7\u00e3o\" target=\"_blank\">Baixar agora!<\/a><\/span><span class=\"sdm_download_item_count\"><span class=\"sdm_item_count_number\">126<\/span><span class=\"sdm_item_count_string\"> Downloads<\/span><\/span><\/div><\/div><div class=\"sdm_clear_float\"><\/div><\/div><\/div>\n\n\n\n<p><\/p>\n\n\n\n<div class=\"wp-block-media-text is-stacked-on-mobile\" style=\"grid-template-columns:18% auto\"><figure class=\"wp-block-media-text__media\"><img loading=\"lazy\" decoding=\"async\" width=\"212\" height=\"300\" src=\"https:\/\/propesp.uepa.br\/ppgeeca\/wp-content\/uploads\/2024\/10\/paloma-foto.jpg\" alt=\"\" class=\"wp-image-1321 size-full\"\/><\/figure><div class=\"wp-block-media-text__content\"><div class=\"sdm_download_item \"><div class=\"sdm_download_item_top\"><div class=\"sdm_download_thumbnail\"><\/div><div class=\"sdm_download_title\">Disserta\u00e7\u00e3o<\/div><\/div><div style=\"clear:both;\"><\/div><div class=\"sdm_download_description\"><p><strong>O uso de metodologias ativas no ensino e aprendizagem de Ci\u00eancias: Uma proposta de sequ\u00eancia did\u00e1tica sobre reprodu\u00e7\u00e3o humana em contexto amaz\u00f4nico marajoara<\/strong><\/p>\n<p>Paloma Barboza dos Santos<br \/>\nProf. Dr. Alcindo da Silva Martins Junior &#8211; Orientador<\/p>\n<\/div><div class=\"sdm_download_link\"><span class=\"sdm_download_button\"><a href=\"https:\/\/propesp.uepa.br\/ppgeeca\/?sdm_process_download=1&#038;download_id=4690\" class=\"sdm_download green\" title=\"Disserta\u00e7\u00e3o\" target=\"_blank\">Baixar agora!<\/a><\/span><span class=\"sdm_download_item_count\"><span class=\"sdm_item_count_number\">127<\/span><span class=\"sdm_item_count_string\"> Downloads<\/span><\/span><\/div><\/div><div class=\"sdm_clear_float\"><\/div><\/div><\/div>\n\n\n\n<p><\/p>\n\n\n\n<div class=\"wp-block-media-text is-stacked-on-mobile\" style=\"grid-template-columns:18% auto\"><figure class=\"wp-block-media-text__media\"><img loading=\"lazy\" decoding=\"async\" width=\"212\" height=\"300\" src=\"https:\/\/propesp.uepa.br\/ppgeeca\/wp-content\/uploads\/2024\/10\/ruth-fiti.jpg\" alt=\"\" class=\"wp-image-1322 size-full\"\/><\/figure><div class=\"wp-block-media-text__content\"><div class=\"sdm_download_item \"><div class=\"sdm_download_item_top\"><div class=\"sdm_download_thumbnail\"><\/div><div class=\"sdm_download_title\">Disserta\u00e7\u00e3o<\/div><\/div><div style=\"clear:both;\"><\/div><div class=\"sdm_download_description\"><p><strong>Ensino e aprendizagem em Educa\u00e7\u00e3o Socioambiental a partir da compostagem de res\u00edduos org\u00e2nicos<br \/>\n<\/strong><\/p>\n<p>Ruth Helem Dias de Vilhena<br \/>\nProfa. Dra. Priscyla Cristinny Santiago da Luz &#8211; Orientadora<\/p>\n<\/div><div class=\"sdm_download_link\"><span class=\"sdm_download_button\"><a href=\"https:\/\/propesp.uepa.br\/ppgeeca\/?sdm_process_download=1&#038;download_id=4717\" class=\"sdm_download green\" title=\"Disserta\u00e7\u00e3o\" target=\"_blank\">Baixar agora!<\/a><\/span><span class=\"sdm_download_item_count\"><span class=\"sdm_item_count_number\">149<\/span><span class=\"sdm_item_count_string\"> Downloads<\/span><\/span><\/div><\/div><div class=\"sdm_clear_float\"><\/div><\/div><\/div>\n\n\n\n<p><\/p>\n\n\n\n<div class=\"wp-block-media-text is-stacked-on-mobile\" style=\"grid-template-columns:18% auto\"><figure class=\"wp-block-media-text__media\"><img loading=\"lazy\" decoding=\"async\" width=\"212\" height=\"300\" src=\"https:\/\/propesp.uepa.br\/ppgeeca\/wp-content\/uploads\/2024\/10\/pedro-foto.jpg\" alt=\"\" class=\"wp-image-1323 size-full\"\/><\/figure><div class=\"wp-block-media-text__content\"><div class=\"sdm_download_item \"><div class=\"sdm_download_item_top\"><div class=\"sdm_download_thumbnail\"><\/div><div class=\"sdm_download_title\">Disserta\u00e7\u00e3o<\/div><\/div><div style=\"clear:both;\"><\/div><div class=\"sdm_download_description\"><p><strong>Saberes e pr\u00e1ticas reveladas pelos professores de Ci\u00eancias da Educa\u00e7\u00e3o do Campo: Um processo de forma\u00e7\u00e3o continuada colaborativa na regi\u00e3o amaz\u00f4nica maranhense<br \/>\n<\/strong><\/p>\n<p>Pedro Tiago Pereira Leite<br \/>\nProfa. Dra. In\u00eas Trevisan &#8211; Orientadora<\/p>\n<\/div><div class=\"sdm_download_link\"><span class=\"sdm_download_button\"><a href=\"https:\/\/propesp.uepa.br\/ppgeeca\/?sdm_process_download=1&#038;download_id=4720\" class=\"sdm_download green\" title=\"Disserta\u00e7\u00e3o\" target=\"_blank\">Baixar agora!<\/a><\/span><span class=\"sdm_download_item_count\"><span class=\"sdm_item_count_number\">227<\/span><span class=\"sdm_item_count_string\"> Downloads<\/span><\/span><\/div><\/div><div class=\"sdm_clear_float\"><\/div><\/div><\/div>\n\n\n\n<p><\/p>\n\n\n\n<div class=\"wp-block-media-text is-stacked-on-mobile\" style=\"grid-template-columns:18% auto\"><figure class=\"wp-block-media-text__media\"><img loading=\"lazy\" decoding=\"async\" width=\"212\" height=\"300\" src=\"https:\/\/propesp.uepa.br\/ppgeeca\/wp-content\/uploads\/2024\/10\/mayara-foto.png\" alt=\"\" class=\"wp-image-1325 size-full\"\/><\/figure><div class=\"wp-block-media-text__content\"><div class=\"sdm_download_item \"><div class=\"sdm_download_item_top\"><div class=\"sdm_download_thumbnail\"><\/div><div class=\"sdm_download_title\">Disserta\u00e7\u00e3o<\/div><\/div><div style=\"clear:both;\"><\/div><div class=\"sdm_download_description\"><p><strong>Kit did\u00e1tico Genecticbio: Uma proposta para o ensino e aprendizagem de gen\u00e9tica na Amaz\u00f4nia<br \/>\n<\/strong><\/p>\n<p>Mayara Ferreira Costa<br \/>\nProfa. Dra. Sinaida Maria Vasconcelos &#8211; Orientadora<\/p>\n<\/div><div class=\"sdm_download_link\"><span class=\"sdm_download_button\"><a href=\"https:\/\/propesp.uepa.br\/ppgeeca\/?sdm_process_download=1&#038;download_id=4724\" class=\"sdm_download green\" title=\"Disserta\u00e7\u00e3o\" target=\"_blank\">Baixar agora!<\/a><\/span><span class=\"sdm_download_item_count\"><span class=\"sdm_item_count_number\">126<\/span><span class=\"sdm_item_count_string\"> Downloads<\/span><\/span><\/div><\/div><div class=\"sdm_clear_float\"><\/div><\/div><\/div>\n\n\n\n<p><\/p>\n\n\n\n<div class=\"wp-block-media-text is-stacked-on-mobile\" style=\"grid-template-columns:18% auto\"><figure class=\"wp-block-media-text__media\"><img loading=\"lazy\" decoding=\"async\" width=\"212\" height=\"300\" src=\"https:\/\/propesp.uepa.br\/ppgeeca\/wp-content\/uploads\/2024\/10\/adriana-foto.jpg\" alt=\"\" class=\"wp-image-1327 size-full\"\/><\/figure><div class=\"wp-block-media-text__content\"><div class=\"sdm_download_item \"><div class=\"sdm_download_item_top\"><div class=\"sdm_download_thumbnail\"><\/div><div class=\"sdm_download_title\">Disserta\u00e7\u00e3o<\/div><\/div><div style=\"clear:both;\"><\/div><div class=\"sdm_download_description\"><p><strong>Qu\u00edmica Org\u00e2nica para alunos com defici\u00eancia visual: Uma estrat\u00e9gia de aprendizagem combinando uso de modelos 3D e audiodescri\u00e7\u00e3o<br \/>\n<\/strong><\/p>\n<p>Adriana Maria Queiroz da Silva Lima<br \/>\nProf. Dr. Ronilson Freitas de Souza &#8211; Orientador<\/p>\n<\/div><div class=\"sdm_download_link\"><span class=\"sdm_download_button\"><a href=\"https:\/\/propesp.uepa.br\/ppgeeca\/?sdm_process_download=1&#038;download_id=4729\" class=\"sdm_download green\" title=\"Disserta\u00e7\u00e3o\" target=\"_blank\">Baixar agora!<\/a><\/span><span class=\"sdm_download_item_count\"><span class=\"sdm_item_count_number\">110<\/span><span class=\"sdm_item_count_string\"> Downloads<\/span><\/span><\/div><\/div><div class=\"sdm_clear_float\"><\/div><\/div><\/div>\n\n\n\n<p><\/p>\n\n\n\n<div class=\"wp-block-media-text is-stacked-on-mobile\" style=\"grid-template-columns:18% auto\"><figure class=\"wp-block-media-text__media\"><img loading=\"lazy\" decoding=\"async\" width=\"212\" height=\"300\" src=\"https:\/\/propesp.uepa.br\/ppgeeca\/wp-content\/uploads\/2024\/10\/kleberson-foto.jpg\" alt=\"\" class=\"wp-image-1328 size-full\"\/><\/figure><div class=\"wp-block-media-text__content\"><div class=\"sdm_download_item \"><div class=\"sdm_download_item_top\"><div class=\"sdm_download_thumbnail\"><\/div><div class=\"sdm_download_title\">Disserta\u00e7\u00e3o<\/div><\/div><div style=\"clear:both;\"><\/div><div class=\"sdm_download_description\"><p><strong>Ensino de Ci\u00eancias por investiga\u00e7\u00e3o e o desenvolvimento de saberes docentes na Amaz\u00f4nia<br \/>\n<\/strong><\/p>\n<p>Kleberson Almeida de Albuquerque<br \/>\nProfa. Dra. Danielle Rodrigues Monteiro da Costa &#8211; Orientadora<\/p>\n<\/div><div class=\"sdm_download_link\"><span class=\"sdm_download_button\"><a href=\"https:\/\/propesp.uepa.br\/ppgeeca\/?sdm_process_download=1&#038;download_id=4732\" class=\"sdm_download green\" title=\"Disserta\u00e7\u00e3o\" target=\"_blank\">Baixar agora!<\/a><\/span><span class=\"sdm_download_item_count\"><span class=\"sdm_item_count_number\">272<\/span><span class=\"sdm_item_count_string\"> Downloads<\/span><\/span><\/div><\/div><div class=\"sdm_clear_float\"><\/div><\/div><\/div>\n\n\n\n<p><\/p>\n\n\n\n<div class=\"wp-block-media-text is-stacked-on-mobile\" style=\"grid-template-columns:18% auto\"><figure class=\"wp-block-media-text__media\"><img loading=\"lazy\" decoding=\"async\" width=\"212\" height=\"300\" src=\"https:\/\/propesp.uepa.br\/ppgeeca\/wp-content\/uploads\/2024\/10\/thays-fot.jpg\" alt=\"\" class=\"wp-image-1319 size-full\"\/><\/figure><div class=\"wp-block-media-text__content\"><div class=\"sdm_download_item \"><div class=\"sdm_download_item_top\"><div class=\"sdm_download_thumbnail\"><\/div><div class=\"sdm_download_title\">Disserta\u00e7\u00e3o<\/div><\/div><div style=\"clear:both;\"><\/div><div class=\"sdm_download_description\"><p><strong>Forma\u00e7\u00e3o de professores na Amaz\u00f4nia Paraense: Pr\u00e1ticas significativas no Ensino de Ci\u00eancias da Natureza em classes multisseriadas<\/strong><\/p>\n<p>Thays Maria das Neves Caldeira<br \/>\nProfa. Dra. Jacirene Vasconcelos de Albuquerque &#8211; Orientadora<\/p>\n<\/div><div class=\"sdm_download_link\"><span class=\"sdm_download_button\"><a href=\"https:\/\/propesp.uepa.br\/ppgeeca\/?sdm_process_download=1&#038;download_id=4684\" class=\"sdm_download green\" title=\"Disserta\u00e7\u00e3o\" target=\"_blank\">Baixar agora!<\/a><\/span><span class=\"sdm_download_item_count\"><span class=\"sdm_item_count_number\">125<\/span><span class=\"sdm_item_count_string\"> Downloads<\/span><\/span><\/div><\/div><div class=\"sdm_clear_float\"><\/div><\/div><\/div>\n","protected":false},"excerpt":{"rendered":"","protected":false},"author":2,"featured_media":0,"parent":0,"menu_order":0,"comment_status":"closed","ping_status":"closed","template":"","meta":{"_uag_custom_page_level_css":"","site-sidebar-layout":"default","site-content-layout":"","ast-site-content-layout":"","site-content-style":"default","site-sidebar-style":"default","ast-global-header-display":"","ast-banner-title-visibility":"","ast-main-header-display":"","ast-hfb-above-header-display":"","ast-hfb-below-header-display":"","ast-hfb-mobile-header-display":"","site-post-title":"","ast-breadcrumbs-content":"","ast-featured-img":"","footer-sml-layout":"","theme-transparent-header-meta":"","adv-header-id-meta":"","stick-header-meta":"","header-above-stick-meta":"","header-main-stick-meta":"","header-below-stick-meta":"","astra-migrate-meta-layouts":"default","ast-page-background-enabled":"default","ast-page-background-meta":{"desktop":{"background-color":"var(--ast-global-color-4)","background-image":"","background-repeat":"repeat","background-position":"center center","background-size":"auto","background-attachment":"scroll","background-type":"","background-media":"","overlay-type":"","overlay-color":"","overlay-opacity":"","overlay-gradient":""},"tablet":{"background-color":"","background-image":"","background-repeat":"repeat","background-position":"center center","background-size":"auto","background-attachment":"scroll","background-type":"","background-media":"","overlay-type":"","overlay-color":"","overlay-opacity":"","overlay-gradient":""},"mobile":{"background-color":"","background-image":"","background-repeat":"repeat","background-position":"center center","background-size":"auto","background-attachment":"scroll","background-type":"","background-media":"","overlay-type":"","overlay-color":"","overlay-opacity":"","overlay-gradient":""}},"ast-content-background-meta":{"desktop":{"background-color":"var(--ast-global-color-5)","background-image":"","background-repeat":"repeat","background-position":"center center","background-size":"auto","background-attachment":"scroll","background-type":"","background-media":"","overlay-type":"","overlay-color":"","overlay-opacity":"","overlay-gradient":""},"tablet":{"background-color":"var(--ast-global-color-5)","background-image":"","background-repeat":"repeat","background-position":"center center","background-size":"auto","background-attachment":"scroll","background-type":"","background-media":"","overlay-type":"","overlay-color":"","overlay-opacity":"","overlay-gradient":""},"mobile":{"background-color":"var(--ast-global-color-5)","background-image":"","background-repeat":"repeat","background-position":"center center","background-size":"auto","background-attachment":"scroll","background-type":"","background-media":"","overlay-type":"","overlay-color":"","overlay-opacity":"","overlay-gradient":""}},"footnotes":""},"class_list":["post-4670","page","type-page","status-publish","hentry"],"uagb_featured_image_src":{"full":false,"thumbnail":false,"medium":false,"medium_large":false,"large":false,"1536x1536":false,"2048x2048":false},"uagb_author_info":{"display_name":"diogo.reis@uepa.br","author_link":"https:\/\/propesp.uepa.br\/ppgeeca\/author\/diogo-reisuepa-br\/"},"uagb_comment_info":0,"uagb_excerpt":null,"_links":{"self":[{"href":"https:\/\/propesp.uepa.br\/ppgeeca\/wp-json\/wp\/v2\/pages\/4670","targetHints":{"allow":["GET"]}}],"collection":[{"href":"https:\/\/propesp.uepa.br\/ppgeeca\/wp-json\/wp\/v2\/pages"}],"about":[{"href":"https:\/\/propesp.uepa.br\/ppgeeca\/wp-json\/wp\/v2\/types\/page"}],"author":[{"embeddable":true,"href":"https:\/\/propesp.uepa.br\/ppgeeca\/wp-json\/wp\/v2\/users\/2"}],"replies":[{"embeddable":true,"href":"https:\/\/propesp.uepa.br\/ppgeeca\/wp-json\/wp\/v2\/comments?post=4670"}],"version-history":[{"count":26,"href":"https:\/\/propesp.uepa.br\/ppgeeca\/wp-json\/wp\/v2\/pages\/4670\/revisions"}],"predecessor-version":[{"id":4738,"href":"https:\/\/propesp.uepa.br\/ppgeeca\/wp-json\/wp\/v2\/pages\/4670\/revisions\/4738"}],"wp:attachment":[{"href":"https:\/\/propesp.uepa.br\/ppgeeca\/wp-json\/wp\/v2\/media?parent=4670"}],"curies":[{"name":"wp","href":"https:\/\/api.w.org\/{rel}","templated":true}]}}