{"id":4817,"date":"2025-08-07T13:27:25","date_gmt":"2025-08-07T16:27:25","guid":{"rendered":"https:\/\/propesp.uepa.br\/ppgeeca\/?page_id=4817"},"modified":"2025-08-07T13:59:01","modified_gmt":"2025-08-07T16:59:01","slug":"turma-2021","status":"publish","type":"page","link":"https:\/\/propesp.uepa.br\/ppgeeca\/turma-2021\/","title":{"rendered":"Turma 2021"},"content":{"rendered":"\n<div class=\"wp-block-media-text is-stacked-on-mobile\" style=\"grid-template-columns:18% auto\"><figure class=\"wp-block-media-text__media\"><img loading=\"lazy\" decoding=\"async\" width=\"212\" height=\"300\" src=\"https:\/\/propesp.uepa.br\/ppgeeca\/wp-content\/uploads\/2024\/10\/deivison.jpg\" alt=\"\" class=\"wp-image-1287 size-full\"\/><\/figure><div class=\"wp-block-media-text__content\"><div class=\"sdm_download_item \"><div class=\"sdm_download_item_top\"><div class=\"sdm_download_thumbnail\"><\/div><div class=\"sdm_download_title\">Disserta\u00e7\u00e3o<\/div><\/div><div style=\"clear:both;\"><\/div><div class=\"sdm_download_description\"><p><strong>Aprendizagem baseada na resolu\u00e7\u00e3o de problemas: Uma proposta para o ensino de Ci\u00eancias e promo\u00e7\u00e3o da alfabetiza\u00e7\u00e3o cient\u00edfica a partir da tem\u00e1tica \u201cimpactos ambientais causados por agrot\u00f3xicos\u201d<br \/>\n<\/strong><\/p>\n<p>Deivison Ferreira Oliveira<br \/>\nProf. Dr. Jos\u00e9 Fernando Pereira Leal &#8211; Orientador<\/p>\n<\/div><div class=\"sdm_download_link\"><span class=\"sdm_download_button\"><a href=\"https:\/\/propesp.uepa.br\/ppgeeca\/?sdm_process_download=1&#038;download_id=4816\" class=\"sdm_download green\" title=\"Disserta\u00e7\u00e3o\" target=\"_blank\">Baixar agora!<\/a><\/span><span class=\"sdm_download_item_count\"><span class=\"sdm_item_count_number\">138<\/span><span class=\"sdm_item_count_string\"> Downloads<\/span><\/span><\/div><\/div><div class=\"sdm_clear_float\"><\/div><\/div><\/div>\n\n\n\n<p><\/p>\n\n\n\n<div class=\"wp-block-media-text is-stacked-on-mobile\" style=\"grid-template-columns:18% auto\"><figure class=\"wp-block-media-text__media\"><img loading=\"lazy\" decoding=\"async\" width=\"212\" height=\"300\" src=\"https:\/\/propesp.uepa.br\/ppgeeca\/wp-content\/uploads\/2024\/10\/silvana.jpg\" alt=\"\" class=\"wp-image-1288 size-full\"\/><\/figure><div class=\"wp-block-media-text__content\"><div class=\"sdm_download_item \"><div class=\"sdm_download_item_top\"><div class=\"sdm_download_thumbnail\"><\/div><div class=\"sdm_download_title\">Disserta\u00e7\u00e3o<\/div><\/div><div style=\"clear:both;\"><\/div><div class=\"sdm_download_description\"><p><strong>O ensino de Ci\u00eancias por investiga\u00e7\u00e3o na constru\u00e7\u00e3o de saberes docentes no munic\u00edpio de Muan\u00e1\/PA-Arquip\u00e9lago do Maraj\u00f3<\/strong><\/p>\n<p>Silvana de Sousa Pantoja<br \/>\nProfa. Dra. Danielle Rodrigues Monteiro da Costa &#8211; Orientadora<\/p>\n<\/div><div class=\"sdm_download_link\"><span class=\"sdm_download_button\"><a href=\"https:\/\/propesp.uepa.br\/ppgeeca\/?sdm_process_download=1&#038;download_id=4823\" class=\"sdm_download green\" title=\"Disserta\u00e7\u00e3o\" target=\"_blank\">Baixar agora!<\/a><\/span><span class=\"sdm_download_item_count\"><span class=\"sdm_item_count_number\">175<\/span><span class=\"sdm_item_count_string\"> Downloads<\/span><\/span><\/div><\/div><div class=\"sdm_clear_float\"><\/div><\/div><\/div>\n\n\n\n<p><\/p>\n\n\n\n<div class=\"wp-block-media-text is-stacked-on-mobile\" style=\"grid-template-columns:18% auto\"><figure class=\"wp-block-media-text__media\"><img loading=\"lazy\" decoding=\"async\" width=\"212\" height=\"300\" src=\"https:\/\/propesp.uepa.br\/ppgeeca\/wp-content\/uploads\/2024\/10\/carlacaroline.png\" alt=\"\" class=\"wp-image-1289 size-full\"\/><\/figure><div class=\"wp-block-media-text__content\"><div class=\"sdm_download_item \"><div class=\"sdm_download_item_top\"><div class=\"sdm_download_thumbnail\"><\/div><div class=\"sdm_download_title\">Disserta\u00e7\u00e3o<\/div><\/div><div style=\"clear:both;\"><\/div><div class=\"sdm_download_description\"><p><strong>Ensino de Ci\u00eancias para a educa\u00e7\u00e3o ambiental e conserva\u00e7\u00e3o dos manguezais em Primavera-Par\u00e1: Uma cartilha baseada na problematiza\u00e7\u00e3o desenvolvida no ensino fundamental<\/strong><\/p>\n<p>Carla Caroline Rocha Sarmento<br \/>\nProf. Dr. Alcindo da Silva Martins Junior &#8211; Orientador<br \/>\nProfa. Dra. Priscyla Cristinny Santiago da Luz &#8211; Coorientadora<\/p>\n<\/div><div class=\"sdm_download_link\"><span class=\"sdm_download_button\"><a href=\"https:\/\/propesp.uepa.br\/ppgeeca\/?sdm_process_download=1&#038;download_id=4826\" class=\"sdm_download green\" title=\"Disserta\u00e7\u00e3o\" target=\"_blank\">Baixar agora!<\/a><\/span><span class=\"sdm_download_item_count\"><span class=\"sdm_item_count_number\">145<\/span><span class=\"sdm_item_count_string\"> Downloads<\/span><\/span><\/div><\/div><div class=\"sdm_clear_float\"><\/div><\/div><\/div>\n\n\n\n<p><\/p>\n\n\n\n<div class=\"wp-block-media-text is-stacked-on-mobile\" style=\"grid-template-columns:18% auto\"><figure class=\"wp-block-media-text__media\"><img loading=\"lazy\" decoding=\"async\" width=\"212\" height=\"300\" src=\"https:\/\/propesp.uepa.br\/ppgeeca\/wp-content\/uploads\/2024\/10\/luciana.jpg\" alt=\"\" class=\"wp-image-1290 size-full\"\/><\/figure><div class=\"wp-block-media-text__content\"><div class=\"sdm_download_item \"><div class=\"sdm_download_item_top\"><div class=\"sdm_download_thumbnail\"><\/div><div class=\"sdm_download_title\">Disserta\u00e7\u00e3o<\/div><\/div><div style=\"clear:both;\"><\/div><div class=\"sdm_download_description\"><p><strong>Perspectivas sobre a pr\u00e1tica docente: O uso da investiga\u00e7\u00e3o-a\u00e7\u00e3o na constru\u00e7\u00e3o de pr\u00e1ticas reflexivas no ensino de Ci\u00eancias na Amaz\u00f4nia<\/strong><\/p>\n<p>Luciana Larissa Gama de Oliveira<br \/>\nProfa. Dra. Luely Oliveira da Silva &#8211; Orientadora<\/p>\n<\/div><div class=\"sdm_download_link\"><span class=\"sdm_download_button\"><a href=\"https:\/\/propesp.uepa.br\/ppgeeca\/?sdm_process_download=1&#038;download_id=4827\" class=\"sdm_download green\" title=\"Disserta\u00e7\u00e3o\" target=\"_blank\">Baixar agora!<\/a><\/span><span class=\"sdm_download_item_count\"><span class=\"sdm_item_count_number\">251<\/span><span class=\"sdm_item_count_string\"> Downloads<\/span><\/span><\/div><\/div><div class=\"sdm_clear_float\"><\/div><\/div><\/div>\n\n\n\n<p><\/p>\n\n\n\n<div class=\"wp-block-media-text is-stacked-on-mobile\" style=\"grid-template-columns:18% auto\"><figure class=\"wp-block-media-text__media\"><img loading=\"lazy\" decoding=\"async\" width=\"212\" height=\"300\" src=\"https:\/\/propesp.uepa.br\/ppgeeca\/wp-content\/uploads\/2024\/10\/karolina.jpg\" alt=\"\" class=\"wp-image-1291 size-full\"\/><\/figure><div class=\"wp-block-media-text__content\"><div class=\"sdm_download_item \"><div class=\"sdm_download_item_top\"><div class=\"sdm_download_thumbnail\"><\/div><div class=\"sdm_download_title\">Disserta\u00e7\u00e3o<\/div><\/div><div style=\"clear:both;\"><\/div><div class=\"sdm_download_description\"><p><strong>A aprendizagem baseada em problemas e a contextualiza\u00e7\u00e3o regional: Uma proposta de forma\u00e7\u00e3o para professores de Ci\u00eancias do ensino m\u00e9dio em uma escola p\u00fablica do Par\u00e1<\/strong><\/p>\n<p>Karolina Ribeiro dos Santos<br \/>\nProfa. Dra. Danielle Rodrigues Monteiro da Costa &#8211; Orientadora<\/p>\n<\/div><div class=\"sdm_download_link\"><span class=\"sdm_download_button\"><a href=\"https:\/\/propesp.uepa.br\/ppgeeca\/?sdm_process_download=1&#038;download_id=4832\" class=\"sdm_download green\" title=\"Disserta\u00e7\u00e3o\" target=\"_blank\">Baixar agora!<\/a><\/span><span class=\"sdm_download_item_count\"><span class=\"sdm_item_count_number\">186<\/span><span class=\"sdm_item_count_string\"> Downloads<\/span><\/span><\/div><\/div><div class=\"sdm_clear_float\"><\/div><\/div><\/div>\n\n\n\n<p><\/p>\n\n\n\n<div class=\"wp-block-media-text is-stacked-on-mobile\" style=\"grid-template-columns:18% auto\"><figure class=\"wp-block-media-text__media\"><img loading=\"lazy\" decoding=\"async\" width=\"212\" height=\"300\" src=\"https:\/\/propesp.uepa.br\/ppgeeca\/wp-content\/uploads\/2024\/10\/mayanna.png\" alt=\"\" class=\"wp-image-1293 size-full\"\/><\/figure><div class=\"wp-block-media-text__content\"><div class=\"sdm_download_item \"><div class=\"sdm_download_item_top\"><div class=\"sdm_download_thumbnail\"><\/div><div class=\"sdm_download_title\">Disserta\u00e7\u00e3o<\/div><\/div><div style=\"clear:both;\"><\/div><div class=\"sdm_download_description\"><p><strong>Plantas aliment\u00edcias n\u00e3o convencionais (PANC): Uma sequ\u00eancia did\u00e1tica para o ensino de Bot\u00e2nica na Amaz\u00f4nia Paraense<\/strong><\/p>\n<p>Mayanna Igreja dos Santos<br \/>\nProf. Dr. Alcindo da Silva Martins Junior &#8211; Orientador<\/p>\n<\/div><div class=\"sdm_download_link\"><span class=\"sdm_download_button\"><a href=\"https:\/\/propesp.uepa.br\/ppgeeca\/?sdm_process_download=1&#038;download_id=4838\" class=\"sdm_download green\" title=\"Disserta\u00e7\u00e3o\" target=\"_blank\">Baixar agora!<\/a><\/span><span class=\"sdm_download_item_count\"><span class=\"sdm_item_count_number\">154<\/span><span class=\"sdm_item_count_string\"> Downloads<\/span><\/span><\/div><\/div><div class=\"sdm_clear_float\"><\/div><\/div><\/div>\n\n\n\n<p><\/p>\n\n\n\n<div class=\"wp-block-media-text is-stacked-on-mobile\" style=\"grid-template-columns:18% auto\"><figure class=\"wp-block-media-text__media\"><img loading=\"lazy\" decoding=\"async\" width=\"212\" height=\"300\" src=\"https:\/\/propesp.uepa.br\/ppgeeca\/wp-content\/uploads\/2024\/10\/bruno.png\" alt=\"\" class=\"wp-image-1294 size-full\"\/><\/figure><div class=\"wp-block-media-text__content\"><div class=\"sdm_download_item \"><div class=\"sdm_download_item_top\"><div class=\"sdm_download_thumbnail\"><\/div><div class=\"sdm_download_title\">Disserta\u00e7\u00e3o<\/div><\/div><div style=\"clear:both;\"><\/div><div class=\"sdm_download_description\"><p><strong>Educa\u00e7\u00e3o socioambiental a partir de saberes e pr\u00e1ticas da comunidade pesqueira do distrito de Vila de Beja \u2013 Abaetetuba\/PA<\/strong><\/p>\n<p>Bruno Mau\u00e9s da Silva<br \/>\nProfa. Dra. Priscyla Cristinny Santiago da Luz &#8211; Orientadora<\/p>\n<\/div><div class=\"sdm_download_link\"><span class=\"sdm_download_button\"><a href=\"https:\/\/propesp.uepa.br\/ppgeeca\/?sdm_process_download=1&#038;download_id=4839\" class=\"sdm_download green\" title=\"Disserta\u00e7\u00e3o\" target=\"_blank\">Baixar agora!<\/a><\/span><span class=\"sdm_download_item_count\"><span class=\"sdm_item_count_number\">114<\/span><span class=\"sdm_item_count_string\"> Downloads<\/span><\/span><\/div><\/div><div class=\"sdm_clear_float\"><\/div><\/div><\/div>\n\n\n\n<p><\/p>\n\n\n\n<div class=\"wp-block-media-text is-stacked-on-mobile\" style=\"grid-template-columns:18% auto\"><figure class=\"wp-block-media-text__media\"><img loading=\"lazy\" decoding=\"async\" width=\"212\" height=\"300\" src=\"https:\/\/propesp.uepa.br\/ppgeeca\/wp-content\/uploads\/2024\/10\/mariafabiana.png\" alt=\"\" class=\"wp-image-1295 size-full\"\/><\/figure><div class=\"wp-block-media-text__content\"><div class=\"sdm_download_item \"><div class=\"sdm_download_item_top\"><div class=\"sdm_download_thumbnail\"><\/div><div class=\"sdm_download_title\">Disserta\u00e7\u00e3o<\/div><\/div><div style=\"clear:both;\"><\/div><div class=\"sdm_download_description\"><p><strong>Aprendizagem baseada em projetos no ensino de Ci\u00eancias: Uma experi\u00eancia pedag\u00f3gica por meio do estudo da qualidade da \u00e1gua<\/strong><\/p>\n<p>Maria Fabiana Sousa Rosa<br \/>\nProf. Dr. Ronilson Freitas de Souza &#8211; Orientador<\/p>\n<\/div><div class=\"sdm_download_link\"><span class=\"sdm_download_button\"><a href=\"https:\/\/propesp.uepa.br\/ppgeeca\/?sdm_process_download=1&#038;download_id=4844\" class=\"sdm_download green\" title=\"Disserta\u00e7\u00e3o\" target=\"_blank\">Baixar agora!<\/a><\/span><span class=\"sdm_download_item_count\"><span class=\"sdm_item_count_number\">106<\/span><span class=\"sdm_item_count_string\"> Downloads<\/span><\/span><\/div><\/div><div class=\"sdm_clear_float\"><\/div><\/div><\/div>\n\n\n\n<p><\/p>\n\n\n\n<div class=\"wp-block-media-text is-stacked-on-mobile\" style=\"grid-template-columns:18% auto\"><figure class=\"wp-block-media-text__media\"><img loading=\"lazy\" decoding=\"async\" width=\"212\" height=\"300\" src=\"https:\/\/propesp.uepa.br\/ppgeeca\/wp-content\/uploads\/2024\/10\/anapaula.png\" alt=\"\" class=\"wp-image-1296 size-full\"\/><\/figure><div class=\"wp-block-media-text__content\"><div class=\"sdm_download_item \"><div class=\"sdm_download_item_top\"><div class=\"sdm_download_thumbnail\"><\/div><div class=\"sdm_download_title\">Disserta\u00e7\u00e3o<\/div><\/div><div style=\"clear:both;\"><\/div><div class=\"sdm_download_description\"><p><strong>Um processo formativo colaborativo de forma\u00e7\u00e3o continuada de professores de Ci\u00eancias da Natureza na Amaz\u00f4nia Paraense: Tecendo di\u00e1logos sob aspectos socioemocionais e culturais para uma boa doc\u00eancia<\/strong><\/p>\n<p>Ana Paula Ara\u00fajo Silva dos Santos<br \/>\nProfa. Dra. Bianca Venturieri &#8211; Orientadora<\/p>\n<\/div><div class=\"sdm_download_link\"><span class=\"sdm_download_button\"><a href=\"https:\/\/propesp.uepa.br\/ppgeeca\/?sdm_process_download=1&#038;download_id=4845\" class=\"sdm_download green\" title=\"Disserta\u00e7\u00e3o\" target=\"_blank\">Baixar agora!<\/a><\/span><span class=\"sdm_download_item_count\"><span class=\"sdm_item_count_number\">116<\/span><span class=\"sdm_item_count_string\"> Downloads<\/span><\/span><\/div><\/div><div class=\"sdm_clear_float\"><\/div><\/div><\/div>\n\n\n\n<p><\/p>\n\n\n\n<div class=\"wp-block-media-text is-stacked-on-mobile\" style=\"grid-template-columns:18% auto\"><figure class=\"wp-block-media-text__media\"><img loading=\"lazy\" decoding=\"async\" width=\"212\" height=\"300\" src=\"https:\/\/propesp.uepa.br\/ppgeeca\/wp-content\/uploads\/2024\/10\/josiane.jpg\" alt=\"\" class=\"wp-image-1292 size-full\"\/><\/figure><div class=\"wp-block-media-text__content\"><div class=\"sdm_download_item \"><div class=\"sdm_download_item_top\"><div class=\"sdm_download_thumbnail\"><\/div><div class=\"sdm_download_title\">Disserta\u00e7\u00e3o<\/div><\/div><div style=\"clear:both;\"><\/div><div class=\"sdm_download_description\"><p><strong>Forma\u00e7\u00e3o continuada na perspectiva n\u00e3o sexista para o ensino de Ci\u00eancias: Enfrentamentos e contribui\u00e7\u00f5es<\/strong><\/p>\n<p>Josiane Maria de Souza Cavalcante<br \/>\nProfa. Dra. Jacirene Vasconcelos de Albuquerque &#8211; Orientadora<\/p>\n<\/div><div class=\"sdm_download_link\"><span class=\"sdm_download_button\"><a href=\"https:\/\/propesp.uepa.br\/ppgeeca\/?sdm_process_download=1&#038;download_id=4833\" class=\"sdm_download green\" title=\"Disserta\u00e7\u00e3o\" target=\"_blank\">Baixar agora!<\/a><\/span><span class=\"sdm_download_item_count\"><span class=\"sdm_item_count_number\">378<\/span><span class=\"sdm_item_count_string\"> Downloads<\/span><\/span><\/div><\/div><div class=\"sdm_clear_float\"><\/div><\/div><\/div>\n","protected":false},"excerpt":{"rendered":"","protected":false},"author":2,"featured_media":0,"parent":0,"menu_order":0,"comment_status":"closed","ping_status":"closed","template":"","meta":{"_uag_custom_page_level_css":"","site-sidebar-layout":"default","site-content-layout":"","ast-site-content-layout":"","site-content-style":"default","site-sidebar-style":"default","ast-global-header-display":"","ast-banner-title-visibility":"","ast-main-header-display":"","ast-hfb-above-header-display":"","ast-hfb-below-header-display":"","ast-hfb-mobile-header-display":"","site-post-title":"","ast-breadcrumbs-content":"","ast-featured-img":"","footer-sml-layout":"","theme-transparent-header-meta":"","adv-header-id-meta":"","stick-header-meta":"","header-above-stick-meta":"","header-main-stick-meta":"","header-below-stick-meta":"","astra-migrate-meta-layouts":"default","ast-page-background-enabled":"default","ast-page-background-meta":{"desktop":{"background-color":"var(--ast-global-color-4)","background-image":"","background-repeat":"repeat","background-position":"center center","background-size":"auto","background-attachment":"scroll","background-type":"","background-media":"","overlay-type":"","overlay-color":"","overlay-opacity":"","overlay-gradient":""},"tablet":{"background-color":"","background-image":"","background-repeat":"repeat","background-position":"center center","background-size":"auto","background-attachment":"scroll","background-type":"","background-media":"","overlay-type":"","overlay-color":"","overlay-opacity":"","overlay-gradient":""},"mobile":{"background-color":"","background-image":"","background-repeat":"repeat","background-position":"center center","background-size":"auto","background-attachment":"scroll","background-type":"","background-media":"","overlay-type":"","overlay-color":"","overlay-opacity":"","overlay-gradient":""}},"ast-content-background-meta":{"desktop":{"background-color":"var(--ast-global-color-5)","background-image":"","background-repeat":"repeat","background-position":"center center","background-size":"auto","background-attachment":"scroll","background-type":"","background-media":"","overlay-type":"","overlay-color":"","overlay-opacity":"","overlay-gradient":""},"tablet":{"background-color":"var(--ast-global-color-5)","background-image":"","background-repeat":"repeat","background-position":"center center","background-size":"auto","background-attachment":"scroll","background-type":"","background-media":"","overlay-type":"","overlay-color":"","overlay-opacity":"","overlay-gradient":""},"mobile":{"background-color":"var(--ast-global-color-5)","background-image":"","background-repeat":"repeat","background-position":"center center","background-size":"auto","background-attachment":"scroll","background-type":"","background-media":"","overlay-type":"","overlay-color":"","overlay-opacity":"","overlay-gradient":""}},"footnotes":""},"class_list":["post-4817","page","type-page","status-publish","hentry"],"uagb_featured_image_src":{"full":false,"thumbnail":false,"medium":false,"medium_large":false,"large":false,"1536x1536":false,"2048x2048":false},"uagb_author_info":{"display_name":"diogo.reis@uepa.br","author_link":"https:\/\/propesp.uepa.br\/ppgeeca\/author\/diogo-reisuepa-br\/"},"uagb_comment_info":0,"uagb_excerpt":null,"_links":{"self":[{"href":"https:\/\/propesp.uepa.br\/ppgeeca\/wp-json\/wp\/v2\/pages\/4817","targetHints":{"allow":["GET"]}}],"collection":[{"href":"https:\/\/propesp.uepa.br\/ppgeeca\/wp-json\/wp\/v2\/pages"}],"about":[{"href":"https:\/\/propesp.uepa.br\/ppgeeca\/wp-json\/wp\/v2\/types\/page"}],"author":[{"embeddable":true,"href":"https:\/\/propesp.uepa.br\/ppgeeca\/wp-json\/wp\/v2\/users\/2"}],"replies":[{"embeddable":true,"href":"https:\/\/propesp.uepa.br\/ppgeeca\/wp-json\/wp\/v2\/comments?post=4817"}],"version-history":[{"count":14,"href":"https:\/\/propesp.uepa.br\/ppgeeca\/wp-json\/wp\/v2\/pages\/4817\/revisions"}],"predecessor-version":[{"id":4849,"href":"https:\/\/propesp.uepa.br\/ppgeeca\/wp-json\/wp\/v2\/pages\/4817\/revisions\/4849"}],"wp:attachment":[{"href":"https:\/\/propesp.uepa.br\/ppgeeca\/wp-json\/wp\/v2\/media?parent=4817"}],"curies":[{"name":"wp","href":"https:\/\/api.w.org\/{rel}","templated":true}]}}