{"id":62,"date":"2024-10-08T17:16:32","date_gmt":"2024-10-08T20:16:32","guid":{"rendered":"https:\/\/propesp.uepa.br\/ppgeeca\/?page_id=62"},"modified":"2025-07-23T12:49:21","modified_gmt":"2025-07-23T15:49:21","slug":"grupos-de-pesquisa","status":"publish","type":"page","link":"https:\/\/propesp.uepa.br\/ppgeeca\/grupos-de-pesquisa\/","title":{"rendered":"Grupos de Pesquisa"},"content":{"rendered":"\n<h4 class=\"wp-block-heading has-text-align-left has-text-color has-link-color wp-elements-063b4e22a60410b3ac9a9ba1ab58cf3c\" style=\"color:#386d04;margin-top:var(--wp--preset--spacing--50);margin-right:var(--wp--preset--spacing--30);margin-bottom:var(--wp--preset--spacing--50);margin-left:var(--wp--preset--spacing--30);font-size:21px\"><strong>GRUPO DE PESQUISA EM CI\u00caNCIA, TECNOLOGIA, MEIO AMBIENTE E EDUCA\u00c7\u00c3O N\u00c3O-FORMAL<\/strong><\/h4>\n\n\n\n<div class=\"wp-block-uagb-separator uagb-block-3f813f65\"><div class=\"wp-block-uagb-separator__inner\" style=\"--my-background-image:\"><\/div><\/div>\n\n\n\n<div class=\"wp-block-uagb-container uagb-block-d2b2d22a alignfull uagb-is-root-container\"><div class=\"uagb-container-inner-blocks-wrap\">\n<div class=\"wp-block-uagb-container uagb-block-3f8d9517 alignfull uagb-is-root-container\"><div class=\"uagb-container-inner-blocks-wrap\">\n<div class=\"wp-block-uagb-image aligncenter uagb-block-6641ae47 wp-block-uagb-image--layout-default wp-block-uagb-image--effect-static wp-block-uagb-image--align-center\"><figure class=\"wp-block-uagb-image__figure\"><img decoding=\"async\" srcset=\"https:\/\/propesp.uepa.br\/ppgeeca\/wp-content\/uploads\/2025\/07\/7-1024x1024.png ,https:\/\/propesp.uepa.br\/ppgeeca\/wp-content\/uploads\/2025\/07\/7-scaled.png 780w, https:\/\/propesp.uepa.br\/ppgeeca\/wp-content\/uploads\/2025\/07\/7-scaled.png 360w\" sizes=\"auto, (max-width: 480px) 150px\" src=\"https:\/\/propesp.uepa.br\/ppgeeca\/wp-content\/uploads\/2025\/07\/7-1024x1024.png\" alt=\"\" class=\"uag-image-3935\" width=\"400\" height=\"400\" title=\"7\" loading=\"lazy\" role=\"img\"\/><\/figure><\/div>\n<\/div><\/div>\n\n\n\n<div class=\"wp-block-uagb-container uagb-block-2a80826e alignfull uagb-is-root-container\"><div class=\"uagb-container-inner-blocks-wrap\">\n<p class=\"has-link-color wp-elements-bcbf493cf7d7e4b5a5764e27f488f377\" style=\"font-size:21px\">O CTENF desenvolve a\u00e7\u00f5es nas \u00e1reas de Ci\u00eancias Naturais, Matem\u00e1ticas, Tecnologia e Meio Ambiente, envolvendo professores-pesquisadores e graduandos da Universidade do Estado do Par\u00e1 (UEPA). As a\u00e7\u00f5es e projetos desenvolvidos pelo grupo pretendem investigar quest\u00f5es relacionadas a educa\u00e7\u00e3o cient\u00edfica-tecnol\u00f3gica-ambiental, com o intuito de contribuir para forma\u00e7\u00e3o dos educadores da \u00e1rea, bem como para melhoria da qualidade do ensino e para populariza\u00e7\u00e3o da Ci\u00eancia.<strong><br><\/strong><br><strong>L\u00edder do grupo:&nbsp;<\/strong>Profa. Dra. Sinaida Maria Vasconcelos<strong><br><\/strong><br><strong>Vice-L\u00edder do grupo:&nbsp;<\/strong>Prof. Dr. Rafael Silva Patr\u00edcio<\/p>\n\n\n\n<div class=\"wp-block-uagb-buttons uagb-buttons__outer-wrap uagb-btn__default-btn uagb-btn-tablet__default-btn uagb-btn-mobile__default-btn uagb-block-45a6da09\"><div class=\"uagb-buttons__wrap uagb-buttons-layout-wrap \">\n<div class=\"wp-block-uagb-buttons-child uagb-buttons__outer-wrap uagb-block-57e524d7 wp-block-button\"><div class=\"uagb-button__wrapper\"><a class=\"uagb-buttons-repeater wp-block-button__link\" aria-label=\"\" href=\"http:\/\/dgp.cnpq.br\/dgp\/espelhogrupo\/786602\" rel=\"follow noopener\" target=\"_self\" role=\"button\"><div class=\"uagb-button__link\"><strong>Acesse o espelho do CTENF<\/strong><\/div><\/a><\/div><\/div>\n<\/div><\/div>\n\n\n\n<p class=\"has-link-color wp-elements-3df12a8e43a421eea3d9239126103cd3\" style=\"font-size:21px\">Siga o CTENF pelo<a href=\"https:\/\/instagram.com\/grupodepesquisactenf?igshid=jju2nn6c1vz4\"><strong>&nbsp;Instagram&nbsp;<\/strong><\/a>e <a href=\"https:\/\/www.youtube.com\/channel\/UCR3iPCw9PcGul_M1e2kfWWw\"><strong>&nbsp;Youtube<\/strong><\/a>!<\/p>\n<\/div><\/div>\n<\/div><\/div>\n\n\n\n<h4 class=\"wp-block-heading has-text-align-left has-text-color has-link-color wp-elements-ebcae49d32d4c4d9034b5696a2eb0300\" style=\"color:#386d04;margin-top:var(--wp--preset--spacing--50);margin-right:var(--wp--preset--spacing--30);margin-bottom:var(--wp--preset--spacing--50);margin-left:var(--wp--preset--spacing--30);font-size:21px\"><strong>GRUPO DE ESTUDO E PESQUISA EM EDUCA\u00c7\u00c3O E ENSINO DE CI\u00caNCIAS EM CONTEXTOS AMAZ\u00d4NICOS<\/strong><\/h4>\n\n\n\n<div class=\"wp-block-uagb-separator uagb-block-e4c5f384\"><div class=\"wp-block-uagb-separator__inner\" style=\"--my-background-image:\"><\/div><\/div>\n\n\n\n<div class=\"wp-block-uagb-container uagb-block-f6bec326 alignfull uagb-is-root-container\"><div class=\"uagb-container-inner-blocks-wrap\">\n<div class=\"wp-block-uagb-container uagb-block-dd572dc0 alignfull uagb-is-root-container\"><div class=\"uagb-container-inner-blocks-wrap\">\n<div class=\"wp-block-uagb-image aligncenter uagb-block-f7438208 wp-block-uagb-image--layout-default wp-block-uagb-image--effect-static wp-block-uagb-image--align-center\"><figure class=\"wp-block-uagb-image__figure\"><img decoding=\"async\" srcset=\"https:\/\/propesp.uepa.br\/ppgeeca\/wp-content\/uploads\/2025\/07\/8-1024x1024.png ,https:\/\/propesp.uepa.br\/ppgeeca\/wp-content\/uploads\/2025\/07\/8-scaled.png 780w, https:\/\/propesp.uepa.br\/ppgeeca\/wp-content\/uploads\/2025\/07\/8-scaled.png 360w\" sizes=\"auto, (max-width: 480px) 150px\" src=\"https:\/\/propesp.uepa.br\/ppgeeca\/wp-content\/uploads\/2025\/07\/8-1024x1024.png\" alt=\"\" class=\"uag-image-3936\" width=\"400\" height=\"400\" title=\"8\" loading=\"lazy\" role=\"img\"\/><\/figure><\/div>\n<\/div><\/div>\n\n\n\n<div class=\"wp-block-uagb-container uagb-block-cecb85c8 alignfull uagb-is-root-container\"><div class=\"uagb-container-inner-blocks-wrap\">\n<p class=\"has-link-color wp-elements-e6fe33e5a7ee9aebc7c37ba8dab6793b\" style=\"font-size:21px\">O GEPEECA objetiva contribuir para a melhoria da pr\u00e1tica profissional dos professores das diversas regi\u00f5es do estado do Par\u00e1, possibilitando a forma\u00e7\u00e3o da autonomia intelectual e sociocultural no ensino de Ci\u00eancias Naturais. O grupo conta atualmente com 20 pesquisadores e 107 estudantes, e desenvolve atividades das quais se destacam: semin\u00e1rios, palestras, forma\u00e7\u00f5es e eventos sobre pesquisas que aprofundem discuss\u00f5es na \u00e1rea de educa\u00e7\u00e3o e ensino de ci\u00eancias para diversos contextos educacionais, em especial, o Amaz\u00f4nico.<strong><br><\/strong><br><strong>L\u00edder do grupo:<\/strong> Profa. Dra. Priscyla Cristinny Santiago da Luz<strong><br><\/strong><br><strong>Vice-L\u00edder do grupo:&nbsp;<\/strong>Profa. Dra. Luely Oliveira da Silva<\/p>\n\n\n\n<div class=\"wp-block-uagb-buttons uagb-buttons__outer-wrap uagb-btn__default-btn uagb-btn-tablet__default-btn uagb-btn-mobile__default-btn uagb-block-7ab33fb8\"><div class=\"uagb-buttons__wrap uagb-buttons-layout-wrap \">\n<div class=\"wp-block-uagb-buttons-child uagb-buttons__outer-wrap uagb-block-b1537eb2 wp-block-button\"><div class=\"uagb-button__wrapper\"><a class=\"uagb-buttons-repeater wp-block-button__link\" aria-label=\"\" href=\"http:\/\/dgp.cnpq.br\/dgp\/espelhogrupo\/666770\" rel=\"follow noopener\" target=\"_self\" role=\"button\"><div class=\"uagb-button__link\"><strong>Acesse o espelho do GEPEECA<\/strong><\/div><\/a><\/div><\/div>\n<\/div><\/div>\n\n\n\n<p class=\"has-link-color wp-elements-a6fb6df7e032e096a43ecd05c766f07a\" style=\"font-size:21px\">Siga o GEPEECA pelo<a href=\"https:\/\/instagram.com\/gepeeca_uepa?igshid=5y35xhybo9o0\"><strong> Instagram<\/strong><\/a>,&nbsp;<strong><a href=\"https:\/\/www.facebook.com\/gepeeca.uepa\/\">Facebook<\/a><\/strong> e <a href=\"https:\/\/www.youtube.com\/channel\/UC_iSFhjxeWxJb_hIz85xfhA\"><strong>Youtube<\/strong><\/a>!<\/p>\n<\/div><\/div>\n<\/div><\/div>\n","protected":false},"excerpt":{"rendered":"<p>GRUPO DE PESQUISA EM CI\u00caNCIA, TECNOLOGIA, MEIO AMBIENTE E EDUCA\u00c7\u00c3O N\u00c3O-FORMAL O CTENF desenvolve a\u00e7\u00f5es nas \u00e1reas de Ci\u00eancias Naturais, Matem\u00e1ticas, Tecnologia e Meio Ambiente, envolvendo professores-pesquisadores e graduandos da Universidade do Estado do Par\u00e1 (UEPA). As a\u00e7\u00f5es e projetos desenvolvidos pelo grupo pretendem investigar quest\u00f5es relacionadas a educa\u00e7\u00e3o cient\u00edfica-tecnol\u00f3gica-ambiental, com o intuito de contribuir [&hellip;]<\/p>\n","protected":false},"author":1,"featured_media":0,"parent":0,"menu_order":0,"comment_status":"closed","ping_status":"closed","template":"","meta":{"_uag_custom_page_level_css":"","site-sidebar-layout":"default","site-content-layout":"","ast-site-content-layout":"","site-content-style":"default","site-sidebar-style":"default","ast-global-header-display":"","ast-banner-title-visibility":"","ast-main-header-display":"","ast-hfb-above-header-display":"","ast-hfb-below-header-display":"","ast-hfb-mobile-header-display":"","site-post-title":"","ast-breadcrumbs-content":"","ast-featured-img":"disabled","footer-sml-layout":"","theme-transparent-header-meta":"","adv-header-id-meta":"","stick-header-meta":"","header-above-stick-meta":"","header-main-stick-meta":"","header-below-stick-meta":"","astra-migrate-meta-layouts":"default","ast-page-background-enabled":"default","ast-page-background-meta":{"desktop":{"background-color":"var(--ast-global-color-4)","background-image":"","background-repeat":"repeat","background-position":"center center","background-size":"auto","background-attachment":"scroll","background-type":"","background-media":"","overlay-type":"","overlay-color":"","overlay-opacity":"","overlay-gradient":""},"tablet":{"background-color":"","background-image":"","background-repeat":"repeat","background-position":"center center","background-size":"auto","background-attachment":"scroll","background-type":"","background-media":"","overlay-type":"","overlay-color":"","overlay-opacity":"","overlay-gradient":""},"mobile":{"background-color":"","background-image":"","background-repeat":"repeat","background-position":"center center","background-size":"auto","background-attachment":"scroll","background-type":"","background-media":"","overlay-type":"","overlay-color":"","overlay-opacity":"","overlay-gradient":""}},"ast-content-background-meta":{"desktop":{"background-color":"var(--ast-global-color-5)","background-image":"","background-repeat":"repeat","background-position":"center center","background-size":"auto","background-attachment":"scroll","background-type":"","background-media":"","overlay-type":"","overlay-color":"","overlay-opacity":"","overlay-gradient":""},"tablet":{"background-color":"var(--ast-global-color-5)","background-image":"","background-repeat":"repeat","background-position":"center center","background-size":"auto","background-attachment":"scroll","background-type":"","background-media":"","overlay-type":"","overlay-color":"","overlay-opacity":"","overlay-gradient":""},"mobile":{"background-color":"var(--ast-global-color-5)","background-image":"","background-repeat":"repeat","background-position":"center center","background-size":"auto","background-attachment":"scroll","background-type":"","background-media":"","overlay-type":"","overlay-color":"","overlay-opacity":"","overlay-gradient":""}},"footnotes":""},"class_list":["post-62","page","type-page","status-publish","hentry"],"uagb_featured_image_src":{"full":false,"thumbnail":false,"medium":false,"medium_large":false,"large":false,"1536x1536":false,"2048x2048":false},"uagb_author_info":{"display_name":"adminsites@uepa.br","author_link":"https:\/\/propesp.uepa.br\/ppgeeca\/author\/adminsitesuepa-br\/"},"uagb_comment_info":0,"uagb_excerpt":"GRUPO DE PESQUISA EM CI\u00caNCIA, TECNOLOGIA, MEIO AMBIENTE E EDUCA\u00c7\u00c3O N\u00c3O-FORMAL O CTENF desenvolve a\u00e7\u00f5es nas \u00e1reas de Ci\u00eancias Naturais, Matem\u00e1ticas, Tecnologia e Meio Ambiente, envolvendo professores-pesquisadores e graduandos da Universidade do Estado do Par\u00e1 (UEPA). As a\u00e7\u00f5es e projetos desenvolvidos pelo grupo pretendem investigar quest\u00f5es relacionadas a educa\u00e7\u00e3o cient\u00edfica-tecnol\u00f3gica-ambiental, com o intuito de contribuir&hellip;","_links":{"self":[{"href":"https:\/\/propesp.uepa.br\/ppgeeca\/wp-json\/wp\/v2\/pages\/62","targetHints":{"allow":["GET"]}}],"collection":[{"href":"https:\/\/propesp.uepa.br\/ppgeeca\/wp-json\/wp\/v2\/pages"}],"about":[{"href":"https:\/\/propesp.uepa.br\/ppgeeca\/wp-json\/wp\/v2\/types\/page"}],"author":[{"embeddable":true,"href":"https:\/\/propesp.uepa.br\/ppgeeca\/wp-json\/wp\/v2\/users\/1"}],"replies":[{"embeddable":true,"href":"https:\/\/propesp.uepa.br\/ppgeeca\/wp-json\/wp\/v2\/comments?post=62"}],"version-history":[{"count":89,"href":"https:\/\/propesp.uepa.br\/ppgeeca\/wp-json\/wp\/v2\/pages\/62\/revisions"}],"predecessor-version":[{"id":4047,"href":"https:\/\/propesp.uepa.br\/ppgeeca\/wp-json\/wp\/v2\/pages\/62\/revisions\/4047"}],"wp:attachment":[{"href":"https:\/\/propesp.uepa.br\/ppgeeca\/wp-json\/wp\/v2\/media?parent=62"}],"curies":[{"name":"wp","href":"https:\/\/api.w.org\/{rel}","templated":true}]}}