{"id":68,"date":"2024-10-08T17:17:45","date_gmt":"2024-10-08T20:17:45","guid":{"rendered":"https:\/\/propesp.uepa.br\/ppgeeca\/?page_id=68"},"modified":"2026-01-16T17:32:02","modified_gmt":"2026-01-16T20:32:02","slug":"cooperacoes-e-ou-parcerias","status":"publish","type":"page","link":"https:\/\/propesp.uepa.br\/ppgeeca\/cooperacoes-e-ou-parcerias\/","title":{"rendered":"Coopera\u00e7\u00f5es e\/ou Parcerias"},"content":{"rendered":"\n<h4 class=\"wp-block-heading has-text-align-left has-text-color has-link-color wp-elements-3b48ed6826fef51349b220b97e226b67\" style=\"color:#386d04;margin-top:var(--wp--preset--spacing--50);margin-right:var(--wp--preset--spacing--30);margin-bottom:var(--wp--preset--spacing--50);margin-left:var(--wp--preset--spacing--30);font-size:21px\"><strong>EMBRAPA AMAZ\u00d4NIA ORIENTAL<\/strong><\/h4>\n\n\n\n<div class=\"wp-block-uagb-separator uagb-block-3f813f65\"><div class=\"wp-block-uagb-separator__inner\" style=\"--my-background-image:\"><\/div><\/div>\n\n\n\n<p><\/p>\n\n\n\n<p class=\"has-ast-global-color-8-color has-text-color has-link-color wp-elements-7048fe721789a7d642b923b662016ad3\" style=\"margin-right:var(--wp--preset--spacing--30);margin-left:var(--wp--preset--spacing--30);font-size:21px\">O presente Acordo tem por objeto instituir coopera\u00e7\u00e3o t\u00e9cnica visando a implementa\u00e7\u00e3o de um \u201cJardim Sensorial\u201d no Centro de Ci\u00eancias e Planet\u00e1rio do Par\u00e1 (CCPPA), que proporcione o contato com as plantas em uma perspectiva did\u00e1tica, pr\u00e1tica e inclusiva em um espa\u00e7o n\u00e3o formal de ensino almejando a divulga\u00e7\u00e3o e populariza\u00e7\u00e3o de Ci\u00eancia, Tecnologia e Inova\u00e7\u00e3o (CT&amp;I)&nbsp;no \u00e2mbito do turismo cient\u00edfico.<strong><br><\/strong><br><strong>Per\u00edodo de vig\u00eancia:<\/strong>&nbsp;09\/03\/2021 a 09\/03\/2025<strong><br><\/strong><br>Clique&nbsp;<mark style=\"background-color:rgba(0, 0, 0, 0)\" class=\"has-inline-color has-ast-global-color-0-color\"><a href=\"https:\/\/propesp.uepa.br\/ppgeeca\/wp-content\/uploads\/2024\/10\/Extrato_5227826_DOU_Jardim_Sensorial.pdf\" data-type=\"link\" data-id=\"https:\/\/propesp.uepa.br\/ppgeeca\/wp-content\/uploads\/2024\/10\/Extrato_5227826_DOU_Jardim_Sensorial.pdf\"><strong>aqui<\/strong>&nbsp;<\/a><\/mark>e consulte o&nbsp;<strong>Extrato do Acordo de Coopera\u00e7\u00e3o T\u00e9cnica<\/strong>&nbsp;publicado no Di\u00e1rio Oficial da Uni\u00e3o (DOU), de mar\u00e7o de 2021.<\/p>\n\n\n\n<h4 class=\"wp-block-heading has-text-align-left has-text-color has-link-color wp-elements-71ddc45d537ccf44903623ac3569d4f5\" style=\"color:#386d04;margin-top:var(--wp--preset--spacing--50);margin-right:var(--wp--preset--spacing--30);margin-bottom:var(--wp--preset--spacing--50);margin-left:var(--wp--preset--spacing--30);font-size:21px\"><strong><strong>UNIVERSIDADE DO ESTADO DO PAR\u00c1 (UEPA) E UNIVERSIDADE FEDERAL DO PARAN\u00c1 (UFPR)<\/strong><\/strong><\/h4>\n\n\n\n<div class=\"wp-block-uagb-separator uagb-block-876ec5b0\"><div class=\"wp-block-uagb-separator__inner\" style=\"--my-background-image:\"><\/div><\/div>\n\n\n\n<p><\/p>\n\n\n\n<p class=\"has-ast-global-color-8-color has-text-color has-link-color wp-elements-6d9966e312ce18520cc222de8d662230\" style=\"margin-right:var(--wp--preset--spacing--30);margin-left:var(--wp--preset--spacing--30);font-size:21px\">O presente Acordo tem por objeto realizar a\u00e7\u00f5es colaborativas no campo do ensino e da extens\u00e3o, visando a converg\u00eancia de esfor\u00e7os para o desenvolvimento de coopera\u00e7\u00e3o t\u00e9cnica em projetos e estudos integrados na \u00e1rea de Ci\u00eancias da Natureza, no intuito de fortalecer o interc\u00e2mbio acad\u00eamico, promovendo a troca de conhecimentos e experi\u00eancias entre as institui\u00e7\u00f5es e contribuindo para o avan\u00e7o da educa\u00e7\u00e3o e da pesquisa nesse campo de estudo.<strong><br><\/strong><br><strong>Per\u00edodo de vig\u00eancia:<\/strong>&nbsp;21\/09\/2023 a 21\/09\/2025<strong><br><\/strong><br>Clique&nbsp;<a href=\"https:\/\/propesp.uepa.br\/ppgeeca\/wp-content\/uploads\/2024\/10\/UEPA-UFPR.pdf\" data-type=\"link\" data-id=\"https:\/\/propesp.uepa.br\/ppgeeca\/wp-content\/uploads\/2024\/10\/UEPA-UFPR.pdf\"><strong>aqui<\/strong>&nbsp;<\/a>e consulte o&nbsp;<strong>Extrato do Acordo de Coopera\u00e7\u00e3o T\u00e9cnica<\/strong>&nbsp;publicado no Di\u00e1rio Oficial da Uni\u00e3o (DOU), de setembro de 2023.<\/p>\n\n\n\n<h4 class=\"wp-block-heading has-text-align-left has-text-color has-link-color wp-elements-db9bfffe71d8bb1bd63e3386f4100c0f\" style=\"color:#386d04;margin-top:var(--wp--preset--spacing--50);margin-right:var(--wp--preset--spacing--30);margin-bottom:var(--wp--preset--spacing--50);margin-left:var(--wp--preset--spacing--30);font-size:21px\"><strong><strong>UNIVERSIDADE DO ESTADO DO PAR\u00c1 (UEPA) E FUNDA\u00c7\u00c3O OSWALDO CRUZ (FIOCRUZ<\/strong><\/strong>)<\/h4>\n\n\n\n<div class=\"wp-block-uagb-separator uagb-block-d2a89b15\"><div class=\"wp-block-uagb-separator__inner\" style=\"--my-background-image:\"><\/div><\/div>\n\n\n\n<p><\/p>\n\n\n\n<p class=\"has-ast-global-color-8-color has-text-color has-link-color wp-elements-81946ecd7c44ed743f3aaa46b1ea6ae6\" style=\"margin-right:var(--wp--preset--spacing--30);margin-left:var(--wp--preset--spacing--30);font-size:21px\">O presente Acordo de Coopera\u00e7\u00e3o tem por objeto o desenvolvimento t\u00e9cnico-cient\u00edfico em ensino, pesquisa e extens\u00e3o entre a Universidade do Estado do Par\u00e1 (UEPA) e a Funda\u00e7\u00e3o Oswaldo Cruz (FIOCRUZ), por meio dos Programas de P\u00f3s-Gradua\u00e7\u00e3o em Educa\u00e7\u00e3o e Ensino de Ci\u00eancias na Amaz\u00f4nia (PPGEECA\/UEPA) e Ensino em Sa\u00fade na Amaz\u00f4nia (PPGESA\/UEPA) e Centro de Ci\u00eancias e Planet\u00e1rio do Par\u00e1 (CCPPA\/UEPA), e o Programa de P\u00f3s-Gradua\u00e7\u00e3o em Ensino em Bioci\u00eancias e Sa\u00fade do Instituto Oswaldo Cruz\/Fiocruz, a ser realizado na UEPA localizado em Bel\u00e9m do Par\u00e1, e no Laborat\u00f3rio de Inova\u00e7\u00f5es em Terapias, Ensino e Bioprodutos (Liteb\/IOC\/FIOCRUZ, no Rio de Janeiro).<\/p>\n\n\n\n<p class=\"has-ast-global-color-8-color has-text-color has-link-color wp-elements-124d5677849a16ffb2e3d127ad741540\" style=\"margin-right:var(--wp--preset--spacing--30);margin-left:var(--wp--preset--spacing--30);font-size:21px\"><strong>Per\u00edodo de vig\u00eancia:<\/strong>\u00a005\/01\/2026 a 05\/01\/2031<strong><br><\/strong><br>Clique\u00a0<strong><a href=\"https:\/\/propesp.uepa.br\/ppgeeca\/wp-content\/uploads\/2026\/01\/Publicacao_DOU___Extrato_de_Acordo_de_Cooperacao_SAGE_150_2025_UEPA.pdf\" data-type=\"link\" data-id=\"https:\/\/propesp.uepa.br\/ppgeeca\/wp-content\/uploads\/2024\/10\/UEPA-UFPR.pdf\">aqui<\/a><\/strong><a href=\"https:\/\/propesp.uepa.br\/ppgeeca\/wp-content\/uploads\/2024\/10\/UEPA-UFPR.pdf\" data-type=\"link\" data-id=\"https:\/\/propesp.uepa.br\/ppgeeca\/wp-content\/uploads\/2024\/10\/UEPA-UFPR.pdf\">\u00a0<\/a>e consulte o\u00a0<strong>Acordo de Coopera\u00e7\u00e3o T\u00e9cnica<\/strong>\u00a0formalizado em 22 de agosto de 2025.<\/p>\n\n\n\n<h4 class=\"wp-block-heading has-text-align-left has-text-color has-link-color wp-elements-6622ac615f0646378f0cd1441ee667dd\" style=\"color:#386d04;margin-top:var(--wp--preset--spacing--50);margin-right:var(--wp--preset--spacing--30);margin-bottom:var(--wp--preset--spacing--50);margin-left:var(--wp--preset--spacing--30);font-size:21px\"><strong><strong>UNIVERSIDADE DO ESTADO DO PAR\u00c1 (UEPA) E UNIVERSIDADE FEDERAL DE JUIZ DE FORA (UFJF<\/strong><\/strong>)<\/h4>\n\n\n\n<div class=\"wp-block-uagb-separator uagb-block-bc3a8b7d\"><div class=\"wp-block-uagb-separator__inner\" style=\"--my-background-image:\"><\/div><\/div>\n\n\n\n<p><\/p>\n\n\n\n<p class=\"has-ast-global-color-8-color has-text-color has-link-color wp-elements-d2653249f38d1a57e35021f6a474d7de\" style=\"margin-right:var(--wp--preset--spacing--30);margin-left:var(--wp--preset--spacing--30);font-size:21px\">O presente Acordo de Coopera\u00e7\u00e3o tem por objeto o desenvolvimento t\u00e9cnico-cient\u00edfico em projetos de Extens\u00e3o, desenvolvimento Cient\u00edfico, Pesquisa e Ensino entre a Programa de P\u00f3s-Gradua\u00e7\u00e3o em Qu\u00edmica da Universidade Federal de Juiz de Fora (UFJF) e o Programa de P\u00f3s-Gradua\u00e7\u00e3o em Educa\u00e7\u00e3o e Ensino de Ci\u00eancias na Amaz\u00f4nia (PPGEECA) da Universidade do Estado do Par\u00e1 (UEPA).<\/p>\n\n\n\n<p class=\"has-ast-global-color-8-color has-text-color has-link-color wp-elements-e24d031f62ee93b3ca1cb1292df7c692\" style=\"margin-right:var(--wp--preset--spacing--30);margin-left:var(--wp--preset--spacing--30);font-size:21px\"><strong>Per\u00edodo de vig\u00eancia:<\/strong>&nbsp;18\/08\/2025 a 18\/08\/2027<strong><br><\/strong><br>Clique&nbsp;<strong><a href=\"https:\/\/propesp.uepa.br\/ppgeeca\/wp-content\/uploads\/2025\/08\/Acordo-de-Cooperacao-entre-UEPA-e-UFJF-1.pdf\" data-type=\"link\" data-id=\"https:\/\/propesp.uepa.br\/ppgeeca\/wp-content\/uploads\/2024\/10\/UEPA-UFPR.pdf\">aqui<\/a><\/strong><a href=\"https:\/\/propesp.uepa.br\/ppgeeca\/wp-content\/uploads\/2024\/10\/UEPA-UFPR.pdf\" data-type=\"link\" data-id=\"https:\/\/propesp.uepa.br\/ppgeeca\/wp-content\/uploads\/2024\/10\/UEPA-UFPR.pdf\">&nbsp;<\/a>e consulte o&nbsp;<strong>Extrato do Acordo de Coopera\u00e7\u00e3o T\u00e9cnica<\/strong>&nbsp;publicado no Di\u00e1rio Oficial da Uni\u00e3o (DOU), de 21 de agosto de 2025.<\/p>\n","protected":false},"excerpt":{"rendered":"<p>EMBRAPA AMAZ\u00d4NIA ORIENTAL O presente Acordo tem por objeto instituir coopera\u00e7\u00e3o t\u00e9cnica visando a implementa\u00e7\u00e3o de um \u201cJardim Sensorial\u201d no Centro de Ci\u00eancias e Planet\u00e1rio do Par\u00e1 (CCPPA), que proporcione o contato com as plantas em uma perspectiva did\u00e1tica, pr\u00e1tica e inclusiva em um espa\u00e7o n\u00e3o formal de ensino almejando a divulga\u00e7\u00e3o e populariza\u00e7\u00e3o de [&hellip;]<\/p>\n","protected":false},"author":1,"featured_media":0,"parent":0,"menu_order":0,"comment_status":"closed","ping_status":"closed","template":"","meta":{"_uag_custom_page_level_css":"","site-sidebar-layout":"default","site-content-layout":"","ast-site-content-layout":"","site-content-style":"default","site-sidebar-style":"default","ast-global-header-display":"","ast-banner-title-visibility":"","ast-main-header-display":"","ast-hfb-above-header-display":"","ast-hfb-below-header-display":"","ast-hfb-mobile-header-display":"","site-post-title":"","ast-breadcrumbs-content":"","ast-featured-img":"","footer-sml-layout":"","theme-transparent-header-meta":"","adv-header-id-meta":"","stick-header-meta":"","header-above-stick-meta":"","header-main-stick-meta":"","header-below-stick-meta":"","astra-migrate-meta-layouts":"default","ast-page-background-enabled":"default","ast-page-background-meta":{"desktop":{"background-color":"var(--ast-global-color-4)","background-image":"","background-repeat":"repeat","background-position":"center center","background-size":"auto","background-attachment":"scroll","background-type":"","background-media":"","overlay-type":"","overlay-color":"","overlay-opacity":"","overlay-gradient":""},"tablet":{"background-color":"","background-image":"","background-repeat":"repeat","background-position":"center center","background-size":"auto","background-attachment":"scroll","background-type":"","background-media":"","overlay-type":"","overlay-color":"","overlay-opacity":"","overlay-gradient":""},"mobile":{"background-color":"","background-image":"","background-repeat":"repeat","background-position":"center center","background-size":"auto","background-attachment":"scroll","background-type":"","background-media":"","overlay-type":"","overlay-color":"","overlay-opacity":"","overlay-gradient":""}},"ast-content-background-meta":{"desktop":{"background-color":"var(--ast-global-color-5)","background-image":"","background-repeat":"repeat","background-position":"center center","background-size":"auto","background-attachment":"scroll","background-type":"","background-media":"","overlay-type":"","overlay-color":"","overlay-opacity":"","overlay-gradient":""},"tablet":{"background-color":"var(--ast-global-color-5)","background-image":"","background-repeat":"repeat","background-position":"center center","background-size":"auto","background-attachment":"scroll","background-type":"","background-media":"","overlay-type":"","overlay-color":"","overlay-opacity":"","overlay-gradient":""},"mobile":{"background-color":"var(--ast-global-color-5)","background-image":"","background-repeat":"repeat","background-position":"center center","background-size":"auto","background-attachment":"scroll","background-type":"","background-media":"","overlay-type":"","overlay-color":"","overlay-opacity":"","overlay-gradient":""}},"footnotes":""},"class_list":["post-68","page","type-page","status-publish","hentry"],"uagb_featured_image_src":{"full":false,"thumbnail":false,"medium":false,"medium_large":false,"large":false,"1536x1536":false,"2048x2048":false},"uagb_author_info":{"display_name":"adminsites@uepa.br","author_link":"https:\/\/propesp.uepa.br\/ppgeeca\/author\/adminsitesuepa-br\/"},"uagb_comment_info":0,"uagb_excerpt":"EMBRAPA AMAZ\u00d4NIA ORIENTAL O presente Acordo tem por objeto instituir coopera\u00e7\u00e3o t\u00e9cnica visando a implementa\u00e7\u00e3o de um \u201cJardim Sensorial\u201d no Centro de Ci\u00eancias e Planet\u00e1rio do Par\u00e1 (CCPPA), que proporcione o contato com as plantas em uma perspectiva did\u00e1tica, pr\u00e1tica e inclusiva em um espa\u00e7o n\u00e3o formal de ensino almejando a divulga\u00e7\u00e3o e populariza\u00e7\u00e3o de&hellip;","_links":{"self":[{"href":"https:\/\/propesp.uepa.br\/ppgeeca\/wp-json\/wp\/v2\/pages\/68","targetHints":{"allow":["GET"]}}],"collection":[{"href":"https:\/\/propesp.uepa.br\/ppgeeca\/wp-json\/wp\/v2\/pages"}],"about":[{"href":"https:\/\/propesp.uepa.br\/ppgeeca\/wp-json\/wp\/v2\/types\/page"}],"author":[{"embeddable":true,"href":"https:\/\/propesp.uepa.br\/ppgeeca\/wp-json\/wp\/v2\/users\/1"}],"replies":[{"embeddable":true,"href":"https:\/\/propesp.uepa.br\/ppgeeca\/wp-json\/wp\/v2\/comments?post=68"}],"version-history":[{"count":32,"href":"https:\/\/propesp.uepa.br\/ppgeeca\/wp-json\/wp\/v2\/pages\/68\/revisions"}],"predecessor-version":[{"id":5557,"href":"https:\/\/propesp.uepa.br\/ppgeeca\/wp-json\/wp\/v2\/pages\/68\/revisions\/5557"}],"wp:attachment":[{"href":"https:\/\/propesp.uepa.br\/ppgeeca\/wp-json\/wp\/v2\/media?parent=68"}],"curies":[{"name":"wp","href":"https:\/\/api.w.org\/{rel}","templated":true}]}}