{"id":909,"date":"2024-10-22T15:57:26","date_gmt":"2024-10-22T18:57:26","guid":{"rendered":"https:\/\/propesp.uepa.br\/ppgeeca\/?page_id=909"},"modified":"2025-08-19T15:08:46","modified_gmt":"2025-08-19T18:08:46","slug":"sobre-o-selo-editorial","status":"publish","type":"page","link":"https:\/\/propesp.uepa.br\/ppgeeca\/sobre-o-selo-editorial\/","title":{"rendered":"Sobre o Selo Editorial"},"content":{"rendered":"\n<div class=\"wp-block-uagb-container uagb-block-98a870f5 alignfull uagb-is-root-container\"><div class=\"uagb-container-inner-blocks-wrap\">\n<div class=\"wp-block-uagb-container uagb-block-ea8eb8e4 alignfull uagb-is-root-container\"><div class=\"uagb-container-inner-blocks-wrap\">\n<div class=\"wp-block-uagb-image uagb-block-76f27c84 wp-block-uagb-image--layout-default wp-block-uagb-image--effect-static wp-block-uagb-image--align-none\"><figure class=\"wp-block-uagb-image__figure\"><img decoding=\"async\" srcset=\"https:\/\/propesp.uepa.br\/ppgeeca\/wp-content\/uploads\/2024\/10\/Logo-Ed-258x300-4.png ,https:\/\/propesp.uepa.br\/ppgeeca\/wp-content\/uploads\/2024\/10\/Logo-Ed-258x300-4.png 780w, https:\/\/propesp.uepa.br\/ppgeeca\/wp-content\/uploads\/2024\/10\/Logo-Ed-258x300-4.png 360w\" sizes=\"auto, (max-width: 480px) 150px\" src=\"https:\/\/propesp.uepa.br\/ppgeeca\/wp-content\/uploads\/2024\/10\/Logo-Ed-258x300-4.png\" alt=\"\" class=\"uag-image-963\" width=\"272\" height=\"300\" title=\"Logo-Ed-258x300-4\" loading=\"lazy\" role=\"img\"\/><\/figure><\/div>\n<\/div><\/div>\n<\/div><\/div>\n\n\n\n<p><\/p>\n\n\n\n<p class=\"has-ast-global-color-8-color has-text-color has-link-color wp-elements-56f86c75bfda419d27afa5f076a3d2b3\" style=\"margin-right:var(--wp--preset--spacing--30);margin-left:var(--wp--preset--spacing--30);font-size:21px\">O Selo Editorial&nbsp;<strong>Edi\u00e7\u00f5es do Programa de P\u00f3s-gradua\u00e7\u00e3o em Educa\u00e7\u00e3o e Ensino de Ci\u00eancias na Amaz\u00f4nia da Universidade do Estado do Par\u00e1<\/strong>,&nbsp;denominado EDPPGEECA\/UEPA, \u00e9 institucionalizado pela resolu\u00e7\u00e3o n\u00ba 3759\/21 do Conselho Universit\u00e1rio da Universidade do Estado do Par\u00e1 (CONSUN\/UEPA), cadastrado na C\u00e2mara Brasileira do Livro e criado para dar vaz\u00e3o aos registros de Numera\u00e7\u00e3o Internacional para Livro (ISBN),&nbsp;ficha catalogr\u00e1fica, c\u00f3digo de barras e registro autoral dos Produtos T\u00e9cnicos e Tecnol\u00f3gicos (PPT) \u2013 Produtos Educacionais de autoria \u00fanica ou colet\u00e2neas, bem como prestar assessoria aos projetos gr\u00e1ficos e registros dos produtos educacionais gerados no \u00e2mbito do PPGEECA\/UEPA, visando disseminar o saber gerado no PPGEECA nos \u00e2mbitos regional, nacional e internacional.<br><br>O selo EDPPGEECA\/UEPA facilita \u00e0 comunidade acad\u00eamica e parceiros o acesso aos servi\u00e7os editoriais com o compromisso com a \u00e9tica cient\u00edfica e com a integridade da pesquisa, exigindo qualidade t\u00e9cnica das contribui\u00e7\u00f5es cient\u00edficas, da formata\u00e7\u00e3o, da apresenta\u00e7\u00e3o visual e n\u00e3o aceita (auto)pl\u00e1gio.<\/p>\n\n\n\n<div class=\"wp-block-uagb-container uagb-layout-flex uagb-block-6f3beca4 alignfull uagb-is-root-container\"><div class=\"uagb-container-inner-blocks-wrap\">\n<div class=\"wp-block-uagb-container uagb-block-7cf4b6ba alignfull uagb-is-root-container\"><div class=\"uagb-container-inner-blocks-wrap\">\n<div class=\"wp-block-uagb-container uagb-block-a176a8f7\">\n<div class=\"wp-block-uagb-image aligncenter uagb-block-59affd6f wp-block-uagb-image--layout-default wp-block-uagb-image--effect-static wp-block-uagb-image--align-center\"><figure class=\"wp-block-uagb-image__figure\"><img decoding=\"async\" srcset=\"https:\/\/propesp.uepa.br\/ppgeeca\/wp-content\/uploads\/2025\/08\/Instagram-post-de-comunicado-simples-amarelo-1-1024x1024-1.png ,https:\/\/propesp.uepa.br\/ppgeeca\/wp-content\/uploads\/2025\/08\/Instagram-post-de-comunicado-simples-amarelo-1-1024x1024-1.png 780w, https:\/\/propesp.uepa.br\/ppgeeca\/wp-content\/uploads\/2025\/08\/Instagram-post-de-comunicado-simples-amarelo-1-1024x1024-1.png 360w\" sizes=\"auto, (max-width: 480px) 150px\" src=\"https:\/\/propesp.uepa.br\/ppgeeca\/wp-content\/uploads\/2025\/08\/Instagram-post-de-comunicado-simples-amarelo-1-1024x1024-1.png\" alt=\"\" class=\"uag-image-5245\" width=\"200\" height=\"200\" title=\"Instagram-post-de-comunicado-simples-amarelo-1-1024x1024\" loading=\"lazy\" role=\"img\"\/><\/figure><\/div>\n\n\n\n<div class=\"wp-block-uagb-advanced-heading uagb-block-0fea7958\"><h5 class=\"uagb-heading-text\"><strong>Erick Elisson Hosana Ribeiro<\/strong><\/h5><\/div>\n\n\n\n<div class=\"wp-block-uagb-advanced-heading uagb-block-a0297bb4\"><p class=\"uagb-heading-text\"><strong>Editor-Chefe<\/strong><br>E-mail: erick.ribeiro@uepa.br<\/p><\/div>\n<\/div>\n\n\n\n<div class=\"wp-block-uagb-container uagb-block-fe97f579\">\n<div class=\"wp-block-uagb-image aligncenter uagb-block-9afa8928 wp-block-uagb-image--layout-default wp-block-uagb-image--effect-static wp-block-uagb-image--align-center\"><figure class=\"wp-block-uagb-image__figure\"><img decoding=\"async\" srcset=\"https:\/\/propesp.uepa.br\/ppgeeca\/wp-content\/uploads\/2025\/01\/Story-Bem-vindo-Novo-Funcionario-Branco-Minimalista-3-1024x1024.png ,https:\/\/propesp.uepa.br\/ppgeeca\/wp-content\/uploads\/2025\/01\/Story-Bem-vindo-Novo-Funcionario-Branco-Minimalista-3.png 780w, https:\/\/propesp.uepa.br\/ppgeeca\/wp-content\/uploads\/2025\/01\/Story-Bem-vindo-Novo-Funcionario-Branco-Minimalista-3.png 360w\" sizes=\"auto, (max-width: 480px) 150px\" src=\"https:\/\/propesp.uepa.br\/ppgeeca\/wp-content\/uploads\/2025\/01\/Story-Bem-vindo-Novo-Funcionario-Branco-Minimalista-3-1024x1024.png\" alt=\"\" class=\"uag-image-2586\" width=\"200\" height=\"200\" title=\"Story Bem-vindo Novo Funcion\u00e1rio Branco Minimalista (3)\" loading=\"lazy\" role=\"img\"\/><\/figure><\/div>\n\n\n\n<div class=\"wp-block-uagb-advanced-heading uagb-block-4c519358\"><h5 class=\"uagb-heading-text\"><strong>Jos\u00e9 Diogo Evangelista Reis<\/strong><\/h5><\/div>\n\n\n\n<div class=\"wp-block-uagb-advanced-heading uagb-block-fc79fd53\"><p class=\"uagb-heading-text\"><strong>Projeto Gr\u00e1fico e Diagrama\u00e7\u00e3o<\/strong><br>E-mail: diogo.reis@uepa.br<\/p><\/div>\n<\/div>\n\n\n\n<div class=\"wp-block-uagb-container uagb-block-7bbd2997\">\n<div class=\"wp-block-uagb-image aligncenter uagb-block-b00681df wp-block-uagb-image--layout-default wp-block-uagb-image--effect-static wp-block-uagb-image--align-center\"><figure class=\"wp-block-uagb-image__figure\"><img decoding=\"async\" srcset=\"https:\/\/propesp.uepa.br\/ppgeeca\/wp-content\/uploads\/2025\/01\/Story-Bem-vindo-Novo-Funcionario-Branco-Minimalista-2-1024x1024.png ,https:\/\/propesp.uepa.br\/ppgeeca\/wp-content\/uploads\/2025\/01\/Story-Bem-vindo-Novo-Funcionario-Branco-Minimalista-2.png 780w, https:\/\/propesp.uepa.br\/ppgeeca\/wp-content\/uploads\/2025\/01\/Story-Bem-vindo-Novo-Funcionario-Branco-Minimalista-2.png 360w\" sizes=\"auto, (max-width: 480px) 150px\" src=\"https:\/\/propesp.uepa.br\/ppgeeca\/wp-content\/uploads\/2025\/01\/Story-Bem-vindo-Novo-Funcionario-Branco-Minimalista-2-1024x1024.png\" alt=\"\" class=\"uag-image-2584\" width=\"200\" height=\"200\" title=\"Story Bem-vindo Novo Funcion\u00e1rio Branco Minimalista (2)\" loading=\"lazy\" role=\"img\"\/><\/figure><\/div>\n\n\n\n<div class=\"wp-block-uagb-advanced-heading uagb-block-8932f64a\"><h5 class=\"uagb-heading-text\"><strong><strong>Renata do Socorro Moraes Pires<\/strong><\/strong><\/h5><\/div>\n\n\n\n<div class=\"wp-block-uagb-advanced-heading uagb-block-afde3642\"><p class=\"uagb-heading-text\"><strong>Assistente Editorial<\/strong><br>E-mail: renatapires@uepa.br<\/p><\/div>\n<\/div>\n<\/div><\/div>\n<\/div><\/div>\n\n\n\n<div class=\"wp-block-uagb-buttons uagb-buttons__outer-wrap uagb-btn__default-btn uagb-btn-tablet__default-btn uagb-btn-mobile__default-btn uagb-block-45a6da09\"><div class=\"uagb-buttons__wrap uagb-buttons-layout-wrap \">\n<div class=\"wp-block-uagb-buttons-child uagb-buttons__outer-wrap uagb-block-57e524d7 wp-block-button\"><div class=\"uagb-button__wrapper\"><a class=\"uagb-buttons-repeater wp-block-button__link\" aria-label=\"\" href=\"https:\/\/propesp.uepa.br\/ppgeeca\/wp-content\/uploads\/2024\/10\/Resolucao-de-institucionalizacao-do-selo.pdf\" rel=\"follow noopener\" target=\"_self\" role=\"button\"><div class=\"uagb-button__link\">Consulte a\u00a0Resolu\u00e7\u00e3o n\u00ba 3759\/21 \u2013 CONSUN, 22 de Dezembro de 2021.<\/div><\/a><\/div><\/div>\n<\/div><\/div>\n","protected":false},"excerpt":{"rendered":"<p>O Selo Editorial&nbsp;Edi\u00e7\u00f5es do Programa de P\u00f3s-gradua\u00e7\u00e3o em Educa\u00e7\u00e3o e Ensino de Ci\u00eancias na Amaz\u00f4nia da Universidade do Estado do Par\u00e1,&nbsp;denominado EDPPGEECA\/UEPA, \u00e9 institucionalizado pela resolu\u00e7\u00e3o n\u00ba 3759\/21 do Conselho Universit\u00e1rio da Universidade do Estado do Par\u00e1 (CONSUN\/UEPA), cadastrado na C\u00e2mara Brasileira do Livro e criado para dar vaz\u00e3o aos registros de Numera\u00e7\u00e3o Internacional para [&hellip;]<\/p>\n","protected":false},"author":1,"featured_media":0,"parent":0,"menu_order":0,"comment_status":"closed","ping_status":"closed","template":"","meta":{"_uag_custom_page_level_css":"","site-sidebar-layout":"default","site-content-layout":"","ast-site-content-layout":"","site-content-style":"default","site-sidebar-style":"default","ast-global-header-display":"","ast-banner-title-visibility":"","ast-main-header-display":"","ast-hfb-above-header-display":"","ast-hfb-below-header-display":"","ast-hfb-mobile-header-display":"","site-post-title":"","ast-breadcrumbs-content":"","ast-featured-img":"","footer-sml-layout":"","theme-transparent-header-meta":"","adv-header-id-meta":"","stick-header-meta":"","header-above-stick-meta":"","header-main-stick-meta":"","header-below-stick-meta":"","astra-migrate-meta-layouts":"default","ast-page-background-enabled":"default","ast-page-background-meta":{"desktop":{"background-color":"var(--ast-global-color-4)","background-image":"","background-repeat":"repeat","background-position":"center center","background-size":"auto","background-attachment":"scroll","background-type":"","background-media":"","overlay-type":"","overlay-color":"","overlay-opacity":"","overlay-gradient":""},"tablet":{"background-color":"","background-image":"","background-repeat":"repeat","background-position":"center center","background-size":"auto","background-attachment":"scroll","background-type":"","background-media":"","overlay-type":"","overlay-color":"","overlay-opacity":"","overlay-gradient":""},"mobile":{"background-color":"","background-image":"","background-repeat":"repeat","background-position":"center center","background-size":"auto","background-attachment":"scroll","background-type":"","background-media":"","overlay-type":"","overlay-color":"","overlay-opacity":"","overlay-gradient":""}},"ast-content-background-meta":{"desktop":{"background-color":"var(--ast-global-color-5)","background-image":"","background-repeat":"repeat","background-position":"center center","background-size":"auto","background-attachment":"scroll","background-type":"","background-media":"","overlay-type":"","overlay-color":"","overlay-opacity":"","overlay-gradient":""},"tablet":{"background-color":"var(--ast-global-color-5)","background-image":"","background-repeat":"repeat","background-position":"center center","background-size":"auto","background-attachment":"scroll","background-type":"","background-media":"","overlay-type":"","overlay-color":"","overlay-opacity":"","overlay-gradient":""},"mobile":{"background-color":"var(--ast-global-color-5)","background-image":"","background-repeat":"repeat","background-position":"center center","background-size":"auto","background-attachment":"scroll","background-type":"","background-media":"","overlay-type":"","overlay-color":"","overlay-opacity":"","overlay-gradient":""}},"footnotes":""},"class_list":["post-909","page","type-page","status-publish","hentry"],"uagb_featured_image_src":{"full":false,"thumbnail":false,"medium":false,"medium_large":false,"large":false,"1536x1536":false,"2048x2048":false},"uagb_author_info":{"display_name":"adminsites@uepa.br","author_link":"https:\/\/propesp.uepa.br\/ppgeeca\/author\/adminsitesuepa-br\/"},"uagb_comment_info":0,"uagb_excerpt":"O Selo Editorial&nbsp;Edi\u00e7\u00f5es do Programa de P\u00f3s-gradua\u00e7\u00e3o em Educa\u00e7\u00e3o e Ensino de Ci\u00eancias na Amaz\u00f4nia da Universidade do Estado do Par\u00e1,&nbsp;denominado EDPPGEECA\/UEPA, \u00e9 institucionalizado pela resolu\u00e7\u00e3o n\u00ba 3759\/21 do Conselho Universit\u00e1rio da Universidade do Estado do Par\u00e1 (CONSUN\/UEPA), cadastrado na C\u00e2mara Brasileira do Livro e criado para dar vaz\u00e3o aos registros de Numera\u00e7\u00e3o Internacional para&hellip;","_links":{"self":[{"href":"https:\/\/propesp.uepa.br\/ppgeeca\/wp-json\/wp\/v2\/pages\/909","targetHints":{"allow":["GET"]}}],"collection":[{"href":"https:\/\/propesp.uepa.br\/ppgeeca\/wp-json\/wp\/v2\/pages"}],"about":[{"href":"https:\/\/propesp.uepa.br\/ppgeeca\/wp-json\/wp\/v2\/types\/page"}],"author":[{"embeddable":true,"href":"https:\/\/propesp.uepa.br\/ppgeeca\/wp-json\/wp\/v2\/users\/1"}],"replies":[{"embeddable":true,"href":"https:\/\/propesp.uepa.br\/ppgeeca\/wp-json\/wp\/v2\/comments?post=909"}],"version-history":[{"count":62,"href":"https:\/\/propesp.uepa.br\/ppgeeca\/wp-json\/wp\/v2\/pages\/909\/revisions"}],"predecessor-version":[{"id":5246,"href":"https:\/\/propesp.uepa.br\/ppgeeca\/wp-json\/wp\/v2\/pages\/909\/revisions\/5246"}],"wp:attachment":[{"href":"https:\/\/propesp.uepa.br\/ppgeeca\/wp-json\/wp\/v2\/media?parent=909"}],"curies":[{"name":"wp","href":"https:\/\/api.w.org\/{rel}","templated":true}]}}