{"id":917,"date":"2024-10-22T15:58:37","date_gmt":"2024-10-22T18:58:37","guid":{"rendered":"https:\/\/propesp.uepa.br\/ppgeeca\/?page_id=917"},"modified":"2025-08-08T14:36:29","modified_gmt":"2025-08-08T17:36:29","slug":"colecao-de-estagio-supervisionado","status":"publish","type":"page","link":"https:\/\/propesp.uepa.br\/ppgeeca\/colecao-de-estagio-supervisionado\/","title":{"rendered":"Cole\u00e7\u00e3o de Est\u00e1gio Supervisionado"},"content":{"rendered":"\n<div class=\"wp-block-uagb-image aligncenter uagb-block-65e7ffa8 wp-block-uagb-image--layout-default wp-block-uagb-image--effect-static wp-block-uagb-image--align-center\"><figure class=\"wp-block-uagb-image__figure\"><img decoding=\"async\" srcset=\"https:\/\/propesp.uepa.br\/ppgeeca\/wp-content\/uploads\/2024\/10\/Selo-Estagio-Supervisionado-300x300-2.png ,https:\/\/propesp.uepa.br\/ppgeeca\/wp-content\/uploads\/2024\/10\/Selo-Estagio-Supervisionado-300x300-2.png 780w, https:\/\/propesp.uepa.br\/ppgeeca\/wp-content\/uploads\/2024\/10\/Selo-Estagio-Supervisionado-300x300-2.png 360w\" sizes=\"auto, (max-width: 480px) 150px\" src=\"https:\/\/propesp.uepa.br\/ppgeeca\/wp-content\/uploads\/2024\/10\/Selo-Estagio-Supervisionado-300x300-2.png\" alt=\"\" class=\"uag-image-1043\" width=\"300\" height=\"300\" title=\"Selo-Estagio-Supervisionado-300x300-2\" loading=\"lazy\" role=\"img\"\/><\/figure><\/div>\n\n\n\n<p><\/p>\n\n\n\n<p class=\"has-black-color has-text-color has-link-color wp-elements-13e36d04a25bcdc870534aee33cdb560\" style=\"font-size:21px\">A&nbsp;<strong>Cole\u00e7\u00e3o de Est\u00e1gio Supervisionado<\/strong>&nbsp;faz parte do&nbsp;conjunto de a\u00e7\u00f5es do Programa de P\u00f3s-Gradua\u00e7\u00e3o em&nbsp;Educa\u00e7\u00e3o e Ensino de Ci\u00eancias na Amaz\u00f4nia (PPGEECA)&nbsp;da Universidade do Estado do Par\u00e1 (UEPA) visando a&nbsp;socializa\u00e7\u00e3o de experi\u00eancias e viv\u00eancias na forma\u00e7\u00e3o continuada de&nbsp;professores(as) para o ensino de ci\u00eancias na Amaz\u00f4nia e na&nbsp;produ\u00e7\u00e3o de produtos e processos educacionais, al\u00e9m do incentivo&nbsp;\u00e0 produ\u00e7\u00e3o cient\u00edfica dos(as) professores(as) e alunos(as) do&nbsp;Programa. Esta Cole\u00e7\u00e3o cria um espa\u00e7o de reflex\u00f5es cr\u00edticas e&nbsp;debates que possibilite elementos para repensar as concep\u00e7\u00f5es, os&nbsp;fundamentos, as pr\u00e1ticas pedag\u00f3gicas realizadas nas disciplinas de&nbsp;est\u00e1gio supervisionado no PPGEECA. Os relatos elaborados por&nbsp;mestrandos(as) e professores(as) s\u00e3o correspondestes as linhas de&nbsp;pesquisas Estrat\u00e9gias educativas para o ensino de Ci\u00eancias&nbsp;Naturais na Amaz\u00f4nia e Forma\u00e7\u00e3o de professores de ci\u00eancias e&nbsp;processo de ensino e aprendizagem em diversos contextos&nbsp;amaz\u00f4nicos.<\/p>\n\n\n\n<p><\/p>\n\n\n\n<div class=\"wp-block-media-text is-stacked-on-mobile\" style=\"grid-template-columns:18% auto\"><figure class=\"wp-block-media-text__media\"><img loading=\"lazy\" decoding=\"async\" width=\"212\" height=\"300\" src=\"https:\/\/propesp.uepa.br\/ppgeeca\/wp-content\/uploads\/2024\/10\/Relatos-de-Estagio-Supervisionado-1-212x300-1.png\" alt=\"\" class=\"wp-image-1049 size-full\"\/><\/figure><div class=\"wp-block-media-text__content\"><div class=\"sdm_download_item \"><div class=\"sdm_download_item_top\"><div class=\"sdm_download_thumbnail\"><\/div><div class=\"sdm_download_title\"><\/div><\/div><div style=\"clear:both;\"><\/div><div class=\"sdm_download_description\"><p><strong>O est\u00e1gio supervisionado na p\u00f3s-gradua\u00e7\u00e3o: Experi\u00eancias formativas no curso de mestrado profissional em educa\u00e7\u00e3o e ensino de Ci\u00eancias na Amaz\u00f4nia<\/strong><\/p>\n<p>Jacirene Vasconcelos de Albuquerque<br \/>\nJos\u00e9 Fernando Pereira Leal<br \/>\nLuely Oliveira da Silva<br \/>\nRonilson Freitas de Souza<\/p>\n<p>ISBN: 978-65-85158-04-6<br \/>\nDOI: 10.31792\/978-65-85158-04-6<\/p>\n<\/div><div class=\"sdm_download_link\"><span class=\"sdm_download_button\"><a href=\"https:\/\/propesp.uepa.br\/ppgeeca\/?sdm_process_download=1&#038;download_id=5012\" class=\"sdm_download green\" title=\"\" target=\"_blank\">Baixar agora!<\/a><\/span><span class=\"sdm_download_item_count\"><span class=\"sdm_item_count_number\">142<\/span><span class=\"sdm_item_count_string\"> Downloads<\/span><\/span><\/div><\/div><div class=\"sdm_clear_float\"><\/div><\/div><\/div>\n\n\n\n<p><\/p>\n\n\n\n<div class=\"wp-block-media-text is-stacked-on-mobile\" style=\"grid-template-columns:18% auto\"><figure class=\"wp-block-media-text__media\"><img loading=\"lazy\" decoding=\"async\" width=\"212\" height=\"300\" src=\"https:\/\/propesp.uepa.br\/ppgeeca\/wp-content\/uploads\/2024\/10\/Volume-2-Relatos-de-Estagio-Supervisionado-1-212x300-1.png\" alt=\"\" class=\"wp-image-1050 size-full\"\/><\/figure><div class=\"wp-block-media-text__content\"><div class=\"sdm_download_item \"><div class=\"sdm_download_item_top\"><div class=\"sdm_download_thumbnail\"><\/div><div class=\"sdm_download_title\"><\/div><\/div><div style=\"clear:both;\"><\/div><div class=\"sdm_download_description\"><p><strong>O est\u00e1gio supervisionado e forma\u00e7\u00e3o docente na Amaz\u00f4nia: Saberes, experi\u00eancias e itiner\u00e1rios constitutivos<\/strong><\/p>\n<p>Jacirene Vasconcelos de Albuquerque<br \/>\nJos\u00e9 Fernando Pereira Leal<br \/>\nLuely Oliveira da Silva<br \/>\nRonilson Freitas de Souza<\/p>\n<p>ISBN: 978-65-00-81929-8<br \/>\nDOI: 10.31792\/978-65-00-81929-8<\/p>\n<\/div><div class=\"sdm_download_link\"><span class=\"sdm_download_button\"><a href=\"https:\/\/propesp.uepa.br\/ppgeeca\/?sdm_process_download=1&#038;download_id=5014\" class=\"sdm_download green\" title=\"\" target=\"_blank\">Baixar agora!<\/a><\/span><span class=\"sdm_download_item_count\"><span class=\"sdm_item_count_number\">122<\/span><span class=\"sdm_item_count_string\"> Downloads<\/span><\/span><\/div><\/div><div class=\"sdm_clear_float\"><\/div><\/div><\/div>\n\n\n\n<p><\/p>\n\n\n\n<div class=\"wp-block-media-text is-stacked-on-mobile\" style=\"grid-template-columns:18% auto\"><figure class=\"wp-block-media-text__media\"><img loading=\"lazy\" decoding=\"async\" width=\"212\" height=\"300\" src=\"https:\/\/propesp.uepa.br\/ppgeeca\/wp-content\/uploads\/2024\/10\/Volume-3-Relatos-de-Estagio-Supervisionado-212x300-1.png\" alt=\"\" class=\"wp-image-1051 size-full\"\/><\/figure><div class=\"wp-block-media-text__content\"><div class=\"sdm_download_item \"><div class=\"sdm_download_item_top\"><div class=\"sdm_download_thumbnail\"><\/div><div class=\"sdm_download_title\"><\/div><\/div><div style=\"clear:both;\"><\/div><div class=\"sdm_download_description\"><p><strong>O est\u00e1gio supervisionado como pesquisa em educa\u00e7\u00e3o e Ci\u00eancias na Amaz\u00f4nia: Di\u00e1logos e experi\u00eancias de interven\u00e7\u00e3o pedag\u00f3gica<\/strong><\/p>\n<p>Jacirene Vasconcelos de Albuquerque<br \/>\nJos\u00e9 Fernando Pereira Leal<br \/>\nLuely Oliveira da Silva<br \/>\nRonilson Freitas de Souza<\/p>\n<p>ISBN: 978-65-85158-30-5<br \/>\nDOI: 10.31792\/978-65-85158-30-5<\/p>\n<\/div><div class=\"sdm_download_link\"><span class=\"sdm_download_button\"><a href=\"https:\/\/propesp.uepa.br\/ppgeeca\/?sdm_process_download=1&#038;download_id=5017\" class=\"sdm_download green\" title=\"\" target=\"_blank\">Baixar agora!<\/a><\/span><span class=\"sdm_download_item_count\"><span class=\"sdm_item_count_number\">133<\/span><span class=\"sdm_item_count_string\"> Downloads<\/span><\/span><\/div><\/div><div class=\"sdm_clear_float\"><\/div><\/div><\/div>\n\n\n\n<p><\/p>\n\n\n\n<div class=\"wp-block-media-text is-stacked-on-mobile\" style=\"grid-template-columns:18% auto\"><figure class=\"wp-block-media-text__media\"><img loading=\"lazy\" decoding=\"async\" width=\"724\" height=\"1024\" src=\"https:\/\/propesp.uepa.br\/ppgeeca\/wp-content\/uploads\/2025\/08\/4o-Volume-de-Estagio-Supervisionado-2-2-1_page-0001-724x1024.jpg\" alt=\"\" class=\"wp-image-5010 size-full\" srcset=\"https:\/\/propesp.uepa.br\/ppgeeca\/wp-content\/uploads\/2025\/08\/4o-Volume-de-Estagio-Supervisionado-2-2-1_page-0001-724x1024.jpg 724w, https:\/\/propesp.uepa.br\/ppgeeca\/wp-content\/uploads\/2025\/08\/4o-Volume-de-Estagio-Supervisionado-2-2-1_page-0001-212x300.jpg 212w, https:\/\/propesp.uepa.br\/ppgeeca\/wp-content\/uploads\/2025\/08\/4o-Volume-de-Estagio-Supervisionado-2-2-1_page-0001-768x1086.jpg 768w, https:\/\/propesp.uepa.br\/ppgeeca\/wp-content\/uploads\/2025\/08\/4o-Volume-de-Estagio-Supervisionado-2-2-1_page-0001-1086x1536.jpg 1086w, https:\/\/propesp.uepa.br\/ppgeeca\/wp-content\/uploads\/2025\/08\/4o-Volume-de-Estagio-Supervisionado-2-2-1_page-0001-1448x2048.jpg 1448w, https:\/\/propesp.uepa.br\/ppgeeca\/wp-content\/uploads\/2025\/08\/4o-Volume-de-Estagio-Supervisionado-2-2-1_page-0001-scaled.jpg 1810w\" sizes=\"auto, (max-width: 724px) 100vw, 724px\" \/><\/figure><div class=\"wp-block-media-text__content\"><div class=\"sdm_download_item \"><div class=\"sdm_download_item_top\"><div class=\"sdm_download_thumbnail\"><\/div><div class=\"sdm_download_title\"><\/div><\/div><div style=\"clear:both;\"><\/div><div class=\"sdm_download_description\"><p><strong>Est\u00e1gio supervisionado e processos formativos na p\u00f3s-gradua\u00e7\u00e3o: Reflex\u00f5es cr\u00edticas e produ\u00e7\u00f5es educativas para o ensino de Ci\u00eancias na Amaz\u00f4nia<\/strong><\/p>\n<p>Erick Elisson Hosana Ribeiro<br \/>\nFrederico da Silva Bicalho<br \/>\nRonilson Freitas de Souza<br \/>\nJacirene Vasconcelos de Albuquerque<\/p>\n<p>ISBN: 978-65-85158-41-1<br \/>\nDOI: 10.31792\/978-65-85158-41-1<\/p>\n<\/div><div class=\"sdm_download_link\"><span class=\"sdm_download_button\"><a href=\"https:\/\/propesp.uepa.br\/ppgeeca\/?sdm_process_download=1&#038;download_id=5019\" class=\"sdm_download green\" title=\"\" target=\"_blank\">Baixar agora!<\/a><\/span><span class=\"sdm_download_item_count\"><span class=\"sdm_item_count_number\">136<\/span><span class=\"sdm_item_count_string\"> Downloads<\/span><\/span><\/div><\/div><div class=\"sdm_clear_float\"><\/div><\/div><\/div>\n","protected":false},"excerpt":{"rendered":"<p>A&nbsp;Cole\u00e7\u00e3o de Est\u00e1gio Supervisionado&nbsp;faz parte do&nbsp;conjunto de a\u00e7\u00f5es do Programa de P\u00f3s-Gradua\u00e7\u00e3o em&nbsp;Educa\u00e7\u00e3o e Ensino de Ci\u00eancias na Amaz\u00f4nia (PPGEECA)&nbsp;da Universidade do Estado do Par\u00e1 (UEPA) visando a&nbsp;socializa\u00e7\u00e3o de experi\u00eancias e viv\u00eancias na forma\u00e7\u00e3o continuada de&nbsp;professores(as) para o ensino de ci\u00eancias na Amaz\u00f4nia e na&nbsp;produ\u00e7\u00e3o de produtos e processos educacionais, al\u00e9m do incentivo&nbsp;\u00e0 produ\u00e7\u00e3o cient\u00edfica [&hellip;]<\/p>\n","protected":false},"author":1,"featured_media":0,"parent":0,"menu_order":0,"comment_status":"closed","ping_status":"closed","template":"","meta":{"_uag_custom_page_level_css":"","site-sidebar-layout":"default","site-content-layout":"","ast-site-content-layout":"","site-content-style":"default","site-sidebar-style":"default","ast-global-header-display":"","ast-banner-title-visibility":"","ast-main-header-display":"","ast-hfb-above-header-display":"","ast-hfb-below-header-display":"","ast-hfb-mobile-header-display":"","site-post-title":"","ast-breadcrumbs-content":"","ast-featured-img":"","footer-sml-layout":"","theme-transparent-header-meta":"","adv-header-id-meta":"","stick-header-meta":"","header-above-stick-meta":"","header-main-stick-meta":"","header-below-stick-meta":"","astra-migrate-meta-layouts":"default","ast-page-background-enabled":"default","ast-page-background-meta":{"desktop":{"background-color":"var(--ast-global-color-4)","background-image":"","background-repeat":"repeat","background-position":"center center","background-size":"auto","background-attachment":"scroll","background-type":"","background-media":"","overlay-type":"","overlay-color":"","overlay-opacity":"","overlay-gradient":""},"tablet":{"background-color":"","background-image":"","background-repeat":"repeat","background-position":"center center","background-size":"auto","background-attachment":"scroll","background-type":"","background-media":"","overlay-type":"","overlay-color":"","overlay-opacity":"","overlay-gradient":""},"mobile":{"background-color":"","background-image":"","background-repeat":"repeat","background-position":"center center","background-size":"auto","background-attachment":"scroll","background-type":"","background-media":"","overlay-type":"","overlay-color":"","overlay-opacity":"","overlay-gradient":""}},"ast-content-background-meta":{"desktop":{"background-color":"var(--ast-global-color-5)","background-image":"","background-repeat":"repeat","background-position":"center center","background-size":"auto","background-attachment":"scroll","background-type":"","background-media":"","overlay-type":"","overlay-color":"","overlay-opacity":"","overlay-gradient":""},"tablet":{"background-color":"var(--ast-global-color-5)","background-image":"","background-repeat":"repeat","background-position":"center center","background-size":"auto","background-attachment":"scroll","background-type":"","background-media":"","overlay-type":"","overlay-color":"","overlay-opacity":"","overlay-gradient":""},"mobile":{"background-color":"var(--ast-global-color-5)","background-image":"","background-repeat":"repeat","background-position":"center center","background-size":"auto","background-attachment":"scroll","background-type":"","background-media":"","overlay-type":"","overlay-color":"","overlay-opacity":"","overlay-gradient":""}},"footnotes":""},"class_list":["post-917","page","type-page","status-publish","hentry"],"uagb_featured_image_src":{"full":false,"thumbnail":false,"medium":false,"medium_large":false,"large":false,"1536x1536":false,"2048x2048":false},"uagb_author_info":{"display_name":"adminsites@uepa.br","author_link":"https:\/\/propesp.uepa.br\/ppgeeca\/author\/adminsitesuepa-br\/"},"uagb_comment_info":0,"uagb_excerpt":"A&nbsp;Cole\u00e7\u00e3o de Est\u00e1gio Supervisionado&nbsp;faz parte do&nbsp;conjunto de a\u00e7\u00f5es do Programa de P\u00f3s-Gradua\u00e7\u00e3o em&nbsp;Educa\u00e7\u00e3o e Ensino de Ci\u00eancias na Amaz\u00f4nia (PPGEECA)&nbsp;da Universidade do Estado do Par\u00e1 (UEPA) visando a&nbsp;socializa\u00e7\u00e3o de experi\u00eancias e viv\u00eancias na forma\u00e7\u00e3o continuada de&nbsp;professores(as) para o ensino de ci\u00eancias na Amaz\u00f4nia e na&nbsp;produ\u00e7\u00e3o de produtos e processos educacionais, al\u00e9m do incentivo&nbsp;\u00e0 produ\u00e7\u00e3o cient\u00edfica&hellip;","_links":{"self":[{"href":"https:\/\/propesp.uepa.br\/ppgeeca\/wp-json\/wp\/v2\/pages\/917","targetHints":{"allow":["GET"]}}],"collection":[{"href":"https:\/\/propesp.uepa.br\/ppgeeca\/wp-json\/wp\/v2\/pages"}],"about":[{"href":"https:\/\/propesp.uepa.br\/ppgeeca\/wp-json\/wp\/v2\/types\/page"}],"author":[{"embeddable":true,"href":"https:\/\/propesp.uepa.br\/ppgeeca\/wp-json\/wp\/v2\/users\/1"}],"replies":[{"embeddable":true,"href":"https:\/\/propesp.uepa.br\/ppgeeca\/wp-json\/wp\/v2\/comments?post=917"}],"version-history":[{"count":18,"href":"https:\/\/propesp.uepa.br\/ppgeeca\/wp-json\/wp\/v2\/pages\/917\/revisions"}],"predecessor-version":[{"id":5020,"href":"https:\/\/propesp.uepa.br\/ppgeeca\/wp-json\/wp\/v2\/pages\/917\/revisions\/5020"}],"wp:attachment":[{"href":"https:\/\/propesp.uepa.br\/ppgeeca\/wp-json\/wp\/v2\/media?parent=917"}],"curies":[{"name":"wp","href":"https:\/\/api.w.org\/{rel}","templated":true}]}}