{"id":1685,"date":"2024-09-09T15:40:49","date_gmt":"2024-09-09T18:40:49","guid":{"rendered":"https:\/\/propesp.uepa.br\/ppgell\/?page_id=1685"},"modified":"2026-04-16T14:58:27","modified_gmt":"2026-04-16T17:58:27","slug":"administracao","status":"publish","type":"page","link":"https:\/\/propesp.uepa.br\/ppgell\/administracao\/","title":{"rendered":"Administra\u00e7\u00e3o"},"content":{"rendered":"\n<style>\n  :root {\n    --ppgell-brand-900: #0b2a4a;\n    --ppgell-brand-800: #123e69;\n    --ppgell-brand-700: #1b568f;\n    --ppgell-accent: #c5a24b;\n    --ppgell-accent-soft: #f2e5bf;\n    --ppgell-paper: #f8f5ef;\n    --ppgell-ink: #1d2732;\n    --ppgell-muted: #667085;\n    --ppgell-line: rgba(11, 42, 74, 0.12);\n    --ppgell-white: #ffffff;\n    --ppgell-shadow-soft: 0 14px 40px rgba(9, 21, 36, 0.10);\n    --ppgell-shadow-card: 0 18px 45px rgba(11, 42, 74, 0.14);\n    --ppgell-topbar-height: 40px;\n    --ppgell-navbar-height: 88px;\n    --ppgell-header-total: calc(var(--ppgell-topbar-height) + var(--ppgell-navbar-height));\n    --ppgell-container: 1280px;\n  }\n\n  .ppgell-header-shell,\n  .ppgell-header-shell *,\n  .ppgell-header-shell *::before,\n  .ppgell-header-shell *::after {\n    box-sizing: border-box;\n  }\n\n  .ppgell-header-shell {\n    position: relative;\n    font-family: \"Manrope\", sans-serif;\n    z-index: 50;\n  }\n\n  .ppgell-header-shell .ppgell-font-display {\n    font-family: \"Cormorant Garamond\", serif;\n  }\n\n  .ppgell-header-fixed {\n    position: fixed;\n    top: 0;\n    left: 0;\n    right: 0;\n    z-index: 9999;\n    isolation: isolate;\n  }\n\n  body.admin-bar .ppgell-header-fixed {\n    top: 32px;\n  }\n\n  @media (max-width: 782px) {\n    body.admin-bar .ppgell-header-fixed {\n      top: 46px;\n    }\n  }\n\n  .ppgell-header-spacer {\n    height: var(--ppgell-header-total);\n  }\n\n  body.admin-bar .ppgell-header-spacer {\n    height: calc(var(--ppgell-header-total) + 32px);\n  }\n\n  @media (max-width: 782px) {\n    body.admin-bar .ppgell-header-spacer {\n      height: calc(var(--ppgell-header-total) + 46px);\n    }\n  }\n\n  .ppgell-header-inner {\n    width: min(var(--ppgell-container), calc(100% - 32px));\n    margin: 0 auto;\n  }\n\n  @media (min-width: 640px) {\n    .ppgell-header-inner {\n      width: min(var(--ppgell-container), calc(100% - 48px));\n    }\n  }\n\n  @media (min-width: 1024px) {\n    .ppgell-header-inner {\n      width: min(var(--ppgell-container), calc(100% - 64px));\n    }\n  }\n\n  .ppgell-topbar {\n    position: relative;\n    height: var(--ppgell-topbar-height);\n    background: linear-gradient(90deg, var(--ppgell-brand-900), var(--ppgell-brand-700));\n    color: rgba(255,255,255,0.90);\n    border-bottom: 1px solid rgba(255,255,255,0.08);\n    overflow: hidden;\n  }\n\n  .ppgell-topbar::after {\n    content: \"\";\n    position: absolute;\n    inset: 0;\n    background: linear-gradient(120deg, transparent 0%, rgba(255,255,255,0.10) 40%, transparent 75%);\n    transform: translateX(-110%);\n    animation: ppgellTopbarSheen 8s linear infinite;\n    pointer-events: none;\n  }\n\n  @keyframes ppgellTopbarSheen {\n    to { transform: translateX(120%); }\n  }\n\n  .ppgell-topbar-row {\n    height: 100%;\n    display: flex;\n    align-items: center;\n    justify-content: space-between;\n    gap: 16px;\n    font-size: 12px;\n    line-height: 1;\n  }\n\n  .ppgell-topbar-left,\n  .ppgell-topbar-right {\n    display: flex;\n    align-items: center;\n    gap: 10px;\n    min-width: 0;\n  }\n\n  .ppgell-topbar-left span {\n    white-space: nowrap;\n    overflow: hidden;\n    text-overflow: ellipsis;\n  }\n\n  .ppgell-topbar-right a {\n    color: rgba(255,255,255,0.84);\n    text-decoration: none;\n    font-weight: 600;\n    transition: color .2s ease;\n  }\n\n  .ppgell-topbar-right a:hover {\n    color: #fff;\n  }\n\n  .ppgell-navbar {\n    height: var(--ppgell-navbar-height);\n    background: rgba(255,255,255,0.94);\n    backdrop-filter: blur(16px);\n    -webkit-backdrop-filter: blur(16px);\n    border-bottom: 1px solid var(--ppgell-line);\n    box-shadow: 0 8px 30px rgba(2, 6, 23, 0.06);\n    transition: background .25s ease, box-shadow .25s ease;\n  }\n\n  .ppgell-header-fixed.is-scrolled .ppgell-navbar {\n    background: rgba(255,255,255,0.98);\n    box-shadow: var(--ppgell-shadow-soft);\n  }\n\n  .ppgell-navbar-row {\n    height: 100%;\n    display: flex;\n    align-items: center;\n    justify-content: space-between;\n    gap: 24px;\n  }\n\n  .ppgell-brand {\n    display: flex;\n    align-items: center;\n    gap: 14px;\n    min-width: 0;\n    text-decoration: none;\n  }\n\n  .ppgell-brand-mark {\n    width: 54px;\n    height: 54px;\n    flex-shrink: 0;\n    border-radius: 18px;\n    position: relative;\n    overflow: hidden;\n    background: linear-gradient(145deg, var(--ppgell-brand-900), var(--ppgell-brand-700));\n    box-shadow: inset 0 1px 0 rgba(255,255,255,0.18), 0 14px 24px rgba(11, 42, 74, 0.18);\n    display: flex;\n    align-items: center;\n    justify-content: center;\n    color: #fff;\n  }\n\n  .ppgell-brand-mark::before,\n  .ppgell-brand-mark::after {\n    content: \"\";\n    position: absolute;\n    border-radius: 999px;\n  }\n\n  .ppgell-brand-mark::before {\n    width: 70px;\n    height: 70px;\n    top: -28px;\n    left: -20px;\n    background: rgba(255,255,255,0.10);\n  }\n\n  .ppgell-brand-mark::after {\n    width: 34px;\n    height: 34px;\n    right: -8px;\n    bottom: -10px;\n    background: rgba(197,162,75,0.34);\n  }\n\n  .ppgell-brand-text {\n    min-width: 0;\n  }\n\n  .ppgell-brand-title {\n    margin: 0;\n    color: var(--ppgell-brand-900);\n    font-size: 1.85rem;\n    line-height: 0.95;\n    font-weight: 700;\n    letter-spacing: -0.02em;\n  }\n\n  .ppgell-brand-subtitle {\n    margin-top: 4px;\n    color: var(--ppgell-brand-700);\n    font-size: 11px;\n    font-weight: 800;\n    text-transform: uppercase;\n    letter-spacing: 0.22em;\n    white-space: nowrap;\n  }\n\n  .ppgell-desktop-nav {\n    display: none;\n    align-items: center;\n    gap: 30px;\n  }\n\n  @media (min-width: 1024px) {\n    .ppgell-desktop-nav {\n      display: flex;\n    }\n  }\n\n  .ppgell-nav-link {\n    position: relative;\n    text-decoration: none;\n    color: var(--ppgell-ink);\n    font-size: 0.95rem;\n    font-weight: 700;\n    letter-spacing: 0.01em;\n    transition: color .2s ease, transform .2s ease;\n  }\n\n  .ppgell-nav-link::after {\n    content: \"\";\n    position: absolute;\n    left: 0;\n    bottom: -11px;\n    width: 100%;\n    height: 2px;\n    background: linear-gradient(90deg, var(--ppgell-accent), transparent);\n    transform: scaleX(0);\n    transform-origin: left;\n    transition: transform .25s ease;\n  }\n\n  .ppgell-nav-link:hover,\n  .ppgell-nav-link.is-active {\n    color: var(--ppgell-brand-700);\n    transform: translateY(-1px);\n  }\n\n  .ppgell-nav-link:hover::after,\n  .ppgell-nav-link.is-active::after {\n    transform: scaleX(1);\n  }\n\n  .ppgell-actions {\n    display: none;\n    align-items: center;\n    gap: 12px;\n  }\n\n  @media (min-width: 1024px) {\n    .ppgell-actions {\n      display: flex;\n    }\n  }\n\n  .ppgell-btn,\n  .ppgell-cta {\n    display: inline-flex;\n    align-items: center;\n    justify-content: center;\n    gap: 8px;\n    min-height: 46px;\n    padding: 0 18px;\n    border-radius: 999px;\n    text-decoration: none;\n    font-size: 0.875rem;\n    font-weight: 800;\n    transition: transform .2s ease, box-shadow .2s ease, border-color .2s ease, background .2s ease, color .2s ease;\n  }\n\n  .ppgell-btn {\n    background: #fff;\n    color: #334155;\n    border: 1px solid #e2e8f0;\n  }\n\n  .ppgell-btn:hover {\n    transform: translateY(-2px);\n    box-shadow: 0 12px 24px rgba(2, 6, 23, 0.10);\n    border-color: #cbd5e1;\n  }\n\n  .ppgell-cta {\n    position: relative;\n    overflow: hidden;\n    color: var(--ppgell-brand-900);\n    background: linear-gradient(135deg, #fff, #fbf7eb);\n    border: 1px solid rgba(197,162,75,0.28);\n    box-shadow: 0 12px 24px rgba(197,162,75,0.16);\n  }\n\n  .ppgell-cta::before {\n    content: \"\";\n    position: absolute;\n    inset: 0;\n    background: linear-gradient(120deg, transparent 25%, rgba(255,255,255,0.78) 50%, transparent 75%);\n    transform: translateX(-120%);\n    transition: transform .65s ease;\n  }\n\n  .ppgell-cta:hover {\n    transform: translateY(-2px);\n    box-shadow: 0 18px 28px rgba(197,162,75,0.18);\n  }\n\n  .ppgell-cta:hover::before {\n    transform: translateX(120%);\n  }\n\n  .ppgell-mobile-toggle {\n    display: inline-flex;\n    align-items: center;\n    justify-content: center;\n    width: 48px;\n    height: 48px;\n    border: 1px solid #e2e8f0;\n    border-radius: 18px;\n    background: #fff;\n    color: #1e293b;\n    box-shadow: 0 1px 2px rgba(15, 23, 42, 0.05);\n    cursor: pointer;\n    padding: 0;\n  }\n\n  @media (min-width: 1024px) {\n    .ppgell-mobile-toggle {\n      display: none;\n    }\n  }\n\n  .ppgell-mobile-panel {\n    max-height: 0;\n    overflow: hidden;\n    background: rgba(255,255,255,0.98);\n    backdrop-filter: blur(16px);\n    -webkit-backdrop-filter: blur(16px);\n    border-bottom: 1px solid var(--ppgell-line);\n    transition: max-height .35s ease;\n  }\n\n  .ppgell-mobile-panel.is-open {\n    max-height: 85vh;\n  }\n\n  .ppgell-mobile-nav {\n    display: flex;\n    flex-direction: column;\n    padding: 10px 0 0;\n  }\n\n  .ppgell-mobile-link {\n    display: flex;\n    align-items: center;\n    justify-content: space-between;\n    gap: 12px;\n    padding: 16px 0;\n    text-decoration: none;\n    color: #1e293b;\n    font-size: 0.96rem;\n    font-weight: 700;\n    border-bottom: 1px solid rgba(11, 42, 74, 0.08);\n    transition: color .2s ease, border-color .2s ease;\n  }\n\n  .ppgell-mobile-link:hover,\n  .ppgell-mobile-link.is-active {\n    color: var(--ppgell-brand-700);\n  }\n\n  .ppgell-mobile-link.is-active {\n    border-bottom-color: rgba(197,162,75,0.35);\n  }\n\n  .ppgell-mobile-actions {\n    display: grid;\n    gap: 12px;\n    padding: 16px 0 20px;\n  }\n\n  .ppgell-mobile-actions .ppgell-btn,\n  .ppgell-mobile-actions .ppgell-cta {\n    width: 100%;\n  }\n\n  .ppgell-icon {\n    width: 18px;\n    height: 18px;\n    stroke-width: 2;\n    flex-shrink: 0;\n  }\n\n  .ppgell-icon.small {\n    width: 14px;\n    height: 14px;\n  }\n\n  @media (max-width: 1023px) {\n    .ppgell-brand-title {\n      font-size: 1.6rem;\n    }\n\n    .ppgell-brand-subtitle {\n      font-size: 10px;\n      letter-spacing: 0.16em;\n    }\n  }\n\n  @media (max-width: 767px) {\n    .ppgell-topbar-right {\n      display: none;\n    }\n\n    .ppgell-topbar-row {\n      font-size: 11px;\n    }\n\n    .ppgell-brand-mark {\n      width: 50px;\n      height: 50px;\n    }\n\n    .ppgell-navbar-row {\n      gap: 16px;\n    }\n  }\n<\/style>\n\n<link rel=\"preconnect\" href=\"https:\/\/fonts.googleapis.com\">\n<link rel=\"preconnect\" href=\"https:\/\/fonts.gstatic.com\" crossorigin>\n<link href=\"https:\/\/fonts.googleapis.com\/css2?family=Cormorant+Garamond:wght@600;700&#038;family=Manrope:wght@400;500;600;700;800&#038;display=swap\" rel=\"stylesheet\">\n\n<div class=\"ppgell-header-shell\">\n  <div class=\"ppgell-header-fixed\" id=\"ppgellHeaderFixed\">\n    <div class=\"ppgell-topbar\">\n      <div class=\"ppgell-header-inner ppgell-topbar-row\">\n        <div class=\"ppgell-topbar-left\">\n          <i data-lucide=\"badge-check\" class=\"ppgell-icon small\"><\/i>\n          <span>Programa de P\u00f3s-Gradua\u00e7\u00e3o em Ensino da L\u00edngua Portuguesa e suas Respectivas Literaturas<\/span>\n        <\/div>\n\n        <div class=\"ppgell-topbar-right\">\n          <a href=\"#contato\">Contato<\/a>\n          <a href=\"#acessibilidade\">Acessibilidade<\/a>\n          <a href=\"\/ppgell\/editais\/\">Editais<\/a>\n        <\/div>\n      <\/div>\n    <\/div>\n\n    <header class=\"ppgell-navbar\" role=\"banner\">\n      <div class=\"ppgell-header-inner ppgell-navbar-row\">\n        <a href=\"\/ppgell\/\" class=\"ppgell-brand\" aria-label=\"Ir para a p\u00e1gina inicial do PPGELL\">\n          <div class=\"ppgell-brand-mark\">\n            <i data-lucide=\"landmark\" class=\"ppgell-icon\"><\/i>\n          <\/div>\n\n          <div class=\"ppgell-brand-text\">\n            <div class=\"ppgell-brand-title ppgell-font-display\">PPGELL<\/div>\n            <div class=\"ppgell-brand-subtitle\">Portal oficial<\/div>\n          <\/div>\n        <\/a>\n\n        <nav class=\"ppgell-desktop-nav\" aria-label=\"Navega\u00e7\u00e3o principal\">\n          <ppgell-link url=\"\">Home<\/ppgell-link>\n          <ppgell-link url=\"administracao\">Administra\u00e7\u00e3o<\/ppgell-link>\n          <ppgell-link url=\"linhas-de-pesquisa\">Linhas de pesquisa<\/ppgell-link>\n          <ppgell-link url=\"artigos\">Artigos<\/ppgell-link>\n          <ppgell-link url=\"editais\">Editais<\/ppgell-link>\n          <a class=\"ppgell-nav-link\" href=\"#contato\">Contato<\/a>\n        <\/nav>\n\n        <div class=\"ppgell-actions\">\n          <a href=\"\/ppgell\/?s=\" class=\"ppgell-btn\">\n            <i data-lucide=\"search\" class=\"ppgell-icon small\"><\/i>\n            Buscar\n          <\/a>\n\n          <a href=\"\/ppgell\/editais\/\" class=\"ppgell-cta\">\n            Acesso r\u00e1pido\n            <i data-lucide=\"arrow-right\" class=\"ppgell-icon small\"><\/i>\n          <\/a>\n        <\/div>\n\n        <button\n          id=\"ppgellMobileToggle\"\n          class=\"ppgell-mobile-toggle\"\n          type=\"button\"\n          aria-expanded=\"false\"\n          aria-controls=\"ppgellMobilePanel\"\n          aria-label=\"Abrir menu\"\n        >\n          <i data-lucide=\"menu\" class=\"ppgell-icon\"><\/i>\n        <\/button>\n      <\/div>\n    <\/header>\n\n    <div id=\"ppgellMobilePanel\" class=\"ppgell-mobile-panel\">\n      <div class=\"ppgell-header-inner\">\n        <nav class=\"ppgell-mobile-nav\" aria-label=\"Navega\u00e7\u00e3o m\u00f3vel\">\n          <ppgell-link variant=\"mobile\" url=\"\">Home<\/ppgell-link>\n          <ppgell-link variant=\"mobile\" url=\"administracao\">Administra\u00e7\u00e3o<\/ppgell-link>\n          <ppgell-link variant=\"mobile\" url=\"linhas-de-pesquisa\">Linhas de pesquisa<\/ppgell-link>\n          <ppgell-link variant=\"mobile\" url=\"artigos\">Artigos<\/ppgell-link>\n          <ppgell-link variant=\"mobile\" url=\"editais\">Editais<\/ppgell-link>\n\n          <a href=\"#contato\" class=\"ppgell-mobile-link\">\n            <span>Contato<\/span>\n            <i data-lucide=\"chevron-right\" class=\"ppgell-icon small\"><\/i>\n          <\/a>\n        <\/nav>\n\n        <div class=\"ppgell-mobile-actions\">\n          <a href=\"\/ppgell\/?s=\" class=\"ppgell-btn\">\n            <i data-lucide=\"search\" class=\"ppgell-icon small\"><\/i>\n            Buscar no portal\n          <\/a>\n\n          <a href=\"\/ppgell\/editais\/\" class=\"ppgell-cta\">\n            Acesso r\u00e1pido\n            <i data-lucide=\"arrow-up-right\" class=\"ppgell-icon small\"><\/i>\n          <\/a>\n        <\/div>\n      <\/div>\n    <\/div>\n  <\/div>\n\n  <div class=\"ppgell-header-spacer\" aria-hidden=\"true\"><\/div>\n<\/div>\n\n<script src=\"https:\/\/unpkg.com\/lucide@latest\"><\/script>\n<script>\n  (function () {\n    var BASE_PATH = \"\/ppgell\";\n    var header = document.getElementById(\"ppgellHeaderFixed\");\n    var toggle = document.getElementById(\"ppgellMobileToggle\");\n    var panel = document.getElementById(\"ppgellMobilePanel\");\n\n    function renderIcons() {\n      if (window.lucide && typeof window.lucide.createIcons === \"function\") {\n        window.lucide.createIcons();\n      }\n    }\n\n    function ppgellNormalizePath(path) {\n      if (!path) return \"\/\";\n      path = path.replace(\/^https?:\\\/\\\/[^\/]+\/i, \"\");\n      path = path.replace(\/\\\/+$\/, \"\");\n      return path || \"\/\";\n    }\n\n    function ppgellBuildPath(url) {\n      if (!url || url === \"\/\") return BASE_PATH + \"\/\";\n\n      if (url.startsWith(\"#\")) return url;\n      if (\/^https?:\\\/\\\/\/i.test(url)) return url;\n\n      url = url.replace(\/^\\\/+\/, \"\");\n      return BASE_PATH + \"\/\" + url + \"\/\";\n    }\n\n    class PpgellLink extends HTMLElement {\n      connectedCallback() {\n        if (this.dataset.rendered === \"true\") return;\n        this.dataset.rendered = \"true\";\n\n        var url = this.getAttribute(\"url\") || \"\";\n        var name = this.getAttribute(\"name\") || this.textContent.trim() || \"\";\n        var variant = this.getAttribute(\"variant\") || \"desktop\";\n        var extraClass = this.getAttribute(\"class\") || \"\";\n\n        var a = document.createElement(\"a\");\n        a.href = ppgellBuildPath(url);\n\n        if (variant === \"mobile\") {\n          a.className = (\"ppgell-mobile-link \" + extraClass).trim();\n          a.innerHTML = '<span>' + name + '<\/span><i data-lucide=\"chevron-right\" class=\"ppgell-icon small\"><\/i>';\n        } else {\n          a.className = (\"ppgell-nav-link \" + extraClass).trim();\n          a.textContent = name;\n        }\n\n        var currentPath = ppgellNormalizePath(window.location.pathname);\n        var linkPath = ppgellNormalizePath(a.pathname);\n\n        if (linkPath === currentPath) {\n          a.classList.add(\"is-active\");\n        }\n\n        this.replaceWith(a);\n      }\n    }\n\n    if (!customElements.get(\"ppgell-link\")) {\n      customElements.define(\"ppgell-link\", PpgellLink);\n    }\n\n    function updateScrollState() {\n      if (!header) return;\n      if (window.scrollY > 16) {\n        header.classList.add(\"is-scrolled\");\n      } else {\n        header.classList.remove(\"is-scrolled\");\n      }\n    }\n\n    function closeMenu() {\n      if (!panel || !toggle) return;\n      panel.classList.remove(\"is-open\");\n      toggle.setAttribute(\"aria-expanded\", \"false\");\n      toggle.setAttribute(\"aria-label\", \"Abrir menu\");\n      toggle.innerHTML = '<i data-lucide=\"menu\" class=\"ppgell-icon\"><\/i>';\n      renderIcons();\n    }\n\n    function toggleMenu() {\n      if (!panel || !toggle) return;\n      var isOpen = panel.classList.toggle(\"is-open\");\n      toggle.setAttribute(\"aria-expanded\", String(isOpen));\n      toggle.setAttribute(\"aria-label\", isOpen ? \"Fechar menu\" : \"Abrir menu\");\n      toggle.innerHTML = isOpen\n        ? '<i data-lucide=\"x\" class=\"ppgell-icon\"><\/i>'\n        : '<i data-lucide=\"menu\" class=\"ppgell-icon\"><\/i>';\n      renderIcons();\n    }\n\n    updateScrollState();\n    window.addEventListener(\"scroll\", updateScrollState, { passive: true });\n\n    if (toggle) {\n      toggle.addEventListener(\"click\", toggleMenu);\n    }\n\n    if (panel) {\n      var mobileLinks = panel.querySelectorAll(\"a\");\n      for (var i = 0; i < mobileLinks.length; i++) {\n        mobileLinks[i].addEventListener(\"click\", closeMenu);\n      }\n    }\n\n    renderIcons();\n  })();\n<\/script>\n","protected":false},"excerpt":{"rendered":"","protected":false},"author":1,"featured_media":0,"parent":0,"menu_order":0,"comment_status":"closed","ping_status":"closed","template":"","meta":{"_uag_custom_page_level_css":"","site-sidebar-layout":"default","site-content-layout":"","ast-site-content-layout":"default","site-content-style":"unboxed","site-sidebar-style":"unboxed","ast-global-header-display":"disabled","ast-banner-title-visibility":"","ast-main-header-display":"","ast-hfb-above-header-display":"","ast-hfb-below-header-display":"","ast-hfb-mobile-header-display":"","site-post-title":"","ast-breadcrumbs-content":"","ast-featured-img":"","footer-sml-layout":"","theme-transparent-header-meta":"","adv-header-id-meta":"","stick-header-meta":"","header-above-stick-meta":"","header-main-stick-meta":"","header-below-stick-meta":"","astra-migrate-meta-layouts":"set","ast-page-background-enabled":"default","ast-page-background-meta":{"desktop":{"background-color":"var(--ast-global-color-4)","background-image":"","background-repeat":"repeat","background-position":"center center","background-size":"auto","background-attachment":"scroll","background-type":"","background-media":"","overlay-type":"","overlay-color":"","overlay-gradient":""},"tablet":{"background-color":"","background-image":"","background-repeat":"repeat","background-position":"center center","background-size":"auto","background-attachment":"scroll","background-type":"","background-media":"","overlay-type":"","overlay-color":"","overlay-gradient":""},"mobile":{"background-color":"","background-image":"","background-repeat":"repeat","background-position":"center center","background-size":"auto","background-attachment":"scroll","background-type":"","background-media":"","overlay-type":"","overlay-color":"","overlay-gradient":""}},"ast-content-background-meta":{"desktop":{"background-color":"var(--ast-global-color-5)","background-image":"","background-repeat":"repeat","background-position":"center center","background-size":"auto","background-attachment":"scroll","background-type":"","background-media":"","overlay-type":"","overlay-color":"","overlay-gradient":""},"tablet":{"background-color":"var(--ast-global-color-5)","background-image":"","background-repeat":"repeat","background-position":"center center","background-size":"auto","background-attachment":"scroll","background-type":"","background-media":"","overlay-type":"","overlay-color":"","overlay-gradient":""},"mobile":{"background-color":"var(--ast-global-color-5)","background-image":"","background-repeat":"repeat","background-position":"center center","background-size":"auto","background-attachment":"scroll","background-type":"","background-media":"","overlay-type":"","overlay-color":"","overlay-gradient":""}},"footnotes":""},"class_list":["post-1685","page","type-page","status-publish","hentry"],"uagb_featured_image_src":{"full":false,"thumbnail":false,"medium":false,"medium_large":false,"large":false,"1536x1536":false,"2048x2048":false},"uagb_author_info":{"display_name":"admin@uepa.br","author_link":"https:\/\/propesp.uepa.br\/ppgell\/author\/adminuepa-br\/"},"uagb_comment_info":0,"uagb_excerpt":null,"_links":{"self":[{"href":"https:\/\/propesp.uepa.br\/ppgell\/wp-json\/wp\/v2\/pages\/1685"}],"collection":[{"href":"https:\/\/propesp.uepa.br\/ppgell\/wp-json\/wp\/v2\/pages"}],"about":[{"href":"https:\/\/propesp.uepa.br\/ppgell\/wp-json\/wp\/v2\/types\/page"}],"author":[{"embeddable":true,"href":"https:\/\/propesp.uepa.br\/ppgell\/wp-json\/wp\/v2\/users\/1"}],"replies":[{"embeddable":true,"href":"https:\/\/propesp.uepa.br\/ppgell\/wp-json\/wp\/v2\/comments?post=1685"}],"version-history":[{"count":4,"href":"https:\/\/propesp.uepa.br\/ppgell\/wp-json\/wp\/v2\/pages\/1685\/revisions"}],"predecessor-version":[{"id":2740,"href":"https:\/\/propesp.uepa.br\/ppgell\/wp-json\/wp\/v2\/pages\/1685\/revisions\/2740"}],"wp:attachment":[{"href":"https:\/\/propesp.uepa.br\/ppgell\/wp-json\/wp\/v2\/media?parent=1685"}],"curies":[{"name":"wp","href":"https:\/\/api.w.org\/{rel}","templated":true}]}}