{"id":190,"date":"2024-09-13T16:48:10","date_gmt":"2024-09-13T16:48:10","guid":{"rendered":"https:\/\/propesp.uepa.br\/ppgem\/?page_id=190"},"modified":"2024-11-04T20:19:52","modified_gmt":"2024-11-04T20:19:52","slug":"grupos-de-pesquisa","status":"publish","type":"page","link":"https:\/\/propesp.uepa.br\/ppgem\/grupos-de-pesquisa\/","title":{"rendered":"Grupos de Pesquisa"},"content":{"rendered":"\n<div class=\"wp-block-uagb-advanced-heading uagb-block-bb1a65bb\"><h4 class=\"uagb-heading-text\"><strong><strong>GECEM &#8211; Grupo de Estudos em Cogni\u00e7\u00e3o e Educa\u00e7\u00e3o Matem\u00e1tica<\/strong><\/strong><\/h4><\/div>\n\n\n\n<div class=\"wp-block-uagb-advanced-heading uagb-block-ecdd3008\"><p class=\"uagb-heading-text\">&nbsp;Prof. Dr. F\u00e1bio Jos\u00e9 da Costa Alves<br>Prof. Dr. Pedro Franco de S\u00e1<\/p><\/div>\n\n\n\n<div class=\"wp-block-uagb-advanced-heading uagb-block-461c3150\"><h4 class=\"uagb-heading-text\"><strong><strong>GHEMAZ &#8211; Grupo de Pesquisa em Hist\u00f3ria da Matem\u00e1tica e Educa\u00e7\u00e3o Matem\u00e1tica na Amaz\u00f4nia<\/strong><\/strong><\/h4><\/div>\n\n\n\n<div class=\"wp-block-uagb-advanced-heading uagb-block-903e7935\"><p class=\"uagb-heading-text\">&nbsp;Prof. Dr. Natanael Freitas Cabral<br>Prof. Dr. Miguel Chaquiam<\/p><\/div>\n\n\n\n<div class=\"wp-block-uagb-advanced-heading uagb-block-fd46b6bc\"><h4 class=\"uagb-heading-text\"><a href=\"https:\/\/sites.google.com\/uepa.br\/gpemt\"><strong><strong>GPEMT &#8211; Grupo de Pesquisas em Ensino da Matem\u00e1tica e Tecnologias<\/strong><\/strong> &#8211; Clique Aqui<\/a><\/h4><\/div>\n\n\n\n<div class=\"wp-block-uagb-advanced-heading uagb-block-0310faee\"><p class=\"uagb-heading-text\">&nbsp;Prof. Dra. Cinthia Cunha Maradei Pereira<br>Prof. Dr. F\u00e1bio Jos\u00e9 da Costa Alves<\/p><\/div>\n","protected":false},"excerpt":{"rendered":"<p>GECEM &#8211; Grupo de Estudos em Cogni\u00e7\u00e3o e Educa\u00e7\u00e3o Matem\u00e1tica &nbsp;Prof. Dr. F\u00e1bio Jos\u00e9 da Costa AlvesProf. Dr. Pedro Franco [&hellip;]<\/p>\n","protected":false},"author":1,"featured_media":0,"parent":0,"menu_order":0,"comment_status":"closed","ping_status":"closed","template":"","meta":{"_uag_custom_page_level_css":"","site-sidebar-layout":"default","site-content-layout":"","ast-site-content-layout":"","site-content-style":"default","site-sidebar-style":"default","ast-global-header-display":"","ast-banner-title-visibility":"","ast-main-header-display":"","ast-hfb-above-header-display":"","ast-hfb-below-header-display":"","ast-hfb-mobile-header-display":"","site-post-title":"","ast-breadcrumbs-content":"","ast-featured-img":"","footer-sml-layout":"","theme-transparent-header-meta":"","adv-header-id-meta":"","stick-header-meta":"","header-above-stick-meta":"","header-main-stick-meta":"","header-below-stick-meta":"","astra-migrate-meta-layouts":"default","ast-page-background-enabled":"default","ast-page-background-meta":{"desktop":{"background-color":"var(--ast-global-color-4)","background-image":"","background-repeat":"repeat","background-position":"center center","background-size":"auto","background-attachment":"scroll","background-type":"","background-media":"","overlay-type":"","overlay-color":"","overlay-gradient":""},"tablet":{"background-color":"","background-image":"","background-repeat":"repeat","background-position":"center center","background-size":"auto","background-attachment":"scroll","background-type":"","background-media":"","overlay-type":"","overlay-color":"","overlay-gradient":""},"mobile":{"background-color":"","background-image":"","background-repeat":"repeat","background-position":"center center","background-size":"auto","background-attachment":"scroll","background-type":"","background-media":"","overlay-type":"","overlay-color":"","overlay-gradient":""}},"ast-content-background-meta":{"desktop":{"background-color":"var(--ast-global-color-5)","background-image":"","background-repeat":"repeat","background-position":"center center","background-size":"auto","background-attachment":"scroll","background-type":"","background-media":"","overlay-type":"","overlay-color":"","overlay-gradient":""},"tablet":{"background-color":"var(--ast-global-color-5)","background-image":"","background-repeat":"repeat","background-position":"center center","background-size":"auto","background-attachment":"scroll","background-type":"","background-media":"","overlay-type":"","overlay-color":"","overlay-gradient":""},"mobile":{"background-color":"var(--ast-global-color-5)","background-image":"","background-repeat":"repeat","background-position":"center center","background-size":"auto","background-attachment":"scroll","background-type":"","background-media":"","overlay-type":"","overlay-color":"","overlay-gradient":""}},"footnotes":""},"class_list":["post-190","page","type-page","status-publish","hentry"],"uagb_featured_image_src":{"full":false,"thumbnail":false,"medium":false,"medium_large":false,"large":false,"1536x1536":false,"2048x2048":false},"uagb_author_info":{"display_name":"adminsites@uepa.br","author_link":"https:\/\/propesp.uepa.br\/ppgem\/author\/adminsitesuepa-br\/"},"uagb_comment_info":0,"uagb_excerpt":"GECEM &#8211; Grupo de Estudos em Cogni\u00e7\u00e3o e Educa\u00e7\u00e3o Matem\u00e1tica &nbsp;Prof. Dr. F\u00e1bio Jos\u00e9 da Costa AlvesProf. Dr. Pedro Franco [&hellip;]","_links":{"self":[{"href":"https:\/\/propesp.uepa.br\/ppgem\/wp-json\/wp\/v2\/pages\/190","targetHints":{"allow":["GET"]}}],"collection":[{"href":"https:\/\/propesp.uepa.br\/ppgem\/wp-json\/wp\/v2\/pages"}],"about":[{"href":"https:\/\/propesp.uepa.br\/ppgem\/wp-json\/wp\/v2\/types\/page"}],"author":[{"embeddable":true,"href":"https:\/\/propesp.uepa.br\/ppgem\/wp-json\/wp\/v2\/users\/1"}],"replies":[{"embeddable":true,"href":"https:\/\/propesp.uepa.br\/ppgem\/wp-json\/wp\/v2\/comments?post=190"}],"version-history":[{"count":14,"href":"https:\/\/propesp.uepa.br\/ppgem\/wp-json\/wp\/v2\/pages\/190\/revisions"}],"predecessor-version":[{"id":862,"href":"https:\/\/propesp.uepa.br\/ppgem\/wp-json\/wp\/v2\/pages\/190\/revisions\/862"}],"wp:attachment":[{"href":"https:\/\/propesp.uepa.br\/ppgem\/wp-json\/wp\/v2\/media?parent=190"}],"curies":[{"name":"wp","href":"https:\/\/api.w.org\/{rel}","templated":true}]}}