{"id":225,"date":"2024-09-13T19:34:34","date_gmt":"2024-09-13T19:34:34","guid":{"rendered":"https:\/\/propesp.uepa.br\/ppgem\/?page_id=225"},"modified":"2024-09-17T20:21:46","modified_gmt":"2024-09-17T20:21:46","slug":"regimento-ppgem","status":"publish","type":"page","link":"https:\/\/propesp.uepa.br\/ppgem\/regimento-ppgem\/","title":{"rendered":"Regimentos"},"content":{"rendered":"\n<div class=\"wp-block-uagb-container uagb-block-0a6bcd8f alignfull uagb-is-root-container\"><div class=\"uagb-container-inner-blocks-wrap\">\n<div class=\"wp-block-uagb-advanced-heading uagb-block-df022558\"><h4 class=\"uagb-heading-text\"><strong>Regimento do PPGEM<\/strong><\/h4><\/div>\n\n\n\n<div class=\"wp-block-uagb-advanced-heading uagb-block-66c73d5e\"><p class=\"uagb-heading-text\"><a href=\"https:\/\/drive.google.com\/file\/d\/1OuPsU5-WiyfQOLn0avz5sYgat3Dg0XMO\/view\">Resolu\u00e7\u00e3o do PPGEM &#8211; Clique aqui<br><\/a><a href=\"https:\/\/ccse.uepa.br\/ppgem\/wp-content\/uploads\/2016\/12\/Resolu%C3%A7%C3%A3o-Est%C3%A1gio-P%C3%B3s-Doutoral-2019-1.pdf\">Resolu\u00e7\u00e3o: Est\u00e1gio P\u00f3s-Doutoral 2019 &#8211; Clique aqui<br><\/a><a href=\"https:\/\/ccse.uepa.br\/ppgem\/wp-content\/uploads\/2016\/12\/Resolu%C3%A7%C3%A3o-Est%C3%A1gio-Docente-para-Avalia%C3%A7%C3%A3o-e-Integra%C3%A7%C3%A3o.pdf\">Resolu\u00e7\u00e3o: Est\u00e1gio Docente Para Avalia\u00e7\u00e3o e Integra\u00e7\u00e3o &#8211; Clique aqui<\/a><\/p><\/div>\n<\/div><\/div>\n\n\n\n<div class=\"wp-block-uagb-container uagb-block-c52b686f alignfull uagb-is-root-container\"><div class=\"uagb-container-inner-blocks-wrap\">\n<div class=\"wp-block-uagb-advanced-heading uagb-block-d6c58d5b\"><h4 class=\"uagb-heading-text\">Ementas Obrigat\u00f3rias<\/h4><\/div>\n\n\n\n<div class=\"wp-block-uagb-advanced-heading uagb-block-3b6dd236\"><p class=\"uagb-heading-text\"><a href=\"https:\/\/ccse.uepa.br\/ppgem\/wp-content\/uploads\/2020\/02\/Ementas-das-Disciplinas-do-PPGEM.pdf\">Ementa das disciplinas do PPGEM &#8211; Clique aqui<br><\/a><a href=\"https:\/\/ccse.uepa.br\/ppgem\/wp-content\/uploads\/2020\/02\/Ementa-PMPEM-Obrigat%C3%B3ria-M%C3%A9todos-de-Pesquisa-no-Ensino-de-Matem%C3%A1tica.pdf\">M\u00e9todos de Pesquisa no Ensino da Matem\u00e1tica &#8211; Clique aqui<br><\/a><a href=\"https:\/\/ccse.uepa.br\/ppgem\/wp-content\/uploads\/2020\/02\/Ementa-PMPEM-Obrigat%C3%B3ria-Desenvolvimento-e-Aprendizagem-da-Matem%C3%A1tica.pdf\">Desenvolvimento e Aprendizagem da Matem\u00e1tica &#8211; Clique aqui<br><\/a><a href=\"https:\/\/ccse.uepa.br\/ppgem\/wp-content\/uploads\/2020\/02\/Ementa-PMPEM-Obrigat%C3%B3ria-T%C3%B3picos-de-Matem%C3%A1tica-I.pdf\">T\u00f3picos de Matem\u00e1tica I &#8211; Clique aqui<br><\/a><a href=\"https:\/\/ccse.uepa.br\/ppgem\/wp-content\/uploads\/2020\/02\/Ementa-PMPEM-Obrigat%C3%B3ria-Ensino-de-Matem%C3%A1tica-I.pdf\">Ensino de Matem\u00e1tica I &#8211; Clique aqui<br><\/a><a href=\"https:\/\/ccse.uepa.br\/ppgem\/wp-content\/uploads\/2020\/02\/Ementa-PMPEM-Obrigat%C3%B3ria-Tecnologias-de-Inform%C3%A1tica-no-Ensino-de-Matem%C3%A1tica.pdf\">Tecnologia de Inform\u00e1tica no Ensino da Matem\u00e1tica &#8211; Clique aqui<br><\/a><a href=\"https:\/\/ccse.uepa.br\/ppgem\/wp-content\/uploads\/2020\/02\/Ementa-PMPEM-Obrigat%C3%B3ria-T%C3%B3picos-de-Matem%C3%A1tica-II.pdf\">T\u00f3picos de Matem\u00e1tica II &#8211; Clique aqui<br><\/a><a href=\"https:\/\/ccse.uepa.br\/ppgem\/wp-content\/uploads\/2020\/02\/Ementa-PMPEM-Obrigat%C3%B3ria-Curr%C3%ADculo-e-avalia%C3%A7%C3%A3o-da-aprendizagem-em-Matem%C3%A1tica.pdf\">Curr\u00edculo e Avalia\u00e7\u00e3o da Aprendizagem em Matem\u00e1tica &#8211; Clique aqui<br><\/a><a href=\"https:\/\/ccse.uepa.br\/ppgem\/wp-content\/uploads\/2020\/02\/Ementa-PMPEM-Obrigat%C3%B3ria-Ensino-de-Matem%C3%A1tica-I.pdf\">Ensino de Matem\u00e1tica II &#8211; Clique aqui<br><\/a><a href=\"https:\/\/ccse.uepa.br\/ppgem\/wp-content\/uploads\/2020\/02\/Ementa-PMPEM-Obrigat%C3%B3ria-Est%C3%A1gio-Supervisionado-I-e-II.pdf\">Est\u00e1gio Supervisionado I e II &#8211; Clique aqui<br><\/a><a href=\"https:\/\/ccse.uepa.br\/ppgem\/wp-content\/uploads\/2020\/02\/Ementa-PMPEM-Obrigat%C3%B3ria-Trabalho-de-Conclus%C3%A3o-de-Curso-I-e-II.pdf\">Trabalho de Conclus\u00e3o de Curso I e II &#8211; Clique aqui<br><\/a><a href=\"https:\/\/ccse.uepa.br\/ppgem\/wp-content\/uploads\/2020\/02\/Ementa-PMPEM-Obrigat%C3%B3ria-Semin%C3%A1rio-de-Estagio-Supervisionado.pdf\">Semin\u00e1rio de Est\u00e1gio Supervisionado &#8211; Clique aqui<\/a><\/p><\/div>\n<\/div><\/div>\n\n\n\n<div class=\"wp-block-uagb-container uagb-block-ac524820 alignfull uagb-is-root-container\"><div class=\"uagb-container-inner-blocks-wrap\">\n<div class=\"wp-block-uagb-advanced-heading uagb-block-efdfad51\"><h4 class=\"uagb-heading-text\">Ementas Optativas<\/h4><\/div>\n\n\n\n<div class=\"wp-block-uagb-advanced-heading uagb-block-59cdaae3\"><p class=\"uagb-heading-text\"><a href=\"https:\/\/ccse.uepa.br\/ppgem\/wp-content\/uploads\/2020\/02\/Ementa-PMPEM-Optativa-Modelagem-Matem%C3%A1tica.pdf\">Modelagem Matem\u00e1tica &#8211; Clique aqui<br><\/a><a href=\"https:\/\/ccse.uepa.br\/ppgem\/wp-content\/uploads\/2020\/02\/Ementa-PMPEM-Optativa-Hist%C3%B3ria-da-Matem%C3%A1tica-como-recurso-did%C3%A1tico.pdf\">Hist\u00f3ria da Matem\u00e1tica como Recurso Did\u00e1tico &#8211; Clique aqui<br><\/a><a href=\"https:\/\/ccse.uepa.br\/ppgem\/wp-content\/uploads\/2020\/02\/Ementa-PMPEM-Optativa-Aplica%C3%A7%C3%B5es-da-Matem%C3%A1tica.pdf\">Aplica\u00e7\u00f5es da Matem\u00e1tica &#8211; Clique aqui<br><\/a><a href=\"https:\/\/ccse.uepa.br\/ppgem\/wp-content\/uploads\/2020\/02\/Ementa-PMPEM-Optativa-A-matem%C3%A1tica-escolar-de-um-ponto-de-vista-avan%C3%A7ado.pdf\">A Matem\u00e1tica Escolar de um Ponto de Vista Avan\u00e7ado &#8211; Clique aqui<br><\/a><a href=\"https:\/\/ccse.uepa.br\/ppgem\/wp-content\/uploads\/2020\/02\/Ementa-PMPEM-Optativa-A-Resolu%C3%A7%C3%A3o-de-Problemas-em-Aulas-de-Matem%C3%A1tica.pdf\">A Resolu\u00e7\u00e3o de Problemas em Aulas de Matem\u00e1tica &#8211; Clique aqui<br><\/a><a href=\"https:\/\/ccse.uepa.br\/ppgem\/wp-content\/uploads\/2020\/02\/Ementa-PMPEM-Optativa-Tend%C3%AAncias-da-Educa%C3%A7%C3%A3o-Estat%C3%ADstica.pdf\">Tend\u00eancias da Educa\u00e7\u00e3o Estat\u00edstica &#8211; Clique aqui<br><\/a><a href=\"https:\/\/ccse.uepa.br\/ppgem\/wp-content\/uploads\/2020\/02\/Ementa-PMPEM-Optativa-M%C3%A9todos-Estat%C3%ADsticos-na-Pesquisa-Educacional.pdf\">M\u00e9todos Estat\u00edsticos na Pesquisa Educacional &#8211; Clique aqui<br><\/a><a href=\"https:\/\/ccse.uepa.br\/ppgem\/wp-content\/uploads\/2020\/02\/Ementa-PMPEM-Optativa-Fun%C3%A7%C3%B5es-e-Continuidade.pdf\">Fun\u00e7\u00f5es e Continuidade &#8211; Clique aqui<br><\/a><a href=\"https:\/\/ccse.uepa.br\/ppgem\/wp-content\/uploads\/2020\/02\/Ementa-PMPEM-Optativa-%C3%81lgebra-Linear-e-Aplica%C3%A7%C3%B5es.pdf\">\u00c1lgebra Linear e Aplica\u00e7\u00f5es &#8211; Clique aqui<\/a><\/p><\/div>\n<\/div><\/div>\n","protected":false},"excerpt":{"rendered":"<p>Regimento do PPGEM Resolu\u00e7\u00e3o do PPGEM &#8211; Clique aquiResolu\u00e7\u00e3o: Est\u00e1gio P\u00f3s-Doutoral 2019 &#8211; Clique aquiResolu\u00e7\u00e3o: Est\u00e1gio Docente Para Avalia\u00e7\u00e3o e [&hellip;]<\/p>\n","protected":false},"author":1,"featured_media":0,"parent":0,"menu_order":0,"comment_status":"closed","ping_status":"closed","template":"","meta":{"_uag_custom_page_level_css":"","site-sidebar-layout":"default","site-content-layout":"","ast-site-content-layout":"","site-content-style":"default","site-sidebar-style":"default","ast-global-header-display":"","ast-banner-title-visibility":"","ast-main-header-display":"","ast-hfb-above-header-display":"","ast-hfb-below-header-display":"","ast-hfb-mobile-header-display":"","site-post-title":"","ast-breadcrumbs-content":"","ast-featured-img":"","footer-sml-layout":"","theme-transparent-header-meta":"","adv-header-id-meta":"","stick-header-meta":"","header-above-stick-meta":"","header-main-stick-meta":"","header-below-stick-meta":"","astra-migrate-meta-layouts":"default","ast-page-background-enabled":"default","ast-page-background-meta":{"desktop":{"background-color":"var(--ast-global-color-4)","background-image":"","background-repeat":"repeat","background-position":"center center","background-size":"auto","background-attachment":"scroll","background-type":"","background-media":"","overlay-type":"","overlay-color":"","overlay-gradient":""},"tablet":{"background-color":"","background-image":"","background-repeat":"repeat","background-position":"center center","background-size":"auto","background-attachment":"scroll","background-type":"","background-media":"","overlay-type":"","overlay-color":"","overlay-gradient":""},"mobile":{"background-color":"","background-image":"","background-repeat":"repeat","background-position":"center center","background-size":"auto","background-attachment":"scroll","background-type":"","background-media":"","overlay-type":"","overlay-color":"","overlay-gradient":""}},"ast-content-background-meta":{"desktop":{"background-color":"var(--ast-global-color-5)","background-image":"","background-repeat":"repeat","background-position":"center center","background-size":"auto","background-attachment":"scroll","background-type":"","background-media":"","overlay-type":"","overlay-color":"","overlay-gradient":""},"tablet":{"background-color":"var(--ast-global-color-5)","background-image":"","background-repeat":"repeat","background-position":"center center","background-size":"auto","background-attachment":"scroll","background-type":"","background-media":"","overlay-type":"","overlay-color":"","overlay-gradient":""},"mobile":{"background-color":"var(--ast-global-color-5)","background-image":"","background-repeat":"repeat","background-position":"center center","background-size":"auto","background-attachment":"scroll","background-type":"","background-media":"","overlay-type":"","overlay-color":"","overlay-gradient":""}},"footnotes":""},"class_list":["post-225","page","type-page","status-publish","hentry"],"uagb_featured_image_src":{"full":false,"thumbnail":false,"medium":false,"medium_large":false,"large":false,"1536x1536":false,"2048x2048":false},"uagb_author_info":{"display_name":"adminsites@uepa.br","author_link":"https:\/\/propesp.uepa.br\/ppgem\/author\/adminsitesuepa-br\/"},"uagb_comment_info":0,"uagb_excerpt":"Regimento do PPGEM Resolu\u00e7\u00e3o do PPGEM &#8211; Clique aquiResolu\u00e7\u00e3o: Est\u00e1gio P\u00f3s-Doutoral 2019 &#8211; Clique aquiResolu\u00e7\u00e3o: Est\u00e1gio Docente Para Avalia\u00e7\u00e3o e [&hellip;]","_links":{"self":[{"href":"https:\/\/propesp.uepa.br\/ppgem\/wp-json\/wp\/v2\/pages\/225","targetHints":{"allow":["GET"]}}],"collection":[{"href":"https:\/\/propesp.uepa.br\/ppgem\/wp-json\/wp\/v2\/pages"}],"about":[{"href":"https:\/\/propesp.uepa.br\/ppgem\/wp-json\/wp\/v2\/types\/page"}],"author":[{"embeddable":true,"href":"https:\/\/propesp.uepa.br\/ppgem\/wp-json\/wp\/v2\/users\/1"}],"replies":[{"embeddable":true,"href":"https:\/\/propesp.uepa.br\/ppgem\/wp-json\/wp\/v2\/comments?post=225"}],"version-history":[{"count":208,"href":"https:\/\/propesp.uepa.br\/ppgem\/wp-json\/wp\/v2\/pages\/225\/revisions"}],"predecessor-version":[{"id":540,"href":"https:\/\/propesp.uepa.br\/ppgem\/wp-json\/wp\/v2\/pages\/225\/revisions\/540"}],"wp:attachment":[{"href":"https:\/\/propesp.uepa.br\/ppgem\/wp-json\/wp\/v2\/media?parent=225"}],"curies":[{"name":"wp","href":"https:\/\/api.w.org\/{rel}","templated":true}]}}