{"id":439,"date":"2024-09-16T20:37:40","date_gmt":"2024-09-16T20:37:40","guid":{"rendered":"https:\/\/propesp.uepa.br\/ppgem\/?page_id=439"},"modified":"2024-09-18T17:33:58","modified_gmt":"2024-09-18T17:33:58","slug":"download-e-upload","status":"publish","type":"page","link":"https:\/\/propesp.uepa.br\/ppgem\/download-e-upload\/","title":{"rendered":"\u00c1rea do Aluno"},"content":{"rendered":"\n<div class=\"wp-block-uagb-advanced-heading uagb-block-6ed8225f\"><h3 class=\"uagb-heading-text\">Upload<\/h3><div class=\"uagb-separator\"><\/div><\/div>\n\n\n\n<div class=\"wp-block-uagb-container uagb-block-177e87fa alignfull uagb-is-root-container\"><div class=\"uagb-container-inner-blocks-wrap\">\n<div class=\"wp-block-uagb-container uagb-block-4bc63e4e alignfull uagb-is-root-container\"><div class=\"uagb-container-inner-blocks-wrap\">\n<h2 class=\"wp-block-heading\" style=\"font-size:20px\">Formul\u00e1rio de Envio de Processo<\/h2>\n\n\n\n<div class=\"wp-block-uagb-advanced-heading uagb-block-f95bc123 justify\"><p class=\"uagb-heading-text\">Este formul\u00e1rio se destina ao envio de requerimento por alunos do curso de Mestrado Profissional do Programa de P\u00f3s-Gradua\u00e7\u00e3o e Ensino de Matem\u00e1tica da Universidade do Estado do Par\u00e1,&nbsp;em geral&nbsp;para cr\u00e9dito de Profici\u00eancia em L\u00edngua Inglesa, Atividades Complementares e outros.&nbsp;<br>Link:&nbsp;<a href=\"https:\/\/forms.gle\/oXXHPxiHeMfdaHFs7\">https:\/\/forms.gle\/oXXHPxiHeMfdaHFs7<\/a><\/p><\/div>\n<\/div><\/div>\n\n\n\n<div class=\"wp-block-uagb-container uagb-block-47783ac0 alignfull uagb-is-root-container\"><div class=\"uagb-container-inner-blocks-wrap\">\n<h2 class=\"wp-block-heading\" style=\"font-size:20px\">Envio de Documentos<\/h2>\n\n\n\n<div class=\"wp-block-uagb-advanced-heading uagb-block-3a046aeb justify\"><p class=\"uagb-heading-text\">Este formul\u00e1rio se destina ao envio de documentos por alunos do curso de Mestrado Profissional do Programa de P\u00f3s-Gradua\u00e7\u00e3o e Ensino de Matem\u00e1tica da Universidade do Estado do Par\u00e1&nbsp;para a emiss\u00e3o de certificados.<br>Link:&nbsp;<a href=\"https:\/\/forms.gle\/XeSCHdrWomXaGQiy6\">https:\/\/forms.gle\/XeSCHdrWomXaGQiy6<\/a><\/p><\/div>\n<\/div><\/div>\n\n\n\n<div class=\"wp-block-uagb-container uagb-block-9f03a9a6 alignfull uagb-is-root-container\"><div class=\"uagb-container-inner-blocks-wrap\">\n<h2 class=\"wp-block-heading\" style=\"font-size:20px\">Indica\u00e7\u00e3o de Orientador<\/h2>\n\n\n\n<div class=\"wp-block-uagb-advanced-heading uagb-block-a28b579f justify\"><p class=\"uagb-heading-text\">Este&nbsp;formul\u00e1rio \u00e9 destinado aos alunos da turma de 2023, que ap\u00f3s&nbsp; analisar o curr\u00edculo dos docentes do Programa,&nbsp; visualizando principalmente as \u00faltimas disserta\u00e7\u00f5es&nbsp; orientadas por estes,&nbsp; indicar tr\u00eas nomes de poss\u00edveis orientadores em ordem de prefer\u00eancia,&nbsp; n\u00e3o repetindo nome de orientador nas indica\u00e7\u00f5es.&nbsp;&nbsp;<br>Link:&nbsp;<a href=\"https:\/\/forms.gle\/bhKfqm51YnwbjZDf9\" target=\"_blank\" rel=\"noreferrer noopener\">https:\/\/forms.gle\/bhKfqm51YnwbjZDf9<\/a><\/p><\/div>\n<\/div><\/div>\n<\/div><\/div>\n\n\n\n<div class=\"wp-block-uagb-advanced-heading uagb-block-70c0cb57\"><h3 class=\"uagb-heading-text\">Download<\/h3><div class=\"uagb-separator\"><\/div><\/div>\n\n\n\n<div class=\"wp-block-uagb-container uagb-block-6c193267 alignfull uagb-is-root-container\"><div class=\"uagb-container-inner-blocks-wrap\">\n<div class=\"wp-block-uagb-container uagb-block-a1606a1e alignfull uagb-is-root-container\"><div class=\"uagb-container-inner-blocks-wrap\">\n<p class=\"has-text-align-center has-link-color wp-elements-fca096fee2579bcf72da825b2df67fda\"><a href=\"https:\/\/docs.google.com\/document\/d\/1jyTKnANeMHD0SPUBJlOxiSEWSjUOZFfq\/edit\">Pr\u00e9-Lauda &#8211; Clique aqui<br><\/a><a href=\"http:\/\/ccse.uepa.br\/ppgem\/wp-content\/uploads\/2017\/02\/Orienta%C3%A7%C3%A3o-Produto-Educacional.pdf\">Orienta\u00e7\u00e3o para o Produto Educacional &#8211; Clique aqui<br><\/a><a href=\"https:\/\/docs.google.com\/document\/d\/1BH1aOwv-K4J7LnnmOvOQeuQXr8ydxzB9\/edit\">Modelo da Capa da Qualifica\u00e7\u00e3o e da Disserta\u00e7\u00e3o &#8211; Clique aqui<br><\/a><a href=\"https:\/\/docs.google.com\/document\/d\/1pW5EjZtt8Wyq2AyZ2p9cV_4Qc-yXXZW0\/edit\">Declara\u00e7\u00e3o Orientador Entrega Exemplares Definitivos: Disserta\u00e7\u00e3o e Produto Educacional &#8211; Clique aqui<br><\/a><a href=\"https:\/\/docs.google.com\/document\/d\/1UJq6h6rWgv38X16RkAtyM_JFHZFM8fyd\/edit\">Formul\u00e1rio para A\u00e7\u00e3o de Extens\u00e3o no PPGEM &#8211; Clique aqui<br><\/a><a href=\"https:\/\/docs.google.com\/document\/d\/1Oo-uimgo8irAMtUlGvCtPJl8QPAtLqDa\/edit\">Requerimento Escolar &#8211; Aluno &#8211; Modelo CCSE &#8211; Clique aqui<br><\/a><a href=\"https:\/\/docs.google.com\/document\/d\/1K89djeUVoYDjAvyo4ybmB-HLsH-9Jrw5\/edit\">Atividades Complementares PMPEM 2019: Carga Hor\u00e1ria x Pontua\u00e7\u00e3o &#8211; Clique aqui<br><\/a><a href=\"https:\/\/docs.google.com\/document\/d\/19u4nCJgQosVrrZJ3BnusSdYJBSZKEzD2\/edit#heading=h.gjdgxs\">Ficha de Avalia\u00e7\u00e3o de Produtos Educacionais &#8211; Clique aqui<br><\/a><a href=\"https:\/\/docs.google.com\/document\/d\/1KHM9u6egaJSAsW9abh99qpLnT7w4S92i\/edit\">Est\u00e1gio Supervisionado: Plano de Atividades &#8211; Clique aqui<br><\/a><a href=\"http:\/\/ccse.uepa.br\/ppgem\/wp-content\/uploads\/2017\/02\/03-Est%C3%A1gio-Supervisionado-Relat%C3%B3rio-Acompanhamento-1.docx\">Est\u00e1gio Supervisionado: Relat\u00f3rio Acompanhamento &#8211; Clique aqui<br><\/a><a href=\"https:\/\/docs.google.com\/document\/d\/1Agf-md7M53tZezgn0jqjyhpGLFrb8s8b\/edit\">Est\u00e1gio Supervisionado: Avalia\u00e7\u00e3o Produto Supervisor &#8211; Clique aqui<br><\/a><a href=\"https:\/\/docs.google.com\/document\/d\/18YCvrazm1PREP1MiGdConTPQHwTimszh\/edit\">Est\u00e1gio Supervisionado: Declara\u00e7\u00e3o Dire\u00e7\u00e3o &#8211; Clique aqui<br><\/a><a href=\"https:\/\/docs.google.com\/document\/d\/1SNgIk51UhenINHqjCdNXsr38UFyNSa9F\/edit#heading=h.gjdgxs\">Ficha de Classifica\u00e7\u00e3o de Produto Educacional &#8211; Clique aqui<\/a><\/p>\n<\/div><\/div>\n<\/div><\/div>\n\n\n\n<p><\/p>\n","protected":false},"excerpt":{"rendered":"<p>Upload Formul\u00e1rio de Envio de Processo Este formul\u00e1rio se destina ao envio de requerimento por alunos do curso de Mestrado [&hellip;]<\/p>\n","protected":false},"author":1,"featured_media":0,"parent":0,"menu_order":0,"comment_status":"closed","ping_status":"closed","template":"","meta":{"_uag_custom_page_level_css":"","site-sidebar-layout":"default","site-content-layout":"","ast-site-content-layout":"","site-content-style":"default","site-sidebar-style":"default","ast-global-header-display":"","ast-banner-title-visibility":"","ast-main-header-display":"","ast-hfb-above-header-display":"","ast-hfb-below-header-display":"","ast-hfb-mobile-header-display":"","site-post-title":"","ast-breadcrumbs-content":"","ast-featured-img":"","footer-sml-layout":"","theme-transparent-header-meta":"","adv-header-id-meta":"","stick-header-meta":"","header-above-stick-meta":"","header-main-stick-meta":"","header-below-stick-meta":"","astra-migrate-meta-layouts":"default","ast-page-background-enabled":"default","ast-page-background-meta":{"desktop":{"background-color":"var(--ast-global-color-4)","background-image":"","background-repeat":"repeat","background-position":"center center","background-size":"auto","background-attachment":"scroll","background-type":"","background-media":"","overlay-type":"","overlay-color":"","overlay-gradient":""},"tablet":{"background-color":"","background-image":"","background-repeat":"repeat","background-position":"center center","background-size":"auto","background-attachment":"scroll","background-type":"","background-media":"","overlay-type":"","overlay-color":"","overlay-gradient":""},"mobile":{"background-color":"","background-image":"","background-repeat":"repeat","background-position":"center center","background-size":"auto","background-attachment":"scroll","background-type":"","background-media":"","overlay-type":"","overlay-color":"","overlay-gradient":""}},"ast-content-background-meta":{"desktop":{"background-color":"var(--ast-global-color-5)","background-image":"","background-repeat":"repeat","background-position":"center center","background-size":"auto","background-attachment":"scroll","background-type":"","background-media":"","overlay-type":"","overlay-color":"","overlay-gradient":""},"tablet":{"background-color":"var(--ast-global-color-5)","background-image":"","background-repeat":"repeat","background-position":"center center","background-size":"auto","background-attachment":"scroll","background-type":"","background-media":"","overlay-type":"","overlay-color":"","overlay-gradient":""},"mobile":{"background-color":"var(--ast-global-color-5)","background-image":"","background-repeat":"repeat","background-position":"center center","background-size":"auto","background-attachment":"scroll","background-type":"","background-media":"","overlay-type":"","overlay-color":"","overlay-gradient":""}},"footnotes":""},"class_list":["post-439","page","type-page","status-publish","hentry"],"uagb_featured_image_src":{"full":false,"thumbnail":false,"medium":false,"medium_large":false,"large":false,"1536x1536":false,"2048x2048":false},"uagb_author_info":{"display_name":"adminsites@uepa.br","author_link":"https:\/\/propesp.uepa.br\/ppgem\/author\/adminsitesuepa-br\/"},"uagb_comment_info":0,"uagb_excerpt":"Upload Formul\u00e1rio de Envio de Processo Este formul\u00e1rio se destina ao envio de requerimento por alunos do curso de Mestrado [&hellip;]","_links":{"self":[{"href":"https:\/\/propesp.uepa.br\/ppgem\/wp-json\/wp\/v2\/pages\/439","targetHints":{"allow":["GET"]}}],"collection":[{"href":"https:\/\/propesp.uepa.br\/ppgem\/wp-json\/wp\/v2\/pages"}],"about":[{"href":"https:\/\/propesp.uepa.br\/ppgem\/wp-json\/wp\/v2\/types\/page"}],"author":[{"embeddable":true,"href":"https:\/\/propesp.uepa.br\/ppgem\/wp-json\/wp\/v2\/users\/1"}],"replies":[{"embeddable":true,"href":"https:\/\/propesp.uepa.br\/ppgem\/wp-json\/wp\/v2\/comments?post=439"}],"version-history":[{"count":35,"href":"https:\/\/propesp.uepa.br\/ppgem\/wp-json\/wp\/v2\/pages\/439\/revisions"}],"predecessor-version":[{"id":588,"href":"https:\/\/propesp.uepa.br\/ppgem\/wp-json\/wp\/v2\/pages\/439\/revisions\/588"}],"wp:attachment":[{"href":"https:\/\/propesp.uepa.br\/ppgem\/wp-json\/wp\/v2\/media?parent=439"}],"curies":[{"name":"wp","href":"https:\/\/api.w.org\/{rel}","templated":true}]}}