{"id":626,"date":"2024-10-23T18:33:56","date_gmt":"2024-10-23T18:33:56","guid":{"rendered":"https:\/\/propesp.uepa.br\/ppgem\/?page_id=626"},"modified":"2025-08-12T03:22:31","modified_gmt":"2025-08-12T03:22:31","slug":"editais","status":"publish","type":"page","link":"https:\/\/propesp.uepa.br\/ppgem\/editais\/","title":{"rendered":"Editais"},"content":{"rendered":"\n<div class=\"wp-block-uagb-container uagb-block-08bdb71a alignfull uagb-is-root-container\"><div class=\"uagb-container-inner-blocks-wrap\">\n\t\t\t<div class=\"wp-block-uagb-post-grid uagb-post-grid  uagb-post__image-position-top uagb-post__image-enabled uagb-block-7ea6ca0c     uagb-post__items uagb-post__columns-2 is-grid uagb-post__columns-tablet-2 uagb-post__columns-mobile-1 uagb-post__equal-height\" data-total=\"3\" style=\"\">\n\n\t\t\t\t\t\t\t\t\t\t\t\t<article class=\"uagb-post__inner-wrap\">\t\t\t\t\t\t\t\t<h4 class=\"uagb-post__title uagb-post__text\">\n\t\t\t\t<a href=\"https:\/\/propesp.uepa.br\/ppgem\/relacao-final-de-aprovadosas-programa-de-pos-graduacao-em-ensino-de-matematica-ppgem-edital-no-79-2025-uepa\/\" target=\"_self\" rel=\"bookmark noopener noreferrer\">RELA\u00c7\u00c3O FINAL DE APROVADOS(AS) &#8211; PROGRAMA DE P\u00d3S-GRADUA\u00c7\u00c3O EM ENSINO DE MATEM\u00c1TICA (PPGEM) &#8211; EDITAL N\u00ba 79\/2025 \u2013 UEPA<\/a>\n\t\t\t<\/h4>\n\t\t\t\t\t\t<div class='uagb-post__text uagb-post-grid-byline'>\n\t\t\t\t\t\t\t\t<time datetime=\"2025-10-31T20:41:57+00:00\" class=\"uagb-post__date\">\n\t\t\t\t<span class=\"dashicons-calendar dashicons\"><\/span>\t\t\t\t\toutubro 31, 2025\t\t\t\t<\/time>\n\t\t\t\t\t\t<\/div>\n\t\t\t\t\t\t<div class=\"uagb-post__text uagb-post__cta wp-block-button\">\n\t\t\t\t<a class=\"wp-block-button__link uagb-text-link\" style=\"\" href=\"https:\/\/propesp.uepa.br\/ppgem\/relacao-final-de-aprovadosas-programa-de-pos-graduacao-em-ensino-de-matematica-ppgem-edital-no-79-2025-uepa\/\" target=\"_self\" rel=\"bookmark noopener noreferrer\">Ler mais<\/a>\n\t\t\t<\/div>\n\t\t\t\n\t\t\t\t\t\t\t\t\t<\/article>\n\t\t\t\t\t\t\t\t\t\t\t\t\t\t\t\t<article class=\"uagb-post__inner-wrap\">\t\t\t\t\t\t\t\t<h4 class=\"uagb-post__title uagb-post__text\">\n\t\t\t\t<a href=\"https:\/\/propesp.uepa.br\/ppgem\/resultado-dos-recursos-da-relacao-preliminar-de-aprovadosas-programa-de-pos-graduacao-em-ensino-de-matematica-ppgem-edital-no-79-2025-uepa\/\" target=\"_self\" rel=\"bookmark noopener noreferrer\">RESULTADO DOS RECURSOS DA RELA\u00c7\u00c3O PRELIMINAR DE APROVADOS(AS) &#8211; PROGRAMA DE P\u00d3S-GRADUA\u00c7\u00c3O EM ENSINO DE MATEM\u00c1TICA (PPGEM) &#8211; EDITAL N\u00ba 79\/2025 &#8211; UEPA<\/a>\n\t\t\t<\/h4>\n\t\t\t\t\t\t<div class='uagb-post__text uagb-post-grid-byline'>\n\t\t\t\t\t\t\t\t<time datetime=\"2025-10-31T20:38:29+00:00\" class=\"uagb-post__date\">\n\t\t\t\t<span class=\"dashicons-calendar dashicons\"><\/span>\t\t\t\t\toutubro 31, 2025\t\t\t\t<\/time>\n\t\t\t\t\t\t<\/div>\n\t\t\t\t\t\t<div class=\"uagb-post__text uagb-post__cta wp-block-button\">\n\t\t\t\t<a class=\"wp-block-button__link uagb-text-link\" style=\"\" href=\"https:\/\/propesp.uepa.br\/ppgem\/resultado-dos-recursos-da-relacao-preliminar-de-aprovadosas-programa-de-pos-graduacao-em-ensino-de-matematica-ppgem-edital-no-79-2025-uepa\/\" target=\"_self\" rel=\"bookmark noopener noreferrer\">Ler mais<\/a>\n\t\t\t<\/div>\n\t\t\t\n\t\t\t\t\t\t\t\t\t<\/article>\n\t\t\t\t\t\t\t\t\t\t\t\t\t\t\t\t<article class=\"uagb-post__inner-wrap\">\t\t\t\t\t\t\t\t<h4 class=\"uagb-post__title uagb-post__text\">\n\t\t\t\t<a href=\"https:\/\/propesp.uepa.br\/ppgem\/resultado-final-preliminar-programa-de-pos-graduacao-em-ensino-de-matematica-edital-no-79-2025-uepa\/\" target=\"_self\" rel=\"bookmark noopener noreferrer\">RESULTADO FINAL PRELIMINAR &#8211; PROGRAMA DE P\u00d3S-GRADUA\u00c7\u00c3O EM ENSINO DE MATEM\u00c1TICA &#8211; EDITAL N\u00ba 79\/2025 &#8211; UEPA<\/a>\n\t\t\t<\/h4>\n\t\t\t\t\t\t<div class='uagb-post__text uagb-post-grid-byline'>\n\t\t\t\t\t\t\t\t<time datetime=\"2025-10-24T17:30:00+00:00\" class=\"uagb-post__date\">\n\t\t\t\t<span class=\"dashicons-calendar dashicons\"><\/span>\t\t\t\t\toutubro 24, 2025\t\t\t\t<\/time>\n\t\t\t\t\t\t<\/div>\n\t\t\t\t\t\t<div class=\"uagb-post__text uagb-post__cta wp-block-button\">\n\t\t\t\t<a class=\"wp-block-button__link uagb-text-link\" style=\"\" href=\"https:\/\/propesp.uepa.br\/ppgem\/resultado-final-preliminar-programa-de-pos-graduacao-em-ensino-de-matematica-edital-no-79-2025-uepa\/\" target=\"_self\" rel=\"bookmark noopener noreferrer\">Ler mais<\/a>\n\t\t\t<\/div>\n\t\t\t\n\t\t\t\t\t\t\t\t\t<\/article>\n\t\t\t\t\t\t\t\t\t\t\t\t\t\t\t\t<article class=\"uagb-post__inner-wrap\">\t\t\t\t\t\t\t\t<h4 class=\"uagb-post__title uagb-post__text\">\n\t\t\t\t<a href=\"https:\/\/propesp.uepa.br\/ppgem\/aviso-importante\/\" target=\"_self\" rel=\"bookmark noopener noreferrer\">AVISO IMPORTANTE<\/a>\n\t\t\t<\/h4>\n\t\t\t\t\t\t<div class='uagb-post__text uagb-post-grid-byline'>\n\t\t\t\t\t\t\t\t<time datetime=\"2025-10-19T23:48:04+00:00\" class=\"uagb-post__date\">\n\t\t\t\t<span class=\"dashicons-calendar dashicons\"><\/span>\t\t\t\t\toutubro 19, 2025\t\t\t\t<\/time>\n\t\t\t\t\t\t<\/div>\n\t\t\t\t\t\t<div class=\"uagb-post__text uagb-post__cta wp-block-button\">\n\t\t\t\t<a class=\"wp-block-button__link uagb-text-link\" style=\"\" href=\"https:\/\/propesp.uepa.br\/ppgem\/aviso-importante\/\" target=\"_self\" rel=\"bookmark noopener noreferrer\">Ler mais<\/a>\n\t\t\t<\/div>\n\t\t\t\n\t\t\t\t\t\t\t\t\t<\/article>\n\t\t\t\t\t\t\t\t\t\t\t\t\t\t\t\t<article class=\"uagb-post__inner-wrap\">\t\t\t\t\t\t\t\t<h4 class=\"uagb-post__title uagb-post__text\">\n\t\t\t\t<a href=\"https:\/\/propesp.uepa.br\/ppgem\/resultado-final-de-aprovados-na-prova-escrita-programa-de-pos-graduacao-em-ensino-de-matematica-edital-no-79-2025-uepa\/\" target=\"_self\" rel=\"bookmark noopener noreferrer\">RESULTADO FINAL DE APROVADOS NA PROVA ESCRITA \u2013 PROGRAMA DE P\u00d3S-GRADUA\u00c7\u00c3O EM ENSINO DE MATEM\u00c1TICA \u2013 EDITAL N\u00ba 79\/2025 \u2013 UEPA<\/a>\n\t\t\t<\/h4>\n\t\t\t\t\t\t<div class='uagb-post__text uagb-post-grid-byline'>\n\t\t\t\t\t\t\t\t<time datetime=\"2025-10-16T14:39:50+00:00\" class=\"uagb-post__date\">\n\t\t\t\t<span class=\"dashicons-calendar dashicons\"><\/span>\t\t\t\t\toutubro 16, 2025\t\t\t\t<\/time>\n\t\t\t\t\t\t<\/div>\n\t\t\t\t\t\t<div class=\"uagb-post__text uagb-post__cta wp-block-button\">\n\t\t\t\t<a class=\"wp-block-button__link uagb-text-link\" style=\"\" href=\"https:\/\/propesp.uepa.br\/ppgem\/resultado-final-de-aprovados-na-prova-escrita-programa-de-pos-graduacao-em-ensino-de-matematica-edital-no-79-2025-uepa\/\" target=\"_self\" rel=\"bookmark noopener noreferrer\">Ler mais<\/a>\n\t\t\t<\/div>\n\t\t\t\n\t\t\t\t\t\t\t\t\t<\/article>\n\t\t\t\t\t\t\t\t\t\t\t\t\t\t\t\t<article class=\"uagb-post__inner-wrap\">\t\t\t\t\t\t\t\t<h4 class=\"uagb-post__title uagb-post__text\">\n\t\t\t\t<a href=\"https:\/\/propesp.uepa.br\/ppgem\/relacao-preliminar-de-aprovados-na-prova-escrita-programa-de-pos-graduacao-em-ensino-de-matematica-edital-no-79-2025-uepa\/\" target=\"_self\" rel=\"bookmark noopener noreferrer\">RELA\u00c7\u00c3O PRELIMINAR DE APROVADOS NA PROVA ESCRITA \u2013 PROGRAMA DE P\u00d3S-GRADUA\u00c7\u00c3O EM ENSINO DE MATEM\u00c1TICA \u2013 EDITAL N\u00ba 79\/2025 \u2013 UEPA<\/a>\n\t\t\t<\/h4>\n\t\t\t\t\t\t<div class='uagb-post__text uagb-post-grid-byline'>\n\t\t\t\t\t\t\t\t<time datetime=\"2025-10-06T12:36:11+00:00\" class=\"uagb-post__date\">\n\t\t\t\t<span class=\"dashicons-calendar dashicons\"><\/span>\t\t\t\t\toutubro 6, 2025\t\t\t\t<\/time>\n\t\t\t\t\t\t<\/div>\n\t\t\t\t\t\t<div class=\"uagb-post__text uagb-post__cta wp-block-button\">\n\t\t\t\t<a class=\"wp-block-button__link uagb-text-link\" style=\"\" href=\"https:\/\/propesp.uepa.br\/ppgem\/relacao-preliminar-de-aprovados-na-prova-escrita-programa-de-pos-graduacao-em-ensino-de-matematica-edital-no-79-2025-uepa\/\" target=\"_self\" rel=\"bookmark noopener noreferrer\">Ler mais<\/a>\n\t\t\t<\/div>\n\t\t\t\n\t\t\t\t\t\t\t\t\t<\/article>\n\t\t\t\t\t\t\t\t\t\t\t\t\t\t\t\t<article class=\"uagb-post__inner-wrap\">\t\t\t\t\t\t\t\t<h4 class=\"uagb-post__title uagb-post__text\">\n\t\t\t\t<a href=\"https:\/\/propesp.uepa.br\/ppgem\/gabarito-preliminar-da-prova-escrita_questoes-objetivas-programa-de-pos-graduacao-em-ensino-de-matematica-edital-no-79-2025-uepa\/\" target=\"_self\" rel=\"bookmark noopener noreferrer\">GABARITO PRELIMINAR DA PROVA ESCRITA_QUEST\u00d5ES OBJETIVAS \u2013 PROGRAMA DE P\u00d3S-GRADUA\u00c7\u00c3O EM ENSINO DE MATEM\u00c1TICA \u2013 EDITAL N\u00ba 79\/2025 \u2013 UEPA<\/a>\n\t\t\t<\/h4>\n\t\t\t\t\t\t<div class='uagb-post__text uagb-post-grid-byline'>\n\t\t\t\t\t\t\t\t<time datetime=\"2025-09-29T17:18:10+00:00\" class=\"uagb-post__date\">\n\t\t\t\t<span class=\"dashicons-calendar dashicons\"><\/span>\t\t\t\t\tsetembro 29, 2025\t\t\t\t<\/time>\n\t\t\t\t\t\t<\/div>\n\t\t\t\t\t\t<div class=\"uagb-post__text uagb-post__cta wp-block-button\">\n\t\t\t\t<a class=\"wp-block-button__link uagb-text-link\" style=\"\" href=\"https:\/\/propesp.uepa.br\/ppgem\/gabarito-preliminar-da-prova-escrita_questoes-objetivas-programa-de-pos-graduacao-em-ensino-de-matematica-edital-no-79-2025-uepa\/\" target=\"_self\" rel=\"bookmark noopener noreferrer\">Ler mais<\/a>\n\t\t\t<\/div>\n\t\t\t\n\t\t\t\t\t\t\t\t\t<\/article>\n\t\t\t\t\t\t\t\t\t\t\t\t\t<div class=\"uagb-post-pagination-wrap\">\n\t\t\t\t\t\t<span aria-current=\"page\" class=\"page-numbers current\">1<\/span>\n<a class=\"page-numbers\" href=\"https:\/\/propesp.uepa.br\/ppgem\/wp-json\/wp\/v2\/pages\/626\/page\/2\/\">2<\/a>\n<a class=\"page-numbers\" href=\"https:\/\/propesp.uepa.br\/ppgem\/wp-json\/wp\/v2\/pages\/626\/page\/3\/\">3<\/a>\n<a class=\"next page-numbers\" href=\"https:\/\/propesp.uepa.br\/ppgem\/wp-json\/wp\/v2\/pages\/626\/page\/2\/\">Pr\u00f3ximo \u00bb<\/a>\t\t\t\t\t<\/div>\n\t\t\t\t\t\t\t\t<\/div>\n\t\t\t\n\n\n<div class=\"wp-block-buttons is-layout-flex wp-block-buttons-is-layout-flex\"><\/div>\n<\/div><\/div>\n","protected":false},"excerpt":{"rendered":"","protected":false},"author":1,"featured_media":0,"parent":0,"menu_order":0,"comment_status":"closed","ping_status":"closed","template":"","meta":{"_uag_custom_page_level_css":"","site-sidebar-layout":"default","site-content-layout":"","ast-site-content-layout":"","site-content-style":"default","site-sidebar-style":"default","ast-global-header-display":"","ast-banner-title-visibility":"","ast-main-header-display":"","ast-hfb-above-header-display":"","ast-hfb-below-header-display":"","ast-hfb-mobile-header-display":"","site-post-title":"","ast-breadcrumbs-content":"","ast-featured-img":"","footer-sml-layout":"","theme-transparent-header-meta":"","adv-header-id-meta":"","stick-header-meta":"","header-above-stick-meta":"","header-main-stick-meta":"","header-below-stick-meta":"","astra-migrate-meta-layouts":"default","ast-page-background-enabled":"default","ast-page-background-meta":{"desktop":{"background-color":"var(--ast-global-color-4)","background-image":"","background-repeat":"repeat","background-position":"center center","background-size":"auto","background-attachment":"scroll","background-type":"","background-media":"","overlay-type":"","overlay-color":"","overlay-gradient":""},"tablet":{"background-color":"","background-image":"","background-repeat":"repeat","background-position":"center center","background-size":"auto","background-attachment":"scroll","background-type":"","background-media":"","overlay-type":"","overlay-color":"","overlay-gradient":""},"mobile":{"background-color":"","background-image":"","background-repeat":"repeat","background-position":"center center","background-size":"auto","background-attachment":"scroll","background-type":"","background-media":"","overlay-type":"","overlay-color":"","overlay-gradient":""}},"ast-content-background-meta":{"desktop":{"background-color":"var(--ast-global-color-5)","background-image":"","background-repeat":"repeat","background-position":"center center","background-size":"auto","background-attachment":"scroll","background-type":"","background-media":"","overlay-type":"","overlay-color":"","overlay-gradient":""},"tablet":{"background-color":"var(--ast-global-color-5)","background-image":"","background-repeat":"repeat","background-position":"center center","background-size":"auto","background-attachment":"scroll","background-type":"","background-media":"","overlay-type":"","overlay-color":"","overlay-gradient":""},"mobile":{"background-color":"var(--ast-global-color-5)","background-image":"","background-repeat":"repeat","background-position":"center center","background-size":"auto","background-attachment":"scroll","background-type":"","background-media":"","overlay-type":"","overlay-color":"","overlay-gradient":""}},"footnotes":""},"class_list":["post-626","page","type-page","status-publish","hentry"],"uagb_featured_image_src":{"full":false,"thumbnail":false,"medium":false,"medium_large":false,"large":false,"1536x1536":false,"2048x2048":false},"uagb_author_info":{"display_name":"adminsites@uepa.br","author_link":"https:\/\/propesp.uepa.br\/ppgem\/author\/adminsitesuepa-br\/"},"uagb_comment_info":0,"uagb_excerpt":null,"_links":{"self":[{"href":"https:\/\/propesp.uepa.br\/ppgem\/wp-json\/wp\/v2\/pages\/626","targetHints":{"allow":["GET"]}}],"collection":[{"href":"https:\/\/propesp.uepa.br\/ppgem\/wp-json\/wp\/v2\/pages"}],"about":[{"href":"https:\/\/propesp.uepa.br\/ppgem\/wp-json\/wp\/v2\/types\/page"}],"author":[{"embeddable":true,"href":"https:\/\/propesp.uepa.br\/ppgem\/wp-json\/wp\/v2\/users\/1"}],"replies":[{"embeddable":true,"href":"https:\/\/propesp.uepa.br\/ppgem\/wp-json\/wp\/v2\/comments?post=626"}],"version-history":[{"count":20,"href":"https:\/\/propesp.uepa.br\/ppgem\/wp-json\/wp\/v2\/pages\/626\/revisions"}],"predecessor-version":[{"id":1470,"href":"https:\/\/propesp.uepa.br\/ppgem\/wp-json\/wp\/v2\/pages\/626\/revisions\/1470"}],"wp:attachment":[{"href":"https:\/\/propesp.uepa.br\/ppgem\/wp-json\/wp\/v2\/media?parent=626"}],"curies":[{"name":"wp","href":"https:\/\/api.w.org\/{rel}","templated":true}]}}