{"id":8,"date":"2024-01-23T18:25:41","date_gmt":"2024-01-23T18:25:41","guid":{"rendered":"https:\/\/propesp.uepa.br\/ppgem\/?page_id=8"},"modified":"2026-02-18T20:59:18","modified_gmt":"2026-02-18T20:59:18","slug":"home","status":"publish","type":"page","link":"https:\/\/propesp.uepa.br\/ppgem\/","title":{"rendered":"P\u00e1gina Principal"},"content":{"rendered":"\n<div class=\"wp-block-uagb-container uagb-block-48b5beed alignfull uagb-is-root-container\"><div class=\"uagb-container__shape uagb-container__shape-bottom uagb-container__invert\" data-negative=\"false\"><svg xmlns=\"https:\/\/www.w3.org\/2000\/svg\" viewBox=\"0 0 1000 100\" preserveAspectRatio=\"none\"><path class=\"uagb-container__shape-fill\" d=\"M0,0c0,0,0,6,0,6.7c0,18,240.2,93.6,615.2,92.6C989.8,98.5,1000,25,1000,6.7c0-0.7,0-6.7,0-6.7H0z\"><\/path><\/svg><\/div><div class=\"uagb-container-inner-blocks-wrap\">\n<div class=\"wp-block-uagb-container uagb-block-7d873da0\">\n<div class=\"inherit-container-width wp-block-group is-layout-constrained wp-block-group-is-layout-constrained\">\n<div class=\"wp-block-uagb-advanced-heading uagb-block-e41d20aa\"><h2 class=\"uagb-heading-text\">PPGEM<\/h2><\/div>\n\n\n\n<div class=\"wp-block-uagb-advanced-heading uagb-block-d2635c8b\"><p class=\"uagb-heading-text\">Esse \u00e9 o Programa de P\u00f3s-Gradua\u00e7\u00e3o em Matem\u00e1tica ofertado pela Universidade do Estado do Par\u00e1 (UEPA) no Campus CCSE<\/p><\/div>\n\n\n\n<div class=\"wp-block-uagb-buttons uagb-buttons__outer-wrap uagb-btn__default-btn uagb-btn-tablet__default-btn uagb-btn-mobile__default-btn uagb-block-e458a6c3\"><div class=\"uagb-buttons__wrap uagb-buttons-layout-wrap \">\n<div class=\"wp-block-uagb-buttons-child uagb-buttons__outer-wrap uagb-block-93034a8e wp-block-button\"><div class=\"uagb-button__wrapper\"><a class=\"uagb-buttons-repeater wp-block-button__link\" aria-label=\"\" href=\"#itens\" rel=\"follow noopener\" target=\"_self\" role=\"button\"><div class=\"uagb-button__link\">Veja mais<\/div><\/a><\/div><\/div>\n<\/div><\/div>\n<\/div>\n\n\n\n<div class=\"inherit-container-width wp-block-group is-content-justification-left is-layout-constrained wp-container-core-group-is-layout-cc739763 wp-block-group-is-layout-constrained\">\n<div class=\"wp-block-uagb-image alignleft uagb-block-c9bde2ca wp-block-uagb-image--layout-default wp-block-uagb-image--effect-static wp-block-uagb-image--align-left\"><figure class=\"wp-block-uagb-image__figure\"><a class=\"\" href=\"https:\/\/dspd.uepa.br\/wp-content\/uploads\/2022\/12\/logo-uepa-branca_Prancheta-1-1024x724.png\" target=\"\" rel=\"noopener\"><img decoding=\"async\"  sizes=\"auto, (max-width: 480px) 150px\" src=\"https:\/\/dspd.uepa.br\/wp-content\/uploads\/2022\/12\/logo-uepa-branca_Prancheta-1-1024x724.png\" alt=\"\" width=\"196\" height=\"119\" title=\"\" loading=\"lazy\" role=\"img\"\/><\/a><\/figure><\/div>\n<\/div>\n<\/div>\n\n\n\n<div class=\"wp-block-uagb-container uagb-block-f68d267d\"><\/div>\n<\/div><\/div>\n\n\n\n<div id=\"itens\" class=\"wp-block-uagb-container uagb-block-c643e6d0 alignfull uagb-is-root-container\"><div class=\"uagb-container-inner-blocks-wrap\">\n<div class=\"wp-block-columns is-not-stacked-on-mobile is-layout-flex wp-container-core-columns-is-layout-28f84493 wp-block-columns-is-layout-flex\">\n<div class=\"wp-block-column is-layout-flow wp-block-column-is-layout-flow\" style=\"flex-basis:66.66%\">\n<div class=\"wp-block-uagb-advanced-heading uagb-block-3364c451\"><h2 class=\"uagb-heading-text\"><strong>Not\u00edcias<\/strong><\/h2><\/div>\n<\/div>\n\n\n\n<div class=\"wp-block-column is-layout-flow wp-block-column-is-layout-flow\" style=\"flex-basis:33.33%\">\n<div class=\"wp-block-uagb-buttons uagb-buttons__outer-wrap uagb-btn__default-btn uagb-btn-tablet__default-btn uagb-btn-mobile__default-btn uagb-block-551f88e5\"><div class=\"uagb-buttons__wrap uagb-buttons-layout-wrap \">\n<div class=\"wp-block-uagb-buttons-child uagb-buttons__outer-wrap uagb-block-2aa92508 wp-block-button\"><div class=\"uagb-button__wrapper\"><a class=\"uagb-buttons-repeater wp-block-button__link\" aria-label=\"\" href=\"https:\/\/propesp.uepa.br\/ppgem\/noticias\/\" rel=\"follow noopener\" target=\"_self\" role=\"button\"><div class=\"uagb-button__link\">Ver mais<\/div><\/a><\/div><\/div>\n<\/div><\/div>\n<\/div>\n<\/div>\n\n\n\n\t\t\t<div class=\"wp-block-uagb-post-carousel uagb-post-grid  uagb-post__image-position-top uagb-post__image-enabled uagb-block-be1d5385     uagb-post__arrow-outside uagb-slick-carousel uagb-post__items uagb-post__columns-1 is-carousel uagb-post__columns-tablet-2 uagb-post__columns-mobile-1\" data-total=\"6\" style=\"\">\n\n\t\t\t\t\t\t\t\t\t\t\t\t<article class=\"uagb-post__inner-wrap\">\t\t\t\t\t\t\t\t<h4 class=\"uagb-post__title uagb-post__text\">\n\t\t\t\t<a href=\"https:\/\/propesp.uepa.br\/ppgem\/tutorial-ppgem-solicitacao-de-isbn-e-ficha-catalografica\/\" target=\"_self\" rel=\"bookmark noopener noreferrer\">Tutorial PPGEM: solicita\u00e7\u00e3o de ISBN e Ficha Catalogr\u00e1fica<\/a>\n\t\t\t<\/h4>\n\t\t\t\t\t\t<div class='uagb-post__text uagb-post-grid-byline'>\n\t\t\t\t\t\t\t\t<time datetime=\"2026-02-18T20:51:37+00:00\" class=\"uagb-post__date\">\n\t\t\t\t<span class=\"dashicons-calendar dashicons\"><\/span>\t\t\t\t\tfevereiro 18, 2026\t\t\t\t<\/time>\n\t\t\t\t\t\t<\/div>\n\t\t\t\t\t\t<div class=\"uagb-post__text uagb-post__cta wp-block-button\">\n\t\t\t\t<a class=\"wp-block-button__link uagb-text-link\" style=\"\" href=\"https:\/\/propesp.uepa.br\/ppgem\/tutorial-ppgem-solicitacao-de-isbn-e-ficha-catalografica\/\" target=\"_self\" rel=\"bookmark noopener noreferrer\">Ler mais<\/a>\n\t\t\t<\/div>\n\t\t\t\n\t\t\t\t\t\t\t\t\t<\/article>\n\t\t\t\t\t\t\t\t\t\t\t\t\t\t\t\t<article class=\"uagb-post__inner-wrap\">\t\t\t\t\t\t\t\t<h4 class=\"uagb-post__title uagb-post__text\">\n\t\t\t\t<a href=\"https:\/\/propesp.uepa.br\/ppgem\/relacao-final-de-aprovadosas-programa-de-pos-graduacao-em-ensino-de-matematica-ppgem-edital-no-79-2025-uepa\/\" target=\"_self\" rel=\"bookmark noopener noreferrer\">RELA\u00c7\u00c3O FINAL DE APROVADOS(AS) &#8211; PROGRAMA DE P\u00d3S-GRADUA\u00c7\u00c3O EM ENSINO DE MATEM\u00c1TICA (PPGEM) &#8211; EDITAL N\u00ba 79\/2025 \u2013 UEPA<\/a>\n\t\t\t<\/h4>\n\t\t\t\t\t\t<div class='uagb-post__text uagb-post-grid-byline'>\n\t\t\t\t\t\t\t\t<time datetime=\"2025-10-31T20:41:57+00:00\" class=\"uagb-post__date\">\n\t\t\t\t<span class=\"dashicons-calendar dashicons\"><\/span>\t\t\t\t\toutubro 31, 2025\t\t\t\t<\/time>\n\t\t\t\t\t\t<\/div>\n\t\t\t\t\t\t<div class=\"uagb-post__text uagb-post__cta wp-block-button\">\n\t\t\t\t<a class=\"wp-block-button__link uagb-text-link\" style=\"\" href=\"https:\/\/propesp.uepa.br\/ppgem\/relacao-final-de-aprovadosas-programa-de-pos-graduacao-em-ensino-de-matematica-ppgem-edital-no-79-2025-uepa\/\" target=\"_self\" rel=\"bookmark noopener noreferrer\">Ler mais<\/a>\n\t\t\t<\/div>\n\t\t\t\n\t\t\t\t\t\t\t\t\t<\/article>\n\t\t\t\t\t\t\t\t\t\t\t\t\t\t\t\t<article class=\"uagb-post__inner-wrap\">\t\t\t\t\t\t\t\t<h4 class=\"uagb-post__title uagb-post__text\">\n\t\t\t\t<a href=\"https:\/\/propesp.uepa.br\/ppgem\/resultado-dos-recursos-da-relacao-preliminar-de-aprovadosas-programa-de-pos-graduacao-em-ensino-de-matematica-ppgem-edital-no-79-2025-uepa\/\" target=\"_self\" rel=\"bookmark noopener noreferrer\">RESULTADO DOS RECURSOS DA RELA\u00c7\u00c3O PRELIMINAR DE APROVADOS(AS) &#8211; PROGRAMA DE P\u00d3S-GRADUA\u00c7\u00c3O EM ENSINO DE MATEM\u00c1TICA (PPGEM) &#8211; EDITAL N\u00ba 79\/2025 &#8211; UEPA<\/a>\n\t\t\t<\/h4>\n\t\t\t\t\t\t<div class='uagb-post__text uagb-post-grid-byline'>\n\t\t\t\t\t\t\t\t<time datetime=\"2025-10-31T20:38:29+00:00\" class=\"uagb-post__date\">\n\t\t\t\t<span class=\"dashicons-calendar dashicons\"><\/span>\t\t\t\t\toutubro 31, 2025\t\t\t\t<\/time>\n\t\t\t\t\t\t<\/div>\n\t\t\t\t\t\t<div class=\"uagb-post__text uagb-post__cta wp-block-button\">\n\t\t\t\t<a class=\"wp-block-button__link uagb-text-link\" style=\"\" href=\"https:\/\/propesp.uepa.br\/ppgem\/resultado-dos-recursos-da-relacao-preliminar-de-aprovadosas-programa-de-pos-graduacao-em-ensino-de-matematica-ppgem-edital-no-79-2025-uepa\/\" target=\"_self\" rel=\"bookmark noopener noreferrer\">Ler mais<\/a>\n\t\t\t<\/div>\n\t\t\t\n\t\t\t\t\t\t\t\t\t<\/article>\n\t\t\t\t\t\t\t\t\t\t\t\t\t\t\t\t<article class=\"uagb-post__inner-wrap\">\t\t\t\t\t\t\t\t<h4 class=\"uagb-post__title uagb-post__text\">\n\t\t\t\t<a href=\"https:\/\/propesp.uepa.br\/ppgem\/resultado-final-preliminar-programa-de-pos-graduacao-em-ensino-de-matematica-edital-no-79-2025-uepa\/\" target=\"_self\" rel=\"bookmark noopener noreferrer\">RESULTADO FINAL PRELIMINAR &#8211; PROGRAMA DE P\u00d3S-GRADUA\u00c7\u00c3O EM ENSINO DE MATEM\u00c1TICA &#8211; EDITAL N\u00ba 79\/2025 &#8211; UEPA<\/a>\n\t\t\t<\/h4>\n\t\t\t\t\t\t<div class='uagb-post__text uagb-post-grid-byline'>\n\t\t\t\t\t\t\t\t<time datetime=\"2025-10-24T17:30:00+00:00\" class=\"uagb-post__date\">\n\t\t\t\t<span class=\"dashicons-calendar dashicons\"><\/span>\t\t\t\t\toutubro 24, 2025\t\t\t\t<\/time>\n\t\t\t\t\t\t<\/div>\n\t\t\t\t\t\t<div class=\"uagb-post__text uagb-post__cta wp-block-button\">\n\t\t\t\t<a class=\"wp-block-button__link uagb-text-link\" style=\"\" href=\"https:\/\/propesp.uepa.br\/ppgem\/resultado-final-preliminar-programa-de-pos-graduacao-em-ensino-de-matematica-edital-no-79-2025-uepa\/\" target=\"_self\" rel=\"bookmark noopener noreferrer\">Ler mais<\/a>\n\t\t\t<\/div>\n\t\t\t\n\t\t\t\t\t\t\t\t\t<\/article>\n\t\t\t\t\t\t\t\t\t\t\t\t\t\t\t\t<article class=\"uagb-post__inner-wrap\">\t\t\t\t\t\t\t\t<h4 class=\"uagb-post__title uagb-post__text\">\n\t\t\t\t<a href=\"https:\/\/propesp.uepa.br\/ppgem\/aviso-importante\/\" target=\"_self\" rel=\"bookmark noopener noreferrer\">AVISO IMPORTANTE<\/a>\n\t\t\t<\/h4>\n\t\t\t\t\t\t<div class='uagb-post__text uagb-post-grid-byline'>\n\t\t\t\t\t\t\t\t<time datetime=\"2025-10-19T23:48:04+00:00\" class=\"uagb-post__date\">\n\t\t\t\t<span class=\"dashicons-calendar dashicons\"><\/span>\t\t\t\t\toutubro 19, 2025\t\t\t\t<\/time>\n\t\t\t\t\t\t<\/div>\n\t\t\t\t\t\t<div class=\"uagb-post__text uagb-post__cta wp-block-button\">\n\t\t\t\t<a class=\"wp-block-button__link uagb-text-link\" style=\"\" href=\"https:\/\/propesp.uepa.br\/ppgem\/aviso-importante\/\" target=\"_self\" rel=\"bookmark noopener noreferrer\">Ler mais<\/a>\n\t\t\t<\/div>\n\t\t\t\n\t\t\t\t\t\t\t\t\t<\/article>\n\t\t\t\t\t\t\t\t\t\t\t\t\t\t\t\t<article class=\"uagb-post__inner-wrap\">\t\t\t\t\t\t\t\t<h4 class=\"uagb-post__title uagb-post__text\">\n\t\t\t\t<a href=\"https:\/\/propesp.uepa.br\/ppgem\/resultado-final-de-aprovados-na-prova-escrita-programa-de-pos-graduacao-em-ensino-de-matematica-edital-no-79-2025-uepa\/\" target=\"_self\" rel=\"bookmark noopener noreferrer\">RESULTADO FINAL DE APROVADOS NA PROVA ESCRITA \u2013 PROGRAMA DE P\u00d3S-GRADUA\u00c7\u00c3O EM ENSINO DE MATEM\u00c1TICA \u2013 EDITAL N\u00ba 79\/2025 \u2013 UEPA<\/a>\n\t\t\t<\/h4>\n\t\t\t\t\t\t<div class='uagb-post__text uagb-post-grid-byline'>\n\t\t\t\t\t\t\t\t<time datetime=\"2025-10-16T14:39:50+00:00\" class=\"uagb-post__date\">\n\t\t\t\t<span class=\"dashicons-calendar dashicons\"><\/span>\t\t\t\t\toutubro 16, 2025\t\t\t\t<\/time>\n\t\t\t\t\t\t<\/div>\n\t\t\t\t\t\t<div class=\"uagb-post__text uagb-post__cta wp-block-button\">\n\t\t\t\t<a class=\"wp-block-button__link uagb-text-link\" style=\"\" href=\"https:\/\/propesp.uepa.br\/ppgem\/resultado-final-de-aprovados-na-prova-escrita-programa-de-pos-graduacao-em-ensino-de-matematica-edital-no-79-2025-uepa\/\" target=\"_self\" rel=\"bookmark noopener noreferrer\">Ler mais<\/a>\n\t\t\t<\/div>\n\t\t\t\n\t\t\t\t\t\t\t\t\t<\/article>\n\t\t\t\t\t\t\t\t\t\t\t<\/div>\n\t\t\t\n\n\n<div class=\"wp-block-uagb-advanced-heading uagb-block-f806a9b5\"><h2 class=\"uagb-heading-text\">Tutorial PPGEM: solicita\u00e7\u00e3o de ISBN e Ficha Catalogr\u00e1fica<\/h2><\/div>\n\n\n\n<figure class=\"wp-block-video\"><video controls src=\"https:\/\/propesp.uepa.br\/ppgem\/wp-content\/uploads\/2026\/02\/WhatsApp-Video-2026-02-18-at-15.24.15.mp4\"><\/video><figcaption class=\"wp-element-caption\">ISBN e Ficha Catalogr\u00e1fica: guia r\u00e1pido com v\u00eddeo (PPGEM)<\/figcaption><\/figure>\n<\/div><\/div>\n\n\n\n<div class=\"wp-block-uagb-info-box uagb-block-c0d85e25 uagb-infobox__content-wrap  uagb-infobox-icon-above-title uagb-infobox-image-valign-top\"><div class=\"uagb-ifb-content\"><div class=\"uagb-ifb-icon-wrap\"><svg xmlns=\"https:\/\/www.w3.org\/2000\/svg\" viewBox=\"0 0 512 512\"><path d=\"M0 256C0 114.6 114.6 0 256 0C397.4 0 512 114.6 512 256C512 397.4 397.4 512 256 512C114.6 512 0 397.4 0 256zM371.8 211.8C382.7 200.9 382.7 183.1 371.8 172.2C360.9 161.3 343.1 161.3 332.2 172.2L224 280.4L179.8 236.2C168.9 225.3 151.1 225.3 140.2 236.2C129.3 247.1 129.3 264.9 140.2 275.8L204.2 339.8C215.1 350.7 232.9 350.7 243.8 339.8L371.8 211.8z\"><\/path><\/svg><\/div><div class=\"uagb-ifb-title-wrap\"><h3 class=\"uagb-ifb-title\">Livro: Matem\u00e1tica B\u00e1sica &#8211; CMBEL e Outros Col\u00e9gios Militares<\/h3><\/div><p class=\"uagb-ifb-desc\">Quest\u00f5es Resolvidas &#8211; Admiss\u00e3o 6\u00ba Ano<\/p><\/div><\/div>\n\n\n\n<div data-wp-interactive=\"core\/file\" class=\"wp-block-file\"><object data-wp-bind--hidden=\"!state.hasPdfPreview\" hidden class=\"wp-block-file__embed\" data=\"https:\/\/propesp.uepa.br\/ppgem\/wp-content\/uploads\/2025\/10\/Livro-Matematica-Basica_Questoes-resolvidas.pdf\" type=\"application\/pdf\" style=\"width:100%;height:600px\" aria-label=\"Incorporado de Livro Matem\u00e1tica B\u00e1sica_Quest\u00f5es resolvidas.\"><\/object><a id=\"wp-block-file--media-c11d8563-c0ba-4aec-95b2-1ba6964543e1\" href=\"https:\/\/propesp.uepa.br\/ppgem\/wp-content\/uploads\/2025\/10\/Livro-Matematica-Basica_Questoes-resolvidas.pdf\">Livro Matem\u00e1tica B\u00e1sica_Quest\u00f5es resolvidas<\/a><a href=\"https:\/\/propesp.uepa.br\/ppgem\/wp-content\/uploads\/2025\/10\/Livro-Matematica-Basica_Questoes-resolvidas.pdf\" class=\"wp-block-file__button wp-element-button\" download aria-describedby=\"wp-block-file--media-c11d8563-c0ba-4aec-95b2-1ba6964543e1\">Baixar<\/a><\/div>\n\n\n\n<div class=\"wp-block-uagb-container uagb-block-4e5b41fa alignfull uagb-is-root-container\"><div class=\"uagb-container__shape uagb-container__shape-bottom uagb-container__invert\" data-negative=\"false\"><svg xmlns=\"https:\/\/www.w3.org\/2000\/svg\" viewBox=\"0 0 1000 100\" preserveAspectRatio=\"none\"><path class=\"uagb-container__shape-fill\" d=\"M0,0c0,0,0,6,0,6.7c0,18,240.2,93.6,615.2,92.6C989.8,98.5,1000,25,1000,6.7c0-0.7,0-6.7,0-6.7H0z\"><\/path><\/svg><\/div><div class=\"uagb-container-inner-blocks-wrap\">\n<div class=\"wp-block-uagb-advanced-heading uagb-block-134303ef\"><h2 class=\"uagb-heading-text\">Acesso R\u00e1pido<\/h2><div class=\"uagb-separator\"><\/div><\/div>\n\n\n\n<div class=\"wp-block-uagb-container uagb-block-2fa68a8f alignfull uagb-is-root-container\"><div class=\"uagb-container-inner-blocks-wrap\">\n<div class=\"wp-block-uagb-container uagb-block-87ab06f8 alignfull uagb-is-root-container\"><div class=\"uagb-container-inner-blocks-wrap\">\n<div class=\"wp-block-uagb-container uagb-block-aa682e2f\">\n<div class=\"wp-block-uagb-image aligncenter uagb-block-65e1b1c1 wp-block-uagb-image--layout-overlay wp-block-uagb-image--effect-static wp-block-uagb-image--align-center\"><figure class=\"wp-block-uagb-image__figure\"><a class=\"\" href=\"https:\/\/propesp.uepa.br\/ppgem\/editais\/\" target=\"\" rel=\"noopener\"><img decoding=\"async\" srcset=\"https:\/\/propesp.uepa.br\/ppgem\/wp-content\/uploads\/2024\/09\/pexels-max-fischer-5212338-1.jpg ,https:\/\/propesp.uepa.br\/ppgem\/wp-content\/uploads\/2024\/09\/pexels-max-fischer-5212338-1.jpg 780w, https:\/\/propesp.uepa.br\/ppgem\/wp-content\/uploads\/2024\/09\/pexels-max-fischer-5212338-1.jpg 360w\" sizes=\"auto, (max-width: 480px) 150px\" src=\"https:\/\/propesp.uepa.br\/ppgem\/wp-content\/uploads\/2024\/09\/pexels-max-fischer-5212338-1.jpg\" alt=\"\" class=\"uag-image-561\" width=\"600\" height=\"400\" title=\"pexels-max-fischer-5212338 (1)\" loading=\"lazy\" role=\"img\"\/><\/a><div class=\"wp-block-uagb-image--layout-overlay__color-wrapper\"><\/div><div class=\"wp-block-uagb-image--layout-overlay__inner center-center\"><a class=\"wp-block-uagb-image--layout-overlay-link \" href=\"https:\/\/propesp.uepa.br\/ppgem\/editais\/\" target=\"\" rel=\"noopener\"><\/a><h1 class=\"uagb-image-heading\"><a href=\"https:\/\/propesp.uepa.br\/ppgem\/editais\/\" data-type=\"link\" data-id=\"https:\/\/propesp.uepa.br\/ppgem\/editais\/\">Editais<\/a><\/h1><\/div><\/figure><\/div>\n<\/div>\n\n\n\n<div class=\"wp-block-uagb-container uagb-block-08e7f0ac\">\n<div class=\"wp-block-uagb-image aligncenter uagb-block-5490852c wp-block-uagb-image--layout-overlay wp-block-uagb-image--effect-static wp-block-uagb-image--align-center\"><figure class=\"wp-block-uagb-image__figure\"><a class=\"\" href=\"https:\/\/propesp.uepa.br\/ppgem\/docentes\/\" target=\"\" rel=\"noopener\"><img decoding=\"async\" srcset=\"https:\/\/propesp.uepa.br\/ppgem\/wp-content\/uploads\/2024\/09\/pexels-vanessa-garcia-6325947.jpg ,https:\/\/propesp.uepa.br\/ppgem\/wp-content\/uploads\/2024\/09\/pexels-vanessa-garcia-6325947.jpg 780w, https:\/\/propesp.uepa.br\/ppgem\/wp-content\/uploads\/2024\/09\/pexels-vanessa-garcia-6325947.jpg 360w\" sizes=\"auto, (max-width: 480px) 150px\" src=\"https:\/\/propesp.uepa.br\/ppgem\/wp-content\/uploads\/2024\/09\/pexels-vanessa-garcia-6325947.jpg\" alt=\"\" class=\"uag-image-560\" width=\"600\" height=\"400\" title=\"pexels-vanessa-garcia-6325947\" loading=\"lazy\" role=\"img\"\/><\/a><div class=\"wp-block-uagb-image--layout-overlay__color-wrapper\"><\/div><div class=\"wp-block-uagb-image--layout-overlay__inner center-center\"><a class=\"wp-block-uagb-image--layout-overlay-link \" href=\"https:\/\/propesp.uepa.br\/ppgem\/docentes\/\" target=\"\" rel=\"noopener\"><\/a><h1 class=\"uagb-image-heading\"><a href=\"https:\/\/propesp.uepa.br\/ppgem\/docentes\/Docentes\">Docentes<\/a><\/h1><\/div><\/figure><\/div>\n<\/div>\n<\/div><\/div>\n\n\n\n<div class=\"wp-block-uagb-container uagb-block-b9f0a987 alignfull uagb-is-root-container\"><div class=\"uagb-container-inner-blocks-wrap\">\n<div class=\"wp-block-uagb-container uagb-block-9f089312\">\n<div class=\"wp-block-uagb-image aligncenter uagb-block-c9fe0357 wp-block-uagb-image--layout-overlay wp-block-uagb-image--effect-static wp-block-uagb-image--align-center\"><figure class=\"wp-block-uagb-image__figure\"><a class=\"\" href=\"https:\/\/propesp.uepa.br\/ppgem\/dissertacoes\/\" target=\"\" rel=\"noopener\"><img decoding=\"async\" srcset=\"https:\/\/propesp.uepa.br\/ppgem\/wp-content\/uploads\/2024\/09\/pexels-yankrukov-8197497.jpg ,https:\/\/propesp.uepa.br\/ppgem\/wp-content\/uploads\/2024\/09\/pexels-yankrukov-8197497.jpg 780w, https:\/\/propesp.uepa.br\/ppgem\/wp-content\/uploads\/2024\/09\/pexels-yankrukov-8197497.jpg 360w\" sizes=\"auto, (max-width: 480px) 150px\" src=\"https:\/\/propesp.uepa.br\/ppgem\/wp-content\/uploads\/2024\/09\/pexels-yankrukov-8197497.jpg\" alt=\"\" class=\"uag-image-559\" width=\"600\" height=\"400\" title=\"pexels-yankrukov-8197497\" loading=\"lazy\" role=\"img\"\/><\/a><div class=\"wp-block-uagb-image--layout-overlay__color-wrapper\"><\/div><div class=\"wp-block-uagb-image--layout-overlay__inner center-center\"><a class=\"wp-block-uagb-image--layout-overlay-link \" href=\"https:\/\/propesp.uepa.br\/ppgem\/dissertacoes\/\" target=\"\" rel=\"noopener\"><\/a><h1 class=\"uagb-image-heading\"><a href=\"https:\/\/propesp.uepa.br\/ppgem\/dissertacoes\/\">Disserta\u00e7\u00f5es<\/a><\/h1><\/div><\/figure><\/div>\n<\/div>\n\n\n\n<div class=\"wp-block-uagb-container uagb-block-18798765\">\n<div class=\"wp-block-uagb-image aligncenter uagb-block-b9cde902 wp-block-uagb-image--layout-overlay wp-block-uagb-image--effect-static wp-block-uagb-image--align-center\"><figure class=\"wp-block-uagb-image__figure\"><a class=\"\" href=\"https:\/\/propesp.uepa.br\/ppgem\/download-e-upload\/\" target=\"\" rel=\"noopener\"><img decoding=\"async\" srcset=\"https:\/\/propesp.uepa.br\/ppgem\/wp-content\/uploads\/2024\/09\/pexels-olly-3769714.jpg ,https:\/\/propesp.uepa.br\/ppgem\/wp-content\/uploads\/2024\/09\/pexels-olly-3769714.jpg 780w, https:\/\/propesp.uepa.br\/ppgem\/wp-content\/uploads\/2024\/09\/pexels-olly-3769714.jpg 360w\" sizes=\"auto, (max-width: 480px) 150px\" src=\"https:\/\/propesp.uepa.br\/ppgem\/wp-content\/uploads\/2024\/09\/pexels-olly-3769714.jpg\" alt=\"\" class=\"uag-image-558\" width=\"600\" height=\"400\" title=\"pexels-olly-3769714\" loading=\"lazy\" role=\"img\"\/><\/a><div class=\"wp-block-uagb-image--layout-overlay__color-wrapper\"><\/div><div class=\"wp-block-uagb-image--layout-overlay__inner center-center\"><a class=\"wp-block-uagb-image--layout-overlay-link \" href=\"https:\/\/propesp.uepa.br\/ppgem\/download-e-upload\/\" target=\"\" rel=\"noopener\"><\/a><h1 class=\"uagb-image-heading\"><a href=\"https:\/\/propesp.uepa.br\/ppgem\/download-e-upload\/\" data-type=\"link\" data-id=\"https:\/\/colecaozoologica.uepa.br\/index.php\/eventos\/\">\u00c1rea do Aluno<\/a><\/h1><\/div><\/figure><\/div>\n<\/div>\n<\/div><\/div>\n<\/div><\/div>\n<\/div><\/div>\n\n\n\n<p><\/p>\n","protected":false},"excerpt":{"rendered":"<p>PPGEM Esse \u00e9 o Programa de P\u00f3s-Gradua\u00e7\u00e3o em Matem\u00e1tica ofertado pela Universidade do Estado do Par\u00e1 (UEPA) no Campus CCSE [&hellip;]<\/p>\n","protected":false},"author":1,"featured_media":0,"parent":0,"menu_order":0,"comment_status":"closed","ping_status":"closed","template":"","meta":{"_uag_custom_page_level_css":".ast-above-header-wrap  {\nbackground: none!important;\n}","site-sidebar-layout":"no-sidebar","site-content-layout":"plain-container","ast-site-content-layout":"","site-content-style":"default","site-sidebar-style":"default","ast-global-header-display":"","ast-banner-title-visibility":"","ast-main-header-display":"","ast-hfb-above-header-display":"","ast-hfb-below-header-display":"","ast-hfb-mobile-header-display":"","site-post-title":"disabled","ast-breadcrumbs-content":"","ast-featured-img":"","footer-sml-layout":"","theme-transparent-header-meta":"enabled","adv-header-id-meta":"","stick-header-meta":"","header-above-stick-meta":"","header-main-stick-meta":"","header-below-stick-meta":"","astra-migrate-meta-layouts":"default","ast-page-background-enabled":"default","ast-page-background-meta":{"desktop":{"background-color":"var(--ast-global-color-4)","background-image":"","background-repeat":"repeat","background-position":"center center","background-size":"auto","background-attachment":"scroll","background-type":"","background-media":"","overlay-type":"","overlay-color":"","overlay-gradient":""},"tablet":{"background-color":"","background-image":"","background-repeat":"repeat","background-position":"center center","background-size":"auto","background-attachment":"scroll","background-type":"","background-media":"","overlay-type":"","overlay-color":"","overlay-gradient":""},"mobile":{"background-color":"","background-image":"","background-repeat":"repeat","background-position":"center center","background-size":"auto","background-attachment":"scroll","background-type":"","background-media":"","overlay-type":"","overlay-color":"","overlay-gradient":""}},"ast-content-background-meta":{"desktop":{"background-color":"var(--ast-global-color-5)","background-image":"","background-repeat":"repeat","background-position":"center center","background-size":"auto","background-attachment":"scroll","background-type":"","background-media":"","overlay-type":"","overlay-color":"","overlay-gradient":""},"tablet":{"background-color":"var(--ast-global-color-5)","background-image":"","background-repeat":"repeat","background-position":"center center","background-size":"auto","background-attachment":"scroll","background-type":"","background-media":"","overlay-type":"","overlay-color":"","overlay-gradient":""},"mobile":{"background-color":"var(--ast-global-color-5)","background-image":"","background-repeat":"repeat","background-position":"center center","background-size":"auto","background-attachment":"scroll","background-type":"","background-media":"","overlay-type":"","overlay-color":"","overlay-gradient":""}},"footnotes":""},"class_list":["post-8","page","type-page","status-publish","hentry"],"uagb_featured_image_src":{"full":false,"thumbnail":false,"medium":false,"medium_large":false,"large":false,"1536x1536":false,"2048x2048":false},"uagb_author_info":{"display_name":"adminsites@uepa.br","author_link":"https:\/\/propesp.uepa.br\/ppgem\/author\/adminsitesuepa-br\/"},"uagb_comment_info":0,"uagb_excerpt":"PPGEM Esse \u00e9 o Programa de P\u00f3s-Gradua\u00e7\u00e3o em Matem\u00e1tica ofertado pela Universidade do Estado do Par\u00e1 (UEPA) no Campus CCSE [&hellip;]","_links":{"self":[{"href":"https:\/\/propesp.uepa.br\/ppgem\/wp-json\/wp\/v2\/pages\/8","targetHints":{"allow":["GET"]}}],"collection":[{"href":"https:\/\/propesp.uepa.br\/ppgem\/wp-json\/wp\/v2\/pages"}],"about":[{"href":"https:\/\/propesp.uepa.br\/ppgem\/wp-json\/wp\/v2\/types\/page"}],"author":[{"embeddable":true,"href":"https:\/\/propesp.uepa.br\/ppgem\/wp-json\/wp\/v2\/users\/1"}],"replies":[{"embeddable":true,"href":"https:\/\/propesp.uepa.br\/ppgem\/wp-json\/wp\/v2\/comments?post=8"}],"version-history":[{"count":77,"href":"https:\/\/propesp.uepa.br\/ppgem\/wp-json\/wp\/v2\/pages\/8\/revisions"}],"predecessor-version":[{"id":1531,"href":"https:\/\/propesp.uepa.br\/ppgem\/wp-json\/wp\/v2\/pages\/8\/revisions\/1531"}],"wp:attachment":[{"href":"https:\/\/propesp.uepa.br\/ppgem\/wp-json\/wp\/v2\/media?parent=8"}],"curies":[{"name":"wp","href":"https:\/\/api.w.org\/{rel}","templated":true}]}}