{"id":1234,"date":"2020-05-26T16:49:07","date_gmt":"2020-05-26T19:49:07","guid":{"rendered":"https:\/\/propesp.uepa.br\/ppgenf\/?page_id=1234"},"modified":"2024-01-24T11:30:24","modified_gmt":"2024-01-24T14:30:24","slug":"ano-de-defesa-2017","status":"publish","type":"page","link":"https:\/\/propesp.uepa.br\/ppgenf\/index.php\/pesquisa\/banco-de-dissertacoes-e-teses\/ano-de-defesa-2017\/","title":{"rendered":"ANO DE DEFESA 2017"},"content":{"rendered":"\n<p class=\"has-text-align-center has-vivid-green-cyan-background-color has-background\" style=\"font-size:25px\"><strong>U E P A<\/strong><\/p>\n\n\n\n<section class=\"wp-block-uagb-columns uagb-columns__wrap uagb-columns__stack-mobile uagb-columns__valign- uagb-columns__gap-10 align uagb-block-746ac06c-f4e2-4495-9526-d64db4996432 uagb-columns__columns-2 uagb-columns__max_width-theme\"><div class=\"uagb-columns__overlay\"><\/div><div class=\"uagb-columns__inner-wrap uagb-columns__columns-2\">\n<div class=\"wp-block-uagb-column uagb-column__wrap uagb-column__background-undefined uagb-block-6109c1ff-73ca-4ee6-828d-24a580b86624\"><div class=\"uagb-column__overlay\"><\/div>\n<div class=\"wp-block-uagb-info-box uagb-block-7f86821f-8a93-4f5a-ac71-0ec267541b72 uagb-infobox__content-wrap  uagb-infobox-icon-below-title uagb-infobox-image-valign-top uagb-infobox__outer-wrap\"><div class=\"uagb-ifb-content\"><div class=\"uagb-ifb-title-wrap\"><h5 class=\"uagb-ifb-title\">Autor(a):  <strong>BARBARA LOPES PAIVA&nbsp;<\/strong> <\/h5><\/div><div class=\"uagb-ifb-icon-wrap\"><svg xmlns=\"https:\/\/www.w3.org\/2000\/svg\" viewBox=\"0 0 512 512\"><path d=\"M0 219.2v212.5c0 14.25 11.62 26.25 26.5 27C75.32 461.2 180.2 471.3 240 511.9V245.2C181.4 205.5 79.99 194.8 29.84 192C13.59 191.1 0 203.6 0 219.2zM482.2 192c-50.09 2.848-151.3 13.47-209.1 53.09C272.1 245.2 272 245.3 272 245.5v266.5c60.04-40.39 164.7-50.76 213.5-53.28C500.4 457.9 512 445.9 512 431.7V219.2C512 203.6 498.4 191.1 482.2 192zM352 96c0-53-43-96-96-96S160 43 160 96s43 96 96 96S352 149 352 96z\"><\/path><\/svg><\/div><p class=\"uagb-ifb-desc\">Data de Defesa:  <strong>19 \/ 09 \/ 2017  <br><a href=\"https:\/\/drive.google.com\/file\/d\/1us07tqLSrNtuUKu99WnqWJ-zvfXThMD2\/view?usp=drive_link\">DETERMINANTES SOCIOECON\u00d4MICOS DA TUBERCULOSE: MODELAGEM E DISTRIBUI\u00c7\u00c3O ESPACIAL DOS CASOS NA POPULA\u00c7\u00c3O INDIGENA DO PAR\u00c1 <\/a><\/strong><\/p><\/div><\/div>\n<\/div>\n\n\n\n<div class=\"wp-block-uagb-column uagb-column__wrap uagb-column__background-undefined uagb-block-32d88ed4-9d61-44d8-9237-12862586d1f9\"><div class=\"uagb-column__overlay\"><\/div>\n<div class=\"wp-block-uagb-info-box uagb-block-136cb4d2-39e2-4fdf-a074-e7b4d61b2f90 uagb-infobox__content-wrap  uagb-infobox-icon-below-title uagb-infobox-image-valign-top uagb-infobox__outer-wrap\"><div class=\"uagb-ifb-content\"><div class=\"uagb-ifb-title-wrap\"><h5 class=\"uagb-ifb-title\"> Autor(a):   <strong>CLAUDIA OZELA EL HUSNY<\/strong> <\/h5><\/div><div class=\"uagb-ifb-icon-wrap\"><svg xmlns=\"https:\/\/www.w3.org\/2000\/svg\" viewBox=\"0 0 512 512\"><path d=\"M0 219.2v212.5c0 14.25 11.62 26.25 26.5 27C75.32 461.2 180.2 471.3 240 511.9V245.2C181.4 205.5 79.99 194.8 29.84 192C13.59 191.1 0 203.6 0 219.2zM482.2 192c-50.09 2.848-151.3 13.47-209.1 53.09C272.1 245.2 272 245.3 272 245.5v266.5c60.04-40.39 164.7-50.76 213.5-53.28C500.4 457.9 512 445.9 512 431.7V219.2C512 203.6 498.4 191.1 482.2 192zM352 96c0-53-43-96-96-96S160 43 160 96s43 96 96 96S352 149 352 96z\"><\/path><\/svg><\/div><p class=\"uagb-ifb-desc\"> Data de Defesa:  <strong>29 \/ 09 \/ 2017  <\/strong><br><strong><a href=\"https:\/\/drive.google.com\/file\/d\/17gMcGW9dXKiOptUM3_M7cBZV890CDY4n\/view?usp=sharing\">FATORES ASSOCIADOS AO TEMPO DECORRIDO ENTRE OS PRIMEIROS SINTOMAS E O IN\u00cdCIO DO TRATAMENTO DE DOENTES COM TUBERCULOSE PULMONAR DA ATEN\u00c7\u00c3O B\u00c1SICA DE SA\u00daDE <\/a><\/strong><\/p><\/div><\/div>\n<\/div>\n<\/div><\/section>\n\n\n\n<section class=\"wp-block-uagb-columns uagb-columns__wrap uagb-columns__stack-mobile uagb-columns__valign- uagb-columns__gap-10 align uagb-block-d79283b0-a5fd-41a4-98f7-d761089f3ca8 uagb-columns__columns-2 uagb-columns__max_width-theme\"><div class=\"uagb-columns__overlay\"><\/div><div class=\"uagb-columns__inner-wrap uagb-columns__columns-2\">\n<div class=\"wp-block-uagb-column uagb-column__wrap uagb-column__background-undefined uagb-block-3a607545-2eab-4087-8d24-63b12eac7fdb\"><div class=\"uagb-column__overlay\"><\/div>\n<div class=\"wp-block-uagb-info-box uagb-block-4d004669-b68c-4cf8-8c64-1c44d61a121e uagb-infobox__content-wrap  uagb-infobox-icon-below-title uagb-infobox-image-valign-top uagb-infobox__outer-wrap\"><div class=\"uagb-ifb-content\"><div class=\"uagb-ifb-title-wrap\"><h5 class=\"uagb-ifb-title\"> Autor(a):  <strong>GISELE DE BRITO BRASIL <\/strong><\/h5><\/div><div class=\"uagb-ifb-icon-wrap\"><svg xmlns=\"https:\/\/www.w3.org\/2000\/svg\" viewBox=\"0 0 512 512\"><path d=\"M0 219.2v212.5c0 14.25 11.62 26.25 26.5 27C75.32 461.2 180.2 471.3 240 511.9V245.2C181.4 205.5 79.99 194.8 29.84 192C13.59 191.1 0 203.6 0 219.2zM482.2 192c-50.09 2.848-151.3 13.47-209.1 53.09C272.1 245.2 272 245.3 272 245.5v266.5c60.04-40.39 164.7-50.76 213.5-53.28C500.4 457.9 512 445.9 512 431.7V219.2C512 203.6 498.4 191.1 482.2 192zM352 96c0-53-43-96-96-96S160 43 160 96s43 96 96 96S352 149 352 96z\"><\/path><\/svg><\/div><p class=\"uagb-ifb-desc\"> Data de Defesa:  <strong>18 \/ 09 \/ 2017  <br><a href=\"https:\/\/drive.google.com\/file\/d\/1WukByYKs2HDEplfm1anYGtes0EaDMhTl\/view?usp=sharing\">TECNOLOGIA EDUCACIONAL PARA PESSOAS CONVIVENDO COM HIV: ESTUDO DE VALIDA\u00c7\u00c3O <\/a><\/strong><\/p><\/div><\/div>\n<\/div>\n\n\n\n<div class=\"wp-block-uagb-column uagb-column__wrap uagb-column__background-undefined uagb-block-e1941819-cbab-4f38-96b8-b973638f234c\"><div class=\"uagb-column__overlay\"><\/div>\n<div class=\"wp-block-uagb-info-box uagb-block-41dfb229-f0f9-43ef-ba1e-a4c9903d95a9 uagb-infobox__content-wrap  uagb-infobox-icon-below-title uagb-infobox-image-valign-top uagb-infobox__outer-wrap\"><div class=\"uagb-ifb-content\"><div class=\"uagb-ifb-title-wrap\"><h5 class=\"uagb-ifb-title\"> Autor(a):  <strong>KAMILA NANCY GON\u00c7ALVES DA GAMA <\/strong><\/h5><\/div><div class=\"uagb-ifb-icon-wrap\"><svg xmlns=\"https:\/\/www.w3.org\/2000\/svg\" viewBox=\"0 0 512 512\"><path d=\"M0 219.2v212.5c0 14.25 11.62 26.25 26.5 27C75.32 461.2 180.2 471.3 240 511.9V245.2C181.4 205.5 79.99 194.8 29.84 192C13.59 191.1 0 203.6 0 219.2zM482.2 192c-50.09 2.848-151.3 13.47-209.1 53.09C272.1 245.2 272 245.3 272 245.5v266.5c60.04-40.39 164.7-50.76 213.5-53.28C500.4 457.9 512 445.9 512 431.7V219.2C512 203.6 498.4 191.1 482.2 192zM352 96c0-53-43-96-96-96S160 43 160 96s43 96 96 96S352 149 352 96z\"><\/path><\/svg><\/div><p class=\"uagb-ifb-desc\"> Data de Defesa:  <strong>29 \/ 09 \/ 2017  <\/strong><br><strong><a href=\"https:\/\/drive.google.com\/file\/d\/1WewCmC52DLlfeFX0H_nO3XmaqjYRD4aJ\/view?usp=sharing\">VIVENCIANDO A TUBERCULOSE, SIGNIFICANDO A DOEN\u00c7A E CUIDANDO DE SI: UM ESTUDO DE REPRESENTA\u00c7\u00d5ES SOCIAIS <\/a><\/strong><\/p><\/div><\/div>\n<\/div>\n<\/div><\/section>\n\n\n\n<section class=\"wp-block-uagb-columns uagb-columns__wrap uagb-columns__stack-mobile uagb-columns__valign- uagb-columns__gap-10 align uagb-block-59a3dac5-d131-402b-bba4-ad767f65e426 uagb-columns__columns-2 uagb-columns__max_width-theme\"><div class=\"uagb-columns__overlay\"><\/div><div class=\"uagb-columns__inner-wrap uagb-columns__columns-2\">\n<div class=\"wp-block-uagb-column uagb-column__wrap uagb-column__background-undefined uagb-block-a205ce2a-cadd-4cf5-a9f4-852edf9f66ff\"><div class=\"uagb-column__overlay\"><\/div>\n<div class=\"wp-block-uagb-info-box uagb-block-657afd34-edda-4425-bd66-9abb9693d369 uagb-infobox__content-wrap  uagb-infobox-icon-below-title uagb-infobox-image-valign-top uagb-infobox__outer-wrap\"><div class=\"uagb-ifb-content\"><div class=\"uagb-ifb-title-wrap\"><h5 class=\"uagb-ifb-title\"> Autor(a):  <strong>SAMANTHA PEREIRA CALDAS <\/strong><\/h5><\/div><div class=\"uagb-ifb-icon-wrap\"><svg xmlns=\"https:\/\/www.w3.org\/2000\/svg\" viewBox=\"0 0 512 512\"><path d=\"M0 219.2v212.5c0 14.25 11.62 26.25 26.5 27C75.32 461.2 180.2 471.3 240 511.9V245.2C181.4 205.5 79.99 194.8 29.84 192C13.59 191.1 0 203.6 0 219.2zM482.2 192c-50.09 2.848-151.3 13.47-209.1 53.09C272.1 245.2 272 245.3 272 245.5v266.5c60.04-40.39 164.7-50.76 213.5-53.28C500.4 457.9 512 445.9 512 431.7V219.2C512 203.6 498.4 191.1 482.2 192zM352 96c0-53-43-96-96-96S160 43 160 96s43 96 96 96S352 149 352 96z\"><\/path><\/svg><\/div><p class=\"uagb-ifb-desc\"> Data de Defesa:  <strong>15 \/ 09 \/ 2017  <\/strong><br><strong><a href=\"https:\/\/drive.google.com\/file\/d\/1GtoSF7GAWsfFTHocuFI0-I_wK30eiCYC\/view?usp=sharing\">PLANEJAMENTO REPRODUTIVO: A CONSTRU\u00c7\u00c3O DE UMA TECNOLOGIA EDUCACIONAL PARA HOMENS E MULHERES\u201d <\/a><\/strong><\/p><\/div><\/div>\n<\/div>\n\n\n\n<div class=\"wp-block-uagb-column uagb-column__wrap uagb-column__background-undefined uagb-block-0ab5fd61-4b26-46a3-960d-b483787368d5\"><div class=\"uagb-column__overlay\"><\/div>\n<div class=\"wp-block-uagb-info-box uagb-block-d913251d-e4ca-4a04-8b8b-62b73a90c5b9 uagb-infobox__content-wrap  uagb-infobox-icon-below-title uagb-infobox-image-valign-top uagb-infobox__outer-wrap\"><div class=\"uagb-ifb-content\"><div class=\"uagb-ifb-title-wrap\"><h5 class=\"uagb-ifb-title\"> Autor(a):  <strong>Z\u00c9LIA DE OLIVEIRA SALDANHA <\/strong><\/h5><\/div><div class=\"uagb-ifb-icon-wrap\"><svg xmlns=\"https:\/\/www.w3.org\/2000\/svg\" viewBox=\"0 0 512 512\"><path d=\"M0 219.2v212.5c0 14.25 11.62 26.25 26.5 27C75.32 461.2 180.2 471.3 240 511.9V245.2C181.4 205.5 79.99 194.8 29.84 192C13.59 191.1 0 203.6 0 219.2zM482.2 192c-50.09 2.848-151.3 13.47-209.1 53.09C272.1 245.2 272 245.3 272 245.5v266.5c60.04-40.39 164.7-50.76 213.5-53.28C500.4 457.9 512 445.9 512 431.7V219.2C512 203.6 498.4 191.1 482.2 192zM352 96c0-53-43-96-96-96S160 43 160 96s43 96 96 96S352 149 352 96z\"><\/path><\/svg><\/div><p class=\"uagb-ifb-desc\"> Data de Defesa:  <strong>11 \/ 12 \/ 2017  <\/strong><br><strong><a href=\"https:\/\/drive.google.com\/file\/d\/1HPGE1hHy6DPmJlFT106he4OX0CO2AWBX\/view?usp=sharing\">O SENTIDO DO CUIDADO DE ENFERMAGEM PARA A MULHER COM C\u00c2NCER DE MAMA EM SITUA\u00c7\u00c3O DE MET\u00c1STASE \u00d3SSEA: Compreens\u00e3o fenomenol\u00f3gica\u201d <\/a><\/strong><\/p><\/div><\/div>\n<\/div>\n<\/div><\/section>\n\n\n\n<p class=\"has-text-align-center has-vivid-green-cyan-background-color has-background\" style=\"font-size:25px\"><strong>U F A M<\/strong><\/p>\n\n\n\n<section class=\"wp-block-uagb-columns uagb-columns__wrap uagb-columns__stack-mobile uagb-columns__valign- uagb-columns__gap-10 align uagb-block-61151941-072b-48a7-9ee5-a8e63668e7c8 uagb-columns__columns-2 uagb-columns__max_width-theme\"><div class=\"uagb-columns__overlay\"><\/div><div class=\"uagb-columns__inner-wrap uagb-columns__columns-2\">\n<div class=\"wp-block-uagb-column uagb-column__wrap uagb-column__background-undefined uagb-block-b82ae6bc-949b-4107-981d-681d7f54a66a\"><div class=\"uagb-column__overlay\"><\/div>\n<div class=\"wp-block-uagb-info-box uagb-block-df03af2f-04f0-4324-a436-364ff96434ee uagb-infobox__content-wrap  uagb-infobox-icon-below-title uagb-infobox-image-valign-top uagb-infobox__outer-wrap\"><div class=\"uagb-ifb-content\"><div class=\"uagb-ifb-title-wrap\"><h5 class=\"uagb-ifb-title\"> Autor(a):  <strong>ALEXANDRE DE SOUZA VIEIRA <\/strong><\/h5><\/div><div class=\"uagb-ifb-icon-wrap\"><svg xmlns=\"https:\/\/www.w3.org\/2000\/svg\" viewBox=\"0 0 512 512\"><path d=\"M0 219.2v212.5c0 14.25 11.62 26.25 26.5 27C75.32 461.2 180.2 471.3 240 511.9V245.2C181.4 205.5 79.99 194.8 29.84 192C13.59 191.1 0 203.6 0 219.2zM482.2 192c-50.09 2.848-151.3 13.47-209.1 53.09C272.1 245.2 272 245.3 272 245.5v266.5c60.04-40.39 164.7-50.76 213.5-53.28C500.4 457.9 512 445.9 512 431.7V219.2C512 203.6 498.4 191.1 482.2 192zM352 96c0-53-43-96-96-96S160 43 160 96s43 96 96 96S352 149 352 96z\"><\/path><\/svg><\/div><p class=\"uagb-ifb-desc\"> Data de Defesa:  <strong>26 \/ 10 \/ 2017  <\/strong><br><strong><a href=\"https:\/\/drive.google.com\/file\/d\/1O8IaglLc_jLsQmzQS2GllEFohLrLZUmG\/view?usp=sharing\">PRODU\u00c7\u00c3O E VALIDA\u00c7\u00c3O DE TECNOLOGIA CUIDATIVO -EDUCACIONAL SOBRE CUIDADOS NA PREVEN\u00c7\u00c3O DE TRAUMAS NA PESSOA IDOSA NO CONTEXTO DOMICILIAR <\/a><\/strong><\/p><\/div><\/div>\n<\/div>\n\n\n\n<div class=\"wp-block-uagb-column uagb-column__wrap uagb-column__background-undefined uagb-block-cf1648b4-5142-4a75-988b-fa401f22b6f3\"><div class=\"uagb-column__overlay\"><\/div>\n<div class=\"wp-block-uagb-info-box uagb-block-1941ff6f-4aae-4fe7-916d-bcffe0e263ca uagb-infobox__content-wrap  uagb-infobox-icon-below-title uagb-infobox-image-valign-top uagb-infobox__outer-wrap\"><div class=\"uagb-ifb-content\"><div class=\"uagb-ifb-title-wrap\"><h5 class=\"uagb-ifb-title\"> Autor(a):  <strong>EVELINE MENEZES CA\u00c7OTE BARBOSA <\/strong><\/h5><\/div><div class=\"uagb-ifb-icon-wrap\"><svg xmlns=\"https:\/\/www.w3.org\/2000\/svg\" viewBox=\"0 0 512 512\"><path d=\"M0 219.2v212.5c0 14.25 11.62 26.25 26.5 27C75.32 461.2 180.2 471.3 240 511.9V245.2C181.4 205.5 79.99 194.8 29.84 192C13.59 191.1 0 203.6 0 219.2zM482.2 192c-50.09 2.848-151.3 13.47-209.1 53.09C272.1 245.2 272 245.3 272 245.5v266.5c60.04-40.39 164.7-50.76 213.5-53.28C500.4 457.9 512 445.9 512 431.7V219.2C512 203.6 498.4 191.1 482.2 192zM352 96c0-53-43-96-96-96S160 43 160 96s43 96 96 96S352 149 352 96z\"><\/path><\/svg><\/div><p class=\"uagb-ifb-desc\"> Data de Defesa:  <strong>13 \/ 02 \/ 2017  <\/strong><br><strong><a href=\"https:\/\/drive.google.com\/file\/d\/1wioob5XCXWOPgLvdpm42AK7-uPeMKvUN\/view?usp=sharing\">PROCESSO DE TRABALHO DO ENFERMEIRO NA ESTRAT\u00c9GIA SA\u00daDE DA FAM\u00cdLIA: DIMENS\u00c3O EDUCAR <\/a><\/strong><\/p><\/div><\/div>\n\n\n\n<p><\/p>\n<\/div>\n<\/div><\/section>\n\n\n\n<section class=\"wp-block-uagb-columns uagb-columns__wrap uagb-columns__stack-mobile uagb-columns__valign- uagb-columns__gap-10 align uagb-block-8d8c210b-8e35-4e91-9eb8-fd75ee570db7 uagb-columns__columns-2 uagb-columns__max_width-theme\"><div class=\"uagb-columns__overlay\"><\/div><div class=\"uagb-columns__inner-wrap uagb-columns__columns-2\">\n<div class=\"wp-block-uagb-column uagb-column__wrap uagb-column__background-undefined uagb-block-a053bf52-5782-4870-97d7-4fb7428f228b\"><div class=\"uagb-column__overlay\"><\/div>\n<div class=\"wp-block-uagb-info-box uagb-block-2c63af0d-d1c9-43f2-b51c-72cf4c50bc82 uagb-infobox__content-wrap  uagb-infobox-icon-below-title uagb-infobox-image-valign-top uagb-infobox__outer-wrap\"><div class=\"uagb-ifb-content\"><div class=\"uagb-ifb-title-wrap\"><h5 class=\"uagb-ifb-title\"> Autor(a):  <strong>LORENA DOS SANTOS SOARES <\/strong><\/h5><\/div><div class=\"uagb-ifb-icon-wrap\"><svg xmlns=\"https:\/\/www.w3.org\/2000\/svg\" viewBox=\"0 0 512 512\"><path d=\"M0 219.2v212.5c0 14.25 11.62 26.25 26.5 27C75.32 461.2 180.2 471.3 240 511.9V245.2C181.4 205.5 79.99 194.8 29.84 192C13.59 191.1 0 203.6 0 219.2zM482.2 192c-50.09 2.848-151.3 13.47-209.1 53.09C272.1 245.2 272 245.3 272 245.5v266.5c60.04-40.39 164.7-50.76 213.5-53.28C500.4 457.9 512 445.9 512 431.7V219.2C512 203.6 498.4 191.1 482.2 192zM352 96c0-53-43-96-96-96S160 43 160 96s43 96 96 96S352 149 352 96z\"><\/path><\/svg><\/div><p class=\"uagb-ifb-desc\"> Data de Defesa:  <strong>15 \/ 12 \/ 2017  <\/strong><br><strong><a href=\"https:\/\/drive.google.com\/file\/d\/1Kho9Xn9mc9zD1tSxn3XnkUXlHofjqRmn\/view?usp=sharing\">AN\u00c1LISE DAS METODOLOGIAS ATIVAS NOS CURSOS DE GRADUA\u00c7\u00c3O DA \u00c1REA DA SA\u00daDE PARA O DESENVOLVIMENTO DE UM AMBIENTE VIRTUAL DE APRENDIZAGEM <\/a><\/strong><\/p><\/div><\/div>\n<\/div>\n\n\n\n<div class=\"wp-block-uagb-column uagb-column__wrap uagb-column__background-undefined uagb-block-43097d6c-1489-4858-af38-505a4cabd457\"><div class=\"uagb-column__overlay\"><\/div>\n<div class=\"wp-block-uagb-info-box uagb-block-f5fe4178-50ea-4b2a-9ba5-5d4864aedf4b uagb-infobox__content-wrap  uagb-infobox-icon-below-title uagb-infobox-image-valign-top uagb-infobox__outer-wrap\"><div class=\"uagb-ifb-content\"><div class=\"uagb-ifb-title-wrap\"><h5 class=\"uagb-ifb-title\"> Autor(a):  <strong>MARCOS VINICIUS COSTA FERNANDES <\/strong><\/h5><\/div><div class=\"uagb-ifb-icon-wrap\"><svg xmlns=\"https:\/\/www.w3.org\/2000\/svg\" viewBox=\"0 0 512 512\"><path d=\"M0 219.2v212.5c0 14.25 11.62 26.25 26.5 27C75.32 461.2 180.2 471.3 240 511.9V245.2C181.4 205.5 79.99 194.8 29.84 192C13.59 191.1 0 203.6 0 219.2zM482.2 192c-50.09 2.848-151.3 13.47-209.1 53.09C272.1 245.2 272 245.3 272 245.5v266.5c60.04-40.39 164.7-50.76 213.5-53.28C500.4 457.9 512 445.9 512 431.7V219.2C512 203.6 498.4 191.1 482.2 192zM352 96c0-53-43-96-96-96S160 43 160 96s43 96 96 96S352 149 352 96z\"><\/path><\/svg><\/div><p class=\"uagb-ifb-desc\"> Data de Defesa:  <strong>06 \/ 11 \/ 2017  <\/strong><br><strong><a href=\"https:\/\/drive.google.com\/file\/d\/173ePQQRm9PzGuXMfQAbdsfT4vkHRQBWA\/view?usp=sharing\">ASSOCIA\u00c7\u00c3O ENTRE OS PADR\u00d5ES ESPACIAIS DA INCID\u00caNCIA DEHANSEN\u00cdASE EM MENORES DE 15 ANOS E ACONDI\u00c7\u00c3O DE VIDA EM MANAUS, AM <\/a><\/strong><\/p><\/div><\/div>\n<\/div>\n<\/div><\/section>\n\n\n\n<section class=\"wp-block-uagb-columns uagb-columns__wrap uagb-columns__stack-mobile uagb-columns__valign- uagb-columns__gap-10 align uagb-block-856589df-83c7-4306-bae5-eec9d6822261 uagb-columns__columns-2 uagb-columns__max_width-theme\"><div class=\"uagb-columns__overlay\"><\/div><div class=\"uagb-columns__inner-wrap uagb-columns__columns-2\">\n<div class=\"wp-block-uagb-column uagb-column__wrap uagb-column__background-undefined uagb-block-c38c1300-8dde-4690-a6d6-617f7897785b\"><div class=\"uagb-column__overlay\"><\/div>\n<div class=\"wp-block-uagb-info-box uagb-block-202f3b0a-0482-4c74-ba6a-8f5b29552c5c uagb-infobox__content-wrap  uagb-infobox-icon-below-title uagb-infobox-image-valign-top uagb-infobox__outer-wrap\"><div class=\"uagb-ifb-content\"><div class=\"uagb-ifb-title-wrap\"><h5 class=\"uagb-ifb-title\"> Autor(a):  <strong>SILVANA NUNES FIGUEIREDO <\/strong><\/h5><\/div><div class=\"uagb-ifb-icon-wrap\"><svg xmlns=\"https:\/\/www.w3.org\/2000\/svg\" viewBox=\"0 0 512 512\"><path d=\"M0 219.2v212.5c0 14.25 11.62 26.25 26.5 27C75.32 461.2 180.2 471.3 240 511.9V245.2C181.4 205.5 79.99 194.8 29.84 192C13.59 191.1 0 203.6 0 219.2zM482.2 192c-50.09 2.848-151.3 13.47-209.1 53.09C272.1 245.2 272 245.3 272 245.5v266.5c60.04-40.39 164.7-50.76 213.5-53.28C500.4 457.9 512 445.9 512 431.7V219.2C512 203.6 498.4 191.1 482.2 192zM352 96c0-53-43-96-96-96S160 43 160 96s43 96 96 96S352 149 352 96z\"><\/path><\/svg><\/div><p class=\"uagb-ifb-desc\"> Data de Defesa:  <strong>08 \/ 12 \/ 2017  <\/strong><br><strong><a href=\"https:\/\/drive.google.com\/file\/d\/1Y1rTimFwsr6Myv3f0lJ0aZjxkD6ycZ0r\/view?usp=sharing\">AURICULOTERAPIA PARA REDU\u00c7\u00c3O DO ESTRESSE OCUPACIONAL E MELHORIA DA QUALIDADE DE VIDA EM ENFERMAGEM NA AMAZ\u00d4NIA: ENSAIO CL\u00cdNICO RANDOMIZADO <\/a><\/strong><\/p><\/div><\/div>\n<\/div>\n\n\n\n<div class=\"wp-block-uagb-column uagb-column__wrap uagb-column__background-undefined uagb-block-8f623f9a-bb7e-4e24-968d-d2b99ff58493\"><div class=\"uagb-column__overlay\"><\/div><\/div>\n<\/div><\/section>\n","protected":false},"excerpt":{"rendered":"<p>U E P A U F A M<\/p>\n","protected":false},"author":2,"featured_media":0,"parent":435,"menu_order":0,"comment_status":"closed","ping_status":"closed","template":"","meta":{"_uag_custom_page_level_css":"","site-sidebar-layout":"default","site-content-layout":"default","ast-site-content-layout":"default","site-content-style":"default","site-sidebar-style":"default","ast-global-header-display":"","ast-banner-title-visibility":"","ast-main-header-display":"","ast-hfb-above-header-display":"","ast-hfb-below-header-display":"","ast-hfb-mobile-header-display":"","site-post-title":"","ast-breadcrumbs-content":"","ast-featured-img":"","footer-sml-layout":"","theme-transparent-header-meta":"default","adv-header-id-meta":"","stick-header-meta":"","header-above-stick-meta":"","header-main-stick-meta":"","header-below-stick-meta":"","astra-migrate-meta-layouts":"set","ast-page-background-enabled":"default","ast-page-background-meta":{"desktop":{"background-color":"","background-image":"","background-repeat":"repeat","background-position":"center center","background-size":"auto","background-attachment":"scroll","background-type":"","background-media":"","overlay-type":"","overlay-color":"","overlay-gradient":""},"tablet":{"background-color":"","background-image":"","background-repeat":"repeat","background-position":"center center","background-size":"auto","background-attachment":"scroll","background-type":"","background-media":"","overlay-type":"","overlay-color":"","overlay-gradient":""},"mobile":{"background-color":"","background-image":"","background-repeat":"repeat","background-position":"center center","background-size":"auto","background-attachment":"scroll","background-type":"","background-media":"","overlay-type":"","overlay-color":"","overlay-gradient":""}},"ast-content-background-meta":{"desktop":{"background-color":"var(--ast-global-color-5)","background-image":"","background-repeat":"repeat","background-position":"center center","background-size":"auto","background-attachment":"scroll","background-type":"","background-media":"","overlay-type":"","overlay-color":"","overlay-gradient":""},"tablet":{"background-color":"var(--ast-global-color-5)","background-image":"","background-repeat":"repeat","background-position":"center center","background-size":"auto","background-attachment":"scroll","background-type":"","background-media":"","overlay-type":"","overlay-color":"","overlay-gradient":""},"mobile":{"background-color":"var(--ast-global-color-5)","background-image":"","background-repeat":"repeat","background-position":"center center","background-size":"auto","background-attachment":"scroll","background-type":"","background-media":"","overlay-type":"","overlay-color":"","overlay-gradient":""}},"footnotes":""},"uagb_featured_image_src":{"full":false,"thumbnail":false,"medium":false,"medium_large":false,"large":false,"1536x1536":false,"2048x2048":false},"uagb_author_info":{"display_name":"nelma.ramos@uepa.br","author_link":"https:\/\/propesp.uepa.br\/ppgenf\/index.php\/author\/nelma-ramosuepa-br\/"},"uagb_comment_info":0,"uagb_excerpt":"U E P A U F A M","_links":{"self":[{"href":"https:\/\/propesp.uepa.br\/ppgenf\/index.php\/wp-json\/wp\/v2\/pages\/1234"}],"collection":[{"href":"https:\/\/propesp.uepa.br\/ppgenf\/index.php\/wp-json\/wp\/v2\/pages"}],"about":[{"href":"https:\/\/propesp.uepa.br\/ppgenf\/index.php\/wp-json\/wp\/v2\/types\/page"}],"author":[{"embeddable":true,"href":"https:\/\/propesp.uepa.br\/ppgenf\/index.php\/wp-json\/wp\/v2\/users\/2"}],"replies":[{"embeddable":true,"href":"https:\/\/propesp.uepa.br\/ppgenf\/index.php\/wp-json\/wp\/v2\/comments?post=1234"}],"version-history":[{"count":4,"href":"https:\/\/propesp.uepa.br\/ppgenf\/index.php\/wp-json\/wp\/v2\/pages\/1234\/revisions"}],"predecessor-version":[{"id":4138,"href":"https:\/\/propesp.uepa.br\/ppgenf\/index.php\/wp-json\/wp\/v2\/pages\/1234\/revisions\/4138"}],"up":[{"embeddable":true,"href":"https:\/\/propesp.uepa.br\/ppgenf\/index.php\/wp-json\/wp\/v2\/pages\/435"}],"wp:attachment":[{"href":"https:\/\/propesp.uepa.br\/ppgenf\/index.php\/wp-json\/wp\/v2\/media?parent=1234"}],"curies":[{"name":"wp","href":"https:\/\/api.w.org\/{rel}","templated":true}]}}