{"id":1773,"date":"2020-06-16T20:03:55","date_gmt":"2020-06-16T23:03:55","guid":{"rendered":"https:\/\/propesp.uepa.br\/ppgenf\/?page_id=1773"},"modified":"2021-05-27T17:02:03","modified_gmt":"2021-05-27T20:02:03","slug":"imagens-de-premiacoes","status":"publish","type":"page","link":"https:\/\/propesp.uepa.br\/ppgenf\/index.php\/menu-3\/imagens-de-premiacoes\/","title":{"rendered":"PREMIA\u00c7\u00d5ES"},"content":{"rendered":"\n<p class=\"has-medium-font-size\"><strong>Premia\u00e7\u00f5es concedida a docentes e discentes, em participa\u00e7\u00f5es de eventos e projetos.<\/strong><\/p>\n\n\n\n<figure class=\"wp-block-gallery columns-4 is-cropped wp-block-gallery-1 is-layout-flex wp-block-gallery-is-layout-flex\"><ul class=\"blocks-gallery-grid\"><li class=\"blocks-gallery-item\"><figure><a href=\"https:\/\/propesp.uepa.br\/ppgenf\/wp-content\/uploads\/2020\/06\/Diploma-Dra.-Izabel-Penha-e1592345214616.jpg\"><img loading=\"lazy\" decoding=\"async\" width=\"425\" height=\"467\" src=\"https:\/\/propesp.uepa.br\/ppgenf\/wp-content\/uploads\/2020\/06\/Diploma-Dra.-Izabel-Penha-e1592345214616.jpg\" alt=\"\" data-id=\"1733\" data-full-url=\"https:\/\/propesp.uepa.br\/ppgenf\/wp-content\/uploads\/2020\/06\/Diploma-Dra.-Izabel-Penha-e1592345214616.jpg\" data-link=\"https:\/\/propesp.uepa.br\/ppgenf\/?attachment_id=1733\" class=\"wp-image-1733\" srcset=\"https:\/\/propesp.uepa.br\/ppgenf\/wp-content\/uploads\/2020\/06\/Diploma-Dra.-Izabel-Penha-e1592345214616.jpg 425w, https:\/\/propesp.uepa.br\/ppgenf\/wp-content\/uploads\/2020\/06\/Diploma-Dra.-Izabel-Penha-e1592345214616-273x300.jpg 273w\" sizes=\"(max-width: 425px) 100vw, 425px\" \/><\/a><figcaption class=\"blocks-gallery-item__caption\">Medalha e Diploma de M\u00e9rito Cient\u00edfico Evandro Chagas concedia a Dra. Izabel Penha<\/figcaption><\/figure><\/li><li class=\"blocks-gallery-item\"><figure><a href=\"https:\/\/propesp.uepa.br\/ppgenf\/wp-content\/uploads\/2020\/06\/Semin\u00e1rio-de-Pesquisa-e1592345172666.jpg\"><img loading=\"lazy\" decoding=\"async\" width=\"600\" height=\"400\" src=\"https:\/\/propesp.uepa.br\/ppgenf\/wp-content\/uploads\/2020\/06\/Semin\u00e1rio-de-Pesquisa-e1592345172666.jpg\" alt=\"\" data-id=\"1740\" data-full-url=\"https:\/\/propesp.uepa.br\/ppgenf\/wp-content\/uploads\/2020\/06\/Semin\u00e1rio-de-Pesquisa-e1592345172666.jpg\" data-link=\"https:\/\/propesp.uepa.br\/ppgenf\/?attachment_id=1740\" class=\"wp-image-1740\" srcset=\"https:\/\/propesp.uepa.br\/ppgenf\/wp-content\/uploads\/2020\/06\/Semin\u00e1rio-de-Pesquisa-e1592345172666.jpg 600w, https:\/\/propesp.uepa.br\/ppgenf\/wp-content\/uploads\/2020\/06\/Semin\u00e1rio-de-Pesquisa-e1592345172666-300x200.jpg 300w\" sizes=\"(max-width: 600px) 100vw, 600px\" \/><\/a><figcaption class=\"blocks-gallery-item__caption\">Pr\u00eamio Jovem Pesquisador<\/figcaption><\/figure><\/li><li class=\"blocks-gallery-item\"><figure><a href=\"https:\/\/propesp.uepa.br\/ppgenf\/wp-content\/uploads\/2020\/06\/iv-seminario-de-integrao-cientfica.jpg\"><img loading=\"lazy\" decoding=\"async\" width=\"480\" height=\"640\" src=\"https:\/\/propesp.uepa.br\/ppgenf\/wp-content\/uploads\/2020\/06\/iv-seminario-de-integrao-cientfica.jpg\" alt=\"\" data-id=\"1744\" data-full-url=\"https:\/\/propesp.uepa.br\/ppgenf\/wp-content\/uploads\/2020\/06\/iv-seminario-de-integrao-cientfica.jpg\" data-link=\"https:\/\/propesp.uepa.br\/ppgenf\/?attachment_id=1744\" class=\"wp-image-1744\" srcset=\"https:\/\/propesp.uepa.br\/ppgenf\/wp-content\/uploads\/2020\/06\/iv-seminario-de-integrao-cientfica.jpg 480w, https:\/\/propesp.uepa.br\/ppgenf\/wp-content\/uploads\/2020\/06\/iv-seminario-de-integrao-cientfica-225x300.jpg 225w\" sizes=\"(max-width: 480px) 100vw, 480px\" \/><\/a><figcaption class=\"blocks-gallery-item__caption\">IV SEMIN\u00c1RIO DE INTEGRA\u00c7\u00c3O CIENT\u00cdFICA<\/figcaption><\/figure><\/li><li class=\"blocks-gallery-item\"><figure><a href=\"https:\/\/propesp.uepa.br\/ppgenf\/wp-content\/uploads\/2020\/06\/Pr\u00eamio_Gabriel.2jpg.jpg\"><img loading=\"lazy\" decoding=\"async\" width=\"452\" height=\"640\" src=\"https:\/\/propesp.uepa.br\/ppgenf\/wp-content\/uploads\/2020\/06\/Pr\u00eamio_Gabriel.2jpg.jpg\" alt=\"\" data-id=\"1739\" data-full-url=\"https:\/\/propesp.uepa.br\/ppgenf\/wp-content\/uploads\/2020\/06\/Pr\u00eamio_Gabriel.2jpg.jpg\" data-link=\"https:\/\/propesp.uepa.br\/ppgenf\/?attachment_id=1739\" class=\"wp-image-1739\" srcset=\"https:\/\/propesp.uepa.br\/ppgenf\/wp-content\/uploads\/2020\/06\/Pr\u00eamio_Gabriel.2jpg.jpg 452w, https:\/\/propesp.uepa.br\/ppgenf\/wp-content\/uploads\/2020\/06\/Pr\u00eamio_Gabriel.2jpg-212x300.jpg 212w\" sizes=\"(max-width: 452px) 100vw, 452px\" \/><\/a><figcaption class=\"blocks-gallery-item__caption\">Pr\u00eamio Dr. Ant\u00f4nio Dino de Incentivo \u00e0 Pesquisa em Oncologia, orientada pela Dra. Mary Elizabeth<\/figcaption><\/figure><\/li><li class=\"blocks-gallery-item\"><figure><a href=\"https:\/\/propesp.uepa.br\/ppgenf\/wp-content\/uploads\/2020\/06\/Premia\u00e7\u00e3o_Fernanda-3.jpg\"><img loading=\"lazy\" decoding=\"async\" width=\"911\" height=\"440\" src=\"https:\/\/propesp.uepa.br\/ppgenf\/wp-content\/uploads\/2020\/06\/Premia\u00e7\u00e3o_Fernanda-3.jpg\" alt=\"\" data-id=\"1743\" data-full-url=\"https:\/\/propesp.uepa.br\/ppgenf\/wp-content\/uploads\/2020\/06\/Premia\u00e7\u00e3o_Fernanda-3.jpg\" data-link=\"https:\/\/propesp.uepa.br\/ppgenf\/?attachment_id=1743\" class=\"wp-image-1743\" srcset=\"https:\/\/propesp.uepa.br\/ppgenf\/wp-content\/uploads\/2020\/06\/Premia\u00e7\u00e3o_Fernanda-3.jpg 911w, https:\/\/propesp.uepa.br\/ppgenf\/wp-content\/uploads\/2020\/06\/Premia\u00e7\u00e3o_Fernanda-3-300x145.jpg 300w, https:\/\/propesp.uepa.br\/ppgenf\/wp-content\/uploads\/2020\/06\/Premia\u00e7\u00e3o_Fernanda-3-768x371.jpg 768w\" sizes=\"(max-width: 911px) 100vw, 911px\" \/><\/a><figcaption class=\"blocks-gallery-item__caption\">Premia\u00e7\u00e3o de Trabalho no 71\u00aa CBEn<\/figcaption><\/figure><\/li><li class=\"blocks-gallery-item\"><figure><a href=\"https:\/\/propesp.uepa.br\/ppgenf\/wp-content\/uploads\/2021\/05\/WhatsApp-Image-2021-05-27-at-12.26.01-1.jpeg\"><img loading=\"lazy\" decoding=\"async\" width=\"960\" height=\"720\" src=\"https:\/\/propesp.uepa.br\/ppgenf\/wp-content\/uploads\/2021\/05\/WhatsApp-Image-2021-05-27-at-12.26.01-1.jpeg\" alt=\"\" data-id=\"2229\" data-full-url=\"https:\/\/propesp.uepa.br\/ppgenf\/wp-content\/uploads\/2021\/05\/WhatsApp-Image-2021-05-27-at-12.26.01-1.jpeg\" data-link=\"https:\/\/propesp.uepa.br\/ppgenf\/?attachment_id=2229\" class=\"wp-image-2229\" srcset=\"https:\/\/propesp.uepa.br\/ppgenf\/wp-content\/uploads\/2021\/05\/WhatsApp-Image-2021-05-27-at-12.26.01-1.jpeg 960w, https:\/\/propesp.uepa.br\/ppgenf\/wp-content\/uploads\/2021\/05\/WhatsApp-Image-2021-05-27-at-12.26.01-1-300x225.jpeg 300w, https:\/\/propesp.uepa.br\/ppgenf\/wp-content\/uploads\/2021\/05\/WhatsApp-Image-2021-05-27-at-12.26.01-1-768x576.jpeg 768w\" sizes=\"(max-width: 960px) 100vw, 960px\" \/><\/a><figcaption class=\"blocks-gallery-item__caption\">Premia\u00e7\u00e3o &#8211; VIII Semin\u00e1rio de Integra\u00e7\u00e3o Cient\u00edfica da UEPA<\/figcaption><\/figure><\/li><li class=\"blocks-gallery-item\"><figure><a href=\"https:\/\/propesp.uepa.br\/ppgenf\/wp-content\/uploads\/2021\/05\/WhatsApp-Image-2021-05-27-at-12.26.01.jpeg\"><img loading=\"lazy\" decoding=\"async\" width=\"720\" height=\"960\" src=\"https:\/\/propesp.uepa.br\/ppgenf\/wp-content\/uploads\/2021\/05\/WhatsApp-Image-2021-05-27-at-12.26.01.jpeg\" alt=\"\" data-id=\"2230\" data-full-url=\"https:\/\/propesp.uepa.br\/ppgenf\/wp-content\/uploads\/2021\/05\/WhatsApp-Image-2021-05-27-at-12.26.01.jpeg\" data-link=\"https:\/\/propesp.uepa.br\/ppgenf\/?attachment_id=2230\" class=\"wp-image-2230\" srcset=\"https:\/\/propesp.uepa.br\/ppgenf\/wp-content\/uploads\/2021\/05\/WhatsApp-Image-2021-05-27-at-12.26.01.jpeg 720w, https:\/\/propesp.uepa.br\/ppgenf\/wp-content\/uploads\/2021\/05\/WhatsApp-Image-2021-05-27-at-12.26.01-225x300.jpeg 225w\" sizes=\"(max-width: 720px) 100vw, 720px\" \/><\/a><figcaption class=\"blocks-gallery-item__caption\">Premia\u00e7\u00e3o &#8211; VIII Semin\u00e1rio de Integra\u00e7\u00e3o Cient\u00edfica da UEPA<\/figcaption><\/figure><\/li><\/ul><\/figure>\n\n\n\n<p><\/p>\n","protected":false},"excerpt":{"rendered":"<p>Premia\u00e7\u00f5es concedida a docentes e discentes, em participa\u00e7\u00f5es de eventos e projetos.<\/p>\n","protected":false},"author":2,"featured_media":0,"parent":48,"menu_order":0,"comment_status":"closed","ping_status":"closed","template":"","meta":{"_uag_custom_page_level_css":"","site-sidebar-layout":"default","site-content-layout":"default","ast-site-content-layout":"","site-content-style":"default","site-sidebar-style":"default","ast-global-header-display":"","ast-banner-title-visibility":"","ast-main-header-display":"","ast-hfb-above-header-display":"","ast-hfb-below-header-display":"","ast-hfb-mobile-header-display":"","site-post-title":"disabled","ast-breadcrumbs-content":"","ast-featured-img":"","footer-sml-layout":"","theme-transparent-header-meta":"default","adv-header-id-meta":"","stick-header-meta":"","header-above-stick-meta":"","header-main-stick-meta":"","header-below-stick-meta":"","astra-migrate-meta-layouts":"","ast-page-background-enabled":"default","ast-page-background-meta":{"desktop":{"background-color":"","background-image":"","background-repeat":"repeat","background-position":"center center","background-size":"auto","background-attachment":"scroll","background-type":"","background-media":"","overlay-type":"","overlay-color":"","overlay-gradient":""},"tablet":{"background-color":"","background-image":"","background-repeat":"repeat","background-position":"center center","background-size":"auto","background-attachment":"scroll","background-type":"","background-media":"","overlay-type":"","overlay-color":"","overlay-gradient":""},"mobile":{"background-color":"","background-image":"","background-repeat":"repeat","background-position":"center center","background-size":"auto","background-attachment":"scroll","background-type":"","background-media":"","overlay-type":"","overlay-color":"","overlay-gradient":""}},"ast-content-background-meta":{"desktop":{"background-color":"var(--ast-global-color-5)","background-image":"","background-repeat":"repeat","background-position":"center center","background-size":"auto","background-attachment":"scroll","background-type":"","background-media":"","overlay-type":"","overlay-color":"","overlay-gradient":""},"tablet":{"background-color":"var(--ast-global-color-5)","background-image":"","background-repeat":"repeat","background-position":"center center","background-size":"auto","background-attachment":"scroll","background-type":"","background-media":"","overlay-type":"","overlay-color":"","overlay-gradient":""},"mobile":{"background-color":"var(--ast-global-color-5)","background-image":"","background-repeat":"repeat","background-position":"center center","background-size":"auto","background-attachment":"scroll","background-type":"","background-media":"","overlay-type":"","overlay-color":"","overlay-gradient":""}},"footnotes":""},"uagb_featured_image_src":{"full":false,"thumbnail":false,"medium":false,"medium_large":false,"large":false,"1536x1536":false,"2048x2048":false},"uagb_author_info":{"display_name":"nelma.ramos@uepa.br","author_link":"https:\/\/propesp.uepa.br\/ppgenf\/index.php\/author\/nelma-ramosuepa-br\/"},"uagb_comment_info":0,"uagb_excerpt":"Premia\u00e7\u00f5es concedida a docentes e discentes, em participa\u00e7\u00f5es de eventos e projetos.","_links":{"self":[{"href":"https:\/\/propesp.uepa.br\/ppgenf\/index.php\/wp-json\/wp\/v2\/pages\/1773"}],"collection":[{"href":"https:\/\/propesp.uepa.br\/ppgenf\/index.php\/wp-json\/wp\/v2\/pages"}],"about":[{"href":"https:\/\/propesp.uepa.br\/ppgenf\/index.php\/wp-json\/wp\/v2\/types\/page"}],"author":[{"embeddable":true,"href":"https:\/\/propesp.uepa.br\/ppgenf\/index.php\/wp-json\/wp\/v2\/users\/2"}],"replies":[{"embeddable":true,"href":"https:\/\/propesp.uepa.br\/ppgenf\/index.php\/wp-json\/wp\/v2\/comments?post=1773"}],"version-history":[{"count":5,"href":"https:\/\/propesp.uepa.br\/ppgenf\/index.php\/wp-json\/wp\/v2\/pages\/1773\/revisions"}],"predecessor-version":[{"id":2231,"href":"https:\/\/propesp.uepa.br\/ppgenf\/index.php\/wp-json\/wp\/v2\/pages\/1773\/revisions\/2231"}],"up":[{"embeddable":true,"href":"https:\/\/propesp.uepa.br\/ppgenf\/index.php\/wp-json\/wp\/v2\/pages\/48"}],"wp:attachment":[{"href":"https:\/\/propesp.uepa.br\/ppgenf\/index.php\/wp-json\/wp\/v2\/media?parent=1773"}],"curies":[{"name":"wp","href":"https:\/\/api.w.org\/{rel}","templated":true}]}}