{"id":1822,"date":"2020-06-24T19:14:19","date_gmt":"2020-06-24T22:14:19","guid":{"rendered":"https:\/\/propesp.uepa.br\/ppgenf\/?page_id=1822"},"modified":"2023-06-01T15:17:30","modified_gmt":"2023-06-01T18:17:30","slug":"perfil-de-egressos","status":"publish","type":"page","link":"https:\/\/propesp.uepa.br\/ppgenf\/index.php\/corpo-discente\/perfil-de-egressos\/","title":{"rendered":"Perfil de Egressos"},"content":{"rendered":"\n<div class=\"wp-block-uagb-container uagb-block-5b9721e0 alignfull uagb-is-root-container\"><div class=\"uagb-container-inner-blocks-wrap\">\n<div class=\"wp-block-uagb-advanced-heading uagb-block-3e92dc5c\"><h1 class=\"uagb-heading-text\">Perfil de Egressos<\/h1><div class=\"uagb-separator\"><\/div><\/div>\n\n\n\n<p>O Programa de P\u00f3s-Gradua\u00e7\u00e3o em Enfermagem em Associa\u00e7\u00e3o ampla com a Universidade do Estado do Par\u00e1 e Universidade Federal do Amazonas (PPGENF UEPA\/UFAM) torna p\u00fablico o relat\u00f3rio de acompanhamento de egressos no programa.<\/p>\n\n\n\n<h5><a href=\"https:\/\/drive.google.com\/file\/d\/1i_2ERzzv1TR6JWnwh_VNkzOlUkjU-VNg\/view?usp=sharing\"><strong>\u203aRelat\u00f3rio de acompanhamento &#8211; Egressos titulados entre os anos de 2015 a 2019<\/strong><\/a><\/h5>\n\n\n\n<p><\/p>\n<\/div><\/div>\n","protected":false},"excerpt":{"rendered":"<p>Perfil de Egressos O Programa de P\u00f3s-Gradua\u00e7\u00e3o em Enfermagem em Associa\u00e7\u00e3o ampla com a Universidade do Estado do Par\u00e1 e Universidade Federal do Amazonas (PPGENF UEPA\/UFAM) torna p\u00fablico o relat\u00f3rio de acompanhamento de egressos no programa. \u203aRelat\u00f3rio de acompanhamento &#8211; Egressos titulados entre os anos de 2015 a 2019<\/p>\n","protected":false},"author":2,"featured_media":0,"parent":281,"menu_order":0,"comment_status":"closed","ping_status":"closed","template":"","meta":{"_uag_custom_page_level_css":"","site-sidebar-layout":"no-sidebar","site-content-layout":"plain-container","ast-site-content-layout":"","site-content-style":"default","site-sidebar-style":"default","ast-global-header-display":"","ast-banner-title-visibility":"","ast-main-header-display":"","ast-hfb-above-header-display":"","ast-hfb-below-header-display":"","ast-hfb-mobile-header-display":"","site-post-title":"disabled","ast-breadcrumbs-content":"","ast-featured-img":"","footer-sml-layout":"","theme-transparent-header-meta":"default","adv-header-id-meta":"","stick-header-meta":"","header-above-stick-meta":"","header-main-stick-meta":"","header-below-stick-meta":"","astra-migrate-meta-layouts":"","ast-page-background-enabled":"default","ast-page-background-meta":{"desktop":{"background-color":"","background-image":"","background-repeat":"repeat","background-position":"center center","background-size":"auto","background-attachment":"scroll","background-type":"","background-media":"","overlay-type":"","overlay-color":"","overlay-gradient":""},"tablet":{"background-color":"","background-image":"","background-repeat":"repeat","background-position":"center center","background-size":"auto","background-attachment":"scroll","background-type":"","background-media":"","overlay-type":"","overlay-color":"","overlay-gradient":""},"mobile":{"background-color":"","background-image":"","background-repeat":"repeat","background-position":"center center","background-size":"auto","background-attachment":"scroll","background-type":"","background-media":"","overlay-type":"","overlay-color":"","overlay-gradient":""}},"ast-content-background-meta":{"desktop":{"background-color":"var(--ast-global-color-5)","background-image":"","background-repeat":"repeat","background-position":"center center","background-size":"auto","background-attachment":"scroll","background-type":"","background-media":"","overlay-type":"","overlay-color":"","overlay-gradient":""},"tablet":{"background-color":"var(--ast-global-color-5)","background-image":"","background-repeat":"repeat","background-position":"center center","background-size":"auto","background-attachment":"scroll","background-type":"","background-media":"","overlay-type":"","overlay-color":"","overlay-gradient":""},"mobile":{"background-color":"var(--ast-global-color-5)","background-image":"","background-repeat":"repeat","background-position":"center center","background-size":"auto","background-attachment":"scroll","background-type":"","background-media":"","overlay-type":"","overlay-color":"","overlay-gradient":""}},"footnotes":""},"uagb_featured_image_src":{"full":false,"thumbnail":false,"medium":false,"medium_large":false,"large":false,"1536x1536":false,"2048x2048":false},"uagb_author_info":{"display_name":"nelma.ramos@uepa.br","author_link":"https:\/\/propesp.uepa.br\/ppgenf\/index.php\/author\/nelma-ramosuepa-br\/"},"uagb_comment_info":0,"uagb_excerpt":"Perfil de Egressos O Programa de P\u00f3s-Gradua\u00e7\u00e3o em Enfermagem em Associa\u00e7\u00e3o ampla com a Universidade do Estado do Par\u00e1 e Universidade Federal do Amazonas (PPGENF UEPA\/UFAM) torna p\u00fablico o relat\u00f3rio de acompanhamento de egressos no programa. \u203aRelat\u00f3rio de acompanhamento &#8211; Egressos titulados entre os anos de 2015 a 2019","_links":{"self":[{"href":"https:\/\/propesp.uepa.br\/ppgenf\/index.php\/wp-json\/wp\/v2\/pages\/1822"}],"collection":[{"href":"https:\/\/propesp.uepa.br\/ppgenf\/index.php\/wp-json\/wp\/v2\/pages"}],"about":[{"href":"https:\/\/propesp.uepa.br\/ppgenf\/index.php\/wp-json\/wp\/v2\/types\/page"}],"author":[{"embeddable":true,"href":"https:\/\/propesp.uepa.br\/ppgenf\/index.php\/wp-json\/wp\/v2\/users\/2"}],"replies":[{"embeddable":true,"href":"https:\/\/propesp.uepa.br\/ppgenf\/index.php\/wp-json\/wp\/v2\/comments?post=1822"}],"version-history":[{"count":3,"href":"https:\/\/propesp.uepa.br\/ppgenf\/index.php\/wp-json\/wp\/v2\/pages\/1822\/revisions"}],"predecessor-version":[{"id":3318,"href":"https:\/\/propesp.uepa.br\/ppgenf\/index.php\/wp-json\/wp\/v2\/pages\/1822\/revisions\/3318"}],"up":[{"embeddable":true,"href":"https:\/\/propesp.uepa.br\/ppgenf\/index.php\/wp-json\/wp\/v2\/pages\/281"}],"wp:attachment":[{"href":"https:\/\/propesp.uepa.br\/ppgenf\/index.php\/wp-json\/wp\/v2\/media?parent=1822"}],"curies":[{"name":"wp","href":"https:\/\/api.w.org\/{rel}","templated":true}]}}