{"id":1868,"date":"2020-07-28T18:16:04","date_gmt":"2020-07-28T21:16:04","guid":{"rendered":"https:\/\/propesp.uepa.br\/ppgenf\/?page_id=1868"},"modified":"2026-01-23T11:26:06","modified_gmt":"2026-01-23T14:26:06","slug":"resolucoes-de-2020-ate-atual","status":"publish","type":"page","link":"https:\/\/propesp.uepa.br\/ppgenf\/index.php\/secretaria\/resolucoes-do-colegiado-2\/resolucoes-de-2020-ate-atual\/","title":{"rendered":"Resolu\u00e7\u00f5es de 2020 at\u00e9 2023"},"content":{"rendered":"\n<div class=\"wp-block-uagb-advanced-heading uagb-block-e7811d4c\"><h2 class=\"uagb-heading-text\"><strong>Resolu\u00e7\u00f5es de 2020 \u00e0 2023<\/strong><\/h2><div class=\"uagb-separator\"><\/div><\/div>\n\n\n\n<div class=\"wp-block-columns is-layout-flex wp-container-core-columns-layout-1 wp-block-columns-is-layout-flex\">\n<div class=\"wp-block-column is-layout-flow wp-block-column-is-layout-flow\" style=\"flex-basis:25%\">\n<p class=\"has-normal-font-size\"><strong>Resolu\u00e7\u00f5es de 2020<\/strong><\/p>\n<\/div>\n\n\n\n<div class=\"wp-block-column is-layout-flow wp-block-column-is-layout-flow\" style=\"flex-basis:75%\">\n<div class=\"wp-block-file\"><a id=\"wp-block-file--media-5323a5cf-19a0-4c0f-b1c8-0fffbd965b83\" href=\"https:\/\/propesp.uepa.br\/ppgenf\/wp-content\/uploads\/2020\/07\/Resolucao-n1_2020-Aprova\u00e7\u00e3o-Atas.pdf\"><strong>Resolu\u00e7\u00e3o n\u00b01_2020-Aprova\u00e7\u00e3o de Ata de Defesa<\/strong><\/a><a href=\"https:\/\/propesp.uepa.br\/ppgenf\/wp-content\/uploads\/2020\/07\/Resolucao-n1_2020-Aprova\u00e7\u00e3o-Atas.pdf\" class=\"wp-block-file__button wp-element-button\" download aria-describedby=\"wp-block-file--media-5323a5cf-19a0-4c0f-b1c8-0fffbd965b83\">Baixar<\/a><\/div>\n\n\n\n<div class=\"wp-block-file\"><a id=\"wp-block-file--media-b0f100c9-824e-44ea-bb2e-d4a1dabe00e1\" href=\"https:\/\/propesp.uepa.br\/ppgenf\/wp-content\/uploads\/2020\/11\/Resolucao-n2_2020-Aprova\u00e7\u00e3o-Atas.pdf\"><strong>Resolu\u00e7\u00e3o n\u00b02_2020-Aprova\u00e7\u00e3o de Ata de Defesa<\/strong><\/a><a href=\"https:\/\/propesp.uepa.br\/ppgenf\/wp-content\/uploads\/2020\/11\/Resolucao-n2_2020-Aprova\u00e7\u00e3o-Atas.pdf\" class=\"wp-block-file__button wp-element-button\" download aria-describedby=\"wp-block-file--media-b0f100c9-824e-44ea-bb2e-d4a1dabe00e1\">Baixar<\/a><\/div>\n\n\n\n<div class=\"wp-block-file\"><a id=\"wp-block-file--media-b2285452-21a8-41b8-ab0b-066b4662916e\" href=\"https:\/\/propesp.uepa.br\/ppgenf\/wp-content\/uploads\/2021\/03\/Resolucao-n3_2020-Aprova\u00e7\u00e3o-Atas.pdf\"><strong>Resolu\u00e7\u00e3o n\u00b03_2020-Aprova\u00e7\u00e3o de Atas de Defesa<\/strong><\/a><a href=\"https:\/\/propesp.uepa.br\/ppgenf\/wp-content\/uploads\/2021\/03\/Resolucao-n3_2020-Aprova\u00e7\u00e3o-Atas.pdf\" class=\"wp-block-file__button wp-element-button\" download aria-describedby=\"wp-block-file--media-b2285452-21a8-41b8-ab0b-066b4662916e\">Baixar<\/a><\/div>\n\n\n\n<p><\/p>\n<\/div>\n<\/div>\n\n\n\n<div class=\"wp-block-columns is-layout-flex wp-container-core-columns-layout-2 wp-block-columns-is-layout-flex\">\n<div class=\"wp-block-column is-layout-flow wp-block-column-is-layout-flow\" style=\"flex-basis:25%\">\n<p class=\"has-normal-font-size\"><strong>Resolu\u00e7\u00f5es de 2021<\/strong><\/p>\n<\/div>\n\n\n\n<div class=\"wp-block-column is-layout-flow wp-block-column-is-layout-flow\" style=\"flex-basis:75%\">\n<div class=\"wp-block-file\"><a id=\"wp-block-file--media-291e963a-7ab4-4d6e-93eb-b13342f98de0\" href=\"https:\/\/propesp.uepa.br\/ppgenf\/wp-content\/uploads\/2021\/08\/Resolucao-n1_2021-Aprova\u00e7\u00e3o-Atas.pdf\"><strong>Resolu\u00e7\u00e3o n\u00ba1_2021-Aprova\u00e7\u00e3o de Atas de Defes<\/strong>a<\/a><a href=\"https:\/\/propesp.uepa.br\/ppgenf\/wp-content\/uploads\/2021\/08\/Resolucao-n1_2021-Aprova\u00e7\u00e3o-Atas.pdf\" class=\"wp-block-file__button wp-element-button\" download aria-describedby=\"wp-block-file--media-291e963a-7ab4-4d6e-93eb-b13342f98de0\">Baixar<\/a><\/div>\n\n\n\n<div class=\"wp-block-file\"><a id=\"wp-block-file--media-a0099bfc-3622-4e0c-91e9-edc25252458e\" href=\"https:\/\/propesp.uepa.br\/ppgenf\/wp-content\/uploads\/2021\/08\/Resolucao-n2_2021-Aprova\u00e7\u00e3o-Atas.pdf\"><strong>Resolu\u00e7\u00e3o n\u00ba2_2021-Aprova\u00e7\u00e3o de Atas de Defesa<\/strong><\/a><a href=\"https:\/\/propesp.uepa.br\/ppgenf\/wp-content\/uploads\/2021\/08\/Resolucao-n2_2021-Aprova\u00e7\u00e3o-Atas.pdf\" class=\"wp-block-file__button wp-element-button\" download aria-describedby=\"wp-block-file--media-a0099bfc-3622-4e0c-91e9-edc25252458e\">Baixar<\/a><\/div>\n\n\n\n<div class=\"wp-block-file\"><a id=\"wp-block-file--media-d6a960c8-9320-4c00-9240-8f373c258387\" href=\"https:\/\/propesp.uepa.br\/ppgenf\/wp-content\/uploads\/2021\/10\/Resolucao-n3_2021-Aprova\u00e7\u00e3o-Atas.pdf\"><strong>Resolu\u00e7\u00e3o n\u00b03_2021-Aprova\u00e7\u00e3o de Ata de Defesa<\/strong><\/a><a href=\"https:\/\/propesp.uepa.br\/ppgenf\/wp-content\/uploads\/2021\/10\/Resolucao-n3_2021-Aprova\u00e7\u00e3o-Atas.pdf\" class=\"wp-block-file__button wp-element-button\" download aria-describedby=\"wp-block-file--media-d6a960c8-9320-4c00-9240-8f373c258387\">Baixar<\/a><\/div>\n\n\n\n<div class=\"wp-block-file\"><a id=\"wp-block-file--media-faf663ab-6887-4253-ac48-6be0b8240b78\" href=\"https:\/\/propesp.uepa.br\/ppgenf\/wp-content\/uploads\/2022\/01\/Resolucao-n4_2021-Aprova\u00e7\u00e3o-Atas.pdf\"><strong>Resolu\u00e7\u00e3o n\u00b04_2021-Aprova\u00e7\u00e3o de Atas de Defesa<\/strong><\/a><a href=\"https:\/\/propesp.uepa.br\/ppgenf\/wp-content\/uploads\/2022\/01\/Resolucao-n4_2021-Aprova\u00e7\u00e3o-Atas.pdf\" class=\"wp-block-file__button wp-element-button\" download aria-describedby=\"wp-block-file--media-faf663ab-6887-4253-ac48-6be0b8240b78\">Baixar<\/a><\/div>\n<\/div>\n<\/div>\n\n\n\n<div class=\"wp-block-columns is-layout-flex wp-container-core-columns-layout-3 wp-block-columns-is-layout-flex\">\n<div class=\"wp-block-column is-layout-flow wp-block-column-is-layout-flow\" style=\"flex-basis:25%\">\n<p class=\"has-normal-font-size\"><strong>Resolu\u00e7\u00f5es de 2022<\/strong><\/p>\n<\/div>\n\n\n\n<div class=\"wp-block-column is-layout-flow wp-block-column-is-layout-flow\" style=\"flex-basis:75%\">\n<p><a href=\"https:\/\/propesp.uepa.br\/ppgenf\/wp-content\/uploads\/2022\/03\/Resolucao-n1_2022-Aprova\u00e7\u00e3o-Atas.pdf\"><strong>Resolu\u00e7\u00e3o n\u00b01_2022-Aprova\u00e7\u00e3o de Atas de Defesa<\/strong><\/a><\/p>\n<p><a href=\"https:\/\/propesp.uepa.br\/ppgenf\/wp-content\/uploads\/2022\/06\/Resolucao-n2_2022-Aprovacao-Atas.pdf\"><strong>Resolu\u00e7\u00e3o n\u00b02_2022-Aprova\u00e7\u00e3o de Ata de Defesa<\/strong><\/a><\/p>\n<p><a href=\"https:\/\/propesp.uepa.br\/ppgenf\/wp-content\/uploads\/2022\/06\/Resolucao-n3_2022-Aprovacao-Atas.pdf\"><strong>Resolu\u00e7\u00e3o n\u00b03_2022-Aprova\u00e7\u00e3o de Ata de Defesa<\/strong><\/a><\/p>\n<p><a href=\"https:\/\/propesp.uepa.br\/ppgenf\/wp-content\/uploads\/2023\/02\/Resolucao-n4_2022-Aprovacao-Atas.pdf\"><strong>Resolu\u00e7\u00e3o<\/strong> <strong>n\u00b04_2022-Aprova\u00e7\u00e3o de Atas de Defesa<\/strong><\/a><\/p>\n<\/div>\n<\/div>\n\n\n\n<div class=\"wp-block-columns is-layout-flex wp-container-core-columns-layout-4 wp-block-columns-is-layout-flex\">\n<div class=\"wp-block-column is-layout-flow wp-block-column-is-layout-flow\" style=\"flex-basis:25%\">\n<p style=\"font-size:15px\"><strong>Resolu\u00e7\u00f5es de 2023<\/strong><\/p>\n<\/div>\n\n\n\n<div class=\"wp-block-column is-layout-flow wp-block-column-is-layout-flow\" style=\"flex-basis:66.66%\">\n<p><strong><a href=\"https:\/\/propesp.uepa.br\/ppgenf\/wp-content\/uploads\/2023\/08\/Resolucao-n1_2023-Aprovacao-Atas.pdf\">Resolucao-n1_2023-Aprova\u00e7\u00e3o de Atas de Defesa<\/a><\/strong><\/p>\n<p><a href=\"https:\/\/propesp.uepa.br\/ppgenf\/wp-content\/uploads\/2023\/08\/Resolucao-n2_2023-Aprovacao-Atas.pdf\"><strong>Resolucao-n2_2023-Aprova\u00e7\u00e3o de Atas de Defesa<\/strong><\/a><\/p>\n<p><strong><a href=\"https:\/\/propesp.uepa.br\/ppgenf\/wp-content\/uploads\/2023\/08\/Resolucao-n3_2023-Aprovacao-Atas.pdf\">Resolucao-n3_2023-Aprova\u00e7\u00e3o de Atas de Defesa<\/a><\/strong><\/p>\n<p><strong><a href=\"https:\/\/propesp.uepa.br\/ppgenf\/wp-content\/uploads\/2023\/08\/Resolucao-n4_2023-Aprovacao-Atas-1.pdf\">Resolucao-n4_2023-Aprova\u00e7\u00e3o de Atas de Defesa<\/a><\/strong><\/p>\n<p><strong><a href=\"https:\/\/drive.google.com\/file\/d\/1tP7i2inq9u4RKdfs1m9HtXdhymHC5eRk\/view?usp=drive_link\">Resolu\u00e7\u00e3o-n5_2023-Aprova\u00e7\u00e3o de Atas de Defesa<\/a><\/strong><\/p>\n<\/div>\n<\/div>\n","protected":false},"excerpt":{"rendered":"<p>Resolu\u00e7\u00f5es de 2020 \u00e0 2023 Resolu\u00e7\u00f5es de 2020 Resolu\u00e7\u00f5es de 2021 Resolu\u00e7\u00f5es de 2022 Resolu\u00e7\u00e3o n\u00b01_2022-Aprova\u00e7\u00e3o de Atas de Defesa Resolu\u00e7\u00e3o n\u00b02_2022-Aprova\u00e7\u00e3o de Ata de Defesa Resolu\u00e7\u00e3o n\u00b03_2022-Aprova\u00e7\u00e3o de Ata de Defesa Resolu\u00e7\u00e3o n\u00b04_2022-Aprova\u00e7\u00e3o de Atas de Defesa Resolu\u00e7\u00f5es de 2023 Resolucao-n1_2023-Aprova\u00e7\u00e3o de Atas de Defesa Resolucao-n2_2023-Aprova\u00e7\u00e3o de Atas de Defesa Resolucao-n3_2023-Aprova\u00e7\u00e3o de Atas de &hellip;<\/p>\n<p class=\"read-more\"> <a class=\"\" href=\"https:\/\/propesp.uepa.br\/ppgenf\/index.php\/secretaria\/resolucoes-do-colegiado-2\/resolucoes-de-2020-ate-atual\/\"> <span class=\"screen-reader-text\">Resolu\u00e7\u00f5es de 2020 at\u00e9 2023<\/span> Leia mais &raquo;<\/a><\/p>\n","protected":false},"author":2,"featured_media":0,"parent":1864,"menu_order":0,"comment_status":"closed","ping_status":"closed","template":"","meta":{"_uag_custom_page_level_css":"","site-sidebar-layout":"default","site-content-layout":"default","ast-site-content-layout":"default","site-content-style":"default","site-sidebar-style":"default","ast-global-header-display":"","ast-banner-title-visibility":"","ast-main-header-display":"","ast-hfb-above-header-display":"","ast-hfb-below-header-display":"","ast-hfb-mobile-header-display":"","site-post-title":"disabled","ast-breadcrumbs-content":"","ast-featured-img":"","footer-sml-layout":"","theme-transparent-header-meta":"default","adv-header-id-meta":"","stick-header-meta":"","header-above-stick-meta":"","header-main-stick-meta":"","header-below-stick-meta":"","astra-migrate-meta-layouts":"set","ast-page-background-enabled":"default","ast-page-background-meta":{"desktop":{"background-color":"","background-image":"","background-repeat":"repeat","background-position":"center center","background-size":"auto","background-attachment":"scroll","background-type":"","background-media":"","overlay-type":"","overlay-color":"","overlay-gradient":""},"tablet":{"background-color":"","background-image":"","background-repeat":"repeat","background-position":"center center","background-size":"auto","background-attachment":"scroll","background-type":"","background-media":"","overlay-type":"","overlay-color":"","overlay-gradient":""},"mobile":{"background-color":"","background-image":"","background-repeat":"repeat","background-position":"center center","background-size":"auto","background-attachment":"scroll","background-type":"","background-media":"","overlay-type":"","overlay-color":"","overlay-gradient":""}},"ast-content-background-meta":{"desktop":{"background-color":"var(--ast-global-color-5)","background-image":"","background-repeat":"repeat","background-position":"center center","background-size":"auto","background-attachment":"scroll","background-type":"","background-media":"","overlay-type":"","overlay-color":"","overlay-gradient":""},"tablet":{"background-color":"var(--ast-global-color-5)","background-image":"","background-repeat":"repeat","background-position":"center center","background-size":"auto","background-attachment":"scroll","background-type":"","background-media":"","overlay-type":"","overlay-color":"","overlay-gradient":""},"mobile":{"background-color":"var(--ast-global-color-5)","background-image":"","background-repeat":"repeat","background-position":"center center","background-size":"auto","background-attachment":"scroll","background-type":"","background-media":"","overlay-type":"","overlay-color":"","overlay-gradient":""}},"footnotes":""},"uagb_featured_image_src":{"full":false,"thumbnail":false,"medium":false,"medium_large":false,"large":false,"1536x1536":false,"2048x2048":false},"uagb_author_info":{"display_name":"nelma.ramos@uepa.br","author_link":"https:\/\/propesp.uepa.br\/ppgenf\/index.php\/author\/nelma-ramosuepa-br\/"},"uagb_comment_info":0,"uagb_excerpt":"Resolu\u00e7\u00f5es de 2020 \u00e0 2023 Resolu\u00e7\u00f5es de 2020 Resolu\u00e7\u00f5es de 2021 Resolu\u00e7\u00f5es de 2022 Resolu\u00e7\u00e3o n\u00b01_2022-Aprova\u00e7\u00e3o de Atas de Defesa Resolu\u00e7\u00e3o n\u00b02_2022-Aprova\u00e7\u00e3o de Ata de Defesa Resolu\u00e7\u00e3o n\u00b03_2022-Aprova\u00e7\u00e3o de Ata de Defesa Resolu\u00e7\u00e3o n\u00b04_2022-Aprova\u00e7\u00e3o de Atas de Defesa Resolu\u00e7\u00f5es de 2023 Resolucao-n1_2023-Aprova\u00e7\u00e3o de Atas de Defesa Resolucao-n2_2023-Aprova\u00e7\u00e3o de Atas de Defesa Resolucao-n3_2023-Aprova\u00e7\u00e3o de Atas de&hellip;","_links":{"self":[{"href":"https:\/\/propesp.uepa.br\/ppgenf\/index.php\/wp-json\/wp\/v2\/pages\/1868"}],"collection":[{"href":"https:\/\/propesp.uepa.br\/ppgenf\/index.php\/wp-json\/wp\/v2\/pages"}],"about":[{"href":"https:\/\/propesp.uepa.br\/ppgenf\/index.php\/wp-json\/wp\/v2\/types\/page"}],"author":[{"embeddable":true,"href":"https:\/\/propesp.uepa.br\/ppgenf\/index.php\/wp-json\/wp\/v2\/users\/2"}],"replies":[{"embeddable":true,"href":"https:\/\/propesp.uepa.br\/ppgenf\/index.php\/wp-json\/wp\/v2\/comments?post=1868"}],"version-history":[{"count":12,"href":"https:\/\/propesp.uepa.br\/ppgenf\/index.php\/wp-json\/wp\/v2\/pages\/1868\/revisions"}],"predecessor-version":[{"id":6241,"href":"https:\/\/propesp.uepa.br\/ppgenf\/index.php\/wp-json\/wp\/v2\/pages\/1868\/revisions\/6241"}],"up":[{"embeddable":true,"href":"https:\/\/propesp.uepa.br\/ppgenf\/index.php\/wp-json\/wp\/v2\/pages\/1864"}],"wp:attachment":[{"href":"https:\/\/propesp.uepa.br\/ppgenf\/index.php\/wp-json\/wp\/v2\/media?parent=1868"}],"curies":[{"name":"wp","href":"https:\/\/api.w.org\/{rel}","templated":true}]}}