{"id":2101,"date":"2021-01-28T16:32:53","date_gmt":"2021-01-28T19:32:53","guid":{"rendered":"https:\/\/propesp.uepa.br\/ppgenf\/?page_id=2101"},"modified":"2023-06-05T09:46:56","modified_gmt":"2023-06-05T12:46:56","slug":"selecao-2021","status":"publish","type":"page","link":"https:\/\/propesp.uepa.br\/ppgenf\/index.php\/processo-seletivo\/regular\/selecao-2021\/","title":{"rendered":"Sele\u00e7\u00e3o 2021"},"content":{"rendered":"\n<div class=\"wp-block-uagb-container uagb-block-f9db3c23 alignfull uagb-is-root-container\"><div class=\"uagb-container-inner-blocks-wrap\">\n<div class=\"wp-block-uagb-advanced-heading uagb-block-edc4980f\"><h1 class=\"uagb-heading-text\">Sele\u00e7\u00e3o &#8211; 2021<\/h1><div class=\"uagb-separator\"><\/div><\/div>\n\n\n\n<p class=\"justify\"><em>A Universidade do Estado do Par\u00e1 \u2013 UEPA torna p\u00fablico que, no <strong>per\u00edodo de 28 de janeiro a 19 de fevereiro de 2021<\/strong>, o Programa de P\u00f3s-Gradua\u00e7\u00e3o em Enfermagem \u2013 Mestrado em Enfermagem receber\u00e1 as inscri\u00e7\u00f5es para o Processo Seletivo para a Turma de 2021, com entrada no primeiro semestre letivo de 2021. As inscri\u00e7\u00f5es ser\u00e3o realizadas exclusivamente neste site, de acordo com as normas estabelecidas no Edital. Mais informa\u00e7\u00f5es poder\u00e3o ser obtidas por e-mail: <a href=\"mailto:ppgenf.uepa@gmail.com\">ppgenf.uepa@gmail.com<\/a>\u00a0\/\u00a0<a href=\"mailto:ppgenf@uepa.br\">ppgenf@uepa.br<\/a>.<\/em><\/p>\n\n\n\n<div class=\"wp-block-uagb-icon-list uagb-block-647ed0af\"><div class=\"uagb-icon-list__wrap\">\n<div class=\"wp-block-uagb-icon-list-child uagb-block-a953b68e\"><a target=\"_blank\" aria-label=\"Edital n\u00b0 05\/2021\" rel=\"noopener noreferrer\" href=\"https:\/\/propesp.uepa.br\/ppgenf\/wp-content\/uploads\/2021\/01\/edital052021.pdf\"> <\/a><span class=\"uagb-icon-list__source-wrap\"><svg xmlns=\"https:\/\/www.w3.org\/2000\/svg\" viewBox=\"0 0 512 512\"><path d=\"M256 0C114.6 0 0 114.6 0 256c0 141.4 114.6 256 256 256s256-114.6 256-256C512 114.6 397.4 0 256 0zM406.6 278.6l-103.1 103.1c-12.5 12.5-32.75 12.5-45.25 0s-12.5-32.75 0-45.25L306.8 288H128C110.3 288 96 273.7 96 256s14.31-32 32-32h178.8l-49.38-49.38c-12.5-12.5-12.5-32.75 0-45.25s32.75-12.5 45.25 0l103.1 103.1C414.6 241.3 416 251.1 416 256C416 260.9 414.6 270.7 406.6 278.6z\"><\/path><\/svg><\/span><span class=\"uagb-icon-list__label\">Edital n\u00b0 05\/2021<\/span><\/div>\n\n\n\n<div class=\"wp-block-uagb-icon-list-child uagb-block-c62d8dab\"><a target=\"_blank\" aria-label=\"Inscri\u00e7\u00e3o\" rel=\"noopener noreferrer\" href=\"https:\/\/www4.uepa.br\/selecao\/inscricoes\/\"> <\/a><span class=\"uagb-icon-list__source-wrap\"><svg xmlns=\"https:\/\/www.w3.org\/2000\/svg\" viewBox=\"0 0 512 512\"><path d=\"M256 0C114.6 0 0 114.6 0 256c0 141.4 114.6 256 256 256s256-114.6 256-256C512 114.6 397.4 0 256 0zM406.6 278.6l-103.1 103.1c-12.5 12.5-32.75 12.5-45.25 0s-12.5-32.75 0-45.25L306.8 288H128C110.3 288 96 273.7 96 256s14.31-32 32-32h178.8l-49.38-49.38c-12.5-12.5-12.5-32.75 0-45.25s32.75-12.5 45.25 0l103.1 103.1C414.6 241.3 416 251.1 416 256C416 260.9 414.6 270.7 406.6 278.6z\"><\/path><\/svg><\/span><span class=\"uagb-icon-list__label\">Inscri\u00e7\u00e3o<\/span><\/div>\n\n\n\n<div class=\"wp-block-uagb-icon-list-child uagb-block-1eec24ce\"><a target=\"_blank\" aria-label=\"Resultado Isen\u00e7\u00e3o\" rel=\"noopener noreferrer\" href=\"https:\/\/propesp.uepa.br\/ppgenf\/wp-content\/uploads\/2021\/02\/Resultado-Isen\u00e7\u00e3o.pdf\"> <\/a><span class=\"uagb-icon-list__source-wrap\"><svg xmlns=\"https:\/\/www.w3.org\/2000\/svg\" viewBox=\"0 0 512 512\"><path d=\"M256 0C114.6 0 0 114.6 0 256c0 141.4 114.6 256 256 256s256-114.6 256-256C512 114.6 397.4 0 256 0zM406.6 278.6l-103.1 103.1c-12.5 12.5-32.75 12.5-45.25 0s-12.5-32.75 0-45.25L306.8 288H128C110.3 288 96 273.7 96 256s14.31-32 32-32h178.8l-49.38-49.38c-12.5-12.5-12.5-32.75 0-45.25s32.75-12.5 45.25 0l103.1 103.1C414.6 241.3 416 251.1 416 256C416 260.9 414.6 270.7 406.6 278.6z\"><\/path><\/svg><\/span><span class=\"uagb-icon-list__label\">Resultado Isen\u00e7\u00e3o<\/span><\/div>\n\n\n\n<div class=\"wp-block-uagb-icon-list-child uagb-block-2bdb80d0\"><a target=\"_blank\" aria-label=\"Errata-Edital n\u00b005\/2021\" rel=\"noopener noreferrer\" href=\"https:\/\/propesp.uepa.br\/ppgenf\/wp-content\/uploads\/2021\/02\/edital052021_ierrata.pdf\"> <\/a><span class=\"uagb-icon-list__source-wrap\"><svg xmlns=\"https:\/\/www.w3.org\/2000\/svg\" viewBox=\"0 0 512 512\"><path d=\"M256 0C114.6 0 0 114.6 0 256c0 141.4 114.6 256 256 256s256-114.6 256-256C512 114.6 397.4 0 256 0zM406.6 278.6l-103.1 103.1c-12.5 12.5-32.75 12.5-45.25 0s-12.5-32.75 0-45.25L306.8 288H128C110.3 288 96 273.7 96 256s14.31-32 32-32h178.8l-49.38-49.38c-12.5-12.5-12.5-32.75 0-45.25s32.75-12.5 45.25 0l103.1 103.1C414.6 241.3 416 251.1 416 256C416 260.9 414.6 270.7 406.6 278.6z\"><\/path><\/svg><\/span><span class=\"uagb-icon-list__label\">Errata-Edital n\u00b005\/2021<\/span><\/div>\n\n\n\n<div class=\"wp-block-uagb-icon-list-child uagb-block-35c4a13a\"><a target=\"_blank\" aria-label=\"Resultado - 1\u00aa Fase: Linha 1\" rel=\"noopener noreferrer\" href=\"https:\/\/propesp.uepa.br\/ppgenf\/wp-content\/uploads\/2021\/03\/Resultado-Fase1_Linha1.pdf\"> <\/a><span class=\"uagb-icon-list__source-wrap\"><svg xmlns=\"https:\/\/www.w3.org\/2000\/svg\" viewBox=\"0 0 512 512\"><path d=\"M256 0C114.6 0 0 114.6 0 256c0 141.4 114.6 256 256 256s256-114.6 256-256C512 114.6 397.4 0 256 0zM406.6 278.6l-103.1 103.1c-12.5 12.5-32.75 12.5-45.25 0s-12.5-32.75 0-45.25L306.8 288H128C110.3 288 96 273.7 96 256s14.31-32 32-32h178.8l-49.38-49.38c-12.5-12.5-12.5-32.75 0-45.25s32.75-12.5 45.25 0l103.1 103.1C414.6 241.3 416 251.1 416 256C416 260.9 414.6 270.7 406.6 278.6z\"><\/path><\/svg><\/span><span class=\"uagb-icon-list__label\">Resultado &#8211; 1\u00aa Fase: Linha 1<\/span><\/div>\n\n\n\n<div class=\"wp-block-uagb-icon-list-child uagb-block-dacf15b5\"><a target=\"_blank\" aria-label=\"Resultado - 1\u00aa Fase: Linha 2\" rel=\"noopener noreferrer\" href=\"https:\/\/propesp.uepa.br\/ppgenf\/wp-content\/uploads\/2021\/03\/Resultado-Fase1_Linha2.pdf\"> <\/a><span class=\"uagb-icon-list__source-wrap\"><svg xmlns=\"https:\/\/www.w3.org\/2000\/svg\" viewBox=\"0 0 512 512\"><path d=\"M256 0C114.6 0 0 114.6 0 256c0 141.4 114.6 256 256 256s256-114.6 256-256C512 114.6 397.4 0 256 0zM406.6 278.6l-103.1 103.1c-12.5 12.5-32.75 12.5-45.25 0s-12.5-32.75 0-45.25L306.8 288H128C110.3 288 96 273.7 96 256s14.31-32 32-32h178.8l-49.38-49.38c-12.5-12.5-12.5-32.75 0-45.25s32.75-12.5 45.25 0l103.1 103.1C414.6 241.3 416 251.1 416 256C416 260.9 414.6 270.7 406.6 278.6z\"><\/path><\/svg><\/span><span class=\"uagb-icon-list__label\">Resultado &#8211; 1\u00aa Fase: Linha 2<\/span><\/div>\n\n\n\n<div class=\"wp-block-uagb-icon-list-child uagb-block-5b927aa0\"><a target=\"_blank\" aria-label=\"Resultado Preliminar - 2\u00aa Fase\" rel=\"noopener noreferrer\" href=\"https:\/\/propesp.uepa.br\/ppgenf\/wp-content\/uploads\/2021\/03\/Resultado_Preliminar.2021.pdf\"> <\/a><span class=\"uagb-icon-list__source-wrap\"><svg xmlns=\"https:\/\/www.w3.org\/2000\/svg\" viewBox=\"0 0 512 512\"><path d=\"M256 0C114.6 0 0 114.6 0 256c0 141.4 114.6 256 256 256s256-114.6 256-256C512 114.6 397.4 0 256 0zM406.6 278.6l-103.1 103.1c-12.5 12.5-32.75 12.5-45.25 0s-12.5-32.75 0-45.25L306.8 288H128C110.3 288 96 273.7 96 256s14.31-32 32-32h178.8l-49.38-49.38c-12.5-12.5-12.5-32.75 0-45.25s32.75-12.5 45.25 0l103.1 103.1C414.6 241.3 416 251.1 416 256C416 260.9 414.6 270.7 406.6 278.6z\"><\/path><\/svg><\/span><span class=\"uagb-icon-list__label\">Resultado Preliminar &#8211; 2\u00aa Fase<\/span><\/div>\n\n\n\n<div class=\"wp-block-uagb-icon-list-child uagb-block-22087777\"><a target=\"_blank\" aria-label=\"Resultado Final\" rel=\"noopener noreferrer\" href=\"https:\/\/propesp.uepa.br\/ppgenf\/wp-content\/uploads\/2021\/03\/Resultado_Final.2021.pdf\"> <\/a><span class=\"uagb-icon-list__source-wrap\"><svg xmlns=\"https:\/\/www.w3.org\/2000\/svg\" viewBox=\"0 0 512 512\"><path d=\"M256 0C114.6 0 0 114.6 0 256c0 141.4 114.6 256 256 256s256-114.6 256-256C512 114.6 397.4 0 256 0zM406.6 278.6l-103.1 103.1c-12.5 12.5-32.75 12.5-45.25 0s-12.5-32.75 0-45.25L306.8 288H128C110.3 288 96 273.7 96 256s14.31-32 32-32h178.8l-49.38-49.38c-12.5-12.5-12.5-32.75 0-45.25s32.75-12.5 45.25 0l103.1 103.1C414.6 241.3 416 251.1 416 256C416 260.9 414.6 270.7 406.6 278.6z\"><\/path><\/svg><\/span><span class=\"uagb-icon-list__label\">Resultado Final<\/span><\/div>\n<\/div><\/div>\n<\/div><\/div>\n","protected":false},"excerpt":{"rendered":"<p>Sele\u00e7\u00e3o &#8211; 2021 A Universidade do Estado do Par\u00e1 \u2013 UEPA torna p\u00fablico que, no per\u00edodo de 28 de janeiro a 19 de fevereiro de 2021, o Programa de P\u00f3s-Gradua\u00e7\u00e3o em Enfermagem \u2013 Mestrado em Enfermagem receber\u00e1 as inscri\u00e7\u00f5es para o Processo Seletivo para a Turma de 2021, com entrada no primeiro semestre letivo de &hellip;<\/p>\n<p class=\"read-more\"> <a class=\"\" href=\"https:\/\/propesp.uepa.br\/ppgenf\/index.php\/processo-seletivo\/regular\/selecao-2021\/\"> <span class=\"screen-reader-text\">Sele\u00e7\u00e3o 2021<\/span> Leia mais &raquo;<\/a><\/p>\n","protected":false},"author":2,"featured_media":0,"parent":830,"menu_order":0,"comment_status":"closed","ping_status":"closed","template":"","meta":{"_uag_custom_page_level_css":"","site-sidebar-layout":"no-sidebar","site-content-layout":"plain-container","ast-site-content-layout":"","site-content-style":"default","site-sidebar-style":"default","ast-global-header-display":"","ast-banner-title-visibility":"","ast-main-header-display":"","ast-hfb-above-header-display":"","ast-hfb-below-header-display":"","ast-hfb-mobile-header-display":"","site-post-title":"disabled","ast-breadcrumbs-content":"","ast-featured-img":"","footer-sml-layout":"","theme-transparent-header-meta":"default","adv-header-id-meta":"","stick-header-meta":"","header-above-stick-meta":"","header-main-stick-meta":"","header-below-stick-meta":"","astra-migrate-meta-layouts":"","ast-page-background-enabled":"default","ast-page-background-meta":{"desktop":{"background-color":"","background-image":"","background-repeat":"repeat","background-position":"center center","background-size":"auto","background-attachment":"scroll","background-type":"","background-media":"","overlay-type":"","overlay-color":"","overlay-gradient":""},"tablet":{"background-color":"","background-image":"","background-repeat":"repeat","background-position":"center center","background-size":"auto","background-attachment":"scroll","background-type":"","background-media":"","overlay-type":"","overlay-color":"","overlay-gradient":""},"mobile":{"background-color":"","background-image":"","background-repeat":"repeat","background-position":"center center","background-size":"auto","background-attachment":"scroll","background-type":"","background-media":"","overlay-type":"","overlay-color":"","overlay-gradient":""}},"ast-content-background-meta":{"desktop":{"background-color":"var(--ast-global-color-5)","background-image":"","background-repeat":"repeat","background-position":"center center","background-size":"auto","background-attachment":"scroll","background-type":"","background-media":"","overlay-type":"","overlay-color":"","overlay-gradient":""},"tablet":{"background-color":"var(--ast-global-color-5)","background-image":"","background-repeat":"repeat","background-position":"center center","background-size":"auto","background-attachment":"scroll","background-type":"","background-media":"","overlay-type":"","overlay-color":"","overlay-gradient":""},"mobile":{"background-color":"var(--ast-global-color-5)","background-image":"","background-repeat":"repeat","background-position":"center center","background-size":"auto","background-attachment":"scroll","background-type":"","background-media":"","overlay-type":"","overlay-color":"","overlay-gradient":""}},"footnotes":""},"uagb_featured_image_src":{"full":false,"thumbnail":false,"medium":false,"medium_large":false,"large":false,"1536x1536":false,"2048x2048":false},"uagb_author_info":{"display_name":"nelma.ramos@uepa.br","author_link":"https:\/\/propesp.uepa.br\/ppgenf\/index.php\/author\/nelma-ramosuepa-br\/"},"uagb_comment_info":0,"uagb_excerpt":"Sele\u00e7\u00e3o &#8211; 2021 A Universidade do Estado do Par\u00e1 \u2013 UEPA torna p\u00fablico que, no per\u00edodo de 28 de janeiro a 19 de fevereiro de 2021, o Programa de P\u00f3s-Gradua\u00e7\u00e3o em Enfermagem \u2013 Mestrado em Enfermagem receber\u00e1 as inscri\u00e7\u00f5es para o Processo Seletivo para a Turma de 2021, com entrada no primeiro semestre letivo de&hellip;","_links":{"self":[{"href":"https:\/\/propesp.uepa.br\/ppgenf\/index.php\/wp-json\/wp\/v2\/pages\/2101"}],"collection":[{"href":"https:\/\/propesp.uepa.br\/ppgenf\/index.php\/wp-json\/wp\/v2\/pages"}],"about":[{"href":"https:\/\/propesp.uepa.br\/ppgenf\/index.php\/wp-json\/wp\/v2\/types\/page"}],"author":[{"embeddable":true,"href":"https:\/\/propesp.uepa.br\/ppgenf\/index.php\/wp-json\/wp\/v2\/users\/2"}],"replies":[{"embeddable":true,"href":"https:\/\/propesp.uepa.br\/ppgenf\/index.php\/wp-json\/wp\/v2\/comments?post=2101"}],"version-history":[{"count":5,"href":"https:\/\/propesp.uepa.br\/ppgenf\/index.php\/wp-json\/wp\/v2\/pages\/2101\/revisions"}],"predecessor-version":[{"id":3409,"href":"https:\/\/propesp.uepa.br\/ppgenf\/index.php\/wp-json\/wp\/v2\/pages\/2101\/revisions\/3409"}],"up":[{"embeddable":true,"href":"https:\/\/propesp.uepa.br\/ppgenf\/index.php\/wp-json\/wp\/v2\/pages\/830"}],"wp:attachment":[{"href":"https:\/\/propesp.uepa.br\/ppgenf\/index.php\/wp-json\/wp\/v2\/media?parent=2101"}],"curies":[{"name":"wp","href":"https:\/\/api.w.org\/{rel}","templated":true}]}}