{"id":2191,"date":"2021-04-05T17:41:17","date_gmt":"2021-04-05T20:41:17","guid":{"rendered":"https:\/\/propesp.uepa.br\/ppgenf\/?page_id=2191"},"modified":"2023-05-10T14:45:25","modified_gmt":"2023-05-10T17:45:25","slug":"autoavaliacao","status":"publish","type":"page","link":"https:\/\/propesp.uepa.br\/ppgenf\/index.php\/autoavaliacao\/","title":{"rendered":"AUTOAVALIA\u00c7\u00c3O"},"content":{"rendered":"\n<div class=\"wp-block-uagb-container uagb-block-3bfa5484 alignfull uagb-is-root-container\"><div class=\"uagb-container-inner-blocks-wrap\">\n<div class=\"wp-block-uagb-advanced-heading uagb-block-d0ef539a\"><h1 class=\"uagb-heading-text\">Autoavalia\u00e7\u00e3o<\/h1><div class=\"uagb-separator\"><\/div><\/div>\n<\/div><\/div>\n\n\n\n<div class=\"wp-block-uagb-container uagb-block-13ffa47d alignfull uagb-is-root-container\"><div class=\"uagb-container-inner-blocks-wrap\">\n<div class=\"wp-block-uagb-image aligncenter uagb-block-2e17abaf wp-block-uagb-image--layout-overlay wp-block-uagb-image--effect-static wp-block-uagb-image--align-center\"><figure class=\"wp-block-uagb-image__figure\"><a class=\"\" href=\"https:\/\/drive.google.com\/file\/d\/1WS6D9yNAs_vdP0ECOXJdrtP06B6IVilf\/view\" target=\"_blank\" rel=\"noreferrer noopener\"><img decoding=\"async\" srcset=\"https:\/\/propesp.uepa.br\/ppgenf\/wp-content\/uploads\/2020\/01\/cropped-29.01.20-ENFERMAGEM-Fachada-Escola-de-Enfermagem-Nailana-Thiely_3-scaled-2-1024x398.jpg \" src=\"https:\/\/propesp.uepa.br\/ppgenf\/wp-content\/uploads\/2020\/01\/cropped-29.01.20-ENFERMAGEM-Fachada-Escola-de-Enfermagem-Nailana-Thiely_3-scaled-2-1024x398.jpg\" alt=\"\" class=\"uag-image-367\" width=\"\" height=\"200\" title=\"\" loading=\"lazy\"\/><\/a><div class=\"wp-block-uagb-image--layout-overlay__color-wrapper\"><\/div><div class=\"wp-block-uagb-image--layout-overlay__inner center-center\"><a class=\"wp-block-uagb-image--layout-overlay-link \" href=\"https:\/\/drive.google.com\/file\/d\/1WS6D9yNAs_vdP0ECOXJdrtP06B6IVilf\/view\" target=\"_blank\" rel=\"noreferrer noopener\"><\/a><h2 class=\"uagb-image-heading\"><a href=\"https:\/\/drive.google.com\/file\/d\/1WS6D9yNAs_vdP0ECOXJdrtP06B6IVilf\/view\" target=\"_blank\" rel=\"noreferrer noopener\">Docentes<\/a><\/h2><\/div><\/figure><\/div>\n\n\n\n<div class=\"wp-block-uagb-image aligncenter uagb-block-623f19a4 wp-block-uagb-image--layout-overlay wp-block-uagb-image--effect-static wp-block-uagb-image--align-center\"><figure class=\"wp-block-uagb-image__figure\"><a class=\"\" href=\"https:\/\/propesp.uepa.br\/ppgenf\/wp-content\/uploads\/2021\/06\/AUTOAVALIA\u00c7\u00c3O-DISCENTES-2020-Formul\u00e1rios-Google.pdf\" target=\"_blank\" rel=\"noreferrer noopener\"><img decoding=\"async\" srcset=\"https:\/\/propesp.uepa.br\/ppgenf\/wp-content\/uploads\/2020\/01\/cropped-29.01.20-ENFERMAGEM-Fachada-Escola-de-Enfermagem-Nailana-Thiely_3-scaled-2-1024x398.jpg \" src=\"https:\/\/propesp.uepa.br\/ppgenf\/wp-content\/uploads\/2020\/01\/cropped-29.01.20-ENFERMAGEM-Fachada-Escola-de-Enfermagem-Nailana-Thiely_3-scaled-2-1024x398.jpg\" alt=\"\" class=\"uag-image-367\" width=\"\" height=\"200\" title=\"\" loading=\"lazy\"\/><\/a><div class=\"wp-block-uagb-image--layout-overlay__color-wrapper\"><\/div><div class=\"wp-block-uagb-image--layout-overlay__inner center-center\"><a class=\"wp-block-uagb-image--layout-overlay-link \" href=\"https:\/\/propesp.uepa.br\/ppgenf\/wp-content\/uploads\/2021\/06\/AUTOAVALIA\u00c7\u00c3O-DISCENTES-2020-Formul\u00e1rios-Google.pdf\" target=\"_blank\" rel=\"noreferrer noopener\"><\/a><h2 class=\"uagb-image-heading\"><a href=\"https:\/\/propesp.uepa.br\/ppgenf\/wp-content\/uploads\/2021\/06\/AUTOAVALIA\u00c7\u00c3O-DISCENTES-2020-Formul\u00e1rios-Google.pdf\" target=\"_blank\" rel=\"noreferrer noopener\">Discentes<\/a><\/h2><\/div><\/figure><\/div>\n\n\n\n<div class=\"wp-block-uagb-image aligncenter uagb-block-e3e4f430 wp-block-uagb-image--layout-overlay wp-block-uagb-image--effect-static wp-block-uagb-image--align-center\"><figure class=\"wp-block-uagb-image__figure\"><a class=\"\" href=\"https:\/\/drive.google.com\/file\/d\/1b70n_Z9VLwY1OdfgYagkqaBDF1fhWIoP\/view\" target=\"_blank\" rel=\"noreferrer noopener\"><img decoding=\"async\" srcset=\"https:\/\/propesp.uepa.br\/ppgenf\/wp-content\/uploads\/2020\/01\/cropped-29.01.20-ENFERMAGEM-Fachada-Escola-de-Enfermagem-Nailana-Thiely_3-scaled-2-1024x398.jpg \" src=\"https:\/\/propesp.uepa.br\/ppgenf\/wp-content\/uploads\/2020\/01\/cropped-29.01.20-ENFERMAGEM-Fachada-Escola-de-Enfermagem-Nailana-Thiely_3-scaled-2-1024x398.jpg\" alt=\"\" class=\"uag-image-367\" width=\"\" height=\"201\" title=\"\" loading=\"lazy\"\/><\/a><div class=\"wp-block-uagb-image--layout-overlay__color-wrapper\"><\/div><div class=\"wp-block-uagb-image--layout-overlay__inner center-center\"><a class=\"wp-block-uagb-image--layout-overlay-link \" href=\"https:\/\/drive.google.com\/file\/d\/1b70n_Z9VLwY1OdfgYagkqaBDF1fhWIoP\/view\" target=\"_blank\" rel=\"noreferrer noopener\"><\/a><h2 class=\"uagb-image-heading\"><a href=\"https:\/\/drive.google.com\/file\/d\/1b70n_Z9VLwY1OdfgYagkqaBDF1fhWIoP\/view\">Egressos<\/a><\/h2><\/div><\/figure><\/div>\n<\/div><\/div>\n","protected":false},"excerpt":{"rendered":"<p>Autoavalia\u00e7\u00e3o<\/p>\n","protected":false},"author":2,"featured_media":0,"parent":0,"menu_order":0,"comment_status":"closed","ping_status":"closed","template":"","meta":{"_uag_custom_page_level_css":"","site-sidebar-layout":"no-sidebar","site-content-layout":"plain-container","ast-site-content-layout":"","site-content-style":"default","site-sidebar-style":"default","ast-global-header-display":"","ast-banner-title-visibility":"","ast-main-header-display":"","ast-hfb-above-header-display":"","ast-hfb-below-header-display":"","ast-hfb-mobile-header-display":"","site-post-title":"disabled","ast-breadcrumbs-content":"","ast-featured-img":"","footer-sml-layout":"","theme-transparent-header-meta":"default","adv-header-id-meta":"","stick-header-meta":"","header-above-stick-meta":"","header-main-stick-meta":"","header-below-stick-meta":"","astra-migrate-meta-layouts":"","ast-page-background-enabled":"default","ast-page-background-meta":{"desktop":{"background-color":"","background-image":"","background-repeat":"repeat","background-position":"center center","background-size":"auto","background-attachment":"scroll","background-type":"","background-media":"","overlay-type":"","overlay-color":"","overlay-gradient":""},"tablet":{"background-color":"","background-image":"","background-repeat":"repeat","background-position":"center center","background-size":"auto","background-attachment":"scroll","background-type":"","background-media":"","overlay-type":"","overlay-color":"","overlay-gradient":""},"mobile":{"background-color":"","background-image":"","background-repeat":"repeat","background-position":"center center","background-size":"auto","background-attachment":"scroll","background-type":"","background-media":"","overlay-type":"","overlay-color":"","overlay-gradient":""}},"ast-content-background-meta":{"desktop":{"background-color":"var(--ast-global-color-5)","background-image":"","background-repeat":"repeat","background-position":"center center","background-size":"auto","background-attachment":"scroll","background-type":"","background-media":"","overlay-type":"","overlay-color":"","overlay-gradient":""},"tablet":{"background-color":"var(--ast-global-color-5)","background-image":"","background-repeat":"repeat","background-position":"center center","background-size":"auto","background-attachment":"scroll","background-type":"","background-media":"","overlay-type":"","overlay-color":"","overlay-gradient":""},"mobile":{"background-color":"var(--ast-global-color-5)","background-image":"","background-repeat":"repeat","background-position":"center center","background-size":"auto","background-attachment":"scroll","background-type":"","background-media":"","overlay-type":"","overlay-color":"","overlay-gradient":""}},"footnotes":""},"uagb_featured_image_src":{"full":false,"thumbnail":false,"medium":false,"medium_large":false,"large":false,"1536x1536":false,"2048x2048":false},"uagb_author_info":{"display_name":"nelma.ramos@uepa.br","author_link":"https:\/\/propesp.uepa.br\/ppgenf\/index.php\/author\/nelma-ramosuepa-br\/"},"uagb_comment_info":0,"uagb_excerpt":"Autoavalia\u00e7\u00e3o","_links":{"self":[{"href":"https:\/\/propesp.uepa.br\/ppgenf\/index.php\/wp-json\/wp\/v2\/pages\/2191"}],"collection":[{"href":"https:\/\/propesp.uepa.br\/ppgenf\/index.php\/wp-json\/wp\/v2\/pages"}],"about":[{"href":"https:\/\/propesp.uepa.br\/ppgenf\/index.php\/wp-json\/wp\/v2\/types\/page"}],"author":[{"embeddable":true,"href":"https:\/\/propesp.uepa.br\/ppgenf\/index.php\/wp-json\/wp\/v2\/users\/2"}],"replies":[{"embeddable":true,"href":"https:\/\/propesp.uepa.br\/ppgenf\/index.php\/wp-json\/wp\/v2\/comments?post=2191"}],"version-history":[{"count":5,"href":"https:\/\/propesp.uepa.br\/ppgenf\/index.php\/wp-json\/wp\/v2\/pages\/2191\/revisions"}],"predecessor-version":[{"id":3192,"href":"https:\/\/propesp.uepa.br\/ppgenf\/index.php\/wp-json\/wp\/v2\/pages\/2191\/revisions\/3192"}],"wp:attachment":[{"href":"https:\/\/propesp.uepa.br\/ppgenf\/index.php\/wp-json\/wp\/v2\/media?parent=2191"}],"curies":[{"name":"wp","href":"https:\/\/api.w.org\/{rel}","templated":true}]}}