{"id":227,"date":"2020-01-29T07:52:01","date_gmt":"2020-01-29T10:52:01","guid":{"rendered":"https:\/\/propesp.uepa.br\/ppgenf\/?page_id=227"},"modified":"2024-08-06T10:40:17","modified_gmt":"2024-08-06T13:40:17","slug":"programa","status":"publish","type":"page","link":"https:\/\/propesp.uepa.br\/ppgenf\/index.php\/programa\/","title":{"rendered":"PROGRAMA"},"content":{"rendered":"\n<div class=\"wp-block-uagb-container uagb-block-76a8259f alignfull uagb-is-root-container\"><div class=\"uagb-container-inner-blocks-wrap\">\n<div class=\"wp-block-uagb-advanced-heading uagb-block-04db519c\"><h1 class=\"uagb-heading-text\">Programa<\/h1><div class=\"uagb-separator\"><\/div><\/div>\n\n\n\n<p>O Programa de P\u00f3s-Gradua\u00e7\u00e3o em Enfermagem (stricto sensu) vinculado ao Centro de Ci\u00eancias Biol\u00f3gicas e da Sa\u00fade (CCBS) da Universidade do Estado do Par\u00e1 (UEPA) \u00e9 desenvolvido em associa\u00e7\u00e3o com a Universidade Federal do Amazonas (UFAM). Foi criado pela Resolu\u00e7\u00e3o do CONSUN n\u00b0 1832\/2009 de 20 de mar\u00e7o de 2009 e recomendado pela Coordena\u00e7\u00e3o de Pessoal de N\u00edvel Superior (CAPES) na 116\u00aa Reuni\u00e3o do Conselho T\u00e9cnico Consultivo (CTC), realizada no dia 24 de mar\u00e7o de 2010 e reconhecido pela Portaria 1.398 de 13 de dezembro de 2010, com a implanta\u00e7\u00e3o do Curso de Mestrado Acad\u00eamico em Enfermagem. Na 220\u00aa Reuni\u00e3o do CTC-ES, realizada em maio de 2023 foi aprovado o Curso de Doutorado em Enfermagem, reconhecido pela Portaria 2.149 de 23 de dezembro de 2023, sendo implantado no 1\u00ba semestre de 2024.<\/p>\n\n\n\n<p>O PPGENF UEPA_UFAM conta com quatro Polos, sendo dois vinculados a UEPA &#8211; Bel\u00e9m\/Santar\u00e9m e dois vinculados a UFAM \u2013 Manaus\/Coari. As atividades de forma\u00e7\u00e3o s\u00e3o desenvolvidas de forma articulada, contando com um quadro docente permanente em cada Polo. \u00a0Os Polos Bel\u00e9m e Manaus foram implantados em 2010 e, os Polos de: Santar\u00e9m \u2013 Campus XII\/UEPA implantado em 2022 e de Coari em 2024, ambos na modalidade extens\u00e3o com turma regular. A iniciativa vem consolidando a proposta de contribuir com o desenvolvimento do Estado e da Amaz\u00f4nia brasileira, a partir da forma\u00e7\u00e3o de profissionais que sejam capazes de\u00a0produzir conhecimentos acerca das necessidades de sa\u00fade\/enfermagem loco regionais, assim como formar docentes para o ensino superior.<\/p>\n\n\n\n<p>O PPGEN UEPA-UFAM integra o Sistema Nacional de P\u00f3s-gradua\u00e7\u00e3o da CAPES \u2013 Coordena\u00e7\u00e3o de Aperfei\u00e7oamento de Pessoal de N\u00edvel Superior, funda\u00e7\u00e3o vinculada ao Minist\u00e9rio da Educa\u00e7\u00e3o, respons\u00e1vel pelo acompanhamento e avalia\u00e7\u00e3o da p\u00f3s-gradua\u00e7\u00e3o stricto sensu em todos os Estados brasileiros. \u00c9 a CAPES que define os par\u00e2metros de avalia\u00e7\u00e3o dos PPG brasileiros, sendo que esse processo \u00e9 feito em per\u00edodos de quatro anos. Os resultados da avalia\u00e7\u00e3o peri\u00f3dica s\u00e3o expressos em notas, numa escala de 1 a 7, que s\u00e3o atribu\u00eddas ap\u00f3s an\u00e1lise dos indicadores referentes ao per\u00edodo avaliado. Esta an\u00e1lise \u00e9 conduzida nas comiss\u00f5es de \u00e1rea de avalia\u00e7\u00e3o, no nosso caso \u00c1rea da Enfermagem e, posteriormente, no CTC-ES, que homologa os resultados. S\u00e3o estes resultados que fundamentam a delibera\u00e7\u00e3o do Conselho Nacional de Educa\u00e7\u00e3o \u2013 CNE\/MEC sobre quais cursos obter\u00e3o a renova\u00e7\u00e3o de reconhecimento para a continuidade de funcionamento no per\u00edodo subsequente. Para conhecer mais sobre a CAPES voc\u00ea pode acessar o site da institui\u00e7\u00e3o (https:\/\/www.gov.br\/capes\/pt-br).<\/p>\n\n\n\n<div class=\"wp-block-uagb-container uagb-block-0f2e6bfb\">\n<div class=\"wp-block-uagb-container uagb-block-b68330f1\">\n<div class=\"wp-block-uagb-advanced-heading uagb-block-0657ed5e\"><h3 class=\"uagb-heading-text\">Miss\u00e3o<\/h3><p class=\"uagb-desc-text\">O PPGENF tem a miss\u00e3o de atender \u00e0 demanda de qualifica\u00e7\u00e3o local, regional e nacional e desenvolver estrat\u00e9gias para alavancar o interc\u00e2mbio com pesquisadores de outras universidades, institui\u00e7\u00f5es, centros e organiza\u00e7\u00f5es nacionais e internacionais, no sentido de firmar parcerias na forma\u00e7\u00e3o de recursos humanos e na produ\u00e7\u00e3o do conhecimento, com \u00eanfase \u00e0 integra\u00e7\u00e3o entre UEPA e UFAM, fortalecendo as duas IES na \u00e1rea de Enfermagem.<\/p><\/div>\n<\/div>\n\n\n\n<div class=\"wp-block-uagb-container uagb-block-29b5a39c\">\n<div class=\"wp-block-uagb-advanced-heading uagb-block-44135430\"><h3 class=\"uagb-heading-text\">Perfil dos Egressos<\/h3><p class=\"uagb-desc-text\">Como perfil dos egressos espera-se que sejam cr\u00edticos e reflexivos no exerc\u00edcio da enfermagem, no ensino e na pesquisa com base no rigor cient\u00edfico e nos princ\u00edpios \u00e9ticos. Capazes de elaborar e desenvolver projetos de pesquisa alinhados ao perfil epidemiol\u00f3gico nacional com \u00eanfase no contexto local e nas dimens\u00f5es biol\u00f3gicas, sociais e culturais da popula\u00e7\u00e3o amaz\u00f4nica. Com habilidade para a gest\u00e3o acad\u00eamica de cursos de Gradua\u00e7\u00e3o de Enfermagem, gest\u00e3o em sa\u00fade, nas a\u00e7\u00f5es de planejamento, vigil\u00e2ncia e acompanhamento de a\u00e7\u00f5es de sa\u00fade, e na produ\u00e7\u00e3o de tecnologias educacionais para o cuidado em enfermagem e em sa\u00fade, com responsabilidade social e compromisso com o fortalecimento do Sistema \u00danico de Sa\u00fade.<\/p><\/div>\n<\/div>\n<\/div>\n<\/div><\/div>\n","protected":false},"excerpt":{"rendered":"<p>Programa O Programa de P\u00f3s-Gradua\u00e7\u00e3o em Enfermagem (stricto sensu) vinculado ao Centro de Ci\u00eancias Biol\u00f3gicas e da Sa\u00fade (CCBS) da Universidade do Estado do Par\u00e1 (UEPA) \u00e9 desenvolvido em associa\u00e7\u00e3o com a Universidade Federal do Amazonas (UFAM). Foi criado pela Resolu\u00e7\u00e3o do CONSUN n\u00b0 1832\/2009 de 20 de mar\u00e7o de 2009 e recomendado pela Coordena\u00e7\u00e3o &hellip;<\/p>\n<p class=\"read-more\"> <a class=\"\" href=\"https:\/\/propesp.uepa.br\/ppgenf\/index.php\/programa\/\"> <span class=\"screen-reader-text\">PROGRAMA<\/span> Leia mais &raquo;<\/a><\/p>\n","protected":false},"author":3,"featured_media":0,"parent":0,"menu_order":0,"comment_status":"closed","ping_status":"closed","template":"","meta":{"_uag_custom_page_level_css":"","site-sidebar-layout":"no-sidebar","site-content-layout":"default","ast-site-content-layout":"default","site-content-style":"default","site-sidebar-style":"default","ast-global-header-display":"","ast-banner-title-visibility":"","ast-main-header-display":"","ast-hfb-above-header-display":"","ast-hfb-below-header-display":"","ast-hfb-mobile-header-display":"","site-post-title":"disabled","ast-breadcrumbs-content":"","ast-featured-img":"","footer-sml-layout":"","theme-transparent-header-meta":"default","adv-header-id-meta":"","stick-header-meta":"","header-above-stick-meta":"","header-main-stick-meta":"","header-below-stick-meta":"","astra-migrate-meta-layouts":"set","ast-page-background-enabled":"default","ast-page-background-meta":{"desktop":{"background-color":"","background-image":"","background-repeat":"repeat","background-position":"center center","background-size":"auto","background-attachment":"scroll","background-type":"","background-media":"","overlay-type":"","overlay-color":"","overlay-gradient":""},"tablet":{"background-color":"","background-image":"","background-repeat":"repeat","background-position":"center center","background-size":"auto","background-attachment":"scroll","background-type":"","background-media":"","overlay-type":"","overlay-color":"","overlay-gradient":""},"mobile":{"background-color":"","background-image":"","background-repeat":"repeat","background-position":"center center","background-size":"auto","background-attachment":"scroll","background-type":"","background-media":"","overlay-type":"","overlay-color":"","overlay-gradient":""}},"ast-content-background-meta":{"desktop":{"background-color":"var(--ast-global-color-5)","background-image":"","background-repeat":"repeat","background-position":"center center","background-size":"auto","background-attachment":"scroll","background-type":"","background-media":"","overlay-type":"","overlay-color":"","overlay-gradient":""},"tablet":{"background-color":"var(--ast-global-color-5)","background-image":"","background-repeat":"repeat","background-position":"center center","background-size":"auto","background-attachment":"scroll","background-type":"","background-media":"","overlay-type":"","overlay-color":"","overlay-gradient":""},"mobile":{"background-color":"var(--ast-global-color-5)","background-image":"","background-repeat":"repeat","background-position":"center center","background-size":"auto","background-attachment":"scroll","background-type":"","background-media":"","overlay-type":"","overlay-color":"","overlay-gradient":""}},"footnotes":""},"uagb_featured_image_src":{"full":false,"thumbnail":false,"medium":false,"medium_large":false,"large":false,"1536x1536":false,"2048x2048":false},"uagb_author_info":{"display_name":"admin@uepa.br","author_link":"https:\/\/propesp.uepa.br\/ppgenf\/index.php\/author\/adminuepa-br\/"},"uagb_comment_info":0,"uagb_excerpt":"Programa O Programa de P\u00f3s-Gradua\u00e7\u00e3o em Enfermagem (stricto sensu) vinculado ao Centro de Ci\u00eancias Biol\u00f3gicas e da Sa\u00fade (CCBS) da Universidade do Estado do Par\u00e1 (UEPA) \u00e9 desenvolvido em associa\u00e7\u00e3o com a Universidade Federal do Amazonas (UFAM). Foi criado pela Resolu\u00e7\u00e3o do CONSUN n\u00b0 1832\/2009 de 20 de mar\u00e7o de 2009 e recomendado pela Coordena\u00e7\u00e3o&hellip;","_links":{"self":[{"href":"https:\/\/propesp.uepa.br\/ppgenf\/index.php\/wp-json\/wp\/v2\/pages\/227"}],"collection":[{"href":"https:\/\/propesp.uepa.br\/ppgenf\/index.php\/wp-json\/wp\/v2\/pages"}],"about":[{"href":"https:\/\/propesp.uepa.br\/ppgenf\/index.php\/wp-json\/wp\/v2\/types\/page"}],"author":[{"embeddable":true,"href":"https:\/\/propesp.uepa.br\/ppgenf\/index.php\/wp-json\/wp\/v2\/users\/3"}],"replies":[{"embeddable":true,"href":"https:\/\/propesp.uepa.br\/ppgenf\/index.php\/wp-json\/wp\/v2\/comments?post=227"}],"version-history":[{"count":7,"href":"https:\/\/propesp.uepa.br\/ppgenf\/index.php\/wp-json\/wp\/v2\/pages\/227\/revisions"}],"predecessor-version":[{"id":5004,"href":"https:\/\/propesp.uepa.br\/ppgenf\/index.php\/wp-json\/wp\/v2\/pages\/227\/revisions\/5004"}],"wp:attachment":[{"href":"https:\/\/propesp.uepa.br\/ppgenf\/index.php\/wp-json\/wp\/v2\/media?parent=227"}],"curies":[{"name":"wp","href":"https:\/\/api.w.org\/{rel}","templated":true}]}}