{"id":2272,"date":"2021-06-23T19:13:41","date_gmt":"2021-06-23T22:13:41","guid":{"rendered":"https:\/\/propesp.uepa.br\/ppgenf\/?page_id=2272"},"modified":"2026-01-21T14:15:57","modified_gmt":"2026-01-21T17:15:57","slug":"programacao-2021","status":"publish","type":"page","link":"https:\/\/propesp.uepa.br\/ppgenf\/index.php\/agenda-calendario\/defesas-e-qualificacoes\/programacao-2021\/","title":{"rendered":"PROGRAMA\u00c7\u00c3O &#8211; 2021"},"content":{"rendered":"\n<p class=\"has-text-align-center has-luminous-vivid-amber-background-color has-background\" style=\"font-size:25px\"><strong>D E F E S A S<\/strong><\/p>\n\n\n\n<figure class=\"wp-block-table is-style-stripes\"><table class=\"has-background\" style=\"background-color:#fcf0ef\"><tbody><tr><td> <strong>Data \/ Hor\u00e1rio<\/strong>  <\/td><td> <strong>Local<\/strong> <\/td><td><strong>Mestrando(a)s \/ Titulo do Trabalho \/ Orientador(es)<\/strong>&nbsp;<strong>\/&nbsp;Banca Examinadora<\/strong> <\/td><\/tr><tr><td><strong>10 \/ 03<\/strong><br><br><strong>09:00h<\/strong>  <\/td><td><strong>SALA VIRTUAL (Confer\u00eancia Online)<\/strong> <\/td><td>Mestrando(a):&nbsp;&nbsp;<em>&nbsp;<\/em> <em><strong>PERLA KATHELEEN VALENTE CORR\u00caA<\/strong><\/em> <br>Titulo do Trabalho:&nbsp;&nbsp;&nbsp;<strong><em>\u201cINDICADORES DE SA\u00daDE DE CRIAN\u00c7AS INDIGENAS DO ESTADO DO PAR\u00c1\u201d<\/em><\/strong><br>Orientador(a) \/ Presidente da Banca:&nbsp;&nbsp;&nbsp;<em>Orientado(a):&nbsp;<strong>Dra. Laura Maria Vidal Nogueira<\/strong><\/em><br><br><strong>Membros da Banca:<\/strong><br><em>Titular Interno:&nbsp;<\/em>&nbsp;<strong><em>Dra. Ivaneide Leal Ataide Rodrigues \/ UEPA<\/em><\/strong><br><em>Titular Externo:&nbsp;<\/em>&nbsp;<em><strong>Dr. Jo\u00e3o Farias Guerreira<\/strong><\/em><strong>&nbsp;\/ UFPA<\/strong><br><em>Suplente Interno:&nbsp;<\/em>&nbsp;<em><strong>Dra. Angela Maria Rodrigues Ferreira<\/strong><\/em><strong>\/&nbsp;<\/strong><em><strong>UEPA<\/strong><\/em><br><em>Suplente Externo:&nbsp;<\/em>&nbsp;<strong><em>Dra. N\u00e1dile Juliane Costa de Castro \/ UFPA<\/em><\/strong> <\/td><\/tr><tr><td><strong>30 \/ 06<\/strong><br><br><strong>15:00h<\/strong> <\/td><td> <strong>SALA VIRTUAL (Confer\u00eancia Online)<\/strong> <\/td><td>Mestrando(a):&nbsp;&nbsp;<em>&nbsp;<strong>AMANDA GON\u00c7ALVES DE SOUZA DA SILVA<\/strong><\/em><br>Titulo do Trabalho:&nbsp;&nbsp;&nbsp;<strong><em>\u201cTERAPIA COMPORTAMENTAL PARA O TRATAMENTO DA INCONTIN\u00caNCIA URIN\u00c1RIA DE ESFOR\u00c7O EM MULHERES EM ACOMPANHAMENTO AMBULATORIAL\u201d<\/em><\/strong><br>Orientador(a) \/ Presidente da Banca:&nbsp;&nbsp;&nbsp;<em>Orientado(a):&nbsp;<strong>Dra. M\u00f4nica Cust\u00f3dia do Couto Abreu Pamplona<\/strong><\/em><br><br><strong>Membros da Banca:<\/strong><br><em>Titular Interno:&nbsp;<\/em>&nbsp;<strong><em>Dra. Marcia Helena Machado Nascimento \/ UEPA<\/em><\/strong><br><em>Titular Externo:&nbsp;<\/em>&nbsp;<em><strong>Dra. Heliana Helena de Moura Nunes<\/strong><\/em><strong>&nbsp;\/ FSCMPA<\/strong><br><em>Suplente Interno:&nbsp;<\/em>&nbsp;<em><strong>Dra. Ivonete Vieira Pereira Peixoto<\/strong><\/em>&nbsp;<strong>\/&nbsp;<\/strong><em><strong>UEPA<\/strong><\/em><br><em>Suplente Externo:&nbsp;<\/em>&nbsp;<strong><em>Dr. Sandra Helena Isse Polaro \/ UFPA<\/em><\/strong> <\/td><\/tr><tr><td><strong>07 \/ 07<\/strong><br><br><strong>15:00h<\/strong>  <\/td><td><strong>SALA VIRTUAL (Confer\u00eancia Online)<\/strong>  <\/td><td>Mestrando(a):&nbsp;&nbsp;<em>&nbsp;<strong>DANIELLE ETIENNE DE OLIVEIRA BEZERRA LIMA<\/strong><\/em><br>Titulo do Trabalho:&nbsp;&nbsp;&nbsp;<strong><em>\u201cAVALIA\u00c7\u00c3O DO ENFERMEIRO AOS SINTOMAS F\u00cdSICOS E PSICOL\u00d3GICOS DE PACIENTES ONCOL\u00d3GICOS EM CUIDADOS PALIATIVOS<\/em><\/strong> <strong><em>\u201d<\/em><\/strong><br>Orientador(a) \/ Presidente da Banca:&nbsp;&nbsp;&nbsp;<em>Orientado(a):&nbsp;<strong>Dra. Mary Elizabeth de Santana<\/strong><\/em><br><br><strong>Membros da Banca:<\/strong><br><em>Titular Interno:&nbsp;<\/em>&nbsp; <em><strong>Dra. Ivonete Vieira Pereira Peixoto<\/strong><\/em>&nbsp;<strong>\/&nbsp;<\/strong><em><strong>UEPA<\/strong><\/em> <br><em>Titular Externo:&nbsp;<\/em>&nbsp;<em><strong>Dra. Helena Megumi Sonob<\/strong><\/em><strong>e&nbsp;\/ <em>EERP-USP<\/em><\/strong><br><em>Suplente Interno:&nbsp;<\/em>&nbsp;<strong><em>Dra. Ilma Pastana Ferreira \/ UEPA<\/em><\/strong><br><em>Suplente Externo:&nbsp;<\/em>&nbsp;<strong><em>Dr. Silvio Eder Dias da Silva \/ UFPA<\/em><\/strong>  <\/td><\/tr><tr><td><strong>30 \/ 08<\/strong><br><br><strong>15:00h<\/strong>  <\/td><td><strong>SALA VIRTUAL (Confer\u00eancia Online)<\/strong>   <\/td><td>Mestrando(a):&nbsp;&nbsp;<em>&nbsp;<strong>ADAMS BRUNNO SILVA<\/strong><\/em><br>Titulo do Trabalho:&nbsp;&nbsp;&nbsp;<strong><em>\u201c<\/em><\/strong><strong><em>SERIOUS GAME \u201cTX LIFE\u201d: <\/em>TECNOLOGIA CUIDATIVO-EDUCACIONAL PARA PACIENTES SUBMETIDOS AO TRANSPLANTE RENAL<\/strong> <strong><em>\u201d<\/em><\/strong><br>Orientador(a) \/ Presidente da Banca:&nbsp;&nbsp;&nbsp;<em>Orientado(a):&nbsp;<strong>Dra. Marcia Helena Machado Nascimento<\/strong><\/em><br>Coorientador(a): <strong><em>Dr. Paulo Elias Gotaderlo Auderbert Delage<br><\/em><\/strong><br><strong>Membros da Banca:<\/strong><br><em>Titular Interno:&nbsp;<\/em>&nbsp;  <strong><em>Dra. Ilma Pastana Ferreira \/ UEPA<\/em><\/strong> <br><em>Titular Externo:&nbsp;<\/em>&nbsp;<em><strong>Dra. Elizabeth Teixeira<\/strong><\/em><strong>&nbsp;\/ <em>UEA<\/em><\/strong><br><em>Suplente Interno:&nbsp;<\/em>&nbsp;<strong><em>Dr. Rubenilson Caldas Valois \/ UEPA<\/em><\/strong><br><em>Suplente Externo:&nbsp;<\/em>&nbsp;<strong><em>Dr. Darlisom Sousa Ferreira \/ UEA <\/em><\/strong>  <\/td><\/tr><tr><td><strong>08 \/ 11<\/strong><br><br><strong>15:00h<\/strong>  <\/td><td><strong>SALA VIRTUAL (Confer\u00eancia Online)<\/strong> <\/td><td> Mestrando(a):&nbsp;&nbsp;<em>&nbsp;<strong>DAYARA DE NAZAR\u00c9 ROSA DE CARVALHO<\/strong><\/em><br>Titulo do Trabalho:&nbsp;&nbsp;&nbsp;<strong><em>\u201cCONSTRU\u00c7\u00c3O DE UM PROTOCOLO ASSISTENCIAL DE ENFERMAGEM AO IDOSO COM C\u00c2NCER EM CUIDADOS PALIATIVOS NA ATEN\u00c7\u00c3O PRIM\u00c1RIA \u00c0 SA\u00daDE<\/em><\/strong> <strong><em>\u201d<\/em><\/strong><br>Orientador(a) \/ Presidente da Banca:&nbsp;&nbsp;&nbsp;<em>Orientado(a):&nbsp;<strong>Dra. Ivonete Vieira Pereira Peixoto<\/strong><\/em><br><br><strong>Membros da Banca:<\/strong><br><em>Titular Interno:&nbsp;<\/em>&nbsp;  <strong><em>Dra. Marta Lenise do Prado \/ UEPA<\/em><\/strong> <br><em>Titular Externo:&nbsp;<\/em>&nbsp;<em><strong>Dra. <\/strong><\/em><strong><em>Sofia Cristina Iost Pavarini<\/em><\/strong> <strong>\/ <em>UFScar<\/em><\/strong><br><em>Suplente Interno:&nbsp;<\/em>&nbsp;<strong><em>Dra. Marcia Helena Machado Nascimento \/ UEPA<\/em><\/strong><br><em>Suplente Externo:&nbsp;<\/em>&nbsp;<strong><em>Dra.<\/em><\/strong> <strong><em>Fabiana de Souza Orlandi<\/em><\/strong> <strong><em> \/ <\/em><\/strong> <strong><em>UFScar<\/em><\/strong> <strong><em> <\/em><\/strong>   <\/td><\/tr><tr><td><strong>30 \/ 11<\/strong><br><br><strong>15:00h<\/strong>  <\/td><td><strong>SALA VIRTUAL (Confer\u00eancia Online)<\/strong> <\/td><td> Mestrando(a):&nbsp;&nbsp;<em>&nbsp;<strong>ALEXANDRE AGUIAR PEREIRA<\/strong><\/em><br>Titulo do Trabalho:&nbsp;&nbsp;&nbsp;<strong><em>\u201c<\/em><\/strong><strong>REPRESENTA\u00c7\u00d5ES SOCIAIS DE MULHERES GR\u00c1VIDAS SOBRE A GESTA\u00c7\u00c3O DE ALTO RISCO<em>\u201d<\/em><\/strong><br>Orientador(a) \/ Presidente da Banca:&nbsp;&nbsp;&nbsp;<em>Orientado(a):&nbsp;<strong>Dra. Ivaneide Leal Ataide Rodrigues<\/strong><\/em><br><br><strong>Membros da Banca:<\/strong><br><em>Titular Interno:&nbsp;<\/em>&nbsp;  <strong><em>Dra. Iaci Proen\u00e7a Palmeira \/ UEPA<\/em><\/strong> <br><em>Titular Externo:&nbsp;<\/em>&nbsp;<em><strong>Dra. Heliana Helena de Moura Nunes<\/strong><\/em><strong>&nbsp;\/ <em>FSCMP<\/em><\/strong><br><em>Suplente Interno:&nbsp;<\/em>&nbsp;<strong><em>Dra. Laura Maria Vidal Nogueira \/ UEPA<\/em><\/strong><br><em>Suplente Externo:&nbsp;<\/em>&nbsp;<strong><em>Dr. Diego Pereira Rodrigues \/ UFPA <\/em><\/strong>   <\/td><\/tr><\/tbody><\/table><\/figure>\n\n\n\n<p class=\"has-text-align-center has-luminous-vivid-amber-background-color has-background\" style=\"font-size:25px\"><strong>Q U A L I F I C A \u00c7 \u00d5 E S<\/strong><\/p>\n\n\n\n<figure class=\"wp-block-table is-style-stripes\"><table class=\"has-background\" style=\"background-color:#fcf0ef\"><tbody><tr><td> <strong>Data \/ Hor\u00e1rio<\/strong> <\/td><td> <strong>Local<\/strong> <\/td><td> <strong>Mestrando(a)s \/ Titulo do Trabalho \/ Orientador(es)<\/strong>&nbsp;<strong>\/&nbsp;Banca Examinadora<\/strong> <\/td><\/tr><tr><td> <strong>04 \/ 03<\/strong><br><br><strong>15:00h<\/strong>  <\/td><td><strong>SALA VIRTUAL (Confer\u00eancia Online)<\/strong> <\/td><td>Mestrando(a):&nbsp;&nbsp; <em><strong>ADRIANA LEAL<\/strong><\/em><strong><em> GOMES DA SILVA <\/em><\/strong><br>Titulo do Trabalho:&nbsp;&nbsp;&nbsp;<strong><em>\u201cVIGIL\u00c2NCIA DA TUBERCULOSE  LATENTE: ANALISE DO SISTEMA DE INFORMA\u00c7\u00c3O NO PAR\u00c1\u201d<\/em><\/strong><br>Orientador(a) \/ Presidente da Banca:&nbsp;&nbsp;&nbsp;<em>Orientado(a):&nbsp;<strong>Dra. Antonia Margareth Moita S\u00e1<\/strong><\/em><br><br><strong>Membros da Banca:<\/strong><br><em>Titular Interno:&nbsp;<\/em>&nbsp;<strong><em>Dra. Laura Maria Vidal Nogueira \/ UEPA<\/em><\/strong><br><em>Titular Externo:&nbsp;<\/em>&nbsp;<em><strong>Dra. Glenda Roberta <\/strong><\/em><strong>Oliveira Naiff Oliveira&nbsp;\/ UFPA<\/strong><br><em>Suplente Interno:&nbsp;<\/em>&nbsp;<em><strong>Dra. Angela Maria Rodrigues Ferreira<\/strong><\/em><strong>\/&nbsp;<\/strong><em><strong>UEPA<\/strong><\/em><br><em>Suplente Externo:&nbsp;<\/em>&nbsp;<strong><em>Dra. Aline Maria Pereira Cruz Ramos \/ UFPA<\/em><\/strong>  <\/td><\/tr><tr><td> <strong>31 \/ 03<\/strong><br><br><strong>15:00h<\/strong>  <\/td><td><strong>SALA VIRTUAL (Confer\u00eancia Online)<\/strong> <\/td><td>Mestrando(a):&nbsp;&nbsp; <em><strong>SANDRA SUELY<\/strong><\/em><strong><em> SILVA DE OLIVEIRA<\/em><\/strong> <br>Titulo do Trabalho:&nbsp;&nbsp;&nbsp;<strong><em>\u201cA EXPERI\u00caNCIA DOS PACIENTES COM CANCER DE CABE\u00c7A E PESCO\u00c7O COM A PELE ACOMETIDA PELA RADIODERMATITE\u201d<\/em><\/strong><br>Orientador(a) \/ Presidente da Banca:&nbsp;&nbsp;&nbsp;<em>Orientado(a):&nbsp;<strong>Dra. Mary Elizabeth de Santana<\/strong><\/em><br><br><strong>Membros da Banca:<\/strong><br><em>Titular Interno:&nbsp;<\/em>&nbsp;<strong><em>Dra. Ilma Pastana Ferreira \/ UEPA<\/em><\/strong><br><em>Titular Externo:&nbsp;<\/em>&nbsp;<em><strong>Dra. Helene Megumi Sonobe<\/strong><\/em><strong>&nbsp;\/ EERP-USP<\/strong><br><em>Suplente Interno:&nbsp;<\/em>&nbsp;<em><strong>Dra. Nair Chase da Silva<\/strong><\/em><strong>\/&nbsp;<\/strong><em><strong>UFAM<\/strong><\/em><br><em>Suplente Externo:&nbsp;<\/em>&nbsp;<strong><em>Dra. Vera Lucia de Azevedo Lima \/ UFPA<\/em><\/strong>  <\/td><\/tr><tr><td><strong>05 \/ 10<\/strong><br><br><strong>15:00h<\/strong>  <\/td><td> <strong>SALA VIRTUAL (Confer\u00eancia Online)<\/strong>  <\/td><td>Mestrando(a):&nbsp;&nbsp; <strong>ANA PAULA GRAIM MENDON\u00c7A DE ARA\u00daJO<\/strong>  <br>Titulo do Trabalho:&nbsp;&nbsp;&nbsp;<strong><em>\u201cQUALIDADE DA INFORMA\u00c7\u00c3O SOBRE TUBERCULOSE DROGARESISTENTE NOS SISTEMAS DE INFORMA\u00c7\u00c3O<\/em><\/strong> <strong><em>\u201d<\/em><\/strong><br>Orientador(a) \/ Presidente da Banca:&nbsp;&nbsp;&nbsp;<em>Orientado(a):&nbsp;<strong>Dra. Ivaneide Leal Ataide Rodrigues<\/strong><\/em><br>Coordientador(a) <strong><em>Dra. Laura Maria Vidal Nogueira<\/em><\/strong><br><br><strong>Membros da Banca:<\/strong><br><em>Titular Interno:&nbsp;<\/em>&nbsp;<strong>Dra. Antonia Margareth Moita S\u00e1 \/ UEPA<\/strong> <br><em>Titular Externo:&nbsp;<\/em>&nbsp;<strong>Dra. Maria Elizabeth de Castro Rassy \/ FSCMP<\/strong> <br><em>Suplente Interno:&nbsp;<\/em>&nbsp;<strong>Dra. Angela Maria Rodrigues Ferreira \/UEPA<\/strong> <br><em>Suplente Externo:&nbsp;<\/em>&nbsp;<strong>Dra. Val\u00e9ria Regina Cavalcante dos Santos \/ FSCMP<\/strong>    <\/td><\/tr><\/tbody><\/table><\/figure>\n","protected":false},"excerpt":{"rendered":"<p>D E F E S A S Data \/ Hor\u00e1rio Local Mestrando(a)s \/ Titulo do Trabalho \/ Orientador(es)&nbsp;\/&nbsp;Banca Examinadora 10 \/ 03 09:00h SALA VIRTUAL (Confer\u00eancia Online) Mestrando(a):&nbsp;&nbsp;&nbsp; PERLA KATHELEEN VALENTE CORR\u00caA Titulo do Trabalho:&nbsp;&nbsp;&nbsp;\u201cINDICADORES DE SA\u00daDE DE CRIAN\u00c7AS INDIGENAS DO ESTADO DO PAR\u00c1\u201dOrientador(a) \/ Presidente da Banca:&nbsp;&nbsp;&nbsp;Orientado(a):&nbsp;Dra. Laura Maria Vidal Nogueira Membros da Banca:Titular &hellip;<\/p>\n<p class=\"read-more\"> <a class=\"\" href=\"https:\/\/propesp.uepa.br\/ppgenf\/index.php\/agenda-calendario\/defesas-e-qualificacoes\/programacao-2021\/\"> <span class=\"screen-reader-text\">PROGRAMA\u00c7\u00c3O &#8211; 2021<\/span> Leia mais &raquo;<\/a><\/p>\n","protected":false},"author":2,"featured_media":0,"parent":277,"menu_order":0,"comment_status":"closed","ping_status":"closed","template":"","meta":{"_uag_custom_page_level_css":"","site-sidebar-layout":"default","site-content-layout":"default","ast-site-content-layout":"default","site-content-style":"default","site-sidebar-style":"default","ast-global-header-display":"","ast-banner-title-visibility":"","ast-main-header-display":"","ast-hfb-above-header-display":"","ast-hfb-below-header-display":"","ast-hfb-mobile-header-display":"","site-post-title":"","ast-breadcrumbs-content":"","ast-featured-img":"","footer-sml-layout":"","theme-transparent-header-meta":"default","adv-header-id-meta":"","stick-header-meta":"","header-above-stick-meta":"","header-main-stick-meta":"","header-below-stick-meta":"","astra-migrate-meta-layouts":"set","ast-page-background-enabled":"default","ast-page-background-meta":{"desktop":{"background-color":"","background-image":"","background-repeat":"repeat","background-position":"center center","background-size":"auto","background-attachment":"scroll","background-type":"","background-media":"","overlay-type":"","overlay-color":"","overlay-gradient":""},"tablet":{"background-color":"","background-image":"","background-repeat":"repeat","background-position":"center center","background-size":"auto","background-attachment":"scroll","background-type":"","background-media":"","overlay-type":"","overlay-color":"","overlay-gradient":""},"mobile":{"background-color":"","background-image":"","background-repeat":"repeat","background-position":"center center","background-size":"auto","background-attachment":"scroll","background-type":"","background-media":"","overlay-type":"","overlay-color":"","overlay-gradient":""}},"ast-content-background-meta":{"desktop":{"background-color":"var(--ast-global-color-5)","background-image":"","background-repeat":"repeat","background-position":"center center","background-size":"auto","background-attachment":"scroll","background-type":"","background-media":"","overlay-type":"","overlay-color":"","overlay-gradient":""},"tablet":{"background-color":"var(--ast-global-color-5)","background-image":"","background-repeat":"repeat","background-position":"center center","background-size":"auto","background-attachment":"scroll","background-type":"","background-media":"","overlay-type":"","overlay-color":"","overlay-gradient":""},"mobile":{"background-color":"var(--ast-global-color-5)","background-image":"","background-repeat":"repeat","background-position":"center center","background-size":"auto","background-attachment":"scroll","background-type":"","background-media":"","overlay-type":"","overlay-color":"","overlay-gradient":""}},"footnotes":""},"uagb_featured_image_src":{"full":false,"thumbnail":false,"medium":false,"medium_large":false,"large":false,"1536x1536":false,"2048x2048":false},"uagb_author_info":{"display_name":"nelma.ramos@uepa.br","author_link":"https:\/\/propesp.uepa.br\/ppgenf\/index.php\/author\/nelma-ramosuepa-br\/"},"uagb_comment_info":0,"uagb_excerpt":"D E F E S A S Data \/ Hor\u00e1rio Local Mestrando(a)s \/ Titulo do Trabalho \/ Orientador(es)&nbsp;\/&nbsp;Banca Examinadora 10 \/ 03 09:00h SALA VIRTUAL (Confer\u00eancia Online) Mestrando(a):&nbsp;&nbsp;&nbsp; PERLA KATHELEEN VALENTE CORR\u00caA Titulo do Trabalho:&nbsp;&nbsp;&nbsp;\u201cINDICADORES DE SA\u00daDE DE CRIAN\u00c7AS INDIGENAS DO ESTADO DO PAR\u00c1\u201dOrientador(a) \/ Presidente da Banca:&nbsp;&nbsp;&nbsp;Orientado(a):&nbsp;Dra. Laura Maria Vidal Nogueira Membros da Banca:Titular&hellip;","_links":{"self":[{"href":"https:\/\/propesp.uepa.br\/ppgenf\/index.php\/wp-json\/wp\/v2\/pages\/2272"}],"collection":[{"href":"https:\/\/propesp.uepa.br\/ppgenf\/index.php\/wp-json\/wp\/v2\/pages"}],"about":[{"href":"https:\/\/propesp.uepa.br\/ppgenf\/index.php\/wp-json\/wp\/v2\/types\/page"}],"author":[{"embeddable":true,"href":"https:\/\/propesp.uepa.br\/ppgenf\/index.php\/wp-json\/wp\/v2\/users\/2"}],"replies":[{"embeddable":true,"href":"https:\/\/propesp.uepa.br\/ppgenf\/index.php\/wp-json\/wp\/v2\/comments?post=2272"}],"version-history":[{"count":6,"href":"https:\/\/propesp.uepa.br\/ppgenf\/index.php\/wp-json\/wp\/v2\/pages\/2272\/revisions"}],"predecessor-version":[{"id":6170,"href":"https:\/\/propesp.uepa.br\/ppgenf\/index.php\/wp-json\/wp\/v2\/pages\/2272\/revisions\/6170"}],"up":[{"embeddable":true,"href":"https:\/\/propesp.uepa.br\/ppgenf\/index.php\/wp-json\/wp\/v2\/pages\/277"}],"wp:attachment":[{"href":"https:\/\/propesp.uepa.br\/ppgenf\/index.php\/wp-json\/wp\/v2\/media?parent=2272"}],"curies":[{"name":"wp","href":"https:\/\/api.w.org\/{rel}","templated":true}]}}