{"id":229,"date":"2020-01-29T07:52:18","date_gmt":"2020-01-29T10:52:18","guid":{"rendered":"https:\/\/propesp.uepa.br\/ppgenf\/?page_id=229"},"modified":"2023-05-10T11:35:08","modified_gmt":"2023-05-10T14:35:08","slug":"objetivo","status":"publish","type":"page","link":"https:\/\/propesp.uepa.br\/ppgenf\/index.php\/programa\/objetivo\/","title":{"rendered":"Objetivo"},"content":{"rendered":"\n<div class=\"wp-block-uagb-container uagb-block-ef54e7a2 alignfull uagb-is-root-container\"><div class=\"uagb-container-inner-blocks-wrap\">\n<div class=\"wp-block-uagb-advanced-heading uagb-block-324014b0\"><h1 class=\"uagb-heading-text\">Objetivo<\/h1><div class=\"uagb-separator\"><\/div><\/div>\n\n\n\n<div class=\"wp-block-uagb-advanced-heading uagb-block-b24cfa01 justify\"><p class=\"uagb-heading-text\">I &#8211; Oportunizar a qualifica\u00e7\u00e3o docente e formar pesquisadores em enfermagem para a Regi\u00e3o Amaz\u00f4nica;<br>II &#8211; Produzir estudos e pesquisas em enfermagem, relacionados \u00e0 realidade epidemiol\u00f3gica e cultural e, especificamente, \u00e0 Regi\u00e3o Amaz\u00f4nica;<br>III &#8211; Possibilitar a constru\u00e7\u00e3o de um referencial te\u00f3rico-pr\u00e1tico, social e cultural em enfermagem, sa\u00fade e cuidado na sociedade que subsidie pol\u00edticas p\u00fablicas na regi\u00e3o;<br>IV- Viabilizar a forma\u00e7\u00e3o continuada e a produ\u00e7\u00e3o acad\u00eamica de docentes e enfermeiros da regi\u00e3o;<br>V &#8211; Consolidar as suas linhas de pesquisa, em articula\u00e7\u00e3o com as Institui\u00e7\u00f5es de Ensino Superior e de pesquisa da Regi\u00e3o Norte e pa\u00edses da Am\u00e9rica Latina, procurando atender a demanda de forma\u00e7\u00e3o institucional, regional, nacional e internacional.<br>VI &#8211; Desenvolver o interc\u00e2mbio com pesquisadores de outras universidades nacionais e internacionais, no sentido de firmar parcerias na forma\u00e7\u00e3o e na produ\u00e7\u00e3o do conhecimento em enfermagem.<\/p><\/div>\n<\/div><\/div>\n","protected":false},"excerpt":{"rendered":"<p>Objetivo I &#8211; Oportunizar a qualifica\u00e7\u00e3o docente e formar pesquisadores em enfermagem para a Regi\u00e3o Amaz\u00f4nica;II &#8211; Produzir estudos e pesquisas em enfermagem, relacionados \u00e0 realidade epidemiol\u00f3gica e cultural e, especificamente, \u00e0 Regi\u00e3o Amaz\u00f4nica;III &#8211; Possibilitar a constru\u00e7\u00e3o de um referencial te\u00f3rico-pr\u00e1tico, social e cultural em enfermagem, sa\u00fade e cuidado na sociedade que subsidie pol\u00edticas &hellip;<\/p>\n<p class=\"read-more\"> <a class=\"\" href=\"https:\/\/propesp.uepa.br\/ppgenf\/index.php\/programa\/objetivo\/\"> <span class=\"screen-reader-text\">Objetivo<\/span> Leia mais &raquo;<\/a><\/p>\n","protected":false},"author":3,"featured_media":0,"parent":227,"menu_order":0,"comment_status":"closed","ping_status":"closed","template":"","meta":{"_uag_custom_page_level_css":"","site-sidebar-layout":"no-sidebar","site-content-layout":"plain-container","ast-site-content-layout":"","site-content-style":"default","site-sidebar-style":"default","ast-global-header-display":"","ast-banner-title-visibility":"","ast-main-header-display":"","ast-hfb-above-header-display":"","ast-hfb-below-header-display":"","ast-hfb-mobile-header-display":"","site-post-title":"disabled","ast-breadcrumbs-content":"","ast-featured-img":"","footer-sml-layout":"","theme-transparent-header-meta":"default","adv-header-id-meta":"","stick-header-meta":"","header-above-stick-meta":"","header-main-stick-meta":"","header-below-stick-meta":"","astra-migrate-meta-layouts":"","ast-page-background-enabled":"default","ast-page-background-meta":{"desktop":{"background-color":"","background-image":"","background-repeat":"repeat","background-position":"center center","background-size":"auto","background-attachment":"scroll","background-type":"","background-media":"","overlay-type":"","overlay-color":"","overlay-gradient":""},"tablet":{"background-color":"","background-image":"","background-repeat":"repeat","background-position":"center center","background-size":"auto","background-attachment":"scroll","background-type":"","background-media":"","overlay-type":"","overlay-color":"","overlay-gradient":""},"mobile":{"background-color":"","background-image":"","background-repeat":"repeat","background-position":"center center","background-size":"auto","background-attachment":"scroll","background-type":"","background-media":"","overlay-type":"","overlay-color":"","overlay-gradient":""}},"ast-content-background-meta":{"desktop":{"background-color":"var(--ast-global-color-5)","background-image":"","background-repeat":"repeat","background-position":"center center","background-size":"auto","background-attachment":"scroll","background-type":"","background-media":"","overlay-type":"","overlay-color":"","overlay-gradient":""},"tablet":{"background-color":"var(--ast-global-color-5)","background-image":"","background-repeat":"repeat","background-position":"center center","background-size":"auto","background-attachment":"scroll","background-type":"","background-media":"","overlay-type":"","overlay-color":"","overlay-gradient":""},"mobile":{"background-color":"var(--ast-global-color-5)","background-image":"","background-repeat":"repeat","background-position":"center center","background-size":"auto","background-attachment":"scroll","background-type":"","background-media":"","overlay-type":"","overlay-color":"","overlay-gradient":""}},"footnotes":""},"uagb_featured_image_src":{"full":false,"thumbnail":false,"medium":false,"medium_large":false,"large":false,"1536x1536":false,"2048x2048":false},"uagb_author_info":{"display_name":"admin@uepa.br","author_link":"https:\/\/propesp.uepa.br\/ppgenf\/index.php\/author\/adminuepa-br\/"},"uagb_comment_info":0,"uagb_excerpt":"Objetivo I &#8211; Oportunizar a qualifica\u00e7\u00e3o docente e formar pesquisadores em enfermagem para a Regi\u00e3o Amaz\u00f4nica;II &#8211; Produzir estudos e pesquisas em enfermagem, relacionados \u00e0 realidade epidemiol\u00f3gica e cultural e, especificamente, \u00e0 Regi\u00e3o Amaz\u00f4nica;III &#8211; Possibilitar a constru\u00e7\u00e3o de um referencial te\u00f3rico-pr\u00e1tico, social e cultural em enfermagem, sa\u00fade e cuidado na sociedade que subsidie pol\u00edticas&hellip;","_links":{"self":[{"href":"https:\/\/propesp.uepa.br\/ppgenf\/index.php\/wp-json\/wp\/v2\/pages\/229"}],"collection":[{"href":"https:\/\/propesp.uepa.br\/ppgenf\/index.php\/wp-json\/wp\/v2\/pages"}],"about":[{"href":"https:\/\/propesp.uepa.br\/ppgenf\/index.php\/wp-json\/wp\/v2\/types\/page"}],"author":[{"embeddable":true,"href":"https:\/\/propesp.uepa.br\/ppgenf\/index.php\/wp-json\/wp\/v2\/users\/3"}],"replies":[{"embeddable":true,"href":"https:\/\/propesp.uepa.br\/ppgenf\/index.php\/wp-json\/wp\/v2\/comments?post=229"}],"version-history":[{"count":4,"href":"https:\/\/propesp.uepa.br\/ppgenf\/index.php\/wp-json\/wp\/v2\/pages\/229\/revisions"}],"predecessor-version":[{"id":5050,"href":"https:\/\/propesp.uepa.br\/ppgenf\/index.php\/wp-json\/wp\/v2\/pages\/229\/revisions\/5050"}],"up":[{"embeddable":true,"href":"https:\/\/propesp.uepa.br\/ppgenf\/index.php\/wp-json\/wp\/v2\/pages\/227"}],"wp:attachment":[{"href":"https:\/\/propesp.uepa.br\/ppgenf\/index.php\/wp-json\/wp\/v2\/media?parent=229"}],"curies":[{"name":"wp","href":"https:\/\/api.w.org\/{rel}","templated":true}]}}