{"id":234,"date":"2020-01-29T07:53:00","date_gmt":"2020-01-29T10:53:00","guid":{"rendered":"https:\/\/propesp.uepa.br\/ppgenf\/?page_id=234"},"modified":"2023-05-10T11:43:22","modified_gmt":"2023-05-10T14:43:22","slug":"area-de-concentracao","status":"publish","type":"page","link":"https:\/\/propesp.uepa.br\/ppgenf\/index.php\/programa\/area-de-concentracao\/","title":{"rendered":"\u00c1rea de Concentra\u00e7\u00e3o"},"content":{"rendered":"\n<div class=\"wp-block-uagb-container uagb-block-2fe734a0 alignfull uagb-is-root-container\"><div class=\"uagb-container-inner-blocks-wrap\">\n<div class=\"wp-block-uagb-advanced-heading uagb-block-538922e8\"><h1 class=\"uagb-heading-text\">\u00c1rea de Concentra\u00e7\u00e3o<\/h1><div class=\"uagb-separator\"><\/div><p class=\"uagb-desc-text\">Enfermagem  no Contexto Amaz\u00f4nico<\/p><\/div>\n\n\n\n<div class=\"wp-block-uagb-advanced-heading uagb-block-84a1c918 justify\"><p class=\"uagb-heading-text\">Concep\u00e7\u00e3o, desenvolvimento e avalia\u00e7\u00e3o de pol\u00edticas em sa\u00fade, conectadas com as pr\u00e1ticas de enfermagem, os fundamentos te\u00f3ricos do cuidar e educar em sa\u00fade com vistas \u00e0 otimiza\u00e7\u00e3o da assist\u00eancia de qualidade \u00e0 popula\u00e7\u00e3o amaz\u00f4nica. Valoriza\u00e7\u00e3o de aspectos epidemiol\u00f3gicos, hist\u00f3ricos, sociol\u00f3gicos e antropol\u00f3gicos da sa\u00fade e enfermagem e a proposi\u00e7\u00e3o de pol\u00edticas articuladas aos princ\u00edpios do SUS, concep\u00e7\u00f5es pedag\u00f3gicas, estudos situacionais e pr\u00e1ticas de enfermagem em sa\u00fade p\u00fablica, valorizando a dimens\u00e3o educativa no trabalho ou sa\u00fade.<br>Reflex\u00e3o sobre os desafios apresentados pela globaliza\u00e7\u00e3o hegem\u00f4nica e contra-hegem\u00f4nica e a \u00e9tica do cuidar. Os estudos devem ser guiados para propor discuss\u00f5es e programar a\u00e7\u00f5es juntos aos grupos\u00a0populacionais e tradicionais da Amaz\u00f4nia, grupos de risco e devem direcionar-se \u00e0 an\u00e1lise dos fen\u00f4menos do cotidiano da sociedade amaz\u00f4nica, urbana e rural-ribeirinha e sua rela\u00e7\u00e3o com o ambiente, com vistas \u00e0 qualidade do cuidado de enfermagem junto \u00e0 sociedade Amaz\u00f4nica.<\/p><\/div>\n<\/div><\/div>\n","protected":false},"excerpt":{"rendered":"<p>\u00c1rea de Concentra\u00e7\u00e3o Enfermagem no Contexto Amaz\u00f4nico Concep\u00e7\u00e3o, desenvolvimento e avalia\u00e7\u00e3o de pol\u00edticas em sa\u00fade, conectadas com as pr\u00e1ticas de enfermagem, os fundamentos te\u00f3ricos do cuidar e educar em sa\u00fade com vistas \u00e0 otimiza\u00e7\u00e3o da assist\u00eancia de qualidade \u00e0 popula\u00e7\u00e3o amaz\u00f4nica. Valoriza\u00e7\u00e3o de aspectos epidemiol\u00f3gicos, hist\u00f3ricos, sociol\u00f3gicos e antropol\u00f3gicos da sa\u00fade e enfermagem e a &hellip;<\/p>\n<p class=\"read-more\"> <a class=\"\" href=\"https:\/\/propesp.uepa.br\/ppgenf\/index.php\/programa\/area-de-concentracao\/\"> <span class=\"screen-reader-text\">\u00c1rea de Concentra\u00e7\u00e3o<\/span> Leia mais &raquo;<\/a><\/p>\n","protected":false},"author":3,"featured_media":0,"parent":227,"menu_order":0,"comment_status":"closed","ping_status":"closed","template":"","meta":{"_uag_custom_page_level_css":"","site-sidebar-layout":"no-sidebar","site-content-layout":"plain-container","ast-site-content-layout":"","site-content-style":"default","site-sidebar-style":"default","ast-global-header-display":"","ast-banner-title-visibility":"","ast-main-header-display":"","ast-hfb-above-header-display":"","ast-hfb-below-header-display":"","ast-hfb-mobile-header-display":"","site-post-title":"disabled","ast-breadcrumbs-content":null,"ast-featured-img":"","footer-sml-layout":"","theme-transparent-header-meta":"default","adv-header-id-meta":null,"stick-header-meta":null,"header-above-stick-meta":null,"header-main-stick-meta":null,"header-below-stick-meta":null,"astra-migrate-meta-layouts":"","ast-page-background-enabled":"default","ast-page-background-meta":{"desktop":{"background-color":"","background-image":"","background-repeat":"repeat","background-position":"center center","background-size":"auto","background-attachment":"scroll","background-type":"","background-media":"","overlay-type":"","overlay-color":"","overlay-gradient":""},"tablet":{"background-color":"","background-image":"","background-repeat":"repeat","background-position":"center center","background-size":"auto","background-attachment":"scroll","background-type":"","background-media":"","overlay-type":"","overlay-color":"","overlay-gradient":""},"mobile":{"background-color":"","background-image":"","background-repeat":"repeat","background-position":"center center","background-size":"auto","background-attachment":"scroll","background-type":"","background-media":"","overlay-type":"","overlay-color":"","overlay-gradient":""}},"ast-content-background-meta":{"desktop":{"background-color":"var(--ast-global-color-5)","background-image":"","background-repeat":"repeat","background-position":"center center","background-size":"auto","background-attachment":"scroll","background-type":"","background-media":"","overlay-type":"","overlay-color":"","overlay-gradient":""},"tablet":{"background-color":"var(--ast-global-color-5)","background-image":"","background-repeat":"repeat","background-position":"center center","background-size":"auto","background-attachment":"scroll","background-type":"","background-media":"","overlay-type":"","overlay-color":"","overlay-gradient":""},"mobile":{"background-color":"var(--ast-global-color-5)","background-image":"","background-repeat":"repeat","background-position":"center center","background-size":"auto","background-attachment":"scroll","background-type":"","background-media":"","overlay-type":"","overlay-color":"","overlay-gradient":""}},"footnotes":""},"uagb_featured_image_src":{"full":false,"thumbnail":false,"medium":false,"medium_large":false,"large":false,"1536x1536":false,"2048x2048":false},"uagb_author_info":{"display_name":"admin@uepa.br","author_link":"https:\/\/propesp.uepa.br\/ppgenf\/index.php\/author\/adminuepa-br\/"},"uagb_comment_info":0,"uagb_excerpt":"\u00c1rea de Concentra\u00e7\u00e3o Enfermagem no Contexto Amaz\u00f4nico Concep\u00e7\u00e3o, desenvolvimento e avalia\u00e7\u00e3o de pol\u00edticas em sa\u00fade, conectadas com as pr\u00e1ticas de enfermagem, os fundamentos te\u00f3ricos do cuidar e educar em sa\u00fade com vistas \u00e0 otimiza\u00e7\u00e3o da assist\u00eancia de qualidade \u00e0 popula\u00e7\u00e3o amaz\u00f4nica. Valoriza\u00e7\u00e3o de aspectos epidemiol\u00f3gicos, hist\u00f3ricos, sociol\u00f3gicos e antropol\u00f3gicos da sa\u00fade e enfermagem e a&hellip;","_links":{"self":[{"href":"https:\/\/propesp.uepa.br\/ppgenf\/index.php\/wp-json\/wp\/v2\/pages\/234"}],"collection":[{"href":"https:\/\/propesp.uepa.br\/ppgenf\/index.php\/wp-json\/wp\/v2\/pages"}],"about":[{"href":"https:\/\/propesp.uepa.br\/ppgenf\/index.php\/wp-json\/wp\/v2\/types\/page"}],"author":[{"embeddable":true,"href":"https:\/\/propesp.uepa.br\/ppgenf\/index.php\/wp-json\/wp\/v2\/users\/3"}],"replies":[{"embeddable":true,"href":"https:\/\/propesp.uepa.br\/ppgenf\/index.php\/wp-json\/wp\/v2\/comments?post=234"}],"version-history":[{"count":3,"href":"https:\/\/propesp.uepa.br\/ppgenf\/index.php\/wp-json\/wp\/v2\/pages\/234\/revisions"}],"predecessor-version":[{"id":3176,"href":"https:\/\/propesp.uepa.br\/ppgenf\/index.php\/wp-json\/wp\/v2\/pages\/234\/revisions\/3176"}],"up":[{"embeddable":true,"href":"https:\/\/propesp.uepa.br\/ppgenf\/index.php\/wp-json\/wp\/v2\/pages\/227"}],"wp:attachment":[{"href":"https:\/\/propesp.uepa.br\/ppgenf\/index.php\/wp-json\/wp\/v2\/media?parent=234"}],"curies":[{"name":"wp","href":"https:\/\/api.w.org\/{rel}","templated":true}]}}