{"id":242,"date":"2020-01-29T07:53:43","date_gmt":"2020-01-29T10:53:43","guid":{"rendered":"https:\/\/propesp.uepa.br\/ppgenf\/?page_id=242"},"modified":"2025-05-08T16:07:30","modified_gmt":"2025-05-08T19:07:30","slug":"corpo-docente","status":"publish","type":"page","link":"https:\/\/propesp.uepa.br\/ppgenf\/index.php\/corpo-docente\/","title":{"rendered":"Corpo Docente"},"content":{"rendered":"\n<div class=\"wp-block-uagb-container uagb-block-b21808a8 alignfull uagb-is-root-container\"><div class=\"uagb-container-inner-blocks-wrap\">\n<div class=\"wp-block-uagb-advanced-heading uagb-block-96228c64\"><h1 class=\"uagb-heading-text\"><strong>Corpo Docente<\/strong><\/h1><div class=\"uagb-separator\"><\/div><\/div>\n\n\n\n<div class=\"wp-block-uagb-image aligncenter uagb-block-f912235e wp-block-uagb-image--layout-overlay wp-block-uagb-image--effect-static wp-block-uagb-image--align-center\"><figure class=\"wp-block-uagb-image__figure\"><img decoding=\"async\" srcset=\"https:\/\/propesp.uepa.br\/ppgenf\/wp-content\/uploads\/2025\/05\/WhatsApp-Image-2025-04-25-at-09.07.31-1024x666.jpeg ,https:\/\/propesp.uepa.br\/ppgenf\/wp-content\/uploads\/2025\/05\/WhatsApp-Image-2025-04-25-at-09.07.31.jpeg 780w, https:\/\/propesp.uepa.br\/ppgenf\/wp-content\/uploads\/2025\/05\/WhatsApp-Image-2025-04-25-at-09.07.31.jpeg 360w\" sizes=\"(max-width: 480px) 150px\" src=\"https:\/\/propesp.uepa.br\/ppgenf\/wp-content\/uploads\/2025\/05\/WhatsApp-Image-2025-04-25-at-09.07.31-1024x666.jpeg\" alt=\"\" class=\"uag-image-5660\" width=\"439\" height=\"283\" title=\"\" loading=\"lazy\"\/><div class=\"wp-block-uagb-image--layout-overlay__color-wrapper\"><\/div><div class=\"wp-block-uagb-image--layout-overlay__inner center-center\"><a class=\"wp-block-uagb-image--layout-overlay-link \" href=\"\" target=\"\" rel=\"noopener\"><\/a><h2 class=\"uagb-image-heading\"><a href=\"https:\/\/propesp.uepa.br\/ppgenf\/index.php\/corpo-docente\/l-p-1\/\">LP 1 \u2013 Enfermagem em Sa\u00fade P\u00fablica e Epidemiologia de Doen\u00e7as na Amaz\u00f4nia<\/a><\/h2><\/div><\/figure><\/div>\n\n\n\n<div class=\"wp-block-uagb-image aligncenter uagb-block-c2ec1126 wp-block-uagb-image--layout-overlay wp-block-uagb-image--effect-static wp-block-uagb-image--align-center\"><figure class=\"wp-block-uagb-image__figure\"><img decoding=\"async\" srcset=\"https:\/\/propesp.uepa.br\/ppgenf\/wp-content\/uploads\/2025\/05\/WhatsApp-Image-2025-04-25-at-09.07.31-1024x666.jpeg ,https:\/\/propesp.uepa.br\/ppgenf\/wp-content\/uploads\/2025\/05\/WhatsApp-Image-2025-04-25-at-09.07.31.jpeg 780w, https:\/\/propesp.uepa.br\/ppgenf\/wp-content\/uploads\/2025\/05\/WhatsApp-Image-2025-04-25-at-09.07.31.jpeg 360w\" sizes=\"(max-width: 480px) 150px\" src=\"https:\/\/propesp.uepa.br\/ppgenf\/wp-content\/uploads\/2025\/05\/WhatsApp-Image-2025-04-25-at-09.07.31-1024x666.jpeg\" alt=\"\" class=\"uag-image-5660\" width=\"442\" height=\"286\" title=\"\" loading=\"lazy\"\/><div class=\"wp-block-uagb-image--layout-overlay__color-wrapper\"><\/div><div class=\"wp-block-uagb-image--layout-overlay__inner center-center\"><a class=\"wp-block-uagb-image--layout-overlay-link \" href=\"\" target=\"\" rel=\"noopener\"><\/a><h2 class=\"uagb-image-heading\"><a href=\"https:\/\/propesp.uepa.br\/ppgenf\/index.php\/corpo-docente\/l-p-2\/\" data-type=\"page\" data-id=\"736\">LP 2 \u2013 Educa\u00e7\u00e3o e Cuidado em Sa\u00fade e Enfermagem na Amaz\u00f4nia<\/a><\/h2><\/div><\/figure><\/div>\n<\/div><\/div>\n\n\n\n<div class=\"wp-block-columns is-layout-flex wp-container-core-columns-layout-1 wp-block-columns-is-layout-flex\">\n<div class=\"wp-block-column is-layout-flow wp-block-column-is-layout-flow\">\n<div class=\"wp-block-uagb-advanced-heading uagb-block-fe3a42ce\"><h2 class=\"uagb-heading-text\"><strong>Credenciamento e Recredenciamento Docente<\/strong><\/h2><\/div>\n\n\n\n<p class=\"has-text-align-center has-medium-font-size\"><strong><a href=\"https:\/\/propesp.uepa.br\/ppgenf\/index.php\/corpo-docente\/credenciamento-e-recredenciamento-docente\/\">Quadri\u00eanio &#8211; 2025\/2028<\/a><\/strong><\/p>\n<\/div>\n<\/div>\n","protected":false},"excerpt":{"rendered":"<p>Corpo Docente Credenciamento e Recredenciamento Docente Quadri\u00eanio &#8211; 2025\/2028<\/p>\n","protected":false},"author":3,"featured_media":0,"parent":0,"menu_order":0,"comment_status":"closed","ping_status":"closed","template":"","meta":{"_uag_custom_page_level_css":"","site-sidebar-layout":"no-sidebar","site-content-layout":"plain-container","ast-site-content-layout":"normal-width-container","site-content-style":"unboxed","site-sidebar-style":"unboxed","ast-global-header-display":"","ast-banner-title-visibility":"","ast-main-header-display":"","ast-hfb-above-header-display":"","ast-hfb-below-header-display":"","ast-hfb-mobile-header-display":"","site-post-title":"disabled","ast-breadcrumbs-content":"","ast-featured-img":"","footer-sml-layout":"","theme-transparent-header-meta":"default","adv-header-id-meta":"","stick-header-meta":"","header-above-stick-meta":"","header-main-stick-meta":"","header-below-stick-meta":"","astra-migrate-meta-layouts":"set","ast-page-background-enabled":"default","ast-page-background-meta":{"desktop":{"background-color":"","background-image":"","background-repeat":"repeat","background-position":"center center","background-size":"auto","background-attachment":"scroll","background-type":"","background-media":"","overlay-type":"","overlay-color":"","overlay-gradient":""},"tablet":{"background-color":"","background-image":"","background-repeat":"repeat","background-position":"center center","background-size":"auto","background-attachment":"scroll","background-type":"","background-media":"","overlay-type":"","overlay-color":"","overlay-gradient":""},"mobile":{"background-color":"","background-image":"","background-repeat":"repeat","background-position":"center center","background-size":"auto","background-attachment":"scroll","background-type":"","background-media":"","overlay-type":"","overlay-color":"","overlay-gradient":""}},"ast-content-background-meta":{"desktop":{"background-color":"var(--ast-global-color-5)","background-image":"","background-repeat":"repeat","background-position":"center center","background-size":"auto","background-attachment":"scroll","background-type":"","background-media":"","overlay-type":"","overlay-color":"","overlay-gradient":""},"tablet":{"background-color":"var(--ast-global-color-5)","background-image":"","background-repeat":"repeat","background-position":"center center","background-size":"auto","background-attachment":"scroll","background-type":"","background-media":"","overlay-type":"","overlay-color":"","overlay-gradient":""},"mobile":{"background-color":"var(--ast-global-color-5)","background-image":"","background-repeat":"repeat","background-position":"center center","background-size":"auto","background-attachment":"scroll","background-type":"","background-media":"","overlay-type":"","overlay-color":"","overlay-gradient":""}},"footnotes":""},"uagb_featured_image_src":{"full":false,"thumbnail":false,"medium":false,"medium_large":false,"large":false,"1536x1536":false,"2048x2048":false},"uagb_author_info":{"display_name":"admin@uepa.br","author_link":"https:\/\/propesp.uepa.br\/ppgenf\/index.php\/author\/adminuepa-br\/"},"uagb_comment_info":0,"uagb_excerpt":"Corpo Docente Credenciamento e Recredenciamento Docente Quadri\u00eanio &#8211; 2025\/2028","_links":{"self":[{"href":"https:\/\/propesp.uepa.br\/ppgenf\/index.php\/wp-json\/wp\/v2\/pages\/242"}],"collection":[{"href":"https:\/\/propesp.uepa.br\/ppgenf\/index.php\/wp-json\/wp\/v2\/pages"}],"about":[{"href":"https:\/\/propesp.uepa.br\/ppgenf\/index.php\/wp-json\/wp\/v2\/types\/page"}],"author":[{"embeddable":true,"href":"https:\/\/propesp.uepa.br\/ppgenf\/index.php\/wp-json\/wp\/v2\/users\/3"}],"replies":[{"embeddable":true,"href":"https:\/\/propesp.uepa.br\/ppgenf\/index.php\/wp-json\/wp\/v2\/comments?post=242"}],"version-history":[{"count":11,"href":"https:\/\/propesp.uepa.br\/ppgenf\/index.php\/wp-json\/wp\/v2\/pages\/242\/revisions"}],"predecessor-version":[{"id":5663,"href":"https:\/\/propesp.uepa.br\/ppgenf\/index.php\/wp-json\/wp\/v2\/pages\/242\/revisions\/5663"}],"wp:attachment":[{"href":"https:\/\/propesp.uepa.br\/ppgenf\/index.php\/wp-json\/wp\/v2\/media?parent=242"}],"curies":[{"name":"wp","href":"https:\/\/api.w.org\/{rel}","templated":true}]}}