{"id":254,"date":"2020-01-29T07:55:32","date_gmt":"2020-01-29T10:55:32","guid":{"rendered":"https:\/\/propesp.uepa.br\/ppgenf\/?page_id=254"},"modified":"2024-05-06T11:58:23","modified_gmt":"2024-05-06T14:58:23","slug":"coordenacoes-e-secretarias","status":"publish","type":"page","link":"https:\/\/propesp.uepa.br\/ppgenf\/index.php\/programa\/coordenacoes-e-secretarias\/","title":{"rendered":"Coordena\u00e7\u00f5es e Secretaria"},"content":{"rendered":"\n<div class=\"wp-block-uagb-container uagb-block-58e71e03 alignfull uagb-is-root-container\"><div class=\"uagb-container-inner-blocks-wrap\">\n<div class=\"wp-block-uagb-advanced-heading uagb-block-5738eda9\"><h1 class=\"uagb-heading-text\">Coordena\u00e7\u00f5es e Secretaria<\/h1><div class=\"uagb-separator\"><\/div><\/div>\n\n\n\n<p>A Coordena\u00e7\u00e3o de Gest\u00e3o do Programa de P\u00f3s-Gradua\u00e7\u00e3o em Enfermagem tem uma Coordena\u00e7\u00e3o Geral, apoiada por duas Coordena\u00e7\u00f5es Locais e duas Secretarias Executiva e Local, nas Institui\u00e7\u00f5es envolvidas na Associa\u00e7\u00e3o do Mestrado em Enfermagem, assim composta.<\/p>\n\n\n\n<p>Coordenadora Geral &#8211; Prof.\u00aa Dr.\u00aa Laura Maria Vidal Nogueira (<a href=\"mailto:lauramvidal@gmail.com\">lauramvidal@gmail.com<\/a>) <\/p>\n\n\n\n<p>Coordena\u00e7\u00e3o de Gest\u00e3o\/UEPA BEL\u00c9M &#8211; Prof.\u00aa Dr.\u00aa Ivanilde Leal Ata\u00edde Rodrigues (<a href=\"mailto:ivaneide.rodrigues@uepa.br\">ivaneide.rodrigues@uepa.br<\/a>) e Prof.\u00ba Dr.\u00ba Rubenilson Caldas Valois (<a href=\"mailto:rubenilson.valois@uepa.br\">rubenilson.valois@uepa.br<\/a>)<\/p>\n\n\n\n<p>Coordena\u00e7\u00e3o Local\/UFAM &#8211; Prof.\u00aa Dr\u00aa Gilsirene Scantelbury de Almeida(<a href=\"mailto:gilscantelbury@ufam.edu.br\">gilscantelbury@ufam.edu.br<\/a>) e Prof.\u00ba Dr. Zilmar Augusto de Souza Filho <a href=\"mailto:(augusto.eem.ufam@hotmail.com\">(augusto.eem.ufam@hotmail.com<\/a>)<\/p>\n\n\n\n<p>Secretaria Executiva e Local\/UEPA &#8211; Nelma Sueli Ramos (<a href=\"mailto:nelma.ramos@uepa.br\">nelma.ramos@uepa.br<\/a>)&nbsp;<\/p>\n<\/div><\/div>\n","protected":false},"excerpt":{"rendered":"<p>Coordena\u00e7\u00f5es e Secretaria A Coordena\u00e7\u00e3o de Gest\u00e3o do Programa de P\u00f3s-Gradua\u00e7\u00e3o em Enfermagem tem uma Coordena\u00e7\u00e3o Geral, apoiada por duas Coordena\u00e7\u00f5es Locais e duas Secretarias Executiva e Local, nas Institui\u00e7\u00f5es envolvidas na Associa\u00e7\u00e3o do Mestrado em Enfermagem, assim composta. Coordenadora Geral &#8211; Prof.\u00aa Dr.\u00aa Laura Maria Vidal Nogueira (lauramvidal@gmail.com) Coordena\u00e7\u00e3o de Gest\u00e3o\/UEPA BEL\u00c9M &#8211; Prof.\u00aa &hellip;<\/p>\n<p class=\"read-more\"> <a class=\"\" href=\"https:\/\/propesp.uepa.br\/ppgenf\/index.php\/programa\/coordenacoes-e-secretarias\/\"> <span class=\"screen-reader-text\">Coordena\u00e7\u00f5es e Secretaria<\/span> Leia mais &raquo;<\/a><\/p>\n","protected":false},"author":3,"featured_media":0,"parent":227,"menu_order":0,"comment_status":"closed","ping_status":"closed","template":"","meta":{"_uag_custom_page_level_css":"","site-sidebar-layout":"no-sidebar","site-content-layout":"plain-container","ast-site-content-layout":"normal-width-container","site-content-style":"unboxed","site-sidebar-style":"unboxed","ast-global-header-display":"","ast-banner-title-visibility":"","ast-main-header-display":"","ast-hfb-above-header-display":"","ast-hfb-below-header-display":"","ast-hfb-mobile-header-display":"","site-post-title":"disabled","ast-breadcrumbs-content":"","ast-featured-img":"","footer-sml-layout":"","theme-transparent-header-meta":"default","adv-header-id-meta":"","stick-header-meta":"","header-above-stick-meta":"","header-main-stick-meta":"","header-below-stick-meta":"","astra-migrate-meta-layouts":"set","ast-page-background-enabled":"default","ast-page-background-meta":{"desktop":{"background-color":"","background-image":"","background-repeat":"repeat","background-position":"center center","background-size":"auto","background-attachment":"scroll","background-type":"","background-media":"","overlay-type":"","overlay-color":"","overlay-gradient":""},"tablet":{"background-color":"","background-image":"","background-repeat":"repeat","background-position":"center center","background-size":"auto","background-attachment":"scroll","background-type":"","background-media":"","overlay-type":"","overlay-color":"","overlay-gradient":""},"mobile":{"background-color":"","background-image":"","background-repeat":"repeat","background-position":"center center","background-size":"auto","background-attachment":"scroll","background-type":"","background-media":"","overlay-type":"","overlay-color":"","overlay-gradient":""}},"ast-content-background-meta":{"desktop":{"background-color":"var(--ast-global-color-5)","background-image":"","background-repeat":"repeat","background-position":"center center","background-size":"auto","background-attachment":"scroll","background-type":"","background-media":"","overlay-type":"","overlay-color":"","overlay-gradient":""},"tablet":{"background-color":"var(--ast-global-color-5)","background-image":"","background-repeat":"repeat","background-position":"center center","background-size":"auto","background-attachment":"scroll","background-type":"","background-media":"","overlay-type":"","overlay-color":"","overlay-gradient":""},"mobile":{"background-color":"var(--ast-global-color-5)","background-image":"","background-repeat":"repeat","background-position":"center center","background-size":"auto","background-attachment":"scroll","background-type":"","background-media":"","overlay-type":"","overlay-color":"","overlay-gradient":""}},"footnotes":""},"uagb_featured_image_src":{"full":false,"thumbnail":false,"medium":false,"medium_large":false,"large":false,"1536x1536":false,"2048x2048":false},"uagb_author_info":{"display_name":"admin@uepa.br","author_link":"https:\/\/propesp.uepa.br\/ppgenf\/index.php\/author\/adminuepa-br\/"},"uagb_comment_info":0,"uagb_excerpt":"Coordena\u00e7\u00f5es e Secretaria A Coordena\u00e7\u00e3o de Gest\u00e3o do Programa de P\u00f3s-Gradua\u00e7\u00e3o em Enfermagem tem uma Coordena\u00e7\u00e3o Geral, apoiada por duas Coordena\u00e7\u00f5es Locais e duas Secretarias Executiva e Local, nas Institui\u00e7\u00f5es envolvidas na Associa\u00e7\u00e3o do Mestrado em Enfermagem, assim composta. Coordenadora Geral &#8211; Prof.\u00aa Dr.\u00aa Laura Maria Vidal Nogueira (lauramvidal@gmail.com) Coordena\u00e7\u00e3o de Gest\u00e3o\/UEPA BEL\u00c9M &#8211; Prof.\u00aa&hellip;","_links":{"self":[{"href":"https:\/\/propesp.uepa.br\/ppgenf\/index.php\/wp-json\/wp\/v2\/pages\/254"}],"collection":[{"href":"https:\/\/propesp.uepa.br\/ppgenf\/index.php\/wp-json\/wp\/v2\/pages"}],"about":[{"href":"https:\/\/propesp.uepa.br\/ppgenf\/index.php\/wp-json\/wp\/v2\/types\/page"}],"author":[{"embeddable":true,"href":"https:\/\/propesp.uepa.br\/ppgenf\/index.php\/wp-json\/wp\/v2\/users\/3"}],"replies":[{"embeddable":true,"href":"https:\/\/propesp.uepa.br\/ppgenf\/index.php\/wp-json\/wp\/v2\/comments?post=254"}],"version-history":[{"count":8,"href":"https:\/\/propesp.uepa.br\/ppgenf\/index.php\/wp-json\/wp\/v2\/pages\/254\/revisions"}],"predecessor-version":[{"id":4535,"href":"https:\/\/propesp.uepa.br\/ppgenf\/index.php\/wp-json\/wp\/v2\/pages\/254\/revisions\/4535"}],"up":[{"embeddable":true,"href":"https:\/\/propesp.uepa.br\/ppgenf\/index.php\/wp-json\/wp\/v2\/pages\/227"}],"wp:attachment":[{"href":"https:\/\/propesp.uepa.br\/ppgenf\/index.php\/wp-json\/wp\/v2\/media?parent=254"}],"curies":[{"name":"wp","href":"https:\/\/api.w.org\/{rel}","templated":true}]}}