{"id":2743,"date":"2022-11-30T15:47:40","date_gmt":"2022-11-30T18:47:40","guid":{"rendered":"https:\/\/propesp.uepa.br\/ppgenf\/?page_id=2743"},"modified":"2026-03-03T11:37:35","modified_gmt":"2026-03-03T14:37:35","slug":"10a-turma-uepa-2019","status":"publish","type":"page","link":"https:\/\/propesp.uepa.br\/ppgenf\/index.php\/corpo-discente\/egressos-uepa\/10a-turma-uepa-2019\/","title":{"rendered":"10\u00aa Turma &#8211; UEPA \/ 2019"},"content":{"rendered":"\n<div class=\"wp-block-uagb-advanced-heading uagb-block-e08c0065\"><h2 class=\"uagb-heading-text\"><strong>10\u00aa TURMA &#8211; UEPA \/ 2019<\/strong><\/h2><div class=\"uagb-separator\"><\/div><\/div>\n\n\n\n<div class=\"wp-block-uagb-container uagb-block-4ebcace1 alignfull uagb-is-root-container\"><div class=\"uagb-container-inner-blocks-wrap\">\n<div class=\"wp-block-uagb-container uagb-block-b76a8a7b\">\n<div class=\"wp-block-columns is-layout-flex wp-container-core-columns-layout-1 wp-block-columns-is-layout-flex\">\n<div class=\"wp-block-column is-layout-flow wp-block-column-is-layout-flow\">\n<div class=\"wp-block-uagb-info-box uagb-block-303552ce uagb-infobox__content-wrap  uagb-infobox-icon-below-title uagb-infobox-image-valign-top\"><div class=\"uagb-ifb-content\"><div class=\"uagb-ifb-title-wrap\"><h3 class=\"uagb-ifb-title\"><strong>Adriana Leal Gomes da Silva<\/strong> <code><a href=\"http:\/\/lattes.cnpq.br\/5409845234159320\"><img loading=\"lazy\" decoding=\"async\" width=\"40\" height=\"40\" class=\"wp-image-807\" style=\"width: 40px;\" src=\"https:\/\/propesp.uepa.br\/ppgenf\/wp-content\/uploads\/2020\/03\/Lattes-e1585070878268.jpg\" alt=\"\"><\/a><\/code><\/h3><\/div><p class=\"uagb-ifb-desc\"><strong>Orientadora: Dra<\/strong>. <strong>Ant\u00f4nia Margareth Moita S\u00e1<\/strong><br><strong>Resumo da Disserta\u00e7\u00e3o defendida em 2022:<\/strong> <strong><a href=\"https:\/\/drive.google.com\/file\/d\/19r1KXYaqYFGnjszg1J0CO7OfrC5p5whg\/view?usp=share_link\">\u201cAN\u00c1LISE DA SITUA\u00c7\u00c3O DA TUBERCULOSE LATENTE NO ESTADO DO PAR\u00c1\u201d<\/a><\/strong><\/p><\/div><\/div>\n<\/div>\n\n\n\n<div class=\"wp-block-column is-layout-flow wp-block-column-is-layout-flow\">\n<div class=\"wp-block-uagb-info-box uagb-block-3889ccc1 uagb-infobox__content-wrap  uagb-infobox-icon-below-title uagb-infobox-image-valign-top\"><div class=\"uagb-ifb-content\"><div class=\"uagb-ifb-title-wrap\"><h3 class=\"uagb-ifb-title\"><strong>Alexandre Aguiar Pereira<\/strong> <a href=\"http:\/\/lattes.cnpq.br\/4531872566071137\"><img loading=\"lazy\" decoding=\"async\" width=\"40\" height=\"40\" class=\"wp-image-807\" style=\"width: 40px;\" src=\"https:\/\/propesp.uepa.br\/ppgenf\/wp-content\/uploads\/2020\/03\/Lattes-e1585070878268.jpg\" alt=\"\"><\/a><\/h3><\/div><p class=\"uagb-ifb-desc\"><br><strong>Orientadora: Dra<\/strong>. <strong>Ivaneide Leal Ata\u00edde Rodrigues<\/strong><br><strong>Resumo da disserta\u00e7\u00e3o defendida em 2021:<a href=\"https:\/\/drive.google.com\/file\/d\/1BG7NZ-qpQrk-dMr_wtbHD_NAESaywt54\/view?usp=share_link\">\u201cREPRESENTA\u00c7\u00d5ES SOCIAIS DE MULHERES GR\u00c1VIDAS SOBRE A GESTA\u00c7\u00c3O DE ALTO RISCO\u201d<\/a><\/strong><\/p><\/div><\/div>\n<\/div>\n<\/div>\n\n\n\n<section class=\"wp-block-uagb-columns uagb-columns__wrap uagb-columns__background-none uagb-columns__stack-mobile uagb-columns__valign- uagb-columns__gap-15 align uagb-block-e26532d2 uagb-columns__columns-2 uagb-columns__max_width-theme\"><div class=\"uagb-columns__overlay\"><\/div><div class=\"uagb-columns__inner-wrap uagb-columns__columns-2\">\n<div class=\"wp-block-uagb-column uagb-column__wrap uagb-column__background-undefined uagb-block-48599a0e\"><div class=\"uagb-column__overlay\"><\/div>\n<div class=\"wp-block-uagb-info-box uagb-block-26de46b8 uagb-infobox__content-wrap  uagb-infobox-icon-below-title uagb-infobox-image-valign-top\"><div class=\"uagb-ifb-content\"><div class=\"uagb-ifb-title-wrap\"><h3 class=\"uagb-ifb-title\"><strong>Ana Kedma Correa Pinheiro<\/strong><a href=\"http:\/\/lattes.cnpq.br\/4573518879811324\"><img loading=\"lazy\" decoding=\"async\" width=\"40\" height=\"40\" class=\"wp-image-807\" style=\"width: 40px;\" src=\"https:\/\/propesp.uepa.br\/ppgenf\/wp-content\/uploads\/2020\/03\/Lattes-e1585070878268.jpg\" alt=\"\"><\/a><\/h3><\/div><p class=\"uagb-ifb-desc\"><strong>Orientadora: Dra<\/strong>. <strong>Laura Maria Vidal Nogueira<\/strong><br><strong>Resumo da disserta\u00e7\u00e3o defendida em 2022:<a href=\"https:\/\/drive.google.com\/file\/d\/1ftq49qHEeNza5IqZXbRbfBwLUN0qu2Ip\/view?usp=share_link\">\u201cLETRAMENTO EM SA\u00daDE E QUALIDADE DE VIDA DE RIBEIRINHOS DA AMAZ\u00d4NIA PARAENSE NA ATEN\u00c7\u00c3O PRIM\u00c1RIA \u00c0 SA\u00daDE\u201d<\/a><\/strong><\/p><\/div><\/div>\n<\/div>\n\n\n\n<div class=\"wp-block-uagb-column uagb-column__wrap uagb-column__background-undefined uagb-block-05f570d8\"><div class=\"uagb-column__overlay\"><\/div>\n<div class=\"wp-block-uagb-info-box uagb-block-1f2fbd84 uagb-infobox__content-wrap  uagb-infobox-icon-below-title uagb-infobox-image-valign-top\"><div class=\"uagb-ifb-content\"><div class=\"uagb-ifb-title-wrap\"><h3 class=\"uagb-ifb-title\"><strong>Ana Paula Graim Mendon\u00e7a de Ara\u00fajo<\/strong> <a href=\"http:\/\/lattes.cnpq.br\/5312904114216180\"><img loading=\"lazy\" decoding=\"async\" width=\"40\" height=\"40\" class=\"wp-image-807\" style=\"width: 40px;\" src=\"https:\/\/propesp.uepa.br\/ppgenf\/wp-content\/uploads\/2020\/03\/Lattes-e1585070878268.jpg\" alt=\"\"><\/a><\/h3><\/div><p class=\"uagb-ifb-desc\"><strong>Orientadora: Dra<\/strong>. <strong>Ivaneide Leal Ata\u00edde Rodrigues<\/strong><br><strong>Resumo da disserta\u00e7\u00e3o defendida em 2022:<\/strong><a href=\"https:\/\/drive.google.com\/file\/d\/19NvuWAPcxH-Rp1INtaG2mG2R3jMLpq3Y\/view?usp=share_link\">\u201c<strong>QUALIDADE DA INFORMA\u00c7\u00c3O SOBRE TUBERCULOSE, DROGAS RESISTENTES NOS SISTEMAS DE INFORMA\u00c7\u00c3O\u201d<\/strong><\/a><\/p><\/div><\/div>\n<\/div>\n<\/div><\/section>\n\n\n\n<section class=\"wp-block-uagb-columns uagb-columns__wrap uagb-columns__background-none uagb-columns__stack-mobile uagb-columns__valign- uagb-columns__gap-15 align uagb-block-1a100390 uagb-columns__columns-2 uagb-columns__max_width-theme\"><div class=\"uagb-columns__overlay\"><\/div><div class=\"uagb-columns__inner-wrap uagb-columns__columns-2\">\n<div class=\"wp-block-uagb-column uagb-column__wrap uagb-column__background-undefined uagb-block-6b5314bd\"><div class=\"uagb-column__overlay\"><\/div>\n<div class=\"wp-block-uagb-info-box uagb-block-76f0d412 uagb-infobox__content-wrap  uagb-infobox-icon-below-title uagb-infobox-image-valign-top\"><div class=\"uagb-ifb-content\"><div class=\"uagb-ifb-title-wrap\"><h3 class=\"uagb-ifb-title\"><strong>Ana Paula Rezendes de Oliveira<\/strong><a href=\"http:\/\/lattes.cnpq.br\/7434106886439711\"><img loading=\"lazy\" decoding=\"async\" width=\"40\" height=\"40\" class=\"wp-image-807\" style=\"width: 40px;\" src=\"https:\/\/propesp.uepa.br\/ppgenf\/wp-content\/uploads\/2020\/03\/Lattes-e1585070878268.jpg\" alt=\"\"><\/a><\/h3><\/div><p class=\"uagb-ifb-desc\"><strong>Orientadora: Dra<\/strong>. <strong>\u00c2ngela Maria Rodrigues Ferreira<\/strong><br><strong>Resumo da disserta\u00e7\u00e3o defendida em 2022:<a href=\"https:\/\/drive.google.com\/file\/d\/11Re_ILMNdZROk6h09LFpJQUYdIybIIzz\/view?usp=share_link\">\u201cFATORES ASSOCIADOS AO DESFECHO DO TRATAMENTO DA COINFEC\u00c7\u00c3O TB-HIV NO ESTADO DO PAR\u00c1\u201d<\/a><\/strong><\/p><\/div><\/div>\n<\/div>\n\n\n\n<div class=\"wp-block-uagb-column uagb-column__wrap uagb-column__background-undefined uagb-block-6b4d5135\"><div class=\"uagb-column__overlay\"><\/div><\/div>\n<\/div><\/section>\n\n\n\n<section class=\"wp-block-uagb-columns uagb-columns__wrap uagb-columns__background-none uagb-columns__stack-mobile uagb-columns__valign- uagb-columns__gap-15 align uagb-block-89810fdc uagb-columns__columns-2 uagb-columns__max_width-theme\"><div class=\"uagb-columns__overlay\"><\/div><div class=\"uagb-columns__inner-wrap uagb-columns__columns-2\">\n<div class=\"wp-block-uagb-column uagb-column__wrap uagb-column__background-undefined uagb-block-fba0899b\"><div class=\"uagb-column__overlay\"><\/div>\n<div class=\"wp-block-uagb-info-box uagb-block-2ff486bb uagb-infobox__content-wrap  uagb-infobox-icon-below-title uagb-infobox-image-valign-top\"><div class=\"uagb-ifb-content\"><div class=\"uagb-ifb-title-wrap\"><h3 class=\"uagb-ifb-title\"><strong>Carla Monique Lavareda Costa<\/strong><a href=\"http:\/\/lattes.cnpq.br\/8456454469809949\"><img loading=\"lazy\" decoding=\"async\" width=\"40\" height=\"40\" class=\"wp-image-807\" style=\"width: 40px;\" src=\"https:\/\/propesp.uepa.br\/ppgenf\/wp-content\/uploads\/2020\/03\/Lattes-e1585070878268.jpg\" alt=\"\"><\/a><\/h3><\/div><p class=\"uagb-ifb-desc\"><strong>Orientadora: Dra<\/strong>. <strong>Laura Maria Vidal Nogueira<\/strong><br><strong>Resumo da disserta\u00e7\u00e3o defendida em 2022:<a href=\"https:\/\/drive.google.com\/file\/d\/1dQGH0dIcj3knO_gC1sgxlbNdkYGIJnmE\/view?usp=share_link\">\u201cC\u00c2NCER DE COLO DO \u00daTERO ENTRE INDIGENAS ASSOCIADO AO INDICE ADAPTADO DE CONDI\u00c7\u00c3O DE VIDA\u201d<\/a><\/strong><\/p><\/div><\/div>\n<\/div>\n\n\n\n<div class=\"wp-block-uagb-column uagb-column__wrap uagb-column__background-undefined uagb-block-843c4648\"><div class=\"uagb-column__overlay\"><\/div>\n<div class=\"wp-block-uagb-info-box uagb-block-87ac9579 uagb-infobox__content-wrap  uagb-infobox-icon-below-title uagb-infobox-image-valign-top\"><div class=\"uagb-ifb-content\"><div class=\"uagb-ifb-title-wrap\"><h3 class=\"uagb-ifb-title\"><strong>Kamila de Oliveira Pinheiro de Oliveira<\/strong><a href=\"http:\/\/lattes.cnpq.br\/4779551485182671\"><img loading=\"lazy\" decoding=\"async\" width=\"40\" height=\"40\" class=\"wp-image-807\" style=\"width: 40px;\" src=\"https:\/\/propesp.uepa.br\/ppgenf\/wp-content\/uploads\/2020\/03\/Lattes-e1585070878268.jpg\" alt=\"\"><\/a><\/h3><\/div><p class=\"uagb-ifb-desc\"><strong>Orientadora: Dra<\/strong>. <strong>\u00c2ngela Maria Rodrigues Ferreira<\/strong><br><strong>Resumo da disserta\u00e7\u00e3o defendida em 2022:<a href=\"https:\/\/drive.google.com\/file\/d\/1mHjOUUB_P4y6tiRK4x1-Dc0tGFkQe4Ab\/view?usp=share_link\">\u201cASSOCIA\u00c7\u00c3O DOS DETERMINANTES SOCIODEMOGR\u00c1FICOS DE CONTATOS DE HANSEN\u00cdASE COM A ADES\u00c3O \u00c0 VIGIL\u00c2NCIA EPIDEMIOL\u00d3GICA EM UM MUNIC\u00cdPIO AMAZ\u00d4NICO\u201d<\/a><\/strong><\/p><\/div><\/div>\n<\/div>\n<\/div><\/section>\n\n\n\n<section class=\"wp-block-uagb-columns uagb-columns__wrap uagb-columns__background-none uagb-columns__stack-mobile uagb-columns__valign- uagb-columns__gap-15 align uagb-block-3ae4322b uagb-columns__columns-2 uagb-columns__max_width-theme\"><div class=\"uagb-columns__overlay\"><\/div><div class=\"uagb-columns__inner-wrap uagb-columns__columns-2\">\n<div class=\"wp-block-uagb-column uagb-column__wrap uagb-column__background-undefined uagb-block-4cdee33d\"><div class=\"uagb-column__overlay\"><\/div>\n<div class=\"wp-block-uagb-info-box uagb-block-4d84667a uagb-infobox__content-wrap  uagb-infobox-icon-below-title uagb-infobox-image-valign-top\"><div class=\"uagb-ifb-content\"><div class=\"uagb-ifb-title-wrap\"><h3 class=\"uagb-ifb-title\"> <strong>Leticia Lima Oliveira<\/strong><a href=\"http:\/\/lattes.cnpq.br\/7043921168680290\"><img loading=\"lazy\" decoding=\"async\" width=\"40\" height=\"40\" class=\"wp-image-807\" style=\"width: 40px;\" src=\"https:\/\/propesp.uepa.br\/ppgenf\/wp-content\/uploads\/2020\/03\/Lattes-e1585070878268.jpg\" alt=\"\"><\/a><\/h3><\/div><p class=\"uagb-ifb-desc\"><strong>Orientadora: Dra<\/strong>. <strong>Iaci Proen\u00e7a Palmeira<\/strong><br><strong>Resumo da disserta\u00e7\u00e3o defendida em 2022:<\/strong><br><strong><a href=\"https:\/\/drive.google.com\/file\/d\/1SIOJt2oKqqlCKITb5jzkr8Tlf-R0xGYS\/view?usp=share_link\"><em>\u201c<\/em>DAS REPRESENTA\u00c7\u00d5ES SOCAIS AO CUIDADO DE SI: MULHERES CONVIVENDO COM O C\u00c2NCER DO COLO DO \u00daTERO NA AMAZ\u00d4NIA PARAENSE<em>\u201d<\/em><\/a><\/strong><\/p><\/div><\/div>\n<\/div>\n\n\n\n<div class=\"wp-block-uagb-column uagb-column__wrap uagb-column__background-undefined uagb-block-249ac4ea\"><div class=\"uagb-column__overlay\"><\/div><\/div>\n<\/div><\/section>\n<\/div>\n\n\n\n<div class=\"wp-block-uagb-container uagb-block-67b5429b\">\n<section class=\"wp-block-uagb-columns uagb-columns__wrap uagb-columns__background-none uagb-columns__stack-mobile uagb-columns__valign- uagb-columns__gap-15 align uagb-block-aed1bb48 uagb-columns__columns-2 uagb-columns__max_width-theme\"><div class=\"uagb-columns__overlay\"><\/div><div class=\"uagb-columns__inner-wrap uagb-columns__columns-2\">\n<div class=\"wp-block-uagb-column uagb-column__wrap uagb-column__background-undefined uagb-block-1ee3bc91\"><div class=\"uagb-column__overlay\"><\/div>\n<div class=\"wp-block-uagb-info-box uagb-block-6f7fd423 uagb-infobox__content-wrap  uagb-infobox-icon-below-title uagb-infobox-image-valign-top\"><div class=\"uagb-ifb-content\"><div class=\"uagb-ifb-title-wrap\"><h3 class=\"uagb-ifb-title\"><strong>Dayara de Nazar\u00e9 Rosa de Carvalho<\/strong> <a href=\"http:\/\/lattes.cnpq.br\/5155817952916129\"><img loading=\"lazy\" decoding=\"async\" width=\"40\" height=\"40\" class=\"wp-image-807\" style=\"width: 40px;\" src=\"https:\/\/propesp.uepa.br\/ppgenf\/wp-content\/uploads\/2020\/03\/Lattes-e1585070878268.jpg\" alt=\"\"><\/a><\/h3><\/div><p class=\"uagb-ifb-desc\"><br><strong>Orientadora: Dra<\/strong>.<strong> Ivonete Vieira Pereira Peixoto<\/strong><br><strong>Resumo da disserta\u00e7\u00e3o defendida em 2021:<\/strong><a href=\"https:\/\/drive.google.com\/file\/d\/1L4hghMksqDPYoxNFPaK98sUHKrFThYGM\/view?usp=share_link\"><strong><em>\u201cCONSTRU\u00c7\u00c3O DE UM PROTOCOLO ASSISTENCIAL DE ENFERMAGEM AO IDOSO COM C\u00c2NCER EM CUIDADOS PALIATIVOS NA ATEN\u00c7\u00c3O PRIM\u00c1RIA \u00c0 SA\u00daDE<\/em><\/strong>&nbsp;<strong><em>\u201d<\/em><\/strong><\/a><\/p><\/div><\/div>\n<\/div>\n\n\n\n<div class=\"wp-block-uagb-column uagb-column__wrap uagb-column__background-undefined uagb-block-b5c86080\"><div class=\"uagb-column__overlay\"><\/div>\n<div class=\"wp-block-uagb-info-box uagb-block-d4bf35ab uagb-infobox__content-wrap  uagb-infobox-icon-below-title uagb-infobox-image-valign-top\"><div class=\"uagb-ifb-content\"><div class=\"uagb-ifb-title-wrap\"><h3 class=\"uagb-ifb-title\"><strong>Manuela Furtado Veloso de Oliveira<\/strong> <a href=\"http:\/\/lattes.cnpq.br\/7422016235730121\"><img loading=\"lazy\" decoding=\"async\" width=\"40\" height=\"40\" class=\"wp-image-807\" style=\"width: 40px;\" src=\"https:\/\/propesp.uepa.br\/ppgenf\/wp-content\/uploads\/2020\/03\/Lattes-e1585070878268.jpg\" alt=\"\"><\/a><\/h3><\/div><p class=\"uagb-ifb-desc\"><strong>Orientadora: Dra<\/strong>. <strong>M\u00e1rcia Helena Machado Nascimento<\/strong><br><strong>Resumo da disserta\u00e7\u00e3o defendida em 2022:<em><a href=\"https:\/\/drive.google.com\/file\/d\/1uwF7axZP6MeO-pottkw-fvg_Pk8qq2L9\/view?usp=share_link\">\u201cGUIAHQ\u201d PARA CRIAN\u00c7AS EM PEDIATRIA SOBRE MANUTEN\u00c7\u00c3O DE TERAPIA INTRAVENOSA\u201d<\/a><\/em><\/strong><\/p><\/div><\/div>\n<\/div>\n<\/div><\/section>\n\n\n\n<section class=\"wp-block-uagb-columns uagb-columns__wrap uagb-columns__background-none uagb-columns__stack-mobile uagb-columns__valign- uagb-columns__gap-15 align uagb-block-959c7cab uagb-columns__columns-2 uagb-columns__max_width-theme\"><div class=\"uagb-columns__overlay\"><\/div><div class=\"uagb-columns__inner-wrap uagb-columns__columns-2\">\n<div class=\"wp-block-uagb-column uagb-column__wrap uagb-column__background-undefined uagb-block-d890f831\"><div class=\"uagb-column__overlay\"><\/div><\/div>\n\n\n\n<div class=\"wp-block-uagb-column uagb-column__wrap uagb-column__background-undefined uagb-block-78080d78\"><div class=\"uagb-column__overlay\"><\/div>\n<div class=\"wp-block-uagb-info-box uagb-block-dd211620 uagb-infobox__content-wrap  uagb-infobox-icon-below-title uagb-infobox-image-valign-top\"><div class=\"uagb-ifb-content\"><div class=\"uagb-ifb-title-wrap\"><h3 class=\"uagb-ifb-title\"><strong>Sandra Suely Silva de Oliveira<\/strong> <a href=\"http:\/\/lattes.cnpq.br\/2267131111082481\"><img loading=\"lazy\" decoding=\"async\" width=\"40\" height=\"40\" class=\"wp-image-807\" style=\"width: 40px;\" src=\"https:\/\/propesp.uepa.br\/ppgenf\/wp-content\/uploads\/2020\/03\/Lattes-e1585070878268.jpg\" alt=\"\"><\/a><\/h3><\/div><p class=\"uagb-ifb-desc\"><strong>Orientadora: Dra<\/strong>. <strong>Mary Elizabeth de Santana<\/strong><br><strong>Resumo da disserta\u00e7\u00e3o defendida em 2022:<em><a href=\"https:\/\/drive.google.com\/file\/d\/1E7skgbPFf5akUPxMjln2BYHkGl_2XYQH\/view?usp=share_link\">\u201cA EXPERI\u00caNCIA DOS PACIENTES COM C\u00c2NCER DE CABE\u00c7A E PESCO\u00c7O COM A PELE ACOMETIDA PELA RADIODERMATITE\u201d<\/a><\/em><\/strong><\/p><\/div><\/div>\n<\/div>\n<\/div><\/section>\n<\/div>\n<\/div><\/div>\n","protected":false},"excerpt":{"rendered":"<p>10\u00aa TURMA &#8211; UEPA \/ 2019<\/p>\n","protected":false},"author":2,"featured_media":0,"parent":244,"menu_order":0,"comment_status":"closed","ping_status":"closed","template":"","meta":{"_uag_custom_page_level_css":"","site-sidebar-layout":"no-sidebar","site-content-layout":"plain-container","ast-site-content-layout":"normal-width-container","site-content-style":"unboxed","site-sidebar-style":"unboxed","ast-global-header-display":"","ast-banner-title-visibility":"","ast-main-header-display":"","ast-hfb-above-header-display":"","ast-hfb-below-header-display":"","ast-hfb-mobile-header-display":"","site-post-title":"disabled","ast-breadcrumbs-content":"","ast-featured-img":"","footer-sml-layout":"","theme-transparent-header-meta":"","adv-header-id-meta":"","stick-header-meta":"","header-above-stick-meta":"","header-main-stick-meta":"","header-below-stick-meta":"","astra-migrate-meta-layouts":"set","ast-page-background-enabled":"default","ast-page-background-meta":{"desktop":{"background-color":"","background-image":"","background-repeat":"repeat","background-position":"center center","background-size":"auto","background-attachment":"scroll","background-type":"","background-media":"","overlay-type":"","overlay-color":"","overlay-gradient":""},"tablet":{"background-color":"","background-image":"","background-repeat":"repeat","background-position":"center center","background-size":"auto","background-attachment":"scroll","background-type":"","background-media":"","overlay-type":"","overlay-color":"","overlay-gradient":""},"mobile":{"background-color":"","background-image":"","background-repeat":"repeat","background-position":"center center","background-size":"auto","background-attachment":"scroll","background-type":"","background-media":"","overlay-type":"","overlay-color":"","overlay-gradient":""}},"ast-content-background-meta":{"desktop":{"background-color":"var(--ast-global-color-5)","background-image":"","background-repeat":"repeat","background-position":"center center","background-size":"auto","background-attachment":"scroll","background-type":"","background-media":"","overlay-type":"","overlay-color":"","overlay-gradient":""},"tablet":{"background-color":"var(--ast-global-color-5)","background-image":"","background-repeat":"repeat","background-position":"center center","background-size":"auto","background-attachment":"scroll","background-type":"","background-media":"","overlay-type":"","overlay-color":"","overlay-gradient":""},"mobile":{"background-color":"var(--ast-global-color-5)","background-image":"","background-repeat":"repeat","background-position":"center center","background-size":"auto","background-attachment":"scroll","background-type":"","background-media":"","overlay-type":"","overlay-color":"","overlay-gradient":""}},"footnotes":""},"uagb_featured_image_src":{"full":false,"thumbnail":false,"medium":false,"medium_large":false,"large":false,"1536x1536":false,"2048x2048":false},"uagb_author_info":{"display_name":"nelma.ramos@uepa.br","author_link":"https:\/\/propesp.uepa.br\/ppgenf\/index.php\/author\/nelma-ramosuepa-br\/"},"uagb_comment_info":0,"uagb_excerpt":"10\u00aa TURMA &#8211; UEPA \/ 2019","_links":{"self":[{"href":"https:\/\/propesp.uepa.br\/ppgenf\/index.php\/wp-json\/wp\/v2\/pages\/2743"}],"collection":[{"href":"https:\/\/propesp.uepa.br\/ppgenf\/index.php\/wp-json\/wp\/v2\/pages"}],"about":[{"href":"https:\/\/propesp.uepa.br\/ppgenf\/index.php\/wp-json\/wp\/v2\/types\/page"}],"author":[{"embeddable":true,"href":"https:\/\/propesp.uepa.br\/ppgenf\/index.php\/wp-json\/wp\/v2\/users\/2"}],"replies":[{"embeddable":true,"href":"https:\/\/propesp.uepa.br\/ppgenf\/index.php\/wp-json\/wp\/v2\/comments?post=2743"}],"version-history":[{"count":13,"href":"https:\/\/propesp.uepa.br\/ppgenf\/index.php\/wp-json\/wp\/v2\/pages\/2743\/revisions"}],"predecessor-version":[{"id":6409,"href":"https:\/\/propesp.uepa.br\/ppgenf\/index.php\/wp-json\/wp\/v2\/pages\/2743\/revisions\/6409"}],"up":[{"embeddable":true,"href":"https:\/\/propesp.uepa.br\/ppgenf\/index.php\/wp-json\/wp\/v2\/pages\/244"}],"wp:attachment":[{"href":"https:\/\/propesp.uepa.br\/ppgenf\/index.php\/wp-json\/wp\/v2\/media?parent=2743"}],"curies":[{"name":"wp","href":"https:\/\/api.w.org\/{rel}","templated":true}]}}