{"id":275,"date":"2020-01-29T07:58:22","date_gmt":"2020-01-29T10:58:22","guid":{"rendered":"https:\/\/propesp.uepa.br\/ppgenf\/?page_id=275"},"modified":"2023-06-05T11:31:31","modified_gmt":"2023-06-05T14:31:31","slug":"grupo-de-pesquisa","status":"publish","type":"page","link":"https:\/\/propesp.uepa.br\/ppgenf\/index.php\/pesquisa\/grupo-de-pesquisa\/","title":{"rendered":"Grupos de Pesquisa"},"content":{"rendered":"\n<p class=\"has-very-light-gray-color has-text-color has-background has-medium-font-size\" style=\"background-color:#2f6e55\"><strong>UEPA \/ CCBS \/ EEMB<\/strong><\/p>\n\n\n\n<p><strong>INTERVEN\u00c7\u00d5ES DE ENFERMAGEM NO PROCESSO SA\u00daDE DOEN\u00c7A &#8211; IENPSAD<\/strong><\/p>\n\n\n\n<p>L\u00edder(es) do Grupo:&nbsp;<strong><em><strong><em>Dra. Mary Elizabeth de Santana e Ingrid Magali de Souza Pimentel<\/em><\/strong><\/em><\/strong><\/p>\n\n\n\n<p>Acesso: dgp.cnpq.br\/dgp\/espelhogrupo\/5617478825477724<\/p>\n\n\n\n<p><strong>ENFERMAGEM E REPRESENTA\u00c7\u00d5ES SOCIAIS NA ATEN\u00c7\u00c3O \u00c0 SA\u00daDE \u2013 ERAS<\/strong><\/p>\n\n\n\n<p>L\u00edder(es) do Grupo:&nbsp;<strong><em><strong><em>Dra.<\/em><\/strong><\/em><\/strong>&nbsp;<strong><em><strong><em>Ivaneide Leal Ataide Rodrigues e Iaci Proen\u00e7a Palmeira<\/em><\/strong><\/em><\/strong><\/p>\n\n\n\n<p>Acesso: dgp.cnpq.br\/dgp\/espelhogrupo\/0159669696271238<\/p>\n\n\n\n<p><strong>GRUPO DE ESTUDOS DE AGRAVOS EM POPULA\u00c7\u00d5ES TRADICIONAIS DA AMAZ\u00d4NIA &#8211; GEAPA<\/strong><\/p>\n\n\n\n<p>L\u00edder(es) do Grupo:&nbsp;<strong><em><strong><em>Dra. Laura Maria Vidal Nogueira e Ivaneide Leal Ataide Rodrigues<\/em><\/strong><\/em><\/strong><\/p>\n\n\n\n<p>Acesso:dgp.cnpq.br\/dgp\/espelhogrupo\/1855521768053682<\/p>\n\n\n\n<p><strong>GRUPO INTERDISCIPLINAR DE PESQUISAS EM SA\u00daDE COLETIVA E CONTROLE DE ENDEMIAS NA AMAZ\u00d4NIA<\/strong><\/p>\n\n\n\n<p>L\u00edder do Grupo:&nbsp;<strong><em><strong><em>Dra.<\/em><\/strong><\/em><\/strong>&nbsp;<strong><em><strong><em>Ant\u00f4nia Margareth Moita S\u00e1<\/em><\/strong><\/em><\/strong><\/p>\n\n\n\n<p>Acesso: dgp.cnpq.br\/dgp\/espelhogrupo\/6350135629000804<\/p>\n\n\n\n<p><strong>PR\u00c1TICAS EDUCATIVAS EM SA\u00daDE E CUIDADO NA AMAZ\u00d4NIA &#8211; PESCA<\/strong><\/p>\n\n\n\n<p>L\u00edder(es) do Grupo:&nbsp;<strong><em><strong><em>Dra. Marcia Helena Machado Nascimento e Rubenilson Caldas Valois<\/em><\/strong><\/em><\/strong><\/p>\n\n\n\n<p>Acesso: dgp.cnpq.br\/dgp\/espelhogrupo\/3002102652494646<\/p>\n\n\n\n<p><strong>GRUPO DE ESTUDOS E PESQUISAS EM EDUCA\u00c7\u00c3O E SA\u00daDE DAS POPULA\u00c7\u00d5ES AMAZ\u00d4NICAS &#8211; GEPESPA<\/strong><\/p>\n\n\n\n<p>L\u00edder(es) do Grupo: <strong>Edna Ferreira Coelho Galv\u00e3o e Maria Goreth Silva Ferreira<\/strong><\/p>\n\n\n\n<p>Acesso: dgp.cnpq.br\/dgp\/espelhogrupo\/4797132479429543<\/p>\n\n\n\n<p><strong>GRUPO DE ESTUDO E PESQUISA SOCIO AMBIENTAL NA AMAZ\u00d4NIA \u2013 GEPAMAZON<\/strong><\/p>\n\n\n\n<p>L\u00edder do Grupo: <strong>Rosineide da Silva Bentes<\/strong><\/p>\n\n\n\n<p>Acesso: dgp.cnpq.br\/dgp\/espelhogrupo\/2658061118346560<\/p>\n\n\n\n<p class=\"has-very-light-gray-color has-text-color has-background has-medium-font-size\" style=\"background-color:#175f45\"><strong>UFAM \/ EEM<\/strong><\/p>\n\n\n\n<p><strong>GRUPO DE ENFERMAGEM E SA\u00daDE COLETIVA<\/strong><\/p>\n\n\n\n<p>L\u00edder do Grupo:&nbsp;<em><strong>Dr. David Lopes Netto<\/strong><\/em><\/p>\n\n\n\n<p>Endere\u00e7o para acessar este espelho: dgp.cnpq.br\/dgp\/espelhogrupo\/4068552701483399<\/p>\n\n\n\n<hr class=\"wp-block-separator has-css-opacity\"\/>\n\n\n\n<p><strong>N\u00daCLEO INTERDISCIPLINAR DE PESQUISA EM ENFERMAGEM E SA\u00daDE &#8211; NIPES<\/strong><\/p>\n\n\n\n<p>L\u00edder do Grupo:&nbsp;<em><strong>Dra. Sandra Greice Becker<\/strong><\/em><\/p>\n\n\n\n<p>Endere\u00e7o para acessar este espelho: dgp.cnpq.br\/dgp\/espelhogrupo\/0999889934520960<\/p>\n\n\n\n<hr class=\"wp-block-separator has-css-opacity\"\/>\n\n\n\n<p><strong>HIST\u00d3RIA E LEGISLA\u00c7\u00c3O DA SA\u00daDE E DA ENFERMAGEM<\/strong><\/p>\n\n\n\n<p>L\u00edder do Grupo:&nbsp;<strong><em>Dr. David Lopes Netto<\/em><\/strong><\/p>\n\n\n\n<p>Endere\u00e7o para acessar este espelho: dgp.cnpq.br\/dgp\/espelhogrupo\/1001477997088223<\/p>\n\n\n\n<hr class=\"wp-block-separator has-css-opacity\"\/>\n\n\n\n<p><strong>METODOS EPIDEMIOL\u00d3GICOS E AN\u00c1LISE DE SITUA\u00c7\u00c3O DE SA\u00daDE<\/strong><\/p>\n\n\n\n<p>L\u00edder do Grupo:&nbsp;<em><strong>Dra. Maria Jacirema Ferreira Gon\u00e7alves<\/strong><\/em><\/p>\n\n\n\n<p>Endere\u00e7o para acessar este espelho: dgp.cnpq.br\/dgp\/espelhogrupo\/7438517645769356<\/p>\n\n\n\n<hr class=\"wp-block-separator has-css-opacity\"\/>\n\n\n\n<p><strong>GRUPO DE PESQUISA EDUCA\u00c7\u00c3O EM SA\u00daDE E ENFERMAGEM<\/strong><\/p>\n\n\n\n<p>L\u00edder do Grupo:&nbsp;<strong><em>Dra. Nair Chase da Silva<\/em><\/strong><\/p>\n\n\n\n<p>Endere\u00e7o para acessar este espelho: dgp.cnpq.br\/dgp\/espelhogrupo\/9045276763074633<\/p>\n","protected":false},"excerpt":{"rendered":"<p>UEPA \/ CCBS \/ EEMB INTERVEN\u00c7\u00d5ES DE ENFERMAGEM NO PROCESSO SA\u00daDE DOEN\u00c7A &#8211; IENPSAD L\u00edder(es) do Grupo:&nbsp;Dra. Mary Elizabeth de Santana e Ingrid Magali de Souza Pimentel Acesso: dgp.cnpq.br\/dgp\/espelhogrupo\/5617478825477724 ENFERMAGEM E REPRESENTA\u00c7\u00d5ES SOCIAIS NA ATEN\u00c7\u00c3O \u00c0 SA\u00daDE \u2013 ERAS L\u00edder(es) do Grupo:&nbsp;Dra.&nbsp;Ivaneide Leal Ataide Rodrigues e Iaci Proen\u00e7a Palmeira Acesso: dgp.cnpq.br\/dgp\/espelhogrupo\/0159669696271238 GRUPO DE ESTUDOS DE &hellip;<\/p>\n<p class=\"read-more\"> <a class=\"\" href=\"https:\/\/propesp.uepa.br\/ppgenf\/index.php\/pesquisa\/grupo-de-pesquisa\/\"> <span class=\"screen-reader-text\">Grupos de Pesquisa<\/span> Leia mais &raquo;<\/a><\/p>\n","protected":false},"author":3,"featured_media":0,"parent":269,"menu_order":0,"comment_status":"closed","ping_status":"closed","template":"","meta":{"_uag_custom_page_level_css":"","site-sidebar-layout":"default","site-content-layout":"default","ast-site-content-layout":"","site-content-style":"default","site-sidebar-style":"default","ast-global-header-display":"","ast-banner-title-visibility":"","ast-main-header-display":"","ast-hfb-above-header-display":"","ast-hfb-below-header-display":"","ast-hfb-mobile-header-display":"","site-post-title":"disabled","ast-breadcrumbs-content":"","ast-featured-img":"","footer-sml-layout":"","theme-transparent-header-meta":"default","adv-header-id-meta":"","stick-header-meta":"","header-above-stick-meta":"","header-main-stick-meta":"","header-below-stick-meta":"","astra-migrate-meta-layouts":"","ast-page-background-enabled":"default","ast-page-background-meta":{"desktop":{"background-color":"","background-image":"","background-repeat":"repeat","background-position":"center center","background-size":"auto","background-attachment":"scroll","background-type":"","background-media":"","overlay-type":"","overlay-color":"","overlay-gradient":""},"tablet":{"background-color":"","background-image":"","background-repeat":"repeat","background-position":"center center","background-size":"auto","background-attachment":"scroll","background-type":"","background-media":"","overlay-type":"","overlay-color":"","overlay-gradient":""},"mobile":{"background-color":"","background-image":"","background-repeat":"repeat","background-position":"center center","background-size":"auto","background-attachment":"scroll","background-type":"","background-media":"","overlay-type":"","overlay-color":"","overlay-gradient":""}},"ast-content-background-meta":{"desktop":{"background-color":"var(--ast-global-color-5)","background-image":"","background-repeat":"repeat","background-position":"center center","background-size":"auto","background-attachment":"scroll","background-type":"","background-media":"","overlay-type":"","overlay-color":"","overlay-gradient":""},"tablet":{"background-color":"var(--ast-global-color-5)","background-image":"","background-repeat":"repeat","background-position":"center center","background-size":"auto","background-attachment":"scroll","background-type":"","background-media":"","overlay-type":"","overlay-color":"","overlay-gradient":""},"mobile":{"background-color":"var(--ast-global-color-5)","background-image":"","background-repeat":"repeat","background-position":"center center","background-size":"auto","background-attachment":"scroll","background-type":"","background-media":"","overlay-type":"","overlay-color":"","overlay-gradient":""}},"footnotes":""},"uagb_featured_image_src":{"full":false,"thumbnail":false,"medium":false,"medium_large":false,"large":false,"1536x1536":false,"2048x2048":false},"uagb_author_info":{"display_name":"admin@uepa.br","author_link":"https:\/\/propesp.uepa.br\/ppgenf\/index.php\/author\/adminuepa-br\/"},"uagb_comment_info":0,"uagb_excerpt":"UEPA \/ CCBS \/ EEMB INTERVEN\u00c7\u00d5ES DE ENFERMAGEM NO PROCESSO SA\u00daDE DOEN\u00c7A &#8211; IENPSAD L\u00edder(es) do Grupo:&nbsp;Dra. Mary Elizabeth de Santana e Ingrid Magali de Souza Pimentel Acesso: dgp.cnpq.br\/dgp\/espelhogrupo\/5617478825477724 ENFERMAGEM E REPRESENTA\u00c7\u00d5ES SOCIAIS NA ATEN\u00c7\u00c3O \u00c0 SA\u00daDE \u2013 ERAS L\u00edder(es) do Grupo:&nbsp;Dra.&nbsp;Ivaneide Leal Ataide Rodrigues e Iaci Proen\u00e7a Palmeira Acesso: dgp.cnpq.br\/dgp\/espelhogrupo\/0159669696271238 GRUPO DE ESTUDOS DE&hellip;","_links":{"self":[{"href":"https:\/\/propesp.uepa.br\/ppgenf\/index.php\/wp-json\/wp\/v2\/pages\/275"}],"collection":[{"href":"https:\/\/propesp.uepa.br\/ppgenf\/index.php\/wp-json\/wp\/v2\/pages"}],"about":[{"href":"https:\/\/propesp.uepa.br\/ppgenf\/index.php\/wp-json\/wp\/v2\/types\/page"}],"author":[{"embeddable":true,"href":"https:\/\/propesp.uepa.br\/ppgenf\/index.php\/wp-json\/wp\/v2\/users\/3"}],"replies":[{"embeddable":true,"href":"https:\/\/propesp.uepa.br\/ppgenf\/index.php\/wp-json\/wp\/v2\/comments?post=275"}],"version-history":[{"count":5,"href":"https:\/\/propesp.uepa.br\/ppgenf\/index.php\/wp-json\/wp\/v2\/pages\/275\/revisions"}],"predecessor-version":[{"id":3418,"href":"https:\/\/propesp.uepa.br\/ppgenf\/index.php\/wp-json\/wp\/v2\/pages\/275\/revisions\/3418"}],"up":[{"embeddable":true,"href":"https:\/\/propesp.uepa.br\/ppgenf\/index.php\/wp-json\/wp\/v2\/pages\/269"}],"wp:attachment":[{"href":"https:\/\/propesp.uepa.br\/ppgenf\/index.php\/wp-json\/wp\/v2\/media?parent=275"}],"curies":[{"name":"wp","href":"https:\/\/api.w.org\/{rel}","templated":true}]}}