{"id":277,"date":"2020-01-29T07:58:30","date_gmt":"2020-01-29T10:58:30","guid":{"rendered":"https:\/\/propesp.uepa.br\/ppgenf\/?page_id=277"},"modified":"2026-02-24T12:04:27","modified_gmt":"2026-02-24T15:04:27","slug":"defesas-e-qualificacoes","status":"publish","type":"page","link":"https:\/\/propesp.uepa.br\/ppgenf\/index.php\/agenda-calendario\/defesas-e-qualificacoes\/","title":{"rendered":"Qualifica\u00e7\u00f5es e Defesas &#8211; MESTRADO"},"content":{"rendered":"\n<div class=\"wp-block-uagb-advanced-heading uagb-block-18eae0fd\"><h1 class=\"uagb-heading-text\"><strong>PROGRAMA\u00c7\u00c3O &#8211; QUALIFICA\u00c7\u00d5ES E DEFESAS \/ MESTRADO<\/strong><\/h1><\/div>\n\n\n\n<div class=\"wp-block-uagb-container uagb-block-dd0b9779 default uagb-is-root-container\">\n<div class=\"wp-block-uagb-container uagb-block-c634566e\">\n<div class=\"wp-block-uagb-icon-list uagb-block-e29bcc8a\"><div class=\"uagb-icon-list__wrap\">\n<div class=\"wp-block-uagb-icon-list-child uagb-block-a93d0cd2\"><a target=\"_self\" aria-label=\"Qualifica\u00e7\u00f5es - 2026\" rel=\"noopener noreferrer\" href=\"https:\/\/propesp.uepa.br\/ppgenf\/index.php\/agenda-calendario\/defesas-e-qualificacoes\/qualificacoes-2026-mestrado\/\"> <\/a><span class=\"uagb-icon-list__source-wrap\"><svg xmlns=\"https:\/\/www.w3.org\/2000\/svg\" viewBox=\"0 0 448 512\"><path d=\"M96 32C96 14.33 110.3 0 128 0C145.7 0 160 14.33 160 32V64H288V32C288 14.33 302.3 0 320 0C337.7 0 352 14.33 352 32V64H400C426.5 64 448 85.49 448 112V160H0V112C0 85.49 21.49 64 48 64H96V32zM448 464C448 490.5 426.5 512 400 512H48C21.49 512 0 490.5 0 464V192H448V464z\"><\/path><\/svg><\/span><span class=\"uagb-icon-list__label\"><strong>Qualifica\u00e7\u00f5es &#8211; 2026<\/strong><\/span><\/div>\n\n\n\n<div class=\"wp-block-uagb-icon-list-child uagb-block-aa10df39\"><a target=\"_self\" aria-label=\"Qualifica\u00e7\u00f5es - 2025\" rel=\"noopener noreferrer\" href=\"https:\/\/propesp.uepa.br\/ppgenf\/index.php\/agenda-calendario\/defesas-e-qualificacoes\/qualificacoes-2025\/\"> <\/a><span class=\"uagb-icon-list__source-wrap\"><svg xmlns=\"https:\/\/www.w3.org\/2000\/svg\" viewBox=\"0 0 448 512\"><path d=\"M96 32C96 14.33 110.3 0 128 0C145.7 0 160 14.33 160 32V64H288V32C288 14.33 302.3 0 320 0C337.7 0 352 14.33 352 32V64H400C426.5 64 448 85.49 448 112V160H0V112C0 85.49 21.49 64 48 64H96V32zM448 464C448 490.5 426.5 512 400 512H48C21.49 512 0 490.5 0 464V192H448V464z\"><\/path><\/svg><\/span><span class=\"uagb-icon-list__label\"><strong>Qualifica\u00e7\u00f5es &#8211; 2025<\/strong><\/span><\/div>\n\n\n\n<div class=\"wp-block-uagb-icon-list-child uagb-block-91099667\"><a target=\"_self\" aria-label=\"Qualifica\u00e7\u00f5es - 2024\" rel=\"noopener noreferrer\" href=\"https:\/\/propesp.uepa.br\/ppgenf\/index.php\/agenda-calendario\/defesas-e-qualificacoes\/programacao-2024\/\"> <\/a><span class=\"uagb-icon-list__source-wrap\"><svg xmlns=\"https:\/\/www.w3.org\/2000\/svg\" viewBox=\"0 0 448 512\"><path d=\"M96 32C96 14.33 110.3 0 128 0C145.7 0 160 14.33 160 32V64H288V32C288 14.33 302.3 0 320 0C337.7 0 352 14.33 352 32V64H400C426.5 64 448 85.49 448 112V160H0V112C0 85.49 21.49 64 48 64H96V32zM448 464C448 490.5 426.5 512 400 512H48C21.49 512 0 490.5 0 464V192H448V464z\"><\/path><\/svg><\/span><span class=\"uagb-icon-list__label\"><strong>Qualifica\u00e7\u00f5es &#8211; 2024<\/strong><\/span><\/div>\n<\/div><\/div>\n<\/div>\n\n\n\n<div class=\"wp-block-uagb-container uagb-block-e8c4353b\">\n<div class=\"wp-block-uagb-icon-list uagb-block-a0953dc9\"><div class=\"uagb-icon-list__wrap\">\n<div class=\"wp-block-uagb-icon-list-child uagb-block-2862ae0c\"><a target=\"_self\" aria-label=\"Defesas - 2026\" rel=\"noopener noreferrer\" href=\"https:\/\/propesp.uepa.br\/ppgenf\/index.php\/agenda-calendario\/defesas-e-qualificacoes\/defesas-2026-mestrado\/\"> <\/a><span class=\"uagb-icon-list__source-wrap\"><svg xmlns=\"https:\/\/www.w3.org\/2000\/svg\" viewBox=\"0 0 448 512\"><path d=\"M96 32C96 14.33 110.3 0 128 0C145.7 0 160 14.33 160 32V64H288V32C288 14.33 302.3 0 320 0C337.7 0 352 14.33 352 32V64H400C426.5 64 448 85.49 448 112V160H0V112C0 85.49 21.49 64 48 64H96V32zM448 464C448 490.5 426.5 512 400 512H48C21.49 512 0 490.5 0 464V192H448V464z\"><\/path><\/svg><\/span><span class=\"uagb-icon-list__label\"><strong>Defesas &#8211; 2026<\/strong><\/span><\/div>\n\n\n\n<div class=\"wp-block-uagb-icon-list-child uagb-block-d3d2cfed\"><a target=\"_self\" aria-label=\"Defesas - 2025\" rel=\"noopener noreferrer\" href=\"https:\/\/propesp.uepa.br\/ppgenf\/index.php\/agenda-calendario\/defesas-e-qualificacoes\/defesas-2025\/\"> <\/a><span class=\"uagb-icon-list__source-wrap\"><svg xmlns=\"https:\/\/www.w3.org\/2000\/svg\" viewBox=\"0 0 448 512\"><path d=\"M96 32C96 14.33 110.3 0 128 0C145.7 0 160 14.33 160 32V64H288V32C288 14.33 302.3 0 320 0C337.7 0 352 14.33 352 32V64H400C426.5 64 448 85.49 448 112V160H0V112C0 85.49 21.49 64 48 64H96V32zM448 464C448 490.5 426.5 512 400 512H48C21.49 512 0 490.5 0 464V192H448V464z\"><\/path><\/svg><\/span><span class=\"uagb-icon-list__label\"><strong>Defesas &#8211; 2025<\/strong><\/span><\/div>\n\n\n\n<div class=\"wp-block-uagb-icon-list-child uagb-block-a1d6c34d\"><a target=\"_self\" aria-label=\"Defesas - 2024\" rel=\"noopener noreferrer\" href=\"https:\/\/propesp.uepa.br\/ppgenf\/index.php\/agenda-calendario\/defesas-e-qualificacoes\/defesas-2024\/\"> <\/a><span class=\"uagb-icon-list__source-wrap\"><svg xmlns=\"https:\/\/www.w3.org\/2000\/svg\" viewBox=\"0 0 448 512\"><path d=\"M96 32C96 14.33 110.3 0 128 0C145.7 0 160 14.33 160 32V64H288V32C288 14.33 302.3 0 320 0C337.7 0 352 14.33 352 32V64H400C426.5 64 448 85.49 448 112V160H0V112C0 85.49 21.49 64 48 64H96V32zM448 464C448 490.5 426.5 512 400 512H48C21.49 512 0 490.5 0 464V192H448V464z\"><\/path><\/svg><\/span><span class=\"uagb-icon-list__label\"><strong>Defesas &#8211; 2024<\/strong><\/span><\/div>\n<\/div><\/div>\n<\/div>\n<\/div>\n\n\n\n<div class=\"wp-block-uagb-container uagb-block-83cfbb1e default uagb-is-root-container\">\n<div class=\"wp-block-uagb-container uagb-block-d79392ef\">\n<div class=\"wp-block-uagb-icon-list uagb-block-58183ba5\"><div class=\"uagb-icon-list__wrap\">\n<div class=\"wp-block-uagb-icon-list-child uagb-block-d8033232\"><a target=\"_self\" aria-label=\"Qualifica\u00e7\u00f5es e Defesas - 2023\" rel=\"noopener noreferrer\" href=\"https:\/\/propesp.uepa.br\/ppgenf\/index.php\/agenda-calendario\/defesas-e-qualificacoes\/programacao-2023\/\"> <\/a><span class=\"uagb-icon-list__source-wrap\"><svg xmlns=\"https:\/\/www.w3.org\/2000\/svg\" viewBox=\"0 0 448 512\"><path d=\"M96 32C96 14.33 110.3 0 128 0C145.7 0 160 14.33 160 32V64H288V32C288 14.33 302.3 0 320 0C337.7 0 352 14.33 352 32V64H400C426.5 64 448 85.49 448 112V160H0V112C0 85.49 21.49 64 48 64H96V32zM448 464C448 490.5 426.5 512 400 512H48C21.49 512 0 490.5 0 464V192H448V464z\"><\/path><\/svg><\/span><span class=\"uagb-icon-list__label\"><strong>Qualifica\u00e7\u00f5es e Defesas &#8211; 2023<\/strong><\/span><\/div>\n\n\n\n<div class=\"wp-block-uagb-icon-list-child uagb-block-270ffde0\"><a target=\"_self\" aria-label=\"Qualifica\u00e7\u00f5es e Defesas - 2022\" rel=\"noopener noreferrer\" href=\"https:\/\/propesp.uepa.br\/ppgenf\/index.php\/agenda-calendario\/defesas-e-qualificacoes\/programacao-2022\/\"> <\/a><span class=\"uagb-icon-list__source-wrap\"><svg xmlns=\"https:\/\/www.w3.org\/2000\/svg\" viewBox=\"0 0 448 512\"><path d=\"M96 32C96 14.33 110.3 0 128 0C145.7 0 160 14.33 160 32V64H288V32C288 14.33 302.3 0 320 0C337.7 0 352 14.33 352 32V64H400C426.5 64 448 85.49 448 112V160H0V112C0 85.49 21.49 64 48 64H96V32zM448 464C448 490.5 426.5 512 400 512H48C21.49 512 0 490.5 0 464V192H448V464z\"><\/path><\/svg><\/span><span class=\"uagb-icon-list__label\"><strong>Qualifica\u00e7\u00f5es e Defesas &#8211; 2022<\/strong><\/span><\/div>\n\n\n\n<div class=\"wp-block-uagb-icon-list-child uagb-block-1e40d44b\"><a target=\"_self\" aria-label=\"Qualifica\u00e7\u00f5es e Defesas - 2021\" rel=\"noopener noreferrer\" href=\"https:\/\/propesp.uepa.br\/ppgenf\/index.php\/agenda-calendario\/defesas-e-qualificacoes\/programacao-2021\/\"> <\/a><span class=\"uagb-icon-list__source-wrap\"><svg xmlns=\"https:\/\/www.w3.org\/2000\/svg\" viewBox=\"0 0 448 512\"><path d=\"M96 32C96 14.33 110.3 0 128 0C145.7 0 160 14.33 160 32V64H288V32C288 14.33 302.3 0 320 0C337.7 0 352 14.33 352 32V64H400C426.5 64 448 85.49 448 112V160H0V112C0 85.49 21.49 64 48 64H96V32zM448 464C448 490.5 426.5 512 400 512H48C21.49 512 0 490.5 0 464V192H448V464z\"><\/path><\/svg><\/span><span class=\"uagb-icon-list__label\"><strong>Qualifica\u00e7\u00f5es e Defesas &#8211; 2021<\/strong><\/span><\/div>\n<\/div><\/div>\n<\/div>\n<\/div>\n","protected":false},"excerpt":{"rendered":"<p>PROGRAMA\u00c7\u00c3O &#8211; QUALIFICA\u00c7\u00d5ES E DEFESAS \/ MESTRADO<\/p>\n","protected":false},"author":3,"featured_media":0,"parent":579,"menu_order":0,"comment_status":"closed","ping_status":"closed","template":"","meta":{"_uag_custom_page_level_css":"","site-sidebar-layout":"default","site-content-layout":"default","ast-site-content-layout":"default","site-content-style":"default","site-sidebar-style":"default","ast-global-header-display":"","ast-banner-title-visibility":"","ast-main-header-display":"","ast-hfb-above-header-display":"","ast-hfb-below-header-display":"","ast-hfb-mobile-header-display":"","site-post-title":"disabled","ast-breadcrumbs-content":"","ast-featured-img":"","footer-sml-layout":"","theme-transparent-header-meta":"default","adv-header-id-meta":"","stick-header-meta":"","header-above-stick-meta":"","header-main-stick-meta":"","header-below-stick-meta":"","astra-migrate-meta-layouts":"set","ast-page-background-enabled":"default","ast-page-background-meta":{"desktop":{"background-color":"","background-image":"","background-repeat":"repeat","background-position":"center center","background-size":"auto","background-attachment":"scroll","background-type":"","background-media":"","overlay-type":"","overlay-color":"","overlay-gradient":""},"tablet":{"background-color":"","background-image":"","background-repeat":"repeat","background-position":"center center","background-size":"auto","background-attachment":"scroll","background-type":"","background-media":"","overlay-type":"","overlay-color":"","overlay-gradient":""},"mobile":{"background-color":"","background-image":"","background-repeat":"repeat","background-position":"center center","background-size":"auto","background-attachment":"scroll","background-type":"","background-media":"","overlay-type":"","overlay-color":"","overlay-gradient":""}},"ast-content-background-meta":{"desktop":{"background-color":"var(--ast-global-color-5)","background-image":"","background-repeat":"repeat","background-position":"center center","background-size":"auto","background-attachment":"scroll","background-type":"","background-media":"","overlay-type":"","overlay-color":"","overlay-gradient":""},"tablet":{"background-color":"var(--ast-global-color-5)","background-image":"","background-repeat":"repeat","background-position":"center center","background-size":"auto","background-attachment":"scroll","background-type":"","background-media":"","overlay-type":"","overlay-color":"","overlay-gradient":""},"mobile":{"background-color":"var(--ast-global-color-5)","background-image":"","background-repeat":"repeat","background-position":"center center","background-size":"auto","background-attachment":"scroll","background-type":"","background-media":"","overlay-type":"","overlay-color":"","overlay-gradient":""}},"footnotes":""},"uagb_featured_image_src":{"full":false,"thumbnail":false,"medium":false,"medium_large":false,"large":false,"1536x1536":false,"2048x2048":false},"uagb_author_info":{"display_name":"admin@uepa.br","author_link":"https:\/\/propesp.uepa.br\/ppgenf\/index.php\/author\/adminuepa-br\/"},"uagb_comment_info":0,"uagb_excerpt":"PROGRAMA\u00c7\u00c3O &#8211; QUALIFICA\u00c7\u00d5ES E DEFESAS \/ MESTRADO","_links":{"self":[{"href":"https:\/\/propesp.uepa.br\/ppgenf\/index.php\/wp-json\/wp\/v2\/pages\/277"}],"collection":[{"href":"https:\/\/propesp.uepa.br\/ppgenf\/index.php\/wp-json\/wp\/v2\/pages"}],"about":[{"href":"https:\/\/propesp.uepa.br\/ppgenf\/index.php\/wp-json\/wp\/v2\/types\/page"}],"author":[{"embeddable":true,"href":"https:\/\/propesp.uepa.br\/ppgenf\/index.php\/wp-json\/wp\/v2\/users\/3"}],"replies":[{"embeddable":true,"href":"https:\/\/propesp.uepa.br\/ppgenf\/index.php\/wp-json\/wp\/v2\/comments?post=277"}],"version-history":[{"count":45,"href":"https:\/\/propesp.uepa.br\/ppgenf\/index.php\/wp-json\/wp\/v2\/pages\/277\/revisions"}],"predecessor-version":[{"id":6319,"href":"https:\/\/propesp.uepa.br\/ppgenf\/index.php\/wp-json\/wp\/v2\/pages\/277\/revisions\/6319"}],"up":[{"embeddable":true,"href":"https:\/\/propesp.uepa.br\/ppgenf\/index.php\/wp-json\/wp\/v2\/pages\/579"}],"wp:attachment":[{"href":"https:\/\/propesp.uepa.br\/ppgenf\/index.php\/wp-json\/wp\/v2\/media?parent=277"}],"curies":[{"name":"wp","href":"https:\/\/api.w.org\/{rel}","templated":true}]}}