{"id":289,"date":"2020-01-29T07:59:58","date_gmt":"2020-01-29T10:59:58","guid":{"rendered":"https:\/\/propesp.uepa.br\/ppgenf\/?page_id=289"},"modified":"2026-03-02T14:26:23","modified_gmt":"2026-03-02T17:26:23","slug":"processo-seletivo","status":"publish","type":"page","link":"https:\/\/propesp.uepa.br\/ppgenf\/index.php\/processo-seletivo\/","title":{"rendered":"PROCESSOS SELETIVOS"},"content":{"rendered":"\n<div class=\"wp-block-uagb-container uagb-block-04ee57d6 alignfull uagb-is-root-container\"><div class=\"uagb-container-inner-blocks-wrap\">\n<p><\/p>\n\n\n\n<div class=\"wp-block-uagb-advanced-heading uagb-block-c556bcae\"><h1 class=\"uagb-heading-text\"><strong>Processos Seletivos <\/strong><\/h1><div class=\"uagb-separator\"><\/div><\/div>\n\n\n\n<p class=\"has-text-align-left has-white-background-color has-background\" style=\"font-size:30px;line-height:0.5\"><strong>Apresenta\u00e7\u00e3o<\/strong><\/p>\n\n\n\n<div class=\"wp-block-uagb-advanced-heading uagb-block-9a3c0a51\"><h3 class=\"uagb-heading-text\"><strong>Sele\u00e7\u00e3o \u2013 Aluno Regular<\/strong><\/h3><div class=\"uagb-separator\"><\/div><\/div>\n\n\n\n<div class=\"wp-block-uagb-advanced-heading uagb-block-69473dea justify\"><p class=\"uagb-heading-text\">Conforme preconizado no Regimento Interno do Programa no&nbsp;<strong>Cap\u00edtulo VI do Processo de Sele\u00e7\u00e3o<\/strong>, o ingresso para&nbsp;<strong>Aluno Regular<\/strong>&nbsp;se d\u00e1 de acordo com as normas estabelecidas no Edital de Sele\u00e7\u00e3o, que acontece anualmente no 1\u00b0 semestre de cada ano letivo, estando composto de duas&nbsp;fases, todas de&nbsp;<strong>car\u00e1ter eliminat\u00f3rio<\/strong>, conforme descri\u00e7\u00e3o a seguir, e a nota m\u00ednima de aprova\u00e7\u00e3o \u00e9 7,0 (sete) em cada fase.<br><br>A)&nbsp;<strong>Primeira fase compreender\u00e1 as seguintes etapas:<\/strong>&nbsp;1) An\u00e1lise do<strong>&nbsp;da Proposta de Pesquisa para o Curso de Mestrado e do Projeto para o Curso de Doutorado, <\/strong>sendo observado se est\u00e1&nbsp;compat\u00edvel com a Linha de Pesquisa escolhida; 2<strong>) An\u00e1lise do Curr\u00edculo Lattes; <\/strong>e nesta fase ser\u00e1 eliminado o candidato que n\u00e3o obtiver a nota m\u00ednima exigida na fase.<br>B)&nbsp;<strong>Segunda fase \u2013&nbsp;Entrevista<\/strong><\/p><\/div>\n\n\n\n<div class=\"wp-block-columns is-layout-flex wp-container-core-columns-layout-1 wp-block-columns-is-layout-flex\">\n<div class=\"wp-block-column is-layout-flow wp-block-column-is-layout-flow\" style=\"flex-basis:100%\">\n<div class=\"wp-block-uagb-advanced-heading uagb-block-4a0e4671\"><h4 class=\"uagb-heading-text\"><a href=\"https:\/\/propesp.uepa.br\/ppgenf\/index.php\/processo-seletivo\/regular\/\"><strong>Editais<\/strong> &#8211; <strong>Mestrado<\/strong><\/a><\/h4><\/div>\n\n\n\n<div class=\"wp-block-uagb-advanced-heading uagb-block-a8845414\"><h4 class=\"uagb-heading-text\"><a href=\"https:\/\/propesp.uepa.br\/ppgenf\/index.php\/processo-seletivo\/aluno-regular\/\"><strong>Editais<\/strong> &#8211; <strong>Doutorado<\/strong><\/a><\/h4><\/div>\n\n\n\n<div class=\"wp-block-uagb-advanced-heading uagb-block-4ebab71a\"><h4 class=\"uagb-heading-text\"><a href=\"https:\/\/propesp.uepa.br\/ppgenf\/index.php\/processo-seletivo\/edital-hemopa\/\"><strong>Edital<\/strong> &#8211; <strong>Hemopa<\/strong><\/a><\/h4><\/div>\n<\/div>\n<\/div>\n\n\n\n<div class=\"wp-block-uagb-advanced-heading uagb-block-24c56da5\"><h3 class=\"uagb-heading-text\"><strong>Sele\u00e7\u00e3o \u2013 Aluno Especial<\/strong><\/h3><div class=\"uagb-separator\"><\/div><\/div>\n\n\n\n<div class=\"wp-block-uagb-advanced-heading uagb-block-eb1d8e96 justify\"><p class=\"uagb-heading-text\">O Programa de P\u00f3s-Gradua\u00e7\u00e3o em Enfermagem do Centro de Ci\u00eancias Biol\u00f3gicas e da Sa\u00fade da Universidade do Estado do Par\u00e1, de acordo com delibera\u00e7\u00e3o em Reuni\u00e3o de Colegiado e nos termos do Regimento &#8211; Art. 46, ser\u00e1 ofertada vaga para&nbsp;<strong>Aluno Especial&nbsp;<\/strong>nas disciplinas eletivas. A Sele\u00e7\u00e3o se d\u00e1 atrav\u00e9s de Edital especifico.&nbsp;Somente ser\u00e1 permitida a admiss\u00e3o de discente em situa\u00e7\u00e3o especial, de forma acumulada, no m\u00e1ximo de 8 cr\u00e9ditos para o Curso de Mestrado e 12 para o Curso de Doutorado, e ser\u00e1 permitida a matricula em apenas uma disciplina por semestre letivo.<\/p><\/div>\n\n\n\n<div class=\"wp-block-uagb-advanced-heading uagb-block-32f71810 justify\"><h4 class=\"uagb-heading-text\"><strong><a href=\"https:\/\/propesp.uepa.br\/ppgenf\/index.php\/processo-seletivo\/especial\/\">Editais<\/a><\/strong><\/h4><\/div>\n<\/div><\/div>\n","protected":false},"excerpt":{"rendered":"<p>Processos Seletivos Apresenta\u00e7\u00e3o Sele\u00e7\u00e3o \u2013 Aluno Regular Conforme preconizado no Regimento Interno do Programa no&nbsp;Cap\u00edtulo VI do Processo de Sele\u00e7\u00e3o, o ingresso para&nbsp;Aluno Regular&nbsp;se d\u00e1 de acordo com as normas estabelecidas no Edital de Sele\u00e7\u00e3o, que acontece anualmente no 1\u00b0 semestre de cada ano letivo, estando composto de duas&nbsp;fases, todas de&nbsp;car\u00e1ter eliminat\u00f3rio, conforme descri\u00e7\u00e3o a &hellip;<\/p>\n<p class=\"read-more\"> <a class=\"\" href=\"https:\/\/propesp.uepa.br\/ppgenf\/index.php\/processo-seletivo\/\"> <span class=\"screen-reader-text\">PROCESSOS SELETIVOS<\/span> Leia mais &raquo;<\/a><\/p>\n","protected":false},"author":3,"featured_media":0,"parent":0,"menu_order":0,"comment_status":"closed","ping_status":"closed","template":"","meta":{"_uag_custom_page_level_css":"","site-sidebar-layout":"no-sidebar","site-content-layout":"plain-container","ast-site-content-layout":"normal-width-container","site-content-style":"unboxed","site-sidebar-style":"unboxed","ast-global-header-display":"","ast-banner-title-visibility":"","ast-main-header-display":"","ast-hfb-above-header-display":"","ast-hfb-below-header-display":"","ast-hfb-mobile-header-display":"","site-post-title":"disabled","ast-breadcrumbs-content":"","ast-featured-img":"","footer-sml-layout":"","theme-transparent-header-meta":"default","adv-header-id-meta":"","stick-header-meta":"","header-above-stick-meta":"","header-main-stick-meta":"","header-below-stick-meta":"","astra-migrate-meta-layouts":"set","ast-page-background-enabled":"default","ast-page-background-meta":{"desktop":{"background-color":"","background-image":"","background-repeat":"repeat","background-position":"center center","background-size":"auto","background-attachment":"scroll","background-type":"","background-media":"","overlay-type":"","overlay-color":"","overlay-gradient":""},"tablet":{"background-color":"","background-image":"","background-repeat":"repeat","background-position":"center center","background-size":"auto","background-attachment":"scroll","background-type":"","background-media":"","overlay-type":"","overlay-color":"","overlay-gradient":""},"mobile":{"background-color":"","background-image":"","background-repeat":"repeat","background-position":"center center","background-size":"auto","background-attachment":"scroll","background-type":"","background-media":"","overlay-type":"","overlay-color":"","overlay-gradient":""}},"ast-content-background-meta":{"desktop":{"background-color":"var(--ast-global-color-5)","background-image":"","background-repeat":"repeat","background-position":"center center","background-size":"auto","background-attachment":"scroll","background-type":"","background-media":"","overlay-type":"","overlay-color":"","overlay-gradient":""},"tablet":{"background-color":"var(--ast-global-color-5)","background-image":"","background-repeat":"repeat","background-position":"center center","background-size":"auto","background-attachment":"scroll","background-type":"","background-media":"","overlay-type":"","overlay-color":"","overlay-gradient":""},"mobile":{"background-color":"var(--ast-global-color-5)","background-image":"","background-repeat":"repeat","background-position":"center center","background-size":"auto","background-attachment":"scroll","background-type":"","background-media":"","overlay-type":"","overlay-color":"","overlay-gradient":""}},"footnotes":""},"uagb_featured_image_src":{"full":false,"thumbnail":false,"medium":false,"medium_large":false,"large":false,"1536x1536":false,"2048x2048":false},"uagb_author_info":{"display_name":"admin@uepa.br","author_link":"https:\/\/propesp.uepa.br\/ppgenf\/index.php\/author\/adminuepa-br\/"},"uagb_comment_info":0,"uagb_excerpt":"Processos Seletivos Apresenta\u00e7\u00e3o Sele\u00e7\u00e3o \u2013 Aluno Regular Conforme preconizado no Regimento Interno do Programa no&nbsp;Cap\u00edtulo VI do Processo de Sele\u00e7\u00e3o, o ingresso para&nbsp;Aluno Regular&nbsp;se d\u00e1 de acordo com as normas estabelecidas no Edital de Sele\u00e7\u00e3o, que acontece anualmente no 1\u00b0 semestre de cada ano letivo, estando composto de duas&nbsp;fases, todas de&nbsp;car\u00e1ter eliminat\u00f3rio, conforme descri\u00e7\u00e3o a&hellip;","_links":{"self":[{"href":"https:\/\/propesp.uepa.br\/ppgenf\/index.php\/wp-json\/wp\/v2\/pages\/289"}],"collection":[{"href":"https:\/\/propesp.uepa.br\/ppgenf\/index.php\/wp-json\/wp\/v2\/pages"}],"about":[{"href":"https:\/\/propesp.uepa.br\/ppgenf\/index.php\/wp-json\/wp\/v2\/types\/page"}],"author":[{"embeddable":true,"href":"https:\/\/propesp.uepa.br\/ppgenf\/index.php\/wp-json\/wp\/v2\/users\/3"}],"replies":[{"embeddable":true,"href":"https:\/\/propesp.uepa.br\/ppgenf\/index.php\/wp-json\/wp\/v2\/comments?post=289"}],"version-history":[{"count":25,"href":"https:\/\/propesp.uepa.br\/ppgenf\/index.php\/wp-json\/wp\/v2\/pages\/289\/revisions"}],"predecessor-version":[{"id":6395,"href":"https:\/\/propesp.uepa.br\/ppgenf\/index.php\/wp-json\/wp\/v2\/pages\/289\/revisions\/6395"}],"wp:attachment":[{"href":"https:\/\/propesp.uepa.br\/ppgenf\/index.php\/wp-json\/wp\/v2\/media?parent=289"}],"curies":[{"name":"wp","href":"https:\/\/api.w.org\/{rel}","templated":true}]}}