{"id":3593,"date":"2023-06-23T14:38:35","date_gmt":"2023-06-23T17:38:35","guid":{"rendered":"https:\/\/propesp.uepa.br\/ppgenf\/?page_id=3593"},"modified":"2026-03-03T11:58:31","modified_gmt":"2026-03-03T14:58:31","slug":"10a-turma-ufam-2019","status":"publish","type":"page","link":"https:\/\/propesp.uepa.br\/ppgenf\/index.php\/corpo-discente\/egressos-ufam\/10a-turma-ufam-2019\/","title":{"rendered":"10\u00aa Turma \u2013 UFAM \/ 2019"},"content":{"rendered":"\n<div class=\"wp-block-uagb-advanced-heading uagb-block-f104a90c\"><h2 class=\"uagb-heading-text\"><strong>10\u00aa TURMA &#8211; UFAM\/2019<\/strong><\/h2><div class=\"uagb-separator\"><\/div><\/div>\n\n\n\n<div class=\"wp-block-columns is-layout-flex wp-container-core-columns-layout-1 wp-block-columns-is-layout-flex\">\n<div class=\"wp-block-column is-layout-flow wp-block-column-is-layout-flow\">\n<div class=\"wp-block-uagb-info-box uagb-block-80ed0a80 uagb-infobox__content-wrap  uagb-infobox-icon-left-title uagb-infobox-left uagb-infobox-image-valign-top\"><div class=\"uagb-ifb-content\"><div class=\"uagb-ifb-left-title-image\"><div class=\"uagb-ifb-title-wrap\"><h3 class=\"uagb-ifb-title\"><strong>ADRIANA PATRICIA BRELAZ LOPES GOMES<\/strong><a href=\"http:\/\/lattes.cnpq.br\/4331381966060846\"><img loading=\"lazy\" decoding=\"async\" width=\"40\" height=\"40\" class=\"wp-image-807\" style=\"width: 40px;\" src=\"https:\/\/propesp.uepa.br\/ppgenf\/wp-content\/uploads\/2020\/03\/Lattes-e1585070878268.jpg\" alt=\"\"><\/a><\/h3><\/div><\/div><p class=\"uagb-ifb-desc\"><strong>Orientadora: Dra. Noeli das Neves Toledo<\/strong><br><strong>Resumo da disserta\u00e7\u00e3o defendida em<\/strong> <strong>2022:<a href=\"https:\/\/drive.google.com\/file\/d\/1749mUZx04q0GXsdXt5X32KZShrojqz7R\/view?usp=drive_link\"> &#8220;ASSOCIA\u00c7\u00c3O ENTRE ESTILO DE VIDA E HIPERTENS\u00c3O ARTERIAL SIST\u00caMICA EM TRABALHADORES DA ATEN\u00c7\u00c3O PRIM\u00c1RIA \u00c0 SA\u00daDE&#8221; <\/a><\/strong><\/p><\/div><\/div>\n<\/div>\n\n\n\n<div class=\"wp-block-column is-layout-flow wp-block-column-is-layout-flow\">\n<div class=\"wp-block-uagb-info-box uagb-block-6416a479 uagb-infobox__content-wrap  uagb-infobox-icon-left-title uagb-infobox-left uagb-infobox-image-valign-top\"><div class=\"uagb-ifb-content\"><div class=\"uagb-ifb-left-title-image\"><div class=\"uagb-ifb-title-wrap\"><h3 class=\"uagb-ifb-title\"><strong>HELEN CRISTINE ALBUQUERQUE FIGUEIREDO<\/strong><a href=\"http:\/\/lattes.cnpq.br\/7286439522457172\"><img loading=\"lazy\" decoding=\"async\" width=\"40\" height=\"40\" class=\"wp-image-807\" style=\"width: 40px;\" src=\"https:\/\/propesp.uepa.br\/ppgenf\/wp-content\/uploads\/2020\/03\/Lattes-e1585070878268.jpg\" alt=\"\"><\/a><\/h3><\/div><\/div><p class=\"uagb-ifb-desc\"><strong><strong>Orientadora: <\/strong>Dra. Gilsirene Scantelbury de Almeida<\/strong><br><strong>Resumo da disserta\u00e7\u00e3o defendida em<\/strong> <strong>2022<\/strong>:<a href=\"https:\/\/drive.google.com\/file\/d\/1xkM4D9ZjtbDdXJZaiHHkKbPH0Uu-sdEV\/view?usp=drive_link\"> <strong>&#8220;A INFLU\u00caNCIA DO PERFIL CL\u00cdNICO E SOCIODEMOGR\u00c1FICO DE POTENCIAIS DOADORES DE \u00d3RG\u00c3OS E TECIDOS NA EFETIVIDADE DA DOA\u00c7\u00c3O&#8221;<\/strong><\/a><\/p><\/div><\/div>\n<\/div>\n<\/div>\n\n\n\n<div class=\"wp-block-columns is-layout-flex wp-container-core-columns-layout-2 wp-block-columns-is-layout-flex\">\n<div class=\"wp-block-column is-layout-flow wp-block-column-is-layout-flow\">\n<div class=\"wp-block-uagb-info-box uagb-block-099dc9c4 uagb-infobox__content-wrap  uagb-infobox-icon-left-title uagb-infobox-left uagb-infobox-image-valign-top\"><div class=\"uagb-ifb-content\"><div class=\"uagb-ifb-left-title-image\"><div class=\"uagb-ifb-title-wrap\"><h3 class=\"uagb-ifb-title\"><strong>NATALIE KESLE COSTA TAVARES<\/strong><a href=\"http:\/\/lattes.cnpq.br\/0761129857447937\"><img loading=\"lazy\" decoding=\"async\" width=\"40\" height=\"40\" class=\"wp-image-807\" style=\"width: 40px;\" src=\"https:\/\/propesp.uepa.br\/ppgenf\/wp-content\/uploads\/2020\/03\/Lattes-e1585070878268.jpg\" alt=\"\"><\/a><\/h3><\/div><\/div><p class=\"uagb-ifb-desc\"><strong>Orientadora: Dr. Zilmar Augusto de Souza Filho <\/strong><br><strong>Coorientador : Dr.&nbsp;Abel Santiago Muri Gama<\/strong><br><strong>Resumo da disserta\u00e7\u00e3o defendida em<\/strong> <strong>2022:<\/strong><a href=\"https:\/\/drive.google.com\/file\/d\/1POqDxgKECpbzE-Jgb8iv1uhuakb98bDL\/view?usp=drive_link\"><strong> &#8220;PANORAMA EPIDEMIOL\u00d3GICO DA HIPERTENS\u00c3O ARTERIAL , DIABETES E OBESIDADE NA REGI\u00c3O NORTE DO BRASIL : AN\u00c1LISE DO INQU\u00c9RITO TELEF\u00d4NICO VIGITEL&#8221; <\/strong><br><\/a><\/p><\/div><\/div>\n<\/div>\n\n\n\n<div class=\"wp-block-column is-layout-flow wp-block-column-is-layout-flow\">\n<div class=\"wp-block-uagb-info-box uagb-block-34b4cd97 uagb-infobox__content-wrap  uagb-infobox-icon-left-title uagb-infobox-left uagb-infobox-image-valign-top\"><div class=\"uagb-ifb-content\"><div class=\"uagb-ifb-left-title-image\"><div class=\"uagb-ifb-title-wrap\"><h3 class=\"uagb-ifb-title\"><strong>PAULA ANDREZA VIANA LIMA<\/strong><a href=\"http:\/\/lattes.cnpq.br\/2465235113667421\"><img loading=\"lazy\" decoding=\"async\" width=\"40\" height=\"40\" class=\"wp-image-807\" style=\"width: 40px;\" src=\"https:\/\/propesp.uepa.br\/ppgenf\/wp-content\/uploads\/2020\/03\/Lattes-e1585070878268.jpg\" alt=\"\"><\/a><\/h3><\/div><\/div><p class=\"uagb-ifb-desc\"><strong>Orientadora: &nbsp;Dr.&nbsp;Zilmar Augusto de Souza Filho<\/strong><br><strong>Resumo da disserta\u00e7\u00e3o defendida em<\/strong> <strong>2021:<a href=\"https:\/\/drive.google.com\/file\/d\/1b6WlIWW4QzoBI2l5fvcQFRn0rzT1rNMX\/view?usp=drive_link\"> &#8220;MANEJO DA DOR EM COMUNIDADES RIBEIRINHAS NA AMAZ\u00d4NIA BRASILEIRA&#8221;<\/a><\/strong><\/p><\/div><\/div>\n<\/div>\n<\/div>\n\n\n\n<div class=\"wp-block-columns is-layout-flex wp-container-core-columns-layout-3 wp-block-columns-is-layout-flex\">\n<div class=\"wp-block-column is-layout-flow wp-block-column-is-layout-flow\">\n<div class=\"wp-block-uagb-info-box uagb-block-cf3a671e uagb-infobox__content-wrap  uagb-infobox-icon-left-title uagb-infobox-left uagb-infobox-image-valign-top\"><div class=\"uagb-ifb-content\"><div class=\"uagb-ifb-left-title-image\"><div class=\"uagb-ifb-title-wrap\"><h3 class=\"uagb-ifb-title\"><strong><strong>REBECA MOREIRA GOMES<\/strong><\/strong><a href=\"http:\/\/lattes.cnpq.br\/5783043043168635\"><img loading=\"lazy\" decoding=\"async\" width=\"40\" height=\"40\" class=\"wp-image-807\" style=\"width: 40px;\" src=\"https:\/\/propesp.uepa.br\/ppgenf\/wp-content\/uploads\/2020\/03\/Lattes-e1585070878268.jpg\" alt=\"\"><\/a><\/h3><\/div><\/div><p class=\"uagb-ifb-desc\"><strong>Orientadora: Dra. Nair Chase da Silva<\/strong><br><strong>Resumo da disserta\u00e7\u00e3o defendida em<\/strong> <strong>2022:<\/strong><a href=\"https:\/\/drive.google.com\/file\/d\/1ehNySnP1TdkbrDozwmJgmMTq7n2pgQ1Z\/view?usp=drive_link\"><strong> &#8220;<\/strong> <strong>CALOUROS DO CURSO DE ENFERMAGEM: QUEM S\u00c3O E PORQUE QUEREM SER ENFERMEIROS<\/strong>&#8220;<\/a><\/p><\/div><\/div>\n<\/div>\n\n\n\n<div class=\"wp-block-column is-layout-flow wp-block-column-is-layout-flow\">\n<div class=\"wp-block-uagb-info-box uagb-block-92655498 uagb-infobox__content-wrap  uagb-infobox-icon-left-title uagb-infobox-left uagb-infobox-image-valign-top\"><div class=\"uagb-ifb-content\"><div class=\"uagb-ifb-left-title-image\"><div class=\"uagb-ifb-title-wrap\"><h3 class=\"uagb-ifb-title\"><strong>RAFAELA BARROS DOS SANTOS<\/strong><a href=\"http:\/\/lattes.cnpq.br\/6272149830609926\"><img loading=\"lazy\" decoding=\"async\" width=\"40\" height=\"40\" class=\"wp-image-807\" style=\"width: 40px;\" src=\"https:\/\/propesp.uepa.br\/ppgenf\/wp-content\/uploads\/2020\/03\/Lattes-e1585070878268.jpg\" alt=\"\"><\/a><\/h3><\/div><\/div><p class=\"uagb-ifb-desc\"><strong>Orientadora: &nbsp;Dra.&nbsp;Marta Lenise do Prado<\/strong><br><strong>Resumo da disserta\u00e7\u00e3o defendida em<\/strong> <strong>2022: <\/strong><a href=\"https:\/\/drive.google.com\/file\/d\/1TAkHBNY7Za8jG8izoy5gH_m7DI22L--d\/view?usp=drive_link\"><strong>&#8220;PRODU\u00c7\u00c3O DE CONHECIMENTOS POR ENFERMEIRAS DOUTORAS DA REGI\u00c3O NORTE DO BRASIL: ADER\u00caNCIA \u00c0S NECESSIDADES REGIONAIS<\/strong>&#8220;<\/a><\/p><\/div><\/div>\n<\/div>\n<\/div>\n\n\n\n<div class=\"wp-block-columns is-layout-flex wp-container-core-columns-layout-4 wp-block-columns-is-layout-flex\">\n<div class=\"wp-block-column is-layout-flow wp-block-column-is-layout-flow\">\n<div class=\"wp-block-uagb-info-box uagb-block-2def4371 uagb-infobox__content-wrap  uagb-infobox-icon-left-title uagb-infobox-left uagb-infobox-image-valign-top\"><div class=\"uagb-ifb-content\"><div class=\"uagb-ifb-left-title-image\"><div class=\"uagb-ifb-title-wrap\"><h3 class=\"uagb-ifb-title\"><strong>TAINAN FABR\u00cdCIO DA SILVA<\/strong><a href=\"http:\/\/lattes.cnpq.br\/4999804014381130\"><img loading=\"lazy\" decoding=\"async\" width=\"40\" height=\"40\" class=\"wp-image-807\" style=\"width: 40px;\" src=\"https:\/\/propesp.uepa.br\/ppgenf\/wp-content\/uploads\/2020\/03\/Lattes-e1585070878268.jpg\" alt=\"\"><\/a><\/h3><\/div><\/div><p class=\"uagb-ifb-desc\"><strong>Orientadora: Dra.&nbsp;Marta Lenise do Prado<\/strong><br><strong>Resumo da disserta\u00e7\u00e3o defendida em<\/strong> <strong>2021:<a href=\"https:\/\/drive.google.com\/file\/d\/1eXBnUlmgXUg8l0qzgUmGve7etyuInfBK\/view?usp=drive_link\"> &#8220;PROGRAMAS DE P\u00d3S-GRADUA\u00c7\u00c3O STRICTO SENSU EM ENFERMAGEM NA REGI\u00c3O NORTE DO BRASIL: FORMA\u00c7\u00c3O DE RECURSOS HUMANOS QUALIFICADOS&#8221;<\/a><\/strong><\/p><\/div><\/div>\n<\/div>\n\n\n\n<div class=\"wp-block-column is-layout-flow wp-block-column-is-layout-flow\"><\/div>\n<\/div>\n","protected":false},"excerpt":{"rendered":"<p>10\u00aa TURMA &#8211; UFAM\/2019<\/p>\n","protected":false},"author":2,"featured_media":0,"parent":1693,"menu_order":0,"comment_status":"closed","ping_status":"closed","template":"","meta":{"_uag_custom_page_level_css":"","site-sidebar-layout":"default","site-content-layout":"","ast-site-content-layout":"default","site-content-style":"default","site-sidebar-style":"default","ast-global-header-display":"","ast-banner-title-visibility":"","ast-main-header-display":"","ast-hfb-above-header-display":"","ast-hfb-below-header-display":"","ast-hfb-mobile-header-display":"","site-post-title":"disabled","ast-breadcrumbs-content":"","ast-featured-img":"","footer-sml-layout":"","theme-transparent-header-meta":"","adv-header-id-meta":"","stick-header-meta":"","header-above-stick-meta":"","header-main-stick-meta":"","header-below-stick-meta":"","astra-migrate-meta-layouts":"set","ast-page-background-enabled":"default","ast-page-background-meta":{"desktop":{"background-color":"","background-image":"","background-repeat":"repeat","background-position":"center center","background-size":"auto","background-attachment":"scroll","background-type":"","background-media":"","overlay-type":"","overlay-color":"","overlay-gradient":""},"tablet":{"background-color":"","background-image":"","background-repeat":"repeat","background-position":"center center","background-size":"auto","background-attachment":"scroll","background-type":"","background-media":"","overlay-type":"","overlay-color":"","overlay-gradient":""},"mobile":{"background-color":"","background-image":"","background-repeat":"repeat","background-position":"center center","background-size":"auto","background-attachment":"scroll","background-type":"","background-media":"","overlay-type":"","overlay-color":"","overlay-gradient":""}},"ast-content-background-meta":{"desktop":{"background-color":"var(--ast-global-color-5)","background-image":"","background-repeat":"repeat","background-position":"center center","background-size":"auto","background-attachment":"scroll","background-type":"","background-media":"","overlay-type":"","overlay-color":"","overlay-gradient":""},"tablet":{"background-color":"var(--ast-global-color-5)","background-image":"","background-repeat":"repeat","background-position":"center center","background-size":"auto","background-attachment":"scroll","background-type":"","background-media":"","overlay-type":"","overlay-color":"","overlay-gradient":""},"mobile":{"background-color":"var(--ast-global-color-5)","background-image":"","background-repeat":"repeat","background-position":"center center","background-size":"auto","background-attachment":"scroll","background-type":"","background-media":"","overlay-type":"","overlay-color":"","overlay-gradient":""}},"footnotes":""},"uagb_featured_image_src":{"full":false,"thumbnail":false,"medium":false,"medium_large":false,"large":false,"1536x1536":false,"2048x2048":false},"uagb_author_info":{"display_name":"nelma.ramos@uepa.br","author_link":"https:\/\/propesp.uepa.br\/ppgenf\/index.php\/author\/nelma-ramosuepa-br\/"},"uagb_comment_info":0,"uagb_excerpt":"10\u00aa TURMA &#8211; UFAM\/2019","_links":{"self":[{"href":"https:\/\/propesp.uepa.br\/ppgenf\/index.php\/wp-json\/wp\/v2\/pages\/3593"}],"collection":[{"href":"https:\/\/propesp.uepa.br\/ppgenf\/index.php\/wp-json\/wp\/v2\/pages"}],"about":[{"href":"https:\/\/propesp.uepa.br\/ppgenf\/index.php\/wp-json\/wp\/v2\/types\/page"}],"author":[{"embeddable":true,"href":"https:\/\/propesp.uepa.br\/ppgenf\/index.php\/wp-json\/wp\/v2\/users\/2"}],"replies":[{"embeddable":true,"href":"https:\/\/propesp.uepa.br\/ppgenf\/index.php\/wp-json\/wp\/v2\/comments?post=3593"}],"version-history":[{"count":8,"href":"https:\/\/propesp.uepa.br\/ppgenf\/index.php\/wp-json\/wp\/v2\/pages\/3593\/revisions"}],"predecessor-version":[{"id":6429,"href":"https:\/\/propesp.uepa.br\/ppgenf\/index.php\/wp-json\/wp\/v2\/pages\/3593\/revisions\/6429"}],"up":[{"embeddable":true,"href":"https:\/\/propesp.uepa.br\/ppgenf\/index.php\/wp-json\/wp\/v2\/pages\/1693"}],"wp:attachment":[{"href":"https:\/\/propesp.uepa.br\/ppgenf\/index.php\/wp-json\/wp\/v2\/media?parent=3593"}],"curies":[{"name":"wp","href":"https:\/\/api.w.org\/{rel}","templated":true}]}}