{"id":4058,"date":"2024-01-02T13:34:01","date_gmt":"2024-01-02T16:34:01","guid":{"rendered":"https:\/\/propesp.uepa.br\/ppgenf\/?page_id=4058"},"modified":"2024-03-21T16:57:45","modified_gmt":"2024-03-21T19:57:45","slug":"selecao-2024","status":"publish","type":"page","link":"https:\/\/propesp.uepa.br\/ppgenf\/index.php\/processo-seletivo\/regular\/selecao-2024\/","title":{"rendered":"Sele\u00e7\u00e3o 2024"},"content":{"rendered":"\n<p><em>A Universidade do Estado do Par\u00e1 \u2013 UEPA torna p\u00fablico que, no <strong>per\u00edodo de 04 de Janeiro a 02 de fevereiro de 2024<\/strong>, o Programa de P\u00f3s-Gradua\u00e7\u00e3o em Enfermagem \u2013 Mestrado em Enfermagem receber\u00e1 as inscri\u00e7\u00f5es para o Processo Seletivo para a Turma de 2024, com entrada no primeiro semestre letivo de 2024. As inscri\u00e7\u00f5es ser\u00e3o realizadas exclusivamente pelo site:<a href=\"https:\/\/sistemas.uepa.br\/sgps\/selecao\/\" target=\"_blank\" rel=\"noreferrer noopener\"> https:\/\/sistemas.uepa.br\/sgps\/selecao\/&nbsp;<\/a> de acordo com as normas estabelecidas neste Edital.&nbsp;Mais informa\u00e7\u00f5es poder\u00e3o ser obtidas por e-mail: <a href=\"mailto:ppgenf.uepa@gmail.com\">ppgenf.uepa@gmail.com<\/a>&nbsp;\/&nbsp;<a href=\"mailto:ppgenf@uepa.br\">ppgenf@uepa.br<\/a>.<\/em><\/p>\n\n\n\n<p>O p\u00fablico-alvo deste processo ser\u00e3o candidatos que possuam a Gradua\u00e7\u00e3o em Enfermagem e \u00e1reas afins em Institui\u00e7\u00f5es reconhecidas pelo Minist\u00e9rio da Educa\u00e7\u00e3o, e o curso se desenvolver\u00e1 presencialmente em cada um dos Polos: Polo Bel\u00e9m \u2013 no Campus IV\/UEPA e no Polo Santar\u00e9m \u2013 Campus XII.<\/p>\n\n\n<h5><strong><em><a href=\"https:\/\/drive.google.com\/file\/d\/1Em4InVtFhJY39DbvxP273Urrsk7tecL3\/view?usp=drive_link\" target=\"_blank\" rel=\"noopener\">\u2192 EDITAL 104\/2023- SELE\u00c7\u00c3O 2024<\/a><\/em><\/strong><\/h5>\n<h5><em><strong>\u2192 <a href=\"https:\/\/propesp.uepa.br\/ppgenf\/wp-content\/uploads\/2024\/01\/ERRATA.pdf\">ERRATA I<\/a><\/strong><\/em><\/h5>\n<h5><strong><em>\u2192 <a href=\"https:\/\/propesp.uepa.br\/ppgenf\/wp-content\/uploads\/2024\/01\/Resultado-Isencao.2024.pdf\">RESULTADO ISEN\u00c7\u00c3O 2024<\/a><\/em><\/strong><\/h5>\n<h5>\u2192 <em><strong><a href=\"https:\/\/propesp.uepa.br\/ppgenf\/wp-content\/uploads\/2024\/01\/edital1042023_iierrata.pdf\">ERRATA II<\/a><\/strong><\/em><\/h5>\n<h5>\u2192 <em><strong><a href=\"https:\/\/propesp.uepa.br\/ppgenf\/wp-content\/uploads\/2024\/02\/Homologacao_Inscricoes.2024.pdf\">HOMOLOGA\u00c7\u00c3O_INSCRI\u00c7\u00d5ES &#8211; DEFERIDAS E INDEFERIDAS<\/a><\/strong><\/em><\/h5>\n<h5>\u2192 <em><strong><a href=\"https:\/\/propesp.uepa.br\/ppgenf\/wp-content\/uploads\/2024\/03\/Resultado_1a-Fase.pdf\">RESULTADO_1\u00aa Fase<\/a><\/strong><\/em><\/h5>\n<h5>\u2192 <em><strong><a href=\"https:\/\/propesp.uepa.br\/ppgenf\/wp-content\/uploads\/2024\/03\/Agenda_Entrevistas-Fase2_Linha1.pdf\">AGENDA DE ENTREVISTAS &#8211; Fase2_Linha1<\/a><\/strong><\/em><\/h5>\n<h5>\u2192 <em><strong><a href=\"https:\/\/propesp.uepa.br\/ppgenf\/wp-content\/uploads\/2024\/03\/Agenda_Entrevistas-Fase2_Linha2.pdf\">AGENDA DE ENTREVISTAS &#8211; Fase2_Linha2<\/a><\/strong><\/em><\/h5>\n<h5>\u2192 <strong><em><a href=\"https:\/\/propesp.uepa.br\/ppgenf\/wp-content\/uploads\/2024\/03\/Resultado_Preliminar.2024.pdf\">RESULTADO_PRELIMINAR.2024<\/a><\/em><\/strong><\/h5>\n<h5>\u2192 <em><strong><a href=\"https:\/\/propesp.uepa.br\/ppgenf\/wp-content\/uploads\/2024\/03\/Resultado_Final.pdf\">RESULTADO FINAL<\/a><\/strong><\/em><\/h5>","protected":false},"excerpt":{"rendered":"<p>A Universidade do Estado do Par\u00e1 \u2013 UEPA torna p\u00fablico que, no per\u00edodo de 04 de Janeiro a 02 de fevereiro de 2024, o Programa de P\u00f3s-Gradua\u00e7\u00e3o em Enfermagem \u2013 Mestrado em Enfermagem receber\u00e1 as inscri\u00e7\u00f5es para o Processo Seletivo para a Turma de 2024, com entrada no primeiro semestre letivo de 2024. As inscri\u00e7\u00f5es &hellip;<\/p>\n<p class=\"read-more\"> <a class=\"\" href=\"https:\/\/propesp.uepa.br\/ppgenf\/index.php\/processo-seletivo\/regular\/selecao-2024\/\"> <span class=\"screen-reader-text\">Sele\u00e7\u00e3o 2024<\/span> Leia mais &raquo;<\/a><\/p>\n","protected":false},"author":2,"featured_media":0,"parent":830,"menu_order":0,"comment_status":"closed","ping_status":"closed","template":"","meta":{"_uag_custom_page_level_css":"","site-sidebar-layout":"default","site-content-layout":"","ast-site-content-layout":"default","site-content-style":"default","site-sidebar-style":"default","ast-global-header-display":"","ast-banner-title-visibility":"","ast-main-header-display":"","ast-hfb-above-header-display":"","ast-hfb-below-header-display":"","ast-hfb-mobile-header-display":"","site-post-title":"","ast-breadcrumbs-content":"","ast-featured-img":"","footer-sml-layout":"","theme-transparent-header-meta":"","adv-header-id-meta":"","stick-header-meta":"","header-above-stick-meta":"","header-main-stick-meta":"","header-below-stick-meta":"","astra-migrate-meta-layouts":"set","ast-page-background-enabled":"default","ast-page-background-meta":{"desktop":{"background-color":"","background-image":"","background-repeat":"repeat","background-position":"center center","background-size":"auto","background-attachment":"scroll","background-type":"","background-media":"","overlay-type":"","overlay-color":"","overlay-gradient":""},"tablet":{"background-color":"","background-image":"","background-repeat":"repeat","background-position":"center center","background-size":"auto","background-attachment":"scroll","background-type":"","background-media":"","overlay-type":"","overlay-color":"","overlay-gradient":""},"mobile":{"background-color":"","background-image":"","background-repeat":"repeat","background-position":"center center","background-size":"auto","background-attachment":"scroll","background-type":"","background-media":"","overlay-type":"","overlay-color":"","overlay-gradient":""}},"ast-content-background-meta":{"desktop":{"background-color":"var(--ast-global-color-5)","background-image":"","background-repeat":"repeat","background-position":"center center","background-size":"auto","background-attachment":"scroll","background-type":"","background-media":"","overlay-type":"","overlay-color":"","overlay-gradient":""},"tablet":{"background-color":"var(--ast-global-color-5)","background-image":"","background-repeat":"repeat","background-position":"center center","background-size":"auto","background-attachment":"scroll","background-type":"","background-media":"","overlay-type":"","overlay-color":"","overlay-gradient":""},"mobile":{"background-color":"var(--ast-global-color-5)","background-image":"","background-repeat":"repeat","background-position":"center center","background-size":"auto","background-attachment":"scroll","background-type":"","background-media":"","overlay-type":"","overlay-color":"","overlay-gradient":""}},"footnotes":""},"uagb_featured_image_src":{"full":false,"thumbnail":false,"medium":false,"medium_large":false,"large":false,"1536x1536":false,"2048x2048":false},"uagb_author_info":{"display_name":"nelma.ramos@uepa.br","author_link":"https:\/\/propesp.uepa.br\/ppgenf\/index.php\/author\/nelma-ramosuepa-br\/"},"uagb_comment_info":0,"uagb_excerpt":"A Universidade do Estado do Par\u00e1 \u2013 UEPA torna p\u00fablico que, no per\u00edodo de 04 de Janeiro a 02 de fevereiro de 2024, o Programa de P\u00f3s-Gradua\u00e7\u00e3o em Enfermagem \u2013 Mestrado em Enfermagem receber\u00e1 as inscri\u00e7\u00f5es para o Processo Seletivo para a Turma de 2024, com entrada no primeiro semestre letivo de 2024. As inscri\u00e7\u00f5es&hellip;","_links":{"self":[{"href":"https:\/\/propesp.uepa.br\/ppgenf\/index.php\/wp-json\/wp\/v2\/pages\/4058"}],"collection":[{"href":"https:\/\/propesp.uepa.br\/ppgenf\/index.php\/wp-json\/wp\/v2\/pages"}],"about":[{"href":"https:\/\/propesp.uepa.br\/ppgenf\/index.php\/wp-json\/wp\/v2\/types\/page"}],"author":[{"embeddable":true,"href":"https:\/\/propesp.uepa.br\/ppgenf\/index.php\/wp-json\/wp\/v2\/users\/2"}],"replies":[{"embeddable":true,"href":"https:\/\/propesp.uepa.br\/ppgenf\/index.php\/wp-json\/wp\/v2\/comments?post=4058"}],"version-history":[{"count":16,"href":"https:\/\/propesp.uepa.br\/ppgenf\/index.php\/wp-json\/wp\/v2\/pages\/4058\/revisions"}],"predecessor-version":[{"id":4343,"href":"https:\/\/propesp.uepa.br\/ppgenf\/index.php\/wp-json\/wp\/v2\/pages\/4058\/revisions\/4343"}],"up":[{"embeddable":true,"href":"https:\/\/propesp.uepa.br\/ppgenf\/index.php\/wp-json\/wp\/v2\/pages\/830"}],"wp:attachment":[{"href":"https:\/\/propesp.uepa.br\/ppgenf\/index.php\/wp-json\/wp\/v2\/media?parent=4058"}],"curies":[{"name":"wp","href":"https:\/\/api.w.org\/{rel}","templated":true}]}}