{"id":4120,"date":"2024-01-22T11:10:33","date_gmt":"2024-01-22T14:10:33","guid":{"rendered":"https:\/\/propesp.uepa.br\/ppgenf\/?page_id=4120"},"modified":"2024-03-22T21:29:29","modified_gmt":"2024-03-23T00:29:29","slug":"selecao-2024-2","status":"publish","type":"page","link":"https:\/\/propesp.uepa.br\/ppgenf\/index.php\/processo-seletivo\/aluno-regular\/selecao-2024-2\/","title":{"rendered":"Sele\u00e7\u00e3o 2024"},"content":{"rendered":"\n<p><em>A Universidade do Estado do Par\u00e1 \u2013 UEPA torna p\u00fablico que, no <strong>per\u00edodo de 22 de janeiro a 20 de fevereiro de 2024<\/strong>, o Programa de P\u00f3s-Gradua\u00e7\u00e3o em Enfermagem receber\u00e1 as inscri\u00e7\u00f5es para o Processo Seletivo para o Curso de Doutorado em Enfermagem, com entrada no primeiro semestre letivo de 2024. As inscri\u00e7\u00f5es ser\u00e3o realizadas exclusivamente pelo site:<a href=\"https:\/\/sistemas.uepa.br\/sgps\/selecao\/\" target=\"_blank\" rel=\"noreferrer noopener\">&nbsp;https:\/\/sistemas.uepa.br\/sgps\/selecao\/&nbsp;<\/a>&nbsp;de acordo com as normas estabelecidas neste Edital.&nbsp; <\/em><\/p>\n\n\n\n<p class=\"has-text-align-left\"><em> Mais informa\u00e7\u00f5es poder\u00e3o ser obtidas por e-mail:&nbsp;<a href=\"mailto:ppgenf.uepa@gmail.com\">ppgenf.uepa@gmail.com<\/a>&nbsp;\/&nbsp;<a href=\"mailto:ppgenf@uepa.br\">ppgenf@uepa.br<\/a>.                                                                                                                      <\/em><\/p>\n\n\n\n<p><em>O p\u00fablico-alvo deste processo ser\u00e3o candidatos que possuam a Gradua\u00e7\u00e3o em Enfermagem e \u00e1reas afins em Institui\u00e7\u00f5es reconhecidas pelo Minist\u00e9rio da Educa\u00e7\u00e3o, e o curso se desenvolver\u00e1 presencialmente no Polo Bel\u00e9m \u2013 no Campus IV\/UEPA<\/em>.<\/p>\n\n\n<h5><em><strong>\u2192 <a href=\"https:\/\/propesp.uepa.br\/ppgenf\/wp-content\/uploads\/2024\/01\/Edital-Doutorado-052024.pdf\">Edital 05\/2024<\/a><\/strong><\/em><\/h5>\n<h5>\u2192 <strong><em><a href=\"https:\/\/propesp.uepa.br\/ppgenf\/wp-content\/uploads\/2024\/01\/edital052024_ierrata.pdf\">Errata I<\/a><\/em><\/strong><\/h5>\n<h5><em><strong>\u2192 <a href=\"https:\/\/propesp.uepa.br\/ppgenf\/wp-content\/uploads\/2024\/01\/Resultado-da-Solicitacao-de-Isencao-da-Taxa-de-Inscricao.pdf\">Resultado da Solicita\u00e7\u00e3o de Isen\u00e7\u00e3o da Taxa de Inscri\u00e7\u00e3o<\/a><\/strong><\/em><\/h5>\n<h5>\u2192 <em><strong><a href=\"https:\/\/propesp.uepa.br\/ppgenf\/wp-content\/uploads\/2024\/02\/Homologacao_Inscricoes.2024-1.pdf\">Homologa\u00e7\u00e3o das Inscri\u00e7\u00f5es- Deferidas e Indeferidas<\/a><\/strong><\/em><\/h5>\n<h5>\u2192<em><strong> <a href=\"https:\/\/propesp.uepa.br\/ppgenf\/wp-content\/uploads\/2024\/03\/Resultado_1a-Fase-1.pdf\">Resultado_1\u00aa Fase<\/a><\/strong><\/em><\/h5>\n<h5>\u2192<em><strong> <a href=\"https:\/\/propesp.uepa.br\/ppgenf\/wp-content\/uploads\/2024\/03\/Agenda_Entrevistas-Fase2.pdf\">Agenda_Entrevistas-Fase2<\/a><\/strong><\/em><\/h5>\n<h5>\u2192 <em><strong><a href=\"https:\/\/propesp.uepa.br\/ppgenf\/wp-content\/uploads\/2024\/03\/Resultado_Preliminar.2024_Doutorado.pdf\">Resultado_Preliminar<\/a><\/strong><\/em><\/h5>\n<h5>\u2192<em><strong> <a href=\"https:\/\/propesp.uepa.br\/ppgenf\/wp-content\/uploads\/2024\/03\/Errata-II.pdf\">Errata II<\/a><\/strong><\/em><\/h5>\n<h5>\u2192 <a href=\"https:\/\/propesp.uepa.br\/ppgenf\/wp-content\/uploads\/2024\/03\/RESULTADO-FINAL.pdf\"><em><strong>RESULTADO<\/strong> <strong>FINAL<\/strong><\/em><\/a><\/h5>\n\n\n<p><\/p>\n","protected":false},"excerpt":{"rendered":"<p>A Universidade do Estado do Par\u00e1 \u2013 UEPA torna p\u00fablico que, no per\u00edodo de 22 de janeiro a 20 de fevereiro de 2024, o Programa de P\u00f3s-Gradua\u00e7\u00e3o em Enfermagem receber\u00e1 as inscri\u00e7\u00f5es para o Processo Seletivo para o Curso de Doutorado em Enfermagem, com entrada no primeiro semestre letivo de 2024. As inscri\u00e7\u00f5es ser\u00e3o realizadas &hellip;<\/p>\n<p class=\"read-more\"> <a class=\"\" href=\"https:\/\/propesp.uepa.br\/ppgenf\/index.php\/processo-seletivo\/aluno-regular\/selecao-2024-2\/\"> <span class=\"screen-reader-text\">Sele\u00e7\u00e3o 2024<\/span> Leia mais &raquo;<\/a><\/p>\n","protected":false},"author":2,"featured_media":0,"parent":4079,"menu_order":0,"comment_status":"closed","ping_status":"closed","template":"","meta":{"_uag_custom_page_level_css":"","site-sidebar-layout":"default","site-content-layout":"","ast-site-content-layout":"default","site-content-style":"default","site-sidebar-style":"default","ast-global-header-display":"","ast-banner-title-visibility":"","ast-main-header-display":"","ast-hfb-above-header-display":"","ast-hfb-below-header-display":"","ast-hfb-mobile-header-display":"","site-post-title":"","ast-breadcrumbs-content":"","ast-featured-img":"","footer-sml-layout":"","theme-transparent-header-meta":"","adv-header-id-meta":"","stick-header-meta":"","header-above-stick-meta":"","header-main-stick-meta":"","header-below-stick-meta":"","astra-migrate-meta-layouts":"set","ast-page-background-enabled":"default","ast-page-background-meta":{"desktop":{"background-color":"","background-image":"","background-repeat":"repeat","background-position":"center center","background-size":"auto","background-attachment":"scroll","background-type":"","background-media":"","overlay-type":"","overlay-color":"","overlay-gradient":""},"tablet":{"background-color":"","background-image":"","background-repeat":"repeat","background-position":"center center","background-size":"auto","background-attachment":"scroll","background-type":"","background-media":"","overlay-type":"","overlay-color":"","overlay-gradient":""},"mobile":{"background-color":"","background-image":"","background-repeat":"repeat","background-position":"center center","background-size":"auto","background-attachment":"scroll","background-type":"","background-media":"","overlay-type":"","overlay-color":"","overlay-gradient":""}},"ast-content-background-meta":{"desktop":{"background-color":"var(--ast-global-color-5)","background-image":"","background-repeat":"repeat","background-position":"center center","background-size":"auto","background-attachment":"scroll","background-type":"","background-media":"","overlay-type":"","overlay-color":"","overlay-gradient":""},"tablet":{"background-color":"var(--ast-global-color-5)","background-image":"","background-repeat":"repeat","background-position":"center center","background-size":"auto","background-attachment":"scroll","background-type":"","background-media":"","overlay-type":"","overlay-color":"","overlay-gradient":""},"mobile":{"background-color":"var(--ast-global-color-5)","background-image":"","background-repeat":"repeat","background-position":"center center","background-size":"auto","background-attachment":"scroll","background-type":"","background-media":"","overlay-type":"","overlay-color":"","overlay-gradient":""}},"footnotes":""},"uagb_featured_image_src":{"full":false,"thumbnail":false,"medium":false,"medium_large":false,"large":false,"1536x1536":false,"2048x2048":false},"uagb_author_info":{"display_name":"nelma.ramos@uepa.br","author_link":"https:\/\/propesp.uepa.br\/ppgenf\/index.php\/author\/nelma-ramosuepa-br\/"},"uagb_comment_info":0,"uagb_excerpt":"A Universidade do Estado do Par\u00e1 \u2013 UEPA torna p\u00fablico que, no per\u00edodo de 22 de janeiro a 20 de fevereiro de 2024, o Programa de P\u00f3s-Gradua\u00e7\u00e3o em Enfermagem receber\u00e1 as inscri\u00e7\u00f5es para o Processo Seletivo para o Curso de Doutorado em Enfermagem, com entrada no primeiro semestre letivo de 2024. As inscri\u00e7\u00f5es ser\u00e3o realizadas&hellip;","_links":{"self":[{"href":"https:\/\/propesp.uepa.br\/ppgenf\/index.php\/wp-json\/wp\/v2\/pages\/4120"}],"collection":[{"href":"https:\/\/propesp.uepa.br\/ppgenf\/index.php\/wp-json\/wp\/v2\/pages"}],"about":[{"href":"https:\/\/propesp.uepa.br\/ppgenf\/index.php\/wp-json\/wp\/v2\/types\/page"}],"author":[{"embeddable":true,"href":"https:\/\/propesp.uepa.br\/ppgenf\/index.php\/wp-json\/wp\/v2\/users\/2"}],"replies":[{"embeddable":true,"href":"https:\/\/propesp.uepa.br\/ppgenf\/index.php\/wp-json\/wp\/v2\/comments?post=4120"}],"version-history":[{"count":15,"href":"https:\/\/propesp.uepa.br\/ppgenf\/index.php\/wp-json\/wp\/v2\/pages\/4120\/revisions"}],"predecessor-version":[{"id":4349,"href":"https:\/\/propesp.uepa.br\/ppgenf\/index.php\/wp-json\/wp\/v2\/pages\/4120\/revisions\/4349"}],"up":[{"embeddable":true,"href":"https:\/\/propesp.uepa.br\/ppgenf\/index.php\/wp-json\/wp\/v2\/pages\/4079"}],"wp:attachment":[{"href":"https:\/\/propesp.uepa.br\/ppgenf\/index.php\/wp-json\/wp\/v2\/media?parent=4120"}],"curies":[{"name":"wp","href":"https:\/\/api.w.org\/{rel}","templated":true}]}}