{"id":494,"date":"2020-02-14T19:33:18","date_gmt":"2020-02-14T22:33:18","guid":{"rendered":"https:\/\/propesp.uepa.br\/ppgenf\/?page_id=494"},"modified":"2023-05-10T14:41:37","modified_gmt":"2023-05-10T17:41:37","slug":"instituicao","status":"publish","type":"page","link":"https:\/\/propesp.uepa.br\/ppgenf\/index.php\/instituicao\/","title":{"rendered":"INSTITUI\u00c7\u00c3O"},"content":{"rendered":"\n<div class=\"wp-block-uagb-container uagb-block-b2ecb11a alignfull uagb-is-root-container\"><div class=\"uagb-container-inner-blocks-wrap\">\n<div class=\"wp-block-uagb-advanced-heading uagb-block-fcb165e5\"><h1 class=\"uagb-heading-text\">Institui\u00e7\u00e3o<\/h1><div class=\"uagb-separator\"><\/div><\/div>\n\n\n\n<div class=\"wp-block-uagb-advanced-heading uagb-block-afbfa783 justify\"><p class=\"uagb-heading-text\">A Escola de Enfermagem Magalh\u00e3es Barata criada em 10 de novembro de 1944, se constitui no primeiro Curso de N\u00edvel Superior da Regi\u00e3o Norte, com a finalidade de melhorar o atendimento \u00e0 sa\u00fade da popula\u00e7\u00e3o paraense, considerada fator de entrave para o desenvolvimento do Estado, devido sua&nbsp; extens\u00e3o territorial da regi\u00e3o e do pa\u00eds, e desde ent\u00e3o, por aqui passaram ilustres estudiosas que se dedicaram \u00e0 enfermagem como profiss\u00e3o, com o prop\u00f3sito de desenvolver uma assist\u00eancia de enfermagem para a popula\u00e7\u00e3o brasileira. E a partir de 1994, com a cria\u00e7\u00e3o da Universidade do Estado do Par\u00e1 \u2013 UEPA foi incorporada a estrutura universit\u00e1ria, ligada ao Centro de Ci\u00eancias Biol\u00f3gicas e da Sa\u00fade.<br>Ao longo de sua hist\u00f3ria muitos os avan\u00e7os ocorreram, dentre estes tivemos a implanta\u00e7\u00e3odo ensino de P\u00f3s-Gradua\u00e7\u00e3o, com o&nbsp;<em>lato sensu<\/em>&nbsp;com oferta e conclus\u00e3o de onze cursos, al\u00e9m de certificar o quatro Cursos de Especializa\u00e7\u00e3o em Enfermagem Modalidade de Resid\u00eancia em parceria com o Hospital Ofir Loyola; e no&nbsp;<em>stricto sensu<\/em>, conta com o Curso de Mestrado em Enfermagem em associa\u00e7\u00e3o com a Escola de Enfermagem de Manaus da Universidade Federal do Amazonas, que teve inicio em 2010.<br>Dentro de sua estrutura organizacional conta ainda com o Comit\u00ea de \u00c9tica em Pesquisa com Seres Humanos \u00e0 luz da Resolu\u00e7\u00e3o N\u00ba 466\/12, do Conselho Nacional de Sa\u00fade.<\/p><\/div>\n\n\n\n<div class=\"wp-block-uagb-container uagb-block-7e926c41\">\n<div class=\"wp-block-uagb-advanced-heading uagb-block-9ac364f5\"><h2 class=\"uagb-heading-text\">Instala\u00e7\u00f5es F\u00edsicas<\/h2><div class=\"uagb-separator\"><\/div><p class=\"uagb-desc-text\">A Escola de Enfermagem Magalh\u00e3es Barata abrange uma \u00e1rea f\u00edsica de 1.335,73 m\u00b2, constituindo o Campus IV da UEPA, encontrando-se dividido em tr\u00eas (3) blocos distintos, conforme descritos a seguir:<\/p><\/div>\n\n\n\n<div class=\"wp-block-uagb-image uagb-block-7421451a wp-block-uagb-image--layout-default wp-block-uagb-image--effect-static wp-block-uagb-image--align-none\"><figure class=\"wp-block-uagb-image__figure\"><img decoding=\"async\" srcset=\"https:\/\/propesp.uepa.br\/ppgenf\/wp-content\/uploads\/2020\/01\/cropped-29.01.20-ENFERMAGEM-Fachada-Escola-de-Enfermagem-Nailana-Thiely_3-scaled-1-1024x406.jpg \" src=\"https:\/\/propesp.uepa.br\/ppgenf\/wp-content\/uploads\/2020\/01\/cropped-29.01.20-ENFERMAGEM-Fachada-Escola-de-Enfermagem-Nailana-Thiely_3-scaled-1-1024x406.jpg\" alt=\"\" class=\"uag-image-363\" width=\"\" height=\"\" title=\"\" loading=\"lazy\"\/><\/figure><\/div>\n\n\n\n<div class=\"wp-block-uagb-advanced-heading uagb-block-6c901d40 justify\"><p class=\"uagb-heading-text\"><strong>Bloco I<\/strong> \u2013 localiza-se a parte administrativa e acad\u00eamico-pedag\u00f3gica, distribu\u00edda da seguinte forma: Coordena\u00e7\u00e3o de Curso, Sala de V\u00eddeo, Comit\u00ea de \u00c9tica, Sala dos Professores, Departamentos, Coordena\u00e7\u00e3o de Mestrado, N\u00facleo de Pesquisa e P\u00f3s-gradua\u00e7\u00e3o , Audit\u00f3rio, Museu da Enfermagem, Assessoria Pedag\u00f3gica, Coordena\u00e7\u00e3o de Registro e Controle Acad\u00eamico, Protocolo, Coordena\u00e7\u00e3o Administrativo-Financeira.<br><strong>Bloco II<\/strong> \u2013 localizam-se dez (10) Salas de Aula, um (1) Laborat\u00f3rio de Inform\u00e1tica, uma(1) sala de estudo e inform\u00e1tica do Mestrado, uma (1) sala para grupos de pesquisa e oito (8) laborat\u00f3rios acad\u00eamicos destinados \u00e0s aulas pr\u00e1ticas de: Histologia, Bioqu\u00edmica, Farmacologia, Microbiologia e Parasitologia, Processos Patol\u00f3gicos e Imunologia, Biologia e Biof\u00edsica; e uma Biblioteca \u201cLeontina Gomes\u201d \u2013 possui uma estrutura moderna, contando com salas para grupo de estudo, sala de Multim\u00eddia, Sala de Internet, Sala de Xerox, Sala da Administra\u00e7\u00e3o.<br><strong>Bloco III<\/strong> \u2013 localizam-se quatro (4) laborat\u00f3rios acad\u00eamicos destinados \u00e0s aulas pr\u00e1ticas de: Anatomia, Semiologia e Semiot\u00e9cnica, Enfermagem em Urg\u00eancia e Emerg\u00eancia, Enfermagem nas Cl\u00ednicas; Coordena\u00e7\u00e3o de Laborat\u00f3rios, Almoxarifado, Coordena\u00e7\u00e3o de Almoxarifado, Ambulat\u00f3rio, Sala de Servi\u00e7os de Inform\u00e1tica, Centro Acad\u00eamico Jo\u00e3o XXIII, Sala de Conviv\u00eancia, Arquivo Geral.<br>Al\u00e9m destes espa\u00e7os, contamos com uma quadra de esportes coberta, para atividades de esporte e entretenimento. o espa\u00e7o livre das&nbsp;<em>malocas<\/em>, \u00e1rea da Lanchonete e x\u00e9rox.<\/p><\/div>\n<\/div>\n<\/div><\/div>\n","protected":false},"excerpt":{"rendered":"<p>Institui\u00e7\u00e3o A Escola de Enfermagem Magalh\u00e3es Barata criada em 10 de novembro de 1944, se constitui no primeiro Curso de N\u00edvel Superior da Regi\u00e3o Norte, com a finalidade de melhorar o atendimento \u00e0 sa\u00fade da popula\u00e7\u00e3o paraense, considerada fator de entrave para o desenvolvimento do Estado, devido sua&nbsp; extens\u00e3o territorial da regi\u00e3o e do pa\u00eds, &hellip;<\/p>\n<p class=\"read-more\"> <a class=\"\" href=\"https:\/\/propesp.uepa.br\/ppgenf\/index.php\/instituicao\/\"> <span class=\"screen-reader-text\">INSTITUI\u00c7\u00c3O<\/span> Leia mais &raquo;<\/a><\/p>\n","protected":false},"author":3,"featured_media":0,"parent":0,"menu_order":0,"comment_status":"closed","ping_status":"closed","template":"","meta":{"_uag_custom_page_level_css":"","site-sidebar-layout":"no-sidebar","site-content-layout":"plain-container","ast-site-content-layout":"","site-content-style":"default","site-sidebar-style":"default","ast-global-header-display":"","ast-banner-title-visibility":"","ast-main-header-display":"","ast-hfb-above-header-display":"","ast-hfb-below-header-display":"","ast-hfb-mobile-header-display":"","site-post-title":"disabled","ast-breadcrumbs-content":"","ast-featured-img":"disabled","footer-sml-layout":"","theme-transparent-header-meta":"default","adv-header-id-meta":null,"stick-header-meta":null,"header-above-stick-meta":null,"header-main-stick-meta":null,"header-below-stick-meta":null,"astra-migrate-meta-layouts":"","ast-page-background-enabled":"default","ast-page-background-meta":{"desktop":{"background-color":"","background-image":"","background-repeat":"repeat","background-position":"center center","background-size":"auto","background-attachment":"scroll","background-type":"","background-media":"","overlay-type":"","overlay-color":"","overlay-gradient":""},"tablet":{"background-color":"","background-image":"","background-repeat":"repeat","background-position":"center center","background-size":"auto","background-attachment":"scroll","background-type":"","background-media":"","overlay-type":"","overlay-color":"","overlay-gradient":""},"mobile":{"background-color":"","background-image":"","background-repeat":"repeat","background-position":"center center","background-size":"auto","background-attachment":"scroll","background-type":"","background-media":"","overlay-type":"","overlay-color":"","overlay-gradient":""}},"ast-content-background-meta":{"desktop":{"background-color":"var(--ast-global-color-5)","background-image":"","background-repeat":"repeat","background-position":"center center","background-size":"auto","background-attachment":"scroll","background-type":"","background-media":"","overlay-type":"","overlay-color":"","overlay-gradient":""},"tablet":{"background-color":"var(--ast-global-color-5)","background-image":"","background-repeat":"repeat","background-position":"center center","background-size":"auto","background-attachment":"scroll","background-type":"","background-media":"","overlay-type":"","overlay-color":"","overlay-gradient":""},"mobile":{"background-color":"var(--ast-global-color-5)","background-image":"","background-repeat":"repeat","background-position":"center center","background-size":"auto","background-attachment":"scroll","background-type":"","background-media":"","overlay-type":"","overlay-color":"","overlay-gradient":""}},"footnotes":""},"uagb_featured_image_src":{"full":false,"thumbnail":false,"medium":false,"medium_large":false,"large":false,"1536x1536":false,"2048x2048":false},"uagb_author_info":{"display_name":"admin@uepa.br","author_link":"https:\/\/propesp.uepa.br\/ppgenf\/index.php\/author\/adminuepa-br\/"},"uagb_comment_info":0,"uagb_excerpt":"Institui\u00e7\u00e3o A Escola de Enfermagem Magalh\u00e3es Barata criada em 10 de novembro de 1944, se constitui no primeiro Curso de N\u00edvel Superior da Regi\u00e3o Norte, com a finalidade de melhorar o atendimento \u00e0 sa\u00fade da popula\u00e7\u00e3o paraense, considerada fator de entrave para o desenvolvimento do Estado, devido sua&nbsp; extens\u00e3o territorial da regi\u00e3o e do pa\u00eds,&hellip;","_links":{"self":[{"href":"https:\/\/propesp.uepa.br\/ppgenf\/index.php\/wp-json\/wp\/v2\/pages\/494"}],"collection":[{"href":"https:\/\/propesp.uepa.br\/ppgenf\/index.php\/wp-json\/wp\/v2\/pages"}],"about":[{"href":"https:\/\/propesp.uepa.br\/ppgenf\/index.php\/wp-json\/wp\/v2\/types\/page"}],"author":[{"embeddable":true,"href":"https:\/\/propesp.uepa.br\/ppgenf\/index.php\/wp-json\/wp\/v2\/users\/3"}],"replies":[{"embeddable":true,"href":"https:\/\/propesp.uepa.br\/ppgenf\/index.php\/wp-json\/wp\/v2\/comments?post=494"}],"version-history":[{"count":6,"href":"https:\/\/propesp.uepa.br\/ppgenf\/index.php\/wp-json\/wp\/v2\/pages\/494\/revisions"}],"predecessor-version":[{"id":5116,"href":"https:\/\/propesp.uepa.br\/ppgenf\/index.php\/wp-json\/wp\/v2\/pages\/494\/revisions\/5116"}],"wp:attachment":[{"href":"https:\/\/propesp.uepa.br\/ppgenf\/index.php\/wp-json\/wp\/v2\/media?parent=494"}],"curies":[{"name":"wp","href":"https:\/\/api.w.org\/{rel}","templated":true}]}}