{"id":4954,"date":"2024-07-15T10:34:44","date_gmt":"2024-07-15T13:34:44","guid":{"rendered":"https:\/\/propesp.uepa.br\/ppgenf\/?page_id=4954"},"modified":"2026-01-23T11:34:37","modified_gmt":"2026-01-23T14:34:37","slug":"4954-2","status":"publish","type":"page","link":"https:\/\/propesp.uepa.br\/ppgenf\/index.php\/secretaria\/resolucoes-do-colegiado-2\/4954-2\/","title":{"rendered":"Resolu\u00e7\u00f5es do Colegiado de 2024 at\u00e9 atual"},"content":{"rendered":"\n<div class=\"wp-block-uagb-advanced-heading uagb-block-5c96bb1a\"><h2 class=\"uagb-heading-text\"><strong>Resolu\u00e7\u00f5es de 2024 at\u00e9 atual<\/strong><\/h2><div class=\"uagb-separator\"><\/div><\/div>\n\n\n\n<section class=\"wp-block-uagb-columns uagb-columns__wrap uagb-columns__background-none uagb-columns__stack-mobile uagb-columns__valign- uagb-columns__gap-10 align uagb-block-b2acd29b uagb-columns__columns-2 uagb-columns__max_width-theme\"><div class=\"uagb-columns__overlay\"><\/div><div class=\"uagb-columns__inner-wrap uagb-columns__columns-2\">\n<div class=\"wp-block-uagb-column uagb-column__wrap uagb-column__background-undefined uagb-block-f4bbc441\"><div class=\"uagb-column__overlay\"><\/div>\n<p class=\"has-vivid-cyan-blue-color has-text-color has-link-color has-medium-font-size wp-elements-d5f01a77fca6174b9b0064168aefd723\"><strong>\u21d2 Resolu\u00e7\u00f5es de 2024<\/strong><\/p>\n<\/div>\n\n\n\n<div class=\"wp-block-uagb-column uagb-column__wrap uagb-column__background-undefined uagb-block-caaad46d\"><div class=\"uagb-column__overlay\"><\/div>\n<div class=\"wp-block-uagb-icon-list uagb-block-7a2bda10\"><div class=\"uagb-icon-list__wrap\">\n<div class=\"wp-block-uagb-icon-list-child uagb-block-f813143f\"><a target=\"_self\" aria-label=\"Resolu\u00e7\u00e3o n\u00ba 1\/2024 - Aprova\u00e7\u00e3o de Atas de Defesas\" rel=\"noopener noreferrer\" href=\"https:\/\/drive.google.com\/file\/d\/1bawWizc3SlFtv_yhNzH5Hz-9e7PCpjfS\/view?usp=drive_link\"> <\/a><span class=\"uagb-icon-list__source-wrap\"><svg xmlns=\"https:\/\/www.w3.org\/2000\/svg\" viewBox=\"0 0 512 512\"><path d=\"M0 219.2v212.5c0 14.25 11.62 26.25 26.5 27C75.32 461.2 180.2 471.3 240 511.9V245.2C181.4 205.5 79.99 194.8 29.84 192C13.59 191.1 0 203.6 0 219.2zM482.2 192c-50.09 2.848-151.3 13.47-209.1 53.09C272.1 245.2 272 245.3 272 245.5v266.5c60.04-40.39 164.7-50.76 213.5-53.28C500.4 457.9 512 445.9 512 431.7V219.2C512 203.6 498.4 191.1 482.2 192zM352 96c0-53-43-96-96-96S160 43 160 96s43 96 96 96S352 149 352 96z\"><\/path><\/svg><\/span><span class=\"uagb-icon-list__label\">Resolu\u00e7\u00e3o n\u00ba 1\/2024 &#8211; Aprova\u00e7\u00e3o de Atas de Defesas<\/span><\/div>\n\n\n\n<div class=\"wp-block-uagb-icon-list-child uagb-block-15d46534\"><a target=\"_self\" aria-label=\"Resolu\u00e7\u00e3o n\u00ba 2\/2024 - Aprova\u00e7\u00e3o de Atas de Defesas\" rel=\"noopener noreferrer\" href=\"https:\/\/drive.google.com\/file\/d\/1URWTa8KNr4EJ_VhDkZrvlTOgMk9wv9sG\/view?usp=sharing\"> <\/a><span class=\"uagb-icon-list__source-wrap\"><svg xmlns=\"https:\/\/www.w3.org\/2000\/svg\" viewBox=\"0 0 512 512\"><path d=\"M0 219.2v212.5c0 14.25 11.62 26.25 26.5 27C75.32 461.2 180.2 471.3 240 511.9V245.2C181.4 205.5 79.99 194.8 29.84 192C13.59 191.1 0 203.6 0 219.2zM482.2 192c-50.09 2.848-151.3 13.47-209.1 53.09C272.1 245.2 272 245.3 272 245.5v266.5c60.04-40.39 164.7-50.76 213.5-53.28C500.4 457.9 512 445.9 512 431.7V219.2C512 203.6 498.4 191.1 482.2 192zM352 96c0-53-43-96-96-96S160 43 160 96s43 96 96 96S352 149 352 96z\"><\/path><\/svg><\/span><span class=\"uagb-icon-list__label\">Resolu\u00e7\u00e3o n\u00ba 2\/2024 &#8211; Aprova\u00e7\u00e3o de Atas de Defesas<\/span><\/div>\n\n\n\n<div class=\"wp-block-uagb-icon-list-child uagb-block-207bd3d6\"><a target=\"_self\" aria-label=\"Resolu\u00e7\u00e3o n\u00ba 3\/2024 - Aprova\u00e7\u00e3o de Atas de Defesas\" rel=\"noopener noreferrer\" href=\"https:\/\/drive.google.com\/file\/d\/12J6I1KFKncgbExMAOakbAIoquQRTGP0N\/view?usp=sharing\"> <\/a><span class=\"uagb-icon-list__source-wrap\"><svg xmlns=\"https:\/\/www.w3.org\/2000\/svg\" viewBox=\"0 0 512 512\"><path d=\"M0 219.2v212.5c0 14.25 11.62 26.25 26.5 27C75.32 461.2 180.2 471.3 240 511.9V245.2C181.4 205.5 79.99 194.8 29.84 192C13.59 191.1 0 203.6 0 219.2zM482.2 192c-50.09 2.848-151.3 13.47-209.1 53.09C272.1 245.2 272 245.3 272 245.5v266.5c60.04-40.39 164.7-50.76 213.5-53.28C500.4 457.9 512 445.9 512 431.7V219.2C512 203.6 498.4 191.1 482.2 192zM352 96c0-53-43-96-96-96S160 43 160 96s43 96 96 96S352 149 352 96z\"><\/path><\/svg><\/span><span class=\"uagb-icon-list__label\">Resolu\u00e7\u00e3o n\u00ba 3\/2024 &#8211; Aprova\u00e7\u00e3o de Atas de Defesas<\/span><\/div>\n\n\n\n<div class=\"wp-block-uagb-icon-list-child uagb-block-c586e955\"><a target=\"_self\" aria-label=\"Resolu\u00e7\u00e3o n\u00ba 4\/2024 - Aprova\u00e7\u00e3o de Atas de Defesas\" rel=\"noopener noreferrer\" href=\"https:\/\/drive.google.com\/file\/d\/1lmmer8MhHAG-BEmXcdsUZVNIjprCl016\/view?usp=sharing\"> <\/a><span class=\"uagb-icon-list__source-wrap\"><svg xmlns=\"https:\/\/www.w3.org\/2000\/svg\" viewBox=\"0 0 512 512\"><path d=\"M0 219.2v212.5c0 14.25 11.62 26.25 26.5 27C75.32 461.2 180.2 471.3 240 511.9V245.2C181.4 205.5 79.99 194.8 29.84 192C13.59 191.1 0 203.6 0 219.2zM482.2 192c-50.09 2.848-151.3 13.47-209.1 53.09C272.1 245.2 272 245.3 272 245.5v266.5c60.04-40.39 164.7-50.76 213.5-53.28C500.4 457.9 512 445.9 512 431.7V219.2C512 203.6 498.4 191.1 482.2 192zM352 96c0-53-43-96-96-96S160 43 160 96s43 96 96 96S352 149 352 96z\"><\/path><\/svg><\/span><span class=\"uagb-icon-list__label\">Resolu\u00e7\u00e3o n\u00ba 4\/2024 &#8211; Aprova\u00e7\u00e3o de Atas de Defesas<\/span><\/div>\n\n\n\n<div class=\"wp-block-uagb-icon-list-child uagb-block-67bef25c\"><a target=\"_self\" aria-label=\"Resolu\u00e7\u00e3o n\u00ba 5\/2024 - Aprova\u00e7\u00e3o de Atas de Defesas\" rel=\"noopener noreferrer\" href=\"https:\/\/drive.google.com\/file\/d\/1me_5Cg2Qa22a6hxJvRkf-4MxzphcnT7A\/view?usp=sharing\"> <\/a><span class=\"uagb-icon-list__source-wrap\"><svg xmlns=\"https:\/\/www.w3.org\/2000\/svg\" viewBox=\"0 0 512 512\"><path d=\"M0 219.2v212.5c0 14.25 11.62 26.25 26.5 27C75.32 461.2 180.2 471.3 240 511.9V245.2C181.4 205.5 79.99 194.8 29.84 192C13.59 191.1 0 203.6 0 219.2zM482.2 192c-50.09 2.848-151.3 13.47-209.1 53.09C272.1 245.2 272 245.3 272 245.5v266.5c60.04-40.39 164.7-50.76 213.5-53.28C500.4 457.9 512 445.9 512 431.7V219.2C512 203.6 498.4 191.1 482.2 192zM352 96c0-53-43-96-96-96S160 43 160 96s43 96 96 96S352 149 352 96z\"><\/path><\/svg><\/span><span class=\"uagb-icon-list__label\">Resolu\u00e7\u00e3o n\u00ba 5\/2024 &#8211; Aprova\u00e7\u00e3o de Atas de Defesas<\/span><\/div>\n<\/div><\/div>\n<\/div>\n<\/div><\/section>\n\n\n\n<section class=\"wp-block-uagb-columns uagb-columns__wrap uagb-columns__background-none uagb-columns__stack-mobile uagb-columns__valign- uagb-columns__gap-10 align uagb-block-5bde35b2 uagb-columns__columns-2 uagb-columns__max_width-theme\"><div class=\"uagb-columns__overlay\"><\/div><div class=\"uagb-columns__inner-wrap uagb-columns__columns-2\">\n<div class=\"wp-block-uagb-column uagb-column__wrap uagb-column__background-undefined uagb-block-497212f5\"><div class=\"uagb-column__overlay\"><\/div>\n<p class=\"has-vivid-cyan-blue-color has-text-color has-link-color has-medium-font-size wp-elements-571de5bd688521e42ab93ab69cce8ad4\"><strong>\u21d2 Resolu\u00e7\u00f5es de 2025<\/strong><\/p>\n<\/div>\n\n\n\n<div class=\"wp-block-uagb-column uagb-column__wrap uagb-column__background-undefined uagb-block-52ee681e\"><div class=\"uagb-column__overlay\"><\/div>\n<div class=\"wp-block-uagb-icon-list uagb-block-03cf79ee\"><div class=\"uagb-icon-list__wrap\">\n<div class=\"wp-block-uagb-icon-list-child uagb-block-f3bdf850\"><a target=\"_self\" aria-label=\"Resolu\u00e7\u00e3o n\u00ba 1\/2025 - Aprova\u00e7\u00e3o de Atas de Defesas\" rel=\"noopener noreferrer\" href=\"https:\/\/drive.google.com\/file\/d\/1H-zTbdnDc7uIQ2r-pYk9093mNfzP9E_1\/view?usp=sharing\"> <\/a><span class=\"uagb-icon-list__source-wrap\"><svg xmlns=\"https:\/\/www.w3.org\/2000\/svg\" viewBox=\"0 0 512 512\"><path d=\"M0 219.2v212.5c0 14.25 11.62 26.25 26.5 27C75.32 461.2 180.2 471.3 240 511.9V245.2C181.4 205.5 79.99 194.8 29.84 192C13.59 191.1 0 203.6 0 219.2zM482.2 192c-50.09 2.848-151.3 13.47-209.1 53.09C272.1 245.2 272 245.3 272 245.5v266.5c60.04-40.39 164.7-50.76 213.5-53.28C500.4 457.9 512 445.9 512 431.7V219.2C512 203.6 498.4 191.1 482.2 192zM352 96c0-53-43-96-96-96S160 43 160 96s43 96 96 96S352 149 352 96z\"><\/path><\/svg><\/span><span class=\"uagb-icon-list__label\">Resolu\u00e7\u00e3o n\u00ba 1\/2025 &#8211; Aprova\u00e7\u00e3o de Atas de Defesas<\/span><\/div>\n\n\n\n<div class=\"wp-block-uagb-icon-list-child uagb-block-8cf5f3eb\"><a target=\"_self\" aria-label=\"Resolu\u00e7\u00e3o n\u00ba 2\/2025 - Aprova\u00e7\u00e3o de Atas de Defesas\" rel=\"noopener noreferrer\" href=\"https:\/\/drive.google.com\/file\/d\/1tKatgTbcqViqaErqkunJ265dnzI60GGc\/view?usp=sharing\"> <\/a><span class=\"uagb-icon-list__source-wrap\"><svg xmlns=\"https:\/\/www.w3.org\/2000\/svg\" viewBox=\"0 0 512 512\"><path d=\"M0 219.2v212.5c0 14.25 11.62 26.25 26.5 27C75.32 461.2 180.2 471.3 240 511.9V245.2C181.4 205.5 79.99 194.8 29.84 192C13.59 191.1 0 203.6 0 219.2zM482.2 192c-50.09 2.848-151.3 13.47-209.1 53.09C272.1 245.2 272 245.3 272 245.5v266.5c60.04-40.39 164.7-50.76 213.5-53.28C500.4 457.9 512 445.9 512 431.7V219.2C512 203.6 498.4 191.1 482.2 192zM352 96c0-53-43-96-96-96S160 43 160 96s43 96 96 96S352 149 352 96z\"><\/path><\/svg><\/span><span class=\"uagb-icon-list__label\">Resolu\u00e7\u00e3o n\u00ba 2\/2025 &#8211; Aprova\u00e7\u00e3o de Atas de Defesas<\/span><\/div>\n\n\n\n<div class=\"wp-block-uagb-icon-list-child uagb-block-f92e1501\"><a target=\"_self\" aria-label=\"Resolu\u00e7\u00e3o n\u00ba 3\/2025 - Aprova\u00e7\u00e3o de Atas de Defesas\" rel=\"noopener noreferrer\" href=\"https:\/\/drive.google.com\/file\/d\/12oq9nOjcVzS_M9bGROpClBB2uDh8Y6VV\/view?usp=sharing\"> <\/a><span class=\"uagb-icon-list__source-wrap\"><svg xmlns=\"https:\/\/www.w3.org\/2000\/svg\" viewBox=\"0 0 512 512\"><path d=\"M0 219.2v212.5c0 14.25 11.62 26.25 26.5 27C75.32 461.2 180.2 471.3 240 511.9V245.2C181.4 205.5 79.99 194.8 29.84 192C13.59 191.1 0 203.6 0 219.2zM482.2 192c-50.09 2.848-151.3 13.47-209.1 53.09C272.1 245.2 272 245.3 272 245.5v266.5c60.04-40.39 164.7-50.76 213.5-53.28C500.4 457.9 512 445.9 512 431.7V219.2C512 203.6 498.4 191.1 482.2 192zM352 96c0-53-43-96-96-96S160 43 160 96s43 96 96 96S352 149 352 96z\"><\/path><\/svg><\/span><span class=\"uagb-icon-list__label\">Resolu\u00e7\u00e3o n\u00ba 3\/2025 &#8211; Aprova\u00e7\u00e3o de Atas de Defesas<\/span><\/div>\n\n\n\n<div class=\"wp-block-uagb-icon-list-child uagb-block-2d8deaae\"><a target=\"_self\" aria-label=\"Resolu\u00e7\u00e3o n\u00ba 4\/2025 - Aprova\u00e7\u00e3o de Atas de Defesas\" rel=\"noopener noreferrer\" href=\"https:\/\/drive.google.com\/file\/d\/1IoMnfPKnHUqiQBkfXnTF0bzZ06-0IZ6O\/view?usp=sharing\"> <\/a><span class=\"uagb-icon-list__source-wrap\"><svg xmlns=\"https:\/\/www.w3.org\/2000\/svg\" viewBox=\"0 0 512 512\"><path d=\"M0 219.2v212.5c0 14.25 11.62 26.25 26.5 27C75.32 461.2 180.2 471.3 240 511.9V245.2C181.4 205.5 79.99 194.8 29.84 192C13.59 191.1 0 203.6 0 219.2zM482.2 192c-50.09 2.848-151.3 13.47-209.1 53.09C272.1 245.2 272 245.3 272 245.5v266.5c60.04-40.39 164.7-50.76 213.5-53.28C500.4 457.9 512 445.9 512 431.7V219.2C512 203.6 498.4 191.1 482.2 192zM352 96c0-53-43-96-96-96S160 43 160 96s43 96 96 96S352 149 352 96z\"><\/path><\/svg><\/span><span class=\"uagb-icon-list__label\">Resolu\u00e7\u00e3o n\u00ba 4\/2025 &#8211; Aprova\u00e7\u00e3o de Atas de Defesas<\/span><\/div>\n\n\n\n<div class=\"wp-block-uagb-icon-list-child uagb-block-ee351598\"><a target=\"_self\" aria-label=\"Resolu\u00e7\u00e3o n\u00ba 5\/2025 - Aprova\u00e7\u00e3o de Atas de Defesas\" rel=\"noopener noreferrer\" href=\"https:\/\/drive.google.com\/file\/d\/1_7CIO1JmTiCkBU9Ulqw4GIDlUbbHm9CZ\/view?usp=sharing\"> <\/a><span class=\"uagb-icon-list__source-wrap\"><svg xmlns=\"https:\/\/www.w3.org\/2000\/svg\" viewBox=\"0 0 512 512\"><path d=\"M0 219.2v212.5c0 14.25 11.62 26.25 26.5 27C75.32 461.2 180.2 471.3 240 511.9V245.2C181.4 205.5 79.99 194.8 29.84 192C13.59 191.1 0 203.6 0 219.2zM482.2 192c-50.09 2.848-151.3 13.47-209.1 53.09C272.1 245.2 272 245.3 272 245.5v266.5c60.04-40.39 164.7-50.76 213.5-53.28C500.4 457.9 512 445.9 512 431.7V219.2C512 203.6 498.4 191.1 482.2 192zM352 96c0-53-43-96-96-96S160 43 160 96s43 96 96 96S352 149 352 96z\"><\/path><\/svg><\/span><span class=\"uagb-icon-list__label\">Resolu\u00e7\u00e3o n\u00ba 5\/2025 &#8211; Aprova\u00e7\u00e3o de Atas de Defesas<\/span><\/div>\n\n\n\n<div class=\"wp-block-uagb-icon-list-child uagb-block-a06c80e4\"><a target=\"_self\" aria-label=\"Resolu\u00e7\u00e3o n\u00ba 6\/2025 - Aprova\u00e7\u00e3o de Atas de Defesas\" rel=\"noopener noreferrer\" href=\"https:\/\/drive.google.com\/file\/d\/1KUEJNOhp8oNnel76hwVdWLt_KodnsKt4\/view?usp=sharing\"> <\/a><span class=\"uagb-icon-list__source-wrap\"><svg xmlns=\"https:\/\/www.w3.org\/2000\/svg\" viewBox=\"0 0 512 512\"><path d=\"M0 219.2v212.5c0 14.25 11.62 26.25 26.5 27C75.32 461.2 180.2 471.3 240 511.9V245.2C181.4 205.5 79.99 194.8 29.84 192C13.59 191.1 0 203.6 0 219.2zM482.2 192c-50.09 2.848-151.3 13.47-209.1 53.09C272.1 245.2 272 245.3 272 245.5v266.5c60.04-40.39 164.7-50.76 213.5-53.28C500.4 457.9 512 445.9 512 431.7V219.2C512 203.6 498.4 191.1 482.2 192zM352 96c0-53-43-96-96-96S160 43 160 96s43 96 96 96S352 149 352 96z\"><\/path><\/svg><\/span><span class=\"uagb-icon-list__label\">Resolu\u00e7\u00e3o n\u00ba 6\/2025 &#8211; Aprova\u00e7\u00e3o de Atas de Defesas<\/span><\/div>\n\n\n\n<div class=\"wp-block-uagb-icon-list-child uagb-block-c2ecad9f\"><a target=\"_self\" aria-label=\"Resolu\u00e7\u00e3o n\u00ba 7\/2025 - Aprova\u00e7\u00e3o de Atas de Defesas\" rel=\"noopener noreferrer\" href=\"https:\/\/drive.google.com\/file\/d\/1tUSJhc-Ggz1rORwxJWuBEtq7QXszSlvz\/view?usp=sharing\"> <\/a><span class=\"uagb-icon-list__source-wrap\"><svg xmlns=\"https:\/\/www.w3.org\/2000\/svg\" viewBox=\"0 0 512 512\"><path d=\"M0 219.2v212.5c0 14.25 11.62 26.25 26.5 27C75.32 461.2 180.2 471.3 240 511.9V245.2C181.4 205.5 79.99 194.8 29.84 192C13.59 191.1 0 203.6 0 219.2zM482.2 192c-50.09 2.848-151.3 13.47-209.1 53.09C272.1 245.2 272 245.3 272 245.5v266.5c60.04-40.39 164.7-50.76 213.5-53.28C500.4 457.9 512 445.9 512 431.7V219.2C512 203.6 498.4 191.1 482.2 192zM352 96c0-53-43-96-96-96S160 43 160 96s43 96 96 96S352 149 352 96z\"><\/path><\/svg><\/span><span class=\"uagb-icon-list__label\">Resolu\u00e7\u00e3o n\u00ba 7\/2025 &#8211; Aprova\u00e7\u00e3o de Atas de Defesas<\/span><\/div>\n<\/div><\/div>\n<\/div>\n<\/div><\/section>\n","protected":false},"excerpt":{"rendered":"<p>Resolu\u00e7\u00f5es de 2024 at\u00e9 atual \u21d2 Resolu\u00e7\u00f5es de 2024 \u21d2 Resolu\u00e7\u00f5es de 2025<\/p>\n","protected":false},"author":2,"featured_media":0,"parent":1864,"menu_order":0,"comment_status":"closed","ping_status":"closed","template":"","meta":{"_uag_custom_page_level_css":"","site-sidebar-layout":"default","site-content-layout":"","ast-site-content-layout":"default","site-content-style":"default","site-sidebar-style":"default","ast-global-header-display":"","ast-banner-title-visibility":"","ast-main-header-display":"","ast-hfb-above-header-display":"","ast-hfb-below-header-display":"","ast-hfb-mobile-header-display":"","site-post-title":"disabled","ast-breadcrumbs-content":"","ast-featured-img":"","footer-sml-layout":"","theme-transparent-header-meta":"","adv-header-id-meta":"","stick-header-meta":"","header-above-stick-meta":"","header-main-stick-meta":"","header-below-stick-meta":"","astra-migrate-meta-layouts":"set","ast-page-background-enabled":"default","ast-page-background-meta":{"desktop":{"background-color":"","background-image":"","background-repeat":"repeat","background-position":"center center","background-size":"auto","background-attachment":"scroll","background-type":"","background-media":"","overlay-type":"","overlay-color":"","overlay-gradient":""},"tablet":{"background-color":"","background-image":"","background-repeat":"repeat","background-position":"center center","background-size":"auto","background-attachment":"scroll","background-type":"","background-media":"","overlay-type":"","overlay-color":"","overlay-gradient":""},"mobile":{"background-color":"","background-image":"","background-repeat":"repeat","background-position":"center center","background-size":"auto","background-attachment":"scroll","background-type":"","background-media":"","overlay-type":"","overlay-color":"","overlay-gradient":""}},"ast-content-background-meta":{"desktop":{"background-color":"var(--ast-global-color-5)","background-image":"","background-repeat":"repeat","background-position":"center center","background-size":"auto","background-attachment":"scroll","background-type":"","background-media":"","overlay-type":"","overlay-color":"","overlay-gradient":""},"tablet":{"background-color":"var(--ast-global-color-5)","background-image":"","background-repeat":"repeat","background-position":"center center","background-size":"auto","background-attachment":"scroll","background-type":"","background-media":"","overlay-type":"","overlay-color":"","overlay-gradient":""},"mobile":{"background-color":"var(--ast-global-color-5)","background-image":"","background-repeat":"repeat","background-position":"center center","background-size":"auto","background-attachment":"scroll","background-type":"","background-media":"","overlay-type":"","overlay-color":"","overlay-gradient":""}},"footnotes":""},"uagb_featured_image_src":{"full":false,"thumbnail":false,"medium":false,"medium_large":false,"large":false,"1536x1536":false,"2048x2048":false},"uagb_author_info":{"display_name":"nelma.ramos@uepa.br","author_link":"https:\/\/propesp.uepa.br\/ppgenf\/index.php\/author\/nelma-ramosuepa-br\/"},"uagb_comment_info":0,"uagb_excerpt":"Resolu\u00e7\u00f5es de 2024 at\u00e9 atual \u21d2 Resolu\u00e7\u00f5es de 2024 \u21d2 Resolu\u00e7\u00f5es de 2025","_links":{"self":[{"href":"https:\/\/propesp.uepa.br\/ppgenf\/index.php\/wp-json\/wp\/v2\/pages\/4954"}],"collection":[{"href":"https:\/\/propesp.uepa.br\/ppgenf\/index.php\/wp-json\/wp\/v2\/pages"}],"about":[{"href":"https:\/\/propesp.uepa.br\/ppgenf\/index.php\/wp-json\/wp\/v2\/types\/page"}],"author":[{"embeddable":true,"href":"https:\/\/propesp.uepa.br\/ppgenf\/index.php\/wp-json\/wp\/v2\/users\/2"}],"replies":[{"embeddable":true,"href":"https:\/\/propesp.uepa.br\/ppgenf\/index.php\/wp-json\/wp\/v2\/comments?post=4954"}],"version-history":[{"count":13,"href":"https:\/\/propesp.uepa.br\/ppgenf\/index.php\/wp-json\/wp\/v2\/pages\/4954\/revisions"}],"predecessor-version":[{"id":6246,"href":"https:\/\/propesp.uepa.br\/ppgenf\/index.php\/wp-json\/wp\/v2\/pages\/4954\/revisions\/6246"}],"up":[{"embeddable":true,"href":"https:\/\/propesp.uepa.br\/ppgenf\/index.php\/wp-json\/wp\/v2\/pages\/1864"}],"wp:attachment":[{"href":"https:\/\/propesp.uepa.br\/ppgenf\/index.php\/wp-json\/wp\/v2\/media?parent=4954"}],"curies":[{"name":"wp","href":"https:\/\/api.w.org\/{rel}","templated":true}]}}