{"id":496,"date":"2020-02-14T19:34:46","date_gmt":"2020-02-14T22:34:46","guid":{"rendered":"https:\/\/propesp.uepa.br\/ppgenf\/?page_id=496"},"modified":"2023-05-10T11:32:21","modified_gmt":"2023-05-10T14:32:21","slug":"comite-de-etica","status":"publish","type":"page","link":"https:\/\/propesp.uepa.br\/ppgenf\/index.php\/instituicao\/comite-de-etica\/","title":{"rendered":"Comit\u00ea de \u00e9tica"},"content":{"rendered":"\n<div class=\"wp-block-uagb-container uagb-block-23ba18b0 alignfull uagb-is-root-container\"><div class=\"uagb-container-inner-blocks-wrap\">\n<div class=\"wp-block-uagb-advanced-heading uagb-block-976a2e7a\"><h1 class=\"uagb-heading-text\">Comit\u00ea de \u00c9tica<\/h1><div class=\"uagb-separator\"><\/div><\/div>\n\n\n\n<div class=\"wp-block-uagb-advanced-heading uagb-block-1c38dbd0 justify\"><p class=\"uagb-heading-text\">O Comit\u00ea de \u00c9tica em Pesquisa, inst\u00e2ncia colegiada interdisciplinar e independente de relev\u00e2ncia p\u00fablica, de car\u00e1ter consultivo, deliberativo e educativo, vinculada \u00e0 Comiss\u00e3o Nacional de \u00c9tica em Pesquisa (CONEP), tem como finalidade defender os interesses dos participantes da pesquisa em sua integridade e dignidade e contribuir no desenvolvimento da pesquisa dentro dos padr\u00f5es \u00e9ticos.<br>Os projetos de pesquisa que envolvem a participa\u00e7\u00e3o direta ou indireta de seres humanos dever\u00e3o ser submetidos \u00e0 Plataforma Brasil e, somente se iniciar\u00e3o ap\u00f3s avalia\u00e7\u00e3o e aprova\u00e7\u00e3o pelo CEP ou pela CONEP. E a Plataforma Brasil \u00e9 a ferramenta on-line de registro de pesquisa envolvendo seres humanos que permite o acompanhamento das pesquisas pelo sistema CEP\/CONEP, desde a sua submiss\u00e3o at\u00e9 aprova\u00e7\u00e3o final.<\/p><\/div>\n\n\n\n<div class=\"wp-block-uagb-container uagb-block-d306ec99\">\n<div class=\"wp-block-uagb-advanced-heading uagb-block-c4381b84\"><h5 class=\"uagb-heading-text\">Documentos Obrigat\u00f3rios que dever\u00e3o ser anexados para Avalia\u00e7\u00e3o de Projetos no Comit\u00ea de \u00c9tica &#8211; Curso de Enfermagem \/ UEPA<\/h5><div class=\"uagb-separator\"><\/div><\/div>\n\n\n\n<div class=\"wp-block-uagb-icon-list uagb-block-30883bdc justify\"><div class=\"uagb-icon-list__wrap\">\n<div class=\"wp-block-uagb-icon-list-child uagb-block-d91e3c32\"><span class=\"uagb-icon-list__source-wrap\"><svg xmlns=\"https:\/\/www.w3.org\/2000\/svg\" viewBox=\"0 0 512 512\"><path d=\"M256 0C114.6 0 0 114.6 0 256c0 141.4 114.6 256 256 256s256-114.6 256-256C512 114.6 397.4 0 256 0zM406.6 278.6l-103.1 103.1c-12.5 12.5-32.75 12.5-45.25 0s-12.5-32.75 0-45.25L306.8 288H128C110.3 288 96 273.7 96 256s14.31-32 32-32h178.8l-49.38-49.38c-12.5-12.5-12.5-32.75 0-45.25s32.75-12.5 45.25 0l103.1 103.1C414.6 241.3 416 251.1 416 256C416 260.9 414.6 270.7 406.6 278.6z\"><\/path><\/svg><\/span><span class=\"uagb-icon-list__label\"><strong>FOLHA DE ROSTO\u00a0<\/strong>\u2013\u00a0(original)\u00a0gerada via on-line pelo site da<strong>\u00a0PLATAFORMA BRASIL\u00a0<\/strong>\u2013<strong>saude.gov.br\/plataformabrasil\u00a0<\/strong>devidamente preenchida, assinada e carimbada pelo orientador e pela Institui\u00e7\u00e3o Proponente. Se for o caso dever\u00e1 ser assinada pelo respons\u00e1vel da institui\u00e7\u00e3o patrocinadora.<\/span><\/div>\n\n\n\n<div class=\"wp-block-uagb-icon-list-child uagb-block-5978ea97\"><span class=\"uagb-icon-list__source-wrap\"><svg xmlns=\"https:\/\/www.w3.org\/2000\/svg\" viewBox=\"0 0 512 512\"><path d=\"M256 0C114.6 0 0 114.6 0 256c0 141.4 114.6 256 256 256s256-114.6 256-256C512 114.6 397.4 0 256 0zM406.6 278.6l-103.1 103.1c-12.5 12.5-32.75 12.5-45.25 0s-12.5-32.75 0-45.25L306.8 288H128C110.3 288 96 273.7 96 256s14.31-32 32-32h178.8l-49.38-49.38c-12.5-12.5-12.5-32.75 0-45.25s32.75-12.5 45.25 0l103.1 103.1C414.6 241.3 416 251.1 416 256C416 260.9 414.6 270.7 406.6 278.6z\"><\/path><\/svg><\/span><span class=\"uagb-icon-list__label\">DECLARA\u00c7\u00c3O DE ACEITE DA INSTITUI\u00c7\u00c3O CO-PARTICIPANTE<\/span><\/div>\n\n\n\n<div class=\"wp-block-uagb-icon-list-child uagb-block-9c24db00\"><span class=\"uagb-icon-list__source-wrap\"><svg xmlns=\"https:\/\/www.w3.org\/2000\/svg\" viewBox=\"0 0 512 512\"><path d=\"M256 0C114.6 0 0 114.6 0 256c0 141.4 114.6 256 256 256s256-114.6 256-256C512 114.6 397.4 0 256 0zM406.6 278.6l-103.1 103.1c-12.5 12.5-32.75 12.5-45.25 0s-12.5-32.75 0-45.25L306.8 288H128C110.3 288 96 273.7 96 256s14.31-32 32-32h178.8l-49.38-49.38c-12.5-12.5-12.5-32.75 0-45.25s32.75-12.5 45.25 0l103.1 103.1C414.6 241.3 416 251.1 416 256C416 260.9 414.6 270.7 406.6 278.6z\"><\/path><\/svg><\/span><span class=\"uagb-icon-list__label\">TCLE \u2013 Termo de Consentimento Livre e Esclarecido (Modelo CEP)<\/span><\/div>\n\n\n\n<div class=\"wp-block-uagb-icon-list-child uagb-block-d72b593f\"><span class=\"uagb-icon-list__source-wrap\"><svg xmlns=\"https:\/\/www.w3.org\/2000\/svg\" viewBox=\"0 0 512 512\"><path d=\"M256 0C114.6 0 0 114.6 0 256c0 141.4 114.6 256 256 256s256-114.6 256-256C512 114.6 397.4 0 256 0zM406.6 278.6l-103.1 103.1c-12.5 12.5-32.75 12.5-45.25 0s-12.5-32.75 0-45.25L306.8 288H128C110.3 288 96 273.7 96 256s14.31-32 32-32h178.8l-49.38-49.38c-12.5-12.5-12.5-32.75 0-45.25s32.75-12.5 45.25 0l103.1 103.1C414.6 241.3 416 251.1 416 256C416 260.9 414.6 270.7 406.6 278.6z\"><\/path><\/svg><\/span><span class=\"uagb-icon-list__label\">TALE \u2013 Termo de Assentimento Livre Esclarecido\u00a0(para menores, se for o caso)<\/span><\/div>\n\n\n\n<div class=\"wp-block-uagb-icon-list-child uagb-block-67f2d2de\"><span class=\"uagb-icon-list__source-wrap\"><svg xmlns=\"https:\/\/www.w3.org\/2000\/svg\" viewBox=\"0 0 512 512\"><path d=\"M256 0C114.6 0 0 114.6 0 256c0 141.4 114.6 256 256 256s256-114.6 256-256C512 114.6 397.4 0 256 0zM406.6 278.6l-103.1 103.1c-12.5 12.5-32.75 12.5-45.25 0s-12.5-32.75 0-45.25L306.8 288H128C110.3 288 96 273.7 96 256s14.31-32 32-32h178.8l-49.38-49.38c-12.5-12.5-12.5-32.75 0-45.25s32.75-12.5 45.25 0l103.1 103.1C414.6 241.3 416 251.1 416 256C416 260.9 414.6 270.7 406.6 278.6z\"><\/path><\/svg><\/span><span class=\"uagb-icon-list__label\">Termo de autoriza\u00e7\u00e3o do respons\u00e1vel (se for o caso)<\/span><\/div>\n\n\n\n<div class=\"wp-block-uagb-icon-list-child uagb-block-e8f75dd4\"><span class=\"uagb-icon-list__source-wrap\"><svg xmlns=\"https:\/\/www.w3.org\/2000\/svg\" viewBox=\"0 0 512 512\"><path d=\"M256 0C114.6 0 0 114.6 0 256c0 141.4 114.6 256 256 256s256-114.6 256-256C512 114.6 397.4 0 256 0zM406.6 278.6l-103.1 103.1c-12.5 12.5-32.75 12.5-45.25 0s-12.5-32.75 0-45.25L306.8 288H128C110.3 288 96 273.7 96 256s14.31-32 32-32h178.8l-49.38-49.38c-12.5-12.5-12.5-32.75 0-45.25s32.75-12.5 45.25 0l103.1 103.1C414.6 241.3 416 251.1 416 256C416 260.9 414.6 270.7 406.6 278.6z\"><\/path><\/svg><\/span><span class=\"uagb-icon-list__label\">Termo de Autoriza\u00e7\u00e3o a fontes secund\u00e1rios\u00a0(\u00e9 utilizado quando se obt\u00eam material de arquivos, centro de documenta\u00e7\u00e3o; base de dados e informa\u00e7\u00f5es em dados eletr\u00f4nicos. (Modelo CEP)<\/span><\/div>\n\n\n\n<div class=\"wp-block-uagb-icon-list-child uagb-block-7772862d\"><span class=\"uagb-icon-list__source-wrap\"><svg xmlns=\"https:\/\/www.w3.org\/2000\/svg\" viewBox=\"0 0 512 512\"><path d=\"M256 0C114.6 0 0 114.6 0 256c0 141.4 114.6 256 256 256s256-114.6 256-256C512 114.6 397.4 0 256 0zM406.6 278.6l-103.1 103.1c-12.5 12.5-32.75 12.5-45.25 0s-12.5-32.75 0-45.25L306.8 288H128C110.3 288 96 273.7 96 256s14.31-32 32-32h178.8l-49.38-49.38c-12.5-12.5-12.5-32.75 0-45.25s32.75-12.5 45.25 0l103.1 103.1C414.6 241.3 416 251.1 416 256C416 260.9 414.6 270.7 406.6 278.6z\"><\/path><\/svg><\/span><span class=\"uagb-icon-list__label\">CARTA DE APRESENTA\u00c7\u00c3O DO PROJETO AO CEP\/ COMPROMISSO DO PESQUISADOR a qual o pesquisador encaminha o projeto para avalia\u00e7\u00e3o e assume o compromisso com o envio de relat\u00f3rio e retorno dos benef\u00edcios do estudo aos participantes:\u00a0assinada pelo orientador caso seja aluno de gradua\u00e7\u00e3o. Aluno de P\u00f3s-gradua\u00e7\u00e3o pode se responsabilizar pela pesquisa assinando tanto a folha de rosto quanto a carta de apresenta\u00e7\u00e3o. (modelo CEP).<\/span><\/div>\n\n\n\n<div class=\"wp-block-uagb-icon-list-child uagb-block-dc7d6e77\"><span class=\"uagb-icon-list__source-wrap\"><svg xmlns=\"https:\/\/www.w3.org\/2000\/svg\" viewBox=\"0 0 512 512\"><path d=\"M256 0C114.6 0 0 114.6 0 256c0 141.4 114.6 256 256 256s256-114.6 256-256C512 114.6 397.4 0 256 0zM406.6 278.6l-103.1 103.1c-12.5 12.5-32.75 12.5-45.25 0s-12.5-32.75 0-45.25L306.8 288H128C110.3 288 96 273.7 96 256s14.31-32 32-32h178.8l-49.38-49.38c-12.5-12.5-12.5-32.75 0-45.25s32.75-12.5 45.25 0l103.1 103.1C414.6 241.3 416 251.1 416 256C416 260.9 414.6 270.7 406.6 278.6z\"><\/path><\/svg><\/span><span class=\"uagb-icon-list__label\">INSTRUMENTO DE COLETA DE DADOS\u00a0(formul\u00e1rios, question\u00e1rios, ficha, etc.)<\/span><\/div>\n\n\n\n<div class=\"wp-block-uagb-icon-list-child uagb-block-c08a020c\"><span class=\"uagb-icon-list__source-wrap\"><svg xmlns=\"https:\/\/www.w3.org\/2000\/svg\" viewBox=\"0 0 512 512\"><path d=\"M256 0C114.6 0 0 114.6 0 256c0 141.4 114.6 256 256 256s256-114.6 256-256C512 114.6 397.4 0 256 0zM406.6 278.6l-103.1 103.1c-12.5 12.5-32.75 12.5-45.25 0s-12.5-32.75 0-45.25L306.8 288H128C110.3 288 96 273.7 96 256s14.31-32 32-32h178.8l-49.38-49.38c-12.5-12.5-12.5-32.75 0-45.25s32.75-12.5 45.25 0l103.1 103.1C414.6 241.3 416 251.1 416 256C416 260.9 414.6 270.7 406.6 278.6z\"><\/path><\/svg><\/span><span class=\"uagb-icon-list__label\">OUTROS DOCUMENTOS: (apoio financeiro, cartilhas, folders, folheto, mapas, fluxogramas, etc.) quando estes fizerem parte do projeto.<\/span><\/div>\n\n\n\n<div class=\"wp-block-uagb-icon-list-child uagb-block-961d4c80\"><span class=\"uagb-icon-list__source-wrap\"><svg xmlns=\"https:\/\/www.w3.org\/2000\/svg\" viewBox=\"0 0 512 512\"><path d=\"M256 0C114.6 0 0 114.6 0 256c0 141.4 114.6 256 256 256s256-114.6 256-256C512 114.6 397.4 0 256 0zM406.6 278.6l-103.1 103.1c-12.5 12.5-32.75 12.5-45.25 0s-12.5-32.75 0-45.25L306.8 288H128C110.3 288 96 273.7 96 256s14.31-32 32-32h178.8l-49.38-49.38c-12.5-12.5-12.5-32.75 0-45.25s32.75-12.5 45.25 0l103.1 103.1C414.6 241.3 416 251.1 416 256C416 260.9 414.6 270.7 406.6 278.6z\"><\/path><\/svg><\/span><span class=\"uagb-icon-list__label\"><strong>PROJETO:\u00a0<\/strong>Em portugu\u00eas gerado pela Plataforma Brasil: atendendo todos os preceitos \u00e9ticos e cient\u00edficos com\u00a0<strong>or\u00e7amento e cronograma detalhados no pr\u00f3prio projeto<\/strong>. (N\u00e3o anexar)<\/span><\/div>\n\n\n\n<div class=\"wp-block-uagb-icon-list-child uagb-block-f4298045\"><span class=\"uagb-icon-list__source-wrap\"><svg xmlns=\"https:\/\/www.w3.org\/2000\/svg\" viewBox=\"0 0 512 512\"><path d=\"M256 0C114.6 0 0 114.6 0 256c0 141.4 114.6 256 256 256s256-114.6 256-256C512 114.6 397.4 0 256 0zM406.6 278.6l-103.1 103.1c-12.5 12.5-32.75 12.5-45.25 0s-12.5-32.75 0-45.25L306.8 288H128C110.3 288 96 273.7 96 256s14.31-32 32-32h178.8l-49.38-49.38c-12.5-12.5-12.5-32.75 0-45.25s32.75-12.5 45.25 0l103.1 103.1C414.6 241.3 416 251.1 416 256C416 260.9 414.6 270.7 406.6 278.6z\"><\/path><\/svg><\/span><span class=\"uagb-icon-list__label\"><strong><strong>PROJETO DE PESQUISA ORIGINAL NA \u00cdNTEGRA<\/strong><\/strong><\/span><\/div>\n<\/div><\/div>\n<\/div>\n\n\n\n<div class=\"wp-block-uagb-advanced-heading uagb-block-45185e69\"><h5 class=\"uagb-heading-text\">Observa\u00e7\u00f5es:<\/h5><div class=\"uagb-separator\"><\/div><\/div>\n\n\n\n<div class=\"wp-block-uagb-advanced-heading uagb-block-5a7c471e justify\"><p class=\"uagb-heading-text\"><strong>1)<\/strong>\u00a0Todos os documentos descritos acima dever\u00e3o ser anexados individualmente.<br><strong>2)\u00a0<\/strong>O protocolo a ser submetido \u00e0 revis\u00e3o \u00e9tica ser\u00e1 aceito no prazo de 15 dias antecedentes \u00e0 reuni\u00e3o (conforme cronograma) desde que o mesmo apresente documenta\u00e7\u00e3o solicitada pelo sistema CEP\/CONEP considerando a natureza e as especificidades de cada pesquisa (Art. 18\u00ba Regimento Interno).<\/p><\/div>\n\n\n\n<div class=\"wp-block-uagb-advanced-heading uagb-block-2b301b47\"><h5 class=\"uagb-heading-text\">Informa\u00e7\u00f5es:<\/h5><div class=\"uagb-separator\"><\/div><\/div>\n\n\n\n<div class=\"wp-block-uagb-advanced-heading uagb-block-cb92c7c4\"><p class=\"uagb-heading-text\"><strong>Fone: (091) 3211-1612<\/strong><br><strong>e-mail.:\u00a0<\/strong><a href=\"mailto:cepenfuepa@yahoo.com.br\"><strong>cepenfuepa@yahoo.com.br<\/strong><\/a><br><strong>Atendimento de segunda a sexta, das 07:00 \u00e0s 13:00<\/strong><\/p><\/div>\n\n\n\n<div class=\"wp-block-file\"><a id=\"wp-block-file--media-27989f99-ec00-4818-9857-64e5e1f32107\" href=\"https:\/\/propesp.uepa.br\/ppgenf\/wp-content\/uploads\/2022\/01\/Modelo-de-carta-de-apresenta\u00e7\u00e3o-atualizado.pdf\"><strong>Modelo de Carta de Apresenta\u00e7\u00e3o<\/strong><\/a><a href=\"https:\/\/propesp.uepa.br\/ppgenf\/wp-content\/uploads\/2022\/01\/Modelo-de-carta-de-apresenta\u00e7\u00e3o-atualizado.pdf\" class=\"wp-block-file__button wp-element-button\" download aria-describedby=\"wp-block-file--media-27989f99-ec00-4818-9857-64e5e1f32107\">Baixar<\/a><\/div>\n\n\n\n<div class=\"wp-block-file\"><a id=\"wp-block-file--media-21cea1d1-d3b9-4ca1-b15f-23684dccf84c\" href=\"https:\/\/propesp.uepa.br\/ppgenf\/wp-content\/uploads\/2022\/01\/Modelo-de-Termo-de-Consentimento-atualizado.pdf\"><strong>Modelo de Termo de Consentimento<\/strong><\/a><a href=\"https:\/\/propesp.uepa.br\/ppgenf\/wp-content\/uploads\/2022\/01\/Modelo-de-Termo-de-Consentimento-atualizado.pdf\" class=\"wp-block-file__button wp-element-button\" download aria-describedby=\"wp-block-file--media-21cea1d1-d3b9-4ca1-b15f-23684dccf84c\">Baixar<\/a><\/div>\n<\/div><\/div>\n","protected":false},"excerpt":{"rendered":"<p>Comit\u00ea de \u00c9tica O Comit\u00ea de \u00c9tica em Pesquisa, inst\u00e2ncia colegiada interdisciplinar e independente de relev\u00e2ncia p\u00fablica, de car\u00e1ter consultivo, deliberativo e educativo, vinculada \u00e0 Comiss\u00e3o Nacional de \u00c9tica em Pesquisa (CONEP), tem como finalidade defender os interesses dos participantes da pesquisa em sua integridade e dignidade e contribuir no desenvolvimento da pesquisa dentro dos &hellip;<\/p>\n<p class=\"read-more\"> <a class=\"\" href=\"https:\/\/propesp.uepa.br\/ppgenf\/index.php\/instituicao\/comite-de-etica\/\"> <span class=\"screen-reader-text\">Comit\u00ea de \u00e9tica<\/span> Leia mais &raquo;<\/a><\/p>\n","protected":false},"author":3,"featured_media":0,"parent":494,"menu_order":0,"comment_status":"closed","ping_status":"closed","template":"","meta":{"_uag_custom_page_level_css":"","site-sidebar-layout":"no-sidebar","site-content-layout":"plain-container","ast-site-content-layout":"","site-content-style":"default","site-sidebar-style":"default","ast-global-header-display":"","ast-banner-title-visibility":"","ast-main-header-display":"","ast-hfb-above-header-display":"","ast-hfb-below-header-display":"","ast-hfb-mobile-header-display":"","site-post-title":"disabled","ast-breadcrumbs-content":null,"ast-featured-img":"","footer-sml-layout":"","theme-transparent-header-meta":"default","adv-header-id-meta":null,"stick-header-meta":null,"header-above-stick-meta":null,"header-main-stick-meta":null,"header-below-stick-meta":null,"astra-migrate-meta-layouts":"","ast-page-background-enabled":"default","ast-page-background-meta":{"desktop":{"background-color":"","background-image":"","background-repeat":"repeat","background-position":"center center","background-size":"auto","background-attachment":"scroll","background-type":"","background-media":"","overlay-type":"","overlay-color":"","overlay-gradient":""},"tablet":{"background-color":"","background-image":"","background-repeat":"repeat","background-position":"center center","background-size":"auto","background-attachment":"scroll","background-type":"","background-media":"","overlay-type":"","overlay-color":"","overlay-gradient":""},"mobile":{"background-color":"","background-image":"","background-repeat":"repeat","background-position":"center center","background-size":"auto","background-attachment":"scroll","background-type":"","background-media":"","overlay-type":"","overlay-color":"","overlay-gradient":""}},"ast-content-background-meta":{"desktop":{"background-color":"var(--ast-global-color-5)","background-image":"","background-repeat":"repeat","background-position":"center center","background-size":"auto","background-attachment":"scroll","background-type":"","background-media":"","overlay-type":"","overlay-color":"","overlay-gradient":""},"tablet":{"background-color":"var(--ast-global-color-5)","background-image":"","background-repeat":"repeat","background-position":"center center","background-size":"auto","background-attachment":"scroll","background-type":"","background-media":"","overlay-type":"","overlay-color":"","overlay-gradient":""},"mobile":{"background-color":"var(--ast-global-color-5)","background-image":"","background-repeat":"repeat","background-position":"center center","background-size":"auto","background-attachment":"scroll","background-type":"","background-media":"","overlay-type":"","overlay-color":"","overlay-gradient":""}},"footnotes":""},"uagb_featured_image_src":{"full":false,"thumbnail":false,"medium":false,"medium_large":false,"large":false,"1536x1536":false,"2048x2048":false},"uagb_author_info":{"display_name":"admin@uepa.br","author_link":"https:\/\/propesp.uepa.br\/ppgenf\/index.php\/author\/adminuepa-br\/"},"uagb_comment_info":0,"uagb_excerpt":"Comit\u00ea de \u00c9tica O Comit\u00ea de \u00c9tica em Pesquisa, inst\u00e2ncia colegiada interdisciplinar e independente de relev\u00e2ncia p\u00fablica, de car\u00e1ter consultivo, deliberativo e educativo, vinculada \u00e0 Comiss\u00e3o Nacional de \u00c9tica em Pesquisa (CONEP), tem como finalidade defender os interesses dos participantes da pesquisa em sua integridade e dignidade e contribuir no desenvolvimento da pesquisa dentro dos&hellip;","_links":{"self":[{"href":"https:\/\/propesp.uepa.br\/ppgenf\/index.php\/wp-json\/wp\/v2\/pages\/496"}],"collection":[{"href":"https:\/\/propesp.uepa.br\/ppgenf\/index.php\/wp-json\/wp\/v2\/pages"}],"about":[{"href":"https:\/\/propesp.uepa.br\/ppgenf\/index.php\/wp-json\/wp\/v2\/types\/page"}],"author":[{"embeddable":true,"href":"https:\/\/propesp.uepa.br\/ppgenf\/index.php\/wp-json\/wp\/v2\/users\/3"}],"replies":[{"embeddable":true,"href":"https:\/\/propesp.uepa.br\/ppgenf\/index.php\/wp-json\/wp\/v2\/comments?post=496"}],"version-history":[{"count":5,"href":"https:\/\/propesp.uepa.br\/ppgenf\/index.php\/wp-json\/wp\/v2\/pages\/496\/revisions"}],"predecessor-version":[{"id":3166,"href":"https:\/\/propesp.uepa.br\/ppgenf\/index.php\/wp-json\/wp\/v2\/pages\/496\/revisions\/3166"}],"up":[{"embeddable":true,"href":"https:\/\/propesp.uepa.br\/ppgenf\/index.php\/wp-json\/wp\/v2\/pages\/494"}],"wp:attachment":[{"href":"https:\/\/propesp.uepa.br\/ppgenf\/index.php\/wp-json\/wp\/v2\/media?parent=496"}],"curies":[{"name":"wp","href":"https:\/\/api.w.org\/{rel}","templated":true}]}}