{"id":5121,"date":"2024-08-21T15:11:31","date_gmt":"2024-08-21T18:11:31","guid":{"rendered":"https:\/\/propesp.uepa.br\/ppgenf\/?page_id=5121"},"modified":"2025-03-31T10:05:31","modified_gmt":"2025-03-31T13:05:31","slug":"selecao-2o-semestre-2024","status":"publish","type":"page","link":"https:\/\/propesp.uepa.br\/ppgenf\/index.php\/processo-seletivo\/especial\/selecao-2o-semestre-2024\/","title":{"rendered":"Sele\u00e7\u00e3o &#8211; 2\u00ba Semestre\/2024"},"content":{"rendered":"<h4>O Programa de P\u00f3s-Gradua\u00e7\u00e3o em Enfermagem torna p\u00fablico as Inscri\u00e7\u00f5es para <strong>ALUNO ESPECIAL<\/strong> que ocorrer\u00e1 no per\u00edodo de 21 a 28 de agosto de 2024, para inser\u00e7\u00e3o nas disciplinas ofertadas no semestre letivo em andamento. Acesse o Edital para maiores informa\u00e7\u00f5es.<\/h4>\n<h4><a href=\"https:\/\/propesp.uepa.br\/ppgenf\/wp-content\/uploads\/2025\/03\/Edital_Aluno-Especial.pdf\"><strong>Edital_Aluno Especial<\/strong><\/a><\/h4>\n<h4><a href=\"https:\/\/propesp.uepa.br\/ppgenf\/wp-content\/uploads\/2025\/03\/Resultado_Aluno-Especial.pdf\"><strong>Resultado da Sele\u00e7\u00e3o<\/strong><\/a><\/h4>\n","protected":false},"excerpt":{"rendered":"<p>O Programa de P\u00f3s-Gradua\u00e7\u00e3o em Enfermagem torna p\u00fablico as Inscri\u00e7\u00f5es para ALUNO ESPECIAL que ocorrer\u00e1 no per\u00edodo de 21 a 28 de agosto de 2024, para inser\u00e7\u00e3o nas disciplinas ofertadas no semestre letivo em andamento. Acesse o Edital para maiores informa\u00e7\u00f5es. Edital_Aluno Especial Resultado da Sele\u00e7\u00e3o<\/p>\n","protected":false},"author":2,"featured_media":0,"parent":833,"menu_order":0,"comment_status":"closed","ping_status":"closed","template":"","meta":{"_uag_custom_page_level_css":"","site-sidebar-layout":"default","site-content-layout":"","ast-site-content-layout":"default","site-content-style":"default","site-sidebar-style":"default","ast-global-header-display":"","ast-banner-title-visibility":"","ast-main-header-display":"","ast-hfb-above-header-display":"","ast-hfb-below-header-display":"","ast-hfb-mobile-header-display":"","site-post-title":"","ast-breadcrumbs-content":"","ast-featured-img":"","footer-sml-layout":"","theme-transparent-header-meta":"","adv-header-id-meta":"","stick-header-meta":"","header-above-stick-meta":"","header-main-stick-meta":"","header-below-stick-meta":"","astra-migrate-meta-layouts":"set","ast-page-background-enabled":"default","ast-page-background-meta":{"desktop":{"background-color":"","background-image":"","background-repeat":"repeat","background-position":"center center","background-size":"auto","background-attachment":"scroll","background-type":"","background-media":"","overlay-type":"","overlay-color":"","overlay-gradient":""},"tablet":{"background-color":"","background-image":"","background-repeat":"repeat","background-position":"center center","background-size":"auto","background-attachment":"scroll","background-type":"","background-media":"","overlay-type":"","overlay-color":"","overlay-gradient":""},"mobile":{"background-color":"","background-image":"","background-repeat":"repeat","background-position":"center center","background-size":"auto","background-attachment":"scroll","background-type":"","background-media":"","overlay-type":"","overlay-color":"","overlay-gradient":""}},"ast-content-background-meta":{"desktop":{"background-color":"var(--ast-global-color-5)","background-image":"","background-repeat":"repeat","background-position":"center center","background-size":"auto","background-attachment":"scroll","background-type":"","background-media":"","overlay-type":"","overlay-color":"","overlay-gradient":""},"tablet":{"background-color":"var(--ast-global-color-5)","background-image":"","background-repeat":"repeat","background-position":"center center","background-size":"auto","background-attachment":"scroll","background-type":"","background-media":"","overlay-type":"","overlay-color":"","overlay-gradient":""},"mobile":{"background-color":"var(--ast-global-color-5)","background-image":"","background-repeat":"repeat","background-position":"center center","background-size":"auto","background-attachment":"scroll","background-type":"","background-media":"","overlay-type":"","overlay-color":"","overlay-gradient":""}},"footnotes":""},"uagb_featured_image_src":{"full":false,"thumbnail":false,"medium":false,"medium_large":false,"large":false,"1536x1536":false,"2048x2048":false},"uagb_author_info":{"display_name":"nelma.ramos@uepa.br","author_link":"https:\/\/propesp.uepa.br\/ppgenf\/index.php\/author\/nelma-ramosuepa-br\/"},"uagb_comment_info":0,"uagb_excerpt":"O Programa de P\u00f3s-Gradua\u00e7\u00e3o em Enfermagem torna p\u00fablico as Inscri\u00e7\u00f5es para ALUNO ESPECIAL que ocorrer\u00e1 no per\u00edodo de 21 a 28 de agosto de 2024, para inser\u00e7\u00e3o nas disciplinas ofertadas no semestre letivo em andamento. Acesse o Edital para maiores informa\u00e7\u00f5es. Edital_Aluno Especial Resultado da Sele\u00e7\u00e3o","_links":{"self":[{"href":"https:\/\/propesp.uepa.br\/ppgenf\/index.php\/wp-json\/wp\/v2\/pages\/5121"}],"collection":[{"href":"https:\/\/propesp.uepa.br\/ppgenf\/index.php\/wp-json\/wp\/v2\/pages"}],"about":[{"href":"https:\/\/propesp.uepa.br\/ppgenf\/index.php\/wp-json\/wp\/v2\/types\/page"}],"author":[{"embeddable":true,"href":"https:\/\/propesp.uepa.br\/ppgenf\/index.php\/wp-json\/wp\/v2\/users\/2"}],"replies":[{"embeddable":true,"href":"https:\/\/propesp.uepa.br\/ppgenf\/index.php\/wp-json\/wp\/v2\/comments?post=5121"}],"version-history":[{"count":3,"href":"https:\/\/propesp.uepa.br\/ppgenf\/index.php\/wp-json\/wp\/v2\/pages\/5121\/revisions"}],"predecessor-version":[{"id":5503,"href":"https:\/\/propesp.uepa.br\/ppgenf\/index.php\/wp-json\/wp\/v2\/pages\/5121\/revisions\/5503"}],"up":[{"embeddable":true,"href":"https:\/\/propesp.uepa.br\/ppgenf\/index.php\/wp-json\/wp\/v2\/pages\/833"}],"wp:attachment":[{"href":"https:\/\/propesp.uepa.br\/ppgenf\/index.php\/wp-json\/wp\/v2\/media?parent=5121"}],"curies":[{"name":"wp","href":"https:\/\/api.w.org\/{rel}","templated":true}]}}