{"id":5164,"date":"2024-09-09T14:55:15","date_gmt":"2024-09-09T17:55:15","guid":{"rendered":"https:\/\/propesp.uepa.br\/ppgenf\/?page_id=5164"},"modified":"2024-10-08T13:35:11","modified_gmt":"2024-10-08T16:35:11","slug":"missao-internacional-toronto-canada-2024","status":"publish","type":"page","link":"https:\/\/propesp.uepa.br\/ppgenf\/index.php\/menu-3\/4623-2\/missao-internacional-toronto-canada-2024\/","title":{"rendered":"Miss\u00e3o Internacional &#8211; Toronto\/Canad\u00e1 &#8211; 2024"},"content":{"rendered":"\n<h5 class=\"wp-block-heading has-text-align-center\">No per\u00edodo de 07 de abril a 09 de maio de 2024, o Discente <strong>M\u00e1rcio Yrochy Saldanha dos Santos<\/strong> realizou atividades de interc\u00e2mbio e desenvolvimento de novas pesquisas em parceria com a Toronto Metropolitan University, na Prov\u00edncia de Ont\u00e1rio, Toronto, Canad\u00e1, sendo recebido pela Dra. Margareth Santos Zancheta, com a finalidade de aprofundar o estudo sobre pesquisas com a abordagem mista no contexto de letramento em sa\u00fade, e trabalhar os dados coletados e ampli\u00e1-los.<\/h5>\n\n\n\n<figure class=\"wp-block-gallery has-nested-images columns-default is-cropped wp-block-gallery-1 is-layout-flex wp-block-gallery-is-layout-flex\">\n<figure class=\"wp-block-image size-large\"><img loading=\"lazy\" decoding=\"async\" width=\"768\" height=\"1024\" data-id=\"5168\" src=\"https:\/\/propesp.uepa.br\/ppgenf\/wp-content\/uploads\/2024\/09\/WhatsApp-Image-2024-08-29-at-12.03.56-768x1024.jpeg\" alt=\"\" class=\"wp-image-5168\" srcset=\"https:\/\/propesp.uepa.br\/ppgenf\/wp-content\/uploads\/2024\/09\/WhatsApp-Image-2024-08-29-at-12.03.56-768x1024.jpeg 768w, https:\/\/propesp.uepa.br\/ppgenf\/wp-content\/uploads\/2024\/09\/WhatsApp-Image-2024-08-29-at-12.03.56-225x300.jpeg 225w, https:\/\/propesp.uepa.br\/ppgenf\/wp-content\/uploads\/2024\/09\/WhatsApp-Image-2024-08-29-at-12.03.56-1152x1536.jpeg 1152w, https:\/\/propesp.uepa.br\/ppgenf\/wp-content\/uploads\/2024\/09\/WhatsApp-Image-2024-08-29-at-12.03.56-1536x2048.jpeg 1536w, https:\/\/propesp.uepa.br\/ppgenf\/wp-content\/uploads\/2024\/09\/WhatsApp-Image-2024-08-29-at-12.03.56-scaled.jpeg 1920w\" sizes=\"(max-width: 768px) 100vw, 768px\" \/><\/figure>\n\n\n\n<figure class=\"wp-block-image size-large\"><img loading=\"lazy\" decoding=\"async\" width=\"768\" height=\"1024\" data-id=\"5167\" src=\"https:\/\/propesp.uepa.br\/ppgenf\/wp-content\/uploads\/2024\/09\/WhatsApp-Image-2024-08-29-at-12.03.56-1-768x1024.jpeg\" alt=\"\" class=\"wp-image-5167\" srcset=\"https:\/\/propesp.uepa.br\/ppgenf\/wp-content\/uploads\/2024\/09\/WhatsApp-Image-2024-08-29-at-12.03.56-1-768x1024.jpeg 768w, https:\/\/propesp.uepa.br\/ppgenf\/wp-content\/uploads\/2024\/09\/WhatsApp-Image-2024-08-29-at-12.03.56-1-225x300.jpeg 225w, https:\/\/propesp.uepa.br\/ppgenf\/wp-content\/uploads\/2024\/09\/WhatsApp-Image-2024-08-29-at-12.03.56-1-1152x1536.jpeg 1152w, https:\/\/propesp.uepa.br\/ppgenf\/wp-content\/uploads\/2024\/09\/WhatsApp-Image-2024-08-29-at-12.03.56-1-1536x2048.jpeg 1536w, https:\/\/propesp.uepa.br\/ppgenf\/wp-content\/uploads\/2024\/09\/WhatsApp-Image-2024-08-29-at-12.03.56-1-scaled.jpeg 1920w\" sizes=\"(max-width: 768px) 100vw, 768px\" \/><\/figure>\n<\/figure>\n","protected":false},"excerpt":{"rendered":"<p>No per\u00edodo de 07 de abril a 09 de maio de 2024, o Discente M\u00e1rcio Yrochy Saldanha dos Santos realizou atividades de interc\u00e2mbio e desenvolvimento de novas pesquisas em parceria com a Toronto Metropolitan University, na Prov\u00edncia de Ont\u00e1rio, Toronto, Canad\u00e1, sendo recebido pela Dra. Margareth Santos Zancheta, com a finalidade de aprofundar o estudo &hellip;<\/p>\n<p class=\"read-more\"> <a class=\"\" href=\"https:\/\/propesp.uepa.br\/ppgenf\/index.php\/menu-3\/4623-2\/missao-internacional-toronto-canada-2024\/\"> <span class=\"screen-reader-text\">Miss\u00e3o Internacional &#8211; Toronto\/Canad\u00e1 &#8211; 2024<\/span> Leia mais &raquo;<\/a><\/p>\n","protected":false},"author":2,"featured_media":0,"parent":4623,"menu_order":0,"comment_status":"closed","ping_status":"closed","template":"","meta":{"_uag_custom_page_level_css":"","site-sidebar-layout":"default","site-content-layout":"","ast-site-content-layout":"default","site-content-style":"default","site-sidebar-style":"default","ast-global-header-display":"","ast-banner-title-visibility":"","ast-main-header-display":"","ast-hfb-above-header-display":"","ast-hfb-below-header-display":"","ast-hfb-mobile-header-display":"","site-post-title":"","ast-breadcrumbs-content":"","ast-featured-img":"","footer-sml-layout":"","theme-transparent-header-meta":"","adv-header-id-meta":"","stick-header-meta":"","header-above-stick-meta":"","header-main-stick-meta":"","header-below-stick-meta":"","astra-migrate-meta-layouts":"set","ast-page-background-enabled":"default","ast-page-background-meta":{"desktop":{"background-color":"","background-image":"","background-repeat":"repeat","background-position":"center center","background-size":"auto","background-attachment":"scroll","background-type":"","background-media":"","overlay-type":"","overlay-color":"","overlay-gradient":""},"tablet":{"background-color":"","background-image":"","background-repeat":"repeat","background-position":"center center","background-size":"auto","background-attachment":"scroll","background-type":"","background-media":"","overlay-type":"","overlay-color":"","overlay-gradient":""},"mobile":{"background-color":"","background-image":"","background-repeat":"repeat","background-position":"center center","background-size":"auto","background-attachment":"scroll","background-type":"","background-media":"","overlay-type":"","overlay-color":"","overlay-gradient":""}},"ast-content-background-meta":{"desktop":{"background-color":"var(--ast-global-color-5)","background-image":"","background-repeat":"repeat","background-position":"center center","background-size":"auto","background-attachment":"scroll","background-type":"","background-media":"","overlay-type":"","overlay-color":"","overlay-gradient":""},"tablet":{"background-color":"var(--ast-global-color-5)","background-image":"","background-repeat":"repeat","background-position":"center center","background-size":"auto","background-attachment":"scroll","background-type":"","background-media":"","overlay-type":"","overlay-color":"","overlay-gradient":""},"mobile":{"background-color":"var(--ast-global-color-5)","background-image":"","background-repeat":"repeat","background-position":"center center","background-size":"auto","background-attachment":"scroll","background-type":"","background-media":"","overlay-type":"","overlay-color":"","overlay-gradient":""}},"footnotes":""},"uagb_featured_image_src":{"full":false,"thumbnail":false,"medium":false,"medium_large":false,"large":false,"1536x1536":false,"2048x2048":false},"uagb_author_info":{"display_name":"nelma.ramos@uepa.br","author_link":"https:\/\/propesp.uepa.br\/ppgenf\/index.php\/author\/nelma-ramosuepa-br\/"},"uagb_comment_info":0,"uagb_excerpt":"No per\u00edodo de 07 de abril a 09 de maio de 2024, o Discente M\u00e1rcio Yrochy Saldanha dos Santos realizou atividades de interc\u00e2mbio e desenvolvimento de novas pesquisas em parceria com a Toronto Metropolitan University, na Prov\u00edncia de Ont\u00e1rio, Toronto, Canad\u00e1, sendo recebido pela Dra. Margareth Santos Zancheta, com a finalidade de aprofundar o estudo&hellip;","_links":{"self":[{"href":"https:\/\/propesp.uepa.br\/ppgenf\/index.php\/wp-json\/wp\/v2\/pages\/5164"}],"collection":[{"href":"https:\/\/propesp.uepa.br\/ppgenf\/index.php\/wp-json\/wp\/v2\/pages"}],"about":[{"href":"https:\/\/propesp.uepa.br\/ppgenf\/index.php\/wp-json\/wp\/v2\/types\/page"}],"author":[{"embeddable":true,"href":"https:\/\/propesp.uepa.br\/ppgenf\/index.php\/wp-json\/wp\/v2\/users\/2"}],"replies":[{"embeddable":true,"href":"https:\/\/propesp.uepa.br\/ppgenf\/index.php\/wp-json\/wp\/v2\/comments?post=5164"}],"version-history":[{"count":3,"href":"https:\/\/propesp.uepa.br\/ppgenf\/index.php\/wp-json\/wp\/v2\/pages\/5164\/revisions"}],"predecessor-version":[{"id":5238,"href":"https:\/\/propesp.uepa.br\/ppgenf\/index.php\/wp-json\/wp\/v2\/pages\/5164\/revisions\/5238"}],"up":[{"embeddable":true,"href":"https:\/\/propesp.uepa.br\/ppgenf\/index.php\/wp-json\/wp\/v2\/pages\/4623"}],"wp:attachment":[{"href":"https:\/\/propesp.uepa.br\/ppgenf\/index.php\/wp-json\/wp\/v2\/media?parent=5164"}],"curies":[{"name":"wp","href":"https:\/\/api.w.org\/{rel}","templated":true}]}}