{"id":5360,"date":"2024-12-03T09:39:32","date_gmt":"2024-12-03T12:39:32","guid":{"rendered":"https:\/\/propesp.uepa.br\/ppgenf\/?page_id=5360"},"modified":"2025-01-16T14:37:10","modified_gmt":"2025-01-16T17:37:10","slug":"credenciamento-e-recredenciamento-docente","status":"publish","type":"page","link":"https:\/\/propesp.uepa.br\/ppgenf\/index.php\/corpo-docente\/credenciamento-e-recredenciamento-docente\/","title":{"rendered":"Credenciamento e Recredenciamento Docente &#8211; Quadri\u00eanio 2025\/2028"},"content":{"rendered":"<h3>O Programa de P\u00f3s-Gradua\u00e7\u00e3o em Enfermagem no Per\u00edodo de 03 a 12 de dezembro receber\u00e1 as solicita\u00e7\u00f5es de credenciamento e recredenciamento do Corpo Docente Integrante do Programa e Externo, veja na Normativa as orienta\u00e7\u00f5es para participar do processo.<\/h3>\n<h4>\u21d2 <span style=\"color: #000080;\"><a style=\"color: #000080;\" href=\"https:\/\/propesp.uepa.br\/ppgenf\/wp-content\/uploads\/2024\/12\/Normativa_02.12.2024_Credenc.-Recredenc.pdf\"><strong>Normativa n\u00b0 02\/2024<\/strong><\/a><\/span><\/h4>\n<h4>\u21d2 <span style=\"color: #000080;\"><a style=\"color: #000080;\" href=\"https:\/\/propesp.uepa.br\/ppgenf\/wp-content\/uploads\/2024\/12\/Anexos-I-e-II_Normativa_02.2024.docx\"><strong>Anexos I e II no Word<\/strong><\/a><\/span><\/h4>\n<h4><span style=\"color: #000080;\">\u21d2 I\u00a0<strong><a style=\"color: #000080;\" href=\"https:\/\/propesp.uepa.br\/ppgenf\/wp-content\/uploads\/2024\/12\/ERRATA-Anexo-II-Secao-Artigos-Submetidos.docx\">ERRATA &#8211; Anexo II<\/a><\/strong><\/span><\/h4>\n<h4><span style=\"color: #000080;\">\u21d2 <a style=\"color: #000080;\" href=\"https:\/\/propesp.uepa.br\/ppgenf\/wp-content\/uploads\/2024\/12\/II-Errata-Anexo-III-Cronograma.pdf\">II <strong>ERRATA &#8211; Anexo III<\/strong><\/a><\/span><\/h4>\n<h4><span style=\"color: #000080;\"><a style=\"color: #000080;\" href=\"https:\/\/propesp.uepa.br\/ppgenf\/wp-content\/uploads\/2024\/12\/Relacao_Recredenciamento-e-Credenciamento.pdf\"><strong>\u21d2 Resultado<\/strong><\/a><\/span><\/h4>\n<h4><a href=\"https:\/\/propesp.uepa.br\/ppgenf\/wp-content\/uploads\/2024\/12\/Comunicado.pdf\"><strong><span style=\"color: #000080;\">\u21d2 Comunicado<\/span><\/strong><\/a><\/h4>\n<h4><a href=\"https:\/\/propesp.uepa.br\/ppgenf\/wp-content\/uploads\/2025\/01\/Relacao_Recredenciamento-e-Credenciamento_Atualizada.pdf\"><span style=\"color: #333399;\"><strong>\u21d2 Resultado Atualizado<\/strong><\/span><\/a><\/h4>\n","protected":false},"excerpt":{"rendered":"<p>O Programa de P\u00f3s-Gradua\u00e7\u00e3o em Enfermagem no Per\u00edodo de 03 a 12 de dezembro receber\u00e1 as solicita\u00e7\u00f5es de credenciamento e recredenciamento do Corpo Docente Integrante do Programa e Externo, veja na Normativa as orienta\u00e7\u00f5es para participar do processo. \u21d2 Normativa n\u00b0 02\/2024 \u21d2 Anexos I e II no Word \u21d2 I\u00a0ERRATA &#8211; Anexo II \u21d2 &hellip;<\/p>\n<p class=\"read-more\"> <a class=\"\" href=\"https:\/\/propesp.uepa.br\/ppgenf\/index.php\/corpo-docente\/credenciamento-e-recredenciamento-docente\/\"> <span class=\"screen-reader-text\">Credenciamento e Recredenciamento Docente &#8211; Quadri\u00eanio 2025\/2028<\/span> Leia mais &raquo;<\/a><\/p>\n","protected":false},"author":2,"featured_media":0,"parent":242,"menu_order":0,"comment_status":"closed","ping_status":"closed","template":"","meta":{"_uag_custom_page_level_css":"","site-sidebar-layout":"default","site-content-layout":"","ast-site-content-layout":"default","site-content-style":"default","site-sidebar-style":"default","ast-global-header-display":"","ast-banner-title-visibility":"","ast-main-header-display":"","ast-hfb-above-header-display":"","ast-hfb-below-header-display":"","ast-hfb-mobile-header-display":"","site-post-title":"","ast-breadcrumbs-content":"","ast-featured-img":"","footer-sml-layout":"","theme-transparent-header-meta":"","adv-header-id-meta":"","stick-header-meta":"","header-above-stick-meta":"","header-main-stick-meta":"","header-below-stick-meta":"","astra-migrate-meta-layouts":"set","ast-page-background-enabled":"default","ast-page-background-meta":{"desktop":{"background-color":"","background-image":"","background-repeat":"repeat","background-position":"center center","background-size":"auto","background-attachment":"scroll","background-type":"","background-media":"","overlay-type":"","overlay-color":"","overlay-gradient":""},"tablet":{"background-color":"","background-image":"","background-repeat":"repeat","background-position":"center center","background-size":"auto","background-attachment":"scroll","background-type":"","background-media":"","overlay-type":"","overlay-color":"","overlay-gradient":""},"mobile":{"background-color":"","background-image":"","background-repeat":"repeat","background-position":"center center","background-size":"auto","background-attachment":"scroll","background-type":"","background-media":"","overlay-type":"","overlay-color":"","overlay-gradient":""}},"ast-content-background-meta":{"desktop":{"background-color":"var(--ast-global-color-5)","background-image":"","background-repeat":"repeat","background-position":"center center","background-size":"auto","background-attachment":"scroll","background-type":"","background-media":"","overlay-type":"","overlay-color":"","overlay-gradient":""},"tablet":{"background-color":"var(--ast-global-color-5)","background-image":"","background-repeat":"repeat","background-position":"center center","background-size":"auto","background-attachment":"scroll","background-type":"","background-media":"","overlay-type":"","overlay-color":"","overlay-gradient":""},"mobile":{"background-color":"var(--ast-global-color-5)","background-image":"","background-repeat":"repeat","background-position":"center center","background-size":"auto","background-attachment":"scroll","background-type":"","background-media":"","overlay-type":"","overlay-color":"","overlay-gradient":""}},"footnotes":""},"uagb_featured_image_src":{"full":false,"thumbnail":false,"medium":false,"medium_large":false,"large":false,"1536x1536":false,"2048x2048":false},"uagb_author_info":{"display_name":"nelma.ramos@uepa.br","author_link":"https:\/\/propesp.uepa.br\/ppgenf\/index.php\/author\/nelma-ramosuepa-br\/"},"uagb_comment_info":0,"uagb_excerpt":"O Programa de P\u00f3s-Gradua\u00e7\u00e3o em Enfermagem no Per\u00edodo de 03 a 12 de dezembro receber\u00e1 as solicita\u00e7\u00f5es de credenciamento e recredenciamento do Corpo Docente Integrante do Programa e Externo, veja na Normativa as orienta\u00e7\u00f5es para participar do processo. \u21d2 Normativa n\u00b0 02\/2024 \u21d2 Anexos I e II no Word \u21d2 I\u00a0ERRATA &#8211; Anexo II \u21d2&hellip;","_links":{"self":[{"href":"https:\/\/propesp.uepa.br\/ppgenf\/index.php\/wp-json\/wp\/v2\/pages\/5360"}],"collection":[{"href":"https:\/\/propesp.uepa.br\/ppgenf\/index.php\/wp-json\/wp\/v2\/pages"}],"about":[{"href":"https:\/\/propesp.uepa.br\/ppgenf\/index.php\/wp-json\/wp\/v2\/types\/page"}],"author":[{"embeddable":true,"href":"https:\/\/propesp.uepa.br\/ppgenf\/index.php\/wp-json\/wp\/v2\/users\/2"}],"replies":[{"embeddable":true,"href":"https:\/\/propesp.uepa.br\/ppgenf\/index.php\/wp-json\/wp\/v2\/comments?post=5360"}],"version-history":[{"count":10,"href":"https:\/\/propesp.uepa.br\/ppgenf\/index.php\/wp-json\/wp\/v2\/pages\/5360\/revisions"}],"predecessor-version":[{"id":5399,"href":"https:\/\/propesp.uepa.br\/ppgenf\/index.php\/wp-json\/wp\/v2\/pages\/5360\/revisions\/5399"}],"up":[{"embeddable":true,"href":"https:\/\/propesp.uepa.br\/ppgenf\/index.php\/wp-json\/wp\/v2\/pages\/242"}],"wp:attachment":[{"href":"https:\/\/propesp.uepa.br\/ppgenf\/index.php\/wp-json\/wp\/v2\/media?parent=5360"}],"curies":[{"name":"wp","href":"https:\/\/api.w.org\/{rel}","templated":true}]}}