{"id":5409,"date":"2025-01-23T11:40:09","date_gmt":"2025-01-23T14:40:09","guid":{"rendered":"https:\/\/propesp.uepa.br\/ppgenf\/?page_id=5409"},"modified":"2025-04-01T13:26:41","modified_gmt":"2025-04-01T16:26:41","slug":"selecao-2025","status":"publish","type":"page","link":"https:\/\/propesp.uepa.br\/ppgenf\/index.php\/processo-seletivo\/regular\/selecao-2025\/","title":{"rendered":"Sele\u00e7\u00e3o 2025"},"content":{"rendered":"\n<p><em>A Universidade do Estado do Par\u00e1 \u2013 UEPA torna p\u00fablico que, no <strong>per\u00edodo de 25 de Janeiro a 17 de fevereiro de 2025<\/strong>, o Programa de P\u00f3s-Gradua\u00e7\u00e3o em Enfermagem \u2013 Mestrado em Enfermagem receber\u00e1 as inscri\u00e7\u00f5es para o Processo Seletivo para a Turma de 2025, com entrada no primeiro semestre letivo de 2025. As inscri\u00e7\u00f5es ser\u00e3o realizadas exclusivamente pelo site:<a href=\"https:\/\/sistemas.uepa.br\/sgps\/selecao\/\" target=\"_blank\" rel=\"noreferrer noopener\"> https:\/\/sistemas.uepa.br\/sgps\/selecao\/&nbsp;<\/a> de acordo com as normas estabelecidas neste Edital.&nbsp;Mais informa\u00e7\u00f5es poder\u00e3o ser obtidas por e-mail: <a href=\"mailto:ppgenf.uepa@gmail.com\">ppgenf.uepa@gmail.com<\/a>&nbsp;\/&nbsp;<a href=\"mailto:ppgenf@uepa.br\">ppgenf@uepa.br<\/a>.<\/em><\/p>\n\n\n\n<p>O p\u00fablico-alvo deste processo ser\u00e3o candidatos que possuam a Gradua\u00e7\u00e3o em Enfermagem e \u00e1reas afins em Institui\u00e7\u00f5es reconhecidas pelo Minist\u00e9rio da Educa\u00e7\u00e3o, e o curso se desenvolver\u00e1 presencialmente em cada um dos Polos: Polo Bel\u00e9m \u2013 no Campus IV\/UEPA e no Polo Santar\u00e9m \u2013 Campus XII.<\/p>\n\n\n<h5><a href=\"https:\/\/propesp.uepa.br\/ppgenf\/wp-content\/uploads\/2025\/01\/edital042025.pdf\">\u21d2 <strong>Edital 04\/2025<\/strong><\/a><\/h5>\n<h5><strong>\u21d2 <a href=\"https:\/\/propesp.uepa.br\/ppgenf\/wp-content\/uploads\/2025\/01\/EDITAL04.2025_COMUNICADO-ISENCAO.pdf\">COMUNICADO<\/a> &#8211; RESULTADO ISEN\u00c7\u00c3O<\/strong><\/h5>\n<h5><a href=\"https:\/\/propesp.uepa.br\/ppgenf\/wp-content\/uploads\/2025\/02\/Homologacao_Inscricoes.2025-Mestrado.pdf\"><strong>\u21d2 HOMOLOGA\u00c7\u00c3O INSCRI\u00c7\u00d5ES<\/strong><\/a><\/h5>\n<h4><strong>\u21d2 <a href=\"https:\/\/propesp.uepa.br\/ppgenf\/wp-content\/uploads\/2025\/03\/Resultado-Fase-1-Mestrado.pdf\">RESULTADO &#8211; 1\u00aa FASE<\/a><\/strong><\/h4>\n<h4><strong>\u21d2<a href=\"https:\/\/propesp.uepa.br\/ppgenf\/wp-content\/uploads\/2025\/03\/Agenda_Entrevistas-Fase2-Mestrado.pdf\"> AGENDA DE ENTREVISTAS<\/a><\/strong><\/h4>\n<h5><strong>\u21d2 <a href=\"https:\/\/propesp.uepa.br\/ppgenf\/wp-content\/uploads\/2025\/03\/Edital04.2025-COMUNICADO.2025.2.pdf\">COMUNICADO 2<\/a> &#8211; AGENDA DE ENTREVISTAS<\/strong><\/h5>\n<h5><strong>\u21d2 <a href=\"https:\/\/propesp.uepa.br\/ppgenf\/wp-content\/uploads\/2025\/03\/Agenda_Entrevistas-Fase2-Mestrado-corrigida.pdf\">AGENDA DE ENTREVISTAS<\/a> COM CORRE\u00c7\u00d5ES (Caro candidato verificar novamente os locais de entrevistas)<\/strong><\/h5>\n<h5><strong>\u21d2 <a href=\"https:\/\/propesp.uepa.br\/ppgenf\/wp-content\/uploads\/2025\/03\/Resultado_Preliminar.2025-Mestrado.pdf\">RESULTADO PRELIMINAR<\/a><\/strong><\/h5>\n<h5>\u21d2<a href=\"https:\/\/propesp.uepa.br\/ppgenf\/wp-content\/uploads\/2025\/04\/Resultado_Final.2025-Mestrado.pdf\"><strong> RESULTADO FINAL<\/strong><\/a> (Caro candidato, fique atento a observa\u00e7\u00e3o que consta na publica\u00e7\u00e3o do resultado)<\/h5>","protected":false},"excerpt":{"rendered":"<p>A Universidade do Estado do Par\u00e1 \u2013 UEPA torna p\u00fablico que, no per\u00edodo de 25 de Janeiro a 17 de fevereiro de 2025, o Programa de P\u00f3s-Gradua\u00e7\u00e3o em Enfermagem \u2013 Mestrado em Enfermagem receber\u00e1 as inscri\u00e7\u00f5es para o Processo Seletivo para a Turma de 2025, com entrada no primeiro semestre letivo de 2025. As inscri\u00e7\u00f5es &hellip;<\/p>\n<p class=\"read-more\"> <a class=\"\" href=\"https:\/\/propesp.uepa.br\/ppgenf\/index.php\/processo-seletivo\/regular\/selecao-2025\/\"> <span class=\"screen-reader-text\">Sele\u00e7\u00e3o 2025<\/span> Leia mais &raquo;<\/a><\/p>\n","protected":false},"author":2,"featured_media":0,"parent":830,"menu_order":0,"comment_status":"closed","ping_status":"closed","template":"","meta":{"_uag_custom_page_level_css":"","site-sidebar-layout":"default","site-content-layout":"","ast-site-content-layout":"default","site-content-style":"default","site-sidebar-style":"default","ast-global-header-display":"","ast-banner-title-visibility":"","ast-main-header-display":"","ast-hfb-above-header-display":"","ast-hfb-below-header-display":"","ast-hfb-mobile-header-display":"","site-post-title":"","ast-breadcrumbs-content":"","ast-featured-img":"","footer-sml-layout":"","theme-transparent-header-meta":"","adv-header-id-meta":"","stick-header-meta":"","header-above-stick-meta":"","header-main-stick-meta":"","header-below-stick-meta":"","astra-migrate-meta-layouts":"set","ast-page-background-enabled":"default","ast-page-background-meta":{"desktop":{"background-color":"","background-image":"","background-repeat":"repeat","background-position":"center center","background-size":"auto","background-attachment":"scroll","background-type":"","background-media":"","overlay-type":"","overlay-color":"","overlay-gradient":""},"tablet":{"background-color":"","background-image":"","background-repeat":"repeat","background-position":"center center","background-size":"auto","background-attachment":"scroll","background-type":"","background-media":"","overlay-type":"","overlay-color":"","overlay-gradient":""},"mobile":{"background-color":"","background-image":"","background-repeat":"repeat","background-position":"center center","background-size":"auto","background-attachment":"scroll","background-type":"","background-media":"","overlay-type":"","overlay-color":"","overlay-gradient":""}},"ast-content-background-meta":{"desktop":{"background-color":"var(--ast-global-color-5)","background-image":"","background-repeat":"repeat","background-position":"center center","background-size":"auto","background-attachment":"scroll","background-type":"","background-media":"","overlay-type":"","overlay-color":"","overlay-gradient":""},"tablet":{"background-color":"var(--ast-global-color-5)","background-image":"","background-repeat":"repeat","background-position":"center center","background-size":"auto","background-attachment":"scroll","background-type":"","background-media":"","overlay-type":"","overlay-color":"","overlay-gradient":""},"mobile":{"background-color":"var(--ast-global-color-5)","background-image":"","background-repeat":"repeat","background-position":"center center","background-size":"auto","background-attachment":"scroll","background-type":"","background-media":"","overlay-type":"","overlay-color":"","overlay-gradient":""}},"footnotes":""},"uagb_featured_image_src":{"full":false,"thumbnail":false,"medium":false,"medium_large":false,"large":false,"1536x1536":false,"2048x2048":false},"uagb_author_info":{"display_name":"nelma.ramos@uepa.br","author_link":"https:\/\/propesp.uepa.br\/ppgenf\/index.php\/author\/nelma-ramosuepa-br\/"},"uagb_comment_info":0,"uagb_excerpt":"A Universidade do Estado do Par\u00e1 \u2013 UEPA torna p\u00fablico que, no per\u00edodo de 25 de Janeiro a 17 de fevereiro de 2025, o Programa de P\u00f3s-Gradua\u00e7\u00e3o em Enfermagem \u2013 Mestrado em Enfermagem receber\u00e1 as inscri\u00e7\u00f5es para o Processo Seletivo para a Turma de 2025, com entrada no primeiro semestre letivo de 2025. As inscri\u00e7\u00f5es&hellip;","_links":{"self":[{"href":"https:\/\/propesp.uepa.br\/ppgenf\/index.php\/wp-json\/wp\/v2\/pages\/5409"}],"collection":[{"href":"https:\/\/propesp.uepa.br\/ppgenf\/index.php\/wp-json\/wp\/v2\/pages"}],"about":[{"href":"https:\/\/propesp.uepa.br\/ppgenf\/index.php\/wp-json\/wp\/v2\/types\/page"}],"author":[{"embeddable":true,"href":"https:\/\/propesp.uepa.br\/ppgenf\/index.php\/wp-json\/wp\/v2\/users\/2"}],"replies":[{"embeddable":true,"href":"https:\/\/propesp.uepa.br\/ppgenf\/index.php\/wp-json\/wp\/v2\/comments?post=5409"}],"version-history":[{"count":10,"href":"https:\/\/propesp.uepa.br\/ppgenf\/index.php\/wp-json\/wp\/v2\/pages\/5409\/revisions"}],"predecessor-version":[{"id":5511,"href":"https:\/\/propesp.uepa.br\/ppgenf\/index.php\/wp-json\/wp\/v2\/pages\/5409\/revisions\/5511"}],"up":[{"embeddable":true,"href":"https:\/\/propesp.uepa.br\/ppgenf\/index.php\/wp-json\/wp\/v2\/pages\/830"}],"wp:attachment":[{"href":"https:\/\/propesp.uepa.br\/ppgenf\/index.php\/wp-json\/wp\/v2\/media?parent=5409"}],"curies":[{"name":"wp","href":"https:\/\/api.w.org\/{rel}","templated":true}]}}