{"id":5413,"date":"2025-01-23T11:57:20","date_gmt":"2025-01-23T14:57:20","guid":{"rendered":"https:\/\/propesp.uepa.br\/ppgenf\/?page_id=5413"},"modified":"2025-04-01T13:29:51","modified_gmt":"2025-04-01T16:29:51","slug":"selecao-2025","status":"publish","type":"page","link":"https:\/\/propesp.uepa.br\/ppgenf\/index.php\/processo-seletivo\/aluno-regular\/selecao-2025\/","title":{"rendered":"Sele\u00e7\u00e3o 2025"},"content":{"rendered":"\n<p><em>A Universidade do Estado do Par\u00e1 \u2013 UEPA torna p\u00fablico que, no <strong>per\u00edodo de 25 de janeiro a 17 de fevereiro de 2025<\/strong>, o Programa de P\u00f3s-Gradua\u00e7\u00e3o em Enfermagem receber\u00e1 as inscri\u00e7\u00f5es para o Processo Seletivo para o Curso de Doutorado em Enfermagem, com entrada no primeiro semestre letivo de 2025. As inscri\u00e7\u00f5es ser\u00e3o realizadas exclusivamente pelo site:<a href=\"https:\/\/sistemas.uepa.br\/sgps\/selecao\/\" target=\"_blank\" rel=\"noreferrer noopener\">&nbsp;https:\/\/sistemas.uepa.br\/sgps\/selecao\/&nbsp;<\/a>&nbsp;de acordo com as normas estabelecidas neste Edital.&nbsp; <\/em><\/p>\n\n\n\n<p class=\"has-text-align-left\"><em> Mais informa\u00e7\u00f5es poder\u00e3o ser obtidas por e-mail:&nbsp;<a href=\"mailto:ppgenf.uepa@gmail.com\">ppgenf.uepa@gmail.com<\/a>&nbsp;\/&nbsp;<a href=\"mailto:ppgenf@uepa.br\">ppgenf@uepa.br<\/a>.                                                                                                                      <\/em><\/p>\n\n\n\n<p><em>O p\u00fablico-alvo deste processo ser\u00e3o candidatos que possuam a Gradua\u00e7\u00e3o em Enfermagem e \u00e1reas afins em Institui\u00e7\u00f5es reconhecidas pelo Minist\u00e9rio da Educa\u00e7\u00e3o, e o curso se desenvolver\u00e1 presencialmente no Polo Bel\u00e9m \u2013 no Campus IV\/UEPA<\/em>.<\/p>\n\n\n<h5><strong><a href=\"https:\/\/propesp.uepa.br\/ppgenf\/wp-content\/uploads\/2025\/01\/edital032025.pdf\">\u21d2 Edital 03\/2025<\/a><\/strong><\/h5>\n<h5><a href=\"https:\/\/propesp.uepa.br\/ppgenf\/wp-content\/uploads\/2025\/02\/Homologacao_Inscricoes.2025-Doutorado.pdf\"><strong>\u21d2 Homologa\u00e7\u00e3o das Inscri\u00e7\u00f5es<\/strong><\/a><\/h5>\n<h5><strong>\u21d2 <a href=\"https:\/\/propesp.uepa.br\/ppgenf\/wp-content\/uploads\/2025\/03\/Resultado-Fase-1-Doutorado.pdf\">Resultado &#8211; 1\u00aa fase<\/a><\/strong><\/h5>\n<h5><a href=\"https:\/\/propesp.uepa.br\/ppgenf\/wp-content\/uploads\/2025\/03\/Agenda_Entrevistas-Fase2-Doutorado.pdf\"><strong>\u21d2 Agenda de Entrevistas<\/strong><\/a><\/h5>\n<h5><strong>\u21d2 <a href=\"https:\/\/propesp.uepa.br\/ppgenf\/wp-content\/uploads\/2025\/03\/Edital03.2025-COMUNICADO.pdf\">Comunicado<\/a><\/strong><\/h5>\n<h5><strong>\u21d2 <a href=\"https:\/\/propesp.uepa.br\/ppgenf\/wp-content\/uploads\/2025\/03\/Agenda_Entrevistas-Fase2-Doutorado-corrigida.pdf\">Agenda de Entrevistas<\/a>, retificada<\/strong><\/h5>\n<h5><strong>\u21d2 <a href=\"https:\/\/propesp.uepa.br\/ppgenf\/wp-content\/uploads\/2025\/03\/Resultado_Preliminar.2025_Doutorado.pdf\">Resultado Preliminar<\/a><\/strong><\/h5>\n<h5><strong>\u21d2 <a href=\"https:\/\/propesp.uepa.br\/ppgenf\/wp-content\/uploads\/2025\/04\/Resultado_Final.2025_Doutorado.pdf\">Resultado Final<\/a><\/strong> (Caro Candidato, fique atento a oberva\u00e7\u00e3o que consta na publica\u00e7\u00e3o do resultado)<\/h5>","protected":false},"excerpt":{"rendered":"<p>A Universidade do Estado do Par\u00e1 \u2013 UEPA torna p\u00fablico que, no per\u00edodo de 25 de janeiro a 17 de fevereiro de 2025, o Programa de P\u00f3s-Gradua\u00e7\u00e3o em Enfermagem receber\u00e1 as inscri\u00e7\u00f5es para o Processo Seletivo para o Curso de Doutorado em Enfermagem, com entrada no primeiro semestre letivo de 2025. As inscri\u00e7\u00f5es ser\u00e3o realizadas &hellip;<\/p>\n<p class=\"read-more\"> <a class=\"\" href=\"https:\/\/propesp.uepa.br\/ppgenf\/index.php\/processo-seletivo\/aluno-regular\/selecao-2025\/\"> <span class=\"screen-reader-text\">Sele\u00e7\u00e3o 2025<\/span> Leia mais &raquo;<\/a><\/p>\n","protected":false},"author":2,"featured_media":0,"parent":4079,"menu_order":0,"comment_status":"closed","ping_status":"closed","template":"","meta":{"_uag_custom_page_level_css":"","site-sidebar-layout":"default","site-content-layout":"","ast-site-content-layout":"default","site-content-style":"default","site-sidebar-style":"default","ast-global-header-display":"","ast-banner-title-visibility":"","ast-main-header-display":"","ast-hfb-above-header-display":"","ast-hfb-below-header-display":"","ast-hfb-mobile-header-display":"","site-post-title":"","ast-breadcrumbs-content":"","ast-featured-img":"","footer-sml-layout":"","theme-transparent-header-meta":"","adv-header-id-meta":"","stick-header-meta":"","header-above-stick-meta":"","header-main-stick-meta":"","header-below-stick-meta":"","astra-migrate-meta-layouts":"set","ast-page-background-enabled":"default","ast-page-background-meta":{"desktop":{"background-color":"","background-image":"","background-repeat":"repeat","background-position":"center center","background-size":"auto","background-attachment":"scroll","background-type":"","background-media":"","overlay-type":"","overlay-color":"","overlay-gradient":""},"tablet":{"background-color":"","background-image":"","background-repeat":"repeat","background-position":"center center","background-size":"auto","background-attachment":"scroll","background-type":"","background-media":"","overlay-type":"","overlay-color":"","overlay-gradient":""},"mobile":{"background-color":"","background-image":"","background-repeat":"repeat","background-position":"center center","background-size":"auto","background-attachment":"scroll","background-type":"","background-media":"","overlay-type":"","overlay-color":"","overlay-gradient":""}},"ast-content-background-meta":{"desktop":{"background-color":"var(--ast-global-color-5)","background-image":"","background-repeat":"repeat","background-position":"center center","background-size":"auto","background-attachment":"scroll","background-type":"","background-media":"","overlay-type":"","overlay-color":"","overlay-gradient":""},"tablet":{"background-color":"var(--ast-global-color-5)","background-image":"","background-repeat":"repeat","background-position":"center center","background-size":"auto","background-attachment":"scroll","background-type":"","background-media":"","overlay-type":"","overlay-color":"","overlay-gradient":""},"mobile":{"background-color":"var(--ast-global-color-5)","background-image":"","background-repeat":"repeat","background-position":"center center","background-size":"auto","background-attachment":"scroll","background-type":"","background-media":"","overlay-type":"","overlay-color":"","overlay-gradient":""}},"footnotes":""},"uagb_featured_image_src":{"full":false,"thumbnail":false,"medium":false,"medium_large":false,"large":false,"1536x1536":false,"2048x2048":false},"uagb_author_info":{"display_name":"nelma.ramos@uepa.br","author_link":"https:\/\/propesp.uepa.br\/ppgenf\/index.php\/author\/nelma-ramosuepa-br\/"},"uagb_comment_info":0,"uagb_excerpt":"A Universidade do Estado do Par\u00e1 \u2013 UEPA torna p\u00fablico que, no per\u00edodo de 25 de janeiro a 17 de fevereiro de 2025, o Programa de P\u00f3s-Gradua\u00e7\u00e3o em Enfermagem receber\u00e1 as inscri\u00e7\u00f5es para o Processo Seletivo para o Curso de Doutorado em Enfermagem, com entrada no primeiro semestre letivo de 2025. As inscri\u00e7\u00f5es ser\u00e3o realizadas&hellip;","_links":{"self":[{"href":"https:\/\/propesp.uepa.br\/ppgenf\/index.php\/wp-json\/wp\/v2\/pages\/5413"}],"collection":[{"href":"https:\/\/propesp.uepa.br\/ppgenf\/index.php\/wp-json\/wp\/v2\/pages"}],"about":[{"href":"https:\/\/propesp.uepa.br\/ppgenf\/index.php\/wp-json\/wp\/v2\/types\/page"}],"author":[{"embeddable":true,"href":"https:\/\/propesp.uepa.br\/ppgenf\/index.php\/wp-json\/wp\/v2\/users\/2"}],"replies":[{"embeddable":true,"href":"https:\/\/propesp.uepa.br\/ppgenf\/index.php\/wp-json\/wp\/v2\/comments?post=5413"}],"version-history":[{"count":7,"href":"https:\/\/propesp.uepa.br\/ppgenf\/index.php\/wp-json\/wp\/v2\/pages\/5413\/revisions"}],"predecessor-version":[{"id":5514,"href":"https:\/\/propesp.uepa.br\/ppgenf\/index.php\/wp-json\/wp\/v2\/pages\/5413\/revisions\/5514"}],"up":[{"embeddable":true,"href":"https:\/\/propesp.uepa.br\/ppgenf\/index.php\/wp-json\/wp\/v2\/pages\/4079"}],"wp:attachment":[{"href":"https:\/\/propesp.uepa.br\/ppgenf\/index.php\/wp-json\/wp\/v2\/media?parent=5413"}],"curies":[{"name":"wp","href":"https:\/\/api.w.org\/{rel}","templated":true}]}}