{"id":556,"date":"2020-02-17T13:29:59","date_gmt":"2020-02-17T16:29:59","guid":{"rendered":"https:\/\/propesp.uepa.br\/ppgenf\/?page_id=556"},"modified":"2023-05-10T11:33:21","modified_gmt":"2023-05-10T14:33:21","slug":"nupep","status":"publish","type":"page","link":"https:\/\/propesp.uepa.br\/ppgenf\/index.php\/instituicao\/nupep\/","title":{"rendered":"NUPEP"},"content":{"rendered":"\n<div class=\"wp-block-uagb-container uagb-block-7af39e32 alignfull uagb-is-root-container\"><div class=\"uagb-container-inner-blocks-wrap\">\n<div class=\"wp-block-uagb-advanced-heading uagb-block-0b1592d2\"><h1 class=\"uagb-heading-text\">NUPEP<\/h1><div class=\"uagb-separator\"><\/div><\/div>\n\n\n\n<div class=\"wp-block-uagb-advanced-heading uagb-block-84b67fdd justify\"><p class=\"uagb-heading-text\">O N\u00facleo de Pesquisa, Extens\u00e3o e P\u00f3s-gradua\u00e7\u00e3o \u2013 NUPEP est\u00e1 vinculado funcionalmente a Coordena\u00e7\u00e3o do Curso de Gradua\u00e7\u00e3o em Enfermagem e tem como \u00f3rg\u00e3o articulador a Coordena\u00e7\u00e3o de Apoio e Desenvolvimento ao Ensino, Pesquisa, Extens\u00e3o e P\u00f3s-Gradua\u00e7\u00e3o (COAD) do CCBS\/UEPA.<\/p><\/div>\n\n\n\n<div class=\"wp-block-uagb-container uagb-block-8bcb023f\">\n<div class=\"wp-block-uagb-advanced-heading uagb-block-1500b7c3\"><h5 class=\"uagb-heading-text\">Os objetivos do NUPEP s\u00e3o:<\/h5><div class=\"uagb-separator\"><\/div><\/div>\n\n\n\n<div class=\"wp-block-uagb-icon-list uagb-block-24b9fc56 justify\"><div class=\"uagb-icon-list__wrap\">\n<div class=\"wp-block-uagb-icon-list-child uagb-block-a40491be\"><span class=\"uagb-icon-list__source-wrap\"><svg xmlns=\"https:\/\/www.w3.org\/2000\/svg\" viewBox=\"0 0 512 512\"><path d=\"M256 0C114.6 0 0 114.6 0 256c0 141.4 114.6 256 256 256s256-114.6 256-256C512 114.6 397.4 0 256 0zM406.6 278.6l-103.1 103.1c-12.5 12.5-32.75 12.5-45.25 0s-12.5-32.75 0-45.25L306.8 288H128C110.3 288 96 273.7 96 256s14.31-32 32-32h178.8l-49.38-49.38c-12.5-12.5-12.5-32.75 0-45.25s32.75-12.5 45.25 0l103.1 103.1C414.6 241.3 416 251.1 416 256C416 260.9 414.6 270.7 406.6 278.6z\"><\/path><\/svg><\/span><span class=\"uagb-icon-list__label\">Coordenar a produ\u00e7\u00e3o de conhecimento cient\u00edfico e tecnol\u00f3gico em conson\u00e2ncia com o desenvolvimento socioecon\u00f4mico pol\u00edtico-cultural da sociedade e do Estado.<\/span><\/div>\n\n\n\n<div class=\"wp-block-uagb-icon-list-child uagb-block-791823eb\"><span class=\"uagb-icon-list__source-wrap\"><svg xmlns=\"https:\/\/www.w3.org\/2000\/svg\" viewBox=\"0 0 512 512\"><path d=\"M256 0C114.6 0 0 114.6 0 256c0 141.4 114.6 256 256 256s256-114.6 256-256C512 114.6 397.4 0 256 0zM406.6 278.6l-103.1 103.1c-12.5 12.5-32.75 12.5-45.25 0s-12.5-32.75 0-45.25L306.8 288H128C110.3 288 96 273.7 96 256s14.31-32 32-32h178.8l-49.38-49.38c-12.5-12.5-12.5-32.75 0-45.25s32.75-12.5 45.25 0l103.1 103.1C414.6 241.3 416 251.1 416 256C416 260.9 414.6 270.7 406.6 278.6z\"><\/path><\/svg><\/span><span class=\"uagb-icon-list__label\">Estimular a organiza\u00e7\u00e3o e implanta\u00e7\u00e3o de Programas de Pesquisa Extens\u00e3o e P\u00f3s-gradua\u00e7\u00e3o que favore\u00e7am a comunidade acad\u00eamica quanto ao pensamento cr\u00edtico-reflexivo sobre a profiss\u00e3o (pr\u00e1tica\/profissional); forma\u00e7\u00e3o (pr\u00e1tica docente\/discente); organiza\u00e7\u00e3o curricular (conte\u00fados\/m\u00e9todos\/avalia\u00e7\u00e3o).<\/span><\/div>\n\n\n\n<div class=\"wp-block-uagb-icon-list-child uagb-block-4844d0cf\"><span class=\"uagb-icon-list__source-wrap\"><svg xmlns=\"https:\/\/www.w3.org\/2000\/svg\" viewBox=\"0 0 512 512\"><path d=\"M256 0C114.6 0 0 114.6 0 256c0 141.4 114.6 256 256 256s256-114.6 256-256C512 114.6 397.4 0 256 0zM406.6 278.6l-103.1 103.1c-12.5 12.5-32.75 12.5-45.25 0s-12.5-32.75 0-45.25L306.8 288H128C110.3 288 96 273.7 96 256s14.31-32 32-32h178.8l-49.38-49.38c-12.5-12.5-12.5-32.75 0-45.25s32.75-12.5 45.25 0l103.1 103.1C414.6 241.3 416 251.1 416 256C416 260.9 414.6 270.7 406.6 278.6z\"><\/path><\/svg><\/span><span class=\"uagb-icon-list__label\">Realizar\/elaborar, \u00e0 partir da necessidade da comunidade acad\u00eamica, cursos e eventos cient\u00edficos que visem a complementa\u00e7\u00e3o da sua forma\u00e7\u00e3o.<\/span><\/div>\n\n\n\n<div class=\"wp-block-uagb-icon-list-child uagb-block-ff9c6143\"><span class=\"uagb-icon-list__source-wrap\"><svg xmlns=\"https:\/\/www.w3.org\/2000\/svg\" viewBox=\"0 0 512 512\"><path d=\"M256 0C114.6 0 0 114.6 0 256c0 141.4 114.6 256 256 256s256-114.6 256-256C512 114.6 397.4 0 256 0zM406.6 278.6l-103.1 103.1c-12.5 12.5-32.75 12.5-45.25 0s-12.5-32.75 0-45.25L306.8 288H128C110.3 288 96 273.7 96 256s14.31-32 32-32h178.8l-49.38-49.38c-12.5-12.5-12.5-32.75 0-45.25s32.75-12.5 45.25 0l103.1 103.1C414.6 241.3 416 251.1 416 256C416 260.9 414.6 270.7 406.6 278.6z\"><\/path><\/svg><\/span><span class=\"uagb-icon-list__label\">Identificar, criar e valorizar linhas de Pesquisa, Extens\u00e3o e P\u00f3s-gradua\u00e7\u00e3o para a Enfermagem, com enfoque interdisciplinar, privilegiando a essencialidade do cuidado ao ser humano no \u00e2mbito individual e coletivo.<\/span><\/div>\n\n\n\n<div class=\"wp-block-uagb-icon-list-child uagb-block-a482377f\"><span class=\"uagb-icon-list__source-wrap\"><svg xmlns=\"https:\/\/www.w3.org\/2000\/svg\" viewBox=\"0 0 512 512\"><path d=\"M256 0C114.6 0 0 114.6 0 256c0 141.4 114.6 256 256 256s256-114.6 256-256C512 114.6 397.4 0 256 0zM406.6 278.6l-103.1 103.1c-12.5 12.5-32.75 12.5-45.25 0s-12.5-32.75 0-45.25L306.8 288H128C110.3 288 96 273.7 96 256s14.31-32 32-32h178.8l-49.38-49.38c-12.5-12.5-12.5-32.75 0-45.25s32.75-12.5 45.25 0l103.1 103.1C414.6 241.3 416 251.1 416 256C416 260.9 414.6 270.7 406.6 278.6z\"><\/path><\/svg><\/span><span class=\"uagb-icon-list__label\">Estabelecer parcerias com Secretarias de Sa\u00fade Estadual, Municipal e sociedade civil organizada, consolidando pr\u00e1tica de interven\u00e7\u00e3o social que privilegie a produ\u00e7\u00e3o do saber transformador e a forma\u00e7\u00e3o de profissionais \u2013 cidad\u00e3os comprometidos com a melhoria da qualidade de vida e sa\u00fade da popula\u00e7\u00e3o.<\/span><\/div>\n\n\n\n<div class=\"wp-block-uagb-icon-list-child uagb-block-1e47b1de\"><span class=\"uagb-icon-list__source-wrap\"><svg xmlns=\"https:\/\/www.w3.org\/2000\/svg\" viewBox=\"0 0 512 512\"><path d=\"M256 0C114.6 0 0 114.6 0 256c0 141.4 114.6 256 256 256s256-114.6 256-256C512 114.6 397.4 0 256 0zM406.6 278.6l-103.1 103.1c-12.5 12.5-32.75 12.5-45.25 0s-12.5-32.75 0-45.25L306.8 288H128C110.3 288 96 273.7 96 256s14.31-32 32-32h178.8l-49.38-49.38c-12.5-12.5-12.5-32.75 0-45.25s32.75-12.5 45.25 0l103.1 103.1C414.6 241.3 416 251.1 416 256C416 260.9 414.6 270.7 406.6 278.6z\"><\/path><\/svg><\/span><span class=\"uagb-icon-list__label\">Assessorar a elabora\u00e7\u00e3o de Projetos e Programas de Pesquisa, Extens\u00e3o e P\u00f3s-gradua\u00e7\u00e3o estimulando e apoiando as suas realiza\u00e7\u00f5es.<\/span><\/div>\n\n\n\n<div class=\"wp-block-uagb-icon-list-child uagb-block-7ef882e1\"><span class=\"uagb-icon-list__source-wrap\"><svg xmlns=\"https:\/\/www.w3.org\/2000\/svg\" viewBox=\"0 0 512 512\"><path d=\"M256 0C114.6 0 0 114.6 0 256c0 141.4 114.6 256 256 256s256-114.6 256-256C512 114.6 397.4 0 256 0zM406.6 278.6l-103.1 103.1c-12.5 12.5-32.75 12.5-45.25 0s-12.5-32.75 0-45.25L306.8 288H128C110.3 288 96 273.7 96 256s14.31-32 32-32h178.8l-49.38-49.38c-12.5-12.5-12.5-32.75 0-45.25s32.75-12.5 45.25 0l103.1 103.1C414.6 241.3 416 251.1 416 256C416 260.9 414.6 270.7 406.6 278.6z\"><\/path><\/svg><\/span><span class=\"uagb-icon-list__label\">Promover continuamente espa\u00e7os para socializa\u00e7\u00e3o de resultados de Pesquisa de docente e discente.<\/span><\/div>\n\n\n\n<div class=\"wp-block-uagb-icon-list-child uagb-block-14162515\"><span class=\"uagb-icon-list__source-wrap\"><svg xmlns=\"https:\/\/www.w3.org\/2000\/svg\" viewBox=\"0 0 512 512\"><path d=\"M256 0C114.6 0 0 114.6 0 256c0 141.4 114.6 256 256 256s256-114.6 256-256C512 114.6 397.4 0 256 0zM406.6 278.6l-103.1 103.1c-12.5 12.5-32.75 12.5-45.25 0s-12.5-32.75 0-45.25L306.8 288H128C110.3 288 96 273.7 96 256s14.31-32 32-32h178.8l-49.38-49.38c-12.5-12.5-12.5-32.75 0-45.25s32.75-12.5 45.25 0l103.1 103.1C414.6 241.3 416 251.1 416 256C416 260.9 414.6 270.7 406.6 278.6z\"><\/path><\/svg><\/span><span class=\"uagb-icon-list__label\">Interagir com os segmentos do curso participando de reuni\u00f5es, discuss\u00f5es acad\u00eamicas e t\u00e9cnico-cient\u00edficas colaborando para sua melhoria.<\/span><\/div>\n\n\n\n<div class=\"wp-block-uagb-icon-list-child uagb-block-1876d914\"><span class=\"uagb-icon-list__source-wrap\"><svg xmlns=\"https:\/\/www.w3.org\/2000\/svg\" viewBox=\"0 0 512 512\"><path d=\"M256 0C114.6 0 0 114.6 0 256c0 141.4 114.6 256 256 256s256-114.6 256-256C512 114.6 397.4 0 256 0zM406.6 278.6l-103.1 103.1c-12.5 12.5-32.75 12.5-45.25 0s-12.5-32.75 0-45.25L306.8 288H128C110.3 288 96 273.7 96 256s14.31-32 32-32h178.8l-49.38-49.38c-12.5-12.5-12.5-32.75 0-45.25s32.75-12.5 45.25 0l103.1 103.1C414.6 241.3 416 251.1 416 256C416 260.9 414.6 270.7 406.6 278.6z\"><\/path><\/svg><\/span><span class=\"uagb-icon-list__label\">Fornecer orienta\u00e7\u00f5es t\u00e9cnico-cient\u00edficas a toda comunidade acad\u00eamica quando a elabora\u00e7\u00e3o de trabalhos cient\u00edficos e formas de socializa\u00e7\u00e3o e publica\u00e7\u00f5es.<\/span><\/div>\n<\/div><\/div>\n<\/div>\n\n\n\n<div class=\"wp-block-uagb-advanced-heading uagb-block-00ef6f5f justify\"><p class=\"uagb-heading-text\">A coordena\u00e7\u00e3o do NUPEP \u00e9 composta por um docente efetivo, sendo este p\u00f3s-graduado ao n\u00edvel de mestrado ou doutorado e um coordenador docente efetivo respons\u00e1vel pelos Trabalhos de Conclus\u00e3o de Curso, ambos indicados pelo Coordenador do Curso,\u00a0 e s\u00e3o assessorados\u00a0 por 2 (dois) agentes administrativos que exercem a fun\u00e7\u00e3o de secretariar o trabalhos do N\u00facleo incluindo o atendimento ao p\u00fablico.<\/p><\/div>\n\n\n\n<div class=\"wp-block-uagb-advanced-heading uagb-block-dec7a066\"><h5 class=\"uagb-heading-text\">Informa\u00e7\u00f5es:<\/h5><div class=\"uagb-separator\"><\/div><\/div>\n\n\n\n<div class=\"wp-block-uagb-advanced-heading uagb-block-44bfd0ae\"><p class=\"uagb-heading-text\">Coordena\u00e7\u00e3o do NUPEP:\u00a0Prof. Dr. Jos\u00e9 Augusto Carvalho de Ara\u00fajo<br>Coordena\u00e7\u00e3o de TCC: Prof \u00aa. Ma. Maridalva Ramos Leite<br>Telefones(91) 3211.1605<br>E-mail:\u00a0<a href=\"mailto:nupep.eemb@gmail.com\">nupep.eemb@gmail.com<\/a><\/p><\/div>\n<\/div><\/div>\n","protected":false},"excerpt":{"rendered":"<p>NUPEP O N\u00facleo de Pesquisa, Extens\u00e3o e P\u00f3s-gradua\u00e7\u00e3o \u2013 NUPEP est\u00e1 vinculado funcionalmente a Coordena\u00e7\u00e3o do Curso de Gradua\u00e7\u00e3o em Enfermagem e tem como \u00f3rg\u00e3o articulador a Coordena\u00e7\u00e3o de Apoio e Desenvolvimento ao Ensino, Pesquisa, Extens\u00e3o e P\u00f3s-Gradua\u00e7\u00e3o (COAD) do CCBS\/UEPA. Os objetivos do NUPEP s\u00e3o: A coordena\u00e7\u00e3o do NUPEP \u00e9 composta por um docente &hellip;<\/p>\n<p class=\"read-more\"> <a class=\"\" href=\"https:\/\/propesp.uepa.br\/ppgenf\/index.php\/instituicao\/nupep\/\"> <span class=\"screen-reader-text\">NUPEP<\/span> Leia mais &raquo;<\/a><\/p>\n","protected":false},"author":2,"featured_media":0,"parent":494,"menu_order":0,"comment_status":"closed","ping_status":"closed","template":"","meta":{"_uag_custom_page_level_css":"","site-sidebar-layout":"no-sidebar","site-content-layout":"plain-container","ast-site-content-layout":"","site-content-style":"default","site-sidebar-style":"default","ast-global-header-display":"","ast-banner-title-visibility":"","ast-main-header-display":"","ast-hfb-above-header-display":"","ast-hfb-below-header-display":"","ast-hfb-mobile-header-display":"","site-post-title":"disabled","ast-breadcrumbs-content":null,"ast-featured-img":"","footer-sml-layout":"","theme-transparent-header-meta":"default","adv-header-id-meta":null,"stick-header-meta":null,"header-above-stick-meta":null,"header-main-stick-meta":null,"header-below-stick-meta":null,"astra-migrate-meta-layouts":"","ast-page-background-enabled":"default","ast-page-background-meta":{"desktop":{"background-color":"","background-image":"","background-repeat":"repeat","background-position":"center center","background-size":"auto","background-attachment":"scroll","background-type":"","background-media":"","overlay-type":"","overlay-color":"","overlay-gradient":""},"tablet":{"background-color":"","background-image":"","background-repeat":"repeat","background-position":"center center","background-size":"auto","background-attachment":"scroll","background-type":"","background-media":"","overlay-type":"","overlay-color":"","overlay-gradient":""},"mobile":{"background-color":"","background-image":"","background-repeat":"repeat","background-position":"center center","background-size":"auto","background-attachment":"scroll","background-type":"","background-media":"","overlay-type":"","overlay-color":"","overlay-gradient":""}},"ast-content-background-meta":{"desktop":{"background-color":"var(--ast-global-color-5)","background-image":"","background-repeat":"repeat","background-position":"center center","background-size":"auto","background-attachment":"scroll","background-type":"","background-media":"","overlay-type":"","overlay-color":"","overlay-gradient":""},"tablet":{"background-color":"var(--ast-global-color-5)","background-image":"","background-repeat":"repeat","background-position":"center center","background-size":"auto","background-attachment":"scroll","background-type":"","background-media":"","overlay-type":"","overlay-color":"","overlay-gradient":""},"mobile":{"background-color":"var(--ast-global-color-5)","background-image":"","background-repeat":"repeat","background-position":"center center","background-size":"auto","background-attachment":"scroll","background-type":"","background-media":"","overlay-type":"","overlay-color":"","overlay-gradient":""}},"footnotes":""},"uagb_featured_image_src":{"full":false,"thumbnail":false,"medium":false,"medium_large":false,"large":false,"1536x1536":false,"2048x2048":false},"uagb_author_info":{"display_name":"nelma.ramos@uepa.br","author_link":"https:\/\/propesp.uepa.br\/ppgenf\/index.php\/author\/nelma-ramosuepa-br\/"},"uagb_comment_info":0,"uagb_excerpt":"NUPEP O N\u00facleo de Pesquisa, Extens\u00e3o e P\u00f3s-gradua\u00e7\u00e3o \u2013 NUPEP est\u00e1 vinculado funcionalmente a Coordena\u00e7\u00e3o do Curso de Gradua\u00e7\u00e3o em Enfermagem e tem como \u00f3rg\u00e3o articulador a Coordena\u00e7\u00e3o de Apoio e Desenvolvimento ao Ensino, Pesquisa, Extens\u00e3o e P\u00f3s-Gradua\u00e7\u00e3o (COAD) do CCBS\/UEPA. Os objetivos do NUPEP s\u00e3o: A coordena\u00e7\u00e3o do NUPEP \u00e9 composta por um docente&hellip;","_links":{"self":[{"href":"https:\/\/propesp.uepa.br\/ppgenf\/index.php\/wp-json\/wp\/v2\/pages\/556"}],"collection":[{"href":"https:\/\/propesp.uepa.br\/ppgenf\/index.php\/wp-json\/wp\/v2\/pages"}],"about":[{"href":"https:\/\/propesp.uepa.br\/ppgenf\/index.php\/wp-json\/wp\/v2\/types\/page"}],"author":[{"embeddable":true,"href":"https:\/\/propesp.uepa.br\/ppgenf\/index.php\/wp-json\/wp\/v2\/users\/2"}],"replies":[{"embeddable":true,"href":"https:\/\/propesp.uepa.br\/ppgenf\/index.php\/wp-json\/wp\/v2\/comments?post=556"}],"version-history":[{"count":5,"href":"https:\/\/propesp.uepa.br\/ppgenf\/index.php\/wp-json\/wp\/v2\/pages\/556\/revisions"}],"predecessor-version":[{"id":3173,"href":"https:\/\/propesp.uepa.br\/ppgenf\/index.php\/wp-json\/wp\/v2\/pages\/556\/revisions\/3173"}],"up":[{"embeddable":true,"href":"https:\/\/propesp.uepa.br\/ppgenf\/index.php\/wp-json\/wp\/v2\/pages\/494"}],"wp:attachment":[{"href":"https:\/\/propesp.uepa.br\/ppgenf\/index.php\/wp-json\/wp\/v2\/media?parent=556"}],"curies":[{"name":"wp","href":"https:\/\/api.w.org\/{rel}","templated":true}]}}