{"id":5911,"date":"2026-01-14T12:39:43","date_gmt":"2026-01-14T15:39:43","guid":{"rendered":"https:\/\/propesp.uepa.br\/ppgenf\/?page_id=5911"},"modified":"2026-01-23T08:55:28","modified_gmt":"2026-01-23T11:55:28","slug":"eventos-cursos","status":"publish","type":"page","link":"https:\/\/propesp.uepa.br\/ppgenf\/index.php\/menu-3\/eventos-cursos\/","title":{"rendered":"EVENTOS \/ CURSOS"},"content":{"rendered":"\n<section class=\"wp-block-uagb-container uagb-block-74ab6e49 default uagb-is-root-container\">\n<div class=\"wp-block-uagb-container uagb-block-92c426fe\">\n<p class=\"has-text-align-center has-medium-font-size\"><strong><a href=\"https:\/\/propesp.uepa.br\/ppgenf\/wp-content\/uploads\/2026\/01\/II-Seminario-de-Autoavaliacao-e-Planejamento-Estrategico-2025.png\">II Semin\u00e1rio de Autoavalia\u00e7\u00e3o e Planejamento Estrat\u00e9gico &#8211; UEPA\/UFAM<\/a><\/strong><\/p>\n<\/div>\n\n\n\n<div class=\"wp-block-uagb-container uagb-block-9978f304\">\n<p class=\"has-text-align-center has-medium-font-size\"><strong><a href=\"https:\/\/propesp.uepa.br\/ppgenf\/index.php\/implantacao-doutorado\/\">Implanta\u00e7\u00e3o do Curso de Doutorado em Enfermagem da Regi\u00e3o Norte<\/a><\/strong><\/p>\n<\/div>\n\n\n\n<div class=\"wp-block-uagb-container uagb-block-4319d066\">\n<p class=\"has-text-align-center has-medium-font-size\"><strong><a href=\"https:\/\/propesp.uepa.br\/ppgenf\/wp-content\/uploads\/2026\/01\/Imagens-Cursos-e-Eventos-PPGENF.png\">Cursos e Eventos Diversos<\/a><\/strong><\/p>\n<\/div>\n\n\n\n<div class=\"wp-block-uagb-container uagb-block-8db80002\">\n<p class=\"has-text-align-center has-medium-font-size\"><strong><a href=\"https:\/\/propesp.uepa.br\/ppgenf\/index.php\/implantacao-mestrado\/\">Aula Inaugural do Mestrado em Enfermagem<\/a><\/strong><\/p>\n<\/div>\n<\/section>\n","protected":false},"excerpt":{"rendered":"<p>II Semin\u00e1rio de Autoavalia\u00e7\u00e3o e Planejamento Estrat\u00e9gico &#8211; UEPA\/UFAM Implanta\u00e7\u00e3o do Curso de Doutorado em Enfermagem da Regi\u00e3o Norte Cursos e Eventos Diversos Aula Inaugural do Mestrado em Enfermagem<\/p>\n","protected":false},"author":2,"featured_media":0,"parent":48,"menu_order":0,"comment_status":"closed","ping_status":"closed","template":"","meta":{"_uag_custom_page_level_css":"","site-sidebar-layout":"default","site-content-layout":"","ast-site-content-layout":"default","site-content-style":"default","site-sidebar-style":"default","ast-global-header-display":"","ast-banner-title-visibility":"","ast-main-header-display":"","ast-hfb-above-header-display":"","ast-hfb-below-header-display":"","ast-hfb-mobile-header-display":"","site-post-title":"","ast-breadcrumbs-content":"","ast-featured-img":"","footer-sml-layout":"","theme-transparent-header-meta":"","adv-header-id-meta":"","stick-header-meta":"","header-above-stick-meta":"","header-main-stick-meta":"","header-below-stick-meta":"","astra-migrate-meta-layouts":"set","ast-page-background-enabled":"default","ast-page-background-meta":{"desktop":{"background-color":"","background-image":"","background-repeat":"repeat","background-position":"center center","background-size":"auto","background-attachment":"scroll","background-type":"","background-media":"","overlay-type":"","overlay-color":"","overlay-gradient":""},"tablet":{"background-color":"","background-image":"","background-repeat":"repeat","background-position":"center center","background-size":"auto","background-attachment":"scroll","background-type":"","background-media":"","overlay-type":"","overlay-color":"","overlay-gradient":""},"mobile":{"background-color":"","background-image":"","background-repeat":"repeat","background-position":"center center","background-size":"auto","background-attachment":"scroll","background-type":"","background-media":"","overlay-type":"","overlay-color":"","overlay-gradient":""}},"ast-content-background-meta":{"desktop":{"background-color":"var(--ast-global-color-5)","background-image":"","background-repeat":"repeat","background-position":"center center","background-size":"auto","background-attachment":"scroll","background-type":"","background-media":"","overlay-type":"","overlay-color":"","overlay-gradient":""},"tablet":{"background-color":"var(--ast-global-color-5)","background-image":"","background-repeat":"repeat","background-position":"center center","background-size":"auto","background-attachment":"scroll","background-type":"","background-media":"","overlay-type":"","overlay-color":"","overlay-gradient":""},"mobile":{"background-color":"var(--ast-global-color-5)","background-image":"","background-repeat":"repeat","background-position":"center center","background-size":"auto","background-attachment":"scroll","background-type":"","background-media":"","overlay-type":"","overlay-color":"","overlay-gradient":""}},"footnotes":""},"uagb_featured_image_src":{"full":false,"thumbnail":false,"medium":false,"medium_large":false,"large":false,"1536x1536":false,"2048x2048":false},"uagb_author_info":{"display_name":"nelma.ramos@uepa.br","author_link":"https:\/\/propesp.uepa.br\/ppgenf\/index.php\/author\/nelma-ramosuepa-br\/"},"uagb_comment_info":0,"uagb_excerpt":"II Semin\u00e1rio de Autoavalia\u00e7\u00e3o e Planejamento Estrat\u00e9gico &#8211; UEPA\/UFAM Implanta\u00e7\u00e3o do Curso de Doutorado em Enfermagem da Regi\u00e3o Norte Cursos e Eventos Diversos Aula Inaugural do Mestrado em Enfermagem","_links":{"self":[{"href":"https:\/\/propesp.uepa.br\/ppgenf\/index.php\/wp-json\/wp\/v2\/pages\/5911"}],"collection":[{"href":"https:\/\/propesp.uepa.br\/ppgenf\/index.php\/wp-json\/wp\/v2\/pages"}],"about":[{"href":"https:\/\/propesp.uepa.br\/ppgenf\/index.php\/wp-json\/wp\/v2\/types\/page"}],"author":[{"embeddable":true,"href":"https:\/\/propesp.uepa.br\/ppgenf\/index.php\/wp-json\/wp\/v2\/users\/2"}],"replies":[{"embeddable":true,"href":"https:\/\/propesp.uepa.br\/ppgenf\/index.php\/wp-json\/wp\/v2\/comments?post=5911"}],"version-history":[{"count":14,"href":"https:\/\/propesp.uepa.br\/ppgenf\/index.php\/wp-json\/wp\/v2\/pages\/5911\/revisions"}],"predecessor-version":[{"id":6219,"href":"https:\/\/propesp.uepa.br\/ppgenf\/index.php\/wp-json\/wp\/v2\/pages\/5911\/revisions\/6219"}],"up":[{"embeddable":true,"href":"https:\/\/propesp.uepa.br\/ppgenf\/index.php\/wp-json\/wp\/v2\/pages\/48"}],"wp:attachment":[{"href":"https:\/\/propesp.uepa.br\/ppgenf\/index.php\/wp-json\/wp\/v2\/media?parent=5911"}],"curies":[{"name":"wp","href":"https:\/\/api.w.org\/{rel}","templated":true}]}}